{"id":29119,"date":"2026-02-05T00:19:07","date_gmt":"2026-02-05T00:19:07","guid":{"rendered":"https:\/\/vitablanca.ma\/?post_type=product&#038;p=29119"},"modified":"2026-02-21T16:16:56","modified_gmt":"2026-02-21T16:16:56","slug":"natrol-dhea-50-mg-60-tablettes","status":"publish","type":"product","link":"https:\/\/vitablanca.ma\/en\/product\/natrol-dhea-50-mg-60-tablettes\/","title":{"rendered":"Natrol DHEA 50\u00a0mg 60\u00a0tablettes"},"content":{"rendered":"<p>Mood and stress<br \/>\nFavorise des niveaux hormonaux \u00e9quilibr\u00e9s qui d\u00e9clinent avec l&rsquo;\u00e2ge<br \/>\nFavorise l&rsquo;humeur saine<br \/>\nVegetarian<br \/>\nFood supplement<\/p>\n<p>Suggested Use<br \/>\nPrendre 1 comprim\u00e9 une fois par jour, avec un repas.<br \/>\nOther ingredients<br \/>\nCellulose microcristalline, dioxyde de silicium, acide st\u00e9arique, gomme de cellulose, st\u00e9arate de magn\u00e9sium, maltodextrine, gomme arabique.<br \/>\nNon: lait, \u0153uf, poisson, crustac\u00e9s, fruits de mer, cacahu\u00e8tes, bl\u00e9, soja, levure, colorants ou ar\u00f4mes artificiels, sucres ajout\u00e9s ou pr\u00e9servatifs<br \/>\nWarnings<br \/>\nImportant\u00a0! Lire toutes les informations et mises en garde avant utilisation.<br \/>\nNe convient pas aux personnes de moins de 18 ans. Ne pas utiliser si vous \u00eates enceinte ou si vous allaitez. Consultez un m\u00e9decin ou un professionnel de sant\u00e9 qualifi\u00e9 avant d&rsquo;utiliser ce produit si vous souffrez ou avez des ant\u00e9c\u00e9dents familiaux de cancer du sein, de cancer de la prostate, d&rsquo;hypertrophie de la prostate, de maladies cardiaques, de faible quantit\u00e9 de bon cholest\u00e9rol (HDL) ou si vous utilisez un autre compl\u00e9ment alimentaire, m\u00e9dicament sur ordonnance ou sans ordonnance. Ne pas d\u00e9passer le dosage recommand\u00e9. D\u00e9passer la dose recommand\u00e9e peut avoir des effets nocifs graves. Les effets secondaires possibles comprennent l&rsquo;acn\u00e9, la pousse de poils sur le visage (chez les femmes), l&rsquo;agressivit\u00e9, l&rsquo;irritabilit\u00e9 et des niveaux accrus d\u2019\u0153strog\u00e8nes. Cesser l&rsquo;utilisation et contacter imm\u00e9diatement un m\u00e9decin ou un professionnel de sant\u00e9 qualifi\u00e9 si vous ressentez une acc\u00e9l\u00e9ration du rythme cardiaque, des vertiges, une vision floue ou des sympt\u00f4mes similaires.<br \/>\n\u00c0 conserver dans un endroit frais et sec.<br \/>\nKeep out of reach of children.<\/p>","protected":false},"excerpt":{"rendered":"<p>Humeur et stress Favorise des niveaux hormonaux \u00e9quilibr\u00e9s qui d\u00e9clinent avec l&rsquo;\u00e2ge Favorise l&rsquo;humeur saine V\u00e9g\u00e9tarien Compl\u00e9ment alimentaire Usage sugg\u00e9r\u00e9 Prendre 1 comprim\u00e9 une fois par jour, avec un repas. Autres ingr\u00e9dients Cellulose microcristalline, dioxyde de silicium, acide st\u00e9arique, gomme de cellulose, st\u00e9arate de magn\u00e9sium, maltodextrine, gomme arabique. Non: lait, \u0153uf, poisson, crustac\u00e9s, fruits de [&hellip;]<\/p>\n","protected":false},"featured_media":29207,"template":"","meta":{"om_disable_all_campaigns":false},"product_brand":[2357],"product_cat":[18,3366,8038],"product_tag":[],"class_list":{"0":"post-29119","1":"product","2":"type-product","3":"status-publish","4":"has-post-thumbnail","6":"product_brand-natrol-prix-maroc","7":"product_cat-beaute-sante","8":"product_cat-complements-alimentaires-au-maroc-vitablanca","9":"product_cat-sante-masculine","11":"first","12":"instock","13":"sale","14":"taxable","15":"shipping-taxable","16":"purchasable","17":"product-type-simple"},"yoast_head":"<!-- This site is optimized with the Yoast SEO plugin v27.4 - https:\/\/yoast.com\/product\/yoast-seo-wordpress\/ -->\n<title>Natrol DHEA 50\u00a0mg 60\u00a0tablettes - Maroc Prix<\/title>\n<meta name=\"description\" content=\"Natrol DHEA 50\u00a0mg 60\u00a0tablettes\" \/>\n<meta name=\"robots\" content=\"index, follow, max-snippet:-1, max-image-preview:large, max-video-preview:-1\" \/>\n<link rel=\"canonical\" href=\"https:\/\/vitablanca.ma\/en\/product\/natrol-dhea-50-mg-60-tablettes\/\" \/>\n<meta property=\"og:locale\" content=\"en_US\" \/>\n<meta property=\"og:type\" content=\"article\" \/>\n<meta property=\"og:title\" content=\"Natrol DHEA 50\u00a0mg 60\u00a0tablettes - Maroc Prix\" \/>\n<meta property=\"og:description\" content=\"Natrol DHEA 50\u00a0mg 60\u00a0tablettes\" \/>\n<meta property=\"og:url\" content=\"https:\/\/vitablanca.ma\/en\/product\/natrol-dhea-50-mg-60-tablettes\/\" \/>\n<meta property=\"og:site_name\" content=\"Vitablanca.ma &ndash; Sant&eacute;, vitalit&eacute; et bien-&ecirc;tre pour tous les Marocains\" \/>\n<meta property=\"article:publisher\" content=\"https:\/\/www.facebook.com\/profile.php?id=61576678196717\" \/>\n<meta property=\"article:modified_time\" content=\"2026-02-21T16:16:56+00:00\" \/>\n<meta property=\"og:image\" content=\"https:\/\/vitablanca.ma\/wp-content\/uploads\/2026\/02\/43-10.jpg\" \/>\n\t<meta property=\"og:image:width\" content=\"1600\" \/>\n\t<meta property=\"og:image:height\" content=\"1600\" \/>\n\t<meta property=\"og:image:type\" content=\"image\/jpeg\" \/>\n<meta name=\"twitter:card\" content=\"summary_large_image\" \/>\n<meta name=\"twitter:label1\" content=\"Est. reading time\" \/>\n\t<meta name=\"twitter:data1\" content=\"1 minute\" \/>\n<script type=\"application\/ld+json\" class=\"yoast-schema-graph\">{\"@context\":\"https:\\\/\\\/schema.org\",\"@graph\":[{\"@type\":[\"WebPage\",\"ItemPage\"],\"@id\":\"https:\\\/\\\/vitablanca.ma\\\/produit\\\/natrol-dhea-50-mg-60-tablettes\\\/\",\"url\":\"https:\\\/\\\/vitablanca.ma\\\/produit\\\/natrol-dhea-50-mg-60-tablettes\\\/\",\"name\":\"Natrol DHEA 50\u00a0mg 60\u00a0tablettes - Maroc Prix\",\"isPartOf\":{\"@id\":\"https:\\\/\\\/vitablanca.ma\\\/#website\"},\"primaryImageOfPage\":{\"@id\":\"https:\\\/\\\/vitablanca.ma\\\/produit\\\/natrol-dhea-50-mg-60-tablettes\\\/#primaryimage\"},\"image\":{\"@id\":\"https:\\\/\\\/vitablanca.ma\\\/produit\\\/natrol-dhea-50-mg-60-tablettes\\\/#primaryimage\"},\"thumbnailUrl\":\"https:\\\/\\\/vitablanca.ma\\\/wp-content\\\/uploads\\\/2026\\\/02\\\/43-10.jpg\",\"datePublished\":\"2026-02-05T00:19:07+00:00\",\"dateModified\":\"2026-02-21T16:16:56+00:00\",\"description\":\"Natrol DHEA 50\u00a0mg 60\u00a0tablettes\",\"breadcrumb\":{\"@id\":\"https:\\\/\\\/vitablanca.ma\\\/produit\\\/natrol-dhea-50-mg-60-tablettes\\\/#breadcrumb\"},\"inLanguage\":\"en-US\",\"potentialAction\":[{\"@type\":\"ReadAction\",\"target\":[\"https:\\\/\\\/vitablanca.ma\\\/produit\\\/natrol-dhea-50-mg-60-tablettes\\\/\"]}]},{\"@type\":\"ImageObject\",\"inLanguage\":\"en-US\",\"@id\":\"https:\\\/\\\/vitablanca.ma\\\/produit\\\/natrol-dhea-50-mg-60-tablettes\\\/#primaryimage\",\"url\":\"https:\\\/\\\/vitablanca.ma\\\/wp-content\\\/uploads\\\/2026\\\/02\\\/43-10.jpg\",\"contentUrl\":\"https:\\\/\\\/vitablanca.ma\\\/wp-content\\\/uploads\\\/2026\\\/02\\\/43-10.jpg\",\"width\":1600,\"height\":1600},{\"@type\":\"BreadcrumbList\",\"@id\":\"https:\\\/\\\/vitablanca.ma\\\/produit\\\/natrol-dhea-50-mg-60-tablettes\\\/#breadcrumb\",\"itemListElement\":[{\"@type\":\"ListItem\",\"position\":1,\"name\":\"Home\",\"item\":\"https:\\\/\\\/vitablanca.ma\\\/\"},{\"@type\":\"ListItem\",\"position\":2,\"name\":\"Tous Les Produits\",\"item\":\"https:\\\/\\\/vitablanca.ma\\\/tous-les-produits\\\/\"},{\"@type\":\"ListItem\",\"position\":3,\"name\":\"Natrol DHEA 50\u00a0mg 60\u00a0tablettes\"}]},{\"@type\":\"WebSite\",\"@id\":\"https:\\\/\\\/vitablanca.ma\\\/#website\",\"url\":\"https:\\\/\\\/vitablanca.ma\\\/\",\"name\":\"VitaBlanca.ma | Compl\u00e9ments alimentaires, sant\u00e9 & beaut\u00e9 au Maroc\",\"description\":\"vendre vitamines et compl\u00e9ments premium des USA &amp; Canada, Nouvelle Z\u00e9lande,Maroc (NOW Foods, Solgar, Manuka). Livraison rapide partout au Maroc.\",\"publisher\":{\"@id\":\"https:\\\/\\\/vitablanca.ma\\\/#organization\"},\"alternateName\":\"VitaBlanca.ma\",\"potentialAction\":[{\"@type\":\"SearchAction\",\"target\":{\"@type\":\"EntryPoint\",\"urlTemplate\":\"https:\\\/\\\/vitablanca.ma\\\/?s={search_term_string}\"},\"query-input\":{\"@type\":\"PropertyValueSpecification\",\"valueRequired\":true,\"valueName\":\"search_term_string\"}}],\"inLanguage\":\"en-US\"},{\"@type\":\"Organization\",\"@id\":\"https:\\\/\\\/vitablanca.ma\\\/#organization\",\"name\":\"VitaBlanca\",\"url\":\"https:\\\/\\\/vitablanca.ma\\\/\",\"logo\":{\"@type\":\"ImageObject\",\"inLanguage\":\"en-US\",\"@id\":\"https:\\\/\\\/vitablanca.ma\\\/#\\\/schema\\\/logo\\\/image\\\/\",\"url\":\"https:\\\/\\\/vitablanca.ma\\\/wp-content\\\/uploads\\\/2025\\\/05\\\/cropped-vitablanca.png\",\"contentUrl\":\"https:\\\/\\\/vitablanca.ma\\\/wp-content\\\/uploads\\\/2025\\\/05\\\/cropped-vitablanca.png\",\"width\":360,\"height\":67,\"caption\":\"VitaBlanca\"},\"image\":{\"@id\":\"https:\\\/\\\/vitablanca.ma\\\/#\\\/schema\\\/logo\\\/image\\\/\"},\"sameAs\":[\"https:\\\/\\\/www.facebook.com\\\/profile.php?id=61576678196717\",\"https:\\\/\\\/www.tiktok.com\\\/@vitablanca.ma\",\"https:\\\/\\\/www.instagram.com\\\/vitablanca.ma\\\/\"]}]}<\/script>\n<!-- \/ Yoast SEO plugin. -->","yoast_head_json":{"title":"Natrol DHEA 50\u00a0mg 60\u00a0tablettes - Maroc Prix","description":"Natrol DHEA 50\u00a0mg 60\u00a0tablettes","robots":{"index":"index","follow":"follow","max-snippet":"max-snippet:-1","max-image-preview":"max-image-preview:large","max-video-preview":"max-video-preview:-1"},"canonical":"https:\/\/vitablanca.ma\/en\/product\/natrol-dhea-50-mg-60-tablettes\/","og_locale":"en_US","og_type":"article","og_title":"Natrol DHEA 50\u00a0mg 60\u00a0tablettes - Maroc Prix","og_description":"Natrol DHEA 50\u00a0mg 60\u00a0tablettes","og_url":"https:\/\/vitablanca.ma\/en\/product\/natrol-dhea-50-mg-60-tablettes\/","og_site_name":"Vitablanca.ma &ndash; Sant&eacute;, vitalit&eacute; et bien-&ecirc;tre pour tous les Marocains","article_publisher":"https:\/\/www.facebook.com\/profile.php?id=61576678196717","article_modified_time":"2026-02-21T16:16:56+00:00","og_image":[{"width":1600,"height":1600,"url":"https:\/\/vitablanca.ma\/wp-content\/uploads\/2026\/02\/43-10.jpg","type":"image\/jpeg"}],"twitter_card":"summary_large_image","twitter_misc":{"Est. reading time":"1 minute"},"schema":{"@context":"https:\/\/schema.org","@graph":[{"@type":["WebPage","ItemPage"],"@id":"https:\/\/vitablanca.ma\/produit\/natrol-dhea-50-mg-60-tablettes\/","url":"https:\/\/vitablanca.ma\/produit\/natrol-dhea-50-mg-60-tablettes\/","name":"Natrol DHEA 50\u00a0mg 60\u00a0tablettes - Maroc Prix","isPartOf":{"@id":"https:\/\/vitablanca.ma\/#website"},"primaryImageOfPage":{"@id":"https:\/\/vitablanca.ma\/produit\/natrol-dhea-50-mg-60-tablettes\/#primaryimage"},"image":{"@id":"https:\/\/vitablanca.ma\/produit\/natrol-dhea-50-mg-60-tablettes\/#primaryimage"},"thumbnailUrl":"https:\/\/vitablanca.ma\/wp-content\/uploads\/2026\/02\/43-10.jpg","datePublished":"2026-02-05T00:19:07+00:00","dateModified":"2026-02-21T16:16:56+00:00","description":"Natrol DHEA 50\u00a0mg 60\u00a0tablettes","breadcrumb":{"@id":"https:\/\/vitablanca.ma\/produit\/natrol-dhea-50-mg-60-tablettes\/#breadcrumb"},"inLanguage":"en-US","potentialAction":[{"@type":"ReadAction","target":["https:\/\/vitablanca.ma\/produit\/natrol-dhea-50-mg-60-tablettes\/"]}]},{"@type":"ImageObject","inLanguage":"en-US","@id":"https:\/\/vitablanca.ma\/produit\/natrol-dhea-50-mg-60-tablettes\/#primaryimage","url":"https:\/\/vitablanca.ma\/wp-content\/uploads\/2026\/02\/43-10.jpg","contentUrl":"https:\/\/vitablanca.ma\/wp-content\/uploads\/2026\/02\/43-10.jpg","width":1600,"height":1600},{"@type":"BreadcrumbList","@id":"https:\/\/vitablanca.ma\/produit\/natrol-dhea-50-mg-60-tablettes\/#breadcrumb","itemListElement":[{"@type":"ListItem","position":1,"name":"Home","item":"https:\/\/vitablanca.ma\/"},{"@type":"ListItem","position":2,"name":"Tous Les Produits","item":"https:\/\/vitablanca.ma\/tous-les-produits\/"},{"@type":"ListItem","position":3,"name":"Natrol DHEA 50\u00a0mg 60\u00a0tablettes"}]},{"@type":"WebSite","@id":"https:\/\/vitablanca.ma\/#website","url":"https:\/\/vitablanca.ma\/","name":"VitaBlanca.ma | Food supplements, health &amp; beauty in Morocco","description":"sell premium vitamins and supplements from USA &amp; Canada, New Zealand, Morocco (NOW Foods, Solgar, Manuka). Fast delivery anywhere in Morocco.","publisher":{"@id":"https:\/\/vitablanca.ma\/#organization"},"alternateName":"VitaBlanca.ma","potentialAction":[{"@type":"SearchAction","target":{"@type":"EntryPoint","urlTemplate":"https:\/\/vitablanca.ma\/?s={search_term_string}"},"query-input":{"@type":"PropertyValueSpecification","valueRequired":true,"valueName":"search_term_string"}}],"inLanguage":"en-US"},{"@type":"Organization","@id":"https:\/\/vitablanca.ma\/#organization","name":"VitaBlanca","url":"https:\/\/vitablanca.ma\/","logo":{"@type":"ImageObject","inLanguage":"en-US","@id":"https:\/\/vitablanca.ma\/#\/schema\/logo\/image\/","url":"https:\/\/vitablanca.ma\/wp-content\/uploads\/2025\/05\/cropped-vitablanca.png","contentUrl":"https:\/\/vitablanca.ma\/wp-content\/uploads\/2025\/05\/cropped-vitablanca.png","width":360,"height":67,"caption":"VitaBlanca"},"image":{"@id":"https:\/\/vitablanca.ma\/#\/schema\/logo\/image\/"},"sameAs":["https:\/\/www.facebook.com\/profile.php?id=61576678196717","https:\/\/www.tiktok.com\/@vitablanca.ma","https:\/\/www.instagram.com\/vitablanca.ma\/"]}]}},"jetpack_sharing_enabled":true,"_links":{"self":[{"href":"https:\/\/vitablanca.ma\/en\/wp-json\/wp\/v2\/product\/29119","targetHints":{"allow":["GET"]}}],"collection":[{"href":"https:\/\/vitablanca.ma\/en\/wp-json\/wp\/v2\/product"}],"about":[{"href":"https:\/\/vitablanca.ma\/en\/wp-json\/wp\/v2\/types\/product"}],"wp:featuredmedia":[{"embeddable":true,"href":"https:\/\/vitablanca.ma\/en\/wp-json\/wp\/v2\/media\/29207"}],"wp:attachment":[{"href":"https:\/\/vitablanca.ma\/en\/wp-json\/wp\/v2\/media?parent=29119"}],"wp:term":[{"taxonomy":"product_brand","embeddable":true,"href":"https:\/\/vitablanca.ma\/en\/wp-json\/wp\/v2\/product_brand?post=29119"},{"taxonomy":"product_cat","embeddable":true,"href":"https:\/\/vitablanca.ma\/en\/wp-json\/wp\/v2\/product_cat?post=29119"},{"taxonomy":"product_tag","embeddable":true,"href":"https:\/\/vitablanca.ma\/en\/wp-json\/wp\/v2\/product_tag?post=29119"}],"curies":[{"name":"wp","href":"https:\/\/api.w.org\/{rel}","templated":true}]}}