{"id":29117,"date":"2026-02-05T00:19:07","date_gmt":"2026-02-05T00:19:07","guid":{"rendered":"https:\/\/vitablanca.ma\/?post_type=product&#038;p=29117"},"modified":"2026-02-21T16:16:56","modified_gmt":"2026-02-21T16:16:56","slug":"probiotiques-lactobif-5-5-milliards-60-capsules-vegetales","status":"publish","type":"product","link":"https:\/\/vitablanca.ma\/en\/product\/probiotiques-lactobif-5-5-milliards-60-capsules-vegetales\/","title":{"rendered":"California Gold Nutrition Probiotiques LactoBif\u00a05, 5\u00a0milliards 60\u00a0capsules v\u00e9g\u00e9tales"},"content":{"rendered":"<p>Probiotiques LactoBif\u00ae\u00a05 de California\u00a0Gold\u00a0Nutrition<br \/>\nContiennent 8\u00a0souches probiotiques actives, dont 5\u00a0lactobacilles et 3\u00a0bifidobact\u00e9ries<br \/>\nAvec 5\u00a0milliards d&rsquo;UFC par capsule v\u00e9g\u00e9tale<br \/>\nRenforcent la sant\u00e9 digestive et intestinale*<br \/>\nSoutiennent le syst\u00e8me immunitaire*<br \/>\nSuitable for vegetarians<br \/>\nFormul\u00e9s sans produits laitiers, gluten, OGM ni soja<br \/>\nProduits dans un \u00e9tablissement respectant les bonnes pratiques de fabrication actuelles (certifi\u00e9) et audit\u00e9 par une organisation tierce<br \/>\nGarantie 100\u00a0% Gold<\/p>\n<p>&nbsp;<br \/>\nVotre corps regorge de bact\u00e9ries utiles qui soutiennent des fonctions importantes, mais votre microbiome naturel peut \u00eatre d\u00e9s\u00e9quilibr\u00e9, entra\u00eenant souvent des probl\u00e8mes digestifs d\u00e9sagr\u00e9ables. Les probiotiques LactoBif\u00ae\u00a05 de California\u00a0Gold\u00a0Nutrition peuvent aider \u00e0 maintenir votre \u00e9quilibre intestinal en introduisant plus de bact\u00e9ries saines dans votre syst\u00e8me, ce qui peut contribuer \u00e0 la sant\u00e9 digestive et immunitaire et potentiellement soulager des sympt\u00f4mes digestifs courants.*<br \/>\nBienfaits de la prise de probiotiques<br \/>\nCe m\u00e9lange brevet\u00e9 de bact\u00e9ries regorge de plusieurs souches probiotiques b\u00e9n\u00e9fiques. Notre formule comprend du Lactobacillus acidophilus, l&rsquo;un des probiotiques les plus connus. Cette souche poss\u00e8de des propri\u00e9t\u00e9s antimicrobiennes et antivirales, ce qui peut aider \u00e0 renforcer le syst\u00e8me immunitaire et \u00e0 pr\u00e9venir les maladies.* De plus, nous avons inclus une autre souche bien connue, Bifidobacterium longum, qui peut aider \u00e0 promouvoir la sant\u00e9 intestinale gr\u00e2ce \u00e0 la production d&rsquo;acide lactique et ac\u00e9tique.* Notre m\u00e9lange unique est con\u00e7u pour aider \u00e0 promouvoir la sant\u00e9 digestive et peut aider \u00e0 apaiser les probl\u00e8mes digestifs courants, comme les maux d&rsquo;estomac, les gaz, la constipation, la diarrh\u00e9e et les ballonnements.<br \/>\nLes probiotiques Lactobif\u00ae\u00a05 de California\u00a0Gold\u00a0Nutrition contiennent 8\u00a0souches probiotiques actives, dont 5\u00a0lactobacilles et 3\u00a0bifidobact\u00e9ries. Chaque capsule v\u00e9g\u00e9tale contient 5\u00a0milliards d&rsquo;UFC pour fournir \u00e0 l&rsquo;organisme une quantit\u00e9 efficace de bonnes bact\u00e9ries.<br \/>\n&nbsp;<br \/>\nSuggested Use<br \/>\nPrenez 1\u00a0capsule par jour, avec ou sans nourriture. Respectez les consignes d&rsquo;utilisation donn\u00e9es par un professionnel de la sant\u00e9 qualifi\u00e9.<br \/>\nOther ingredients<br \/>\nCapsule v\u00e9g\u00e9tale (cellulose modifi\u00e9e), cellulose microcristalline, st\u00e9arate de magn\u00e9sium (sans OGM, d&rsquo;origine v\u00e9g\u00e9tale), et silice.<br \/>\nCe produit est fabriqu\u00e9 sans lait, \u0153ufs, poisson, crustac\u00e9s, fruits \u00e0 coque, arachides, bl\u00e9, soja ou gluten. Produits dans un \u00e9tablissement respectant les &amp;BPF actuelles (certifi\u00e9), audit\u00e9 par une organisation tierce et susceptible de transformer d&rsquo;autres produits qui contiennent ces allerg\u00e8nes ou ingr\u00e9dients.<br \/>\nWarnings<br \/>\nTenir hors de port\u00e9e des enfants. Demander l&rsquo;avis d&rsquo;un m\u00e9decin, d&rsquo;un pharmacien, d&rsquo;un naturopathe ou d&rsquo;un autre professionnel de la sant\u00e9 qualifi\u00e9 avant de prendre des compl\u00e9ments alimentaires.<br \/>\nEn emballage individuel sous double blister scell\u00e9 pour la qualit\u00e9 du produit et pour votre protection. Ne pas utiliser si l&#8217;emballage blister est perfor\u00e9 ou manquant. \u00c0 conserver \u00e0 temp\u00e9rature ambiante contr\u00f4l\u00e9e entre 20\u00a0\u00b0C et 25\u00a0\u00b0C. De mauvaises conditions de stockage, comme une exposition prolong\u00e9e \u00e0 la lumi\u00e8re directe du soleil, \u00e0 une forte chaleur et \u00e0 l&rsquo;humidit\u00e9, peuvent entra\u00eener la d\u00e9gradation du produit sur le long terme.<br \/>\nEfficacit\u00e9 garantie jusqu&rsquo;\u00e0 la date de p\u00e9remption lorsque le produit est conserv\u00e9 dans un endroit frais et sec \u00e0 temp\u00e9rature \u00e9gale ou inf\u00e9rieure \u00e0 25\u00a0\u00b0C. La r\u00e9frig\u00e9ration n&rsquo;est pas n\u00e9cessaire, mais est fortement recommand\u00e9e.\u00b2<br \/>\n\u00b2Conversation longue dur\u00e9e \u00e0 temp\u00e9rature ambiante\u00a0: \u00e0 conserver \u00e0 temp\u00e9rature ambiante contr\u00f4l\u00e9e entre 20\u00a0\u00b0C et 25\u00a0\u00b0C. Une exposition prolong\u00e9e \u00e0 une temp\u00e9rature de conservation sup\u00e9rieure aux recommandations risque d&rsquo;entra\u00eener la d\u00e9gradation du produit et une r\u00e9duction du nombre de bact\u00e9ries probiotiques vivantes et actives. Efficacit\u00e9 garantie jusqu&rsquo;\u00e0 la date de p\u00e9remption lorsque le produit est conserv\u00e9 dans un endroit frais et sec \u00e0 temp\u00e9rature \u00e9gale ou inf\u00e9rieure \u00e0 25\u00a0\u00b0C.<\/p>","protected":false},"excerpt":{"rendered":"<p>Probiotiques LactoBif\u00ae\u00a05 de California\u00a0Gold\u00a0Nutrition Contiennent 8\u00a0souches probiotiques actives, dont 5\u00a0lactobacilles et 3\u00a0bifidobact\u00e9ries Avec 5\u00a0milliards d&rsquo;UFC par capsule v\u00e9g\u00e9tale Renforcent la sant\u00e9 digestive et intestinale* Soutiennent le syst\u00e8me immunitaire* Convient aux v\u00e9g\u00e9tariens Formul\u00e9s sans produits laitiers, gluten, OGM ni soja Produits dans un \u00e9tablissement respectant les bonnes pratiques de fabrication actuelles (certifi\u00e9) et audit\u00e9 par une [&hellip;]<\/p>\n","protected":false},"featured_media":29198,"template":"","meta":{"om_disable_all_campaigns":false},"product_brand":[2176],"product_cat":[18,3366,7973],"product_tag":[],"class_list":{"0":"post-29117","1":"product","2":"type-product","3":"status-publish","4":"has-post-thumbnail","6":"product_brand-california-gold-nutrition","7":"product_cat-beaute-sante","8":"product_cat-complements-alimentaires-au-maroc-vitablanca","9":"product_cat-soutien-digestif","11":"first","12":"instock","13":"sale","14":"taxable","15":"shipping-taxable","16":"purchasable","17":"product-type-simple"},"yoast_head":"<!-- This site is optimized with the Yoast SEO plugin v27.3 - https:\/\/yoast.com\/product\/yoast-seo-wordpress\/ -->\n<title>California Gold Nutrition Probiotiques LactoBif\u00a05, 5\u00a0milliards 60\u00a0capsules v\u00e9g\u00e9tales - Maroc Prix<\/title>\n<meta name=\"description\" content=\"California Gold Nutrition Probiotiques LactoBif\u00a05, 5\u00a0milliards 60\u00a0capsules v\u00e9g\u00e9tales\" \/>\n<meta name=\"robots\" content=\"index, follow, max-snippet:-1, max-image-preview:large, max-video-preview:-1\" \/>\n<link rel=\"canonical\" href=\"https:\/\/vitablanca.ma\/en\/product\/probiotiques-lactobif-5-5-milliards-60-capsules-vegetales\/\" \/>\n<meta property=\"og:locale\" content=\"en_US\" \/>\n<meta property=\"og:type\" content=\"article\" \/>\n<meta property=\"og:title\" content=\"California Gold Nutrition Probiotiques LactoBif\u00a05, 5\u00a0milliards 60\u00a0capsules v\u00e9g\u00e9tales - Maroc Prix\" \/>\n<meta property=\"og:description\" content=\"California Gold Nutrition Probiotiques LactoBif\u00a05, 5\u00a0milliards 60\u00a0capsules v\u00e9g\u00e9tales\" \/>\n<meta property=\"og:url\" content=\"https:\/\/vitablanca.ma\/en\/product\/probiotiques-lactobif-5-5-milliards-60-capsules-vegetales\/\" \/>\n<meta property=\"og:site_name\" content=\"Vitablanca.ma &ndash; Sant&eacute;, vitalit&eacute; et bien-&ecirc;tre pour tous les Marocains\" \/>\n<meta property=\"article:publisher\" content=\"https:\/\/www.facebook.com\/profile.php?id=61576678196717\" \/>\n<meta property=\"article:modified_time\" content=\"2026-02-21T16:16:56+00:00\" \/>\n<meta property=\"og:image\" content=\"https:\/\/vitablanca.ma\/wp-content\/uploads\/2026\/02\/91-1.jpg\" \/>\n\t<meta property=\"og:image:width\" content=\"1600\" \/>\n\t<meta property=\"og:image:height\" content=\"1600\" \/>\n\t<meta property=\"og:image:type\" content=\"image\/jpeg\" \/>\n<meta name=\"twitter:card\" content=\"summary_large_image\" \/>\n<meta name=\"twitter:label1\" content=\"Est. reading time\" \/>\n\t<meta name=\"twitter:data1\" content=\"3 minutes\" \/>\n<script type=\"application\/ld+json\" class=\"yoast-schema-graph\">{\"@context\":\"https:\\\/\\\/schema.org\",\"@graph\":[{\"@type\":[\"WebPage\",\"ItemPage\"],\"@id\":\"https:\\\/\\\/vitablanca.ma\\\/produit\\\/probiotiques-lactobif-5-5-milliards-60-capsules-vegetales\\\/\",\"url\":\"https:\\\/\\\/vitablanca.ma\\\/produit\\\/probiotiques-lactobif-5-5-milliards-60-capsules-vegetales\\\/\",\"name\":\"California Gold Nutrition Probiotiques LactoBif\u00a05, 5\u00a0milliards 60\u00a0capsules v\u00e9g\u00e9tales - Maroc Prix\",\"isPartOf\":{\"@id\":\"https:\\\/\\\/vitablanca.ma\\\/#website\"},\"primaryImageOfPage\":{\"@id\":\"https:\\\/\\\/vitablanca.ma\\\/produit\\\/probiotiques-lactobif-5-5-milliards-60-capsules-vegetales\\\/#primaryimage\"},\"image\":{\"@id\":\"https:\\\/\\\/vitablanca.ma\\\/produit\\\/probiotiques-lactobif-5-5-milliards-60-capsules-vegetales\\\/#primaryimage\"},\"thumbnailUrl\":\"https:\\\/\\\/vitablanca.ma\\\/wp-content\\\/uploads\\\/2026\\\/02\\\/91-1.jpg\",\"datePublished\":\"2026-02-05T00:19:07+00:00\",\"dateModified\":\"2026-02-21T16:16:56+00:00\",\"description\":\"California Gold Nutrition Probiotiques LactoBif\u00a05, 5\u00a0milliards 60\u00a0capsules v\u00e9g\u00e9tales\",\"breadcrumb\":{\"@id\":\"https:\\\/\\\/vitablanca.ma\\\/produit\\\/probiotiques-lactobif-5-5-milliards-60-capsules-vegetales\\\/#breadcrumb\"},\"inLanguage\":\"en-US\",\"potentialAction\":[{\"@type\":\"ReadAction\",\"target\":[\"https:\\\/\\\/vitablanca.ma\\\/produit\\\/probiotiques-lactobif-5-5-milliards-60-capsules-vegetales\\\/\"]}]},{\"@type\":\"ImageObject\",\"inLanguage\":\"en-US\",\"@id\":\"https:\\\/\\\/vitablanca.ma\\\/produit\\\/probiotiques-lactobif-5-5-milliards-60-capsules-vegetales\\\/#primaryimage\",\"url\":\"https:\\\/\\\/vitablanca.ma\\\/wp-content\\\/uploads\\\/2026\\\/02\\\/91-1.jpg\",\"contentUrl\":\"https:\\\/\\\/vitablanca.ma\\\/wp-content\\\/uploads\\\/2026\\\/02\\\/91-1.jpg\",\"width\":1600,\"height\":1600},{\"@type\":\"BreadcrumbList\",\"@id\":\"https:\\\/\\\/vitablanca.ma\\\/produit\\\/probiotiques-lactobif-5-5-milliards-60-capsules-vegetales\\\/#breadcrumb\",\"itemListElement\":[{\"@type\":\"ListItem\",\"position\":1,\"name\":\"Home\",\"item\":\"https:\\\/\\\/vitablanca.ma\\\/\"},{\"@type\":\"ListItem\",\"position\":2,\"name\":\"Tous Les Produits\",\"item\":\"https:\\\/\\\/vitablanca.ma\\\/tous-les-produits\\\/\"},{\"@type\":\"ListItem\",\"position\":3,\"name\":\"California Gold Nutrition Probiotiques LactoBif\u00a05, 5\u00a0milliards 60\u00a0capsules v\u00e9g\u00e9tales\"}]},{\"@type\":\"WebSite\",\"@id\":\"https:\\\/\\\/vitablanca.ma\\\/#website\",\"url\":\"https:\\\/\\\/vitablanca.ma\\\/\",\"name\":\"VitaBlanca.ma | Compl\u00e9ments alimentaires, sant\u00e9 & beaut\u00e9 au Maroc\",\"description\":\"vendre vitamines et compl\u00e9ments premium des USA &amp; Canada, Nouvelle Z\u00e9lande,Maroc (NOW Foods, Solgar, Manuka). Livraison rapide partout au Maroc.\",\"publisher\":{\"@id\":\"https:\\\/\\\/vitablanca.ma\\\/#organization\"},\"alternateName\":\"VitaBlanca.ma\",\"potentialAction\":[{\"@type\":\"SearchAction\",\"target\":{\"@type\":\"EntryPoint\",\"urlTemplate\":\"https:\\\/\\\/vitablanca.ma\\\/?s={search_term_string}\"},\"query-input\":{\"@type\":\"PropertyValueSpecification\",\"valueRequired\":true,\"valueName\":\"search_term_string\"}}],\"inLanguage\":\"en-US\"},{\"@type\":\"Organization\",\"@id\":\"https:\\\/\\\/vitablanca.ma\\\/#organization\",\"name\":\"VitaBlanca\",\"url\":\"https:\\\/\\\/vitablanca.ma\\\/\",\"logo\":{\"@type\":\"ImageObject\",\"inLanguage\":\"en-US\",\"@id\":\"https:\\\/\\\/vitablanca.ma\\\/#\\\/schema\\\/logo\\\/image\\\/\",\"url\":\"https:\\\/\\\/vitablanca.ma\\\/wp-content\\\/uploads\\\/2025\\\/05\\\/cropped-vitablanca.png\",\"contentUrl\":\"https:\\\/\\\/vitablanca.ma\\\/wp-content\\\/uploads\\\/2025\\\/05\\\/cropped-vitablanca.png\",\"width\":360,\"height\":67,\"caption\":\"VitaBlanca\"},\"image\":{\"@id\":\"https:\\\/\\\/vitablanca.ma\\\/#\\\/schema\\\/logo\\\/image\\\/\"},\"sameAs\":[\"https:\\\/\\\/www.facebook.com\\\/profile.php?id=61576678196717\",\"https:\\\/\\\/www.tiktok.com\\\/@vitablanca.ma\",\"https:\\\/\\\/www.instagram.com\\\/vitablanca.ma\\\/\"]}]}<\/script>\n<!-- \/ Yoast SEO plugin. -->","yoast_head_json":{"title":"California Gold Nutrition Probiotiques LactoBif\u00a05, 5\u00a0milliards 60\u00a0capsules v\u00e9g\u00e9tales - Maroc Prix","description":"California Gold Nutrition Probiotiques LactoBif\u00a05, 5\u00a0milliards 60\u00a0capsules v\u00e9g\u00e9tales","robots":{"index":"index","follow":"follow","max-snippet":"max-snippet:-1","max-image-preview":"max-image-preview:large","max-video-preview":"max-video-preview:-1"},"canonical":"https:\/\/vitablanca.ma\/en\/product\/probiotiques-lactobif-5-5-milliards-60-capsules-vegetales\/","og_locale":"en_US","og_type":"article","og_title":"California Gold Nutrition Probiotiques LactoBif\u00a05, 5\u00a0milliards 60\u00a0capsules v\u00e9g\u00e9tales - Maroc Prix","og_description":"California Gold Nutrition Probiotiques LactoBif\u00a05, 5\u00a0milliards 60\u00a0capsules v\u00e9g\u00e9tales","og_url":"https:\/\/vitablanca.ma\/en\/product\/probiotiques-lactobif-5-5-milliards-60-capsules-vegetales\/","og_site_name":"Vitablanca.ma &ndash; Sant&eacute;, vitalit&eacute; et bien-&ecirc;tre pour tous les Marocains","article_publisher":"https:\/\/www.facebook.com\/profile.php?id=61576678196717","article_modified_time":"2026-02-21T16:16:56+00:00","og_image":[{"width":1600,"height":1600,"url":"https:\/\/vitablanca.ma\/wp-content\/uploads\/2026\/02\/91-1.jpg","type":"image\/jpeg"}],"twitter_card":"summary_large_image","twitter_misc":{"Est. reading time":"3 minutes"},"schema":{"@context":"https:\/\/schema.org","@graph":[{"@type":["WebPage","ItemPage"],"@id":"https:\/\/vitablanca.ma\/produit\/probiotiques-lactobif-5-5-milliards-60-capsules-vegetales\/","url":"https:\/\/vitablanca.ma\/produit\/probiotiques-lactobif-5-5-milliards-60-capsules-vegetales\/","name":"California Gold Nutrition Probiotiques LactoBif\u00a05, 5\u00a0milliards 60\u00a0capsules v\u00e9g\u00e9tales - Maroc Prix","isPartOf":{"@id":"https:\/\/vitablanca.ma\/#website"},"primaryImageOfPage":{"@id":"https:\/\/vitablanca.ma\/produit\/probiotiques-lactobif-5-5-milliards-60-capsules-vegetales\/#primaryimage"},"image":{"@id":"https:\/\/vitablanca.ma\/produit\/probiotiques-lactobif-5-5-milliards-60-capsules-vegetales\/#primaryimage"},"thumbnailUrl":"https:\/\/vitablanca.ma\/wp-content\/uploads\/2026\/02\/91-1.jpg","datePublished":"2026-02-05T00:19:07+00:00","dateModified":"2026-02-21T16:16:56+00:00","description":"California Gold Nutrition Probiotiques LactoBif\u00a05, 5\u00a0milliards 60\u00a0capsules v\u00e9g\u00e9tales","breadcrumb":{"@id":"https:\/\/vitablanca.ma\/produit\/probiotiques-lactobif-5-5-milliards-60-capsules-vegetales\/#breadcrumb"},"inLanguage":"en-US","potentialAction":[{"@type":"ReadAction","target":["https:\/\/vitablanca.ma\/produit\/probiotiques-lactobif-5-5-milliards-60-capsules-vegetales\/"]}]},{"@type":"ImageObject","inLanguage":"en-US","@id":"https:\/\/vitablanca.ma\/produit\/probiotiques-lactobif-5-5-milliards-60-capsules-vegetales\/#primaryimage","url":"https:\/\/vitablanca.ma\/wp-content\/uploads\/2026\/02\/91-1.jpg","contentUrl":"https:\/\/vitablanca.ma\/wp-content\/uploads\/2026\/02\/91-1.jpg","width":1600,"height":1600},{"@type":"BreadcrumbList","@id":"https:\/\/vitablanca.ma\/produit\/probiotiques-lactobif-5-5-milliards-60-capsules-vegetales\/#breadcrumb","itemListElement":[{"@type":"ListItem","position":1,"name":"Home","item":"https:\/\/vitablanca.ma\/"},{"@type":"ListItem","position":2,"name":"Tous Les Produits","item":"https:\/\/vitablanca.ma\/tous-les-produits\/"},{"@type":"ListItem","position":3,"name":"California Gold Nutrition Probiotiques LactoBif\u00a05, 5\u00a0milliards 60\u00a0capsules v\u00e9g\u00e9tales"}]},{"@type":"WebSite","@id":"https:\/\/vitablanca.ma\/#website","url":"https:\/\/vitablanca.ma\/","name":"VitaBlanca.ma | Food supplements, health &amp; beauty in Morocco","description":"sell premium vitamins and supplements from USA &amp; Canada, New Zealand, Morocco (NOW Foods, Solgar, Manuka). Fast delivery anywhere in Morocco.","publisher":{"@id":"https:\/\/vitablanca.ma\/#organization"},"alternateName":"VitaBlanca.ma","potentialAction":[{"@type":"SearchAction","target":{"@type":"EntryPoint","urlTemplate":"https:\/\/vitablanca.ma\/?s={search_term_string}"},"query-input":{"@type":"PropertyValueSpecification","valueRequired":true,"valueName":"search_term_string"}}],"inLanguage":"en-US"},{"@type":"Organization","@id":"https:\/\/vitablanca.ma\/#organization","name":"VitaBlanca","url":"https:\/\/vitablanca.ma\/","logo":{"@type":"ImageObject","inLanguage":"en-US","@id":"https:\/\/vitablanca.ma\/#\/schema\/logo\/image\/","url":"https:\/\/vitablanca.ma\/wp-content\/uploads\/2025\/05\/cropped-vitablanca.png","contentUrl":"https:\/\/vitablanca.ma\/wp-content\/uploads\/2025\/05\/cropped-vitablanca.png","width":360,"height":67,"caption":"VitaBlanca"},"image":{"@id":"https:\/\/vitablanca.ma\/#\/schema\/logo\/image\/"},"sameAs":["https:\/\/www.facebook.com\/profile.php?id=61576678196717","https:\/\/www.tiktok.com\/@vitablanca.ma","https:\/\/www.instagram.com\/vitablanca.ma\/"]}]}},"jetpack_sharing_enabled":true,"_links":{"self":[{"href":"https:\/\/vitablanca.ma\/en\/wp-json\/wp\/v2\/product\/29117","targetHints":{"allow":["GET"]}}],"collection":[{"href":"https:\/\/vitablanca.ma\/en\/wp-json\/wp\/v2\/product"}],"about":[{"href":"https:\/\/vitablanca.ma\/en\/wp-json\/wp\/v2\/types\/product"}],"wp:featuredmedia":[{"embeddable":true,"href":"https:\/\/vitablanca.ma\/en\/wp-json\/wp\/v2\/media\/29198"}],"wp:attachment":[{"href":"https:\/\/vitablanca.ma\/en\/wp-json\/wp\/v2\/media?parent=29117"}],"wp:term":[{"taxonomy":"product_brand","embeddable":true,"href":"https:\/\/vitablanca.ma\/en\/wp-json\/wp\/v2\/product_brand?post=29117"},{"taxonomy":"product_cat","embeddable":true,"href":"https:\/\/vitablanca.ma\/en\/wp-json\/wp\/v2\/product_cat?post=29117"},{"taxonomy":"product_tag","embeddable":true,"href":"https:\/\/vitablanca.ma\/en\/wp-json\/wp\/v2\/product_tag?post=29117"}],"curies":[{"name":"wp","href":"https:\/\/api.w.org\/{rel}","templated":true}]}}