{"id":29116,"date":"2026-02-05T00:19:07","date_gmt":"2026-02-05T00:19:07","guid":{"rendered":"https:\/\/vitablanca.ma\/?post_type=product&#038;p=29116"},"modified":"2026-02-21T16:16:56","modified_gmt":"2026-02-21T16:16:56","slug":"california-gold-nutrition-euroherbs-st-johns-wort-euromed-quality-300-mg-60-veggie-capsules","status":"publish","type":"product","link":"https:\/\/vitablanca.ma\/en\/product\/california-gold-nutrition-euroherbs-st-johns-wort-euromed-quality-300-mg-60-veggie-capsules\/","title":{"rendered":"California Gold Nutrition EuroHerbs St. John&rsquo;s Wort Euromed Quality 300 mg 60 Veggie Capsules"},"content":{"rendered":"<p>Millepertuis de California\u00a0Gold\u00a0Nutrition\u00ae EuroHerbs\u2122<br \/>\n\u00c0 base de millepertuis s\u00e9ch\u00e9 et de qualit\u00e9 Euromed Phyto\u00a0Proof<br \/>\nFabriqu\u00e9 \u00e0 partir des sommit\u00e9s de fleurs de millepertuis<br \/>\nStandardis\u00e9 \u00e0 0,3\u00a0% d&rsquo;hyp\u00e9ricine<br \/>\nSoutient l&rsquo;\u00e9quilibre \u00e9motionnel*<br \/>\nFormul\u00e9 sans gluten, ni OGM, ni soja<br \/>\nProduit dans un \u00e9tablissement respectant les bonnes pratiques de fabrication actuelles (certifi\u00e9) et audit\u00e9 par une organisation tierce<br \/>\nGarantie 100\u00a0% Gold<\/p>\n<p>&nbsp;<br \/>\nLe millepertuis est une plante couramment utilis\u00e9e en m\u00e9decine traditionnelle en raison de ses propri\u00e9t\u00e9s b\u00e9n\u00e9fiques naturelles. Le millepertuis de California\u00a0Gold\u00a0Nutrition\u00a0EuroHerbs contient un extrait de haute qualit\u00e9 de fleurs de millepertuis et peut aider \u00e0 soutenir certains aspects de la sant\u00e9 \u00e9motionnelle.*<br \/>\nBienfaits du millepertuis<br \/>\nLe millepertuis a \u00e9t\u00e9 reconnu par de nombreuses \u00e9tudes comme un moyen de soutenir l&rsquo;\u00e9quilibre \u00e9motionnel, car on pense qu&rsquo;il aide \u00e0 traiter la d\u00e9pression l\u00e9g\u00e8re \u00e0 mod\u00e9r\u00e9e, l&rsquo;anxi\u00e9t\u00e9 et l&rsquo;agitation.* Notre compl\u00e9ment de millepertuis est fabriqu\u00e9 \u00e0 partir des sommit\u00e9s de fleurs de la plante du m\u00eame nom, qui contiennent plusieurs compos\u00e9s phytochimiques connus pour leur capacit\u00e9 \u00e0 contribuer \u00e0 l&rsquo;effet th\u00e9rapeutique du millepertuis.*<br \/>\nLe millepertuis de California\u00a0Gold\u00a0Nutrition EuroHerbs contient un extrait standardis\u00e9 de qualit\u00e9 premium Euromed. Euromed est l&rsquo;un des plus grands fabricants europ\u00e9ens d&rsquo;extraits \u00e0 base de plantes standardis\u00e9s de qualit\u00e9 officinale du monde. L&rsquo;opercule Phyto\u00a0Proof\u00ae confirme l&rsquo;utilisation de cultivars obtenus \u00e0 partir de semences d&rsquo;\u00e9lite pour assurer un contr\u00f4le qualit\u00e9 tout au long du processus de fabrication (de la semence \u00e0 l&rsquo;extrait fini).<br \/>\nSuggested Use<br \/>\nPrenez 1\u00a0capsule par jour au cours d&rsquo;un repas. Respectez les consignes d&rsquo;utilisation donn\u00e9es par un professionnel de la sant\u00e9 qualifi\u00e9.<br \/>\nOther ingredients<br \/>\nIngr\u00e9dients principaux<br \/>\nExtrait de sommit\u00e9s de fleurs de millepertuis (standardis\u00e9 \u00e0 0,3\u00a0% d&rsquo;hyp\u00e9ricine)<br \/>\nOther ingredients<br \/>\ncellulose modifi\u00e9e (capsule v\u00e9g\u00e9tale d&rsquo;hypromellose), maltodextrine (transporteur de l&rsquo;extrait de millepertuis), Farine de riz, acide st\u00e9arique et dioxyde de silicium (silice).<br \/>\nProduit \u00e9labor\u00e9 sans lait, \u0153ufs, poisson, crustac\u00e9s, fruits \u00e0 coque, arachides, bl\u00e9, soja, s\u00e9same, ni gluten. Produit dans un \u00e9tablissement enregistr\u00e9 aupr\u00e8s de la FDA, audit\u00e9 par une organisation tierce, et respectant les BPF actuelles (certifi\u00e9) susceptible de transformer d&rsquo;autres produits qui contiennent ces allerg\u00e8nes ou ingr\u00e9dients.<br \/>\nWarnings<br \/>\nTenir hors de port\u00e9e des enfants. Les femmes enceintes ou allaitantes, les personnes atteintes d&rsquo;une maladie chronique, les personnes \u00e2g\u00e9es, les personnes de moins de 18\u00a0ans, les personnes suivant un traitement m\u00e9dical (ex.\u00a0: des ISRS et des IMAO) ainsi que celles qui souffrent d&rsquo;une affection m\u00e9dicale diagnostiqu\u00e9e par un m\u00e9decin doivent demander l&rsquo;avis d&rsquo;un m\u00e9decin, d&rsquo;un pharmacien, d&rsquo;un naturopathe ou d&rsquo;un autre professionnel qualifi\u00e9 de la sant\u00e9 avant de prendre des compl\u00e9ments alimentaires.<br \/>\nScell\u00e9 pour votre protection. Ne pas utiliser si l&rsquo;opercule est absent ou rompu. \u00c0 conserver dans un endroit frais et sec. Conserver \u00e0 l&rsquo;abri de la chaleur, de la lumi\u00e8re et de l&rsquo;humidit\u00e9.<\/p>","protected":false},"excerpt":{"rendered":"<p>Millepertuis de California\u00a0Gold\u00a0Nutrition\u00ae EuroHerbs\u2122 \u00c0 base de millepertuis s\u00e9ch\u00e9 et de qualit\u00e9 Euromed Phyto\u00a0Proof Fabriqu\u00e9 \u00e0 partir des sommit\u00e9s de fleurs de millepertuis Standardis\u00e9 \u00e0 0,3\u00a0% d&rsquo;hyp\u00e9ricine Soutient l&rsquo;\u00e9quilibre \u00e9motionnel* Formul\u00e9 sans gluten, ni OGM, ni soja Produit dans un \u00e9tablissement respectant les bonnes pratiques de fabrication actuelles (certifi\u00e9) et audit\u00e9 par une organisation tierce [&hellip;]<\/p>\n","protected":false},"featured_media":29195,"template":"","meta":{"om_disable_all_campaigns":false},"product_brand":[2176],"product_cat":[18,3366,7967],"product_tag":[],"class_list":{"0":"post-29116","1":"product","2":"type-product","3":"status-publish","4":"has-post-thumbnail","6":"product_brand-california-gold-nutrition","7":"product_cat-beaute-sante","8":"product_cat-complements-alimentaires-au-maroc-vitablanca","9":"product_cat-herbs","11":"first","12":"instock","13":"sale","14":"taxable","15":"shipping-taxable","16":"purchasable","17":"product-type-simple"},"yoast_head":"<!-- This site is optimized with the Yoast SEO plugin v27.3 - https:\/\/yoast.com\/product\/yoast-seo-wordpress\/ -->\n<title>California Gold Nutrition EuroHerbs St. John&rsquo;s Wort Euromed Quality 300 mg 60 Veggie Capsules - Maroc Prix<\/title>\n<meta name=\"description\" content=\"California Gold Nutrition EuroHerbs St. John&rsquo;s Wort Euromed Quality 300 mg 60 Veggie Capsules\" \/>\n<meta name=\"robots\" content=\"index, follow, max-snippet:-1, max-image-preview:large, max-video-preview:-1\" \/>\n<link rel=\"canonical\" href=\"https:\/\/vitablanca.ma\/en\/product\/california-gold-nutrition-euroherbs-st-johns-wort-euromed-quality-300-mg-60-veggie-capsules\/\" \/>\n<meta property=\"og:locale\" content=\"en_US\" \/>\n<meta property=\"og:type\" content=\"article\" \/>\n<meta property=\"og:title\" content=\"California Gold Nutrition EuroHerbs St. John&rsquo;s Wort Euromed Quality 300 mg 60 Veggie Capsules - Maroc Prix\" \/>\n<meta property=\"og:description\" content=\"California Gold Nutrition EuroHerbs St. John&rsquo;s Wort Euromed Quality 300 mg 60 Veggie Capsules\" \/>\n<meta property=\"og:url\" content=\"https:\/\/vitablanca.ma\/en\/product\/california-gold-nutrition-euroherbs-st-johns-wort-euromed-quality-300-mg-60-veggie-capsules\/\" \/>\n<meta property=\"og:site_name\" content=\"Vitablanca.ma &ndash; Sant&eacute;, vitalit&eacute; et bien-&ecirc;tre pour tous les Marocains\" \/>\n<meta property=\"article:publisher\" content=\"https:\/\/www.facebook.com\/profile.php?id=61576678196717\" \/>\n<meta property=\"article:modified_time\" content=\"2026-02-21T16:16:56+00:00\" \/>\n<meta property=\"og:image\" content=\"https:\/\/vitablanca.ma\/wp-content\/uploads\/2026\/02\/104.jpg\" \/>\n\t<meta property=\"og:image:width\" content=\"1600\" \/>\n\t<meta property=\"og:image:height\" content=\"1600\" \/>\n\t<meta property=\"og:image:type\" content=\"image\/jpeg\" \/>\n<meta name=\"twitter:card\" content=\"summary_large_image\" \/>\n<meta name=\"twitter:label1\" content=\"Est. reading time\" \/>\n\t<meta name=\"twitter:data1\" content=\"3 minutes\" \/>\n<script type=\"application\/ld+json\" class=\"yoast-schema-graph\">{\"@context\":\"https:\\\/\\\/schema.org\",\"@graph\":[{\"@type\":[\"WebPage\",\"ItemPage\"],\"@id\":\"https:\\\/\\\/vitablanca.ma\\\/produit\\\/california-gold-nutrition-euroherbs-st-johns-wort-euromed-quality-300-mg-60-veggie-capsules\\\/\",\"url\":\"https:\\\/\\\/vitablanca.ma\\\/produit\\\/california-gold-nutrition-euroherbs-st-johns-wort-euromed-quality-300-mg-60-veggie-capsules\\\/\",\"name\":\"California Gold Nutrition EuroHerbs St. John&rsquo;s Wort Euromed Quality 300 mg 60 Veggie Capsules - Maroc Prix\",\"isPartOf\":{\"@id\":\"https:\\\/\\\/vitablanca.ma\\\/#website\"},\"primaryImageOfPage\":{\"@id\":\"https:\\\/\\\/vitablanca.ma\\\/produit\\\/california-gold-nutrition-euroherbs-st-johns-wort-euromed-quality-300-mg-60-veggie-capsules\\\/#primaryimage\"},\"image\":{\"@id\":\"https:\\\/\\\/vitablanca.ma\\\/produit\\\/california-gold-nutrition-euroherbs-st-johns-wort-euromed-quality-300-mg-60-veggie-capsules\\\/#primaryimage\"},\"thumbnailUrl\":\"https:\\\/\\\/vitablanca.ma\\\/wp-content\\\/uploads\\\/2026\\\/02\\\/104.jpg\",\"datePublished\":\"2026-02-05T00:19:07+00:00\",\"dateModified\":\"2026-02-21T16:16:56+00:00\",\"description\":\"California Gold Nutrition EuroHerbs St. John&rsquo;s Wort Euromed Quality 300 mg 60 Veggie Capsules\",\"breadcrumb\":{\"@id\":\"https:\\\/\\\/vitablanca.ma\\\/produit\\\/california-gold-nutrition-euroherbs-st-johns-wort-euromed-quality-300-mg-60-veggie-capsules\\\/#breadcrumb\"},\"inLanguage\":\"en-US\",\"potentialAction\":[{\"@type\":\"ReadAction\",\"target\":[\"https:\\\/\\\/vitablanca.ma\\\/produit\\\/california-gold-nutrition-euroherbs-st-johns-wort-euromed-quality-300-mg-60-veggie-capsules\\\/\"]}]},{\"@type\":\"ImageObject\",\"inLanguage\":\"en-US\",\"@id\":\"https:\\\/\\\/vitablanca.ma\\\/produit\\\/california-gold-nutrition-euroherbs-st-johns-wort-euromed-quality-300-mg-60-veggie-capsules\\\/#primaryimage\",\"url\":\"https:\\\/\\\/vitablanca.ma\\\/wp-content\\\/uploads\\\/2026\\\/02\\\/104.jpg\",\"contentUrl\":\"https:\\\/\\\/vitablanca.ma\\\/wp-content\\\/uploads\\\/2026\\\/02\\\/104.jpg\",\"width\":1600,\"height\":1600},{\"@type\":\"BreadcrumbList\",\"@id\":\"https:\\\/\\\/vitablanca.ma\\\/produit\\\/california-gold-nutrition-euroherbs-st-johns-wort-euromed-quality-300-mg-60-veggie-capsules\\\/#breadcrumb\",\"itemListElement\":[{\"@type\":\"ListItem\",\"position\":1,\"name\":\"Home\",\"item\":\"https:\\\/\\\/vitablanca.ma\\\/\"},{\"@type\":\"ListItem\",\"position\":2,\"name\":\"Tous Les Produits\",\"item\":\"https:\\\/\\\/vitablanca.ma\\\/tous-les-produits\\\/\"},{\"@type\":\"ListItem\",\"position\":3,\"name\":\"California Gold Nutrition EuroHerbs St. John&rsquo;s Wort Euromed Quality 300 mg 60 Veggie Capsules\"}]},{\"@type\":\"WebSite\",\"@id\":\"https:\\\/\\\/vitablanca.ma\\\/#website\",\"url\":\"https:\\\/\\\/vitablanca.ma\\\/\",\"name\":\"VitaBlanca.ma | Compl\u00e9ments alimentaires, sant\u00e9 & beaut\u00e9 au Maroc\",\"description\":\"vendre vitamines et compl\u00e9ments premium des USA &amp; Canada, Nouvelle Z\u00e9lande,Maroc (NOW Foods, Solgar, Manuka). Livraison rapide partout au Maroc.\",\"publisher\":{\"@id\":\"https:\\\/\\\/vitablanca.ma\\\/#organization\"},\"alternateName\":\"VitaBlanca.ma\",\"potentialAction\":[{\"@type\":\"SearchAction\",\"target\":{\"@type\":\"EntryPoint\",\"urlTemplate\":\"https:\\\/\\\/vitablanca.ma\\\/?s={search_term_string}\"},\"query-input\":{\"@type\":\"PropertyValueSpecification\",\"valueRequired\":true,\"valueName\":\"search_term_string\"}}],\"inLanguage\":\"en-US\"},{\"@type\":\"Organization\",\"@id\":\"https:\\\/\\\/vitablanca.ma\\\/#organization\",\"name\":\"VitaBlanca\",\"url\":\"https:\\\/\\\/vitablanca.ma\\\/\",\"logo\":{\"@type\":\"ImageObject\",\"inLanguage\":\"en-US\",\"@id\":\"https:\\\/\\\/vitablanca.ma\\\/#\\\/schema\\\/logo\\\/image\\\/\",\"url\":\"https:\\\/\\\/vitablanca.ma\\\/wp-content\\\/uploads\\\/2025\\\/05\\\/cropped-vitablanca.png\",\"contentUrl\":\"https:\\\/\\\/vitablanca.ma\\\/wp-content\\\/uploads\\\/2025\\\/05\\\/cropped-vitablanca.png\",\"width\":360,\"height\":67,\"caption\":\"VitaBlanca\"},\"image\":{\"@id\":\"https:\\\/\\\/vitablanca.ma\\\/#\\\/schema\\\/logo\\\/image\\\/\"},\"sameAs\":[\"https:\\\/\\\/www.facebook.com\\\/profile.php?id=61576678196717\",\"https:\\\/\\\/www.tiktok.com\\\/@vitablanca.ma\",\"https:\\\/\\\/www.instagram.com\\\/vitablanca.ma\\\/\"]}]}<\/script>\n<!-- \/ Yoast SEO plugin. -->","yoast_head_json":{"title":"California Gold Nutrition EuroHerbs St. John&rsquo;s Wort Euromed Quality 300 mg 60 Veggie Capsules - Maroc Prix","description":"California Gold Nutrition EuroHerbs St. John&rsquo;s Wort Euromed Quality 300 mg 60 Veggie Capsules","robots":{"index":"index","follow":"follow","max-snippet":"max-snippet:-1","max-image-preview":"max-image-preview:large","max-video-preview":"max-video-preview:-1"},"canonical":"https:\/\/vitablanca.ma\/en\/product\/california-gold-nutrition-euroherbs-st-johns-wort-euromed-quality-300-mg-60-veggie-capsules\/","og_locale":"en_US","og_type":"article","og_title":"California Gold Nutrition EuroHerbs St. John&rsquo;s Wort Euromed Quality 300 mg 60 Veggie Capsules - Maroc Prix","og_description":"California Gold Nutrition EuroHerbs St. John&rsquo;s Wort Euromed Quality 300 mg 60 Veggie Capsules","og_url":"https:\/\/vitablanca.ma\/en\/product\/california-gold-nutrition-euroherbs-st-johns-wort-euromed-quality-300-mg-60-veggie-capsules\/","og_site_name":"Vitablanca.ma &ndash; Sant&eacute;, vitalit&eacute; et bien-&ecirc;tre pour tous les Marocains","article_publisher":"https:\/\/www.facebook.com\/profile.php?id=61576678196717","article_modified_time":"2026-02-21T16:16:56+00:00","og_image":[{"width":1600,"height":1600,"url":"https:\/\/vitablanca.ma\/wp-content\/uploads\/2026\/02\/104.jpg","type":"image\/jpeg"}],"twitter_card":"summary_large_image","twitter_misc":{"Est. reading time":"3 minutes"},"schema":{"@context":"https:\/\/schema.org","@graph":[{"@type":["WebPage","ItemPage"],"@id":"https:\/\/vitablanca.ma\/produit\/california-gold-nutrition-euroherbs-st-johns-wort-euromed-quality-300-mg-60-veggie-capsules\/","url":"https:\/\/vitablanca.ma\/produit\/california-gold-nutrition-euroherbs-st-johns-wort-euromed-quality-300-mg-60-veggie-capsules\/","name":"California Gold Nutrition EuroHerbs St. John&rsquo;s Wort Euromed Quality 300 mg 60 Veggie Capsules - Maroc Prix","isPartOf":{"@id":"https:\/\/vitablanca.ma\/#website"},"primaryImageOfPage":{"@id":"https:\/\/vitablanca.ma\/produit\/california-gold-nutrition-euroherbs-st-johns-wort-euromed-quality-300-mg-60-veggie-capsules\/#primaryimage"},"image":{"@id":"https:\/\/vitablanca.ma\/produit\/california-gold-nutrition-euroherbs-st-johns-wort-euromed-quality-300-mg-60-veggie-capsules\/#primaryimage"},"thumbnailUrl":"https:\/\/vitablanca.ma\/wp-content\/uploads\/2026\/02\/104.jpg","datePublished":"2026-02-05T00:19:07+00:00","dateModified":"2026-02-21T16:16:56+00:00","description":"California Gold Nutrition EuroHerbs St. John&rsquo;s Wort Euromed Quality 300 mg 60 Veggie Capsules","breadcrumb":{"@id":"https:\/\/vitablanca.ma\/produit\/california-gold-nutrition-euroherbs-st-johns-wort-euromed-quality-300-mg-60-veggie-capsules\/#breadcrumb"},"inLanguage":"en-US","potentialAction":[{"@type":"ReadAction","target":["https:\/\/vitablanca.ma\/produit\/california-gold-nutrition-euroherbs-st-johns-wort-euromed-quality-300-mg-60-veggie-capsules\/"]}]},{"@type":"ImageObject","inLanguage":"en-US","@id":"https:\/\/vitablanca.ma\/produit\/california-gold-nutrition-euroherbs-st-johns-wort-euromed-quality-300-mg-60-veggie-capsules\/#primaryimage","url":"https:\/\/vitablanca.ma\/wp-content\/uploads\/2026\/02\/104.jpg","contentUrl":"https:\/\/vitablanca.ma\/wp-content\/uploads\/2026\/02\/104.jpg","width":1600,"height":1600},{"@type":"BreadcrumbList","@id":"https:\/\/vitablanca.ma\/produit\/california-gold-nutrition-euroherbs-st-johns-wort-euromed-quality-300-mg-60-veggie-capsules\/#breadcrumb","itemListElement":[{"@type":"ListItem","position":1,"name":"Home","item":"https:\/\/vitablanca.ma\/"},{"@type":"ListItem","position":2,"name":"Tous Les Produits","item":"https:\/\/vitablanca.ma\/tous-les-produits\/"},{"@type":"ListItem","position":3,"name":"California Gold Nutrition EuroHerbs St. John&rsquo;s Wort Euromed Quality 300 mg 60 Veggie Capsules"}]},{"@type":"WebSite","@id":"https:\/\/vitablanca.ma\/#website","url":"https:\/\/vitablanca.ma\/","name":"VitaBlanca.ma | Food supplements, health &amp; beauty in Morocco","description":"sell premium vitamins and supplements from USA &amp; Canada, New Zealand, Morocco (NOW Foods, Solgar, Manuka). Fast delivery anywhere in Morocco.","publisher":{"@id":"https:\/\/vitablanca.ma\/#organization"},"alternateName":"VitaBlanca.ma","potentialAction":[{"@type":"SearchAction","target":{"@type":"EntryPoint","urlTemplate":"https:\/\/vitablanca.ma\/?s={search_term_string}"},"query-input":{"@type":"PropertyValueSpecification","valueRequired":true,"valueName":"search_term_string"}}],"inLanguage":"en-US"},{"@type":"Organization","@id":"https:\/\/vitablanca.ma\/#organization","name":"VitaBlanca","url":"https:\/\/vitablanca.ma\/","logo":{"@type":"ImageObject","inLanguage":"en-US","@id":"https:\/\/vitablanca.ma\/#\/schema\/logo\/image\/","url":"https:\/\/vitablanca.ma\/wp-content\/uploads\/2025\/05\/cropped-vitablanca.png","contentUrl":"https:\/\/vitablanca.ma\/wp-content\/uploads\/2025\/05\/cropped-vitablanca.png","width":360,"height":67,"caption":"VitaBlanca"},"image":{"@id":"https:\/\/vitablanca.ma\/#\/schema\/logo\/image\/"},"sameAs":["https:\/\/www.facebook.com\/profile.php?id=61576678196717","https:\/\/www.tiktok.com\/@vitablanca.ma","https:\/\/www.instagram.com\/vitablanca.ma\/"]}]}},"jetpack_sharing_enabled":true,"_links":{"self":[{"href":"https:\/\/vitablanca.ma\/en\/wp-json\/wp\/v2\/product\/29116","targetHints":{"allow":["GET"]}}],"collection":[{"href":"https:\/\/vitablanca.ma\/en\/wp-json\/wp\/v2\/product"}],"about":[{"href":"https:\/\/vitablanca.ma\/en\/wp-json\/wp\/v2\/types\/product"}],"wp:featuredmedia":[{"embeddable":true,"href":"https:\/\/vitablanca.ma\/en\/wp-json\/wp\/v2\/media\/29195"}],"wp:attachment":[{"href":"https:\/\/vitablanca.ma\/en\/wp-json\/wp\/v2\/media?parent=29116"}],"wp:term":[{"taxonomy":"product_brand","embeddable":true,"href":"https:\/\/vitablanca.ma\/en\/wp-json\/wp\/v2\/product_brand?post=29116"},{"taxonomy":"product_cat","embeddable":true,"href":"https:\/\/vitablanca.ma\/en\/wp-json\/wp\/v2\/product_cat?post=29116"},{"taxonomy":"product_tag","embeddable":true,"href":"https:\/\/vitablanca.ma\/en\/wp-json\/wp\/v2\/product_tag?post=29116"}],"curies":[{"name":"wp","href":"https:\/\/api.w.org\/{rel}","templated":true}]}}