{"id":29115,"date":"2026-02-05T00:19:06","date_gmt":"2026-02-05T00:19:06","guid":{"rendered":"https:\/\/vitablanca.ma\/?post_type=product&#038;p=29115"},"modified":"2026-02-21T16:16:56","modified_gmt":"2026-02-21T16:16:56","slug":"vitamine-d3-125-%c2%b5g-5000-iu-90-capsules-a-enveloppe-molle-a-base-de-gelatine-de-poisson","status":"publish","type":"product","link":"https:\/\/vitablanca.ma\/en\/product\/vitamine-d3-125-%c2%b5g-5000-iu-90-capsules-a-enveloppe-molle-a-base-de-gelatine-de-poisson\/","title":{"rendered":"California Gold Nutrition Vitamine\u00a0D3 125\u00a0\u00b5g (5000\u00a0IU) 90\u00a0capsules \u00e0 enveloppe molle \u00e0 base de g\u00e9latine de poisson"},"content":{"rendered":"<p>La vitamine\u00a0D3, 125\u00a0\u00b5g (5000\u00a0UI) de California\u00a0Gold\u00a0Nutrition\u00ae est un compl\u00e9ment en vitamine\u00a0D \u00e0 haute efficacit\u00e9 qui contient du chol\u00e9calcif\u00e9rol renferm\u00e9 dans des capsules \u00e0 enveloppe molle \u00e0 base de g\u00e9latine de poisson.<br \/>\n&nbsp;<\/p>\n<p>Contient de la vitamine\u00a0D3 (chol\u00e9calcif\u00e9rol)<br \/>\nSoutient la sant\u00e9 des os et des dents*<br \/>\nFavorise le bon fonctionnement du syst\u00e8me immunitaire*<\/p>\n<p>Usage sugg\u00e9r\u00e9<br \/>\nPrenez 1\u00a0capsule \u00e0 enveloppe molle par jour, au moment du repas. Respectez les consignes d&rsquo;utilisation donn\u00e9es par un professionnel de la sant\u00e9 qualifi\u00e9. Ne d\u00e9passez pas une capsule \u00e0 enveloppe molle par jour ou n&rsquo;associez pas ce compl\u00e9ment \u00e0 d&rsquo;autres compl\u00e9ments alimentaires contenant de la vitamine D.<br \/>\nAutres ingr\u00e9dients<br \/>\nIngr\u00e9dients principaux<br \/>\nVitamine\u00a0D (sous forme de vitamine\u00a0D3, chol\u00e9calcif\u00e9rol)<br \/>\nAutres ingr\u00e9dients<br \/>\nHuile de carthame et capsule \u00e0 enveloppe molle \u00e0 base de g\u00e9latine de poisson (g\u00e9latine [de Tilapia], glyc\u00e9rol v\u00e9g\u00e9tal, eau purifi\u00e9e).<br \/>\nContient\u00a0: poisson (tilapia)<br \/>\nProduit \u00e9labor\u00e9 sans lait, \u0153ufs, crustac\u00e9s, fruits \u00e0 coque, arachides, bl\u00e9, soja, s\u00e9same, ni gluten. Produit dans un \u00e9tablissement enregistr\u00e9 aupr\u00e8s de la FDA, audit\u00e9 par une organisation tierce, et respectant les BPF actuelles (certifi\u00e9) susceptible de transformer d&rsquo;autres produits qui contiennent ces allerg\u00e8nes ou ingr\u00e9dients.<br \/>\nAvertissements<br \/>\nTenir hors de port\u00e9e des enfants. Ce produit contient de la vitamine D \u00e0 haute efficacit\u00e9. Consulter un m\u00e9decin, un pharmacien, un naturopathe ou un autre professionnel de la sant\u00e9 qualifi\u00e9 avant d&rsquo;utiliser ce produit si vous \u00eates enceinte, allaitez, prenez des m\u00e9dicaments sur ordonnance, souffrez d&rsquo;une affection m\u00e9dicale diagnostiqu\u00e9e (p. ex., hypercalc\u00e9mie ou maladie r\u00e9nale) ou si vous n\u00e9cessitez un apport plus \u00e9lev\u00e9 en vitamine D.<br \/>\nScell\u00e9 pour votre protection. Ne pas utiliser si l&rsquo;opercule est absent ou rompu. \u00c0 conserver dans un endroit frais et sec. \u00c0 conserver \u00e0 l&rsquo;abri de la chaleur, de la lumi\u00e8re et de l&rsquo;humidit\u00e9.<\/p>\n","protected":false},"excerpt":{"rendered":"<p>La vitamine\u00a0D3, 125\u00a0\u00b5g (5000\u00a0UI) de California\u00a0Gold\u00a0Nutrition\u00ae est un compl\u00e9ment en vitamine\u00a0D \u00e0 haute efficacit\u00e9 qui contient du chol\u00e9calcif\u00e9rol renferm\u00e9 dans des capsules \u00e0 enveloppe molle \u00e0 base de g\u00e9latine de poisson. &nbsp; Contient de la vitamine\u00a0D3 (chol\u00e9calcif\u00e9rol) Soutient la sant\u00e9 des os et des dents* Favorise le bon fonctionnement du syst\u00e8me immunitaire* Usage sugg\u00e9r\u00e9 Prenez [&hellip;]<\/p>\n","protected":false},"featured_media":29192,"template":"","meta":{"om_disable_all_campaigns":false},"product_brand":[2176],"product_cat":[18,3366,7962,7963],"product_tag":[],"class_list":{"0":"post-29115","1":"product","2":"type-product","3":"status-publish","4":"has-post-thumbnail","6":"product_brand-california-gold-nutrition","7":"product_cat-beaute-sante","8":"product_cat-complements-alimentaires-au-maroc-vitablanca","9":"product_cat-vitamine-d-2","10":"product_cat-vitamines-2","12":"first","13":"instock","14":"sale","15":"taxable","16":"shipping-taxable","17":"purchasable","18":"product-type-simple"},"yoast_head":"<!-- This site is optimized with the Yoast SEO plugin v27.3 - https:\/\/yoast.com\/product\/yoast-seo-wordpress\/ -->\n<title>California Gold Nutrition Vitamine\u00a0D3 125\u00a0\u00b5g (5000\u00a0IU) 90\u00a0capsules \u00e0 enveloppe molle \u00e0 base de g\u00e9latine de poisson - Maroc Prix<\/title>\n<meta name=\"description\" content=\"California Gold Nutrition Vitamine\u00a0D3 125\u00a0\u00b5g (5000\u00a0IU) 90\u00a0capsules \u00e0 enveloppe molle \u00e0 base de g\u00e9latine de poisson\" \/>\n<meta name=\"robots\" content=\"index, follow, max-snippet:-1, max-image-preview:large, max-video-preview:-1\" \/>\n<link rel=\"canonical\" href=\"https:\/\/vitablanca.ma\/en\/product\/vitamine-d3-125-\u00b5g-5000-iu-90-capsules-a-enveloppe-molle-a-base-de-gelatine-de-poisson\/\" \/>\n<meta property=\"og:locale\" content=\"en_US\" \/>\n<meta property=\"og:type\" content=\"article\" \/>\n<meta property=\"og:title\" content=\"California Gold Nutrition Vitamine\u00a0D3 125\u00a0\u00b5g (5000\u00a0IU) 90\u00a0capsules \u00e0 enveloppe molle \u00e0 base de g\u00e9latine de poisson - Maroc Prix\" \/>\n<meta property=\"og:description\" content=\"California Gold Nutrition Vitamine\u00a0D3 125\u00a0\u00b5g (5000\u00a0IU) 90\u00a0capsules \u00e0 enveloppe molle \u00e0 base de g\u00e9latine de poisson\" \/>\n<meta property=\"og:url\" content=\"https:\/\/vitablanca.ma\/en\/product\/vitamine-d3-125-\u00b5g-5000-iu-90-capsules-a-enveloppe-molle-a-base-de-gelatine-de-poisson\/\" \/>\n<meta property=\"og:site_name\" content=\"Vitablanca.ma &ndash; Sant&eacute;, vitalit&eacute; et bien-&ecirc;tre pour tous les Marocains\" \/>\n<meta property=\"article:publisher\" content=\"https:\/\/www.facebook.com\/profile.php?id=61576678196717\" \/>\n<meta property=\"article:modified_time\" content=\"2026-02-21T16:16:56+00:00\" \/>\n<meta property=\"og:image\" content=\"https:\/\/vitablanca.ma\/wp-content\/uploads\/2026\/02\/204.jpg\" \/>\n\t<meta property=\"og:image:width\" content=\"1600\" \/>\n\t<meta property=\"og:image:height\" content=\"1600\" \/>\n\t<meta property=\"og:image:type\" content=\"image\/jpeg\" \/>\n<meta name=\"twitter:card\" content=\"summary_large_image\" \/>\n<meta name=\"twitter:label1\" content=\"Est. reading time\" \/>\n\t<meta name=\"twitter:data1\" content=\"2 minutes\" \/>\n<script type=\"application\/ld+json\" class=\"yoast-schema-graph\">{\"@context\":\"https:\\\/\\\/schema.org\",\"@graph\":[{\"@type\":[\"WebPage\",\"ItemPage\"],\"@id\":\"https:\\\/\\\/vitablanca.ma\\\/produit\\\/vitamine-d3-125-%c2%b5g-5000-iu-90-capsules-a-enveloppe-molle-a-base-de-gelatine-de-poisson\\\/\",\"url\":\"https:\\\/\\\/vitablanca.ma\\\/produit\\\/vitamine-d3-125-%c2%b5g-5000-iu-90-capsules-a-enveloppe-molle-a-base-de-gelatine-de-poisson\\\/\",\"name\":\"California Gold Nutrition Vitamine\u00a0D3 125\u00a0\u00b5g (5000\u00a0IU) 90\u00a0capsules \u00e0 enveloppe molle \u00e0 base de g\u00e9latine de poisson - Maroc Prix\",\"isPartOf\":{\"@id\":\"https:\\\/\\\/vitablanca.ma\\\/#website\"},\"primaryImageOfPage\":{\"@id\":\"https:\\\/\\\/vitablanca.ma\\\/produit\\\/vitamine-d3-125-%c2%b5g-5000-iu-90-capsules-a-enveloppe-molle-a-base-de-gelatine-de-poisson\\\/#primaryimage\"},\"image\":{\"@id\":\"https:\\\/\\\/vitablanca.ma\\\/produit\\\/vitamine-d3-125-%c2%b5g-5000-iu-90-capsules-a-enveloppe-molle-a-base-de-gelatine-de-poisson\\\/#primaryimage\"},\"thumbnailUrl\":\"https:\\\/\\\/vitablanca.ma\\\/wp-content\\\/uploads\\\/2026\\\/02\\\/204.jpg\",\"datePublished\":\"2026-02-05T00:19:06+00:00\",\"dateModified\":\"2026-02-21T16:16:56+00:00\",\"description\":\"California Gold Nutrition Vitamine\u00a0D3 125\u00a0\u00b5g (5000\u00a0IU) 90\u00a0capsules \u00e0 enveloppe molle \u00e0 base de g\u00e9latine de poisson\",\"breadcrumb\":{\"@id\":\"https:\\\/\\\/vitablanca.ma\\\/produit\\\/vitamine-d3-125-%c2%b5g-5000-iu-90-capsules-a-enveloppe-molle-a-base-de-gelatine-de-poisson\\\/#breadcrumb\"},\"inLanguage\":\"en-US\",\"potentialAction\":[{\"@type\":\"ReadAction\",\"target\":[\"https:\\\/\\\/vitablanca.ma\\\/produit\\\/vitamine-d3-125-%c2%b5g-5000-iu-90-capsules-a-enveloppe-molle-a-base-de-gelatine-de-poisson\\\/\"]}]},{\"@type\":\"ImageObject\",\"inLanguage\":\"en-US\",\"@id\":\"https:\\\/\\\/vitablanca.ma\\\/produit\\\/vitamine-d3-125-%c2%b5g-5000-iu-90-capsules-a-enveloppe-molle-a-base-de-gelatine-de-poisson\\\/#primaryimage\",\"url\":\"https:\\\/\\\/vitablanca.ma\\\/wp-content\\\/uploads\\\/2026\\\/02\\\/204.jpg\",\"contentUrl\":\"https:\\\/\\\/vitablanca.ma\\\/wp-content\\\/uploads\\\/2026\\\/02\\\/204.jpg\",\"width\":1600,\"height\":1600},{\"@type\":\"BreadcrumbList\",\"@id\":\"https:\\\/\\\/vitablanca.ma\\\/produit\\\/vitamine-d3-125-%c2%b5g-5000-iu-90-capsules-a-enveloppe-molle-a-base-de-gelatine-de-poisson\\\/#breadcrumb\",\"itemListElement\":[{\"@type\":\"ListItem\",\"position\":1,\"name\":\"Home\",\"item\":\"https:\\\/\\\/vitablanca.ma\\\/\"},{\"@type\":\"ListItem\",\"position\":2,\"name\":\"Tous Les Produits\",\"item\":\"https:\\\/\\\/vitablanca.ma\\\/tous-les-produits\\\/\"},{\"@type\":\"ListItem\",\"position\":3,\"name\":\"California Gold Nutrition Vitamine\u00a0D3 125\u00a0\u00b5g (5000\u00a0IU) 90\u00a0capsules \u00e0 enveloppe molle \u00e0 base de g\u00e9latine de poisson\"}]},{\"@type\":\"WebSite\",\"@id\":\"https:\\\/\\\/vitablanca.ma\\\/#website\",\"url\":\"https:\\\/\\\/vitablanca.ma\\\/\",\"name\":\"VitaBlanca.ma | Compl\u00e9ments alimentaires, sant\u00e9 & beaut\u00e9 au Maroc\",\"description\":\"vendre vitamines et compl\u00e9ments premium des USA &amp; Canada, Nouvelle Z\u00e9lande,Maroc (NOW Foods, Solgar, Manuka). Livraison rapide partout au Maroc.\",\"publisher\":{\"@id\":\"https:\\\/\\\/vitablanca.ma\\\/#organization\"},\"alternateName\":\"VitaBlanca.ma\",\"potentialAction\":[{\"@type\":\"SearchAction\",\"target\":{\"@type\":\"EntryPoint\",\"urlTemplate\":\"https:\\\/\\\/vitablanca.ma\\\/?s={search_term_string}\"},\"query-input\":{\"@type\":\"PropertyValueSpecification\",\"valueRequired\":true,\"valueName\":\"search_term_string\"}}],\"inLanguage\":\"en-US\"},{\"@type\":\"Organization\",\"@id\":\"https:\\\/\\\/vitablanca.ma\\\/#organization\",\"name\":\"VitaBlanca\",\"url\":\"https:\\\/\\\/vitablanca.ma\\\/\",\"logo\":{\"@type\":\"ImageObject\",\"inLanguage\":\"en-US\",\"@id\":\"https:\\\/\\\/vitablanca.ma\\\/#\\\/schema\\\/logo\\\/image\\\/\",\"url\":\"https:\\\/\\\/vitablanca.ma\\\/wp-content\\\/uploads\\\/2025\\\/05\\\/cropped-vitablanca.png\",\"contentUrl\":\"https:\\\/\\\/vitablanca.ma\\\/wp-content\\\/uploads\\\/2025\\\/05\\\/cropped-vitablanca.png\",\"width\":360,\"height\":67,\"caption\":\"VitaBlanca\"},\"image\":{\"@id\":\"https:\\\/\\\/vitablanca.ma\\\/#\\\/schema\\\/logo\\\/image\\\/\"},\"sameAs\":[\"https:\\\/\\\/www.facebook.com\\\/profile.php?id=61576678196717\",\"https:\\\/\\\/www.tiktok.com\\\/@vitablanca.ma\",\"https:\\\/\\\/www.instagram.com\\\/vitablanca.ma\\\/\"]}]}<\/script>\n<!-- \/ Yoast SEO plugin. -->","yoast_head_json":{"title":"California Gold Nutrition Vitamine\u00a0D3 125\u00a0\u00b5g (5000\u00a0IU) 90\u00a0capsules \u00e0 enveloppe molle \u00e0 base de g\u00e9latine de poisson - Maroc Prix","description":"California Gold Nutrition Vitamine\u00a0D3 125\u00a0\u00b5g (5000\u00a0IU) 90\u00a0capsules \u00e0 enveloppe molle \u00e0 base de g\u00e9latine de poisson","robots":{"index":"index","follow":"follow","max-snippet":"max-snippet:-1","max-image-preview":"max-image-preview:large","max-video-preview":"max-video-preview:-1"},"canonical":"https:\/\/vitablanca.ma\/en\/product\/vitamine-d3-125-\u00b5g-5000-iu-90-capsules-a-enveloppe-molle-a-base-de-gelatine-de-poisson\/","og_locale":"en_US","og_type":"article","og_title":"California Gold Nutrition Vitamine\u00a0D3 125\u00a0\u00b5g (5000\u00a0IU) 90\u00a0capsules \u00e0 enveloppe molle \u00e0 base de g\u00e9latine de poisson - Maroc Prix","og_description":"California Gold Nutrition Vitamine\u00a0D3 125\u00a0\u00b5g (5000\u00a0IU) 90\u00a0capsules \u00e0 enveloppe molle \u00e0 base de g\u00e9latine de poisson","og_url":"https:\/\/vitablanca.ma\/en\/product\/vitamine-d3-125-\u00b5g-5000-iu-90-capsules-a-enveloppe-molle-a-base-de-gelatine-de-poisson\/","og_site_name":"Vitablanca.ma &ndash; Sant&eacute;, vitalit&eacute; et bien-&ecirc;tre pour tous les Marocains","article_publisher":"https:\/\/www.facebook.com\/profile.php?id=61576678196717","article_modified_time":"2026-02-21T16:16:56+00:00","og_image":[{"width":1600,"height":1600,"url":"https:\/\/vitablanca.ma\/wp-content\/uploads\/2026\/02\/204.jpg","type":"image\/jpeg"}],"twitter_card":"summary_large_image","twitter_misc":{"Est. reading time":"2 minutes"},"schema":{"@context":"https:\/\/schema.org","@graph":[{"@type":["WebPage","ItemPage"],"@id":"https:\/\/vitablanca.ma\/produit\/vitamine-d3-125-%c2%b5g-5000-iu-90-capsules-a-enveloppe-molle-a-base-de-gelatine-de-poisson\/","url":"https:\/\/vitablanca.ma\/produit\/vitamine-d3-125-%c2%b5g-5000-iu-90-capsules-a-enveloppe-molle-a-base-de-gelatine-de-poisson\/","name":"California Gold Nutrition Vitamine\u00a0D3 125\u00a0\u00b5g (5000\u00a0IU) 90\u00a0capsules \u00e0 enveloppe molle \u00e0 base de g\u00e9latine de poisson - Maroc Prix","isPartOf":{"@id":"https:\/\/vitablanca.ma\/#website"},"primaryImageOfPage":{"@id":"https:\/\/vitablanca.ma\/produit\/vitamine-d3-125-%c2%b5g-5000-iu-90-capsules-a-enveloppe-molle-a-base-de-gelatine-de-poisson\/#primaryimage"},"image":{"@id":"https:\/\/vitablanca.ma\/produit\/vitamine-d3-125-%c2%b5g-5000-iu-90-capsules-a-enveloppe-molle-a-base-de-gelatine-de-poisson\/#primaryimage"},"thumbnailUrl":"https:\/\/vitablanca.ma\/wp-content\/uploads\/2026\/02\/204.jpg","datePublished":"2026-02-05T00:19:06+00:00","dateModified":"2026-02-21T16:16:56+00:00","description":"California Gold Nutrition Vitamine\u00a0D3 125\u00a0\u00b5g (5000\u00a0IU) 90\u00a0capsules \u00e0 enveloppe molle \u00e0 base de g\u00e9latine de poisson","breadcrumb":{"@id":"https:\/\/vitablanca.ma\/produit\/vitamine-d3-125-%c2%b5g-5000-iu-90-capsules-a-enveloppe-molle-a-base-de-gelatine-de-poisson\/#breadcrumb"},"inLanguage":"en-US","potentialAction":[{"@type":"ReadAction","target":["https:\/\/vitablanca.ma\/produit\/vitamine-d3-125-%c2%b5g-5000-iu-90-capsules-a-enveloppe-molle-a-base-de-gelatine-de-poisson\/"]}]},{"@type":"ImageObject","inLanguage":"en-US","@id":"https:\/\/vitablanca.ma\/produit\/vitamine-d3-125-%c2%b5g-5000-iu-90-capsules-a-enveloppe-molle-a-base-de-gelatine-de-poisson\/#primaryimage","url":"https:\/\/vitablanca.ma\/wp-content\/uploads\/2026\/02\/204.jpg","contentUrl":"https:\/\/vitablanca.ma\/wp-content\/uploads\/2026\/02\/204.jpg","width":1600,"height":1600},{"@type":"BreadcrumbList","@id":"https:\/\/vitablanca.ma\/produit\/vitamine-d3-125-%c2%b5g-5000-iu-90-capsules-a-enveloppe-molle-a-base-de-gelatine-de-poisson\/#breadcrumb","itemListElement":[{"@type":"ListItem","position":1,"name":"Home","item":"https:\/\/vitablanca.ma\/"},{"@type":"ListItem","position":2,"name":"Tous Les Produits","item":"https:\/\/vitablanca.ma\/tous-les-produits\/"},{"@type":"ListItem","position":3,"name":"California Gold Nutrition Vitamine\u00a0D3 125\u00a0\u00b5g (5000\u00a0IU) 90\u00a0capsules \u00e0 enveloppe molle \u00e0 base de g\u00e9latine de poisson"}]},{"@type":"WebSite","@id":"https:\/\/vitablanca.ma\/#website","url":"https:\/\/vitablanca.ma\/","name":"VitaBlanca.ma | Food supplements, health &amp; beauty in Morocco","description":"sell premium vitamins and supplements from USA &amp; Canada, New Zealand, Morocco (NOW Foods, Solgar, Manuka). Fast delivery anywhere in Morocco.","publisher":{"@id":"https:\/\/vitablanca.ma\/#organization"},"alternateName":"VitaBlanca.ma","potentialAction":[{"@type":"SearchAction","target":{"@type":"EntryPoint","urlTemplate":"https:\/\/vitablanca.ma\/?s={search_term_string}"},"query-input":{"@type":"PropertyValueSpecification","valueRequired":true,"valueName":"search_term_string"}}],"inLanguage":"en-US"},{"@type":"Organization","@id":"https:\/\/vitablanca.ma\/#organization","name":"VitaBlanca","url":"https:\/\/vitablanca.ma\/","logo":{"@type":"ImageObject","inLanguage":"en-US","@id":"https:\/\/vitablanca.ma\/#\/schema\/logo\/image\/","url":"https:\/\/vitablanca.ma\/wp-content\/uploads\/2025\/05\/cropped-vitablanca.png","contentUrl":"https:\/\/vitablanca.ma\/wp-content\/uploads\/2025\/05\/cropped-vitablanca.png","width":360,"height":67,"caption":"VitaBlanca"},"image":{"@id":"https:\/\/vitablanca.ma\/#\/schema\/logo\/image\/"},"sameAs":["https:\/\/www.facebook.com\/profile.php?id=61576678196717","https:\/\/www.tiktok.com\/@vitablanca.ma","https:\/\/www.instagram.com\/vitablanca.ma\/"]}]}},"jetpack_sharing_enabled":true,"_links":{"self":[{"href":"https:\/\/vitablanca.ma\/en\/wp-json\/wp\/v2\/product\/29115","targetHints":{"allow":["GET"]}}],"collection":[{"href":"https:\/\/vitablanca.ma\/en\/wp-json\/wp\/v2\/product"}],"about":[{"href":"https:\/\/vitablanca.ma\/en\/wp-json\/wp\/v2\/types\/product"}],"wp:featuredmedia":[{"embeddable":true,"href":"https:\/\/vitablanca.ma\/en\/wp-json\/wp\/v2\/media\/29192"}],"wp:attachment":[{"href":"https:\/\/vitablanca.ma\/en\/wp-json\/wp\/v2\/media?parent=29115"}],"wp:term":[{"taxonomy":"product_brand","embeddable":true,"href":"https:\/\/vitablanca.ma\/en\/wp-json\/wp\/v2\/product_brand?post=29115"},{"taxonomy":"product_cat","embeddable":true,"href":"https:\/\/vitablanca.ma\/en\/wp-json\/wp\/v2\/product_cat?post=29115"},{"taxonomy":"product_tag","embeddable":true,"href":"https:\/\/vitablanca.ma\/en\/wp-json\/wp\/v2\/product_tag?post=29115"}],"curies":[{"name":"wp","href":"https:\/\/api.w.org\/{rel}","templated":true}]}}