{"id":29083,"date":"2026-02-05T00:17:55","date_gmt":"2026-02-05T00:17:55","guid":{"rendered":"https:\/\/vitablanca.ma\/?post_type=product&#038;p=29083"},"modified":"2026-02-21T16:16:56","modified_gmt":"2026-02-21T16:16:56","slug":"spiruline-biologique-usda-organic-500-mg-240-comprimes","status":"publish","type":"product","link":"https:\/\/vitablanca.ma\/en\/product\/spiruline-biologique-usda-organic-500-mg-240-comprimes\/","title":{"rendered":"California Gold Nutrition Spiruline biologique USDA\u00a0Organic 500\u00a0mg 240\u00a0comprim\u00e9s"},"content":{"rendered":"<p>Spiruline biologique de California\u00a0Gold\u00a0Nutrition<br \/>\nSuperaliment vert certifi\u00e9 USDA\u00a0Organic<br \/>\nIssue d&rsquo;algue bleue (spiruline)<br \/>\nSoutien antioxydant*<br \/>\nSuitable for vegetarians and vegans<br \/>\nFormul\u00e9s sans gluten, ni OGM, ni soja<br \/>\nProduit dans un \u00e9tablissement respectant les bonnes pratiques de fabrication actuelles (certifi\u00e9) et audit\u00e9 par une organisation tierce<br \/>\nGarantie 100\u00a0% Gold<\/p>\n<p>&nbsp;<br \/>\nLa spiruline est un type d&rsquo;algue bleue qui contient de nombreux compos\u00e9s b\u00e9n\u00e9fiques. La spiruline biologique de California\u00a0Gold\u00a0Nutrition contient une forme certifi\u00e9e USDA\u00a0Organic de ce superaliment vert pour fournir un soutien antioxydant.*<br \/>\nBienfaits de la spiruline<br \/>\nLes algues bleues sont consid\u00e9r\u00e9es comme des superaliments verts, car elles contiennent de nombreux nutriments b\u00e9n\u00e9fiques. L&rsquo;un de ces nutriments est une puissante prot\u00e9ine v\u00e9g\u00e9tale appel\u00e9e phycocyanine, le pigment qui donne \u00e0 la spiruline sa couleur bleu-vert. La phycocyanine aurait des propri\u00e9t\u00e9s antioxydantes et pourrait \u00e9galement am\u00e9liorer la fonction immunitaire.* La spiruline contient \u00e9galement de la chlorophylle, qui peut aider \u00e0 favoriser la production des globules rouges et \u00e0 prot\u00e9ger l&rsquo;organisme contre les toxines.*<br \/>\nLa spiruline biologique de California\u00a0Gold\u00a0Nutrition est fournie sous forme de comprim\u00e9s. La spiruline USP certifi\u00e9 de ce compl\u00e9ment provient de Parry\u00a0Nutraceuticals, un leader dans l&rsquo;industrie des algues bleues. Ce produit respecte ou d\u00e9passe les exigences qualitatives et quantitatives en mati\u00e8re de contr\u00f4le qualit\u00e9. En utilisant ce produit comme indiqu\u00e9, vous b\u00e9n\u00e9ficiez d&rsquo;une r\u00e9serve de 80\u00a0jours.<br \/>\n&nbsp;<br \/>\nSuggested Use<br \/>\nPrenez 3\u00a0comprim\u00e9s par jour pendant ou en dehors des repas. Respectez les consignes d&rsquo;utilisation donn\u00e9es par un professionnel de la sant\u00e9 qualifi\u00e9.<br \/>\nOther ingredients<br \/>\nIngr\u00e9dients principaux<br \/>\nSpiruline biologique<br \/>\nOther ingredients<br \/>\nAucun<br \/>\nCe produit est \u00e9labor\u00e9 sans lait, \u0153ufs, poisson, crustac\u00e9s, fruits \u00e0 coque, arachides, bl\u00e9, soja ou gluten. Produite dans un \u00e9tablissement, respectant les BPF actuelles,, audit\u00e9 par une organisation tierce et susceptible de transformer d&rsquo;autres produits qui contiennent ces allerg\u00e8nes ou ingr\u00e9dients.<br \/>\nWarnings<br \/>\nTenir hors de port\u00e9e des enfants. Les femmes enceintes ou allaitantes, les personnes atteintes d&rsquo;une maladie chronique, les personnes \u00e2g\u00e9es, les personnes de moins de 18\u00a0ans, les personnes suivant un traitement m\u00e9dical (ex\u00a0: des anticoagulants) ainsi que celles qui souffrent d&rsquo;une maladie diagnostiqu\u00e9e par un m\u00e9decin doivent demander l&rsquo;avis d&rsquo;un m\u00e9decin, d&rsquo;un pharmacien, d&rsquo;un naturopathe ou d&rsquo;un autre professionnel qualifi\u00e9 de la sant\u00e9 avant de prendre des compl\u00e9ments alimentaires.<br \/>\nScell\u00e9 pour votre protection. Ne pas utiliser si l&rsquo;opercule est absent ou rompu. Conserver \u00e0 temp\u00e9rature ambiante contr\u00f4l\u00e9e entre 20\u00a0\u00b0C et 25\u00a0\u00b0C. De mauvaises conditions de stockage, comme une exposition prolong\u00e9e \u00e0 la lumi\u00e8re directe du soleil, \u00e0 une forte chaleur &amp; \u00e0 l&rsquo;humidit\u00e9, peuvent entra\u00eener la d\u00e9gradation du produit sur le long terme.<\/p>","protected":false},"excerpt":{"rendered":"<p>Spiruline biologique de California\u00a0Gold\u00a0Nutrition Superaliment vert certifi\u00e9 USDA\u00a0Organic Issue d&rsquo;algue bleue (spiruline) Soutien antioxydant* Convient aux v\u00e9g\u00e9tariens et aux v\u00e9gans Formul\u00e9s sans gluten, ni OGM, ni soja Produit dans un \u00e9tablissement respectant les bonnes pratiques de fabrication actuelles (certifi\u00e9) et audit\u00e9 par une organisation tierce Garantie 100\u00a0% Gold &nbsp; La spiruline est un type d&rsquo;algue [&hellip;]<\/p>\n","protected":false},"featured_media":29161,"template":"","meta":{"om_disable_all_campaigns":false},"product_brand":[2176],"product_cat":[18,3366,7984],"product_tag":[],"class_list":{"0":"post-29083","1":"product","2":"type-product","3":"status-publish","4":"has-post-thumbnail","6":"product_brand-california-gold-nutrition","7":"product_cat-beaute-sante","8":"product_cat-complements-alimentaires-au-maroc-vitablanca","9":"product_cat-vegetaux-super-aliments","11":"first","12":"instock","13":"sale","14":"taxable","15":"shipping-taxable","16":"purchasable","17":"product-type-simple"},"yoast_head":"<!-- This site is optimized with the Yoast SEO plugin v27.3 - https:\/\/yoast.com\/product\/yoast-seo-wordpress\/ -->\n<title>California Gold Nutrition Spiruline biologique USDA\u00a0Organic 500\u00a0mg 240\u00a0comprim\u00e9s - Maroc Prix<\/title>\n<meta name=\"description\" content=\"California Gold Nutrition Spiruline biologique USDA\u00a0Organic 500\u00a0mg 240\u00a0comprim\u00e9s\" \/>\n<meta name=\"robots\" content=\"index, follow, max-snippet:-1, max-image-preview:large, max-video-preview:-1\" \/>\n<link rel=\"canonical\" href=\"https:\/\/vitablanca.ma\/en\/product\/spiruline-biologique-usda-organic-500-mg-240-comprimes\/\" \/>\n<meta property=\"og:locale\" content=\"en_US\" \/>\n<meta property=\"og:type\" content=\"article\" \/>\n<meta property=\"og:title\" content=\"California Gold Nutrition Spiruline biologique USDA\u00a0Organic 500\u00a0mg 240\u00a0comprim\u00e9s - Maroc Prix\" \/>\n<meta property=\"og:description\" content=\"California Gold Nutrition Spiruline biologique USDA\u00a0Organic 500\u00a0mg 240\u00a0comprim\u00e9s\" \/>\n<meta property=\"og:url\" content=\"https:\/\/vitablanca.ma\/en\/product\/spiruline-biologique-usda-organic-500-mg-240-comprimes\/\" \/>\n<meta property=\"og:site_name\" content=\"Vitablanca.ma &ndash; Sant&eacute;, vitalit&eacute; et bien-&ecirc;tre pour tous les Marocains\" \/>\n<meta property=\"article:publisher\" content=\"https:\/\/www.facebook.com\/profile.php?id=61576678196717\" \/>\n<meta property=\"article:modified_time\" content=\"2026-02-21T16:16:56+00:00\" \/>\n<meta property=\"og:image\" content=\"https:\/\/vitablanca.ma\/wp-content\/uploads\/2026\/02\/164.jpg\" \/>\n\t<meta property=\"og:image:width\" content=\"1600\" \/>\n\t<meta property=\"og:image:height\" content=\"1600\" \/>\n\t<meta property=\"og:image:type\" content=\"image\/jpeg\" \/>\n<meta name=\"twitter:card\" content=\"summary_large_image\" \/>\n<meta name=\"twitter:label1\" content=\"Est. reading time\" \/>\n\t<meta name=\"twitter:data1\" content=\"2 minutes\" \/>\n<script type=\"application\/ld+json\" class=\"yoast-schema-graph\">{\"@context\":\"https:\\\/\\\/schema.org\",\"@graph\":[{\"@type\":[\"WebPage\",\"ItemPage\"],\"@id\":\"https:\\\/\\\/vitablanca.ma\\\/produit\\\/spiruline-biologique-usda-organic-500-mg-240-comprimes\\\/\",\"url\":\"https:\\\/\\\/vitablanca.ma\\\/produit\\\/spiruline-biologique-usda-organic-500-mg-240-comprimes\\\/\",\"name\":\"California Gold Nutrition Spiruline biologique USDA\u00a0Organic 500\u00a0mg 240\u00a0comprim\u00e9s - Maroc Prix\",\"isPartOf\":{\"@id\":\"https:\\\/\\\/vitablanca.ma\\\/#website\"},\"primaryImageOfPage\":{\"@id\":\"https:\\\/\\\/vitablanca.ma\\\/produit\\\/spiruline-biologique-usda-organic-500-mg-240-comprimes\\\/#primaryimage\"},\"image\":{\"@id\":\"https:\\\/\\\/vitablanca.ma\\\/produit\\\/spiruline-biologique-usda-organic-500-mg-240-comprimes\\\/#primaryimage\"},\"thumbnailUrl\":\"https:\\\/\\\/vitablanca.ma\\\/wp-content\\\/uploads\\\/2026\\\/02\\\/164.jpg\",\"datePublished\":\"2026-02-05T00:17:55+00:00\",\"dateModified\":\"2026-02-21T16:16:56+00:00\",\"description\":\"California Gold Nutrition Spiruline biologique USDA\u00a0Organic 500\u00a0mg 240\u00a0comprim\u00e9s\",\"breadcrumb\":{\"@id\":\"https:\\\/\\\/vitablanca.ma\\\/produit\\\/spiruline-biologique-usda-organic-500-mg-240-comprimes\\\/#breadcrumb\"},\"inLanguage\":\"en-US\",\"potentialAction\":[{\"@type\":\"ReadAction\",\"target\":[\"https:\\\/\\\/vitablanca.ma\\\/produit\\\/spiruline-biologique-usda-organic-500-mg-240-comprimes\\\/\"]}]},{\"@type\":\"ImageObject\",\"inLanguage\":\"en-US\",\"@id\":\"https:\\\/\\\/vitablanca.ma\\\/produit\\\/spiruline-biologique-usda-organic-500-mg-240-comprimes\\\/#primaryimage\",\"url\":\"https:\\\/\\\/vitablanca.ma\\\/wp-content\\\/uploads\\\/2026\\\/02\\\/164.jpg\",\"contentUrl\":\"https:\\\/\\\/vitablanca.ma\\\/wp-content\\\/uploads\\\/2026\\\/02\\\/164.jpg\",\"width\":1600,\"height\":1600},{\"@type\":\"BreadcrumbList\",\"@id\":\"https:\\\/\\\/vitablanca.ma\\\/produit\\\/spiruline-biologique-usda-organic-500-mg-240-comprimes\\\/#breadcrumb\",\"itemListElement\":[{\"@type\":\"ListItem\",\"position\":1,\"name\":\"Home\",\"item\":\"https:\\\/\\\/vitablanca.ma\\\/\"},{\"@type\":\"ListItem\",\"position\":2,\"name\":\"Tous Les Produits\",\"item\":\"https:\\\/\\\/vitablanca.ma\\\/tous-les-produits\\\/\"},{\"@type\":\"ListItem\",\"position\":3,\"name\":\"California Gold Nutrition Spiruline biologique USDA\u00a0Organic 500\u00a0mg 240\u00a0comprim\u00e9s\"}]},{\"@type\":\"WebSite\",\"@id\":\"https:\\\/\\\/vitablanca.ma\\\/#website\",\"url\":\"https:\\\/\\\/vitablanca.ma\\\/\",\"name\":\"VitaBlanca.ma | Compl\u00e9ments alimentaires, sant\u00e9 & beaut\u00e9 au Maroc\",\"description\":\"vendre vitamines et compl\u00e9ments premium des USA &amp; Canada, Nouvelle Z\u00e9lande,Maroc (NOW Foods, Solgar, Manuka). Livraison rapide partout au Maroc.\",\"publisher\":{\"@id\":\"https:\\\/\\\/vitablanca.ma\\\/#organization\"},\"alternateName\":\"VitaBlanca.ma\",\"potentialAction\":[{\"@type\":\"SearchAction\",\"target\":{\"@type\":\"EntryPoint\",\"urlTemplate\":\"https:\\\/\\\/vitablanca.ma\\\/?s={search_term_string}\"},\"query-input\":{\"@type\":\"PropertyValueSpecification\",\"valueRequired\":true,\"valueName\":\"search_term_string\"}}],\"inLanguage\":\"en-US\"},{\"@type\":\"Organization\",\"@id\":\"https:\\\/\\\/vitablanca.ma\\\/#organization\",\"name\":\"VitaBlanca\",\"url\":\"https:\\\/\\\/vitablanca.ma\\\/\",\"logo\":{\"@type\":\"ImageObject\",\"inLanguage\":\"en-US\",\"@id\":\"https:\\\/\\\/vitablanca.ma\\\/#\\\/schema\\\/logo\\\/image\\\/\",\"url\":\"https:\\\/\\\/vitablanca.ma\\\/wp-content\\\/uploads\\\/2025\\\/05\\\/cropped-vitablanca.png\",\"contentUrl\":\"https:\\\/\\\/vitablanca.ma\\\/wp-content\\\/uploads\\\/2025\\\/05\\\/cropped-vitablanca.png\",\"width\":360,\"height\":67,\"caption\":\"VitaBlanca\"},\"image\":{\"@id\":\"https:\\\/\\\/vitablanca.ma\\\/#\\\/schema\\\/logo\\\/image\\\/\"},\"sameAs\":[\"https:\\\/\\\/www.facebook.com\\\/profile.php?id=61576678196717\",\"https:\\\/\\\/www.tiktok.com\\\/@vitablanca.ma\",\"https:\\\/\\\/www.instagram.com\\\/vitablanca.ma\\\/\"]}]}<\/script>\n<!-- \/ Yoast SEO plugin. -->","yoast_head_json":{"title":"California Gold Nutrition Spiruline biologique USDA\u00a0Organic 500\u00a0mg 240\u00a0comprim\u00e9s - Maroc Prix","description":"California Gold Nutrition Spiruline biologique USDA\u00a0Organic 500\u00a0mg 240\u00a0comprim\u00e9s","robots":{"index":"index","follow":"follow","max-snippet":"max-snippet:-1","max-image-preview":"max-image-preview:large","max-video-preview":"max-video-preview:-1"},"canonical":"https:\/\/vitablanca.ma\/en\/product\/spiruline-biologique-usda-organic-500-mg-240-comprimes\/","og_locale":"en_US","og_type":"article","og_title":"California Gold Nutrition Spiruline biologique USDA\u00a0Organic 500\u00a0mg 240\u00a0comprim\u00e9s - Maroc Prix","og_description":"California Gold Nutrition Spiruline biologique USDA\u00a0Organic 500\u00a0mg 240\u00a0comprim\u00e9s","og_url":"https:\/\/vitablanca.ma\/en\/product\/spiruline-biologique-usda-organic-500-mg-240-comprimes\/","og_site_name":"Vitablanca.ma &ndash; Sant&eacute;, vitalit&eacute; et bien-&ecirc;tre pour tous les Marocains","article_publisher":"https:\/\/www.facebook.com\/profile.php?id=61576678196717","article_modified_time":"2026-02-21T16:16:56+00:00","og_image":[{"width":1600,"height":1600,"url":"https:\/\/vitablanca.ma\/wp-content\/uploads\/2026\/02\/164.jpg","type":"image\/jpeg"}],"twitter_card":"summary_large_image","twitter_misc":{"Est. reading time":"2 minutes"},"schema":{"@context":"https:\/\/schema.org","@graph":[{"@type":["WebPage","ItemPage"],"@id":"https:\/\/vitablanca.ma\/produit\/spiruline-biologique-usda-organic-500-mg-240-comprimes\/","url":"https:\/\/vitablanca.ma\/produit\/spiruline-biologique-usda-organic-500-mg-240-comprimes\/","name":"California Gold Nutrition Spiruline biologique USDA\u00a0Organic 500\u00a0mg 240\u00a0comprim\u00e9s - Maroc Prix","isPartOf":{"@id":"https:\/\/vitablanca.ma\/#website"},"primaryImageOfPage":{"@id":"https:\/\/vitablanca.ma\/produit\/spiruline-biologique-usda-organic-500-mg-240-comprimes\/#primaryimage"},"image":{"@id":"https:\/\/vitablanca.ma\/produit\/spiruline-biologique-usda-organic-500-mg-240-comprimes\/#primaryimage"},"thumbnailUrl":"https:\/\/vitablanca.ma\/wp-content\/uploads\/2026\/02\/164.jpg","datePublished":"2026-02-05T00:17:55+00:00","dateModified":"2026-02-21T16:16:56+00:00","description":"California Gold Nutrition Spiruline biologique USDA\u00a0Organic 500\u00a0mg 240\u00a0comprim\u00e9s","breadcrumb":{"@id":"https:\/\/vitablanca.ma\/produit\/spiruline-biologique-usda-organic-500-mg-240-comprimes\/#breadcrumb"},"inLanguage":"en-US","potentialAction":[{"@type":"ReadAction","target":["https:\/\/vitablanca.ma\/produit\/spiruline-biologique-usda-organic-500-mg-240-comprimes\/"]}]},{"@type":"ImageObject","inLanguage":"en-US","@id":"https:\/\/vitablanca.ma\/produit\/spiruline-biologique-usda-organic-500-mg-240-comprimes\/#primaryimage","url":"https:\/\/vitablanca.ma\/wp-content\/uploads\/2026\/02\/164.jpg","contentUrl":"https:\/\/vitablanca.ma\/wp-content\/uploads\/2026\/02\/164.jpg","width":1600,"height":1600},{"@type":"BreadcrumbList","@id":"https:\/\/vitablanca.ma\/produit\/spiruline-biologique-usda-organic-500-mg-240-comprimes\/#breadcrumb","itemListElement":[{"@type":"ListItem","position":1,"name":"Home","item":"https:\/\/vitablanca.ma\/"},{"@type":"ListItem","position":2,"name":"Tous Les Produits","item":"https:\/\/vitablanca.ma\/tous-les-produits\/"},{"@type":"ListItem","position":3,"name":"California Gold Nutrition Spiruline biologique USDA\u00a0Organic 500\u00a0mg 240\u00a0comprim\u00e9s"}]},{"@type":"WebSite","@id":"https:\/\/vitablanca.ma\/#website","url":"https:\/\/vitablanca.ma\/","name":"VitaBlanca.ma | Food supplements, health &amp; beauty in Morocco","description":"sell premium vitamins and supplements from USA &amp; Canada, New Zealand, Morocco (NOW Foods, Solgar, Manuka). Fast delivery anywhere in Morocco.","publisher":{"@id":"https:\/\/vitablanca.ma\/#organization"},"alternateName":"VitaBlanca.ma","potentialAction":[{"@type":"SearchAction","target":{"@type":"EntryPoint","urlTemplate":"https:\/\/vitablanca.ma\/?s={search_term_string}"},"query-input":{"@type":"PropertyValueSpecification","valueRequired":true,"valueName":"search_term_string"}}],"inLanguage":"en-US"},{"@type":"Organization","@id":"https:\/\/vitablanca.ma\/#organization","name":"VitaBlanca","url":"https:\/\/vitablanca.ma\/","logo":{"@type":"ImageObject","inLanguage":"en-US","@id":"https:\/\/vitablanca.ma\/#\/schema\/logo\/image\/","url":"https:\/\/vitablanca.ma\/wp-content\/uploads\/2025\/05\/cropped-vitablanca.png","contentUrl":"https:\/\/vitablanca.ma\/wp-content\/uploads\/2025\/05\/cropped-vitablanca.png","width":360,"height":67,"caption":"VitaBlanca"},"image":{"@id":"https:\/\/vitablanca.ma\/#\/schema\/logo\/image\/"},"sameAs":["https:\/\/www.facebook.com\/profile.php?id=61576678196717","https:\/\/www.tiktok.com\/@vitablanca.ma","https:\/\/www.instagram.com\/vitablanca.ma\/"]}]}},"jetpack_sharing_enabled":true,"_links":{"self":[{"href":"https:\/\/vitablanca.ma\/en\/wp-json\/wp\/v2\/product\/29083","targetHints":{"allow":["GET"]}}],"collection":[{"href":"https:\/\/vitablanca.ma\/en\/wp-json\/wp\/v2\/product"}],"about":[{"href":"https:\/\/vitablanca.ma\/en\/wp-json\/wp\/v2\/types\/product"}],"wp:featuredmedia":[{"embeddable":true,"href":"https:\/\/vitablanca.ma\/en\/wp-json\/wp\/v2\/media\/29161"}],"wp:attachment":[{"href":"https:\/\/vitablanca.ma\/en\/wp-json\/wp\/v2\/media?parent=29083"}],"wp:term":[{"taxonomy":"product_brand","embeddable":true,"href":"https:\/\/vitablanca.ma\/en\/wp-json\/wp\/v2\/product_brand?post=29083"},{"taxonomy":"product_cat","embeddable":true,"href":"https:\/\/vitablanca.ma\/en\/wp-json\/wp\/v2\/product_cat?post=29083"},{"taxonomy":"product_tag","embeddable":true,"href":"https:\/\/vitablanca.ma\/en\/wp-json\/wp\/v2\/product_tag?post=29083"}],"curies":[{"name":"wp","href":"https:\/\/api.w.org\/{rel}","templated":true}]}}