{"id":29068,"date":"2026-02-05T00:17:28","date_gmt":"2026-02-05T00:17:28","guid":{"rendered":"https:\/\/vitablanca.ma\/?post_type=product&#038;p=29068"},"modified":"2026-02-21T16:16:56","modified_gmt":"2026-02-21T16:16:56","slug":"champignon-reishi-fermente-1000-mg-60-capsules-biologiques-500-mg-par-capsule","status":"publish","type":"product","link":"https:\/\/vitablanca.ma\/en\/product\/champignon-reishi-fermente-1000-mg-60-capsules-biologiques-500-mg-par-capsule\/","title":{"rendered":"Solaray Champignon reishi ferment\u00e9 1000 mg 60 capsules biologiques"},"content":{"rendered":"<p>Gluten free<br \/>\nGMO-free<br \/>\n100 % vegan<br \/>\nFood supplement<br \/>\nGanoderma lucidum<br \/>\nG\u00e9lule de 500 mg<br \/>\nMushroom<br \/>\nLaboratory tested<\/p>\n<p>Discussion\u00a0: Les champignons de culture biologique de Solaray sont 100\u00a0% v\u00e9g\u00e9taliens, sans excipient et ne contiennent pas d&rsquo;agents de charge ni d&rsquo;ingr\u00e9dients suppl\u00e9mentaires. La biomasse du myc\u00e9lium des champignons biologiques est cultiv\u00e9e sur de l&rsquo;avoine enti\u00e8re biologique sans gluten, puis ferment\u00e9e. Le myc\u00e9lium est la partie v\u00e9g\u00e9tative des champignons. C&rsquo;est \u00e0 travers cette substance racinaire que le champignon absorbe les nutriments.<br \/>\nSuggested Use<br \/>\nUtiliser uniquement selon les indications. Prendre deux g\u00e9lules v\u00e9g\u00e9tales avec les repas ou un verre d&rsquo;eau.<br \/>\nOther ingredients<br \/>\nCapsule de cellulose v\u00e9g\u00e9tale.<br \/>\nWarnings<br \/>\nStore in a cool, dry place.<br \/>\nNe pas consommer si l&rsquo;opercule de s\u00e9curit\u00e9 est absent ou endommag\u00e9. Conserver hors de port\u00e9e des enfants. Informez votre professionnel de la sant\u00e9 de l&rsquo;utilisation de ce produit.<\/p>","protected":false},"excerpt":{"rendered":"<p>Sans gluten Sans OGM 100\u00a0% v\u00e9g\u00e9talien Compl\u00e9ment alimentaire Ganoderma lucidum G\u00e9lule de 500 mg Champignon Contr\u00f4l\u00e9 en laboratoire Discussion\u00a0: Les champignons de culture biologique de Solaray sont 100\u00a0% v\u00e9g\u00e9taliens, sans excipient et ne contiennent pas d&rsquo;agents de charge ni d&rsquo;ingr\u00e9dients suppl\u00e9mentaires. La biomasse du myc\u00e9lium des champignons biologiques est cultiv\u00e9e sur de l&rsquo;avoine enti\u00e8re biologique [&hellip;]<\/p>\n","protected":false},"featured_media":29157,"template":"","meta":{"om_disable_all_campaigns":false},"product_brand":[42],"product_cat":[18,8057,3366],"product_tag":[],"class_list":{"0":"post-29068","1":"product","2":"type-product","3":"status-publish","4":"has-post-thumbnail","6":"product_brand-solgar-prix-maroc","7":"product_cat-beaute-sante","8":"product_cat-champignons-2","9":"product_cat-complements-alimentaires-au-maroc-vitablanca","11":"first","12":"instock","13":"sale","14":"taxable","15":"shipping-taxable","16":"purchasable","17":"product-type-simple"},"yoast_head":"<!-- This site is optimized with the Yoast SEO plugin v27.4 - https:\/\/yoast.com\/product\/yoast-seo-wordpress\/ -->\n<title>Solaray Champignon reishi ferment\u00e9 1000 mg 60 capsules biologiques - Maroc Prix<\/title>\n<meta name=\"description\" content=\"Solaray Champignon reishi ferment\u00e9 1000 mg 60 capsules biologiques\" \/>\n<meta name=\"robots\" content=\"index, follow, max-snippet:-1, max-image-preview:large, max-video-preview:-1\" \/>\n<link rel=\"canonical\" href=\"https:\/\/vitablanca.ma\/en\/product\/champignon-reishi-fermente-1000-mg-60-capsules-biologiques-500-mg-par-capsule\/\" \/>\n<meta property=\"og:locale\" content=\"en_US\" \/>\n<meta property=\"og:type\" content=\"article\" \/>\n<meta property=\"og:title\" content=\"Solaray Champignon reishi ferment\u00e9 1000 mg 60 capsules biologiques - Maroc Prix\" \/>\n<meta property=\"og:description\" content=\"Solaray Champignon reishi ferment\u00e9 1000 mg 60 capsules biologiques\" \/>\n<meta property=\"og:url\" content=\"https:\/\/vitablanca.ma\/en\/product\/champignon-reishi-fermente-1000-mg-60-capsules-biologiques-500-mg-par-capsule\/\" \/>\n<meta property=\"og:site_name\" content=\"Vitablanca.ma &ndash; Sant&eacute;, vitalit&eacute; et bien-&ecirc;tre pour tous les Marocains\" \/>\n<meta property=\"article:publisher\" content=\"https:\/\/www.facebook.com\/profile.php?id=61576678196717\" \/>\n<meta property=\"article:modified_time\" content=\"2026-02-21T16:16:56+00:00\" \/>\n<meta property=\"og:image\" content=\"https:\/\/vitablanca.ma\/wp-content\/uploads\/2026\/02\/22-6.jpg\" \/>\n\t<meta property=\"og:image:width\" content=\"1600\" \/>\n\t<meta property=\"og:image:height\" content=\"1600\" \/>\n\t<meta property=\"og:image:type\" content=\"image\/jpeg\" \/>\n<meta name=\"twitter:card\" content=\"summary_large_image\" \/>\n<meta name=\"twitter:label1\" content=\"Est. reading time\" \/>\n\t<meta name=\"twitter:data1\" content=\"1 minute\" \/>\n<script type=\"application\/ld+json\" class=\"yoast-schema-graph\">{\"@context\":\"https:\\\/\\\/schema.org\",\"@graph\":[{\"@type\":[\"WebPage\",\"ItemPage\"],\"@id\":\"https:\\\/\\\/vitablanca.ma\\\/produit\\\/champignon-reishi-fermente-1000-mg-60-capsules-biologiques-500-mg-par-capsule\\\/\",\"url\":\"https:\\\/\\\/vitablanca.ma\\\/produit\\\/champignon-reishi-fermente-1000-mg-60-capsules-biologiques-500-mg-par-capsule\\\/\",\"name\":\"Solaray Champignon reishi ferment\u00e9 1000 mg 60 capsules biologiques - Maroc Prix\",\"isPartOf\":{\"@id\":\"https:\\\/\\\/vitablanca.ma\\\/#website\"},\"primaryImageOfPage\":{\"@id\":\"https:\\\/\\\/vitablanca.ma\\\/produit\\\/champignon-reishi-fermente-1000-mg-60-capsules-biologiques-500-mg-par-capsule\\\/#primaryimage\"},\"image\":{\"@id\":\"https:\\\/\\\/vitablanca.ma\\\/produit\\\/champignon-reishi-fermente-1000-mg-60-capsules-biologiques-500-mg-par-capsule\\\/#primaryimage\"},\"thumbnailUrl\":\"https:\\\/\\\/vitablanca.ma\\\/wp-content\\\/uploads\\\/2026\\\/02\\\/22-6.jpg\",\"datePublished\":\"2026-02-05T00:17:28+00:00\",\"dateModified\":\"2026-02-21T16:16:56+00:00\",\"description\":\"Solaray Champignon reishi ferment\u00e9 1000 mg 60 capsules biologiques\",\"breadcrumb\":{\"@id\":\"https:\\\/\\\/vitablanca.ma\\\/produit\\\/champignon-reishi-fermente-1000-mg-60-capsules-biologiques-500-mg-par-capsule\\\/#breadcrumb\"},\"inLanguage\":\"en-US\",\"potentialAction\":[{\"@type\":\"ReadAction\",\"target\":[\"https:\\\/\\\/vitablanca.ma\\\/produit\\\/champignon-reishi-fermente-1000-mg-60-capsules-biologiques-500-mg-par-capsule\\\/\"]}]},{\"@type\":\"ImageObject\",\"inLanguage\":\"en-US\",\"@id\":\"https:\\\/\\\/vitablanca.ma\\\/produit\\\/champignon-reishi-fermente-1000-mg-60-capsules-biologiques-500-mg-par-capsule\\\/#primaryimage\",\"url\":\"https:\\\/\\\/vitablanca.ma\\\/wp-content\\\/uploads\\\/2026\\\/02\\\/22-6.jpg\",\"contentUrl\":\"https:\\\/\\\/vitablanca.ma\\\/wp-content\\\/uploads\\\/2026\\\/02\\\/22-6.jpg\",\"width\":1600,\"height\":1600},{\"@type\":\"BreadcrumbList\",\"@id\":\"https:\\\/\\\/vitablanca.ma\\\/produit\\\/champignon-reishi-fermente-1000-mg-60-capsules-biologiques-500-mg-par-capsule\\\/#breadcrumb\",\"itemListElement\":[{\"@type\":\"ListItem\",\"position\":1,\"name\":\"Home\",\"item\":\"https:\\\/\\\/vitablanca.ma\\\/\"},{\"@type\":\"ListItem\",\"position\":2,\"name\":\"Tous Les Produits\",\"item\":\"https:\\\/\\\/vitablanca.ma\\\/tous-les-produits\\\/\"},{\"@type\":\"ListItem\",\"position\":3,\"name\":\"Solaray Champignon reishi ferment\u00e9 1000 mg 60 capsules biologiques\"}]},{\"@type\":\"WebSite\",\"@id\":\"https:\\\/\\\/vitablanca.ma\\\/#website\",\"url\":\"https:\\\/\\\/vitablanca.ma\\\/\",\"name\":\"VitaBlanca.ma | Compl\u00e9ments alimentaires, sant\u00e9 & beaut\u00e9 au Maroc\",\"description\":\"vendre vitamines et compl\u00e9ments premium des USA &amp; Canada, Nouvelle Z\u00e9lande,Maroc (NOW Foods, Solgar, Manuka). Livraison rapide partout au Maroc.\",\"publisher\":{\"@id\":\"https:\\\/\\\/vitablanca.ma\\\/#organization\"},\"alternateName\":\"VitaBlanca.ma\",\"potentialAction\":[{\"@type\":\"SearchAction\",\"target\":{\"@type\":\"EntryPoint\",\"urlTemplate\":\"https:\\\/\\\/vitablanca.ma\\\/?s={search_term_string}\"},\"query-input\":{\"@type\":\"PropertyValueSpecification\",\"valueRequired\":true,\"valueName\":\"search_term_string\"}}],\"inLanguage\":\"en-US\"},{\"@type\":\"Organization\",\"@id\":\"https:\\\/\\\/vitablanca.ma\\\/#organization\",\"name\":\"VitaBlanca\",\"url\":\"https:\\\/\\\/vitablanca.ma\\\/\",\"logo\":{\"@type\":\"ImageObject\",\"inLanguage\":\"en-US\",\"@id\":\"https:\\\/\\\/vitablanca.ma\\\/#\\\/schema\\\/logo\\\/image\\\/\",\"url\":\"https:\\\/\\\/vitablanca.ma\\\/wp-content\\\/uploads\\\/2025\\\/05\\\/cropped-vitablanca.png\",\"contentUrl\":\"https:\\\/\\\/vitablanca.ma\\\/wp-content\\\/uploads\\\/2025\\\/05\\\/cropped-vitablanca.png\",\"width\":360,\"height\":67,\"caption\":\"VitaBlanca\"},\"image\":{\"@id\":\"https:\\\/\\\/vitablanca.ma\\\/#\\\/schema\\\/logo\\\/image\\\/\"},\"sameAs\":[\"https:\\\/\\\/www.facebook.com\\\/profile.php?id=61576678196717\",\"https:\\\/\\\/www.tiktok.com\\\/@vitablanca.ma\",\"https:\\\/\\\/www.instagram.com\\\/vitablanca.ma\\\/\"]}]}<\/script>\n<!-- \/ Yoast SEO plugin. -->","yoast_head_json":{"title":"Solaray Champignon reishi ferment\u00e9 1000 mg 60 capsules biologiques - Maroc Prix","description":"Solaray Champignon reishi ferment\u00e9 1000 mg 60 capsules biologiques","robots":{"index":"index","follow":"follow","max-snippet":"max-snippet:-1","max-image-preview":"max-image-preview:large","max-video-preview":"max-video-preview:-1"},"canonical":"https:\/\/vitablanca.ma\/en\/product\/champignon-reishi-fermente-1000-mg-60-capsules-biologiques-500-mg-par-capsule\/","og_locale":"en_US","og_type":"article","og_title":"Solaray Champignon reishi ferment\u00e9 1000 mg 60 capsules biologiques - Maroc Prix","og_description":"Solaray Champignon reishi ferment\u00e9 1000 mg 60 capsules biologiques","og_url":"https:\/\/vitablanca.ma\/en\/product\/champignon-reishi-fermente-1000-mg-60-capsules-biologiques-500-mg-par-capsule\/","og_site_name":"Vitablanca.ma &ndash; Sant&eacute;, vitalit&eacute; et bien-&ecirc;tre pour tous les Marocains","article_publisher":"https:\/\/www.facebook.com\/profile.php?id=61576678196717","article_modified_time":"2026-02-21T16:16:56+00:00","og_image":[{"width":1600,"height":1600,"url":"https:\/\/vitablanca.ma\/wp-content\/uploads\/2026\/02\/22-6.jpg","type":"image\/jpeg"}],"twitter_card":"summary_large_image","twitter_misc":{"Est. reading time":"1 minute"},"schema":{"@context":"https:\/\/schema.org","@graph":[{"@type":["WebPage","ItemPage"],"@id":"https:\/\/vitablanca.ma\/produit\/champignon-reishi-fermente-1000-mg-60-capsules-biologiques-500-mg-par-capsule\/","url":"https:\/\/vitablanca.ma\/produit\/champignon-reishi-fermente-1000-mg-60-capsules-biologiques-500-mg-par-capsule\/","name":"Solaray Champignon reishi ferment\u00e9 1000 mg 60 capsules biologiques - Maroc Prix","isPartOf":{"@id":"https:\/\/vitablanca.ma\/#website"},"primaryImageOfPage":{"@id":"https:\/\/vitablanca.ma\/produit\/champignon-reishi-fermente-1000-mg-60-capsules-biologiques-500-mg-par-capsule\/#primaryimage"},"image":{"@id":"https:\/\/vitablanca.ma\/produit\/champignon-reishi-fermente-1000-mg-60-capsules-biologiques-500-mg-par-capsule\/#primaryimage"},"thumbnailUrl":"https:\/\/vitablanca.ma\/wp-content\/uploads\/2026\/02\/22-6.jpg","datePublished":"2026-02-05T00:17:28+00:00","dateModified":"2026-02-21T16:16:56+00:00","description":"Solaray Champignon reishi ferment\u00e9 1000 mg 60 capsules biologiques","breadcrumb":{"@id":"https:\/\/vitablanca.ma\/produit\/champignon-reishi-fermente-1000-mg-60-capsules-biologiques-500-mg-par-capsule\/#breadcrumb"},"inLanguage":"en-US","potentialAction":[{"@type":"ReadAction","target":["https:\/\/vitablanca.ma\/produit\/champignon-reishi-fermente-1000-mg-60-capsules-biologiques-500-mg-par-capsule\/"]}]},{"@type":"ImageObject","inLanguage":"en-US","@id":"https:\/\/vitablanca.ma\/produit\/champignon-reishi-fermente-1000-mg-60-capsules-biologiques-500-mg-par-capsule\/#primaryimage","url":"https:\/\/vitablanca.ma\/wp-content\/uploads\/2026\/02\/22-6.jpg","contentUrl":"https:\/\/vitablanca.ma\/wp-content\/uploads\/2026\/02\/22-6.jpg","width":1600,"height":1600},{"@type":"BreadcrumbList","@id":"https:\/\/vitablanca.ma\/produit\/champignon-reishi-fermente-1000-mg-60-capsules-biologiques-500-mg-par-capsule\/#breadcrumb","itemListElement":[{"@type":"ListItem","position":1,"name":"Home","item":"https:\/\/vitablanca.ma\/"},{"@type":"ListItem","position":2,"name":"Tous Les Produits","item":"https:\/\/vitablanca.ma\/tous-les-produits\/"},{"@type":"ListItem","position":3,"name":"Solaray Champignon reishi ferment\u00e9 1000 mg 60 capsules biologiques"}]},{"@type":"WebSite","@id":"https:\/\/vitablanca.ma\/#website","url":"https:\/\/vitablanca.ma\/","name":"VitaBlanca.ma | Food supplements, health &amp; beauty in Morocco","description":"sell premium vitamins and supplements from USA &amp; Canada, New Zealand, Morocco (NOW Foods, Solgar, Manuka). Fast delivery anywhere in Morocco.","publisher":{"@id":"https:\/\/vitablanca.ma\/#organization"},"alternateName":"VitaBlanca.ma","potentialAction":[{"@type":"SearchAction","target":{"@type":"EntryPoint","urlTemplate":"https:\/\/vitablanca.ma\/?s={search_term_string}"},"query-input":{"@type":"PropertyValueSpecification","valueRequired":true,"valueName":"search_term_string"}}],"inLanguage":"en-US"},{"@type":"Organization","@id":"https:\/\/vitablanca.ma\/#organization","name":"VitaBlanca","url":"https:\/\/vitablanca.ma\/","logo":{"@type":"ImageObject","inLanguage":"en-US","@id":"https:\/\/vitablanca.ma\/#\/schema\/logo\/image\/","url":"https:\/\/vitablanca.ma\/wp-content\/uploads\/2025\/05\/cropped-vitablanca.png","contentUrl":"https:\/\/vitablanca.ma\/wp-content\/uploads\/2025\/05\/cropped-vitablanca.png","width":360,"height":67,"caption":"VitaBlanca"},"image":{"@id":"https:\/\/vitablanca.ma\/#\/schema\/logo\/image\/"},"sameAs":["https:\/\/www.facebook.com\/profile.php?id=61576678196717","https:\/\/www.tiktok.com\/@vitablanca.ma","https:\/\/www.instagram.com\/vitablanca.ma\/"]}]}},"jetpack_sharing_enabled":true,"_links":{"self":[{"href":"https:\/\/vitablanca.ma\/en\/wp-json\/wp\/v2\/product\/29068","targetHints":{"allow":["GET"]}}],"collection":[{"href":"https:\/\/vitablanca.ma\/en\/wp-json\/wp\/v2\/product"}],"about":[{"href":"https:\/\/vitablanca.ma\/en\/wp-json\/wp\/v2\/types\/product"}],"wp:featuredmedia":[{"embeddable":true,"href":"https:\/\/vitablanca.ma\/en\/wp-json\/wp\/v2\/media\/29157"}],"wp:attachment":[{"href":"https:\/\/vitablanca.ma\/en\/wp-json\/wp\/v2\/media?parent=29068"}],"wp:term":[{"taxonomy":"product_brand","embeddable":true,"href":"https:\/\/vitablanca.ma\/en\/wp-json\/wp\/v2\/product_brand?post=29068"},{"taxonomy":"product_cat","embeddable":true,"href":"https:\/\/vitablanca.ma\/en\/wp-json\/wp\/v2\/product_cat?post=29068"},{"taxonomy":"product_tag","embeddable":true,"href":"https:\/\/vitablanca.ma\/en\/wp-json\/wp\/v2\/product_tag?post=29068"}],"curies":[{"name":"wp","href":"https:\/\/api.w.org\/{rel}","templated":true}]}}