{"id":29065,"date":"2026-02-05T00:17:27","date_gmt":"2026-02-05T00:17:27","guid":{"rendered":"https:\/\/vitablanca.ma\/?post_type=product&#038;p=29065"},"modified":"2026-02-07T18:08:46","modified_gmt":"2026-02-07T18:08:46","slug":"citrate-de-magnesium-400-mg-90-capsules-133-mg-piece","status":"publish","type":"product","link":"https:\/\/vitablanca.ma\/en\/product\/citrate-de-magnesium-400-mg-90-capsules-133-mg-piece\/","title":{"rendered":"Solaray Citrate de magn\u00e9sium, 400\u00a0mg 90\u00a0capsules (133\u00a0mg pi\u00e8ce)"},"content":{"rendered":"<p>Cr\u00e9\u00e9e en 1973<br \/>\nR\u00e9sistance osseuse<br \/>\nSoutien musculaire<br \/>\nFood supplement<br \/>\nProduct tested in laboratory<br \/>\nVegan<br \/>\nA better way<\/p>\n<p>Depuis 1973, nous parcourons le monde \u00e0 la recherche des ingr\u00e9dients de la plus haute qualit\u00e9, vous reliant ainsi aux compl\u00e9ments les plus efficaces afin de vous aider \u00e0 rendre votre vie plus \u00e9clatante et \u00e0 profiter des moments qui comptent le plus.<br \/>\nDescription\u00a0: le citrate de magn\u00e9sium est une forme sp\u00e9cialement ch\u00e9lat\u00e9e de magn\u00e9sium qui contient de l\u2019acide citrique. Sa formule aide \u00e0 am\u00e9liorer la biodisponibilit\u00e9 des min\u00e9raux.<br \/>\nSuggested Use<br \/>\n\u00c0 utiliser uniquement comme indiqu\u00e9. Prenez 3\u00a0VegCaps par jour, de pr\u00e9f\u00e9rence au cours d\u2019un repas.<br \/>\nOther ingredients<br \/>\nCellulose v\u00e9g\u00e9tale (capsule), m\u00e9lange d\u2019extrait de riz biologique, cellulose, feuille de cresson, racine de pissenlit, feuille de luzerne et feuille de persil.<br \/>\nWarnings<br \/>\nNe pas utiliser si l\u2019opercule de protection est perc\u00e9 ou manquant. Tenir hors de port\u00e9e des enfants. Informer votre professionnel de sant\u00e9 de l\u2019utilisation de ce produit.<br \/>\n\u00c0 conserver dans un endroit frais et sec.<\/p>","protected":false},"excerpt":{"rendered":"<p>Cr\u00e9\u00e9e en 1973 R\u00e9sistance osseuse Soutien musculaire Compl\u00e9ment alimentaire Produit test\u00e9 en laboratoire Vegan Une meilleure voie Depuis 1973, nous parcourons le monde \u00e0 la recherche des ingr\u00e9dients de la plus haute qualit\u00e9, vous reliant ainsi aux compl\u00e9ments les plus efficaces afin de vous aider \u00e0 rendre votre vie plus \u00e9clatante et \u00e0 profiter des [&hellip;]<\/p>\n","protected":false},"featured_media":29144,"template":"","meta":{"om_disable_all_campaigns":false},"product_brand":[673],"product_cat":[7960,7961],"product_tag":[],"class_list":{"0":"post-29065","1":"product","2":"type-product","3":"status-publish","4":"has-post-thumbnail","6":"product_brand-solaray-maroc-prix","7":"product_cat-magnesium-2","8":"product_cat-mineraux-2","10":"first","11":"instock","12":"sale","13":"taxable","14":"shipping-taxable","15":"purchasable","16":"product-type-simple"},"yoast_head":"<!-- This site is optimized with the Yoast SEO plugin v27.4 - https:\/\/yoast.com\/product\/yoast-seo-wordpress\/ -->\n<title>Solaray Citrate de magn\u00e9sium, 400\u00a0mg 90\u00a0capsules (133\u00a0mg pi\u00e8ce) - Maroc Prix<\/title>\n<meta name=\"description\" content=\"Solaray Citrate de magn\u00e9sium, 400\u00a0mg 90\u00a0capsules (133\u00a0mg pi\u00e8ce)\" \/>\n<meta name=\"robots\" content=\"index, follow, max-snippet:-1, max-image-preview:large, max-video-preview:-1\" \/>\n<link rel=\"canonical\" href=\"https:\/\/vitablanca.ma\/en\/product\/citrate-de-magnesium-400-mg-90-capsules-133-mg-piece\/\" \/>\n<meta property=\"og:locale\" content=\"en_US\" \/>\n<meta property=\"og:type\" content=\"article\" \/>\n<meta property=\"og:title\" content=\"Solaray Citrate de magn\u00e9sium, 400\u00a0mg 90\u00a0capsules (133\u00a0mg pi\u00e8ce) - Maroc Prix\" \/>\n<meta property=\"og:description\" content=\"Solaray Citrate de magn\u00e9sium, 400\u00a0mg 90\u00a0capsules (133\u00a0mg pi\u00e8ce)\" \/>\n<meta property=\"og:url\" content=\"https:\/\/vitablanca.ma\/en\/product\/citrate-de-magnesium-400-mg-90-capsules-133-mg-piece\/\" \/>\n<meta property=\"og:site_name\" content=\"Vitablanca.ma &ndash; Sant&eacute;, vitalit&eacute; et bien-&ecirc;tre pour tous les Marocains\" \/>\n<meta property=\"article:publisher\" content=\"https:\/\/www.facebook.com\/profile.php?id=61576678196717\" \/>\n<meta property=\"article:modified_time\" content=\"2026-02-07T18:08:46+00:00\" \/>\n<meta property=\"og:image\" content=\"https:\/\/vitablanca.ma\/wp-content\/uploads\/2026\/02\/37-11.jpg\" \/>\n\t<meta property=\"og:image:width\" content=\"1600\" \/>\n\t<meta property=\"og:image:height\" content=\"1600\" \/>\n\t<meta property=\"og:image:type\" content=\"image\/jpeg\" \/>\n<meta name=\"twitter:card\" content=\"summary_large_image\" \/>\n<meta name=\"twitter:label1\" content=\"Est. reading time\" \/>\n\t<meta name=\"twitter:data1\" content=\"2 minutes\" \/>\n<script type=\"application\/ld+json\" class=\"yoast-schema-graph\">{\"@context\":\"https:\\\/\\\/schema.org\",\"@graph\":[{\"@type\":[\"WebPage\",\"ItemPage\"],\"@id\":\"https:\\\/\\\/vitablanca.ma\\\/produit\\\/citrate-de-magnesium-400-mg-90-capsules-133-mg-piece\\\/\",\"url\":\"https:\\\/\\\/vitablanca.ma\\\/produit\\\/citrate-de-magnesium-400-mg-90-capsules-133-mg-piece\\\/\",\"name\":\"Solaray Citrate de magn\u00e9sium, 400\u00a0mg 90\u00a0capsules (133\u00a0mg pi\u00e8ce) - Maroc Prix\",\"isPartOf\":{\"@id\":\"https:\\\/\\\/vitablanca.ma\\\/#website\"},\"primaryImageOfPage\":{\"@id\":\"https:\\\/\\\/vitablanca.ma\\\/produit\\\/citrate-de-magnesium-400-mg-90-capsules-133-mg-piece\\\/#primaryimage\"},\"image\":{\"@id\":\"https:\\\/\\\/vitablanca.ma\\\/produit\\\/citrate-de-magnesium-400-mg-90-capsules-133-mg-piece\\\/#primaryimage\"},\"thumbnailUrl\":\"https:\\\/\\\/vitablanca.ma\\\/wp-content\\\/uploads\\\/2026\\\/02\\\/37-11.jpg\",\"datePublished\":\"2026-02-05T00:17:27+00:00\",\"dateModified\":\"2026-02-07T18:08:46+00:00\",\"description\":\"Solaray Citrate de magn\u00e9sium, 400\u00a0mg 90\u00a0capsules (133\u00a0mg pi\u00e8ce)\",\"breadcrumb\":{\"@id\":\"https:\\\/\\\/vitablanca.ma\\\/produit\\\/citrate-de-magnesium-400-mg-90-capsules-133-mg-piece\\\/#breadcrumb\"},\"inLanguage\":\"en-US\",\"potentialAction\":[{\"@type\":\"ReadAction\",\"target\":[\"https:\\\/\\\/vitablanca.ma\\\/produit\\\/citrate-de-magnesium-400-mg-90-capsules-133-mg-piece\\\/\"]}]},{\"@type\":\"ImageObject\",\"inLanguage\":\"en-US\",\"@id\":\"https:\\\/\\\/vitablanca.ma\\\/produit\\\/citrate-de-magnesium-400-mg-90-capsules-133-mg-piece\\\/#primaryimage\",\"url\":\"https:\\\/\\\/vitablanca.ma\\\/wp-content\\\/uploads\\\/2026\\\/02\\\/37-11.jpg\",\"contentUrl\":\"https:\\\/\\\/vitablanca.ma\\\/wp-content\\\/uploads\\\/2026\\\/02\\\/37-11.jpg\",\"width\":1600,\"height\":1600},{\"@type\":\"BreadcrumbList\",\"@id\":\"https:\\\/\\\/vitablanca.ma\\\/produit\\\/citrate-de-magnesium-400-mg-90-capsules-133-mg-piece\\\/#breadcrumb\",\"itemListElement\":[{\"@type\":\"ListItem\",\"position\":1,\"name\":\"Home\",\"item\":\"https:\\\/\\\/vitablanca.ma\\\/\"},{\"@type\":\"ListItem\",\"position\":2,\"name\":\"Tous Les Produits\",\"item\":\"https:\\\/\\\/vitablanca.ma\\\/tous-les-produits\\\/\"},{\"@type\":\"ListItem\",\"position\":3,\"name\":\"Solaray Citrate de magn\u00e9sium, 400\u00a0mg 90\u00a0capsules (133\u00a0mg pi\u00e8ce)\"}]},{\"@type\":\"WebSite\",\"@id\":\"https:\\\/\\\/vitablanca.ma\\\/#website\",\"url\":\"https:\\\/\\\/vitablanca.ma\\\/\",\"name\":\"VitaBlanca.ma | Compl\u00e9ments alimentaires, sant\u00e9 & beaut\u00e9 au Maroc\",\"description\":\"vendre vitamines et compl\u00e9ments premium des USA &amp; Canada, Nouvelle Z\u00e9lande,Maroc (NOW Foods, Solgar, Manuka). Livraison rapide partout au Maroc.\",\"publisher\":{\"@id\":\"https:\\\/\\\/vitablanca.ma\\\/#organization\"},\"alternateName\":\"VitaBlanca.ma\",\"potentialAction\":[{\"@type\":\"SearchAction\",\"target\":{\"@type\":\"EntryPoint\",\"urlTemplate\":\"https:\\\/\\\/vitablanca.ma\\\/?s={search_term_string}\"},\"query-input\":{\"@type\":\"PropertyValueSpecification\",\"valueRequired\":true,\"valueName\":\"search_term_string\"}}],\"inLanguage\":\"en-US\"},{\"@type\":\"Organization\",\"@id\":\"https:\\\/\\\/vitablanca.ma\\\/#organization\",\"name\":\"VitaBlanca\",\"url\":\"https:\\\/\\\/vitablanca.ma\\\/\",\"logo\":{\"@type\":\"ImageObject\",\"inLanguage\":\"en-US\",\"@id\":\"https:\\\/\\\/vitablanca.ma\\\/#\\\/schema\\\/logo\\\/image\\\/\",\"url\":\"https:\\\/\\\/vitablanca.ma\\\/wp-content\\\/uploads\\\/2025\\\/05\\\/cropped-vitablanca.png\",\"contentUrl\":\"https:\\\/\\\/vitablanca.ma\\\/wp-content\\\/uploads\\\/2025\\\/05\\\/cropped-vitablanca.png\",\"width\":360,\"height\":67,\"caption\":\"VitaBlanca\"},\"image\":{\"@id\":\"https:\\\/\\\/vitablanca.ma\\\/#\\\/schema\\\/logo\\\/image\\\/\"},\"sameAs\":[\"https:\\\/\\\/www.facebook.com\\\/profile.php?id=61576678196717\",\"https:\\\/\\\/www.tiktok.com\\\/@vitablanca.ma\",\"https:\\\/\\\/www.instagram.com\\\/vitablanca.ma\\\/\"]}]}<\/script>\n<!-- \/ Yoast SEO plugin. -->","yoast_head_json":{"title":"Solaray Citrate de magn\u00e9sium, 400\u00a0mg 90\u00a0capsules (133\u00a0mg pi\u00e8ce) - Maroc Prix","description":"Solaray Citrate de magn\u00e9sium, 400\u00a0mg 90\u00a0capsules (133\u00a0mg pi\u00e8ce)","robots":{"index":"index","follow":"follow","max-snippet":"max-snippet:-1","max-image-preview":"max-image-preview:large","max-video-preview":"max-video-preview:-1"},"canonical":"https:\/\/vitablanca.ma\/en\/product\/citrate-de-magnesium-400-mg-90-capsules-133-mg-piece\/","og_locale":"en_US","og_type":"article","og_title":"Solaray Citrate de magn\u00e9sium, 400\u00a0mg 90\u00a0capsules (133\u00a0mg pi\u00e8ce) - Maroc Prix","og_description":"Solaray Citrate de magn\u00e9sium, 400\u00a0mg 90\u00a0capsules (133\u00a0mg pi\u00e8ce)","og_url":"https:\/\/vitablanca.ma\/en\/product\/citrate-de-magnesium-400-mg-90-capsules-133-mg-piece\/","og_site_name":"Vitablanca.ma &ndash; Sant&eacute;, vitalit&eacute; et bien-&ecirc;tre pour tous les Marocains","article_publisher":"https:\/\/www.facebook.com\/profile.php?id=61576678196717","article_modified_time":"2026-02-07T18:08:46+00:00","og_image":[{"width":1600,"height":1600,"url":"https:\/\/vitablanca.ma\/wp-content\/uploads\/2026\/02\/37-11.jpg","type":"image\/jpeg"}],"twitter_card":"summary_large_image","twitter_misc":{"Est. reading time":"2 minutes"},"schema":{"@context":"https:\/\/schema.org","@graph":[{"@type":["WebPage","ItemPage"],"@id":"https:\/\/vitablanca.ma\/produit\/citrate-de-magnesium-400-mg-90-capsules-133-mg-piece\/","url":"https:\/\/vitablanca.ma\/produit\/citrate-de-magnesium-400-mg-90-capsules-133-mg-piece\/","name":"Solaray Citrate de magn\u00e9sium, 400\u00a0mg 90\u00a0capsules (133\u00a0mg pi\u00e8ce) - Maroc Prix","isPartOf":{"@id":"https:\/\/vitablanca.ma\/#website"},"primaryImageOfPage":{"@id":"https:\/\/vitablanca.ma\/produit\/citrate-de-magnesium-400-mg-90-capsules-133-mg-piece\/#primaryimage"},"image":{"@id":"https:\/\/vitablanca.ma\/produit\/citrate-de-magnesium-400-mg-90-capsules-133-mg-piece\/#primaryimage"},"thumbnailUrl":"https:\/\/vitablanca.ma\/wp-content\/uploads\/2026\/02\/37-11.jpg","datePublished":"2026-02-05T00:17:27+00:00","dateModified":"2026-02-07T18:08:46+00:00","description":"Solaray Citrate de magn\u00e9sium, 400\u00a0mg 90\u00a0capsules (133\u00a0mg pi\u00e8ce)","breadcrumb":{"@id":"https:\/\/vitablanca.ma\/produit\/citrate-de-magnesium-400-mg-90-capsules-133-mg-piece\/#breadcrumb"},"inLanguage":"en-US","potentialAction":[{"@type":"ReadAction","target":["https:\/\/vitablanca.ma\/produit\/citrate-de-magnesium-400-mg-90-capsules-133-mg-piece\/"]}]},{"@type":"ImageObject","inLanguage":"en-US","@id":"https:\/\/vitablanca.ma\/produit\/citrate-de-magnesium-400-mg-90-capsules-133-mg-piece\/#primaryimage","url":"https:\/\/vitablanca.ma\/wp-content\/uploads\/2026\/02\/37-11.jpg","contentUrl":"https:\/\/vitablanca.ma\/wp-content\/uploads\/2026\/02\/37-11.jpg","width":1600,"height":1600},{"@type":"BreadcrumbList","@id":"https:\/\/vitablanca.ma\/produit\/citrate-de-magnesium-400-mg-90-capsules-133-mg-piece\/#breadcrumb","itemListElement":[{"@type":"ListItem","position":1,"name":"Home","item":"https:\/\/vitablanca.ma\/"},{"@type":"ListItem","position":2,"name":"Tous Les Produits","item":"https:\/\/vitablanca.ma\/tous-les-produits\/"},{"@type":"ListItem","position":3,"name":"Solaray Citrate de magn\u00e9sium, 400\u00a0mg 90\u00a0capsules (133\u00a0mg pi\u00e8ce)"}]},{"@type":"WebSite","@id":"https:\/\/vitablanca.ma\/#website","url":"https:\/\/vitablanca.ma\/","name":"VitaBlanca.ma | Food supplements, health &amp; beauty in Morocco","description":"sell premium vitamins and supplements from USA &amp; Canada, New Zealand, Morocco (NOW Foods, Solgar, Manuka). Fast delivery anywhere in Morocco.","publisher":{"@id":"https:\/\/vitablanca.ma\/#organization"},"alternateName":"VitaBlanca.ma","potentialAction":[{"@type":"SearchAction","target":{"@type":"EntryPoint","urlTemplate":"https:\/\/vitablanca.ma\/?s={search_term_string}"},"query-input":{"@type":"PropertyValueSpecification","valueRequired":true,"valueName":"search_term_string"}}],"inLanguage":"en-US"},{"@type":"Organization","@id":"https:\/\/vitablanca.ma\/#organization","name":"VitaBlanca","url":"https:\/\/vitablanca.ma\/","logo":{"@type":"ImageObject","inLanguage":"en-US","@id":"https:\/\/vitablanca.ma\/#\/schema\/logo\/image\/","url":"https:\/\/vitablanca.ma\/wp-content\/uploads\/2025\/05\/cropped-vitablanca.png","contentUrl":"https:\/\/vitablanca.ma\/wp-content\/uploads\/2025\/05\/cropped-vitablanca.png","width":360,"height":67,"caption":"VitaBlanca"},"image":{"@id":"https:\/\/vitablanca.ma\/#\/schema\/logo\/image\/"},"sameAs":["https:\/\/www.facebook.com\/profile.php?id=61576678196717","https:\/\/www.tiktok.com\/@vitablanca.ma","https:\/\/www.instagram.com\/vitablanca.ma\/"]}]}},"jetpack_sharing_enabled":true,"_links":{"self":[{"href":"https:\/\/vitablanca.ma\/en\/wp-json\/wp\/v2\/product\/29065","targetHints":{"allow":["GET"]}}],"collection":[{"href":"https:\/\/vitablanca.ma\/en\/wp-json\/wp\/v2\/product"}],"about":[{"href":"https:\/\/vitablanca.ma\/en\/wp-json\/wp\/v2\/types\/product"}],"wp:featuredmedia":[{"embeddable":true,"href":"https:\/\/vitablanca.ma\/en\/wp-json\/wp\/v2\/media\/29144"}],"wp:attachment":[{"href":"https:\/\/vitablanca.ma\/en\/wp-json\/wp\/v2\/media?parent=29065"}],"wp:term":[{"taxonomy":"product_brand","embeddable":true,"href":"https:\/\/vitablanca.ma\/en\/wp-json\/wp\/v2\/product_brand?post=29065"},{"taxonomy":"product_cat","embeddable":true,"href":"https:\/\/vitablanca.ma\/en\/wp-json\/wp\/v2\/product_cat?post=29065"},{"taxonomy":"product_tag","embeddable":true,"href":"https:\/\/vitablanca.ma\/en\/wp-json\/wp\/v2\/product_tag?post=29065"}],"curies":[{"name":"wp","href":"https:\/\/api.w.org\/{rel}","templated":true}]}}