{"id":29047,"date":"2026-02-05T00:17:00","date_gmt":"2026-02-05T00:17:00","guid":{"rendered":"https:\/\/vitablanca.ma\/?post_type=product&#038;p=29047"},"modified":"2026-02-24T22:47:27","modified_gmt":"2026-02-24T22:47:27","slug":"copper-cuivre-2-mg-100-vegcaps","status":"publish","type":"product","link":"https:\/\/vitablanca.ma\/en\/product\/copper-cuivre-2-mg-100-vegcaps\/","title":{"rendered":"Solaray Copper Cuivre 2\u00a0mg 100\u00a0VegCaps"},"content":{"rendered":"<p>Cr\u00e9\u00e9e en 1973<br \/>\nOligo\u00e9l\u00e9ments essentiels<br \/>\nFood supplement<br \/>\nProduct tested in laboratory<br \/>\nVegan<br \/>\nA better way<\/p>\n<p>Depuis 1973, nous parcourons le monde \u00e0 la recherche des ingr\u00e9dients de la plus haute qualit\u00e9, vous reliant ainsi aux compl\u00e9ments les plus efficaces afin de vous aider \u00e0 rendre votre vie plus \u00e9clatante et \u00e0 profiter des moments qui comptent le plus.<br \/>\nSuggested Use<br \/>\nUtiliser uniquement comme indiqu\u00e9. Prenez une\u00a0VegCap par jour pendant un repas ou avec un verre d\u2019eau.<br \/>\nOther ingredients<br \/>\nConcentr\u00e9 de riz complet, capsule de cellulose v\u00e9g\u00e9tale, m\u00e9lange d\u2019extraits de riz, acide citrique (issu de tapioca sans OGM) et silice.<br \/>\nWarnings<br \/>\nNe pas utiliser si l\u2019opercule de protection est perc\u00e9 ou manquant. Tenir hors de port\u00e9e des enfants. Informez votre professionnel de la sant\u00e9 qualifi\u00e9 de l\u2019utilisation de ce produit.<br \/>\n\u00c0 conserver dans un endroit frais et sec.<br \/>\nSi ce produit est pris pendant une p\u00e9riode prolong\u00e9e, soyez conscient de votre besoin d\u2019autres min\u00e9raux, en particulier de zinc et de fer.<\/p>","protected":false},"excerpt":{"rendered":"<p>Cr\u00e9\u00e9e en 1973 Oligo\u00e9l\u00e9ments essentiels Compl\u00e9ment alimentaire Produit test\u00e9 en laboratoire Vegan Une meilleure voie Depuis 1973, nous parcourons le monde \u00e0 la recherche des ingr\u00e9dients de la plus haute qualit\u00e9, vous reliant ainsi aux compl\u00e9ments les plus efficaces afin de vous aider \u00e0 rendre votre vie plus \u00e9clatante et \u00e0 profiter des moments qui [&hellip;]<\/p>\n","protected":false},"featured_media":29129,"template":"","meta":{"om_disable_all_campaigns":false},"product_brand":[673],"product_cat":[7961],"product_tag":[],"class_list":{"0":"post-29047","1":"product","2":"type-product","3":"status-publish","4":"has-post-thumbnail","6":"product_brand-solaray-maroc-prix","7":"product_cat-mineraux-2","9":"first","10":"instock","11":"sale","12":"taxable","13":"shipping-taxable","14":"purchasable","15":"product-type-simple"},"yoast_head":"<!-- This site is optimized with the Yoast SEO plugin v27.4 - https:\/\/yoast.com\/product\/yoast-seo-wordpress\/ -->\n<title>Solaray Copper Cuivre 2\u00a0mg 100\u00a0VegCaps - Maroc Prix<\/title>\n<meta name=\"description\" content=\"Solaray Copper Cuivre 2\u00a0mg 100\u00a0VegCaps\" \/>\n<meta name=\"robots\" content=\"index, follow, max-snippet:-1, max-image-preview:large, max-video-preview:-1\" \/>\n<link rel=\"canonical\" href=\"https:\/\/vitablanca.ma\/en\/product\/copper-cuivre-2-mg-100-vegcaps\/\" \/>\n<meta property=\"og:locale\" content=\"en_US\" \/>\n<meta property=\"og:type\" content=\"article\" \/>\n<meta property=\"og:title\" content=\"Solaray Copper Cuivre 2\u00a0mg 100\u00a0VegCaps - Maroc Prix\" \/>\n<meta property=\"og:description\" content=\"Solaray Copper Cuivre 2\u00a0mg 100\u00a0VegCaps\" \/>\n<meta property=\"og:url\" content=\"https:\/\/vitablanca.ma\/en\/product\/copper-cuivre-2-mg-100-vegcaps\/\" \/>\n<meta property=\"og:site_name\" content=\"Vitablanca.ma &ndash; Sant&eacute;, vitalit&eacute; et bien-&ecirc;tre pour tous les Marocains\" \/>\n<meta property=\"article:publisher\" content=\"https:\/\/www.facebook.com\/profile.php?id=61576678196717\" \/>\n<meta property=\"article:modified_time\" content=\"2026-02-24T22:47:27+00:00\" \/>\n<meta property=\"og:image\" content=\"https:\/\/vitablanca.ma\/wp-content\/uploads\/2026\/02\/21-6.jpg\" \/>\n\t<meta property=\"og:image:width\" content=\"1600\" \/>\n\t<meta property=\"og:image:height\" content=\"1600\" \/>\n\t<meta property=\"og:image:type\" content=\"image\/jpeg\" \/>\n<meta name=\"twitter:card\" content=\"summary_large_image\" \/>\n<meta name=\"twitter:label1\" content=\"Est. reading time\" \/>\n\t<meta name=\"twitter:data1\" content=\"2 minutes\" \/>\n<script type=\"application\/ld+json\" class=\"yoast-schema-graph\">{\"@context\":\"https:\\\/\\\/schema.org\",\"@graph\":[{\"@type\":[\"WebPage\",\"ItemPage\"],\"@id\":\"https:\\\/\\\/vitablanca.ma\\\/produit\\\/copper-cuivre-2-mg-100-vegcaps\\\/\",\"url\":\"https:\\\/\\\/vitablanca.ma\\\/produit\\\/copper-cuivre-2-mg-100-vegcaps\\\/\",\"name\":\"Solaray Copper Cuivre 2\u00a0mg 100\u00a0VegCaps - Maroc Prix\",\"isPartOf\":{\"@id\":\"https:\\\/\\\/vitablanca.ma\\\/#website\"},\"primaryImageOfPage\":{\"@id\":\"https:\\\/\\\/vitablanca.ma\\\/produit\\\/copper-cuivre-2-mg-100-vegcaps\\\/#primaryimage\"},\"image\":{\"@id\":\"https:\\\/\\\/vitablanca.ma\\\/produit\\\/copper-cuivre-2-mg-100-vegcaps\\\/#primaryimage\"},\"thumbnailUrl\":\"https:\\\/\\\/vitablanca.ma\\\/wp-content\\\/uploads\\\/2026\\\/02\\\/21-6.jpg\",\"datePublished\":\"2026-02-05T00:17:00+00:00\",\"dateModified\":\"2026-02-24T22:47:27+00:00\",\"description\":\"Solaray Copper Cuivre 2\u00a0mg 100\u00a0VegCaps\",\"breadcrumb\":{\"@id\":\"https:\\\/\\\/vitablanca.ma\\\/produit\\\/copper-cuivre-2-mg-100-vegcaps\\\/#breadcrumb\"},\"inLanguage\":\"en-US\",\"potentialAction\":[{\"@type\":\"ReadAction\",\"target\":[\"https:\\\/\\\/vitablanca.ma\\\/produit\\\/copper-cuivre-2-mg-100-vegcaps\\\/\"]}]},{\"@type\":\"ImageObject\",\"inLanguage\":\"en-US\",\"@id\":\"https:\\\/\\\/vitablanca.ma\\\/produit\\\/copper-cuivre-2-mg-100-vegcaps\\\/#primaryimage\",\"url\":\"https:\\\/\\\/vitablanca.ma\\\/wp-content\\\/uploads\\\/2026\\\/02\\\/21-6.jpg\",\"contentUrl\":\"https:\\\/\\\/vitablanca.ma\\\/wp-content\\\/uploads\\\/2026\\\/02\\\/21-6.jpg\",\"width\":1600,\"height\":1600},{\"@type\":\"BreadcrumbList\",\"@id\":\"https:\\\/\\\/vitablanca.ma\\\/produit\\\/copper-cuivre-2-mg-100-vegcaps\\\/#breadcrumb\",\"itemListElement\":[{\"@type\":\"ListItem\",\"position\":1,\"name\":\"Home\",\"item\":\"https:\\\/\\\/vitablanca.ma\\\/\"},{\"@type\":\"ListItem\",\"position\":2,\"name\":\"Tous Les Produits\",\"item\":\"https:\\\/\\\/vitablanca.ma\\\/tous-les-produits\\\/\"},{\"@type\":\"ListItem\",\"position\":3,\"name\":\"Solaray Copper Cuivre 2\u00a0mg 100\u00a0VegCaps\"}]},{\"@type\":\"WebSite\",\"@id\":\"https:\\\/\\\/vitablanca.ma\\\/#website\",\"url\":\"https:\\\/\\\/vitablanca.ma\\\/\",\"name\":\"VitaBlanca.ma | Compl\u00e9ments alimentaires, sant\u00e9 & beaut\u00e9 au Maroc\",\"description\":\"vendre vitamines et compl\u00e9ments premium des USA &amp; Canada, Nouvelle Z\u00e9lande,Maroc (NOW Foods, Solgar, Manuka). Livraison rapide partout au Maroc.\",\"publisher\":{\"@id\":\"https:\\\/\\\/vitablanca.ma\\\/#organization\"},\"alternateName\":\"VitaBlanca.ma\",\"potentialAction\":[{\"@type\":\"SearchAction\",\"target\":{\"@type\":\"EntryPoint\",\"urlTemplate\":\"https:\\\/\\\/vitablanca.ma\\\/?s={search_term_string}\"},\"query-input\":{\"@type\":\"PropertyValueSpecification\",\"valueRequired\":true,\"valueName\":\"search_term_string\"}}],\"inLanguage\":\"en-US\"},{\"@type\":\"Organization\",\"@id\":\"https:\\\/\\\/vitablanca.ma\\\/#organization\",\"name\":\"VitaBlanca\",\"url\":\"https:\\\/\\\/vitablanca.ma\\\/\",\"logo\":{\"@type\":\"ImageObject\",\"inLanguage\":\"en-US\",\"@id\":\"https:\\\/\\\/vitablanca.ma\\\/#\\\/schema\\\/logo\\\/image\\\/\",\"url\":\"https:\\\/\\\/vitablanca.ma\\\/wp-content\\\/uploads\\\/2025\\\/05\\\/cropped-vitablanca.png\",\"contentUrl\":\"https:\\\/\\\/vitablanca.ma\\\/wp-content\\\/uploads\\\/2025\\\/05\\\/cropped-vitablanca.png\",\"width\":360,\"height\":67,\"caption\":\"VitaBlanca\"},\"image\":{\"@id\":\"https:\\\/\\\/vitablanca.ma\\\/#\\\/schema\\\/logo\\\/image\\\/\"},\"sameAs\":[\"https:\\\/\\\/www.facebook.com\\\/profile.php?id=61576678196717\",\"https:\\\/\\\/www.tiktok.com\\\/@vitablanca.ma\",\"https:\\\/\\\/www.instagram.com\\\/vitablanca.ma\\\/\"]}]}<\/script>\n<!-- \/ Yoast SEO plugin. -->","yoast_head_json":{"title":"Solaray Copper Cuivre 2\u00a0mg 100\u00a0VegCaps - Maroc Prix","description":"Solaray Copper Cuivre 2\u00a0mg 100\u00a0VegCaps","robots":{"index":"index","follow":"follow","max-snippet":"max-snippet:-1","max-image-preview":"max-image-preview:large","max-video-preview":"max-video-preview:-1"},"canonical":"https:\/\/vitablanca.ma\/en\/product\/copper-cuivre-2-mg-100-vegcaps\/","og_locale":"en_US","og_type":"article","og_title":"Solaray Copper Cuivre 2\u00a0mg 100\u00a0VegCaps - Maroc Prix","og_description":"Solaray Copper Cuivre 2\u00a0mg 100\u00a0VegCaps","og_url":"https:\/\/vitablanca.ma\/en\/product\/copper-cuivre-2-mg-100-vegcaps\/","og_site_name":"Vitablanca.ma &ndash; Sant&eacute;, vitalit&eacute; et bien-&ecirc;tre pour tous les Marocains","article_publisher":"https:\/\/www.facebook.com\/profile.php?id=61576678196717","article_modified_time":"2026-02-24T22:47:27+00:00","og_image":[{"width":1600,"height":1600,"url":"https:\/\/vitablanca.ma\/wp-content\/uploads\/2026\/02\/21-6.jpg","type":"image\/jpeg"}],"twitter_card":"summary_large_image","twitter_misc":{"Est. reading time":"2 minutes"},"schema":{"@context":"https:\/\/schema.org","@graph":[{"@type":["WebPage","ItemPage"],"@id":"https:\/\/vitablanca.ma\/produit\/copper-cuivre-2-mg-100-vegcaps\/","url":"https:\/\/vitablanca.ma\/produit\/copper-cuivre-2-mg-100-vegcaps\/","name":"Solaray Copper Cuivre 2\u00a0mg 100\u00a0VegCaps - Maroc Prix","isPartOf":{"@id":"https:\/\/vitablanca.ma\/#website"},"primaryImageOfPage":{"@id":"https:\/\/vitablanca.ma\/produit\/copper-cuivre-2-mg-100-vegcaps\/#primaryimage"},"image":{"@id":"https:\/\/vitablanca.ma\/produit\/copper-cuivre-2-mg-100-vegcaps\/#primaryimage"},"thumbnailUrl":"https:\/\/vitablanca.ma\/wp-content\/uploads\/2026\/02\/21-6.jpg","datePublished":"2026-02-05T00:17:00+00:00","dateModified":"2026-02-24T22:47:27+00:00","description":"Solaray Copper Cuivre 2\u00a0mg 100\u00a0VegCaps","breadcrumb":{"@id":"https:\/\/vitablanca.ma\/produit\/copper-cuivre-2-mg-100-vegcaps\/#breadcrumb"},"inLanguage":"en-US","potentialAction":[{"@type":"ReadAction","target":["https:\/\/vitablanca.ma\/produit\/copper-cuivre-2-mg-100-vegcaps\/"]}]},{"@type":"ImageObject","inLanguage":"en-US","@id":"https:\/\/vitablanca.ma\/produit\/copper-cuivre-2-mg-100-vegcaps\/#primaryimage","url":"https:\/\/vitablanca.ma\/wp-content\/uploads\/2026\/02\/21-6.jpg","contentUrl":"https:\/\/vitablanca.ma\/wp-content\/uploads\/2026\/02\/21-6.jpg","width":1600,"height":1600},{"@type":"BreadcrumbList","@id":"https:\/\/vitablanca.ma\/produit\/copper-cuivre-2-mg-100-vegcaps\/#breadcrumb","itemListElement":[{"@type":"ListItem","position":1,"name":"Home","item":"https:\/\/vitablanca.ma\/"},{"@type":"ListItem","position":2,"name":"Tous Les Produits","item":"https:\/\/vitablanca.ma\/tous-les-produits\/"},{"@type":"ListItem","position":3,"name":"Solaray Copper Cuivre 2\u00a0mg 100\u00a0VegCaps"}]},{"@type":"WebSite","@id":"https:\/\/vitablanca.ma\/#website","url":"https:\/\/vitablanca.ma\/","name":"VitaBlanca.ma | Food supplements, health &amp; beauty in Morocco","description":"sell premium vitamins and supplements from USA &amp; Canada, New Zealand, Morocco (NOW Foods, Solgar, Manuka). Fast delivery anywhere in Morocco.","publisher":{"@id":"https:\/\/vitablanca.ma\/#organization"},"alternateName":"VitaBlanca.ma","potentialAction":[{"@type":"SearchAction","target":{"@type":"EntryPoint","urlTemplate":"https:\/\/vitablanca.ma\/?s={search_term_string}"},"query-input":{"@type":"PropertyValueSpecification","valueRequired":true,"valueName":"search_term_string"}}],"inLanguage":"en-US"},{"@type":"Organization","@id":"https:\/\/vitablanca.ma\/#organization","name":"VitaBlanca","url":"https:\/\/vitablanca.ma\/","logo":{"@type":"ImageObject","inLanguage":"en-US","@id":"https:\/\/vitablanca.ma\/#\/schema\/logo\/image\/","url":"https:\/\/vitablanca.ma\/wp-content\/uploads\/2025\/05\/cropped-vitablanca.png","contentUrl":"https:\/\/vitablanca.ma\/wp-content\/uploads\/2025\/05\/cropped-vitablanca.png","width":360,"height":67,"caption":"VitaBlanca"},"image":{"@id":"https:\/\/vitablanca.ma\/#\/schema\/logo\/image\/"},"sameAs":["https:\/\/www.facebook.com\/profile.php?id=61576678196717","https:\/\/www.tiktok.com\/@vitablanca.ma","https:\/\/www.instagram.com\/vitablanca.ma\/"]}]}},"jetpack_sharing_enabled":true,"_links":{"self":[{"href":"https:\/\/vitablanca.ma\/en\/wp-json\/wp\/v2\/product\/29047","targetHints":{"allow":["GET"]}}],"collection":[{"href":"https:\/\/vitablanca.ma\/en\/wp-json\/wp\/v2\/product"}],"about":[{"href":"https:\/\/vitablanca.ma\/en\/wp-json\/wp\/v2\/types\/product"}],"wp:featuredmedia":[{"embeddable":true,"href":"https:\/\/vitablanca.ma\/en\/wp-json\/wp\/v2\/media\/29129"}],"wp:attachment":[{"href":"https:\/\/vitablanca.ma\/en\/wp-json\/wp\/v2\/media?parent=29047"}],"wp:term":[{"taxonomy":"product_brand","embeddable":true,"href":"https:\/\/vitablanca.ma\/en\/wp-json\/wp\/v2\/product_brand?post=29047"},{"taxonomy":"product_cat","embeddable":true,"href":"https:\/\/vitablanca.ma\/en\/wp-json\/wp\/v2\/product_cat?post=29047"},{"taxonomy":"product_tag","embeddable":true,"href":"https:\/\/vitablanca.ma\/en\/wp-json\/wp\/v2\/product_tag?post=29047"}],"curies":[{"name":"wp","href":"https:\/\/api.w.org\/{rel}","templated":true}]}}