{"id":29001,"date":"2026-02-05T00:15:44","date_gmt":"2026-02-05T00:15:44","guid":{"rendered":"https:\/\/vitablanca.ma\/?post_type=product&#038;p=29001"},"modified":"2026-02-21T16:16:58","modified_gmt":"2026-02-21T16:16:58","slug":"mega-multi-pour-femmes-90-comprimes","status":"publish","type":"product","link":"https:\/\/vitablanca.ma\/en\/product\/mega-multi-pour-femmes-90-comprimes\/","title":{"rendered":"21st Century Mega Multi pour femmes 90\u00a0comprim\u00e9s"},"content":{"rendered":"<p>Pour la sant\u00e9 et un meilleur mode de vie<br \/>\nCompl\u00e9ment aux multivitamines et multimin\u00e9raux<br \/>\nGluten free<br \/>\nQualit\u00e9 garantie &#8211; Test\u00e9 en laboratoire<\/p>\n<p>Mega Multi pour femmes comprend une gamme compl\u00e8te d&rsquo;antioxydants, de vitamines et de min\u00e9raux b\u00e9n\u00e9fiques pour la sant\u00e9 des femmes.<br \/>\nSuggested Use<br \/>\nEn compl\u00e9ment alimentaire chez l&rsquo;adulte, prenez deux (2) comprim\u00e9s par jour, durant un repas ou tel que prescrit par un professionnel de la sant\u00e9. Ne d\u00e9passez pas le dosage recommand\u00e9. Les r\u00e9sultats peuvent varier en fonction des individus.<br \/>\nOther ingredients<br \/>\nCellulose, maltodextrine, acide st\u00e9arique, m\u00e9thylhydroxypropylcellulose. Contient &lt;2\u00a0% de\u00a0: silicate de magn\u00e9sium, st\u00e9arate de magn\u00e9sium, ar\u00f4me naturel de vanille, PEG, polysorbate, alcool polyvinylique, dioxyde de silicium, citrate de sodium.<br \/>\nContient du soja.<br \/>\nSans levure ajout\u00e9e.<br \/>\nWarnings<br \/>\nLa surdose accidentelle de produits contenant du fer est l&rsquo;une des principales causes d&#8217;empoisonnement mortel chez les enfants de moins de six ans. Tenir ce produit hors de port\u00e9e des enfants. En cas de surdose accidentelle, appeler imm\u00e9diatement un m\u00e9decin ou un centre antipoison.<br \/>\nConsulter un m\u00e9decin avant toute utilisation en cas de : grossesse, allaitement, prise de m\u00e9dicaments, probl\u00e8me de sant\u00e9 ou pr\u00e9paration d&rsquo;une intervention m\u00e9dicale. En cas d&rsquo;effets ind\u00e9sirables, arr\u00eater toute utilisation et contacter votre m\u00e9decin.<br \/>\n\u00c0 conserver hors de port\u00e9e des enfants.<br \/>\nNe pas utiliser si le produit semble alt\u00e9r\u00e9 ou si l&rsquo;opercule de s\u00e9curit\u00e9 est cass\u00e9. \u00c0 conserver \u00e0 temp\u00e9rature ambiante.<\/p>","protected":false},"excerpt":{"rendered":"<p>Pour la sant\u00e9 et un meilleur mode de vie Compl\u00e9ment aux multivitamines et multimin\u00e9raux Sans gluten Qualit\u00e9 garantie &#8211; Test\u00e9 en laboratoire Mega Multi pour femmes comprend une gamme compl\u00e8te d&rsquo;antioxydants, de vitamines et de min\u00e9raux b\u00e9n\u00e9fiques pour la sant\u00e9 des femmes. Usage sugg\u00e9r\u00e9 En compl\u00e9ment alimentaire chez l&rsquo;adulte, prenez deux (2) comprim\u00e9s par jour, [&hellip;]<\/p>\n","protected":false},"featured_media":29086,"template":"","meta":{"om_disable_all_campaigns":false},"product_brand":[2417],"product_cat":[18,3366,8055,8014,7963],"product_tag":[],"class_list":{"0":"post-29001","1":"product","2":"type-product","3":"status-publish","4":"has-post-thumbnail","6":"product_brand-21st-century-maroc-prix","7":"product_cat-beaute-sante","8":"product_cat-complements-alimentaires-au-maroc-vitablanca","9":"product_cat-multivitamin","10":"product_cat-sante-feminine","11":"product_cat-vitamines-2","13":"first","14":"instock","15":"sale","16":"taxable","17":"shipping-taxable","18":"purchasable","19":"product-type-simple"},"yoast_head":"<!-- This site is optimized with the Yoast SEO plugin v27.3 - https:\/\/yoast.com\/product\/yoast-seo-wordpress\/ -->\n<title>21st Century Mega Multi pour femmes 90\u00a0comprim\u00e9s - Maroc Prix<\/title>\n<meta name=\"description\" content=\"21st Century Mega Multi pour femmes 90\u00a0comprim\u00e9s\" \/>\n<meta name=\"robots\" content=\"index, follow, max-snippet:-1, max-image-preview:large, max-video-preview:-1\" \/>\n<link rel=\"canonical\" href=\"https:\/\/vitablanca.ma\/en\/product\/mega-multi-pour-femmes-90-comprimes\/\" \/>\n<meta property=\"og:locale\" content=\"en_US\" \/>\n<meta property=\"og:type\" content=\"article\" \/>\n<meta property=\"og:title\" content=\"21st Century Mega Multi pour femmes 90\u00a0comprim\u00e9s - Maroc Prix\" \/>\n<meta property=\"og:description\" content=\"21st Century Mega Multi pour femmes 90\u00a0comprim\u00e9s\" \/>\n<meta property=\"og:url\" content=\"https:\/\/vitablanca.ma\/en\/product\/mega-multi-pour-femmes-90-comprimes\/\" \/>\n<meta property=\"og:site_name\" content=\"Vitablanca.ma &ndash; Sant&eacute;, vitalit&eacute; et bien-&ecirc;tre pour tous les Marocains\" \/>\n<meta property=\"article:publisher\" content=\"https:\/\/www.facebook.com\/profile.php?id=61576678196717\" \/>\n<meta property=\"article:modified_time\" content=\"2026-02-21T16:16:58+00:00\" \/>\n<meta property=\"og:image\" content=\"https:\/\/vitablanca.ma\/wp-content\/uploads\/2026\/02\/47-9.jpg\" \/>\n\t<meta property=\"og:image:width\" content=\"1600\" \/>\n\t<meta property=\"og:image:height\" content=\"1600\" \/>\n\t<meta property=\"og:image:type\" content=\"image\/jpeg\" \/>\n<meta name=\"twitter:card\" content=\"summary_large_image\" \/>\n<meta name=\"twitter:label1\" content=\"Est. reading time\" \/>\n\t<meta name=\"twitter:data1\" content=\"1 minute\" \/>\n<script type=\"application\/ld+json\" class=\"yoast-schema-graph\">{\"@context\":\"https:\\\/\\\/schema.org\",\"@graph\":[{\"@type\":[\"WebPage\",\"ItemPage\"],\"@id\":\"https:\\\/\\\/vitablanca.ma\\\/produit\\\/mega-multi-pour-femmes-90-comprimes\\\/\",\"url\":\"https:\\\/\\\/vitablanca.ma\\\/produit\\\/mega-multi-pour-femmes-90-comprimes\\\/\",\"name\":\"21st Century Mega Multi pour femmes 90\u00a0comprim\u00e9s - Maroc Prix\",\"isPartOf\":{\"@id\":\"https:\\\/\\\/vitablanca.ma\\\/#website\"},\"primaryImageOfPage\":{\"@id\":\"https:\\\/\\\/vitablanca.ma\\\/produit\\\/mega-multi-pour-femmes-90-comprimes\\\/#primaryimage\"},\"image\":{\"@id\":\"https:\\\/\\\/vitablanca.ma\\\/produit\\\/mega-multi-pour-femmes-90-comprimes\\\/#primaryimage\"},\"thumbnailUrl\":\"https:\\\/\\\/vitablanca.ma\\\/wp-content\\\/uploads\\\/2026\\\/02\\\/47-9.jpg\",\"datePublished\":\"2026-02-05T00:15:44+00:00\",\"dateModified\":\"2026-02-21T16:16:58+00:00\",\"description\":\"21st Century Mega Multi pour femmes 90\u00a0comprim\u00e9s\",\"breadcrumb\":{\"@id\":\"https:\\\/\\\/vitablanca.ma\\\/produit\\\/mega-multi-pour-femmes-90-comprimes\\\/#breadcrumb\"},\"inLanguage\":\"en-US\",\"potentialAction\":[{\"@type\":\"ReadAction\",\"target\":[\"https:\\\/\\\/vitablanca.ma\\\/produit\\\/mega-multi-pour-femmes-90-comprimes\\\/\"]}]},{\"@type\":\"ImageObject\",\"inLanguage\":\"en-US\",\"@id\":\"https:\\\/\\\/vitablanca.ma\\\/produit\\\/mega-multi-pour-femmes-90-comprimes\\\/#primaryimage\",\"url\":\"https:\\\/\\\/vitablanca.ma\\\/wp-content\\\/uploads\\\/2026\\\/02\\\/47-9.jpg\",\"contentUrl\":\"https:\\\/\\\/vitablanca.ma\\\/wp-content\\\/uploads\\\/2026\\\/02\\\/47-9.jpg\",\"width\":1600,\"height\":1600},{\"@type\":\"BreadcrumbList\",\"@id\":\"https:\\\/\\\/vitablanca.ma\\\/produit\\\/mega-multi-pour-femmes-90-comprimes\\\/#breadcrumb\",\"itemListElement\":[{\"@type\":\"ListItem\",\"position\":1,\"name\":\"Home\",\"item\":\"https:\\\/\\\/vitablanca.ma\\\/\"},{\"@type\":\"ListItem\",\"position\":2,\"name\":\"Tous Les Produits\",\"item\":\"https:\\\/\\\/vitablanca.ma\\\/tous-les-produits\\\/\"},{\"@type\":\"ListItem\",\"position\":3,\"name\":\"21st Century Mega Multi pour femmes 90\u00a0comprim\u00e9s\"}]},{\"@type\":\"WebSite\",\"@id\":\"https:\\\/\\\/vitablanca.ma\\\/#website\",\"url\":\"https:\\\/\\\/vitablanca.ma\\\/\",\"name\":\"VitaBlanca.ma | Compl\u00e9ments alimentaires, sant\u00e9 & beaut\u00e9 au Maroc\",\"description\":\"vendre vitamines et compl\u00e9ments premium des USA &amp; Canada, Nouvelle Z\u00e9lande,Maroc (NOW Foods, Solgar, Manuka). Livraison rapide partout au Maroc.\",\"publisher\":{\"@id\":\"https:\\\/\\\/vitablanca.ma\\\/#organization\"},\"alternateName\":\"VitaBlanca.ma\",\"potentialAction\":[{\"@type\":\"SearchAction\",\"target\":{\"@type\":\"EntryPoint\",\"urlTemplate\":\"https:\\\/\\\/vitablanca.ma\\\/?s={search_term_string}\"},\"query-input\":{\"@type\":\"PropertyValueSpecification\",\"valueRequired\":true,\"valueName\":\"search_term_string\"}}],\"inLanguage\":\"en-US\"},{\"@type\":\"Organization\",\"@id\":\"https:\\\/\\\/vitablanca.ma\\\/#organization\",\"name\":\"VitaBlanca\",\"url\":\"https:\\\/\\\/vitablanca.ma\\\/\",\"logo\":{\"@type\":\"ImageObject\",\"inLanguage\":\"en-US\",\"@id\":\"https:\\\/\\\/vitablanca.ma\\\/#\\\/schema\\\/logo\\\/image\\\/\",\"url\":\"https:\\\/\\\/vitablanca.ma\\\/wp-content\\\/uploads\\\/2025\\\/05\\\/cropped-vitablanca.png\",\"contentUrl\":\"https:\\\/\\\/vitablanca.ma\\\/wp-content\\\/uploads\\\/2025\\\/05\\\/cropped-vitablanca.png\",\"width\":360,\"height\":67,\"caption\":\"VitaBlanca\"},\"image\":{\"@id\":\"https:\\\/\\\/vitablanca.ma\\\/#\\\/schema\\\/logo\\\/image\\\/\"},\"sameAs\":[\"https:\\\/\\\/www.facebook.com\\\/profile.php?id=61576678196717\",\"https:\\\/\\\/www.tiktok.com\\\/@vitablanca.ma\",\"https:\\\/\\\/www.instagram.com\\\/vitablanca.ma\\\/\"]}]}<\/script>\n<!-- \/ Yoast SEO plugin. -->","yoast_head_json":{"title":"21st Century Mega Multi pour femmes 90\u00a0comprim\u00e9s - Maroc Prix","description":"21st Century Mega Multi pour femmes 90\u00a0comprim\u00e9s","robots":{"index":"index","follow":"follow","max-snippet":"max-snippet:-1","max-image-preview":"max-image-preview:large","max-video-preview":"max-video-preview:-1"},"canonical":"https:\/\/vitablanca.ma\/en\/product\/mega-multi-pour-femmes-90-comprimes\/","og_locale":"en_US","og_type":"article","og_title":"21st Century Mega Multi pour femmes 90\u00a0comprim\u00e9s - Maroc Prix","og_description":"21st Century Mega Multi pour femmes 90\u00a0comprim\u00e9s","og_url":"https:\/\/vitablanca.ma\/en\/product\/mega-multi-pour-femmes-90-comprimes\/","og_site_name":"Vitablanca.ma &ndash; Sant&eacute;, vitalit&eacute; et bien-&ecirc;tre pour tous les Marocains","article_publisher":"https:\/\/www.facebook.com\/profile.php?id=61576678196717","article_modified_time":"2026-02-21T16:16:58+00:00","og_image":[{"width":1600,"height":1600,"url":"https:\/\/vitablanca.ma\/wp-content\/uploads\/2026\/02\/47-9.jpg","type":"image\/jpeg"}],"twitter_card":"summary_large_image","twitter_misc":{"Est. reading time":"1 minute"},"schema":{"@context":"https:\/\/schema.org","@graph":[{"@type":["WebPage","ItemPage"],"@id":"https:\/\/vitablanca.ma\/produit\/mega-multi-pour-femmes-90-comprimes\/","url":"https:\/\/vitablanca.ma\/produit\/mega-multi-pour-femmes-90-comprimes\/","name":"21st Century Mega Multi pour femmes 90\u00a0comprim\u00e9s - Maroc Prix","isPartOf":{"@id":"https:\/\/vitablanca.ma\/#website"},"primaryImageOfPage":{"@id":"https:\/\/vitablanca.ma\/produit\/mega-multi-pour-femmes-90-comprimes\/#primaryimage"},"image":{"@id":"https:\/\/vitablanca.ma\/produit\/mega-multi-pour-femmes-90-comprimes\/#primaryimage"},"thumbnailUrl":"https:\/\/vitablanca.ma\/wp-content\/uploads\/2026\/02\/47-9.jpg","datePublished":"2026-02-05T00:15:44+00:00","dateModified":"2026-02-21T16:16:58+00:00","description":"21st Century Mega Multi pour femmes 90\u00a0comprim\u00e9s","breadcrumb":{"@id":"https:\/\/vitablanca.ma\/produit\/mega-multi-pour-femmes-90-comprimes\/#breadcrumb"},"inLanguage":"en-US","potentialAction":[{"@type":"ReadAction","target":["https:\/\/vitablanca.ma\/produit\/mega-multi-pour-femmes-90-comprimes\/"]}]},{"@type":"ImageObject","inLanguage":"en-US","@id":"https:\/\/vitablanca.ma\/produit\/mega-multi-pour-femmes-90-comprimes\/#primaryimage","url":"https:\/\/vitablanca.ma\/wp-content\/uploads\/2026\/02\/47-9.jpg","contentUrl":"https:\/\/vitablanca.ma\/wp-content\/uploads\/2026\/02\/47-9.jpg","width":1600,"height":1600},{"@type":"BreadcrumbList","@id":"https:\/\/vitablanca.ma\/produit\/mega-multi-pour-femmes-90-comprimes\/#breadcrumb","itemListElement":[{"@type":"ListItem","position":1,"name":"Home","item":"https:\/\/vitablanca.ma\/"},{"@type":"ListItem","position":2,"name":"Tous Les Produits","item":"https:\/\/vitablanca.ma\/tous-les-produits\/"},{"@type":"ListItem","position":3,"name":"21st Century Mega Multi pour femmes 90\u00a0comprim\u00e9s"}]},{"@type":"WebSite","@id":"https:\/\/vitablanca.ma\/#website","url":"https:\/\/vitablanca.ma\/","name":"VitaBlanca.ma | Food supplements, health &amp; beauty in Morocco","description":"sell premium vitamins and supplements from USA &amp; Canada, New Zealand, Morocco (NOW Foods, Solgar, Manuka). Fast delivery anywhere in Morocco.","publisher":{"@id":"https:\/\/vitablanca.ma\/#organization"},"alternateName":"VitaBlanca.ma","potentialAction":[{"@type":"SearchAction","target":{"@type":"EntryPoint","urlTemplate":"https:\/\/vitablanca.ma\/?s={search_term_string}"},"query-input":{"@type":"PropertyValueSpecification","valueRequired":true,"valueName":"search_term_string"}}],"inLanguage":"en-US"},{"@type":"Organization","@id":"https:\/\/vitablanca.ma\/#organization","name":"VitaBlanca","url":"https:\/\/vitablanca.ma\/","logo":{"@type":"ImageObject","inLanguage":"en-US","@id":"https:\/\/vitablanca.ma\/#\/schema\/logo\/image\/","url":"https:\/\/vitablanca.ma\/wp-content\/uploads\/2025\/05\/cropped-vitablanca.png","contentUrl":"https:\/\/vitablanca.ma\/wp-content\/uploads\/2025\/05\/cropped-vitablanca.png","width":360,"height":67,"caption":"VitaBlanca"},"image":{"@id":"https:\/\/vitablanca.ma\/#\/schema\/logo\/image\/"},"sameAs":["https:\/\/www.facebook.com\/profile.php?id=61576678196717","https:\/\/www.tiktok.com\/@vitablanca.ma","https:\/\/www.instagram.com\/vitablanca.ma\/"]}]}},"jetpack_sharing_enabled":true,"_links":{"self":[{"href":"https:\/\/vitablanca.ma\/en\/wp-json\/wp\/v2\/product\/29001","targetHints":{"allow":["GET"]}}],"collection":[{"href":"https:\/\/vitablanca.ma\/en\/wp-json\/wp\/v2\/product"}],"about":[{"href":"https:\/\/vitablanca.ma\/en\/wp-json\/wp\/v2\/types\/product"}],"wp:featuredmedia":[{"embeddable":true,"href":"https:\/\/vitablanca.ma\/en\/wp-json\/wp\/v2\/media\/29086"}],"wp:attachment":[{"href":"https:\/\/vitablanca.ma\/en\/wp-json\/wp\/v2\/media?parent=29001"}],"wp:term":[{"taxonomy":"product_brand","embeddable":true,"href":"https:\/\/vitablanca.ma\/en\/wp-json\/wp\/v2\/product_brand?post=29001"},{"taxonomy":"product_cat","embeddable":true,"href":"https:\/\/vitablanca.ma\/en\/wp-json\/wp\/v2\/product_cat?post=29001"},{"taxonomy":"product_tag","embeddable":true,"href":"https:\/\/vitablanca.ma\/en\/wp-json\/wp\/v2\/product_tag?post=29001"}],"curies":[{"name":"wp","href":"https:\/\/api.w.org\/{rel}","templated":true}]}}