{"id":28971,"date":"2026-02-05T00:14:55","date_gmt":"2026-02-05T00:14:55","guid":{"rendered":"https:\/\/vitablanca.ma\/?post_type=product&#038;p=28971"},"modified":"2026-02-21T16:16:58","modified_gmt":"2026-02-21T16:16:58","slug":"magnesium-250-mg-110-comprimes","status":"publish","type":"product","link":"https:\/\/vitablanca.ma\/en\/product\/magnesium-250-mg-110-comprimes\/","title":{"rendered":"21st Century Magnesium 250\u00a0mg 110\u00a0comprim\u00e9s"},"content":{"rendered":"<p>Soutien musculaire et osseux<br \/>\nMineral supplement<br \/>\nGluten free<br \/>\nGMO-free<br \/>\nQuality guaranteed by laboratory testing<br \/>\nQualit\u00e9 de confiance depuis plus de 30\u00a0ans<br \/>\nSuitable for vegans<\/p>\n<p>Le magn\u00e9sium est un min\u00e9ral essentiel qui renforce la sant\u00e9 des os et des muscles.<br \/>\nSuggested Use<br \/>\nEn compl\u00e9ment min\u00e9ral chez l&rsquo;adulte, prenez un\u00a0(1)\u00a0comprim\u00e9 par jour au cours d&rsquo;un repas ou suivez les instructions d&rsquo;un professionnel de la sant\u00e9. Ne pas d\u00e9passer le dosage recommand\u00e9.<br \/>\nOther ingredients<br \/>\nCellulose, acide st\u00e9arique, croscarmellose sodique, kelp.<br \/>\nContient &lt;\u00a02\u00a0% de\u00a0: gomme d&rsquo;acacia, silicate de magn\u00e9sium, st\u00e9arate de magn\u00e9sium, dioxyde de silicium.<br \/>\nSans sucres ajout\u00e9s, levure, conservateurs, ar\u00f4mes ni colorants artificiels.<br \/>\nWarnings<br \/>\nLes r\u00e9sultats peuvent varier en fonction des individus.<br \/>\nConsultez un professionnel de la sant\u00e9 avant utilisation si vous \u00eates enceinte, allaitez, suivez un traitement m\u00e9dical, souffrez d&rsquo;une affection m\u00e9dicale ou pr\u00e9voyez une intervention m\u00e9dicale. En cas d&rsquo;effets ind\u00e9sirables, cesser l&rsquo;utilisation et contacter un m\u00e9decin.<br \/>\nTenir hors de port\u00e9e des enfants. Ne pas utiliser si le produit semble avoir \u00e9t\u00e9 alt\u00e9r\u00e9 ou si le sceau est bris\u00e9. \u00c0 conserver \u00e0 temp\u00e9rature ambiante.<\/p>","protected":false},"excerpt":{"rendered":"<p>Soutien musculaire et osseux Compl\u00e9ment min\u00e9ral Sans gluten Sans OGM Qualit\u00e9 garantie par test en laboratoire Qualit\u00e9 de confiance depuis plus de 30\u00a0ans Convient aux v\u00e9gans Le magn\u00e9sium est un min\u00e9ral essentiel qui renforce la sant\u00e9 des os et des muscles. Usage sugg\u00e9r\u00e9 En compl\u00e9ment min\u00e9ral chez l&rsquo;adulte, prenez un\u00a0(1)\u00a0comprim\u00e9 par jour au cours d&rsquo;un [&hellip;]<\/p>\n","protected":false},"featured_media":29055,"template":"","meta":{"om_disable_all_campaigns":false},"product_brand":[2417],"product_cat":[18,3366,7960,7961],"product_tag":[],"class_list":{"0":"post-28971","1":"product","2":"type-product","3":"status-publish","4":"has-post-thumbnail","6":"product_brand-21st-century-maroc-prix","7":"product_cat-beaute-sante","8":"product_cat-complements-alimentaires-au-maroc-vitablanca","9":"product_cat-magnesium-2","10":"product_cat-mineraux-2","12":"first","13":"instock","14":"sale","15":"taxable","16":"shipping-taxable","17":"purchasable","18":"product-type-simple"},"yoast_head":"<!-- This site is optimized with the Yoast SEO plugin v27.4 - https:\/\/yoast.com\/product\/yoast-seo-wordpress\/ -->\n<title>21st Century Magnesium 250\u00a0mg 110\u00a0comprim\u00e9s - Maroc Prix<\/title>\n<meta name=\"description\" content=\"21st Century Magnesium 250\u00a0mg 110\u00a0comprim\u00e9s\" \/>\n<meta name=\"robots\" content=\"index, follow, max-snippet:-1, max-image-preview:large, max-video-preview:-1\" \/>\n<link rel=\"canonical\" href=\"https:\/\/vitablanca.ma\/en\/product\/magnesium-250-mg-110-comprimes\/\" \/>\n<meta property=\"og:locale\" content=\"en_US\" \/>\n<meta property=\"og:type\" content=\"article\" \/>\n<meta property=\"og:title\" content=\"21st Century Magnesium 250\u00a0mg 110\u00a0comprim\u00e9s - Maroc Prix\" \/>\n<meta property=\"og:description\" content=\"21st Century Magnesium 250\u00a0mg 110\u00a0comprim\u00e9s\" \/>\n<meta property=\"og:url\" content=\"https:\/\/vitablanca.ma\/en\/product\/magnesium-250-mg-110-comprimes\/\" \/>\n<meta property=\"og:site_name\" content=\"Vitablanca.ma &ndash; Sant&eacute;, vitalit&eacute; et bien-&ecirc;tre pour tous les Marocains\" \/>\n<meta property=\"article:publisher\" content=\"https:\/\/www.facebook.com\/profile.php?id=61576678196717\" \/>\n<meta property=\"article:modified_time\" content=\"2026-02-21T16:16:58+00:00\" \/>\n<meta property=\"og:image\" content=\"https:\/\/vitablanca.ma\/wp-content\/uploads\/2026\/02\/69-1.jpg\" \/>\n\t<meta property=\"og:image:width\" content=\"1600\" \/>\n\t<meta property=\"og:image:height\" content=\"1600\" \/>\n\t<meta property=\"og:image:type\" content=\"image\/jpeg\" \/>\n<meta name=\"twitter:card\" content=\"summary_large_image\" \/>\n<meta name=\"twitter:label1\" content=\"Est. reading time\" \/>\n\t<meta name=\"twitter:data1\" content=\"1 minute\" \/>\n<script type=\"application\/ld+json\" class=\"yoast-schema-graph\">{\"@context\":\"https:\\\/\\\/schema.org\",\"@graph\":[{\"@type\":[\"WebPage\",\"ItemPage\"],\"@id\":\"https:\\\/\\\/vitablanca.ma\\\/produit\\\/magnesium-250-mg-110-comprimes\\\/\",\"url\":\"https:\\\/\\\/vitablanca.ma\\\/produit\\\/magnesium-250-mg-110-comprimes\\\/\",\"name\":\"21st Century Magnesium 250\u00a0mg 110\u00a0comprim\u00e9s - Maroc Prix\",\"isPartOf\":{\"@id\":\"https:\\\/\\\/vitablanca.ma\\\/#website\"},\"primaryImageOfPage\":{\"@id\":\"https:\\\/\\\/vitablanca.ma\\\/produit\\\/magnesium-250-mg-110-comprimes\\\/#primaryimage\"},\"image\":{\"@id\":\"https:\\\/\\\/vitablanca.ma\\\/produit\\\/magnesium-250-mg-110-comprimes\\\/#primaryimage\"},\"thumbnailUrl\":\"https:\\\/\\\/vitablanca.ma\\\/wp-content\\\/uploads\\\/2026\\\/02\\\/69-1.jpg\",\"datePublished\":\"2026-02-05T00:14:55+00:00\",\"dateModified\":\"2026-02-21T16:16:58+00:00\",\"description\":\"21st Century Magnesium 250\u00a0mg 110\u00a0comprim\u00e9s\",\"breadcrumb\":{\"@id\":\"https:\\\/\\\/vitablanca.ma\\\/produit\\\/magnesium-250-mg-110-comprimes\\\/#breadcrumb\"},\"inLanguage\":\"en-US\",\"potentialAction\":[{\"@type\":\"ReadAction\",\"target\":[\"https:\\\/\\\/vitablanca.ma\\\/produit\\\/magnesium-250-mg-110-comprimes\\\/\"]}]},{\"@type\":\"ImageObject\",\"inLanguage\":\"en-US\",\"@id\":\"https:\\\/\\\/vitablanca.ma\\\/produit\\\/magnesium-250-mg-110-comprimes\\\/#primaryimage\",\"url\":\"https:\\\/\\\/vitablanca.ma\\\/wp-content\\\/uploads\\\/2026\\\/02\\\/69-1.jpg\",\"contentUrl\":\"https:\\\/\\\/vitablanca.ma\\\/wp-content\\\/uploads\\\/2026\\\/02\\\/69-1.jpg\",\"width\":1600,\"height\":1600},{\"@type\":\"BreadcrumbList\",\"@id\":\"https:\\\/\\\/vitablanca.ma\\\/produit\\\/magnesium-250-mg-110-comprimes\\\/#breadcrumb\",\"itemListElement\":[{\"@type\":\"ListItem\",\"position\":1,\"name\":\"Home\",\"item\":\"https:\\\/\\\/vitablanca.ma\\\/\"},{\"@type\":\"ListItem\",\"position\":2,\"name\":\"Tous Les Produits\",\"item\":\"https:\\\/\\\/vitablanca.ma\\\/tous-les-produits\\\/\"},{\"@type\":\"ListItem\",\"position\":3,\"name\":\"21st Century Magnesium 250\u00a0mg 110\u00a0comprim\u00e9s\"}]},{\"@type\":\"WebSite\",\"@id\":\"https:\\\/\\\/vitablanca.ma\\\/#website\",\"url\":\"https:\\\/\\\/vitablanca.ma\\\/\",\"name\":\"VitaBlanca.ma | Compl\u00e9ments alimentaires, sant\u00e9 & beaut\u00e9 au Maroc\",\"description\":\"vendre vitamines et compl\u00e9ments premium des USA &amp; Canada, Nouvelle Z\u00e9lande,Maroc (NOW Foods, Solgar, Manuka). Livraison rapide partout au Maroc.\",\"publisher\":{\"@id\":\"https:\\\/\\\/vitablanca.ma\\\/#organization\"},\"alternateName\":\"VitaBlanca.ma\",\"potentialAction\":[{\"@type\":\"SearchAction\",\"target\":{\"@type\":\"EntryPoint\",\"urlTemplate\":\"https:\\\/\\\/vitablanca.ma\\\/?s={search_term_string}\"},\"query-input\":{\"@type\":\"PropertyValueSpecification\",\"valueRequired\":true,\"valueName\":\"search_term_string\"}}],\"inLanguage\":\"en-US\"},{\"@type\":\"Organization\",\"@id\":\"https:\\\/\\\/vitablanca.ma\\\/#organization\",\"name\":\"VitaBlanca\",\"url\":\"https:\\\/\\\/vitablanca.ma\\\/\",\"logo\":{\"@type\":\"ImageObject\",\"inLanguage\":\"en-US\",\"@id\":\"https:\\\/\\\/vitablanca.ma\\\/#\\\/schema\\\/logo\\\/image\\\/\",\"url\":\"https:\\\/\\\/vitablanca.ma\\\/wp-content\\\/uploads\\\/2025\\\/05\\\/cropped-vitablanca.png\",\"contentUrl\":\"https:\\\/\\\/vitablanca.ma\\\/wp-content\\\/uploads\\\/2025\\\/05\\\/cropped-vitablanca.png\",\"width\":360,\"height\":67,\"caption\":\"VitaBlanca\"},\"image\":{\"@id\":\"https:\\\/\\\/vitablanca.ma\\\/#\\\/schema\\\/logo\\\/image\\\/\"},\"sameAs\":[\"https:\\\/\\\/www.facebook.com\\\/profile.php?id=61576678196717\",\"https:\\\/\\\/www.tiktok.com\\\/@vitablanca.ma\",\"https:\\\/\\\/www.instagram.com\\\/vitablanca.ma\\\/\"]}]}<\/script>\n<!-- \/ Yoast SEO plugin. -->","yoast_head_json":{"title":"21st Century Magnesium 250\u00a0mg 110\u00a0comprim\u00e9s - Maroc Prix","description":"21st Century Magnesium 250\u00a0mg 110\u00a0comprim\u00e9s","robots":{"index":"index","follow":"follow","max-snippet":"max-snippet:-1","max-image-preview":"max-image-preview:large","max-video-preview":"max-video-preview:-1"},"canonical":"https:\/\/vitablanca.ma\/en\/product\/magnesium-250-mg-110-comprimes\/","og_locale":"en_US","og_type":"article","og_title":"21st Century Magnesium 250\u00a0mg 110\u00a0comprim\u00e9s - Maroc Prix","og_description":"21st Century Magnesium 250\u00a0mg 110\u00a0comprim\u00e9s","og_url":"https:\/\/vitablanca.ma\/en\/product\/magnesium-250-mg-110-comprimes\/","og_site_name":"Vitablanca.ma &ndash; Sant&eacute;, vitalit&eacute; et bien-&ecirc;tre pour tous les Marocains","article_publisher":"https:\/\/www.facebook.com\/profile.php?id=61576678196717","article_modified_time":"2026-02-21T16:16:58+00:00","og_image":[{"width":1600,"height":1600,"url":"https:\/\/vitablanca.ma\/wp-content\/uploads\/2026\/02\/69-1.jpg","type":"image\/jpeg"}],"twitter_card":"summary_large_image","twitter_misc":{"Est. reading time":"1 minute"},"schema":{"@context":"https:\/\/schema.org","@graph":[{"@type":["WebPage","ItemPage"],"@id":"https:\/\/vitablanca.ma\/produit\/magnesium-250-mg-110-comprimes\/","url":"https:\/\/vitablanca.ma\/produit\/magnesium-250-mg-110-comprimes\/","name":"21st Century Magnesium 250\u00a0mg 110\u00a0comprim\u00e9s - Maroc Prix","isPartOf":{"@id":"https:\/\/vitablanca.ma\/#website"},"primaryImageOfPage":{"@id":"https:\/\/vitablanca.ma\/produit\/magnesium-250-mg-110-comprimes\/#primaryimage"},"image":{"@id":"https:\/\/vitablanca.ma\/produit\/magnesium-250-mg-110-comprimes\/#primaryimage"},"thumbnailUrl":"https:\/\/vitablanca.ma\/wp-content\/uploads\/2026\/02\/69-1.jpg","datePublished":"2026-02-05T00:14:55+00:00","dateModified":"2026-02-21T16:16:58+00:00","description":"21st Century Magnesium 250\u00a0mg 110\u00a0comprim\u00e9s","breadcrumb":{"@id":"https:\/\/vitablanca.ma\/produit\/magnesium-250-mg-110-comprimes\/#breadcrumb"},"inLanguage":"en-US","potentialAction":[{"@type":"ReadAction","target":["https:\/\/vitablanca.ma\/produit\/magnesium-250-mg-110-comprimes\/"]}]},{"@type":"ImageObject","inLanguage":"en-US","@id":"https:\/\/vitablanca.ma\/produit\/magnesium-250-mg-110-comprimes\/#primaryimage","url":"https:\/\/vitablanca.ma\/wp-content\/uploads\/2026\/02\/69-1.jpg","contentUrl":"https:\/\/vitablanca.ma\/wp-content\/uploads\/2026\/02\/69-1.jpg","width":1600,"height":1600},{"@type":"BreadcrumbList","@id":"https:\/\/vitablanca.ma\/produit\/magnesium-250-mg-110-comprimes\/#breadcrumb","itemListElement":[{"@type":"ListItem","position":1,"name":"Home","item":"https:\/\/vitablanca.ma\/"},{"@type":"ListItem","position":2,"name":"Tous Les Produits","item":"https:\/\/vitablanca.ma\/tous-les-produits\/"},{"@type":"ListItem","position":3,"name":"21st Century Magnesium 250\u00a0mg 110\u00a0comprim\u00e9s"}]},{"@type":"WebSite","@id":"https:\/\/vitablanca.ma\/#website","url":"https:\/\/vitablanca.ma\/","name":"VitaBlanca.ma | Food supplements, health &amp; beauty in Morocco","description":"sell premium vitamins and supplements from USA &amp; Canada, New Zealand, Morocco (NOW Foods, Solgar, Manuka). Fast delivery anywhere in Morocco.","publisher":{"@id":"https:\/\/vitablanca.ma\/#organization"},"alternateName":"VitaBlanca.ma","potentialAction":[{"@type":"SearchAction","target":{"@type":"EntryPoint","urlTemplate":"https:\/\/vitablanca.ma\/?s={search_term_string}"},"query-input":{"@type":"PropertyValueSpecification","valueRequired":true,"valueName":"search_term_string"}}],"inLanguage":"en-US"},{"@type":"Organization","@id":"https:\/\/vitablanca.ma\/#organization","name":"VitaBlanca","url":"https:\/\/vitablanca.ma\/","logo":{"@type":"ImageObject","inLanguage":"en-US","@id":"https:\/\/vitablanca.ma\/#\/schema\/logo\/image\/","url":"https:\/\/vitablanca.ma\/wp-content\/uploads\/2025\/05\/cropped-vitablanca.png","contentUrl":"https:\/\/vitablanca.ma\/wp-content\/uploads\/2025\/05\/cropped-vitablanca.png","width":360,"height":67,"caption":"VitaBlanca"},"image":{"@id":"https:\/\/vitablanca.ma\/#\/schema\/logo\/image\/"},"sameAs":["https:\/\/www.facebook.com\/profile.php?id=61576678196717","https:\/\/www.tiktok.com\/@vitablanca.ma","https:\/\/www.instagram.com\/vitablanca.ma\/"]}]}},"jetpack_sharing_enabled":true,"_links":{"self":[{"href":"https:\/\/vitablanca.ma\/en\/wp-json\/wp\/v2\/product\/28971","targetHints":{"allow":["GET"]}}],"collection":[{"href":"https:\/\/vitablanca.ma\/en\/wp-json\/wp\/v2\/product"}],"about":[{"href":"https:\/\/vitablanca.ma\/en\/wp-json\/wp\/v2\/types\/product"}],"wp:featuredmedia":[{"embeddable":true,"href":"https:\/\/vitablanca.ma\/en\/wp-json\/wp\/v2\/media\/29055"}],"wp:attachment":[{"href":"https:\/\/vitablanca.ma\/en\/wp-json\/wp\/v2\/media?parent=28971"}],"wp:term":[{"taxonomy":"product_brand","embeddable":true,"href":"https:\/\/vitablanca.ma\/en\/wp-json\/wp\/v2\/product_brand?post=28971"},{"taxonomy":"product_cat","embeddable":true,"href":"https:\/\/vitablanca.ma\/en\/wp-json\/wp\/v2\/product_cat?post=28971"},{"taxonomy":"product_tag","embeddable":true,"href":"https:\/\/vitablanca.ma\/en\/wp-json\/wp\/v2\/product_tag?post=28971"}],"curies":[{"name":"wp","href":"https:\/\/api.w.org\/{rel}","templated":true}]}}