{"id":28970,"date":"2026-02-05T00:14:55","date_gmt":"2026-02-05T00:14:55","guid":{"rendered":"https:\/\/vitablanca.ma\/?post_type=product&#038;p=28970"},"modified":"2026-02-21T16:16:58","modified_gmt":"2026-02-21T16:16:58","slug":"calcium-magnesium-zinc-d3-90-comprimes","status":"publish","type":"product","link":"https:\/\/vitablanca.ma\/en\/product\/calcium-magnesium-zinc-d3-90-comprimes\/","title":{"rendered":"21st Century Calcium Magnesium Zinc + D3 90 Comprim\u00e9s"},"content":{"rendered":"<p>The Important Trio of Minerals + Vitamin D3 for Bone Health Support<br \/>\nMineral supplement<br \/>\nGluten free<br \/>\nQuality guaranteed by laboratory testing<\/p>\n<p>Un trio de min\u00e9raux indispensables (calcium, magn\u00e9sium et zinc) associ\u00e9 \u00e0 la vitamine D3 pour renforcer les os, les muscles et le syst\u00e8me immunitaire.<br \/>\nSuggested Use<br \/>\nComme compl\u00e9ment min\u00e9ral, chez l&rsquo;adulte, prendre trois (3) comprim\u00e9s par jour au cours d&rsquo;un repas ou selon les recommandations d&rsquo;un professionnel de la sant\u00e9. Ne pas d\u00e9passer la dose recommand\u00e9e. Les r\u00e9sultats individuels peuvent varier.<br \/>\nOther ingredients<br \/>\nCellulose, croscarmellose sodique, maltrodexine. Contient &lt;\u00a02\u00a0% de\u00a0: butyl hydroxyanisole, butyl hydroxytolu\u00e8ne, g\u00e9latine, silicate de magn\u00e9sium, st\u00e9arate de magn\u00e9sium, PEG, alcool polyvinylique, dioxyde de silicium, amidon, acide st\u00e9arique, sucrose, talc, \u00a0huile v\u00e9g\u00e9tale, eau.<br \/>\nSans levure, ni ar\u00f4mes artificiels ajout\u00e9s.<br \/>\nWarnings<br \/>\nConsultez un professionnel de la sant\u00e9 avant utilisation en cas de grossesse, d&rsquo;allaitement, si vous prenez un traitement m\u00e9dical, si vous souffrez d&rsquo;une maladie ou si vous devez subir une op\u00e9ration chirurgicale. Arr\u00eatez l&rsquo;utilisation et contactez un m\u00e9decin si des effets ind\u00e9sirables surviennent.<br \/>\nTenir hors de la port\u00e9e des enfants. Ne pas utiliser si le produit semble \u00eatre alt\u00e9r\u00e9 ou si l&rsquo;opercule et endommag\u00e9. Conserver \u00e0 temp\u00e9rature ambiante.<\/p>","protected":false},"excerpt":{"rendered":"<p>The Important Trio of Minerals + Vitamin D3 for Bone Health Support Compl\u00e9ment min\u00e9ral Sans gluten Qualit\u00e9 garantie par test en laboratoire Un trio de min\u00e9raux indispensables (calcium, magn\u00e9sium et zinc) associ\u00e9 \u00e0 la vitamine D3 pour renforcer les os, les muscles et le syst\u00e8me immunitaire. Usage sugg\u00e9r\u00e9 Comme compl\u00e9ment min\u00e9ral, chez l&rsquo;adulte, prendre trois [&hellip;]<\/p>\n","protected":false},"featured_media":29053,"template":"","meta":{"om_disable_all_campaigns":false},"product_brand":[2417],"product_cat":[18,3366,7960,7961,7962,7963,854],"product_tag":[],"class_list":{"0":"post-28970","1":"product","2":"type-product","3":"status-publish","4":"has-post-thumbnail","6":"product_brand-21st-century-maroc-prix","7":"product_cat-beaute-sante","8":"product_cat-complements-alimentaires-au-maroc-vitablanca","9":"product_cat-magnesium-2","10":"product_cat-mineraux-2","11":"product_cat-vitamine-d-2","12":"product_cat-vitamines-2","13":"product_cat-zinc","15":"first","16":"instock","17":"sale","18":"taxable","19":"shipping-taxable","20":"purchasable","21":"product-type-simple"},"yoast_head":"<!-- This site is optimized with the Yoast SEO plugin v27.4 - https:\/\/yoast.com\/product\/yoast-seo-wordpress\/ -->\n<title>21st Century Calcium Magnesium Zinc + D3 90 Comprim\u00e9s - Maroc Prix<\/title>\n<meta name=\"description\" content=\"21st Century Calcium Magnesium Zinc + D3 90 Comprim\u00e9s\" \/>\n<meta name=\"robots\" content=\"index, follow, max-snippet:-1, max-image-preview:large, max-video-preview:-1\" \/>\n<link rel=\"canonical\" href=\"https:\/\/vitablanca.ma\/en\/product\/calcium-magnesium-zinc-d3-90-comprimes\/\" \/>\n<meta property=\"og:locale\" content=\"en_US\" \/>\n<meta property=\"og:type\" content=\"article\" \/>\n<meta property=\"og:title\" content=\"21st Century Calcium Magnesium Zinc + D3 90 Comprim\u00e9s - Maroc Prix\" \/>\n<meta property=\"og:description\" content=\"21st Century Calcium Magnesium Zinc + D3 90 Comprim\u00e9s\" \/>\n<meta property=\"og:url\" content=\"https:\/\/vitablanca.ma\/en\/product\/calcium-magnesium-zinc-d3-90-comprimes\/\" \/>\n<meta property=\"og:site_name\" content=\"Vitablanca.ma &ndash; Sant&eacute;, vitalit&eacute; et bien-&ecirc;tre pour tous les Marocains\" \/>\n<meta property=\"article:publisher\" content=\"https:\/\/www.facebook.com\/profile.php?id=61576678196717\" \/>\n<meta property=\"article:modified_time\" content=\"2026-02-21T16:16:58+00:00\" \/>\n<meta property=\"og:image\" content=\"https:\/\/vitablanca.ma\/wp-content\/uploads\/2026\/02\/27-3.jpg\" \/>\n\t<meta property=\"og:image:width\" content=\"1600\" \/>\n\t<meta property=\"og:image:height\" content=\"1600\" \/>\n\t<meta property=\"og:image:type\" content=\"image\/jpeg\" \/>\n<meta name=\"twitter:card\" content=\"summary_large_image\" \/>\n<meta name=\"twitter:label1\" content=\"Est. reading time\" \/>\n\t<meta name=\"twitter:data1\" content=\"1 minute\" \/>\n<script type=\"application\/ld+json\" class=\"yoast-schema-graph\">{\"@context\":\"https:\\\/\\\/schema.org\",\"@graph\":[{\"@type\":[\"WebPage\",\"ItemPage\"],\"@id\":\"https:\\\/\\\/vitablanca.ma\\\/produit\\\/calcium-magnesium-zinc-d3-90-comprimes\\\/\",\"url\":\"https:\\\/\\\/vitablanca.ma\\\/produit\\\/calcium-magnesium-zinc-d3-90-comprimes\\\/\",\"name\":\"21st Century Calcium Magnesium Zinc + D3 90 Comprim\u00e9s - Maroc Prix\",\"isPartOf\":{\"@id\":\"https:\\\/\\\/vitablanca.ma\\\/#website\"},\"primaryImageOfPage\":{\"@id\":\"https:\\\/\\\/vitablanca.ma\\\/produit\\\/calcium-magnesium-zinc-d3-90-comprimes\\\/#primaryimage\"},\"image\":{\"@id\":\"https:\\\/\\\/vitablanca.ma\\\/produit\\\/calcium-magnesium-zinc-d3-90-comprimes\\\/#primaryimage\"},\"thumbnailUrl\":\"https:\\\/\\\/vitablanca.ma\\\/wp-content\\\/uploads\\\/2026\\\/02\\\/27-3.jpg\",\"datePublished\":\"2026-02-05T00:14:55+00:00\",\"dateModified\":\"2026-02-21T16:16:58+00:00\",\"description\":\"21st Century Calcium Magnesium Zinc + D3 90 Comprim\u00e9s\",\"breadcrumb\":{\"@id\":\"https:\\\/\\\/vitablanca.ma\\\/produit\\\/calcium-magnesium-zinc-d3-90-comprimes\\\/#breadcrumb\"},\"inLanguage\":\"en-US\",\"potentialAction\":[{\"@type\":\"ReadAction\",\"target\":[\"https:\\\/\\\/vitablanca.ma\\\/produit\\\/calcium-magnesium-zinc-d3-90-comprimes\\\/\"]}]},{\"@type\":\"ImageObject\",\"inLanguage\":\"en-US\",\"@id\":\"https:\\\/\\\/vitablanca.ma\\\/produit\\\/calcium-magnesium-zinc-d3-90-comprimes\\\/#primaryimage\",\"url\":\"https:\\\/\\\/vitablanca.ma\\\/wp-content\\\/uploads\\\/2026\\\/02\\\/27-3.jpg\",\"contentUrl\":\"https:\\\/\\\/vitablanca.ma\\\/wp-content\\\/uploads\\\/2026\\\/02\\\/27-3.jpg\",\"width\":1600,\"height\":1600},{\"@type\":\"BreadcrumbList\",\"@id\":\"https:\\\/\\\/vitablanca.ma\\\/produit\\\/calcium-magnesium-zinc-d3-90-comprimes\\\/#breadcrumb\",\"itemListElement\":[{\"@type\":\"ListItem\",\"position\":1,\"name\":\"Home\",\"item\":\"https:\\\/\\\/vitablanca.ma\\\/\"},{\"@type\":\"ListItem\",\"position\":2,\"name\":\"Tous Les Produits\",\"item\":\"https:\\\/\\\/vitablanca.ma\\\/tous-les-produits\\\/\"},{\"@type\":\"ListItem\",\"position\":3,\"name\":\"21st Century Calcium Magnesium Zinc + D3 90 Comprim\u00e9s\"}]},{\"@type\":\"WebSite\",\"@id\":\"https:\\\/\\\/vitablanca.ma\\\/#website\",\"url\":\"https:\\\/\\\/vitablanca.ma\\\/\",\"name\":\"VitaBlanca.ma | Compl\u00e9ments alimentaires, sant\u00e9 & beaut\u00e9 au Maroc\",\"description\":\"vendre vitamines et compl\u00e9ments premium des USA &amp; Canada, Nouvelle Z\u00e9lande,Maroc (NOW Foods, Solgar, Manuka). Livraison rapide partout au Maroc.\",\"publisher\":{\"@id\":\"https:\\\/\\\/vitablanca.ma\\\/#organization\"},\"alternateName\":\"VitaBlanca.ma\",\"potentialAction\":[{\"@type\":\"SearchAction\",\"target\":{\"@type\":\"EntryPoint\",\"urlTemplate\":\"https:\\\/\\\/vitablanca.ma\\\/?s={search_term_string}\"},\"query-input\":{\"@type\":\"PropertyValueSpecification\",\"valueRequired\":true,\"valueName\":\"search_term_string\"}}],\"inLanguage\":\"en-US\"},{\"@type\":\"Organization\",\"@id\":\"https:\\\/\\\/vitablanca.ma\\\/#organization\",\"name\":\"VitaBlanca\",\"url\":\"https:\\\/\\\/vitablanca.ma\\\/\",\"logo\":{\"@type\":\"ImageObject\",\"inLanguage\":\"en-US\",\"@id\":\"https:\\\/\\\/vitablanca.ma\\\/#\\\/schema\\\/logo\\\/image\\\/\",\"url\":\"https:\\\/\\\/vitablanca.ma\\\/wp-content\\\/uploads\\\/2025\\\/05\\\/cropped-vitablanca.png\",\"contentUrl\":\"https:\\\/\\\/vitablanca.ma\\\/wp-content\\\/uploads\\\/2025\\\/05\\\/cropped-vitablanca.png\",\"width\":360,\"height\":67,\"caption\":\"VitaBlanca\"},\"image\":{\"@id\":\"https:\\\/\\\/vitablanca.ma\\\/#\\\/schema\\\/logo\\\/image\\\/\"},\"sameAs\":[\"https:\\\/\\\/www.facebook.com\\\/profile.php?id=61576678196717\",\"https:\\\/\\\/www.tiktok.com\\\/@vitablanca.ma\",\"https:\\\/\\\/www.instagram.com\\\/vitablanca.ma\\\/\"]}]}<\/script>\n<!-- \/ Yoast SEO plugin. -->","yoast_head_json":{"title":"21st Century Calcium Magnesium Zinc + D3 90 Comprim\u00e9s - Maroc Prix","description":"21st Century Calcium Magnesium Zinc + D3 90 Comprim\u00e9s","robots":{"index":"index","follow":"follow","max-snippet":"max-snippet:-1","max-image-preview":"max-image-preview:large","max-video-preview":"max-video-preview:-1"},"canonical":"https:\/\/vitablanca.ma\/en\/product\/calcium-magnesium-zinc-d3-90-comprimes\/","og_locale":"en_US","og_type":"article","og_title":"21st Century Calcium Magnesium Zinc + D3 90 Comprim\u00e9s - Maroc Prix","og_description":"21st Century Calcium Magnesium Zinc + D3 90 Comprim\u00e9s","og_url":"https:\/\/vitablanca.ma\/en\/product\/calcium-magnesium-zinc-d3-90-comprimes\/","og_site_name":"Vitablanca.ma &ndash; Sant&eacute;, vitalit&eacute; et bien-&ecirc;tre pour tous les Marocains","article_publisher":"https:\/\/www.facebook.com\/profile.php?id=61576678196717","article_modified_time":"2026-02-21T16:16:58+00:00","og_image":[{"width":1600,"height":1600,"url":"https:\/\/vitablanca.ma\/wp-content\/uploads\/2026\/02\/27-3.jpg","type":"image\/jpeg"}],"twitter_card":"summary_large_image","twitter_misc":{"Est. reading time":"1 minute"},"schema":{"@context":"https:\/\/schema.org","@graph":[{"@type":["WebPage","ItemPage"],"@id":"https:\/\/vitablanca.ma\/produit\/calcium-magnesium-zinc-d3-90-comprimes\/","url":"https:\/\/vitablanca.ma\/produit\/calcium-magnesium-zinc-d3-90-comprimes\/","name":"21st Century Calcium Magnesium Zinc + D3 90 Comprim\u00e9s - Maroc Prix","isPartOf":{"@id":"https:\/\/vitablanca.ma\/#website"},"primaryImageOfPage":{"@id":"https:\/\/vitablanca.ma\/produit\/calcium-magnesium-zinc-d3-90-comprimes\/#primaryimage"},"image":{"@id":"https:\/\/vitablanca.ma\/produit\/calcium-magnesium-zinc-d3-90-comprimes\/#primaryimage"},"thumbnailUrl":"https:\/\/vitablanca.ma\/wp-content\/uploads\/2026\/02\/27-3.jpg","datePublished":"2026-02-05T00:14:55+00:00","dateModified":"2026-02-21T16:16:58+00:00","description":"21st Century Calcium Magnesium Zinc + D3 90 Comprim\u00e9s","breadcrumb":{"@id":"https:\/\/vitablanca.ma\/produit\/calcium-magnesium-zinc-d3-90-comprimes\/#breadcrumb"},"inLanguage":"en-US","potentialAction":[{"@type":"ReadAction","target":["https:\/\/vitablanca.ma\/produit\/calcium-magnesium-zinc-d3-90-comprimes\/"]}]},{"@type":"ImageObject","inLanguage":"en-US","@id":"https:\/\/vitablanca.ma\/produit\/calcium-magnesium-zinc-d3-90-comprimes\/#primaryimage","url":"https:\/\/vitablanca.ma\/wp-content\/uploads\/2026\/02\/27-3.jpg","contentUrl":"https:\/\/vitablanca.ma\/wp-content\/uploads\/2026\/02\/27-3.jpg","width":1600,"height":1600},{"@type":"BreadcrumbList","@id":"https:\/\/vitablanca.ma\/produit\/calcium-magnesium-zinc-d3-90-comprimes\/#breadcrumb","itemListElement":[{"@type":"ListItem","position":1,"name":"Home","item":"https:\/\/vitablanca.ma\/"},{"@type":"ListItem","position":2,"name":"Tous Les Produits","item":"https:\/\/vitablanca.ma\/tous-les-produits\/"},{"@type":"ListItem","position":3,"name":"21st Century Calcium Magnesium Zinc + D3 90 Comprim\u00e9s"}]},{"@type":"WebSite","@id":"https:\/\/vitablanca.ma\/#website","url":"https:\/\/vitablanca.ma\/","name":"VitaBlanca.ma | Food supplements, health &amp; beauty in Morocco","description":"sell premium vitamins and supplements from USA &amp; Canada, New Zealand, Morocco (NOW Foods, Solgar, Manuka). Fast delivery anywhere in Morocco.","publisher":{"@id":"https:\/\/vitablanca.ma\/#organization"},"alternateName":"VitaBlanca.ma","potentialAction":[{"@type":"SearchAction","target":{"@type":"EntryPoint","urlTemplate":"https:\/\/vitablanca.ma\/?s={search_term_string}"},"query-input":{"@type":"PropertyValueSpecification","valueRequired":true,"valueName":"search_term_string"}}],"inLanguage":"en-US"},{"@type":"Organization","@id":"https:\/\/vitablanca.ma\/#organization","name":"VitaBlanca","url":"https:\/\/vitablanca.ma\/","logo":{"@type":"ImageObject","inLanguage":"en-US","@id":"https:\/\/vitablanca.ma\/#\/schema\/logo\/image\/","url":"https:\/\/vitablanca.ma\/wp-content\/uploads\/2025\/05\/cropped-vitablanca.png","contentUrl":"https:\/\/vitablanca.ma\/wp-content\/uploads\/2025\/05\/cropped-vitablanca.png","width":360,"height":67,"caption":"VitaBlanca"},"image":{"@id":"https:\/\/vitablanca.ma\/#\/schema\/logo\/image\/"},"sameAs":["https:\/\/www.facebook.com\/profile.php?id=61576678196717","https:\/\/www.tiktok.com\/@vitablanca.ma","https:\/\/www.instagram.com\/vitablanca.ma\/"]}]}},"jetpack_sharing_enabled":true,"_links":{"self":[{"href":"https:\/\/vitablanca.ma\/en\/wp-json\/wp\/v2\/product\/28970","targetHints":{"allow":["GET"]}}],"collection":[{"href":"https:\/\/vitablanca.ma\/en\/wp-json\/wp\/v2\/product"}],"about":[{"href":"https:\/\/vitablanca.ma\/en\/wp-json\/wp\/v2\/types\/product"}],"wp:featuredmedia":[{"embeddable":true,"href":"https:\/\/vitablanca.ma\/en\/wp-json\/wp\/v2\/media\/29053"}],"wp:attachment":[{"href":"https:\/\/vitablanca.ma\/en\/wp-json\/wp\/v2\/media?parent=28970"}],"wp:term":[{"taxonomy":"product_brand","embeddable":true,"href":"https:\/\/vitablanca.ma\/en\/wp-json\/wp\/v2\/product_brand?post=28970"},{"taxonomy":"product_cat","embeddable":true,"href":"https:\/\/vitablanca.ma\/en\/wp-json\/wp\/v2\/product_cat?post=28970"},{"taxonomy":"product_tag","embeddable":true,"href":"https:\/\/vitablanca.ma\/en\/wp-json\/wp\/v2\/product_tag?post=28970"}],"curies":[{"name":"wp","href":"https:\/\/api.w.org\/{rel}","templated":true}]}}