{"id":28949,"date":"2026-02-05T00:17:29","date_gmt":"2026-02-05T00:17:29","guid":{"rendered":"https:\/\/vitablanca.ma\/?post_type=product&#038;p=28949"},"modified":"2026-02-05T00:17:29","modified_gmt":"2026-02-05T00:17:29","slug":"rayonnelle-ultra-hydration-cleansing-oil-200ml-maroc-prix","status":"publish","type":"product","link":"https:\/\/vitablanca.ma\/en\/product\/rayonnelle-ultra-hydration-cleansing-oil-200ml-maroc-prix\/","title":{"rendered":"RAYONNELLE Ultra Hydration Cleansing Oil 200ml"},"content":{"rendered":"<h3>Huile Lavante Ultra Hydratation 200ml<\/h3>\n<h4>PROPERTIES:<\/h4>\n<p>Huile Lavante RAYONNELLE, un soin nettoyant offre \u00e0 la peau un rituel de purification et de confort absolu. Concue avec des agents nettoyants doux, elle respecte l\u2019\u00e9quilibre cutan\u00e9 tout en \u00e9liminant les impuret\u00e9s du quotidien.<\/p>\n<p>Enrichie en Niacinamide, elle renforce la barri\u00e8re cutan\u00e9e, apaise les sensations d\u2019inconfort et r\u00e9v\u00e8le un teint plus uniforme, Ses \u00e9mollients nutritifs enveloppent la peau d\u2019une douceur soyeuse, tout en pr\u00e9servant son hydratation naturelle. Cette formule respecte l\u2019\u00e9quilibre fragile de la peau, m\u00e9me la plus sensible.<\/p>\n<h4>DIRECTIONS FOR USE:<\/h4>\n<p>Appliquez g\u00e9n\u00e9reusement sur peau mouill\u00e9e, matin et soir, Masser d\u00e9licatement sur le visage et\/ou le corps, puis Rincer soigneusement \u00e0 l\u2019eau claire. Utiliser quotidiennement. Id\u00e9al pour une utilisation quotidienne.<\/p>\n<h4>EFFETS INDESIRABLES:<\/h4>\n<p>Aucun, dans les conditions normales d\u2019utilisation.<\/p>\n<h4>AVERTISSEMENTS ET CONTRE-INDICATIONS:<\/h4>\n<p>Ne pas utiliser en cas de sensibilit\u00e9 \u00e0 l\u2019un des ingr\u00e9dients<\/p>\n<h4>CONDITION DE STOCKAGE ET DUREE DE CONSERVATION:<\/h4>\n<p>A conserver \u00e0 une temp\u00e9rature maximale de 25\u00b0, peut \u00e9tre conserv\u00e9 3 ans.<\/p>","protected":false},"excerpt":{"rendered":"<ul>\n<li data-start=\"539\" data-end=\"570\">\n<p data-start=\"542\" data-end=\"570\">Huile d\u00e9maquillante 200 ml<\/p>\n<\/li>\n<li data-start=\"571\" data-end=\"594\">\n<p data-start=\"574\" data-end=\"594\">Nettoie en douceur<\/p>\n<\/li>\n<li data-start=\"595\" data-end=\"615\">\n<p data-start=\"598\" data-end=\"615\">Hydrates the skin<\/p>\n<\/li>\n<li data-start=\"616\" data-end=\"652\">\n<p data-start=\"619\" data-end=\"652\">\u00c9limine maquillage et impuret\u00e9s<\/p>\n<\/li>\n<li data-start=\"653\" data-end=\"687\">\n<p data-start=\"656\" data-end=\"687\">Convient \u00e0 tous types de peau<\/p>\n<\/li>\n<li data-start=\"688\" data-end=\"706\" data-is-last-node=\"\">\n<p data-start=\"691\" data-end=\"706\" data-is-last-node=\"\">Daily use<\/p>\n<\/li>\n<\/ul>","protected":false},"featured_media":29012,"template":"","meta":[],"product_brand":[7166],"product_cat":[18],"product_tag":[8058,8060,8059,6276,3492,6550,6302,7167,6660,5863],"class_list":{"0":"post-28949","1":"product","2":"type-product","3":"status-publish","4":"has-post-thumbnail","6":"product_brand-rayonnelle","7":"product_cat-beaute-sante","8":"product_tag-cleansing-oil","9":"product_tag-demaquillant","10":"product_tag-huile-demaquillante","11":"product_tag-hydratation","12":"product_tag-maroc","13":"product_tag-nettoyant-visage","14":"product_tag-peau-douce","15":"product_tag-rayonnelle","16":"product_tag-routine-beaute","17":"product_tag-soin-visage","19":"first","20":"instock","21":"sale","22":"taxable","23":"shipping-taxable","24":"purchasable","25":"product-type-simple"},"yoast_head":"<!-- This site is optimized with the Yoast SEO plugin v27.6 - https:\/\/yoast.com\/product\/yoast-seo-wordpress\/ -->\n<title>Rayonnelle Ultra Hydration Cleansing Oil 200 ml \u2013 Maroc Prix<\/title>\n<meta name=\"description\" content=\"Huile d\u00e9maquillante Rayonnelle Ultra Hydration 200 ml. Nettoie en douceur, hydrate et \u00e9limine maquillage et impuret\u00e9s sans dess\u00e9cher la peau. Disponible\" \/>\n<meta name=\"robots\" content=\"index, follow, max-snippet:-1, max-image-preview:large, max-video-preview:-1\" \/>\n<link rel=\"canonical\" href=\"https:\/\/vitablanca.ma\/en\/product\/rayonnelle-ultra-hydration-cleansing-oil-200ml-maroc-prix\/\" \/>\n<meta property=\"og:locale\" content=\"en_US\" \/>\n<meta property=\"og:type\" content=\"article\" \/>\n<meta property=\"og:title\" content=\"Rayonnelle Ultra Hydration Cleansing Oil 200 ml \u2013 Maroc Prix\" \/>\n<meta property=\"og:description\" content=\"Huile d\u00e9maquillante Rayonnelle Ultra Hydration 200 ml. Nettoie en douceur, hydrate et \u00e9limine maquillage et impuret\u00e9s sans dess\u00e9cher la peau. Disponible\" \/>\n<meta property=\"og:url\" content=\"https:\/\/vitablanca.ma\/en\/product\/rayonnelle-ultra-hydration-cleansing-oil-200ml-maroc-prix\/\" \/>\n<meta property=\"og:site_name\" content=\"Vitablanca.ma &ndash; Sant&eacute;, vitalit&eacute; et bien-&ecirc;tre pour tous les Marocains\" \/>\n<meta property=\"article:publisher\" content=\"https:\/\/www.facebook.com\/profile.php?id=61576678196717\" \/>\n<meta property=\"og:image\" content=\"https:\/\/vitablanca.ma\/wp-content\/uploads\/2026\/02\/RAYONNELLE-Huile-Lavante-Ultra-Hydratation-200ml1.jpg\" \/>\n\t<meta property=\"og:image:width\" content=\"500\" \/>\n\t<meta property=\"og:image:height\" content=\"500\" \/>\n\t<meta property=\"og:image:type\" content=\"image\/jpeg\" \/>\n<meta name=\"twitter:card\" content=\"summary_large_image\" \/>\n<meta name=\"twitter:label1\" content=\"Est. reading time\" \/>\n\t<meta name=\"twitter:data1\" content=\"2 minutes\" \/>\n<script type=\"application\/ld+json\" class=\"yoast-schema-graph\">{\"@context\":\"https:\\\/\\\/schema.org\",\"@graph\":[{\"@type\":[\"WebPage\",\"ItemPage\"],\"@id\":\"https:\\\/\\\/vitablanca.ma\\\/produit\\\/rayonnelle-ultra-hydration-cleansing-oil-200ml-maroc-prix\\\/\",\"url\":\"https:\\\/\\\/vitablanca.ma\\\/produit\\\/rayonnelle-ultra-hydration-cleansing-oil-200ml-maroc-prix\\\/\",\"name\":\"Rayonnelle Ultra Hydration Cleansing Oil 200 ml \u2013 Maroc Prix\",\"isPartOf\":{\"@id\":\"https:\\\/\\\/vitablanca.ma\\\/#website\"},\"primaryImageOfPage\":{\"@id\":\"https:\\\/\\\/vitablanca.ma\\\/produit\\\/rayonnelle-ultra-hydration-cleansing-oil-200ml-maroc-prix\\\/#primaryimage\"},\"image\":{\"@id\":\"https:\\\/\\\/vitablanca.ma\\\/produit\\\/rayonnelle-ultra-hydration-cleansing-oil-200ml-maroc-prix\\\/#primaryimage\"},\"thumbnailUrl\":\"https:\\\/\\\/vitablanca.ma\\\/wp-content\\\/uploads\\\/2026\\\/02\\\/RAYONNELLE-Huile-Lavante-Ultra-Hydratation-200ml1.jpg\",\"datePublished\":\"2026-02-05T00:17:29+00:00\",\"description\":\"Huile d\u00e9maquillante Rayonnelle Ultra Hydration 200 ml. Nettoie en douceur, hydrate et \u00e9limine maquillage et impuret\u00e9s sans dess\u00e9cher la peau. Disponible\",\"breadcrumb\":{\"@id\":\"https:\\\/\\\/vitablanca.ma\\\/produit\\\/rayonnelle-ultra-hydration-cleansing-oil-200ml-maroc-prix\\\/#breadcrumb\"},\"inLanguage\":\"en-US\",\"potentialAction\":[{\"@type\":\"ReadAction\",\"target\":[\"https:\\\/\\\/vitablanca.ma\\\/produit\\\/rayonnelle-ultra-hydration-cleansing-oil-200ml-maroc-prix\\\/\"]}]},{\"@type\":\"ImageObject\",\"inLanguage\":\"en-US\",\"@id\":\"https:\\\/\\\/vitablanca.ma\\\/produit\\\/rayonnelle-ultra-hydration-cleansing-oil-200ml-maroc-prix\\\/#primaryimage\",\"url\":\"https:\\\/\\\/vitablanca.ma\\\/wp-content\\\/uploads\\\/2026\\\/02\\\/RAYONNELLE-Huile-Lavante-Ultra-Hydratation-200ml1.jpg\",\"contentUrl\":\"https:\\\/\\\/vitablanca.ma\\\/wp-content\\\/uploads\\\/2026\\\/02\\\/RAYONNELLE-Huile-Lavante-Ultra-Hydratation-200ml1.jpg\",\"width\":500,\"height\":500},{\"@type\":\"BreadcrumbList\",\"@id\":\"https:\\\/\\\/vitablanca.ma\\\/produit\\\/rayonnelle-ultra-hydration-cleansing-oil-200ml-maroc-prix\\\/#breadcrumb\",\"itemListElement\":[{\"@type\":\"ListItem\",\"position\":1,\"name\":\"Home\",\"item\":\"https:\\\/\\\/vitablanca.ma\\\/\"},{\"@type\":\"ListItem\",\"position\":2,\"name\":\"Tous Les Produits\",\"item\":\"https:\\\/\\\/vitablanca.ma\\\/tous-les-produits\\\/\"},{\"@type\":\"ListItem\",\"position\":3,\"name\":\"RAYONNELLE Ultra Hydration Cleansing Oil 200ml\"}]},{\"@type\":\"WebSite\",\"@id\":\"https:\\\/\\\/vitablanca.ma\\\/#website\",\"url\":\"https:\\\/\\\/vitablanca.ma\\\/\",\"name\":\"VitaBlanca.ma | Compl\u00e9ments alimentaires, sant\u00e9 & beaut\u00e9 au Maroc\",\"description\":\"vendre vitamines et compl\u00e9ments premium des USA &amp; Canada, Nouvelle Z\u00e9lande,Maroc (NOW Foods, Solgar, Manuka). Livraison rapide partout au Maroc.\",\"publisher\":{\"@id\":\"https:\\\/\\\/vitablanca.ma\\\/#organization\"},\"alternateName\":\"VitaBlanca.ma\",\"potentialAction\":[{\"@type\":\"SearchAction\",\"target\":{\"@type\":\"EntryPoint\",\"urlTemplate\":\"https:\\\/\\\/vitablanca.ma\\\/?s={search_term_string}\"},\"query-input\":{\"@type\":\"PropertyValueSpecification\",\"valueRequired\":true,\"valueName\":\"search_term_string\"}}],\"inLanguage\":\"en-US\"},{\"@type\":\"Organization\",\"@id\":\"https:\\\/\\\/vitablanca.ma\\\/#organization\",\"name\":\"VitaBlanca\",\"url\":\"https:\\\/\\\/vitablanca.ma\\\/\",\"logo\":{\"@type\":\"ImageObject\",\"inLanguage\":\"en-US\",\"@id\":\"https:\\\/\\\/vitablanca.ma\\\/#\\\/schema\\\/logo\\\/image\\\/\",\"url\":\"https:\\\/\\\/vitablanca.ma\\\/wp-content\\\/uploads\\\/2025\\\/05\\\/cropped-vitablanca.png\",\"contentUrl\":\"https:\\\/\\\/vitablanca.ma\\\/wp-content\\\/uploads\\\/2025\\\/05\\\/cropped-vitablanca.png\",\"width\":360,\"height\":67,\"caption\":\"VitaBlanca\"},\"image\":{\"@id\":\"https:\\\/\\\/vitablanca.ma\\\/#\\\/schema\\\/logo\\\/image\\\/\"},\"sameAs\":[\"https:\\\/\\\/www.facebook.com\\\/profile.php?id=61576678196717\",\"https:\\\/\\\/www.tiktok.com\\\/@vitablanca.ma\",\"https:\\\/\\\/www.instagram.com\\\/vitablanca.ma\\\/\"]}]}<\/script>\n<!-- \/ Yoast SEO plugin. -->","yoast_head_json":{"title":"Rayonnelle Ultra Hydration Cleansing Oil 200 ml \u2013 Maroc Prix","description":"Huile d\u00e9maquillante Rayonnelle Ultra Hydration 200 ml. Nettoie en douceur, hydrate et \u00e9limine maquillage et impuret\u00e9s sans dess\u00e9cher la peau. Disponible","robots":{"index":"index","follow":"follow","max-snippet":"max-snippet:-1","max-image-preview":"max-image-preview:large","max-video-preview":"max-video-preview:-1"},"canonical":"https:\/\/vitablanca.ma\/en\/product\/rayonnelle-ultra-hydration-cleansing-oil-200ml-maroc-prix\/","og_locale":"en_US","og_type":"article","og_title":"Rayonnelle Ultra Hydration Cleansing Oil 200 ml \u2013 Maroc Prix","og_description":"Huile d\u00e9maquillante Rayonnelle Ultra Hydration 200 ml. Nettoie en douceur, hydrate et \u00e9limine maquillage et impuret\u00e9s sans dess\u00e9cher la peau. Disponible","og_url":"https:\/\/vitablanca.ma\/en\/product\/rayonnelle-ultra-hydration-cleansing-oil-200ml-maroc-prix\/","og_site_name":"Vitablanca.ma &ndash; Sant&eacute;, vitalit&eacute; et bien-&ecirc;tre pour tous les Marocains","article_publisher":"https:\/\/www.facebook.com\/profile.php?id=61576678196717","og_image":[{"width":500,"height":500,"url":"https:\/\/vitablanca.ma\/wp-content\/uploads\/2026\/02\/RAYONNELLE-Huile-Lavante-Ultra-Hydratation-200ml1.jpg","type":"image\/jpeg"}],"twitter_card":"summary_large_image","twitter_misc":{"Est. reading time":"2 minutes"},"schema":{"@context":"https:\/\/schema.org","@graph":[{"@type":["WebPage","ItemPage"],"@id":"https:\/\/vitablanca.ma\/produit\/rayonnelle-ultra-hydration-cleansing-oil-200ml-maroc-prix\/","url":"https:\/\/vitablanca.ma\/produit\/rayonnelle-ultra-hydration-cleansing-oil-200ml-maroc-prix\/","name":"Rayonnelle Ultra Hydration Cleansing Oil 200 ml \u2013 Maroc Prix","isPartOf":{"@id":"https:\/\/vitablanca.ma\/#website"},"primaryImageOfPage":{"@id":"https:\/\/vitablanca.ma\/produit\/rayonnelle-ultra-hydration-cleansing-oil-200ml-maroc-prix\/#primaryimage"},"image":{"@id":"https:\/\/vitablanca.ma\/produit\/rayonnelle-ultra-hydration-cleansing-oil-200ml-maroc-prix\/#primaryimage"},"thumbnailUrl":"https:\/\/vitablanca.ma\/wp-content\/uploads\/2026\/02\/RAYONNELLE-Huile-Lavante-Ultra-Hydratation-200ml1.jpg","datePublished":"2026-02-05T00:17:29+00:00","description":"Huile d\u00e9maquillante Rayonnelle Ultra Hydration 200 ml. Nettoie en douceur, hydrate et \u00e9limine maquillage et impuret\u00e9s sans dess\u00e9cher la peau. Disponible","breadcrumb":{"@id":"https:\/\/vitablanca.ma\/produit\/rayonnelle-ultra-hydration-cleansing-oil-200ml-maroc-prix\/#breadcrumb"},"inLanguage":"en-US","potentialAction":[{"@type":"ReadAction","target":["https:\/\/vitablanca.ma\/produit\/rayonnelle-ultra-hydration-cleansing-oil-200ml-maroc-prix\/"]}]},{"@type":"ImageObject","inLanguage":"en-US","@id":"https:\/\/vitablanca.ma\/produit\/rayonnelle-ultra-hydration-cleansing-oil-200ml-maroc-prix\/#primaryimage","url":"https:\/\/vitablanca.ma\/wp-content\/uploads\/2026\/02\/RAYONNELLE-Huile-Lavante-Ultra-Hydratation-200ml1.jpg","contentUrl":"https:\/\/vitablanca.ma\/wp-content\/uploads\/2026\/02\/RAYONNELLE-Huile-Lavante-Ultra-Hydratation-200ml1.jpg","width":500,"height":500},{"@type":"BreadcrumbList","@id":"https:\/\/vitablanca.ma\/produit\/rayonnelle-ultra-hydration-cleansing-oil-200ml-maroc-prix\/#breadcrumb","itemListElement":[{"@type":"ListItem","position":1,"name":"Home","item":"https:\/\/vitablanca.ma\/"},{"@type":"ListItem","position":2,"name":"Tous Les Produits","item":"https:\/\/vitablanca.ma\/tous-les-produits\/"},{"@type":"ListItem","position":3,"name":"RAYONNELLE Ultra Hydration Cleansing Oil 200ml"}]},{"@type":"WebSite","@id":"https:\/\/vitablanca.ma\/#website","url":"https:\/\/vitablanca.ma\/","name":"VitaBlanca.ma | Food supplements, health &amp; beauty in Morocco","description":"sell premium vitamins and supplements from USA &amp; Canada, New Zealand, Morocco (NOW Foods, Solgar, Manuka). Fast delivery anywhere in Morocco.","publisher":{"@id":"https:\/\/vitablanca.ma\/#organization"},"alternateName":"VitaBlanca.ma","potentialAction":[{"@type":"SearchAction","target":{"@type":"EntryPoint","urlTemplate":"https:\/\/vitablanca.ma\/?s={search_term_string}"},"query-input":{"@type":"PropertyValueSpecification","valueRequired":true,"valueName":"search_term_string"}}],"inLanguage":"en-US"},{"@type":"Organization","@id":"https:\/\/vitablanca.ma\/#organization","name":"VitaBlanca","url":"https:\/\/vitablanca.ma\/","logo":{"@type":"ImageObject","inLanguage":"en-US","@id":"https:\/\/vitablanca.ma\/#\/schema\/logo\/image\/","url":"https:\/\/vitablanca.ma\/wp-content\/uploads\/2025\/05\/cropped-vitablanca.png","contentUrl":"https:\/\/vitablanca.ma\/wp-content\/uploads\/2025\/05\/cropped-vitablanca.png","width":360,"height":67,"caption":"VitaBlanca"},"image":{"@id":"https:\/\/vitablanca.ma\/#\/schema\/logo\/image\/"},"sameAs":["https:\/\/www.facebook.com\/profile.php?id=61576678196717","https:\/\/www.tiktok.com\/@vitablanca.ma","https:\/\/www.instagram.com\/vitablanca.ma\/"]}]}},"jetpack_sharing_enabled":true,"_links":{"self":[{"href":"https:\/\/vitablanca.ma\/en\/wp-json\/wp\/v2\/product\/28949","targetHints":{"allow":["GET"]}}],"collection":[{"href":"https:\/\/vitablanca.ma\/en\/wp-json\/wp\/v2\/product"}],"about":[{"href":"https:\/\/vitablanca.ma\/en\/wp-json\/wp\/v2\/types\/product"}],"wp:featuredmedia":[{"embeddable":true,"href":"https:\/\/vitablanca.ma\/en\/wp-json\/wp\/v2\/media\/29012"}],"wp:attachment":[{"href":"https:\/\/vitablanca.ma\/en\/wp-json\/wp\/v2\/media?parent=28949"}],"wp:term":[{"taxonomy":"product_brand","embeddable":true,"href":"https:\/\/vitablanca.ma\/en\/wp-json\/wp\/v2\/product_brand?post=28949"},{"taxonomy":"product_cat","embeddable":true,"href":"https:\/\/vitablanca.ma\/en\/wp-json\/wp\/v2\/product_cat?post=28949"},{"taxonomy":"product_tag","embeddable":true,"href":"https:\/\/vitablanca.ma\/en\/wp-json\/wp\/v2\/product_tag?post=28949"}],"curies":[{"name":"wp","href":"https:\/\/api.w.org\/{rel}","templated":true}]}}