{"id":28915,"date":"2026-02-05T00:13:13","date_gmt":"2026-02-05T00:13:13","guid":{"rendered":"https:\/\/vitablanca.ma\/?post_type=product&#038;p=28915"},"modified":"2026-02-21T16:16:59","modified_gmt":"2026-02-21T16:16:59","slug":"l-tryptophane-500-mg-120-capsules-vegetariennes","status":"publish","type":"product","link":"https:\/\/vitablanca.ma\/en\/product\/l-tryptophane-500-mg-120-capsules-vegetariennes\/","title":{"rendered":"Now foods L-Tryptophane 500\u00a0mg 120\u00a0capsules v\u00e9g\u00e9tariennes"},"content":{"rendered":"<p>Promotes relaxation<br \/>\nPromotes good mood<br \/>\nPromotes restful sleep<br \/>\nGMO-free<br \/>\nFood supplement<br \/>\nVegetarian\/Vegan<br \/>\nAmino acids<br \/>\nFamily business since 1968<br \/>\nGMP quality assured<\/p>\n<p>Le L-Tryptophane est un acide amin\u00e9 essentiel\u00a0; par cons\u00e9quent, il n&rsquo;est pas synth\u00e9tis\u00e9 par l&rsquo;organisme et doit \u00eatre obtenu \u00e0 partir de l&rsquo;alimentation. Le L-Tryptophane est essentiel \u00e0 la production de s\u00e9rotonine et de m\u00e9latonine, qui favorisent la bonne humeur, des habitudes de sommeil saines et un bon fonctionnement du syst\u00e8me immunitaire. Chaque lot de L-Tryptophane NOW est test\u00e9 afin de garantir qu&rsquo;il ne contient pas de contaminant &rsquo;pic E&rsquo; et est exempt de toute contamination microbienne.<br \/>\nSuggested Use<br \/>\nPrenez 1 \u00e0 2\u00a0capsules 2 \u00e0 3\u00a0fois par jour \u00e0 jeun, avec la derni\u00e8re dose au moment du coucher, ou tel que prescrit par votre m\u00e9decin.<br \/>\nOther ingredients<br \/>\nCellulose (capsule), poudre de cellulose et acide st\u00e9arique (source v\u00e9g\u00e9tale).<br \/>\n\u00c9labor\u00e9 sans bl\u00e9, gluten soja, lait, \u0153ufs, poisson, fruits de mer ou fruits \u00e0 coque. Fabriqu\u00e9 dans une installation certifi\u00e9e BPF qui traite d&rsquo;autres ingr\u00e9dients contenant ces allerg\u00e8nes.<br \/>\nWarnings<br \/>\nNe pas ing\u00e9rer l&#8217;emballage fra\u00eecheur. Conserver le produit dans son flacon.<br \/>\nUne variation naturelle de couleur peut se produire.<br \/>\nConserver dans un endroit frais et sec apr\u00e8s ouverture.<br \/>\nR\u00e9serv\u00e9 aux adultes. Consulter un m\u00e9decin si vous \u00eates enceinte, allaitez, prenez des m\u00e9dicaments (en particulier des antid\u00e9presseurs tels que les ISRS ou les IMAO) ou pr\u00e9sentez une affection m\u00e9dicale. Peut provoquer une somnolence. Ne pas associer \u00e0 de l&rsquo;alcool. Ne pas utiliser en cas de manipulation de machinerie lourde. Tenir hors de port\u00e9e des enfants.<\/p>","protected":false},"excerpt":{"rendered":"<p>Favorise la relaxation Favorise la bonne humeur Favorise un sommeil r\u00e9parateur Sans OGM Compl\u00e9ment alimentaire V\u00e9g\u00e9tarien\/Vegan Acides amin\u00e9s Entreprise familiale depuis 1968 Qualit\u00e9 BPF assur\u00e9e Le L-Tryptophane est un acide amin\u00e9 essentiel\u00a0; par cons\u00e9quent, il n&rsquo;est pas synth\u00e9tis\u00e9 par l&rsquo;organisme et doit \u00eatre obtenu \u00e0 partir de l&rsquo;alimentation. Le L-Tryptophane est essentiel \u00e0 la production [&hellip;]<\/p>\n","protected":false},"featured_media":28995,"template":"","meta":{"om_disable_all_campaigns":false},"product_brand":[83],"product_cat":[18,3366,8037],"product_tag":[],"class_list":{"0":"post-28915","1":"product","2":"type-product","3":"status-publish","4":"has-post-thumbnail","6":"product_brand-now-foods-maroc-prix","7":"product_cat-beaute-sante","8":"product_cat-complements-alimentaires-au-maroc-vitablanca","9":"product_cat-sommeil","11":"first","12":"instock","13":"sale","14":"taxable","15":"shipping-taxable","16":"purchasable","17":"product-type-simple"},"yoast_head":"<!-- This site is optimized with the Yoast SEO plugin v27.4 - https:\/\/yoast.com\/product\/yoast-seo-wordpress\/ -->\n<title>Now foods L-Tryptophane 500\u00a0mg 120\u00a0capsules v\u00e9g\u00e9tariennes - Maroc Prix<\/title>\n<meta name=\"description\" content=\"Now foods L-Tryptophane 500\u00a0mg 120\u00a0capsules v\u00e9g\u00e9tariennes\" \/>\n<meta name=\"robots\" content=\"index, follow, max-snippet:-1, max-image-preview:large, max-video-preview:-1\" \/>\n<link rel=\"canonical\" href=\"https:\/\/vitablanca.ma\/en\/product\/l-tryptophane-500-mg-120-capsules-vegetariennes\/\" \/>\n<meta property=\"og:locale\" content=\"en_US\" \/>\n<meta property=\"og:type\" content=\"article\" \/>\n<meta property=\"og:title\" content=\"Now foods L-Tryptophane 500\u00a0mg 120\u00a0capsules v\u00e9g\u00e9tariennes - Maroc Prix\" \/>\n<meta property=\"og:description\" content=\"Now foods L-Tryptophane 500\u00a0mg 120\u00a0capsules v\u00e9g\u00e9tariennes\" \/>\n<meta property=\"og:url\" content=\"https:\/\/vitablanca.ma\/en\/product\/l-tryptophane-500-mg-120-capsules-vegetariennes\/\" \/>\n<meta property=\"og:site_name\" content=\"Vitablanca.ma &ndash; Sant&eacute;, vitalit&eacute; et bien-&ecirc;tre pour tous les Marocains\" \/>\n<meta property=\"article:publisher\" content=\"https:\/\/www.facebook.com\/profile.php?id=61576678196717\" \/>\n<meta property=\"article:modified_time\" content=\"2026-02-21T16:16:59+00:00\" \/>\n<meta property=\"og:image\" content=\"https:\/\/vitablanca.ma\/wp-content\/uploads\/2026\/02\/24-1-1.jpg\" \/>\n\t<meta property=\"og:image:width\" content=\"1600\" \/>\n\t<meta property=\"og:image:height\" content=\"1600\" \/>\n\t<meta property=\"og:image:type\" content=\"image\/jpeg\" \/>\n<meta name=\"twitter:card\" content=\"summary_large_image\" \/>\n<meta name=\"twitter:label1\" content=\"Est. reading time\" \/>\n\t<meta name=\"twitter:data1\" content=\"1 minute\" \/>\n<script type=\"application\/ld+json\" class=\"yoast-schema-graph\">{\"@context\":\"https:\\\/\\\/schema.org\",\"@graph\":[{\"@type\":[\"WebPage\",\"ItemPage\"],\"@id\":\"https:\\\/\\\/vitablanca.ma\\\/produit\\\/l-tryptophane-500-mg-120-capsules-vegetariennes\\\/\",\"url\":\"https:\\\/\\\/vitablanca.ma\\\/produit\\\/l-tryptophane-500-mg-120-capsules-vegetariennes\\\/\",\"name\":\"Now foods L-Tryptophane 500\u00a0mg 120\u00a0capsules v\u00e9g\u00e9tariennes - Maroc Prix\",\"isPartOf\":{\"@id\":\"https:\\\/\\\/vitablanca.ma\\\/#website\"},\"primaryImageOfPage\":{\"@id\":\"https:\\\/\\\/vitablanca.ma\\\/produit\\\/l-tryptophane-500-mg-120-capsules-vegetariennes\\\/#primaryimage\"},\"image\":{\"@id\":\"https:\\\/\\\/vitablanca.ma\\\/produit\\\/l-tryptophane-500-mg-120-capsules-vegetariennes\\\/#primaryimage\"},\"thumbnailUrl\":\"https:\\\/\\\/vitablanca.ma\\\/wp-content\\\/uploads\\\/2026\\\/02\\\/24-1-1.jpg\",\"datePublished\":\"2026-02-05T00:13:13+00:00\",\"dateModified\":\"2026-02-21T16:16:59+00:00\",\"description\":\"Now foods L-Tryptophane 500\u00a0mg 120\u00a0capsules v\u00e9g\u00e9tariennes\",\"breadcrumb\":{\"@id\":\"https:\\\/\\\/vitablanca.ma\\\/produit\\\/l-tryptophane-500-mg-120-capsules-vegetariennes\\\/#breadcrumb\"},\"inLanguage\":\"en-US\",\"potentialAction\":[{\"@type\":\"ReadAction\",\"target\":[\"https:\\\/\\\/vitablanca.ma\\\/produit\\\/l-tryptophane-500-mg-120-capsules-vegetariennes\\\/\"]}]},{\"@type\":\"ImageObject\",\"inLanguage\":\"en-US\",\"@id\":\"https:\\\/\\\/vitablanca.ma\\\/produit\\\/l-tryptophane-500-mg-120-capsules-vegetariennes\\\/#primaryimage\",\"url\":\"https:\\\/\\\/vitablanca.ma\\\/wp-content\\\/uploads\\\/2026\\\/02\\\/24-1-1.jpg\",\"contentUrl\":\"https:\\\/\\\/vitablanca.ma\\\/wp-content\\\/uploads\\\/2026\\\/02\\\/24-1-1.jpg\",\"width\":1600,\"height\":1600},{\"@type\":\"BreadcrumbList\",\"@id\":\"https:\\\/\\\/vitablanca.ma\\\/produit\\\/l-tryptophane-500-mg-120-capsules-vegetariennes\\\/#breadcrumb\",\"itemListElement\":[{\"@type\":\"ListItem\",\"position\":1,\"name\":\"Home\",\"item\":\"https:\\\/\\\/vitablanca.ma\\\/\"},{\"@type\":\"ListItem\",\"position\":2,\"name\":\"Tous Les Produits\",\"item\":\"https:\\\/\\\/vitablanca.ma\\\/tous-les-produits\\\/\"},{\"@type\":\"ListItem\",\"position\":3,\"name\":\"Now foods L-Tryptophane 500\u00a0mg 120\u00a0capsules v\u00e9g\u00e9tariennes\"}]},{\"@type\":\"WebSite\",\"@id\":\"https:\\\/\\\/vitablanca.ma\\\/#website\",\"url\":\"https:\\\/\\\/vitablanca.ma\\\/\",\"name\":\"VitaBlanca.ma | Compl\u00e9ments alimentaires, sant\u00e9 & beaut\u00e9 au Maroc\",\"description\":\"vendre vitamines et compl\u00e9ments premium des USA &amp; Canada, Nouvelle Z\u00e9lande,Maroc (NOW Foods, Solgar, Manuka). Livraison rapide partout au Maroc.\",\"publisher\":{\"@id\":\"https:\\\/\\\/vitablanca.ma\\\/#organization\"},\"alternateName\":\"VitaBlanca.ma\",\"potentialAction\":[{\"@type\":\"SearchAction\",\"target\":{\"@type\":\"EntryPoint\",\"urlTemplate\":\"https:\\\/\\\/vitablanca.ma\\\/?s={search_term_string}\"},\"query-input\":{\"@type\":\"PropertyValueSpecification\",\"valueRequired\":true,\"valueName\":\"search_term_string\"}}],\"inLanguage\":\"en-US\"},{\"@type\":\"Organization\",\"@id\":\"https:\\\/\\\/vitablanca.ma\\\/#organization\",\"name\":\"VitaBlanca\",\"url\":\"https:\\\/\\\/vitablanca.ma\\\/\",\"logo\":{\"@type\":\"ImageObject\",\"inLanguage\":\"en-US\",\"@id\":\"https:\\\/\\\/vitablanca.ma\\\/#\\\/schema\\\/logo\\\/image\\\/\",\"url\":\"https:\\\/\\\/vitablanca.ma\\\/wp-content\\\/uploads\\\/2025\\\/05\\\/cropped-vitablanca.png\",\"contentUrl\":\"https:\\\/\\\/vitablanca.ma\\\/wp-content\\\/uploads\\\/2025\\\/05\\\/cropped-vitablanca.png\",\"width\":360,\"height\":67,\"caption\":\"VitaBlanca\"},\"image\":{\"@id\":\"https:\\\/\\\/vitablanca.ma\\\/#\\\/schema\\\/logo\\\/image\\\/\"},\"sameAs\":[\"https:\\\/\\\/www.facebook.com\\\/profile.php?id=61576678196717\",\"https:\\\/\\\/www.tiktok.com\\\/@vitablanca.ma\",\"https:\\\/\\\/www.instagram.com\\\/vitablanca.ma\\\/\"]}]}<\/script>\n<!-- \/ Yoast SEO plugin. -->","yoast_head_json":{"title":"Now foods L-Tryptophane 500\u00a0mg 120\u00a0capsules v\u00e9g\u00e9tariennes - Maroc Prix","description":"Now foods L-Tryptophane 500\u00a0mg 120\u00a0capsules v\u00e9g\u00e9tariennes","robots":{"index":"index","follow":"follow","max-snippet":"max-snippet:-1","max-image-preview":"max-image-preview:large","max-video-preview":"max-video-preview:-1"},"canonical":"https:\/\/vitablanca.ma\/en\/product\/l-tryptophane-500-mg-120-capsules-vegetariennes\/","og_locale":"en_US","og_type":"article","og_title":"Now foods L-Tryptophane 500\u00a0mg 120\u00a0capsules v\u00e9g\u00e9tariennes - Maroc Prix","og_description":"Now foods L-Tryptophane 500\u00a0mg 120\u00a0capsules v\u00e9g\u00e9tariennes","og_url":"https:\/\/vitablanca.ma\/en\/product\/l-tryptophane-500-mg-120-capsules-vegetariennes\/","og_site_name":"Vitablanca.ma &ndash; Sant&eacute;, vitalit&eacute; et bien-&ecirc;tre pour tous les Marocains","article_publisher":"https:\/\/www.facebook.com\/profile.php?id=61576678196717","article_modified_time":"2026-02-21T16:16:59+00:00","og_image":[{"width":1600,"height":1600,"url":"https:\/\/vitablanca.ma\/wp-content\/uploads\/2026\/02\/24-1-1.jpg","type":"image\/jpeg"}],"twitter_card":"summary_large_image","twitter_misc":{"Est. reading time":"1 minute"},"schema":{"@context":"https:\/\/schema.org","@graph":[{"@type":["WebPage","ItemPage"],"@id":"https:\/\/vitablanca.ma\/produit\/l-tryptophane-500-mg-120-capsules-vegetariennes\/","url":"https:\/\/vitablanca.ma\/produit\/l-tryptophane-500-mg-120-capsules-vegetariennes\/","name":"Now foods L-Tryptophane 500\u00a0mg 120\u00a0capsules v\u00e9g\u00e9tariennes - Maroc Prix","isPartOf":{"@id":"https:\/\/vitablanca.ma\/#website"},"primaryImageOfPage":{"@id":"https:\/\/vitablanca.ma\/produit\/l-tryptophane-500-mg-120-capsules-vegetariennes\/#primaryimage"},"image":{"@id":"https:\/\/vitablanca.ma\/produit\/l-tryptophane-500-mg-120-capsules-vegetariennes\/#primaryimage"},"thumbnailUrl":"https:\/\/vitablanca.ma\/wp-content\/uploads\/2026\/02\/24-1-1.jpg","datePublished":"2026-02-05T00:13:13+00:00","dateModified":"2026-02-21T16:16:59+00:00","description":"Now foods L-Tryptophane 500\u00a0mg 120\u00a0capsules v\u00e9g\u00e9tariennes","breadcrumb":{"@id":"https:\/\/vitablanca.ma\/produit\/l-tryptophane-500-mg-120-capsules-vegetariennes\/#breadcrumb"},"inLanguage":"en-US","potentialAction":[{"@type":"ReadAction","target":["https:\/\/vitablanca.ma\/produit\/l-tryptophane-500-mg-120-capsules-vegetariennes\/"]}]},{"@type":"ImageObject","inLanguage":"en-US","@id":"https:\/\/vitablanca.ma\/produit\/l-tryptophane-500-mg-120-capsules-vegetariennes\/#primaryimage","url":"https:\/\/vitablanca.ma\/wp-content\/uploads\/2026\/02\/24-1-1.jpg","contentUrl":"https:\/\/vitablanca.ma\/wp-content\/uploads\/2026\/02\/24-1-1.jpg","width":1600,"height":1600},{"@type":"BreadcrumbList","@id":"https:\/\/vitablanca.ma\/produit\/l-tryptophane-500-mg-120-capsules-vegetariennes\/#breadcrumb","itemListElement":[{"@type":"ListItem","position":1,"name":"Home","item":"https:\/\/vitablanca.ma\/"},{"@type":"ListItem","position":2,"name":"Tous Les Produits","item":"https:\/\/vitablanca.ma\/tous-les-produits\/"},{"@type":"ListItem","position":3,"name":"Now foods L-Tryptophane 500\u00a0mg 120\u00a0capsules v\u00e9g\u00e9tariennes"}]},{"@type":"WebSite","@id":"https:\/\/vitablanca.ma\/#website","url":"https:\/\/vitablanca.ma\/","name":"VitaBlanca.ma | Food supplements, health &amp; beauty in Morocco","description":"sell premium vitamins and supplements from USA &amp; Canada, New Zealand, Morocco (NOW Foods, Solgar, Manuka). Fast delivery anywhere in Morocco.","publisher":{"@id":"https:\/\/vitablanca.ma\/#organization"},"alternateName":"VitaBlanca.ma","potentialAction":[{"@type":"SearchAction","target":{"@type":"EntryPoint","urlTemplate":"https:\/\/vitablanca.ma\/?s={search_term_string}"},"query-input":{"@type":"PropertyValueSpecification","valueRequired":true,"valueName":"search_term_string"}}],"inLanguage":"en-US"},{"@type":"Organization","@id":"https:\/\/vitablanca.ma\/#organization","name":"VitaBlanca","url":"https:\/\/vitablanca.ma\/","logo":{"@type":"ImageObject","inLanguage":"en-US","@id":"https:\/\/vitablanca.ma\/#\/schema\/logo\/image\/","url":"https:\/\/vitablanca.ma\/wp-content\/uploads\/2025\/05\/cropped-vitablanca.png","contentUrl":"https:\/\/vitablanca.ma\/wp-content\/uploads\/2025\/05\/cropped-vitablanca.png","width":360,"height":67,"caption":"VitaBlanca"},"image":{"@id":"https:\/\/vitablanca.ma\/#\/schema\/logo\/image\/"},"sameAs":["https:\/\/www.facebook.com\/profile.php?id=61576678196717","https:\/\/www.tiktok.com\/@vitablanca.ma","https:\/\/www.instagram.com\/vitablanca.ma\/"]}]}},"jetpack_sharing_enabled":true,"_links":{"self":[{"href":"https:\/\/vitablanca.ma\/en\/wp-json\/wp\/v2\/product\/28915","targetHints":{"allow":["GET"]}}],"collection":[{"href":"https:\/\/vitablanca.ma\/en\/wp-json\/wp\/v2\/product"}],"about":[{"href":"https:\/\/vitablanca.ma\/en\/wp-json\/wp\/v2\/types\/product"}],"wp:featuredmedia":[{"embeddable":true,"href":"https:\/\/vitablanca.ma\/en\/wp-json\/wp\/v2\/media\/28995"}],"wp:attachment":[{"href":"https:\/\/vitablanca.ma\/en\/wp-json\/wp\/v2\/media?parent=28915"}],"wp:term":[{"taxonomy":"product_brand","embeddable":true,"href":"https:\/\/vitablanca.ma\/en\/wp-json\/wp\/v2\/product_brand?post=28915"},{"taxonomy":"product_cat","embeddable":true,"href":"https:\/\/vitablanca.ma\/en\/wp-json\/wp\/v2\/product_cat?post=28915"},{"taxonomy":"product_tag","embeddable":true,"href":"https:\/\/vitablanca.ma\/en\/wp-json\/wp\/v2\/product_tag?post=28915"}],"curies":[{"name":"wp","href":"https:\/\/api.w.org\/{rel}","templated":true}]}}