{"id":28882,"date":"2026-02-05T00:12:25","date_gmt":"2026-02-05T00:12:25","guid":{"rendered":"https:\/\/vitablanca.ma\/?post_type=product&#038;p=28882"},"modified":"2026-02-21T16:17:00","modified_gmt":"2026-02-21T16:17:00","slug":"saw-palmetto-berries-550-mg-250-veg-capsules","status":"publish","type":"product","link":"https:\/\/vitablanca.ma\/en\/product\/saw-palmetto-berries-550-mg-250-veg-capsules\/","title":{"rendered":"Now foods Saw Palmetto Berries 550 mg 250 Veg Capsules"},"content":{"rendered":"<p>Soins masculins<br \/>\nFavorise la sant\u00e9 de la prostate<br \/>\nGMO-free<br \/>\nFood supplement<br \/>\nVegetarian\/Vegan<br \/>\nPlants\/Herbs<br \/>\nFamily business since 1968<br \/>\nGMP quality guaranteed<\/p>\n<p>Le chou palmiste est un palmier nain originaire du sud-est des \u00c9tats-Unis. Les baies de chou palmiste sont dot\u00e9es du spectre complet des compos\u00e9s naturels de ce fruit, dont beaucoup sont connus pour leurs propri\u00e9t\u00e9s de soutien de la prostate, notamment les flavono\u00efdes, les st\u00e9rols et les acides gras.<br \/>\nSuggested Use<br \/>\nPrenez 2\u00a0capsules 2\u00a0\u00e0\u00a03\u00a0fois par jour avec de l&rsquo;eau ou de la nourriture.<br \/>\nOther ingredients<br \/>\nCellulose (capsule), acide st\u00e9arique (d&rsquo;origine v\u00e9g\u00e9tale) et silice.<br \/>\n\u00c9labor\u00e9 sans levure, bl\u00e9, gluten, soja, lait, \u0153ufs, poisson, fruits de mer ou fruits \u00e0 coque. Fabriqu\u00e9 dans une installation respectant les BPF et qui traite d&rsquo;autres ingr\u00e9dients contenant ces allerg\u00e8nes.<br \/>\nWarnings<br \/>\nR\u00e9serv\u00e9 aux adultes. Consulter un m\u00e9decin si vous \u00eates enceinte, allaitez, prenez des m\u00e9dicaments ou pr\u00e9sentez une affection m\u00e9dicale. Tenir hors de port\u00e9e des enfants.<br \/>\nUne variation naturelle de couleur peut se produire.<br \/>\nConserver dans un endroit frais et sec apr\u00e8s ouverture.<\/p>","protected":false},"excerpt":{"rendered":"<p>Soins masculins Favorise la sant\u00e9 de la prostate Sans OGM Compl\u00e9ment alimentaire V\u00e9g\u00e9tarien\/Vegan Plantes\/Herbes Entreprise familiale depuis 1968 Qualit\u00e9 BPF garantie Le chou palmiste est un palmier nain originaire du sud-est des \u00c9tats-Unis. Les baies de chou palmiste sont dot\u00e9es du spectre complet des compos\u00e9s naturels de ce fruit, dont beaucoup sont connus pour leurs [&hellip;]<\/p>\n","protected":false},"featured_media":28962,"template":"","meta":{"om_disable_all_campaigns":false},"product_brand":[83],"product_cat":[18,3366,7967,8038],"product_tag":[],"class_list":{"0":"post-28882","1":"product","2":"type-product","3":"status-publish","4":"has-post-thumbnail","6":"product_brand-now-foods-maroc-prix","7":"product_cat-beaute-sante","8":"product_cat-complements-alimentaires-au-maroc-vitablanca","9":"product_cat-herbs","10":"product_cat-sante-masculine","12":"first","13":"instock","14":"sale","15":"taxable","16":"shipping-taxable","17":"purchasable","18":"product-type-simple"},"yoast_head":"<!-- This site is optimized with the Yoast SEO plugin v27.3 - https:\/\/yoast.com\/product\/yoast-seo-wordpress\/ -->\n<title>Now foods Saw Palmetto Berries 550 mg 250 Veg Capsules - Maroc Prix<\/title>\n<meta name=\"description\" content=\"Now foods Saw Palmetto Berries 550 mg 250 Veg Capsules\" \/>\n<meta name=\"robots\" content=\"index, follow, max-snippet:-1, max-image-preview:large, max-video-preview:-1\" \/>\n<link rel=\"canonical\" href=\"https:\/\/vitablanca.ma\/en\/product\/saw-palmetto-berries-550-mg-250-veg-capsules\/\" \/>\n<meta property=\"og:locale\" content=\"en_US\" \/>\n<meta property=\"og:type\" content=\"article\" \/>\n<meta property=\"og:title\" content=\"Now foods Saw Palmetto Berries 550 mg 250 Veg Capsules - Maroc Prix\" \/>\n<meta property=\"og:description\" content=\"Now foods Saw Palmetto Berries 550 mg 250 Veg Capsules\" \/>\n<meta property=\"og:url\" content=\"https:\/\/vitablanca.ma\/en\/product\/saw-palmetto-berries-550-mg-250-veg-capsules\/\" \/>\n<meta property=\"og:site_name\" content=\"Vitablanca.ma &ndash; Sant&eacute;, vitalit&eacute; et bien-&ecirc;tre pour tous les Marocains\" \/>\n<meta property=\"article:publisher\" content=\"https:\/\/www.facebook.com\/profile.php?id=61576678196717\" \/>\n<meta property=\"article:modified_time\" content=\"2026-02-21T16:17:00+00:00\" \/>\n<meta property=\"og:image\" content=\"https:\/\/vitablanca.ma\/wp-content\/uploads\/2026\/02\/42-2.jpg\" \/>\n\t<meta property=\"og:image:width\" content=\"1600\" \/>\n\t<meta property=\"og:image:height\" content=\"1600\" \/>\n\t<meta property=\"og:image:type\" content=\"image\/jpeg\" \/>\n<meta name=\"twitter:card\" content=\"summary_large_image\" \/>\n<meta name=\"twitter:label1\" content=\"Est. reading time\" \/>\n\t<meta name=\"twitter:data1\" content=\"1 minute\" \/>\n<script type=\"application\/ld+json\" class=\"yoast-schema-graph\">{\"@context\":\"https:\\\/\\\/schema.org\",\"@graph\":[{\"@type\":[\"WebPage\",\"ItemPage\"],\"@id\":\"https:\\\/\\\/vitablanca.ma\\\/produit\\\/saw-palmetto-berries-550-mg-250-veg-capsules\\\/\",\"url\":\"https:\\\/\\\/vitablanca.ma\\\/produit\\\/saw-palmetto-berries-550-mg-250-veg-capsules\\\/\",\"name\":\"Now foods Saw Palmetto Berries 550 mg 250 Veg Capsules - Maroc Prix\",\"isPartOf\":{\"@id\":\"https:\\\/\\\/vitablanca.ma\\\/#website\"},\"primaryImageOfPage\":{\"@id\":\"https:\\\/\\\/vitablanca.ma\\\/produit\\\/saw-palmetto-berries-550-mg-250-veg-capsules\\\/#primaryimage\"},\"image\":{\"@id\":\"https:\\\/\\\/vitablanca.ma\\\/produit\\\/saw-palmetto-berries-550-mg-250-veg-capsules\\\/#primaryimage\"},\"thumbnailUrl\":\"https:\\\/\\\/vitablanca.ma\\\/wp-content\\\/uploads\\\/2026\\\/02\\\/42-2.jpg\",\"datePublished\":\"2026-02-05T00:12:25+00:00\",\"dateModified\":\"2026-02-21T16:17:00+00:00\",\"description\":\"Now foods Saw Palmetto Berries 550 mg 250 Veg Capsules\",\"breadcrumb\":{\"@id\":\"https:\\\/\\\/vitablanca.ma\\\/produit\\\/saw-palmetto-berries-550-mg-250-veg-capsules\\\/#breadcrumb\"},\"inLanguage\":\"en-US\",\"potentialAction\":[{\"@type\":\"ReadAction\",\"target\":[\"https:\\\/\\\/vitablanca.ma\\\/produit\\\/saw-palmetto-berries-550-mg-250-veg-capsules\\\/\"]}]},{\"@type\":\"ImageObject\",\"inLanguage\":\"en-US\",\"@id\":\"https:\\\/\\\/vitablanca.ma\\\/produit\\\/saw-palmetto-berries-550-mg-250-veg-capsules\\\/#primaryimage\",\"url\":\"https:\\\/\\\/vitablanca.ma\\\/wp-content\\\/uploads\\\/2026\\\/02\\\/42-2.jpg\",\"contentUrl\":\"https:\\\/\\\/vitablanca.ma\\\/wp-content\\\/uploads\\\/2026\\\/02\\\/42-2.jpg\",\"width\":1600,\"height\":1600},{\"@type\":\"BreadcrumbList\",\"@id\":\"https:\\\/\\\/vitablanca.ma\\\/produit\\\/saw-palmetto-berries-550-mg-250-veg-capsules\\\/#breadcrumb\",\"itemListElement\":[{\"@type\":\"ListItem\",\"position\":1,\"name\":\"Home\",\"item\":\"https:\\\/\\\/vitablanca.ma\\\/\"},{\"@type\":\"ListItem\",\"position\":2,\"name\":\"Tous Les Produits\",\"item\":\"https:\\\/\\\/vitablanca.ma\\\/tous-les-produits\\\/\"},{\"@type\":\"ListItem\",\"position\":3,\"name\":\"Now foods Saw Palmetto Berries 550 mg 250 Veg Capsules\"}]},{\"@type\":\"WebSite\",\"@id\":\"https:\\\/\\\/vitablanca.ma\\\/#website\",\"url\":\"https:\\\/\\\/vitablanca.ma\\\/\",\"name\":\"VitaBlanca.ma | Compl\u00e9ments alimentaires, sant\u00e9 & beaut\u00e9 au Maroc\",\"description\":\"vendre vitamines et compl\u00e9ments premium des USA &amp; Canada, Nouvelle Z\u00e9lande,Maroc (NOW Foods, Solgar, Manuka). Livraison rapide partout au Maroc.\",\"publisher\":{\"@id\":\"https:\\\/\\\/vitablanca.ma\\\/#organization\"},\"alternateName\":\"VitaBlanca.ma\",\"potentialAction\":[{\"@type\":\"SearchAction\",\"target\":{\"@type\":\"EntryPoint\",\"urlTemplate\":\"https:\\\/\\\/vitablanca.ma\\\/?s={search_term_string}\"},\"query-input\":{\"@type\":\"PropertyValueSpecification\",\"valueRequired\":true,\"valueName\":\"search_term_string\"}}],\"inLanguage\":\"en-US\"},{\"@type\":\"Organization\",\"@id\":\"https:\\\/\\\/vitablanca.ma\\\/#organization\",\"name\":\"VitaBlanca\",\"url\":\"https:\\\/\\\/vitablanca.ma\\\/\",\"logo\":{\"@type\":\"ImageObject\",\"inLanguage\":\"en-US\",\"@id\":\"https:\\\/\\\/vitablanca.ma\\\/#\\\/schema\\\/logo\\\/image\\\/\",\"url\":\"https:\\\/\\\/vitablanca.ma\\\/wp-content\\\/uploads\\\/2025\\\/05\\\/cropped-vitablanca.png\",\"contentUrl\":\"https:\\\/\\\/vitablanca.ma\\\/wp-content\\\/uploads\\\/2025\\\/05\\\/cropped-vitablanca.png\",\"width\":360,\"height\":67,\"caption\":\"VitaBlanca\"},\"image\":{\"@id\":\"https:\\\/\\\/vitablanca.ma\\\/#\\\/schema\\\/logo\\\/image\\\/\"},\"sameAs\":[\"https:\\\/\\\/www.facebook.com\\\/profile.php?id=61576678196717\",\"https:\\\/\\\/www.tiktok.com\\\/@vitablanca.ma\",\"https:\\\/\\\/www.instagram.com\\\/vitablanca.ma\\\/\"]}]}<\/script>\n<!-- \/ Yoast SEO plugin. -->","yoast_head_json":{"title":"Now foods Saw Palmetto Berries 550 mg 250 Veg Capsules - Maroc Prix","description":"Now foods Saw Palmetto Berries 550 mg 250 Veg Capsules","robots":{"index":"index","follow":"follow","max-snippet":"max-snippet:-1","max-image-preview":"max-image-preview:large","max-video-preview":"max-video-preview:-1"},"canonical":"https:\/\/vitablanca.ma\/en\/product\/saw-palmetto-berries-550-mg-250-veg-capsules\/","og_locale":"en_US","og_type":"article","og_title":"Now foods Saw Palmetto Berries 550 mg 250 Veg Capsules - Maroc Prix","og_description":"Now foods Saw Palmetto Berries 550 mg 250 Veg Capsules","og_url":"https:\/\/vitablanca.ma\/en\/product\/saw-palmetto-berries-550-mg-250-veg-capsules\/","og_site_name":"Vitablanca.ma &ndash; Sant&eacute;, vitalit&eacute; et bien-&ecirc;tre pour tous les Marocains","article_publisher":"https:\/\/www.facebook.com\/profile.php?id=61576678196717","article_modified_time":"2026-02-21T16:17:00+00:00","og_image":[{"width":1600,"height":1600,"url":"https:\/\/vitablanca.ma\/wp-content\/uploads\/2026\/02\/42-2.jpg","type":"image\/jpeg"}],"twitter_card":"summary_large_image","twitter_misc":{"Est. reading time":"1 minute"},"schema":{"@context":"https:\/\/schema.org","@graph":[{"@type":["WebPage","ItemPage"],"@id":"https:\/\/vitablanca.ma\/produit\/saw-palmetto-berries-550-mg-250-veg-capsules\/","url":"https:\/\/vitablanca.ma\/produit\/saw-palmetto-berries-550-mg-250-veg-capsules\/","name":"Now foods Saw Palmetto Berries 550 mg 250 Veg Capsules - Maroc Prix","isPartOf":{"@id":"https:\/\/vitablanca.ma\/#website"},"primaryImageOfPage":{"@id":"https:\/\/vitablanca.ma\/produit\/saw-palmetto-berries-550-mg-250-veg-capsules\/#primaryimage"},"image":{"@id":"https:\/\/vitablanca.ma\/produit\/saw-palmetto-berries-550-mg-250-veg-capsules\/#primaryimage"},"thumbnailUrl":"https:\/\/vitablanca.ma\/wp-content\/uploads\/2026\/02\/42-2.jpg","datePublished":"2026-02-05T00:12:25+00:00","dateModified":"2026-02-21T16:17:00+00:00","description":"Now foods Saw Palmetto Berries 550 mg 250 Veg Capsules","breadcrumb":{"@id":"https:\/\/vitablanca.ma\/produit\/saw-palmetto-berries-550-mg-250-veg-capsules\/#breadcrumb"},"inLanguage":"en-US","potentialAction":[{"@type":"ReadAction","target":["https:\/\/vitablanca.ma\/produit\/saw-palmetto-berries-550-mg-250-veg-capsules\/"]}]},{"@type":"ImageObject","inLanguage":"en-US","@id":"https:\/\/vitablanca.ma\/produit\/saw-palmetto-berries-550-mg-250-veg-capsules\/#primaryimage","url":"https:\/\/vitablanca.ma\/wp-content\/uploads\/2026\/02\/42-2.jpg","contentUrl":"https:\/\/vitablanca.ma\/wp-content\/uploads\/2026\/02\/42-2.jpg","width":1600,"height":1600},{"@type":"BreadcrumbList","@id":"https:\/\/vitablanca.ma\/produit\/saw-palmetto-berries-550-mg-250-veg-capsules\/#breadcrumb","itemListElement":[{"@type":"ListItem","position":1,"name":"Home","item":"https:\/\/vitablanca.ma\/"},{"@type":"ListItem","position":2,"name":"Tous Les Produits","item":"https:\/\/vitablanca.ma\/tous-les-produits\/"},{"@type":"ListItem","position":3,"name":"Now foods Saw Palmetto Berries 550 mg 250 Veg Capsules"}]},{"@type":"WebSite","@id":"https:\/\/vitablanca.ma\/#website","url":"https:\/\/vitablanca.ma\/","name":"VitaBlanca.ma | Food supplements, health &amp; beauty in Morocco","description":"sell premium vitamins and supplements from USA &amp; Canada, New Zealand, Morocco (NOW Foods, Solgar, Manuka). Fast delivery anywhere in Morocco.","publisher":{"@id":"https:\/\/vitablanca.ma\/#organization"},"alternateName":"VitaBlanca.ma","potentialAction":[{"@type":"SearchAction","target":{"@type":"EntryPoint","urlTemplate":"https:\/\/vitablanca.ma\/?s={search_term_string}"},"query-input":{"@type":"PropertyValueSpecification","valueRequired":true,"valueName":"search_term_string"}}],"inLanguage":"en-US"},{"@type":"Organization","@id":"https:\/\/vitablanca.ma\/#organization","name":"VitaBlanca","url":"https:\/\/vitablanca.ma\/","logo":{"@type":"ImageObject","inLanguage":"en-US","@id":"https:\/\/vitablanca.ma\/#\/schema\/logo\/image\/","url":"https:\/\/vitablanca.ma\/wp-content\/uploads\/2025\/05\/cropped-vitablanca.png","contentUrl":"https:\/\/vitablanca.ma\/wp-content\/uploads\/2025\/05\/cropped-vitablanca.png","width":360,"height":67,"caption":"VitaBlanca"},"image":{"@id":"https:\/\/vitablanca.ma\/#\/schema\/logo\/image\/"},"sameAs":["https:\/\/www.facebook.com\/profile.php?id=61576678196717","https:\/\/www.tiktok.com\/@vitablanca.ma","https:\/\/www.instagram.com\/vitablanca.ma\/"]}]}},"jetpack_sharing_enabled":true,"_links":{"self":[{"href":"https:\/\/vitablanca.ma\/en\/wp-json\/wp\/v2\/product\/28882","targetHints":{"allow":["GET"]}}],"collection":[{"href":"https:\/\/vitablanca.ma\/en\/wp-json\/wp\/v2\/product"}],"about":[{"href":"https:\/\/vitablanca.ma\/en\/wp-json\/wp\/v2\/types\/product"}],"wp:featuredmedia":[{"embeddable":true,"href":"https:\/\/vitablanca.ma\/en\/wp-json\/wp\/v2\/media\/28962"}],"wp:attachment":[{"href":"https:\/\/vitablanca.ma\/en\/wp-json\/wp\/v2\/media?parent=28882"}],"wp:term":[{"taxonomy":"product_brand","embeddable":true,"href":"https:\/\/vitablanca.ma\/en\/wp-json\/wp\/v2\/product_brand?post=28882"},{"taxonomy":"product_cat","embeddable":true,"href":"https:\/\/vitablanca.ma\/en\/wp-json\/wp\/v2\/product_cat?post=28882"},{"taxonomy":"product_tag","embeddable":true,"href":"https:\/\/vitablanca.ma\/en\/wp-json\/wp\/v2\/product_tag?post=28882"}],"curies":[{"name":"wp","href":"https:\/\/api.w.org\/{rel}","templated":true}]}}