{"id":28869,"date":"2026-02-05T00:13:30","date_gmt":"2026-02-05T00:13:30","guid":{"rendered":"https:\/\/vitablanca.ma\/?post_type=product&#038;p=28869"},"modified":"2026-02-05T00:13:30","modified_gmt":"2026-02-05T00:13:30","slug":"dcp-trio-foaming-cleansing-gel-for-acne-200ml-maroc-prix","status":"publish","type":"product","link":"https:\/\/vitablanca.ma\/en\/product\/dcp-trio-foaming-cleansing-gel-for-acne-200ml-maroc-prix\/","title":{"rendered":"DCP Trio Foaming Cleansing Gel for Acne 200ml"},"content":{"rendered":"<p>THE <strong data-start=\"81\" data-end=\"122\" data-is-only-node=\"\">DCP Trio Foaming Cleansing Gel 200 ml<\/strong> est sp\u00e9cialement formul\u00e9 pour les peaux \u00e0 tendance acn\u00e9ique. Sa texture moussante nettoie en profondeur, \u00e9liminant l\u2019exc\u00e8s de s\u00e9bum et les impuret\u00e9s qui peuvent obstruer les pores. Il aide \u00e0 r\u00e9duire l\u2019apparition des boutons et des imperfections tout en laissant la peau nette, fra\u00eeche et purifi\u00e9e. Doux mais efficace, ce gel peut \u00eatre int\u00e9gr\u00e9 \u00e0 une routine quotidienne de soin pour pr\u00e9venir les \u00e9ruptions et am\u00e9liorer la sant\u00e9 globale de la peau.<\/p>","protected":false},"excerpt":{"rendered":"<ul>\n<li data-start=\"515\" data-end=\"539\">\n<p data-start=\"518\" data-end=\"539\">Gel moussant 200 ml<\/p>\n<\/li>\n<li data-start=\"540\" data-end=\"554\">\n<p data-start=\"543\" data-end=\"554\">Anti-acn\u00e9<\/p>\n<\/li>\n<li data-start=\"555\" data-end=\"575\">\n<p data-start=\"558\" data-end=\"575\">Purifies the skin<\/p>\n<\/li>\n<li data-start=\"576\" data-end=\"605\">\n<p data-start=\"579\" data-end=\"605\">Reduces imperfections<\/p>\n<\/li>\n<li data-start=\"606\" data-end=\"626\">\n<p data-start=\"609\" data-end=\"626\">R\u00e9gule le s\u00e9bum<\/p>\n<\/li>\n<li data-start=\"627\" data-end=\"668\" data-is-last-node=\"\">\n<p data-start=\"630\" data-end=\"668\" data-is-last-node=\"\">Convient aux peaux \u00e0 tendance acn\u00e9ique<\/p>\n<\/li>\n<\/ul>","protected":false},"featured_media":28873,"template":"","meta":{"om_disable_all_campaigns":false},"product_brand":[8052],"product_cat":[18],"product_tag":[6831,8053,7357,6828,3492,6353,6289,6355,8054,5863],"class_list":{"0":"post-28869","1":"product","2":"type-product","3":"status-publish","4":"has-post-thumbnail","6":"product_brand-dcp","7":"product_cat-beaute-sante","8":"product_tag-acne","9":"product_tag-dcp-trio","10":"product_tag-exces-de-sebum","11":"product_tag-gel-nettoyant","12":"product_tag-maroc","13":"product_tag-peau-grasse","14":"product_tag-peau-nette","15":"product_tag-purifiant","16":"product_tag-reduit-imperfections","17":"product_tag-soin-visage","19":"first","20":"instock","21":"sale","22":"taxable","23":"shipping-taxable","24":"purchasable","25":"product-type-simple"},"yoast_head":"<!-- This site is optimized with the Yoast SEO plugin v27.4 - https:\/\/yoast.com\/product\/yoast-seo-wordpress\/ -->\n<title>DCP Trio Gel Nettoyant Moussant Anti-Acn\u00e9 200 ml \u2013 Maroc Prix<\/title>\n<meta name=\"description\" content=\"Gel nettoyant moussant DCP Trio 200 ml pour peaux \u00e0 tendance acn\u00e9ique. Purifie, r\u00e9duit les imperfections et r\u00e9gule l\u2019exc\u00e8s de s\u00e9bum. Disponible au Maroc.\" \/>\n<meta name=\"robots\" content=\"index, follow, max-snippet:-1, max-image-preview:large, max-video-preview:-1\" \/>\n<link rel=\"canonical\" href=\"https:\/\/vitablanca.ma\/en\/product\/dcp-trio-foaming-cleansing-gel-for-acne-200ml-maroc-prix\/\" \/>\n<meta property=\"og:locale\" content=\"en_US\" \/>\n<meta property=\"og:type\" content=\"article\" \/>\n<meta property=\"og:title\" content=\"DCP Trio Gel Nettoyant Moussant Anti-Acn\u00e9 200 ml \u2013 Maroc Prix\" \/>\n<meta property=\"og:description\" content=\"Gel nettoyant moussant DCP Trio 200 ml pour peaux \u00e0 tendance acn\u00e9ique. Purifie, r\u00e9duit les imperfections et r\u00e9gule l\u2019exc\u00e8s de s\u00e9bum. Disponible au Maroc.\" \/>\n<meta property=\"og:url\" content=\"https:\/\/vitablanca.ma\/en\/product\/dcp-trio-foaming-cleansing-gel-for-acne-200ml-maroc-prix\/\" \/>\n<meta property=\"og:site_name\" content=\"Vitablanca.ma &ndash; Sant&eacute;, vitalit&eacute; et bien-&ecirc;tre pour tous les Marocains\" \/>\n<meta property=\"article:publisher\" content=\"https:\/\/www.facebook.com\/profile.php?id=61576678196717\" \/>\n<meta property=\"og:image\" content=\"https:\/\/vitablanca.ma\/wp-content\/uploads\/2026\/02\/DCP-Trio-Foaming-Cleansing-Gel-for-Acne-200ml1.jpg\" \/>\n\t<meta property=\"og:image:width\" content=\"1000\" \/>\n\t<meta property=\"og:image:height\" content=\"1000\" \/>\n\t<meta property=\"og:image:type\" content=\"image\/jpeg\" \/>\n<meta name=\"twitter:card\" content=\"summary_large_image\" \/>\n<meta name=\"twitter:label1\" content=\"Est. reading time\" \/>\n\t<meta name=\"twitter:data1\" content=\"1 minute\" \/>\n<script type=\"application\/ld+json\" class=\"yoast-schema-graph\">{\"@context\":\"https:\\\/\\\/schema.org\",\"@graph\":[{\"@type\":[\"WebPage\",\"ItemPage\"],\"@id\":\"https:\\\/\\\/vitablanca.ma\\\/produit\\\/dcp-trio-foaming-cleansing-gel-for-acne-200ml-maroc-prix\\\/\",\"url\":\"https:\\\/\\\/vitablanca.ma\\\/produit\\\/dcp-trio-foaming-cleansing-gel-for-acne-200ml-maroc-prix\\\/\",\"name\":\"DCP Trio Gel Nettoyant Moussant Anti-Acn\u00e9 200 ml \u2013 Maroc Prix\",\"isPartOf\":{\"@id\":\"https:\\\/\\\/vitablanca.ma\\\/#website\"},\"primaryImageOfPage\":{\"@id\":\"https:\\\/\\\/vitablanca.ma\\\/produit\\\/dcp-trio-foaming-cleansing-gel-for-acne-200ml-maroc-prix\\\/#primaryimage\"},\"image\":{\"@id\":\"https:\\\/\\\/vitablanca.ma\\\/produit\\\/dcp-trio-foaming-cleansing-gel-for-acne-200ml-maroc-prix\\\/#primaryimage\"},\"thumbnailUrl\":\"https:\\\/\\\/vitablanca.ma\\\/wp-content\\\/uploads\\\/2026\\\/02\\\/DCP-Trio-Foaming-Cleansing-Gel-for-Acne-200ml1.jpg\",\"datePublished\":\"2026-02-05T00:13:30+00:00\",\"description\":\"Gel nettoyant moussant DCP Trio 200 ml pour peaux \u00e0 tendance acn\u00e9ique. Purifie, r\u00e9duit les imperfections et r\u00e9gule l\u2019exc\u00e8s de s\u00e9bum. Disponible au Maroc.\",\"breadcrumb\":{\"@id\":\"https:\\\/\\\/vitablanca.ma\\\/produit\\\/dcp-trio-foaming-cleansing-gel-for-acne-200ml-maroc-prix\\\/#breadcrumb\"},\"inLanguage\":\"en-US\",\"potentialAction\":[{\"@type\":\"ReadAction\",\"target\":[\"https:\\\/\\\/vitablanca.ma\\\/produit\\\/dcp-trio-foaming-cleansing-gel-for-acne-200ml-maroc-prix\\\/\"]}]},{\"@type\":\"ImageObject\",\"inLanguage\":\"en-US\",\"@id\":\"https:\\\/\\\/vitablanca.ma\\\/produit\\\/dcp-trio-foaming-cleansing-gel-for-acne-200ml-maroc-prix\\\/#primaryimage\",\"url\":\"https:\\\/\\\/vitablanca.ma\\\/wp-content\\\/uploads\\\/2026\\\/02\\\/DCP-Trio-Foaming-Cleansing-Gel-for-Acne-200ml1.jpg\",\"contentUrl\":\"https:\\\/\\\/vitablanca.ma\\\/wp-content\\\/uploads\\\/2026\\\/02\\\/DCP-Trio-Foaming-Cleansing-Gel-for-Acne-200ml1.jpg\",\"width\":1000,\"height\":1000},{\"@type\":\"BreadcrumbList\",\"@id\":\"https:\\\/\\\/vitablanca.ma\\\/produit\\\/dcp-trio-foaming-cleansing-gel-for-acne-200ml-maroc-prix\\\/#breadcrumb\",\"itemListElement\":[{\"@type\":\"ListItem\",\"position\":1,\"name\":\"Home\",\"item\":\"https:\\\/\\\/vitablanca.ma\\\/\"},{\"@type\":\"ListItem\",\"position\":2,\"name\":\"Tous Les Produits\",\"item\":\"https:\\\/\\\/vitablanca.ma\\\/tous-les-produits\\\/\"},{\"@type\":\"ListItem\",\"position\":3,\"name\":\"DCP Trio Foaming Cleansing Gel for Acne 200ml\"}]},{\"@type\":\"WebSite\",\"@id\":\"https:\\\/\\\/vitablanca.ma\\\/#website\",\"url\":\"https:\\\/\\\/vitablanca.ma\\\/\",\"name\":\"VitaBlanca.ma | Compl\u00e9ments alimentaires, sant\u00e9 & beaut\u00e9 au Maroc\",\"description\":\"vendre vitamines et compl\u00e9ments premium des USA &amp; Canada, Nouvelle Z\u00e9lande,Maroc (NOW Foods, Solgar, Manuka). Livraison rapide partout au Maroc.\",\"publisher\":{\"@id\":\"https:\\\/\\\/vitablanca.ma\\\/#organization\"},\"alternateName\":\"VitaBlanca.ma\",\"potentialAction\":[{\"@type\":\"SearchAction\",\"target\":{\"@type\":\"EntryPoint\",\"urlTemplate\":\"https:\\\/\\\/vitablanca.ma\\\/?s={search_term_string}\"},\"query-input\":{\"@type\":\"PropertyValueSpecification\",\"valueRequired\":true,\"valueName\":\"search_term_string\"}}],\"inLanguage\":\"en-US\"},{\"@type\":\"Organization\",\"@id\":\"https:\\\/\\\/vitablanca.ma\\\/#organization\",\"name\":\"VitaBlanca\",\"url\":\"https:\\\/\\\/vitablanca.ma\\\/\",\"logo\":{\"@type\":\"ImageObject\",\"inLanguage\":\"en-US\",\"@id\":\"https:\\\/\\\/vitablanca.ma\\\/#\\\/schema\\\/logo\\\/image\\\/\",\"url\":\"https:\\\/\\\/vitablanca.ma\\\/wp-content\\\/uploads\\\/2025\\\/05\\\/cropped-vitablanca.png\",\"contentUrl\":\"https:\\\/\\\/vitablanca.ma\\\/wp-content\\\/uploads\\\/2025\\\/05\\\/cropped-vitablanca.png\",\"width\":360,\"height\":67,\"caption\":\"VitaBlanca\"},\"image\":{\"@id\":\"https:\\\/\\\/vitablanca.ma\\\/#\\\/schema\\\/logo\\\/image\\\/\"},\"sameAs\":[\"https:\\\/\\\/www.facebook.com\\\/profile.php?id=61576678196717\",\"https:\\\/\\\/www.tiktok.com\\\/@vitablanca.ma\",\"https:\\\/\\\/www.instagram.com\\\/vitablanca.ma\\\/\"]}]}<\/script>\n<!-- \/ Yoast SEO plugin. -->","yoast_head_json":{"title":"DCP Trio Gel Nettoyant Moussant Anti-Acn\u00e9 200 ml \u2013 Maroc Prix","description":"Gel nettoyant moussant DCP Trio 200 ml pour peaux \u00e0 tendance acn\u00e9ique. Purifie, r\u00e9duit les imperfections et r\u00e9gule l\u2019exc\u00e8s de s\u00e9bum. Disponible au Maroc.","robots":{"index":"index","follow":"follow","max-snippet":"max-snippet:-1","max-image-preview":"max-image-preview:large","max-video-preview":"max-video-preview:-1"},"canonical":"https:\/\/vitablanca.ma\/en\/product\/dcp-trio-foaming-cleansing-gel-for-acne-200ml-maroc-prix\/","og_locale":"en_US","og_type":"article","og_title":"DCP Trio Gel Nettoyant Moussant Anti-Acn\u00e9 200 ml \u2013 Maroc Prix","og_description":"Gel nettoyant moussant DCP Trio 200 ml pour peaux \u00e0 tendance acn\u00e9ique. Purifie, r\u00e9duit les imperfections et r\u00e9gule l\u2019exc\u00e8s de s\u00e9bum. Disponible au Maroc.","og_url":"https:\/\/vitablanca.ma\/en\/product\/dcp-trio-foaming-cleansing-gel-for-acne-200ml-maroc-prix\/","og_site_name":"Vitablanca.ma &ndash; Sant&eacute;, vitalit&eacute; et bien-&ecirc;tre pour tous les Marocains","article_publisher":"https:\/\/www.facebook.com\/profile.php?id=61576678196717","og_image":[{"width":1000,"height":1000,"url":"https:\/\/vitablanca.ma\/wp-content\/uploads\/2026\/02\/DCP-Trio-Foaming-Cleansing-Gel-for-Acne-200ml1.jpg","type":"image\/jpeg"}],"twitter_card":"summary_large_image","twitter_misc":{"Est. reading time":"1 minute"},"schema":{"@context":"https:\/\/schema.org","@graph":[{"@type":["WebPage","ItemPage"],"@id":"https:\/\/vitablanca.ma\/produit\/dcp-trio-foaming-cleansing-gel-for-acne-200ml-maroc-prix\/","url":"https:\/\/vitablanca.ma\/produit\/dcp-trio-foaming-cleansing-gel-for-acne-200ml-maroc-prix\/","name":"DCP Trio Gel Nettoyant Moussant Anti-Acn\u00e9 200 ml \u2013 Maroc Prix","isPartOf":{"@id":"https:\/\/vitablanca.ma\/#website"},"primaryImageOfPage":{"@id":"https:\/\/vitablanca.ma\/produit\/dcp-trio-foaming-cleansing-gel-for-acne-200ml-maroc-prix\/#primaryimage"},"image":{"@id":"https:\/\/vitablanca.ma\/produit\/dcp-trio-foaming-cleansing-gel-for-acne-200ml-maroc-prix\/#primaryimage"},"thumbnailUrl":"https:\/\/vitablanca.ma\/wp-content\/uploads\/2026\/02\/DCP-Trio-Foaming-Cleansing-Gel-for-Acne-200ml1.jpg","datePublished":"2026-02-05T00:13:30+00:00","description":"Gel nettoyant moussant DCP Trio 200 ml pour peaux \u00e0 tendance acn\u00e9ique. Purifie, r\u00e9duit les imperfections et r\u00e9gule l\u2019exc\u00e8s de s\u00e9bum. Disponible au Maroc.","breadcrumb":{"@id":"https:\/\/vitablanca.ma\/produit\/dcp-trio-foaming-cleansing-gel-for-acne-200ml-maroc-prix\/#breadcrumb"},"inLanguage":"en-US","potentialAction":[{"@type":"ReadAction","target":["https:\/\/vitablanca.ma\/produit\/dcp-trio-foaming-cleansing-gel-for-acne-200ml-maroc-prix\/"]}]},{"@type":"ImageObject","inLanguage":"en-US","@id":"https:\/\/vitablanca.ma\/produit\/dcp-trio-foaming-cleansing-gel-for-acne-200ml-maroc-prix\/#primaryimage","url":"https:\/\/vitablanca.ma\/wp-content\/uploads\/2026\/02\/DCP-Trio-Foaming-Cleansing-Gel-for-Acne-200ml1.jpg","contentUrl":"https:\/\/vitablanca.ma\/wp-content\/uploads\/2026\/02\/DCP-Trio-Foaming-Cleansing-Gel-for-Acne-200ml1.jpg","width":1000,"height":1000},{"@type":"BreadcrumbList","@id":"https:\/\/vitablanca.ma\/produit\/dcp-trio-foaming-cleansing-gel-for-acne-200ml-maroc-prix\/#breadcrumb","itemListElement":[{"@type":"ListItem","position":1,"name":"Home","item":"https:\/\/vitablanca.ma\/"},{"@type":"ListItem","position":2,"name":"Tous Les Produits","item":"https:\/\/vitablanca.ma\/tous-les-produits\/"},{"@type":"ListItem","position":3,"name":"DCP Trio Foaming Cleansing Gel for Acne 200ml"}]},{"@type":"WebSite","@id":"https:\/\/vitablanca.ma\/#website","url":"https:\/\/vitablanca.ma\/","name":"VitaBlanca.ma | Food supplements, health &amp; beauty in Morocco","description":"sell premium vitamins and supplements from USA &amp; Canada, New Zealand, Morocco (NOW Foods, Solgar, Manuka). Fast delivery anywhere in Morocco.","publisher":{"@id":"https:\/\/vitablanca.ma\/#organization"},"alternateName":"VitaBlanca.ma","potentialAction":[{"@type":"SearchAction","target":{"@type":"EntryPoint","urlTemplate":"https:\/\/vitablanca.ma\/?s={search_term_string}"},"query-input":{"@type":"PropertyValueSpecification","valueRequired":true,"valueName":"search_term_string"}}],"inLanguage":"en-US"},{"@type":"Organization","@id":"https:\/\/vitablanca.ma\/#organization","name":"VitaBlanca","url":"https:\/\/vitablanca.ma\/","logo":{"@type":"ImageObject","inLanguage":"en-US","@id":"https:\/\/vitablanca.ma\/#\/schema\/logo\/image\/","url":"https:\/\/vitablanca.ma\/wp-content\/uploads\/2025\/05\/cropped-vitablanca.png","contentUrl":"https:\/\/vitablanca.ma\/wp-content\/uploads\/2025\/05\/cropped-vitablanca.png","width":360,"height":67,"caption":"VitaBlanca"},"image":{"@id":"https:\/\/vitablanca.ma\/#\/schema\/logo\/image\/"},"sameAs":["https:\/\/www.facebook.com\/profile.php?id=61576678196717","https:\/\/www.tiktok.com\/@vitablanca.ma","https:\/\/www.instagram.com\/vitablanca.ma\/"]}]}},"jetpack_sharing_enabled":true,"_links":{"self":[{"href":"https:\/\/vitablanca.ma\/en\/wp-json\/wp\/v2\/product\/28869","targetHints":{"allow":["GET"]}}],"collection":[{"href":"https:\/\/vitablanca.ma\/en\/wp-json\/wp\/v2\/product"}],"about":[{"href":"https:\/\/vitablanca.ma\/en\/wp-json\/wp\/v2\/types\/product"}],"wp:featuredmedia":[{"embeddable":true,"href":"https:\/\/vitablanca.ma\/en\/wp-json\/wp\/v2\/media\/28873"}],"wp:attachment":[{"href":"https:\/\/vitablanca.ma\/en\/wp-json\/wp\/v2\/media?parent=28869"}],"wp:term":[{"taxonomy":"product_brand","embeddable":true,"href":"https:\/\/vitablanca.ma\/en\/wp-json\/wp\/v2\/product_brand?post=28869"},{"taxonomy":"product_cat","embeddable":true,"href":"https:\/\/vitablanca.ma\/en\/wp-json\/wp\/v2\/product_cat?post=28869"},{"taxonomy":"product_tag","embeddable":true,"href":"https:\/\/vitablanca.ma\/en\/wp-json\/wp\/v2\/product_tag?post=28869"}],"curies":[{"name":"wp","href":"https:\/\/api.w.org\/{rel}","templated":true}]}}