{"id":28865,"date":"2026-02-05T00:06:34","date_gmt":"2026-02-05T00:06:34","guid":{"rendered":"https:\/\/vitablanca.ma\/?post_type=product&#038;p=28865"},"modified":"2026-02-05T00:06:35","modified_gmt":"2026-02-05T00:06:35","slug":"rituals-sakura-gift-set-4piece-set-maroc-prix","status":"publish","type":"product","link":"https:\/\/vitablanca.ma\/en\/product\/rituals-sakura-gift-set-4piece-set-maroc-prix\/","title":{"rendered":"Rituals Sakura Gift Set 4piece set"},"content":{"rendered":"<p>Formul\u00e9 \u00e0 partir de fleurs de cerisier et de lait de riz, ce coffret cadeau sera parfait pour ceux qui appr\u00e9cient les senteurs florales et d\u00e9licates.<\/p>\n<p>Nos nouveaux coffrets cadeaux en origami sont emball\u00e9s dans un coffret r\u00e9utilisable.<\/p>\n<p>Mousse de douche 200 ml<br \/>\n\u2013 la technologie unique de transformation du gel en mousse permet un nettoyage doux et soyeux du corps<br \/>\n\u2013 enrichie en fleurs de cerisier et en lait de riz, elle nourrit et apaise la peau, la laissant magnifiquement parfum\u00e9e<\/p>\n<p>Gommage pour le corps 125 g<br \/>\n\u2013 formule luxueuse contenant du sucre et des huiles riches, enrichie d\u2019un exfoliant \u00e0 base de cerise<br \/>\n\u2013 contient &gt;90% d\u2019ingr\u00e9dients d\u2019origine naturelle comme le sucre et des ingr\u00e9dients puissants pour le bien de la peau<\/p>\n<p>Cr\u00e8me pour le corps 100 ml<br \/>\n\u2013 cr\u00e8me riche et velout\u00e9e<br \/>\n\u2013 technologie sp\u00e9ciale pour une application facile<\/p>\n<p>Bougie parfum\u00e9e 140 g<\/p>","protected":false},"excerpt":{"rendered":"<ul>\n<li>Le cadeau parfait pour ceux qui aiment les parfums doux et fleuris &#8211; ce coffret cadeau contient des produits luxueux, tous enrichis de fleurs de cerisier et de lait de riz.<\/li>\n<li>Pour vous ou pour offrir<\/li>\n<li>Nos bo\u00eetes de coffret cadeau durable peuvent \u00eatre r\u00e9utilis\u00e9es comme option de rangement luxueuse &#8211; parfaites pour ranger des photos, des lettres et bien plus encore.<\/li>\n<li>Les bo\u00eetes de coffret cadeau durable peuvent \u00eatre r\u00e9utilis\u00e9es comme option de rangement luxueuse.<\/li>\n<\/ul>","protected":false},"featured_media":28866,"template":"","meta":{"om_disable_all_campaigns":false},"product_brand":[5971],"product_cat":[18],"product_tag":[8051,8049,6276,3492,8050,1742,8047,8048,6304],"class_list":{"0":"post-28865","1":"product","2":"type-product","3":"status-publish","4":"has-post-thumbnail","6":"product_brand-rituals-maroc-prix","7":"product_cat-beaute-sante","8":"product_tag-4-pieces","9":"product_tag-coffret-cadeau","10":"product_tag-hydratation","11":"product_tag-maroc","12":"product_tag-parfume","13":"product_tag-relaxation","14":"product_tag-rituals","15":"product_tag-sakura","16":"product_tag-soin-corps","18":"first","19":"instock","20":"sale","21":"taxable","22":"shipping-taxable","23":"purchasable","24":"product-type-simple"},"yoast_head":"<!-- This site is optimized with the Yoast SEO plugin v27.3 - https:\/\/yoast.com\/product\/yoast-seo-wordpress\/ -->\n<title>Rituals Sakura Coffret Cadeau 4 pi\u00e8ces \u2013 Maroc Prix<\/title>\n<meta name=\"description\" content=\"Coffret cadeau Rituals Sakura 4 pi\u00e8ces Inclut des soins parfum\u00e9s pour le corps, offrant d\u00e9tente, hydratation et une exp\u00e9rience sensorielle unique Disponible\" \/>\n<meta name=\"robots\" content=\"index, follow, max-snippet:-1, max-image-preview:large, max-video-preview:-1\" \/>\n<link rel=\"canonical\" href=\"https:\/\/vitablanca.ma\/en\/product\/rituals-sakura-gift-set-4piece-set-maroc-prix\/\" \/>\n<meta property=\"og:locale\" content=\"en_US\" \/>\n<meta property=\"og:type\" content=\"article\" \/>\n<meta property=\"og:title\" content=\"Rituals Sakura Coffret Cadeau 4 pi\u00e8ces \u2013 Maroc Prix\" \/>\n<meta property=\"og:description\" content=\"Coffret cadeau Rituals Sakura 4 pi\u00e8ces Inclut des soins parfum\u00e9s pour le corps, offrant d\u00e9tente, hydratation et une exp\u00e9rience sensorielle unique Disponible\" \/>\n<meta property=\"og:url\" content=\"https:\/\/vitablanca.ma\/en\/product\/rituals-sakura-gift-set-4piece-set-maroc-prix\/\" \/>\n<meta property=\"og:site_name\" content=\"Vitablanca.ma &ndash; Sant&eacute;, vitalit&eacute; et bien-&ecirc;tre pour tous les Marocains\" \/>\n<meta property=\"article:publisher\" content=\"https:\/\/www.facebook.com\/profile.php?id=61576678196717\" \/>\n<meta property=\"article:modified_time\" content=\"2026-02-05T00:06:35+00:00\" \/>\n<meta property=\"og:image\" content=\"https:\/\/vitablanca.ma\/wp-content\/uploads\/2026\/02\/Rituals-Coffret-Cadeau-Sakura-\u2013-Coffret-de-4-pieces1.jpg\" \/>\n\t<meta property=\"og:image:width\" content=\"300\" \/>\n\t<meta property=\"og:image:height\" content=\"250\" \/>\n\t<meta property=\"og:image:type\" content=\"image\/jpeg\" \/>\n<meta name=\"twitter:card\" content=\"summary_large_image\" \/>\n<meta name=\"twitter:label1\" content=\"Est. reading time\" \/>\n\t<meta name=\"twitter:data1\" content=\"1 minute\" \/>\n<script type=\"application\/ld+json\" class=\"yoast-schema-graph\">{\"@context\":\"https:\\\/\\\/schema.org\",\"@graph\":[{\"@type\":[\"WebPage\",\"ItemPage\"],\"@id\":\"https:\\\/\\\/vitablanca.ma\\\/produit\\\/rituals-sakura-gift-set-4piece-set-maroc-prix\\\/\",\"url\":\"https:\\\/\\\/vitablanca.ma\\\/produit\\\/rituals-sakura-gift-set-4piece-set-maroc-prix\\\/\",\"name\":\"Rituals Sakura Coffret Cadeau 4 pi\u00e8ces \u2013 Maroc Prix\",\"isPartOf\":{\"@id\":\"https:\\\/\\\/vitablanca.ma\\\/#website\"},\"primaryImageOfPage\":{\"@id\":\"https:\\\/\\\/vitablanca.ma\\\/produit\\\/rituals-sakura-gift-set-4piece-set-maroc-prix\\\/#primaryimage\"},\"image\":{\"@id\":\"https:\\\/\\\/vitablanca.ma\\\/produit\\\/rituals-sakura-gift-set-4piece-set-maroc-prix\\\/#primaryimage\"},\"thumbnailUrl\":\"https:\\\/\\\/vitablanca.ma\\\/wp-content\\\/uploads\\\/2026\\\/02\\\/Rituals-Coffret-Cadeau-Sakura-\u2013-Coffret-de-4-pieces1.jpg\",\"datePublished\":\"2026-02-05T00:06:34+00:00\",\"dateModified\":\"2026-02-05T00:06:35+00:00\",\"description\":\"Coffret cadeau Rituals Sakura 4 pi\u00e8ces Inclut des soins parfum\u00e9s pour le corps, offrant d\u00e9tente, hydratation et une exp\u00e9rience sensorielle unique Disponible\",\"breadcrumb\":{\"@id\":\"https:\\\/\\\/vitablanca.ma\\\/produit\\\/rituals-sakura-gift-set-4piece-set-maroc-prix\\\/#breadcrumb\"},\"inLanguage\":\"en-US\",\"potentialAction\":[{\"@type\":\"ReadAction\",\"target\":[\"https:\\\/\\\/vitablanca.ma\\\/produit\\\/rituals-sakura-gift-set-4piece-set-maroc-prix\\\/\"]}]},{\"@type\":\"ImageObject\",\"inLanguage\":\"en-US\",\"@id\":\"https:\\\/\\\/vitablanca.ma\\\/produit\\\/rituals-sakura-gift-set-4piece-set-maroc-prix\\\/#primaryimage\",\"url\":\"https:\\\/\\\/vitablanca.ma\\\/wp-content\\\/uploads\\\/2026\\\/02\\\/Rituals-Coffret-Cadeau-Sakura-\u2013-Coffret-de-4-pieces1.jpg\",\"contentUrl\":\"https:\\\/\\\/vitablanca.ma\\\/wp-content\\\/uploads\\\/2026\\\/02\\\/Rituals-Coffret-Cadeau-Sakura-\u2013-Coffret-de-4-pieces1.jpg\",\"width\":300,\"height\":250},{\"@type\":\"BreadcrumbList\",\"@id\":\"https:\\\/\\\/vitablanca.ma\\\/produit\\\/rituals-sakura-gift-set-4piece-set-maroc-prix\\\/#breadcrumb\",\"itemListElement\":[{\"@type\":\"ListItem\",\"position\":1,\"name\":\"Home\",\"item\":\"https:\\\/\\\/vitablanca.ma\\\/\"},{\"@type\":\"ListItem\",\"position\":2,\"name\":\"Tous Les Produits\",\"item\":\"https:\\\/\\\/vitablanca.ma\\\/tous-les-produits\\\/\"},{\"@type\":\"ListItem\",\"position\":3,\"name\":\"Rituals Sakura Gift Set 4piece set\"}]},{\"@type\":\"WebSite\",\"@id\":\"https:\\\/\\\/vitablanca.ma\\\/#website\",\"url\":\"https:\\\/\\\/vitablanca.ma\\\/\",\"name\":\"VitaBlanca.ma | Compl\u00e9ments alimentaires, sant\u00e9 & beaut\u00e9 au Maroc\",\"description\":\"vendre vitamines et compl\u00e9ments premium des USA &amp; Canada, Nouvelle Z\u00e9lande,Maroc (NOW Foods, Solgar, Manuka). Livraison rapide partout au Maroc.\",\"publisher\":{\"@id\":\"https:\\\/\\\/vitablanca.ma\\\/#organization\"},\"alternateName\":\"VitaBlanca.ma\",\"potentialAction\":[{\"@type\":\"SearchAction\",\"target\":{\"@type\":\"EntryPoint\",\"urlTemplate\":\"https:\\\/\\\/vitablanca.ma\\\/?s={search_term_string}\"},\"query-input\":{\"@type\":\"PropertyValueSpecification\",\"valueRequired\":true,\"valueName\":\"search_term_string\"}}],\"inLanguage\":\"en-US\"},{\"@type\":\"Organization\",\"@id\":\"https:\\\/\\\/vitablanca.ma\\\/#organization\",\"name\":\"VitaBlanca\",\"url\":\"https:\\\/\\\/vitablanca.ma\\\/\",\"logo\":{\"@type\":\"ImageObject\",\"inLanguage\":\"en-US\",\"@id\":\"https:\\\/\\\/vitablanca.ma\\\/#\\\/schema\\\/logo\\\/image\\\/\",\"url\":\"https:\\\/\\\/vitablanca.ma\\\/wp-content\\\/uploads\\\/2025\\\/05\\\/cropped-vitablanca.png\",\"contentUrl\":\"https:\\\/\\\/vitablanca.ma\\\/wp-content\\\/uploads\\\/2025\\\/05\\\/cropped-vitablanca.png\",\"width\":360,\"height\":67,\"caption\":\"VitaBlanca\"},\"image\":{\"@id\":\"https:\\\/\\\/vitablanca.ma\\\/#\\\/schema\\\/logo\\\/image\\\/\"},\"sameAs\":[\"https:\\\/\\\/www.facebook.com\\\/profile.php?id=61576678196717\",\"https:\\\/\\\/www.tiktok.com\\\/@vitablanca.ma\",\"https:\\\/\\\/www.instagram.com\\\/vitablanca.ma\\\/\"]}]}<\/script>\n<!-- \/ Yoast SEO plugin. -->","yoast_head_json":{"title":"Rituals Sakura Coffret Cadeau 4 pi\u00e8ces \u2013 Maroc Prix","description":"Coffret cadeau Rituals Sakura 4 pi\u00e8ces Inclut des soins parfum\u00e9s pour le corps, offrant d\u00e9tente, hydratation et une exp\u00e9rience sensorielle unique Disponible","robots":{"index":"index","follow":"follow","max-snippet":"max-snippet:-1","max-image-preview":"max-image-preview:large","max-video-preview":"max-video-preview:-1"},"canonical":"https:\/\/vitablanca.ma\/en\/product\/rituals-sakura-gift-set-4piece-set-maroc-prix\/","og_locale":"en_US","og_type":"article","og_title":"Rituals Sakura Coffret Cadeau 4 pi\u00e8ces \u2013 Maroc Prix","og_description":"Coffret cadeau Rituals Sakura 4 pi\u00e8ces Inclut des soins parfum\u00e9s pour le corps, offrant d\u00e9tente, hydratation et une exp\u00e9rience sensorielle unique Disponible","og_url":"https:\/\/vitablanca.ma\/en\/product\/rituals-sakura-gift-set-4piece-set-maroc-prix\/","og_site_name":"Vitablanca.ma &ndash; Sant&eacute;, vitalit&eacute; et bien-&ecirc;tre pour tous les Marocains","article_publisher":"https:\/\/www.facebook.com\/profile.php?id=61576678196717","article_modified_time":"2026-02-05T00:06:35+00:00","og_image":[{"width":300,"height":250,"url":"https:\/\/vitablanca.ma\/wp-content\/uploads\/2026\/02\/Rituals-Coffret-Cadeau-Sakura-\u2013-Coffret-de-4-pieces1.jpg","type":"image\/jpeg"}],"twitter_card":"summary_large_image","twitter_misc":{"Est. reading time":"1 minute"},"schema":{"@context":"https:\/\/schema.org","@graph":[{"@type":["WebPage","ItemPage"],"@id":"https:\/\/vitablanca.ma\/produit\/rituals-sakura-gift-set-4piece-set-maroc-prix\/","url":"https:\/\/vitablanca.ma\/produit\/rituals-sakura-gift-set-4piece-set-maroc-prix\/","name":"Rituals Sakura Coffret Cadeau 4 pi\u00e8ces \u2013 Maroc Prix","isPartOf":{"@id":"https:\/\/vitablanca.ma\/#website"},"primaryImageOfPage":{"@id":"https:\/\/vitablanca.ma\/produit\/rituals-sakura-gift-set-4piece-set-maroc-prix\/#primaryimage"},"image":{"@id":"https:\/\/vitablanca.ma\/produit\/rituals-sakura-gift-set-4piece-set-maroc-prix\/#primaryimage"},"thumbnailUrl":"https:\/\/vitablanca.ma\/wp-content\/uploads\/2026\/02\/Rituals-Coffret-Cadeau-Sakura-\u2013-Coffret-de-4-pieces1.jpg","datePublished":"2026-02-05T00:06:34+00:00","dateModified":"2026-02-05T00:06:35+00:00","description":"Coffret cadeau Rituals Sakura 4 pi\u00e8ces Inclut des soins parfum\u00e9s pour le corps, offrant d\u00e9tente, hydratation et une exp\u00e9rience sensorielle unique Disponible","breadcrumb":{"@id":"https:\/\/vitablanca.ma\/produit\/rituals-sakura-gift-set-4piece-set-maroc-prix\/#breadcrumb"},"inLanguage":"en-US","potentialAction":[{"@type":"ReadAction","target":["https:\/\/vitablanca.ma\/produit\/rituals-sakura-gift-set-4piece-set-maroc-prix\/"]}]},{"@type":"ImageObject","inLanguage":"en-US","@id":"https:\/\/vitablanca.ma\/produit\/rituals-sakura-gift-set-4piece-set-maroc-prix\/#primaryimage","url":"https:\/\/vitablanca.ma\/wp-content\/uploads\/2026\/02\/Rituals-Coffret-Cadeau-Sakura-\u2013-Coffret-de-4-pieces1.jpg","contentUrl":"https:\/\/vitablanca.ma\/wp-content\/uploads\/2026\/02\/Rituals-Coffret-Cadeau-Sakura-\u2013-Coffret-de-4-pieces1.jpg","width":300,"height":250},{"@type":"BreadcrumbList","@id":"https:\/\/vitablanca.ma\/produit\/rituals-sakura-gift-set-4piece-set-maroc-prix\/#breadcrumb","itemListElement":[{"@type":"ListItem","position":1,"name":"Home","item":"https:\/\/vitablanca.ma\/"},{"@type":"ListItem","position":2,"name":"Tous Les Produits","item":"https:\/\/vitablanca.ma\/tous-les-produits\/"},{"@type":"ListItem","position":3,"name":"Rituals Sakura Gift Set 4piece set"}]},{"@type":"WebSite","@id":"https:\/\/vitablanca.ma\/#website","url":"https:\/\/vitablanca.ma\/","name":"VitaBlanca.ma | Food supplements, health &amp; beauty in Morocco","description":"sell premium vitamins and supplements from USA &amp; Canada, New Zealand, Morocco (NOW Foods, Solgar, Manuka). Fast delivery anywhere in Morocco.","publisher":{"@id":"https:\/\/vitablanca.ma\/#organization"},"alternateName":"VitaBlanca.ma","potentialAction":[{"@type":"SearchAction","target":{"@type":"EntryPoint","urlTemplate":"https:\/\/vitablanca.ma\/?s={search_term_string}"},"query-input":{"@type":"PropertyValueSpecification","valueRequired":true,"valueName":"search_term_string"}}],"inLanguage":"en-US"},{"@type":"Organization","@id":"https:\/\/vitablanca.ma\/#organization","name":"VitaBlanca","url":"https:\/\/vitablanca.ma\/","logo":{"@type":"ImageObject","inLanguage":"en-US","@id":"https:\/\/vitablanca.ma\/#\/schema\/logo\/image\/","url":"https:\/\/vitablanca.ma\/wp-content\/uploads\/2025\/05\/cropped-vitablanca.png","contentUrl":"https:\/\/vitablanca.ma\/wp-content\/uploads\/2025\/05\/cropped-vitablanca.png","width":360,"height":67,"caption":"VitaBlanca"},"image":{"@id":"https:\/\/vitablanca.ma\/#\/schema\/logo\/image\/"},"sameAs":["https:\/\/www.facebook.com\/profile.php?id=61576678196717","https:\/\/www.tiktok.com\/@vitablanca.ma","https:\/\/www.instagram.com\/vitablanca.ma\/"]}]}},"jetpack_sharing_enabled":true,"_links":{"self":[{"href":"https:\/\/vitablanca.ma\/en\/wp-json\/wp\/v2\/product\/28865","targetHints":{"allow":["GET"]}}],"collection":[{"href":"https:\/\/vitablanca.ma\/en\/wp-json\/wp\/v2\/product"}],"about":[{"href":"https:\/\/vitablanca.ma\/en\/wp-json\/wp\/v2\/types\/product"}],"wp:featuredmedia":[{"embeddable":true,"href":"https:\/\/vitablanca.ma\/en\/wp-json\/wp\/v2\/media\/28866"}],"wp:attachment":[{"href":"https:\/\/vitablanca.ma\/en\/wp-json\/wp\/v2\/media?parent=28865"}],"wp:term":[{"taxonomy":"product_brand","embeddable":true,"href":"https:\/\/vitablanca.ma\/en\/wp-json\/wp\/v2\/product_brand?post=28865"},{"taxonomy":"product_cat","embeddable":true,"href":"https:\/\/vitablanca.ma\/en\/wp-json\/wp\/v2\/product_cat?post=28865"},{"taxonomy":"product_tag","embeddable":true,"href":"https:\/\/vitablanca.ma\/en\/wp-json\/wp\/v2\/product_tag?post=28865"}],"curies":[{"name":"wp","href":"https:\/\/api.w.org\/{rel}","templated":true}]}}