{"id":28841,"date":"2026-02-04T23:41:23","date_gmt":"2026-02-04T23:41:23","guid":{"rendered":"https:\/\/vitablanca.ma\/?post_type=product&#038;p=28841"},"modified":"2026-02-21T16:17:00","modified_gmt":"2026-02-21T16:17:00","slug":"brewers-yeast-200-comprimes","status":"publish","type":"product","link":"https:\/\/vitablanca.ma\/en\/product\/brewers-yeast-200-comprimes\/","title":{"rendered":"Now foods Brewer&rsquo;s Yeast 200\u00a0comprim\u00e9s"},"content":{"rendered":"<p>10\u00a0c\u00e9r\u00e9ales, 650\u00a0mg<br \/>\nCompl\u00e9ment nutritionnel<br \/>\nComprim\u00e9 plus facile \u00e0 avaler<br \/>\nGMO-free<br \/>\nFood supplement<br \/>\nVegetarian \u2013 Vegan<br \/>\nKosher<br \/>\nGeneral health<br \/>\nFamily business since 1968<br \/>\nQualit\u00e9 assur\u00e9e Bonnes Pratiques de Fabrication<\/p>\n<p>La levure de bi\u00e8re NOW\u00ae contient plusieurs vitamines et min\u00e9raux naturels, notamment des vitamines\u00a0B. De plus, la levure de bi\u00e8re contient d&rsquo;autres composants, comme des acides amin\u00e9s et des b\u00eata-glucanes. Aucune vitamine synth\u00e9tique n&rsquo;est ajout\u00e9e \u00e0 la levure pendant son traitement. La levure de bi\u00e8re NOW\u00ae est un v\u00e9ritable compl\u00e9ment alimentaire entier.<br \/>\nCette levure de bi\u00e8re contient naturellement des vitamines\u00a0B, parmi lesquelles\u00a0: la thiamine (vitamine\u00a0B1), la riboflavine (vitamine\u00a0B2), la niacine, la vitamine\u00a0B6, l&rsquo;acide folique, la biotine et l&rsquo;acide pantoth\u00e9nique.<br \/>\nSuggested Use<br \/>\nPrenez 3\u00a0comprim\u00e9s 3\u00a0fois par jour, en mangeant.<br \/>\nOther ingredients<br \/>\nHydroxypropylcellulose, acide st\u00e9arique (d&rsquo;origine v\u00e9g\u00e9tale), croscarmellose sodique, st\u00e9arate de magn\u00e9sium (d&rsquo;origine v\u00e9g\u00e9tale) et dioxyde de silicium.<br \/>\nContient du bl\u00e9. La levure de bi\u00e8re est d\u00e9riv\u00e9e de l&rsquo;orge et du bl\u00e9.<br \/>\nProduit \u00e9labor\u00e9 sans\u00a0: soja, lait, \u0153ufs, poisson, fruits de mer ou fruits \u00e0 coque. Fabriqu\u00e9 dans un \u00e9tablissement certifi\u00e9 (Bonnes Pratiques de Fabrication) qui traite d&rsquo;autres ingr\u00e9dients contenant ces allerg\u00e8nes.<br \/>\nWarnings<br \/>\nAttention\u00a0: R\u00e9serv\u00e9 aux adultes. La levure de bi\u00e8re contient des quantit\u00e9s importantes de tyramine. Consultez un m\u00e9decin si vous prenez un inhibiteur de MAO ou un autre m\u00e9dicament, si vous \u00eates enceinte, allaitez ou si vous souffrez de la maladie de Crohn ou d&rsquo;une autre affection m\u00e9dicale. Tenir hors de port\u00e9e des enfants.<br \/>\nUne variation naturelle de couleur peut se produire.<br \/>\nConserver dans un endroit frais et sec apr\u00e8s ouverture.<\/p>","protected":false},"excerpt":{"rendered":"<p>10\u00a0c\u00e9r\u00e9ales, 650\u00a0mg Compl\u00e9ment nutritionnel Comprim\u00e9 plus facile \u00e0 avaler Sans OGM Compl\u00e9ment alimentaire V\u00e9g\u00e9tarien &#8211; Vegan Casher Sant\u00e9 g\u00e9n\u00e9rale Entreprise familiale depuis 1968 Qualit\u00e9 assur\u00e9e Bonnes Pratiques de Fabrication La levure de bi\u00e8re NOW\u00ae contient plusieurs vitamines et min\u00e9raux naturels, notamment des vitamines\u00a0B. De plus, la levure de bi\u00e8re contient d&rsquo;autres composants, comme des acides [&hellip;]<\/p>\n","protected":false},"featured_media":28892,"template":"","meta":{"om_disable_all_campaigns":false},"product_brand":[83],"product_cat":[18,3366,7984],"product_tag":[],"class_list":{"0":"post-28841","1":"product","2":"type-product","3":"status-publish","4":"has-post-thumbnail","6":"product_brand-now-foods-maroc-prix","7":"product_cat-beaute-sante","8":"product_cat-complements-alimentaires-au-maroc-vitablanca","9":"product_cat-vegetaux-super-aliments","11":"first","12":"instock","13":"sale","14":"taxable","15":"shipping-taxable","16":"purchasable","17":"product-type-simple"},"yoast_head":"<!-- This site is optimized with the Yoast SEO plugin v27.3 - https:\/\/yoast.com\/product\/yoast-seo-wordpress\/ -->\n<title>Now foods Brewer&rsquo;s Yeast 200\u00a0comprim\u00e9s - Maroc Prix<\/title>\n<meta name=\"description\" content=\"Now foods Brewer&rsquo;s Yeast 200\u00a0comprim\u00e9s\" \/>\n<meta name=\"robots\" content=\"index, follow, max-snippet:-1, max-image-preview:large, max-video-preview:-1\" \/>\n<link rel=\"canonical\" href=\"https:\/\/vitablanca.ma\/en\/product\/brewers-yeast-200-comprimes\/\" \/>\n<meta property=\"og:locale\" content=\"en_US\" \/>\n<meta property=\"og:type\" content=\"article\" \/>\n<meta property=\"og:title\" content=\"Now foods Brewer&rsquo;s Yeast 200\u00a0comprim\u00e9s - Maroc Prix\" \/>\n<meta property=\"og:description\" content=\"Now foods Brewer&rsquo;s Yeast 200\u00a0comprim\u00e9s\" \/>\n<meta property=\"og:url\" content=\"https:\/\/vitablanca.ma\/en\/product\/brewers-yeast-200-comprimes\/\" \/>\n<meta property=\"og:site_name\" content=\"Vitablanca.ma &ndash; Sant&eacute;, vitalit&eacute; et bien-&ecirc;tre pour tous les Marocains\" \/>\n<meta property=\"article:publisher\" content=\"https:\/\/www.facebook.com\/profile.php?id=61576678196717\" \/>\n<meta property=\"article:modified_time\" content=\"2026-02-21T16:17:00+00:00\" \/>\n<meta property=\"og:image\" content=\"https:\/\/vitablanca.ma\/wp-content\/uploads\/2026\/02\/45-9.jpg\" \/>\n\t<meta property=\"og:image:width\" content=\"1600\" \/>\n\t<meta property=\"og:image:height\" content=\"1600\" \/>\n\t<meta property=\"og:image:type\" content=\"image\/jpeg\" \/>\n<meta name=\"twitter:card\" content=\"summary_large_image\" \/>\n<meta name=\"twitter:label1\" content=\"Est. reading time\" \/>\n\t<meta name=\"twitter:data1\" content=\"2 minutes\" \/>\n<script type=\"application\/ld+json\" class=\"yoast-schema-graph\">{\"@context\":\"https:\\\/\\\/schema.org\",\"@graph\":[{\"@type\":[\"WebPage\",\"ItemPage\"],\"@id\":\"https:\\\/\\\/vitablanca.ma\\\/produit\\\/brewers-yeast-200-comprimes\\\/\",\"url\":\"https:\\\/\\\/vitablanca.ma\\\/produit\\\/brewers-yeast-200-comprimes\\\/\",\"name\":\"Now foods Brewer&rsquo;s Yeast 200\u00a0comprim\u00e9s - Maroc Prix\",\"isPartOf\":{\"@id\":\"https:\\\/\\\/vitablanca.ma\\\/#website\"},\"primaryImageOfPage\":{\"@id\":\"https:\\\/\\\/vitablanca.ma\\\/produit\\\/brewers-yeast-200-comprimes\\\/#primaryimage\"},\"image\":{\"@id\":\"https:\\\/\\\/vitablanca.ma\\\/produit\\\/brewers-yeast-200-comprimes\\\/#primaryimage\"},\"thumbnailUrl\":\"https:\\\/\\\/vitablanca.ma\\\/wp-content\\\/uploads\\\/2026\\\/02\\\/45-9.jpg\",\"datePublished\":\"2026-02-04T23:41:23+00:00\",\"dateModified\":\"2026-02-21T16:17:00+00:00\",\"description\":\"Now foods Brewer&rsquo;s Yeast 200\u00a0comprim\u00e9s\",\"breadcrumb\":{\"@id\":\"https:\\\/\\\/vitablanca.ma\\\/produit\\\/brewers-yeast-200-comprimes\\\/#breadcrumb\"},\"inLanguage\":\"en-US\",\"potentialAction\":[{\"@type\":\"ReadAction\",\"target\":[\"https:\\\/\\\/vitablanca.ma\\\/produit\\\/brewers-yeast-200-comprimes\\\/\"]}]},{\"@type\":\"ImageObject\",\"inLanguage\":\"en-US\",\"@id\":\"https:\\\/\\\/vitablanca.ma\\\/produit\\\/brewers-yeast-200-comprimes\\\/#primaryimage\",\"url\":\"https:\\\/\\\/vitablanca.ma\\\/wp-content\\\/uploads\\\/2026\\\/02\\\/45-9.jpg\",\"contentUrl\":\"https:\\\/\\\/vitablanca.ma\\\/wp-content\\\/uploads\\\/2026\\\/02\\\/45-9.jpg\",\"width\":1600,\"height\":1600},{\"@type\":\"BreadcrumbList\",\"@id\":\"https:\\\/\\\/vitablanca.ma\\\/produit\\\/brewers-yeast-200-comprimes\\\/#breadcrumb\",\"itemListElement\":[{\"@type\":\"ListItem\",\"position\":1,\"name\":\"Home\",\"item\":\"https:\\\/\\\/vitablanca.ma\\\/\"},{\"@type\":\"ListItem\",\"position\":2,\"name\":\"Tous Les Produits\",\"item\":\"https:\\\/\\\/vitablanca.ma\\\/tous-les-produits\\\/\"},{\"@type\":\"ListItem\",\"position\":3,\"name\":\"Now foods Brewer&rsquo;s Yeast 200\u00a0comprim\u00e9s\"}]},{\"@type\":\"WebSite\",\"@id\":\"https:\\\/\\\/vitablanca.ma\\\/#website\",\"url\":\"https:\\\/\\\/vitablanca.ma\\\/\",\"name\":\"VitaBlanca.ma | Compl\u00e9ments alimentaires, sant\u00e9 & beaut\u00e9 au Maroc\",\"description\":\"vendre vitamines et compl\u00e9ments premium des USA &amp; Canada, Nouvelle Z\u00e9lande,Maroc (NOW Foods, Solgar, Manuka). Livraison rapide partout au Maroc.\",\"publisher\":{\"@id\":\"https:\\\/\\\/vitablanca.ma\\\/#organization\"},\"alternateName\":\"VitaBlanca.ma\",\"potentialAction\":[{\"@type\":\"SearchAction\",\"target\":{\"@type\":\"EntryPoint\",\"urlTemplate\":\"https:\\\/\\\/vitablanca.ma\\\/?s={search_term_string}\"},\"query-input\":{\"@type\":\"PropertyValueSpecification\",\"valueRequired\":true,\"valueName\":\"search_term_string\"}}],\"inLanguage\":\"en-US\"},{\"@type\":\"Organization\",\"@id\":\"https:\\\/\\\/vitablanca.ma\\\/#organization\",\"name\":\"VitaBlanca\",\"url\":\"https:\\\/\\\/vitablanca.ma\\\/\",\"logo\":{\"@type\":\"ImageObject\",\"inLanguage\":\"en-US\",\"@id\":\"https:\\\/\\\/vitablanca.ma\\\/#\\\/schema\\\/logo\\\/image\\\/\",\"url\":\"https:\\\/\\\/vitablanca.ma\\\/wp-content\\\/uploads\\\/2025\\\/05\\\/cropped-vitablanca.png\",\"contentUrl\":\"https:\\\/\\\/vitablanca.ma\\\/wp-content\\\/uploads\\\/2025\\\/05\\\/cropped-vitablanca.png\",\"width\":360,\"height\":67,\"caption\":\"VitaBlanca\"},\"image\":{\"@id\":\"https:\\\/\\\/vitablanca.ma\\\/#\\\/schema\\\/logo\\\/image\\\/\"},\"sameAs\":[\"https:\\\/\\\/www.facebook.com\\\/profile.php?id=61576678196717\",\"https:\\\/\\\/www.tiktok.com\\\/@vitablanca.ma\",\"https:\\\/\\\/www.instagram.com\\\/vitablanca.ma\\\/\"]}]}<\/script>\n<!-- \/ Yoast SEO plugin. -->","yoast_head_json":{"title":"Now foods Brewer&rsquo;s Yeast 200\u00a0comprim\u00e9s - Maroc Prix","description":"Now foods Brewer&rsquo;s Yeast 200\u00a0comprim\u00e9s","robots":{"index":"index","follow":"follow","max-snippet":"max-snippet:-1","max-image-preview":"max-image-preview:large","max-video-preview":"max-video-preview:-1"},"canonical":"https:\/\/vitablanca.ma\/en\/product\/brewers-yeast-200-comprimes\/","og_locale":"en_US","og_type":"article","og_title":"Now foods Brewer&rsquo;s Yeast 200\u00a0comprim\u00e9s - Maroc Prix","og_description":"Now foods Brewer&rsquo;s Yeast 200\u00a0comprim\u00e9s","og_url":"https:\/\/vitablanca.ma\/en\/product\/brewers-yeast-200-comprimes\/","og_site_name":"Vitablanca.ma &ndash; Sant&eacute;, vitalit&eacute; et bien-&ecirc;tre pour tous les Marocains","article_publisher":"https:\/\/www.facebook.com\/profile.php?id=61576678196717","article_modified_time":"2026-02-21T16:17:00+00:00","og_image":[{"width":1600,"height":1600,"url":"https:\/\/vitablanca.ma\/wp-content\/uploads\/2026\/02\/45-9.jpg","type":"image\/jpeg"}],"twitter_card":"summary_large_image","twitter_misc":{"Est. reading time":"2 minutes"},"schema":{"@context":"https:\/\/schema.org","@graph":[{"@type":["WebPage","ItemPage"],"@id":"https:\/\/vitablanca.ma\/produit\/brewers-yeast-200-comprimes\/","url":"https:\/\/vitablanca.ma\/produit\/brewers-yeast-200-comprimes\/","name":"Now foods Brewer&rsquo;s Yeast 200\u00a0comprim\u00e9s - Maroc Prix","isPartOf":{"@id":"https:\/\/vitablanca.ma\/#website"},"primaryImageOfPage":{"@id":"https:\/\/vitablanca.ma\/produit\/brewers-yeast-200-comprimes\/#primaryimage"},"image":{"@id":"https:\/\/vitablanca.ma\/produit\/brewers-yeast-200-comprimes\/#primaryimage"},"thumbnailUrl":"https:\/\/vitablanca.ma\/wp-content\/uploads\/2026\/02\/45-9.jpg","datePublished":"2026-02-04T23:41:23+00:00","dateModified":"2026-02-21T16:17:00+00:00","description":"Now foods Brewer&rsquo;s Yeast 200\u00a0comprim\u00e9s","breadcrumb":{"@id":"https:\/\/vitablanca.ma\/produit\/brewers-yeast-200-comprimes\/#breadcrumb"},"inLanguage":"en-US","potentialAction":[{"@type":"ReadAction","target":["https:\/\/vitablanca.ma\/produit\/brewers-yeast-200-comprimes\/"]}]},{"@type":"ImageObject","inLanguage":"en-US","@id":"https:\/\/vitablanca.ma\/produit\/brewers-yeast-200-comprimes\/#primaryimage","url":"https:\/\/vitablanca.ma\/wp-content\/uploads\/2026\/02\/45-9.jpg","contentUrl":"https:\/\/vitablanca.ma\/wp-content\/uploads\/2026\/02\/45-9.jpg","width":1600,"height":1600},{"@type":"BreadcrumbList","@id":"https:\/\/vitablanca.ma\/produit\/brewers-yeast-200-comprimes\/#breadcrumb","itemListElement":[{"@type":"ListItem","position":1,"name":"Home","item":"https:\/\/vitablanca.ma\/"},{"@type":"ListItem","position":2,"name":"Tous Les Produits","item":"https:\/\/vitablanca.ma\/tous-les-produits\/"},{"@type":"ListItem","position":3,"name":"Now foods Brewer&rsquo;s Yeast 200\u00a0comprim\u00e9s"}]},{"@type":"WebSite","@id":"https:\/\/vitablanca.ma\/#website","url":"https:\/\/vitablanca.ma\/","name":"VitaBlanca.ma | Food supplements, health &amp; beauty in Morocco","description":"sell premium vitamins and supplements from USA &amp; Canada, New Zealand, Morocco (NOW Foods, Solgar, Manuka). Fast delivery anywhere in Morocco.","publisher":{"@id":"https:\/\/vitablanca.ma\/#organization"},"alternateName":"VitaBlanca.ma","potentialAction":[{"@type":"SearchAction","target":{"@type":"EntryPoint","urlTemplate":"https:\/\/vitablanca.ma\/?s={search_term_string}"},"query-input":{"@type":"PropertyValueSpecification","valueRequired":true,"valueName":"search_term_string"}}],"inLanguage":"en-US"},{"@type":"Organization","@id":"https:\/\/vitablanca.ma\/#organization","name":"VitaBlanca","url":"https:\/\/vitablanca.ma\/","logo":{"@type":"ImageObject","inLanguage":"en-US","@id":"https:\/\/vitablanca.ma\/#\/schema\/logo\/image\/","url":"https:\/\/vitablanca.ma\/wp-content\/uploads\/2025\/05\/cropped-vitablanca.png","contentUrl":"https:\/\/vitablanca.ma\/wp-content\/uploads\/2025\/05\/cropped-vitablanca.png","width":360,"height":67,"caption":"VitaBlanca"},"image":{"@id":"https:\/\/vitablanca.ma\/#\/schema\/logo\/image\/"},"sameAs":["https:\/\/www.facebook.com\/profile.php?id=61576678196717","https:\/\/www.tiktok.com\/@vitablanca.ma","https:\/\/www.instagram.com\/vitablanca.ma\/"]}]}},"jetpack_sharing_enabled":true,"_links":{"self":[{"href":"https:\/\/vitablanca.ma\/en\/wp-json\/wp\/v2\/product\/28841","targetHints":{"allow":["GET"]}}],"collection":[{"href":"https:\/\/vitablanca.ma\/en\/wp-json\/wp\/v2\/product"}],"about":[{"href":"https:\/\/vitablanca.ma\/en\/wp-json\/wp\/v2\/types\/product"}],"wp:featuredmedia":[{"embeddable":true,"href":"https:\/\/vitablanca.ma\/en\/wp-json\/wp\/v2\/media\/28892"}],"wp:attachment":[{"href":"https:\/\/vitablanca.ma\/en\/wp-json\/wp\/v2\/media?parent=28841"}],"wp:term":[{"taxonomy":"product_brand","embeddable":true,"href":"https:\/\/vitablanca.ma\/en\/wp-json\/wp\/v2\/product_brand?post=28841"},{"taxonomy":"product_cat","embeddable":true,"href":"https:\/\/vitablanca.ma\/en\/wp-json\/wp\/v2\/product_cat?post=28841"},{"taxonomy":"product_tag","embeddable":true,"href":"https:\/\/vitablanca.ma\/en\/wp-json\/wp\/v2\/product_tag?post=28841"}],"curies":[{"name":"wp","href":"https:\/\/api.w.org\/{rel}","templated":true}]}}