{"id":28839,"date":"2026-02-04T23:41:22","date_gmt":"2026-02-04T23:41:22","guid":{"rendered":"https:\/\/vitablanca.ma\/?post_type=product&#038;p=28839"},"modified":"2026-02-21T16:17:01","modified_gmt":"2026-02-21T16:17:01","slug":"melatonine-a-puissance-maximale-20-mg-90-capsules-vegetariennes","status":"publish","type":"product","link":"https:\/\/vitablanca.ma\/en\/product\/melatonine-a-puissance-maximale-20-mg-90-capsules-vegetariennes\/","title":{"rendered":"Now foods Melatonine \u00e0 puissance maximale 20\u00a0mg 90\u00a0capsules"},"content":{"rendered":"<p>Cycle de sommeil sain<br \/>\nFree radical scavenger<br \/>\nGastrointestinal support<br \/>\nGMO-free<br \/>\nFood supplement<br \/>\nVegetarian\/Vegan<br \/>\nGeneral health<br \/>\nFamily business since 1968<br \/>\nQualit\u00e9 assur\u00e9e Bonnes Pratiques de Fabrication<\/p>\n<p>La m\u00e9latonine est un puissant pi\u00e9geur de radicaux libres naturellement produit dans la glande pin\u00e9ale et pr\u00e9sent en grande quantit\u00e9 dans le tractus gastro-intestinal.* Elle est impliqu\u00e9e dans de nombreuses fonctions biologiques du corps, du cerveau et des glandes, y compris la r\u00e9gulation des cycles veille\/sommeil normaux, la r\u00e9gulation de la le syst\u00e8me immunitaire et le maintien d&rsquo;une muqueuse gastro-intestinale saine.<br \/>\nSuggested Use<br \/>\nPrenez 1\u00a0capsule vers l&rsquo;heure du coucher avec de l&rsquo;eau. Ce produit n&rsquo;est pas destin\u00e9 \u00e0 une utilisation \u00e0 long terme. L&rsquo;utilisation au-del\u00e0 de 4\u00a0semaines cons\u00e9cutives ne doit se faire que sous la surveillance d&rsquo;un professionnel de la sant\u00e9.<br \/>\nOther ingredients<br \/>\nCitrate de magn\u00e9sium, cellulose microcristalline, hypromellose (capsule de cellulose) et acide st\u00e9arique (d&rsquo;origine v\u00e9g\u00e9tale).<br \/>\n\u00c9labor\u00e9 sans bl\u00e9, gluten, de soja, de lait, d&rsquo;\u0153uf, poisson, de fruits de mer, de fruits \u00e0 coque ni de s\u00e9same.<br \/>\nProduit dans un \u00e9tablissement respectant les Bonnes Pratiques de Fabrication qui traite d&rsquo;autres ingr\u00e9dients contenant ces allerg\u00e8nes.<br \/>\nLa m\u00e9latonine \u00e0 concentration maximale de NOW\u00ae 20\u00a0mg contient quatre fois plus de m\u00e9latonine que notre produit \u00e0 5\u00a0mg.<br \/>\nWarnings<br \/>\nR\u00e9serv\u00e9 aux adultes, pour l&rsquo;heure du coucher. Ce produit n&rsquo;est pas destin\u00e9 \u00e0 une utilisation \u00e0 long terme; utiliser uniquement comme indiqu\u00e9. Ne convient pas aux femmes enceintes ou allaitantes. Peut provoquer de la somnolence. Ne pas associer \u00e0 de l&rsquo;alcool. Ne pas prendre lors de l&rsquo;utilisation de machines ou de la conduite d&rsquo;un v\u00e9hicule. Consulter un m\u00e9decin si vous prenez des m\u00e9dicaments (en particulier des s\u00e9datifs et des antid\u00e9presseurs) ou pr\u00e9sentez une affection m\u00e9dicale (en particulier une d\u00e9pression, de l&rsquo;hypertension art\u00e9rielle et de l&rsquo;\u00e9pilepsie). Tenir hors de port\u00e9e des enfants.<br \/>\nConserver dans un endroit frais et sec apr\u00e8s ouverture.<br \/>\nUne variation naturelle de couleur peut se produire.<\/p>","protected":false},"excerpt":{"rendered":"<p>Cycle de sommeil sain Capteur de radicaux libres Soutien gastro-intestinal Sans OGM Compl\u00e9ment alimentaire V\u00e9g\u00e9tarien\/Vegan Sant\u00e9 g\u00e9n\u00e9rale Entreprise familiale depuis 1968 Qualit\u00e9 assur\u00e9e Bonnes Pratiques de Fabrication La m\u00e9latonine est un puissant pi\u00e9geur de radicaux libres naturellement produit dans la glande pin\u00e9ale et pr\u00e9sent en grande quantit\u00e9 dans le tractus gastro-intestinal.* Elle est impliqu\u00e9e dans [&hellip;]<\/p>\n","protected":false},"featured_media":28888,"template":"","meta":{"om_disable_all_campaigns":false},"product_brand":[83],"product_cat":[18,3366,8037],"product_tag":[],"class_list":{"0":"post-28839","1":"product","2":"type-product","3":"status-publish","4":"has-post-thumbnail","6":"product_brand-now-foods-maroc-prix","7":"product_cat-beaute-sante","8":"product_cat-complements-alimentaires-au-maroc-vitablanca","9":"product_cat-sommeil","11":"first","12":"instock","13":"sale","14":"taxable","15":"shipping-taxable","16":"purchasable","17":"product-type-simple"},"yoast_head":"<!-- This site is optimized with the Yoast SEO plugin v27.4 - https:\/\/yoast.com\/product\/yoast-seo-wordpress\/ -->\n<title>Now foods Melatonine \u00e0 puissance maximale 20\u00a0mg 90\u00a0capsules - Maroc Prix<\/title>\n<meta name=\"description\" content=\"Now foods Melatonine \u00e0 puissance maximale 20\u00a0mg 90\u00a0capsules\" \/>\n<meta name=\"robots\" content=\"index, follow, max-snippet:-1, max-image-preview:large, max-video-preview:-1\" \/>\n<link rel=\"canonical\" href=\"https:\/\/vitablanca.ma\/en\/product\/melatonine-a-puissance-maximale-20-mg-90-capsules-vegetariennes\/\" \/>\n<meta property=\"og:locale\" content=\"en_US\" \/>\n<meta property=\"og:type\" content=\"article\" \/>\n<meta property=\"og:title\" content=\"Now foods Melatonine \u00e0 puissance maximale 20\u00a0mg 90\u00a0capsules - Maroc Prix\" \/>\n<meta property=\"og:description\" content=\"Now foods Melatonine \u00e0 puissance maximale 20\u00a0mg 90\u00a0capsules\" \/>\n<meta property=\"og:url\" content=\"https:\/\/vitablanca.ma\/en\/product\/melatonine-a-puissance-maximale-20-mg-90-capsules-vegetariennes\/\" \/>\n<meta property=\"og:site_name\" content=\"Vitablanca.ma &ndash; Sant&eacute;, vitalit&eacute; et bien-&ecirc;tre pour tous les Marocains\" \/>\n<meta property=\"article:publisher\" content=\"https:\/\/www.facebook.com\/profile.php?id=61576678196717\" \/>\n<meta property=\"article:modified_time\" content=\"2026-02-21T16:17:01+00:00\" \/>\n<meta property=\"og:image\" content=\"https:\/\/vitablanca.ma\/wp-content\/uploads\/2026\/02\/8-1.jpg\" \/>\n\t<meta property=\"og:image:width\" content=\"1600\" \/>\n\t<meta property=\"og:image:height\" content=\"1600\" \/>\n\t<meta property=\"og:image:type\" content=\"image\/jpeg\" \/>\n<meta name=\"twitter:card\" content=\"summary_large_image\" \/>\n<meta name=\"twitter:label1\" content=\"Est. reading time\" \/>\n\t<meta name=\"twitter:data1\" content=\"2 minutes\" \/>\n<script type=\"application\/ld+json\" class=\"yoast-schema-graph\">{\"@context\":\"https:\\\/\\\/schema.org\",\"@graph\":[{\"@type\":[\"WebPage\",\"ItemPage\"],\"@id\":\"https:\\\/\\\/vitablanca.ma\\\/produit\\\/melatonine-a-puissance-maximale-20-mg-90-capsules-vegetariennes\\\/\",\"url\":\"https:\\\/\\\/vitablanca.ma\\\/produit\\\/melatonine-a-puissance-maximale-20-mg-90-capsules-vegetariennes\\\/\",\"name\":\"Now foods Melatonine \u00e0 puissance maximale 20\u00a0mg 90\u00a0capsules - Maroc Prix\",\"isPartOf\":{\"@id\":\"https:\\\/\\\/vitablanca.ma\\\/#website\"},\"primaryImageOfPage\":{\"@id\":\"https:\\\/\\\/vitablanca.ma\\\/produit\\\/melatonine-a-puissance-maximale-20-mg-90-capsules-vegetariennes\\\/#primaryimage\"},\"image\":{\"@id\":\"https:\\\/\\\/vitablanca.ma\\\/produit\\\/melatonine-a-puissance-maximale-20-mg-90-capsules-vegetariennes\\\/#primaryimage\"},\"thumbnailUrl\":\"https:\\\/\\\/vitablanca.ma\\\/wp-content\\\/uploads\\\/2026\\\/02\\\/8-1.jpg\",\"datePublished\":\"2026-02-04T23:41:22+00:00\",\"dateModified\":\"2026-02-21T16:17:01+00:00\",\"description\":\"Now foods Melatonine \u00e0 puissance maximale 20\u00a0mg 90\u00a0capsules\",\"breadcrumb\":{\"@id\":\"https:\\\/\\\/vitablanca.ma\\\/produit\\\/melatonine-a-puissance-maximale-20-mg-90-capsules-vegetariennes\\\/#breadcrumb\"},\"inLanguage\":\"en-US\",\"potentialAction\":[{\"@type\":\"ReadAction\",\"target\":[\"https:\\\/\\\/vitablanca.ma\\\/produit\\\/melatonine-a-puissance-maximale-20-mg-90-capsules-vegetariennes\\\/\"]}]},{\"@type\":\"ImageObject\",\"inLanguage\":\"en-US\",\"@id\":\"https:\\\/\\\/vitablanca.ma\\\/produit\\\/melatonine-a-puissance-maximale-20-mg-90-capsules-vegetariennes\\\/#primaryimage\",\"url\":\"https:\\\/\\\/vitablanca.ma\\\/wp-content\\\/uploads\\\/2026\\\/02\\\/8-1.jpg\",\"contentUrl\":\"https:\\\/\\\/vitablanca.ma\\\/wp-content\\\/uploads\\\/2026\\\/02\\\/8-1.jpg\",\"width\":1600,\"height\":1600},{\"@type\":\"BreadcrumbList\",\"@id\":\"https:\\\/\\\/vitablanca.ma\\\/produit\\\/melatonine-a-puissance-maximale-20-mg-90-capsules-vegetariennes\\\/#breadcrumb\",\"itemListElement\":[{\"@type\":\"ListItem\",\"position\":1,\"name\":\"Home\",\"item\":\"https:\\\/\\\/vitablanca.ma\\\/\"},{\"@type\":\"ListItem\",\"position\":2,\"name\":\"Tous Les Produits\",\"item\":\"https:\\\/\\\/vitablanca.ma\\\/tous-les-produits\\\/\"},{\"@type\":\"ListItem\",\"position\":3,\"name\":\"Now foods Melatonine \u00e0 puissance maximale 20\u00a0mg 90\u00a0capsules\"}]},{\"@type\":\"WebSite\",\"@id\":\"https:\\\/\\\/vitablanca.ma\\\/#website\",\"url\":\"https:\\\/\\\/vitablanca.ma\\\/\",\"name\":\"VitaBlanca.ma | Compl\u00e9ments alimentaires, sant\u00e9 & beaut\u00e9 au Maroc\",\"description\":\"vendre vitamines et compl\u00e9ments premium des USA &amp; Canada, Nouvelle Z\u00e9lande,Maroc (NOW Foods, Solgar, Manuka). Livraison rapide partout au Maroc.\",\"publisher\":{\"@id\":\"https:\\\/\\\/vitablanca.ma\\\/#organization\"},\"alternateName\":\"VitaBlanca.ma\",\"potentialAction\":[{\"@type\":\"SearchAction\",\"target\":{\"@type\":\"EntryPoint\",\"urlTemplate\":\"https:\\\/\\\/vitablanca.ma\\\/?s={search_term_string}\"},\"query-input\":{\"@type\":\"PropertyValueSpecification\",\"valueRequired\":true,\"valueName\":\"search_term_string\"}}],\"inLanguage\":\"en-US\"},{\"@type\":\"Organization\",\"@id\":\"https:\\\/\\\/vitablanca.ma\\\/#organization\",\"name\":\"VitaBlanca\",\"url\":\"https:\\\/\\\/vitablanca.ma\\\/\",\"logo\":{\"@type\":\"ImageObject\",\"inLanguage\":\"en-US\",\"@id\":\"https:\\\/\\\/vitablanca.ma\\\/#\\\/schema\\\/logo\\\/image\\\/\",\"url\":\"https:\\\/\\\/vitablanca.ma\\\/wp-content\\\/uploads\\\/2025\\\/05\\\/cropped-vitablanca.png\",\"contentUrl\":\"https:\\\/\\\/vitablanca.ma\\\/wp-content\\\/uploads\\\/2025\\\/05\\\/cropped-vitablanca.png\",\"width\":360,\"height\":67,\"caption\":\"VitaBlanca\"},\"image\":{\"@id\":\"https:\\\/\\\/vitablanca.ma\\\/#\\\/schema\\\/logo\\\/image\\\/\"},\"sameAs\":[\"https:\\\/\\\/www.facebook.com\\\/profile.php?id=61576678196717\",\"https:\\\/\\\/www.tiktok.com\\\/@vitablanca.ma\",\"https:\\\/\\\/www.instagram.com\\\/vitablanca.ma\\\/\"]}]}<\/script>\n<!-- \/ Yoast SEO plugin. -->","yoast_head_json":{"title":"Now foods Melatonine \u00e0 puissance maximale 20\u00a0mg 90\u00a0capsules - Maroc Prix","description":"Now foods Melatonine \u00e0 puissance maximale 20\u00a0mg 90\u00a0capsules","robots":{"index":"index","follow":"follow","max-snippet":"max-snippet:-1","max-image-preview":"max-image-preview:large","max-video-preview":"max-video-preview:-1"},"canonical":"https:\/\/vitablanca.ma\/en\/product\/melatonine-a-puissance-maximale-20-mg-90-capsules-vegetariennes\/","og_locale":"en_US","og_type":"article","og_title":"Now foods Melatonine \u00e0 puissance maximale 20\u00a0mg 90\u00a0capsules - Maroc Prix","og_description":"Now foods Melatonine \u00e0 puissance maximale 20\u00a0mg 90\u00a0capsules","og_url":"https:\/\/vitablanca.ma\/en\/product\/melatonine-a-puissance-maximale-20-mg-90-capsules-vegetariennes\/","og_site_name":"Vitablanca.ma &ndash; Sant&eacute;, vitalit&eacute; et bien-&ecirc;tre pour tous les Marocains","article_publisher":"https:\/\/www.facebook.com\/profile.php?id=61576678196717","article_modified_time":"2026-02-21T16:17:01+00:00","og_image":[{"width":1600,"height":1600,"url":"https:\/\/vitablanca.ma\/wp-content\/uploads\/2026\/02\/8-1.jpg","type":"image\/jpeg"}],"twitter_card":"summary_large_image","twitter_misc":{"Est. reading time":"2 minutes"},"schema":{"@context":"https:\/\/schema.org","@graph":[{"@type":["WebPage","ItemPage"],"@id":"https:\/\/vitablanca.ma\/produit\/melatonine-a-puissance-maximale-20-mg-90-capsules-vegetariennes\/","url":"https:\/\/vitablanca.ma\/produit\/melatonine-a-puissance-maximale-20-mg-90-capsules-vegetariennes\/","name":"Now foods Melatonine \u00e0 puissance maximale 20\u00a0mg 90\u00a0capsules - Maroc Prix","isPartOf":{"@id":"https:\/\/vitablanca.ma\/#website"},"primaryImageOfPage":{"@id":"https:\/\/vitablanca.ma\/produit\/melatonine-a-puissance-maximale-20-mg-90-capsules-vegetariennes\/#primaryimage"},"image":{"@id":"https:\/\/vitablanca.ma\/produit\/melatonine-a-puissance-maximale-20-mg-90-capsules-vegetariennes\/#primaryimage"},"thumbnailUrl":"https:\/\/vitablanca.ma\/wp-content\/uploads\/2026\/02\/8-1.jpg","datePublished":"2026-02-04T23:41:22+00:00","dateModified":"2026-02-21T16:17:01+00:00","description":"Now foods Melatonine \u00e0 puissance maximale 20\u00a0mg 90\u00a0capsules","breadcrumb":{"@id":"https:\/\/vitablanca.ma\/produit\/melatonine-a-puissance-maximale-20-mg-90-capsules-vegetariennes\/#breadcrumb"},"inLanguage":"en-US","potentialAction":[{"@type":"ReadAction","target":["https:\/\/vitablanca.ma\/produit\/melatonine-a-puissance-maximale-20-mg-90-capsules-vegetariennes\/"]}]},{"@type":"ImageObject","inLanguage":"en-US","@id":"https:\/\/vitablanca.ma\/produit\/melatonine-a-puissance-maximale-20-mg-90-capsules-vegetariennes\/#primaryimage","url":"https:\/\/vitablanca.ma\/wp-content\/uploads\/2026\/02\/8-1.jpg","contentUrl":"https:\/\/vitablanca.ma\/wp-content\/uploads\/2026\/02\/8-1.jpg","width":1600,"height":1600},{"@type":"BreadcrumbList","@id":"https:\/\/vitablanca.ma\/produit\/melatonine-a-puissance-maximale-20-mg-90-capsules-vegetariennes\/#breadcrumb","itemListElement":[{"@type":"ListItem","position":1,"name":"Home","item":"https:\/\/vitablanca.ma\/"},{"@type":"ListItem","position":2,"name":"Tous Les Produits","item":"https:\/\/vitablanca.ma\/tous-les-produits\/"},{"@type":"ListItem","position":3,"name":"Now foods Melatonine \u00e0 puissance maximale 20\u00a0mg 90\u00a0capsules"}]},{"@type":"WebSite","@id":"https:\/\/vitablanca.ma\/#website","url":"https:\/\/vitablanca.ma\/","name":"VitaBlanca.ma | Food supplements, health &amp; beauty in Morocco","description":"sell premium vitamins and supplements from USA &amp; Canada, New Zealand, Morocco (NOW Foods, Solgar, Manuka). Fast delivery anywhere in Morocco.","publisher":{"@id":"https:\/\/vitablanca.ma\/#organization"},"alternateName":"VitaBlanca.ma","potentialAction":[{"@type":"SearchAction","target":{"@type":"EntryPoint","urlTemplate":"https:\/\/vitablanca.ma\/?s={search_term_string}"},"query-input":{"@type":"PropertyValueSpecification","valueRequired":true,"valueName":"search_term_string"}}],"inLanguage":"en-US"},{"@type":"Organization","@id":"https:\/\/vitablanca.ma\/#organization","name":"VitaBlanca","url":"https:\/\/vitablanca.ma\/","logo":{"@type":"ImageObject","inLanguage":"en-US","@id":"https:\/\/vitablanca.ma\/#\/schema\/logo\/image\/","url":"https:\/\/vitablanca.ma\/wp-content\/uploads\/2025\/05\/cropped-vitablanca.png","contentUrl":"https:\/\/vitablanca.ma\/wp-content\/uploads\/2025\/05\/cropped-vitablanca.png","width":360,"height":67,"caption":"VitaBlanca"},"image":{"@id":"https:\/\/vitablanca.ma\/#\/schema\/logo\/image\/"},"sameAs":["https:\/\/www.facebook.com\/profile.php?id=61576678196717","https:\/\/www.tiktok.com\/@vitablanca.ma","https:\/\/www.instagram.com\/vitablanca.ma\/"]}]}},"jetpack_sharing_enabled":true,"_links":{"self":[{"href":"https:\/\/vitablanca.ma\/en\/wp-json\/wp\/v2\/product\/28839","targetHints":{"allow":["GET"]}}],"collection":[{"href":"https:\/\/vitablanca.ma\/en\/wp-json\/wp\/v2\/product"}],"about":[{"href":"https:\/\/vitablanca.ma\/en\/wp-json\/wp\/v2\/types\/product"}],"wp:featuredmedia":[{"embeddable":true,"href":"https:\/\/vitablanca.ma\/en\/wp-json\/wp\/v2\/media\/28888"}],"wp:attachment":[{"href":"https:\/\/vitablanca.ma\/en\/wp-json\/wp\/v2\/media?parent=28839"}],"wp:term":[{"taxonomy":"product_brand","embeddable":true,"href":"https:\/\/vitablanca.ma\/en\/wp-json\/wp\/v2\/product_brand?post=28839"},{"taxonomy":"product_cat","embeddable":true,"href":"https:\/\/vitablanca.ma\/en\/wp-json\/wp\/v2\/product_cat?post=28839"},{"taxonomy":"product_tag","embeddable":true,"href":"https:\/\/vitablanca.ma\/en\/wp-json\/wp\/v2\/product_tag?post=28839"}],"curies":[{"name":"wp","href":"https:\/\/api.w.org\/{rel}","templated":true}]}}