{"id":28825,"date":"2026-02-04T23:22:34","date_gmt":"2026-02-04T23:22:34","guid":{"rendered":"https:\/\/vitablanca.ma\/?post_type=product&#038;p=28825"},"modified":"2026-02-21T16:17:01","modified_gmt":"2026-02-21T16:17:01","slug":"super-omega-3-6-9-180-capsules-a-enveloppe-molle","status":"publish","type":"product","link":"https:\/\/vitablanca.ma\/en\/product\/super-omega-3-6-9-180-capsules-a-enveloppe-molle\/","title":{"rendered":"Now foods Super\u00a0Omega 3-6-9 180\u00a0capsules \u00e0 enveloppe molle"},"content":{"rendered":"<p>Sant\u00e9 cardiovasculaire<br \/>\n\u00c0 base d&rsquo;huiles de bourrache, de graine de lin et de poisson<br \/>\nFier membre de GOED Omega-3<br \/>\nCompl\u00e9ment alimentaire<br \/>\nSans OGM<br \/>\nCasher\u00a0; contient de la g\u00e9latine<br \/>\nHuiles nutritionnelles<br \/>\nEntreprise familiale depuis 1968<br \/>\nHalal<br \/>\nQualit\u00e9 BPF garantie<\/p>\n<p>Des \u00e9tudes indiquent, bien que de mani\u00e8re non probante, que la consommation d&rsquo;acide eicosapenta\u00e9no\u00efque (EPA) et d&rsquo;acide docosahexa\u00e9no\u00efque (DHA), des om\u00e9ga-3, peut r\u00e9duire le risque de maladie cardiovasculaire.<br \/>\nSuper om\u00e9ga 3-6-9 est un m\u00e9lange d&rsquo;huiles de poisson, de bourrache et de graine de lin. Ensemble, ces huiles nutritionnelles bien connues constituent un m\u00e9lange unique et \u00e9quilibr\u00e9 des acides gras essentiels que sont les om\u00e9ga-3 et les om\u00e9ga-6, ainsi que d&rsquo;om\u00e9ga-9, un acide gras non essentiel mais utile. Les om\u00e9ga-3 (ALA, EPA et DHA) et l&rsquo;om\u00e9ga-6 (AGL) sont n\u00e9cessaires au maintien d&rsquo;une peau saine, \u00e0 l&rsquo;\u00e9quilibre normal du syst\u00e8me immunitaire et au bon fonctionnement du syst\u00e8me nerveux.<br \/>\nLe concentr\u00e9 d&rsquo;huile de poisson naturelle employ\u00e9 dans cette capsule \u00e0 enveloppe molle est fabriqu\u00e9 selon des normes strictes de contr\u00f4le qualit\u00e9. Elle a \u00e9t\u00e9 test\u00e9e afin de garantir qu&rsquo;elle ne contient aucune dose potentiellement dangereuse de polluants, tels que les BPC, les dioxines, le mercure et d&rsquo;autres m\u00e9taux lourds.<br \/>\nUsage sugg\u00e9r\u00e9<br \/>\nPrenez 2\u00a0capsules \u00e0 enveloppe molle par jour au moment du repas.<br \/>\nAutres ingr\u00e9dients<br \/>\nCapsule \u00e0 enveloppe molle (g\u00e9latine bovine [exempte d&rsquo;ESB], glyc\u00e9rol, eau) et D-alpha tocoph\u00e9rol (issu de tournesol).<br \/>\nContient du poisson (anchois,, sardine,, thon).<br \/>\n\u00c9labor\u00e9 sans ingr\u00e9dients \u00e0 base de\u00a0: levure, bl\u00e9, gluten, lait, \u0153ufs ou fruits de mer. Produit dans un \u00e9tablissement respectant les bonnes pratiques de fabrication qui traite d&rsquo;autres ingr\u00e9dients contenant ces allerg\u00e8nes.<br \/>\nAvertissements<br \/>\nAttention\u00a0: R\u00e9serv\u00e9 aux adultes. Consultez un m\u00e9decin si vous \u00eates enceinte, allaitez, prenez des m\u00e9dicaments ou pr\u00e9sentez une affection m\u00e9dicale. Tenir hors de port\u00e9e des enfants.<br \/>\nUne variation naturelle de couleur peut se produire.<br \/>\nConserver dans un endroit frais et sec apr\u00e8s ouverture.<\/p>\n","protected":false},"excerpt":{"rendered":"<p>Sant\u00e9 cardiovasculaire \u00c0 base d&rsquo;huiles de bourrache, de graine de lin et de poisson Fier membre de GOED Omega-3 Compl\u00e9ment alimentaire Sans OGM Casher\u00a0; contient de la g\u00e9latine Huiles nutritionnelles Entreprise familiale depuis 1968 Halal Qualit\u00e9 BPF garantie Des \u00e9tudes indiquent, bien que de mani\u00e8re non probante, que la consommation d&rsquo;acide eicosapenta\u00e9no\u00efque (EPA) et d&rsquo;acide [&hellip;]<\/p>\n","protected":false},"featured_media":28879,"template":"","meta":{"om_disable_all_campaigns":false},"product_brand":[83],"product_cat":[18,3366,7964],"product_tag":[],"class_list":{"0":"post-28825","1":"product","2":"type-product","3":"status-publish","4":"has-post-thumbnail","6":"product_brand-now-foods-maroc-prix","7":"product_cat-beaute-sante","8":"product_cat-complements-alimentaires-au-maroc-vitablanca","9":"product_cat-huile-de-poisson-omegas","11":"first","12":"instock","13":"sale","14":"taxable","15":"shipping-taxable","16":"purchasable","17":"product-type-simple"},"yoast_head":"<!-- This site is optimized with the Yoast SEO plugin v27.4 - https:\/\/yoast.com\/product\/yoast-seo-wordpress\/ -->\n<title>Now foods Super\u00a0Omega 3-6-9 180\u00a0capsules \u00e0 enveloppe molle - Maroc Prix<\/title>\n<meta name=\"description\" content=\"Now foods Super\u00a0Omega 3-6-9 180\u00a0capsules \u00e0 enveloppe molle\" \/>\n<meta name=\"robots\" content=\"index, follow, max-snippet:-1, max-image-preview:large, max-video-preview:-1\" \/>\n<link rel=\"canonical\" href=\"https:\/\/vitablanca.ma\/en\/product\/super-omega-3-6-9-180-capsules-a-enveloppe-molle\/\" \/>\n<meta property=\"og:locale\" content=\"en_US\" \/>\n<meta property=\"og:type\" content=\"article\" \/>\n<meta property=\"og:title\" content=\"Now foods Super\u00a0Omega 3-6-9 180\u00a0capsules \u00e0 enveloppe molle - Maroc Prix\" \/>\n<meta property=\"og:description\" content=\"Now foods Super\u00a0Omega 3-6-9 180\u00a0capsules \u00e0 enveloppe molle\" \/>\n<meta property=\"og:url\" content=\"https:\/\/vitablanca.ma\/en\/product\/super-omega-3-6-9-180-capsules-a-enveloppe-molle\/\" \/>\n<meta property=\"og:site_name\" content=\"Vitablanca.ma &ndash; Sant&eacute;, vitalit&eacute; et bien-&ecirc;tre pour tous les Marocains\" \/>\n<meta property=\"article:publisher\" content=\"https:\/\/www.facebook.com\/profile.php?id=61576678196717\" \/>\n<meta property=\"article:modified_time\" content=\"2026-02-21T16:17:01+00:00\" \/>\n<meta property=\"og:image\" content=\"https:\/\/vitablanca.ma\/wp-content\/uploads\/2026\/02\/48-7.jpg\" \/>\n\t<meta property=\"og:image:width\" content=\"1600\" \/>\n\t<meta property=\"og:image:height\" content=\"1600\" \/>\n\t<meta property=\"og:image:type\" content=\"image\/jpeg\" \/>\n<meta name=\"twitter:card\" content=\"summary_large_image\" \/>\n<meta name=\"twitter:label1\" content=\"Est. reading time\" \/>\n\t<meta name=\"twitter:data1\" content=\"2 minutes\" \/>\n<script type=\"application\/ld+json\" class=\"yoast-schema-graph\">{\"@context\":\"https:\\\/\\\/schema.org\",\"@graph\":[{\"@type\":[\"WebPage\",\"ItemPage\"],\"@id\":\"https:\\\/\\\/vitablanca.ma\\\/produit\\\/super-omega-3-6-9-180-capsules-a-enveloppe-molle\\\/\",\"url\":\"https:\\\/\\\/vitablanca.ma\\\/produit\\\/super-omega-3-6-9-180-capsules-a-enveloppe-molle\\\/\",\"name\":\"Now foods Super\u00a0Omega 3-6-9 180\u00a0capsules \u00e0 enveloppe molle - Maroc Prix\",\"isPartOf\":{\"@id\":\"https:\\\/\\\/vitablanca.ma\\\/#website\"},\"primaryImageOfPage\":{\"@id\":\"https:\\\/\\\/vitablanca.ma\\\/produit\\\/super-omega-3-6-9-180-capsules-a-enveloppe-molle\\\/#primaryimage\"},\"image\":{\"@id\":\"https:\\\/\\\/vitablanca.ma\\\/produit\\\/super-omega-3-6-9-180-capsules-a-enveloppe-molle\\\/#primaryimage\"},\"thumbnailUrl\":\"https:\\\/\\\/vitablanca.ma\\\/wp-content\\\/uploads\\\/2026\\\/02\\\/48-7.jpg\",\"datePublished\":\"2026-02-04T23:22:34+00:00\",\"dateModified\":\"2026-02-21T16:17:01+00:00\",\"description\":\"Now foods Super\u00a0Omega 3-6-9 180\u00a0capsules \u00e0 enveloppe molle\",\"breadcrumb\":{\"@id\":\"https:\\\/\\\/vitablanca.ma\\\/produit\\\/super-omega-3-6-9-180-capsules-a-enveloppe-molle\\\/#breadcrumb\"},\"inLanguage\":\"en-US\",\"potentialAction\":[{\"@type\":\"ReadAction\",\"target\":[\"https:\\\/\\\/vitablanca.ma\\\/produit\\\/super-omega-3-6-9-180-capsules-a-enveloppe-molle\\\/\"]}]},{\"@type\":\"ImageObject\",\"inLanguage\":\"en-US\",\"@id\":\"https:\\\/\\\/vitablanca.ma\\\/produit\\\/super-omega-3-6-9-180-capsules-a-enveloppe-molle\\\/#primaryimage\",\"url\":\"https:\\\/\\\/vitablanca.ma\\\/wp-content\\\/uploads\\\/2026\\\/02\\\/48-7.jpg\",\"contentUrl\":\"https:\\\/\\\/vitablanca.ma\\\/wp-content\\\/uploads\\\/2026\\\/02\\\/48-7.jpg\",\"width\":1600,\"height\":1600},{\"@type\":\"BreadcrumbList\",\"@id\":\"https:\\\/\\\/vitablanca.ma\\\/produit\\\/super-omega-3-6-9-180-capsules-a-enveloppe-molle\\\/#breadcrumb\",\"itemListElement\":[{\"@type\":\"ListItem\",\"position\":1,\"name\":\"Home\",\"item\":\"https:\\\/\\\/vitablanca.ma\\\/\"},{\"@type\":\"ListItem\",\"position\":2,\"name\":\"Tous Les Produits\",\"item\":\"https:\\\/\\\/vitablanca.ma\\\/tous-les-produits\\\/\"},{\"@type\":\"ListItem\",\"position\":3,\"name\":\"Now foods Super\u00a0Omega 3-6-9 180\u00a0capsules \u00e0 enveloppe molle\"}]},{\"@type\":\"WebSite\",\"@id\":\"https:\\\/\\\/vitablanca.ma\\\/#website\",\"url\":\"https:\\\/\\\/vitablanca.ma\\\/\",\"name\":\"VitaBlanca.ma | Compl\u00e9ments alimentaires, sant\u00e9 & beaut\u00e9 au Maroc\",\"description\":\"vendre vitamines et compl\u00e9ments premium des USA &amp; Canada, Nouvelle Z\u00e9lande,Maroc (NOW Foods, Solgar, Manuka). Livraison rapide partout au Maroc.\",\"publisher\":{\"@id\":\"https:\\\/\\\/vitablanca.ma\\\/#organization\"},\"alternateName\":\"VitaBlanca.ma\",\"potentialAction\":[{\"@type\":\"SearchAction\",\"target\":{\"@type\":\"EntryPoint\",\"urlTemplate\":\"https:\\\/\\\/vitablanca.ma\\\/?s={search_term_string}\"},\"query-input\":{\"@type\":\"PropertyValueSpecification\",\"valueRequired\":true,\"valueName\":\"search_term_string\"}}],\"inLanguage\":\"en-US\"},{\"@type\":\"Organization\",\"@id\":\"https:\\\/\\\/vitablanca.ma\\\/#organization\",\"name\":\"VitaBlanca\",\"url\":\"https:\\\/\\\/vitablanca.ma\\\/\",\"logo\":{\"@type\":\"ImageObject\",\"inLanguage\":\"en-US\",\"@id\":\"https:\\\/\\\/vitablanca.ma\\\/#\\\/schema\\\/logo\\\/image\\\/\",\"url\":\"https:\\\/\\\/vitablanca.ma\\\/wp-content\\\/uploads\\\/2025\\\/05\\\/cropped-vitablanca.png\",\"contentUrl\":\"https:\\\/\\\/vitablanca.ma\\\/wp-content\\\/uploads\\\/2025\\\/05\\\/cropped-vitablanca.png\",\"width\":360,\"height\":67,\"caption\":\"VitaBlanca\"},\"image\":{\"@id\":\"https:\\\/\\\/vitablanca.ma\\\/#\\\/schema\\\/logo\\\/image\\\/\"},\"sameAs\":[\"https:\\\/\\\/www.facebook.com\\\/profile.php?id=61576678196717\",\"https:\\\/\\\/www.tiktok.com\\\/@vitablanca.ma\",\"https:\\\/\\\/www.instagram.com\\\/vitablanca.ma\\\/\"]}]}<\/script>\n<!-- \/ Yoast SEO plugin. -->","yoast_head_json":{"title":"Now foods Super\u00a0Omega 3-6-9 180\u00a0capsules \u00e0 enveloppe molle - Maroc Prix","description":"Now foods Super\u00a0Omega 3-6-9 180\u00a0capsules \u00e0 enveloppe molle","robots":{"index":"index","follow":"follow","max-snippet":"max-snippet:-1","max-image-preview":"max-image-preview:large","max-video-preview":"max-video-preview:-1"},"canonical":"https:\/\/vitablanca.ma\/en\/product\/super-omega-3-6-9-180-capsules-a-enveloppe-molle\/","og_locale":"en_US","og_type":"article","og_title":"Now foods Super\u00a0Omega 3-6-9 180\u00a0capsules \u00e0 enveloppe molle - Maroc Prix","og_description":"Now foods Super\u00a0Omega 3-6-9 180\u00a0capsules \u00e0 enveloppe molle","og_url":"https:\/\/vitablanca.ma\/en\/product\/super-omega-3-6-9-180-capsules-a-enveloppe-molle\/","og_site_name":"Vitablanca.ma &ndash; Sant&eacute;, vitalit&eacute; et bien-&ecirc;tre pour tous les Marocains","article_publisher":"https:\/\/www.facebook.com\/profile.php?id=61576678196717","article_modified_time":"2026-02-21T16:17:01+00:00","og_image":[{"width":1600,"height":1600,"url":"https:\/\/vitablanca.ma\/wp-content\/uploads\/2026\/02\/48-7.jpg","type":"image\/jpeg"}],"twitter_card":"summary_large_image","twitter_misc":{"Est. reading time":"2 minutes"},"schema":{"@context":"https:\/\/schema.org","@graph":[{"@type":["WebPage","ItemPage"],"@id":"https:\/\/vitablanca.ma\/produit\/super-omega-3-6-9-180-capsules-a-enveloppe-molle\/","url":"https:\/\/vitablanca.ma\/produit\/super-omega-3-6-9-180-capsules-a-enveloppe-molle\/","name":"Now foods Super\u00a0Omega 3-6-9 180\u00a0capsules \u00e0 enveloppe molle - Maroc Prix","isPartOf":{"@id":"https:\/\/vitablanca.ma\/#website"},"primaryImageOfPage":{"@id":"https:\/\/vitablanca.ma\/produit\/super-omega-3-6-9-180-capsules-a-enveloppe-molle\/#primaryimage"},"image":{"@id":"https:\/\/vitablanca.ma\/produit\/super-omega-3-6-9-180-capsules-a-enveloppe-molle\/#primaryimage"},"thumbnailUrl":"https:\/\/vitablanca.ma\/wp-content\/uploads\/2026\/02\/48-7.jpg","datePublished":"2026-02-04T23:22:34+00:00","dateModified":"2026-02-21T16:17:01+00:00","description":"Now foods Super\u00a0Omega 3-6-9 180\u00a0capsules \u00e0 enveloppe molle","breadcrumb":{"@id":"https:\/\/vitablanca.ma\/produit\/super-omega-3-6-9-180-capsules-a-enveloppe-molle\/#breadcrumb"},"inLanguage":"en-US","potentialAction":[{"@type":"ReadAction","target":["https:\/\/vitablanca.ma\/produit\/super-omega-3-6-9-180-capsules-a-enveloppe-molle\/"]}]},{"@type":"ImageObject","inLanguage":"en-US","@id":"https:\/\/vitablanca.ma\/produit\/super-omega-3-6-9-180-capsules-a-enveloppe-molle\/#primaryimage","url":"https:\/\/vitablanca.ma\/wp-content\/uploads\/2026\/02\/48-7.jpg","contentUrl":"https:\/\/vitablanca.ma\/wp-content\/uploads\/2026\/02\/48-7.jpg","width":1600,"height":1600},{"@type":"BreadcrumbList","@id":"https:\/\/vitablanca.ma\/produit\/super-omega-3-6-9-180-capsules-a-enveloppe-molle\/#breadcrumb","itemListElement":[{"@type":"ListItem","position":1,"name":"Home","item":"https:\/\/vitablanca.ma\/"},{"@type":"ListItem","position":2,"name":"Tous Les Produits","item":"https:\/\/vitablanca.ma\/tous-les-produits\/"},{"@type":"ListItem","position":3,"name":"Now foods Super\u00a0Omega 3-6-9 180\u00a0capsules \u00e0 enveloppe molle"}]},{"@type":"WebSite","@id":"https:\/\/vitablanca.ma\/#website","url":"https:\/\/vitablanca.ma\/","name":"VitaBlanca.ma | Food supplements, health &amp; beauty in Morocco","description":"sell premium vitamins and supplements from USA &amp; Canada, New Zealand, Morocco (NOW Foods, Solgar, Manuka). Fast delivery anywhere in Morocco.","publisher":{"@id":"https:\/\/vitablanca.ma\/#organization"},"alternateName":"VitaBlanca.ma","potentialAction":[{"@type":"SearchAction","target":{"@type":"EntryPoint","urlTemplate":"https:\/\/vitablanca.ma\/?s={search_term_string}"},"query-input":{"@type":"PropertyValueSpecification","valueRequired":true,"valueName":"search_term_string"}}],"inLanguage":"en-US"},{"@type":"Organization","@id":"https:\/\/vitablanca.ma\/#organization","name":"VitaBlanca","url":"https:\/\/vitablanca.ma\/","logo":{"@type":"ImageObject","inLanguage":"en-US","@id":"https:\/\/vitablanca.ma\/#\/schema\/logo\/image\/","url":"https:\/\/vitablanca.ma\/wp-content\/uploads\/2025\/05\/cropped-vitablanca.png","contentUrl":"https:\/\/vitablanca.ma\/wp-content\/uploads\/2025\/05\/cropped-vitablanca.png","width":360,"height":67,"caption":"VitaBlanca"},"image":{"@id":"https:\/\/vitablanca.ma\/#\/schema\/logo\/image\/"},"sameAs":["https:\/\/www.facebook.com\/profile.php?id=61576678196717","https:\/\/www.tiktok.com\/@vitablanca.ma","https:\/\/www.instagram.com\/vitablanca.ma\/"]}]}},"jetpack_sharing_enabled":true,"_links":{"self":[{"href":"https:\/\/vitablanca.ma\/en\/wp-json\/wp\/v2\/product\/28825","targetHints":{"allow":["GET"]}}],"collection":[{"href":"https:\/\/vitablanca.ma\/en\/wp-json\/wp\/v2\/product"}],"about":[{"href":"https:\/\/vitablanca.ma\/en\/wp-json\/wp\/v2\/types\/product"}],"wp:featuredmedia":[{"embeddable":true,"href":"https:\/\/vitablanca.ma\/en\/wp-json\/wp\/v2\/media\/28879"}],"wp:attachment":[{"href":"https:\/\/vitablanca.ma\/en\/wp-json\/wp\/v2\/media?parent=28825"}],"wp:term":[{"taxonomy":"product_brand","embeddable":true,"href":"https:\/\/vitablanca.ma\/en\/wp-json\/wp\/v2\/product_brand?post=28825"},{"taxonomy":"product_cat","embeddable":true,"href":"https:\/\/vitablanca.ma\/en\/wp-json\/wp\/v2\/product_cat?post=28825"},{"taxonomy":"product_tag","embeddable":true,"href":"https:\/\/vitablanca.ma\/en\/wp-json\/wp\/v2\/product_tag?post=28825"}],"curies":[{"name":"wp","href":"https:\/\/api.w.org\/{rel}","templated":true}]}}