{"id":28799,"date":"2026-02-04T23:21:40","date_gmt":"2026-02-04T23:21:40","guid":{"rendered":"https:\/\/vitablanca.ma\/?post_type=product&#038;p=28799"},"modified":"2026-02-21T16:17:01","modified_gmt":"2026-02-21T16:17:01","slug":"sports-creatine-monohydrate-750-mg-120-capsules-vegetales","status":"publish","type":"product","link":"https:\/\/vitablanca.ma\/en\/product\/sports-creatine-monohydrate-750-mg-120-capsules-vegetales\/","title":{"rendered":"Now foods Sports Creatine monohydrate 750\u00a0mg 120\u00a0capsules"},"content":{"rendered":"<p>Prise de masse\/Production d\u2019\u00e9nergie<br \/>\nCarburant musculaire<br \/>\nMasse maigre<br \/>\nInformed-Sport.Com \u2013 Trusted by Sport<br \/>\nFood supplement<br \/>\nInformed-Choice.Org \u2013 Trusted by Sport<br \/>\nSteroid-free<br \/>\nVegan<br \/>\nKosher<br \/>\nGMO-free<br \/>\nGMP quality guaranteed<\/p>\n<p>La cr\u00e9atine est un compos\u00e9 naturellement pr\u00e9sent dans l\u2019organisme, principalement dans les muscles squelettiques. La cr\u00e9atine sert de pr\u00e9curseur \u00e0 l\u2019ad\u00e9nosine triphosphate (ATP), la forme d\u2019\u00e9nergie chimique utilis\u00e9e par toutes les cellules. Les r\u00e9serves de cr\u00e9atine dans l\u2019organisme cr\u00e9ent un stock d\u2019ATP imm\u00e9diatement disponible pour nos besoins en \u00e9nergie, notamment lors d\u2019efforts de puissance et de force brefs et spontan\u00e9s. Des \u00e9tudes ont d\u00e9montr\u00e9 que la consommation de compl\u00e9ments de cr\u00e9atine peut aider \u00e0 maintenir le tissu musculaire existant, \u00e0 soutenir la croissance et le d\u00e9veloppement de la masse maigre et \u00e0 favoriser des performances optimales lors de courtes p\u00e9riodes d\u2019activit\u00e9 physique intense. La cr\u00e9atine monohydrate de NOW\u00ae ne contient ni additifs ni conservateurs.<br \/>\nSuggested Use<br \/>\nPrenez 6\u00a0capsules accompagn\u00e9es d\u2019un jus de fruit ou d\u2019un autre liquide sucr\u00e9 3 \u00e0 4\u00a0fois par jour, avant et apr\u00e8s l\u2019effort, pendant les 7\u00a0premiers jours. Par la suite, pour un usage d\u2019entretien, consommez 6\u00a0capsules 1 \u00e0 3\u00a0fois par jour. Attendez 3 \u00e0 4\u00a0heures entre les doses. Pour un usage continu au-del\u00e0 de 28\u00a0jours, utilisez une portion (6\u00a0capsules) par jour. Consommez une grande quantit\u00e9 de liquides avec ce produit.<br \/>\nOther ingredients<br \/>\nHypromellose (capsule de cellulose) et acide st\u00e9arique (d\u2019origine v\u00e9g\u00e9tale).<br \/>\n\u00c9labor\u00e9e sans levure, bl\u00e9, gluten, soja, ma\u00efs, lait, \u0153ufs, poisson, fruits de mer ou fruits \u00e0 coque. Fabriqu\u00e9e dans une installation respectant les BPF et qui traite d\u2019autres ingr\u00e9dients contenant ces allerg\u00e8nes.<br \/>\nWarnings<br \/>\nAttention\u00a0: r\u00e9serv\u00e9 aux adultes. Consultez un m\u00e9decin si vous \u00eates enceinte\/allaitez, prenez des m\u00e9dicaments ou pr\u00e9sentez une affection m\u00e9dicale (notamment r\u00e9nale). Tenir hors de port\u00e9e des enfants.<br \/>\nUne variation naturelle de couleur peut se produire.<br \/>\nApr\u00e8s ouverture, conserver dans un endroit frais et sec \u00e0 l\u2019abri de la lumi\u00e8re du soleil.<\/p>","protected":false},"excerpt":{"rendered":"<p>Prise de masse\/Production d\u2019\u00e9nergie Carburant musculaire Masse maigre Informed-Sport.Com \u2013 Trusted by Sport Compl\u00e9ment alimentaire Informed-Choice.Org \u2013 Trusted by Sport Sans st\u00e9ro\u00efdes Vegan Casher Sans OGM Qualit\u00e9 BPF garantie La cr\u00e9atine est un compos\u00e9 naturellement pr\u00e9sent dans l\u2019organisme, principalement dans les muscles squelettiques. La cr\u00e9atine sert de pr\u00e9curseur \u00e0 l\u2019ad\u00e9nosine triphosphate (ATP), la forme d\u2019\u00e9nergie [&hellip;]<\/p>\n","protected":false},"featured_media":28829,"template":"","meta":{"om_disable_all_campaigns":false},"product_brand":[83],"product_cat":[18,3366,8011],"product_tag":[],"class_list":{"0":"post-28799","1":"product","2":"type-product","3":"status-publish","4":"has-post-thumbnail","6":"product_brand-now-foods-maroc-prix","7":"product_cat-beaute-sante","8":"product_cat-complements-alimentaires-au-maroc-vitablanca","9":"product_cat-sports","11":"first","12":"instock","13":"sale","14":"taxable","15":"shipping-taxable","16":"purchasable","17":"product-type-simple"},"yoast_head":"<!-- This site is optimized with the Yoast SEO plugin v27.5 - https:\/\/yoast.com\/product\/yoast-seo-wordpress\/ -->\n<title>Now foods Sports Creatine monohydrate 750\u00a0mg 120\u00a0capsules - Maroc Prix<\/title>\n<meta name=\"description\" content=\"Now foods Sports Creatine monohydrate 750\u00a0mg 120\u00a0capsules\" \/>\n<meta name=\"robots\" content=\"index, follow, max-snippet:-1, max-image-preview:large, max-video-preview:-1\" \/>\n<link rel=\"canonical\" href=\"https:\/\/vitablanca.ma\/en\/product\/sports-creatine-monohydrate-750-mg-120-capsules-vegetales\/\" \/>\n<meta property=\"og:locale\" content=\"en_US\" \/>\n<meta property=\"og:type\" content=\"article\" \/>\n<meta property=\"og:title\" content=\"Now foods Sports Creatine monohydrate 750\u00a0mg 120\u00a0capsules - Maroc Prix\" \/>\n<meta property=\"og:description\" content=\"Now foods Sports Creatine monohydrate 750\u00a0mg 120\u00a0capsules\" \/>\n<meta property=\"og:url\" content=\"https:\/\/vitablanca.ma\/en\/product\/sports-creatine-monohydrate-750-mg-120-capsules-vegetales\/\" \/>\n<meta property=\"og:site_name\" content=\"Vitablanca.ma &ndash; Sant&eacute;, vitalit&eacute; et bien-&ecirc;tre pour tous les Marocains\" \/>\n<meta property=\"article:publisher\" content=\"https:\/\/www.facebook.com\/profile.php?id=61576678196717\" \/>\n<meta property=\"article:modified_time\" content=\"2026-02-21T16:17:01+00:00\" \/>\n<meta property=\"og:image\" content=\"https:\/\/vitablanca.ma\/wp-content\/uploads\/2026\/02\/50-7.jpg\" \/>\n\t<meta property=\"og:image:width\" content=\"1600\" \/>\n\t<meta property=\"og:image:height\" content=\"1600\" \/>\n\t<meta property=\"og:image:type\" content=\"image\/jpeg\" \/>\n<meta name=\"twitter:card\" content=\"summary_large_image\" \/>\n<meta name=\"twitter:label1\" content=\"Est. reading time\" \/>\n\t<meta name=\"twitter:data1\" content=\"2 minutes\" \/>\n<script type=\"application\/ld+json\" class=\"yoast-schema-graph\">{\"@context\":\"https:\\\/\\\/schema.org\",\"@graph\":[{\"@type\":[\"WebPage\",\"ItemPage\"],\"@id\":\"https:\\\/\\\/vitablanca.ma\\\/produit\\\/sports-creatine-monohydrate-750-mg-120-capsules-vegetales\\\/\",\"url\":\"https:\\\/\\\/vitablanca.ma\\\/produit\\\/sports-creatine-monohydrate-750-mg-120-capsules-vegetales\\\/\",\"name\":\"Now foods Sports Creatine monohydrate 750\u00a0mg 120\u00a0capsules - Maroc Prix\",\"isPartOf\":{\"@id\":\"https:\\\/\\\/vitablanca.ma\\\/#website\"},\"primaryImageOfPage\":{\"@id\":\"https:\\\/\\\/vitablanca.ma\\\/produit\\\/sports-creatine-monohydrate-750-mg-120-capsules-vegetales\\\/#primaryimage\"},\"image\":{\"@id\":\"https:\\\/\\\/vitablanca.ma\\\/produit\\\/sports-creatine-monohydrate-750-mg-120-capsules-vegetales\\\/#primaryimage\"},\"thumbnailUrl\":\"https:\\\/\\\/vitablanca.ma\\\/wp-content\\\/uploads\\\/2026\\\/02\\\/50-7.jpg\",\"datePublished\":\"2026-02-04T23:21:40+00:00\",\"dateModified\":\"2026-02-21T16:17:01+00:00\",\"description\":\"Now foods Sports Creatine monohydrate 750\u00a0mg 120\u00a0capsules\",\"breadcrumb\":{\"@id\":\"https:\\\/\\\/vitablanca.ma\\\/produit\\\/sports-creatine-monohydrate-750-mg-120-capsules-vegetales\\\/#breadcrumb\"},\"inLanguage\":\"en-US\",\"potentialAction\":[{\"@type\":\"ReadAction\",\"target\":[\"https:\\\/\\\/vitablanca.ma\\\/produit\\\/sports-creatine-monohydrate-750-mg-120-capsules-vegetales\\\/\"]}]},{\"@type\":\"ImageObject\",\"inLanguage\":\"en-US\",\"@id\":\"https:\\\/\\\/vitablanca.ma\\\/produit\\\/sports-creatine-monohydrate-750-mg-120-capsules-vegetales\\\/#primaryimage\",\"url\":\"https:\\\/\\\/vitablanca.ma\\\/wp-content\\\/uploads\\\/2026\\\/02\\\/50-7.jpg\",\"contentUrl\":\"https:\\\/\\\/vitablanca.ma\\\/wp-content\\\/uploads\\\/2026\\\/02\\\/50-7.jpg\",\"width\":1600,\"height\":1600},{\"@type\":\"BreadcrumbList\",\"@id\":\"https:\\\/\\\/vitablanca.ma\\\/produit\\\/sports-creatine-monohydrate-750-mg-120-capsules-vegetales\\\/#breadcrumb\",\"itemListElement\":[{\"@type\":\"ListItem\",\"position\":1,\"name\":\"Home\",\"item\":\"https:\\\/\\\/vitablanca.ma\\\/\"},{\"@type\":\"ListItem\",\"position\":2,\"name\":\"Tous Les Produits\",\"item\":\"https:\\\/\\\/vitablanca.ma\\\/tous-les-produits\\\/\"},{\"@type\":\"ListItem\",\"position\":3,\"name\":\"Now foods Sports Creatine monohydrate 750\u00a0mg 120\u00a0capsules\"}]},{\"@type\":\"WebSite\",\"@id\":\"https:\\\/\\\/vitablanca.ma\\\/#website\",\"url\":\"https:\\\/\\\/vitablanca.ma\\\/\",\"name\":\"VitaBlanca.ma | Compl\u00e9ments alimentaires, sant\u00e9 & beaut\u00e9 au Maroc\",\"description\":\"vendre vitamines et compl\u00e9ments premium des USA &amp; Canada, Nouvelle Z\u00e9lande,Maroc (NOW Foods, Solgar, Manuka). Livraison rapide partout au Maroc.\",\"publisher\":{\"@id\":\"https:\\\/\\\/vitablanca.ma\\\/#organization\"},\"alternateName\":\"VitaBlanca.ma\",\"potentialAction\":[{\"@type\":\"SearchAction\",\"target\":{\"@type\":\"EntryPoint\",\"urlTemplate\":\"https:\\\/\\\/vitablanca.ma\\\/?s={search_term_string}\"},\"query-input\":{\"@type\":\"PropertyValueSpecification\",\"valueRequired\":true,\"valueName\":\"search_term_string\"}}],\"inLanguage\":\"en-US\"},{\"@type\":\"Organization\",\"@id\":\"https:\\\/\\\/vitablanca.ma\\\/#organization\",\"name\":\"VitaBlanca\",\"url\":\"https:\\\/\\\/vitablanca.ma\\\/\",\"logo\":{\"@type\":\"ImageObject\",\"inLanguage\":\"en-US\",\"@id\":\"https:\\\/\\\/vitablanca.ma\\\/#\\\/schema\\\/logo\\\/image\\\/\",\"url\":\"https:\\\/\\\/vitablanca.ma\\\/wp-content\\\/uploads\\\/2025\\\/05\\\/cropped-vitablanca.png\",\"contentUrl\":\"https:\\\/\\\/vitablanca.ma\\\/wp-content\\\/uploads\\\/2025\\\/05\\\/cropped-vitablanca.png\",\"width\":360,\"height\":67,\"caption\":\"VitaBlanca\"},\"image\":{\"@id\":\"https:\\\/\\\/vitablanca.ma\\\/#\\\/schema\\\/logo\\\/image\\\/\"},\"sameAs\":[\"https:\\\/\\\/www.facebook.com\\\/profile.php?id=61576678196717\",\"https:\\\/\\\/www.tiktok.com\\\/@vitablanca.ma\",\"https:\\\/\\\/www.instagram.com\\\/vitablanca.ma\\\/\"]}]}<\/script>\n<!-- \/ Yoast SEO plugin. -->","yoast_head_json":{"title":"Now foods Sports Creatine monohydrate 750\u00a0mg 120\u00a0capsules - Maroc Prix","description":"Now foods Sports Creatine monohydrate 750\u00a0mg 120\u00a0capsules","robots":{"index":"index","follow":"follow","max-snippet":"max-snippet:-1","max-image-preview":"max-image-preview:large","max-video-preview":"max-video-preview:-1"},"canonical":"https:\/\/vitablanca.ma\/en\/product\/sports-creatine-monohydrate-750-mg-120-capsules-vegetales\/","og_locale":"en_US","og_type":"article","og_title":"Now foods Sports Creatine monohydrate 750\u00a0mg 120\u00a0capsules - Maroc Prix","og_description":"Now foods Sports Creatine monohydrate 750\u00a0mg 120\u00a0capsules","og_url":"https:\/\/vitablanca.ma\/en\/product\/sports-creatine-monohydrate-750-mg-120-capsules-vegetales\/","og_site_name":"Vitablanca.ma &ndash; Sant&eacute;, vitalit&eacute; et bien-&ecirc;tre pour tous les Marocains","article_publisher":"https:\/\/www.facebook.com\/profile.php?id=61576678196717","article_modified_time":"2026-02-21T16:17:01+00:00","og_image":[{"width":1600,"height":1600,"url":"https:\/\/vitablanca.ma\/wp-content\/uploads\/2026\/02\/50-7.jpg","type":"image\/jpeg"}],"twitter_card":"summary_large_image","twitter_misc":{"Est. reading time":"2 minutes"},"schema":{"@context":"https:\/\/schema.org","@graph":[{"@type":["WebPage","ItemPage"],"@id":"https:\/\/vitablanca.ma\/produit\/sports-creatine-monohydrate-750-mg-120-capsules-vegetales\/","url":"https:\/\/vitablanca.ma\/produit\/sports-creatine-monohydrate-750-mg-120-capsules-vegetales\/","name":"Now foods Sports Creatine monohydrate 750\u00a0mg 120\u00a0capsules - Maroc Prix","isPartOf":{"@id":"https:\/\/vitablanca.ma\/#website"},"primaryImageOfPage":{"@id":"https:\/\/vitablanca.ma\/produit\/sports-creatine-monohydrate-750-mg-120-capsules-vegetales\/#primaryimage"},"image":{"@id":"https:\/\/vitablanca.ma\/produit\/sports-creatine-monohydrate-750-mg-120-capsules-vegetales\/#primaryimage"},"thumbnailUrl":"https:\/\/vitablanca.ma\/wp-content\/uploads\/2026\/02\/50-7.jpg","datePublished":"2026-02-04T23:21:40+00:00","dateModified":"2026-02-21T16:17:01+00:00","description":"Now foods Sports Creatine monohydrate 750\u00a0mg 120\u00a0capsules","breadcrumb":{"@id":"https:\/\/vitablanca.ma\/produit\/sports-creatine-monohydrate-750-mg-120-capsules-vegetales\/#breadcrumb"},"inLanguage":"en-US","potentialAction":[{"@type":"ReadAction","target":["https:\/\/vitablanca.ma\/produit\/sports-creatine-monohydrate-750-mg-120-capsules-vegetales\/"]}]},{"@type":"ImageObject","inLanguage":"en-US","@id":"https:\/\/vitablanca.ma\/produit\/sports-creatine-monohydrate-750-mg-120-capsules-vegetales\/#primaryimage","url":"https:\/\/vitablanca.ma\/wp-content\/uploads\/2026\/02\/50-7.jpg","contentUrl":"https:\/\/vitablanca.ma\/wp-content\/uploads\/2026\/02\/50-7.jpg","width":1600,"height":1600},{"@type":"BreadcrumbList","@id":"https:\/\/vitablanca.ma\/produit\/sports-creatine-monohydrate-750-mg-120-capsules-vegetales\/#breadcrumb","itemListElement":[{"@type":"ListItem","position":1,"name":"Home","item":"https:\/\/vitablanca.ma\/"},{"@type":"ListItem","position":2,"name":"Tous Les Produits","item":"https:\/\/vitablanca.ma\/tous-les-produits\/"},{"@type":"ListItem","position":3,"name":"Now foods Sports Creatine monohydrate 750\u00a0mg 120\u00a0capsules"}]},{"@type":"WebSite","@id":"https:\/\/vitablanca.ma\/#website","url":"https:\/\/vitablanca.ma\/","name":"VitaBlanca.ma | Food supplements, health &amp; beauty in Morocco","description":"sell premium vitamins and supplements from USA &amp; Canada, New Zealand, Morocco (NOW Foods, Solgar, Manuka). Fast delivery anywhere in Morocco.","publisher":{"@id":"https:\/\/vitablanca.ma\/#organization"},"alternateName":"VitaBlanca.ma","potentialAction":[{"@type":"SearchAction","target":{"@type":"EntryPoint","urlTemplate":"https:\/\/vitablanca.ma\/?s={search_term_string}"},"query-input":{"@type":"PropertyValueSpecification","valueRequired":true,"valueName":"search_term_string"}}],"inLanguage":"en-US"},{"@type":"Organization","@id":"https:\/\/vitablanca.ma\/#organization","name":"VitaBlanca","url":"https:\/\/vitablanca.ma\/","logo":{"@type":"ImageObject","inLanguage":"en-US","@id":"https:\/\/vitablanca.ma\/#\/schema\/logo\/image\/","url":"https:\/\/vitablanca.ma\/wp-content\/uploads\/2025\/05\/cropped-vitablanca.png","contentUrl":"https:\/\/vitablanca.ma\/wp-content\/uploads\/2025\/05\/cropped-vitablanca.png","width":360,"height":67,"caption":"VitaBlanca"},"image":{"@id":"https:\/\/vitablanca.ma\/#\/schema\/logo\/image\/"},"sameAs":["https:\/\/www.facebook.com\/profile.php?id=61576678196717","https:\/\/www.tiktok.com\/@vitablanca.ma","https:\/\/www.instagram.com\/vitablanca.ma\/"]}]}},"jetpack_sharing_enabled":true,"_links":{"self":[{"href":"https:\/\/vitablanca.ma\/en\/wp-json\/wp\/v2\/product\/28799","targetHints":{"allow":["GET"]}}],"collection":[{"href":"https:\/\/vitablanca.ma\/en\/wp-json\/wp\/v2\/product"}],"about":[{"href":"https:\/\/vitablanca.ma\/en\/wp-json\/wp\/v2\/types\/product"}],"wp:featuredmedia":[{"embeddable":true,"href":"https:\/\/vitablanca.ma\/en\/wp-json\/wp\/v2\/media\/28829"}],"wp:attachment":[{"href":"https:\/\/vitablanca.ma\/en\/wp-json\/wp\/v2\/media?parent=28799"}],"wp:term":[{"taxonomy":"product_brand","embeddable":true,"href":"https:\/\/vitablanca.ma\/en\/wp-json\/wp\/v2\/product_brand?post=28799"},{"taxonomy":"product_cat","embeddable":true,"href":"https:\/\/vitablanca.ma\/en\/wp-json\/wp\/v2\/product_cat?post=28799"},{"taxonomy":"product_tag","embeddable":true,"href":"https:\/\/vitablanca.ma\/en\/wp-json\/wp\/v2\/product_tag?post=28799"}],"curies":[{"name":"wp","href":"https:\/\/api.w.org\/{rel}","templated":true}]}}