{"id":28714,"date":"2026-02-04T23:09:15","date_gmt":"2026-02-04T23:09:15","guid":{"rendered":"https:\/\/vitablanca.ma\/?post_type=product&#038;p=28714"},"modified":"2026-02-21T16:17:02","modified_gmt":"2026-02-21T16:17:02","slug":"apple-pectin-700-mg-120-veg","status":"publish","type":"product","link":"https:\/\/vitablanca.ma\/en\/product\/apple-pectin-700-mg-120-veg\/","title":{"rendered":"Now foods Apple Pectin 700 mg 120 Veg"},"content":{"rendered":"<p>Soutien intestinal<br \/>\nFibres alimentaires<br \/>\nGMO-free<br \/>\nFood supplement<br \/>\nV\u00e9g\u00e9tarien\/vegan<br \/>\nProbiotiques &#8211; Enzymes &#8211; Digestion<br \/>\nFamily business since 1968<br \/>\nGMP quality guaranteed<\/p>\n<p>La pectine de pomme est une fibre soluble dans l&rsquo;eau qui a un effet g\u00e9lifiant lorsqu&rsquo;elle est m\u00e9lang\u00e9e \u00e0 de l&rsquo;eau. La pectine de pomme est une fibre alimentaire qui peut favoriser une bonne sant\u00e9 intestinale.<br \/>\nSuggested Use<br \/>\nPrenez 2\u00a0capsules 1 \u00e0 2\u00a0fois par jour avec 20 \u00e0 30\u00a0cl d&rsquo;eau ou de jus, de pr\u00e9f\u00e9rence 30\u00a0minutes avant les repas. Pensez \u00e0 vous hydrater tout au long de la journ\u00e9e. Commencez par de petites doses et augmentez progressivement sur plusieurs semaines.<br \/>\nOther ingredients<br \/>\nCellulose (capsule) et acide st\u00e9arique (d&rsquo;origine v\u00e9g\u00e9tale).<br \/>\nProduit \u00e9labor\u00e9 sans levure, bl\u00e9, gluten, soja, ma\u00efs, lait, \u0153ufs, poisson, fruits de mer, ou fruits \u00e0 coque. Fabriqu\u00e9s dans un \u00e9tablissement certifi\u00e9 (BPF) qui traite d&rsquo;autres ingr\u00e9dients contenant ces allerg\u00e8nes.<br \/>\nWarnings<br \/>\nAttention\u00a0: R\u00e9serv\u00e9 aux adultes. Consultez un m\u00e9decin si vous \u00eates enceinte, allaitez, prenez des m\u00e9dicaments ou pr\u00e9sentez une affection m\u00e9dicale. Tenir hors de port\u00e9e des enfants.<br \/>\nNe pas ing\u00e9rer le sachet absorbeur d\u2019humidit\u00e9. Conserver le produit dans son flacon.<br \/>\nUne variation naturelle de couleur peut se produire.<br \/>\nConserver dans un endroit frais et sec apr\u00e8s ouverture.<\/p>","protected":false},"excerpt":{"rendered":"<p>Soutien intestinal Fibres alimentaires Sans OGM Compl\u00e9ment alimentaire V\u00e9g\u00e9tarien\/vegan Probiotiques &#8211; Enzymes &#8211; Digestion Entreprise familiale depuis 1968 Qualit\u00e9 BPF garantie La pectine de pomme est une fibre soluble dans l&rsquo;eau qui a un effet g\u00e9lifiant lorsqu&rsquo;elle est m\u00e9lang\u00e9e \u00e0 de l&rsquo;eau. La pectine de pomme est une fibre alimentaire qui peut favoriser une bonne [&hellip;]<\/p>\n","protected":false},"featured_media":28780,"template":"","meta":{"om_disable_all_campaigns":false},"product_brand":[83],"product_cat":[18,3366,7973],"product_tag":[],"class_list":{"0":"post-28714","1":"product","2":"type-product","3":"status-publish","4":"has-post-thumbnail","6":"product_brand-now-foods-maroc-prix","7":"product_cat-beaute-sante","8":"product_cat-complements-alimentaires-au-maroc-vitablanca","9":"product_cat-soutien-digestif","11":"first","12":"instock","13":"sale","14":"taxable","15":"shipping-taxable","16":"purchasable","17":"product-type-simple"},"yoast_head":"<!-- This site is optimized with the Yoast SEO plugin v27.3 - https:\/\/yoast.com\/product\/yoast-seo-wordpress\/ -->\n<title>Now foods Apple Pectin 700 mg 120 Veg - Maroc Prix<\/title>\n<meta name=\"description\" content=\"Now foods Apple Pectin 700 mg 120 Veg\" \/>\n<meta name=\"robots\" content=\"index, follow, max-snippet:-1, max-image-preview:large, max-video-preview:-1\" \/>\n<link rel=\"canonical\" href=\"https:\/\/vitablanca.ma\/en\/product\/apple-pectin-700-mg-120-veg\/\" \/>\n<meta property=\"og:locale\" content=\"en_US\" \/>\n<meta property=\"og:type\" content=\"article\" \/>\n<meta property=\"og:title\" content=\"Now foods Apple Pectin 700 mg 120 Veg - Maroc Prix\" \/>\n<meta property=\"og:description\" content=\"Now foods Apple Pectin 700 mg 120 Veg\" \/>\n<meta property=\"og:url\" content=\"https:\/\/vitablanca.ma\/en\/product\/apple-pectin-700-mg-120-veg\/\" \/>\n<meta property=\"og:site_name\" content=\"Vitablanca.ma &ndash; Sant&eacute;, vitalit&eacute; et bien-&ecirc;tre pour tous les Marocains\" \/>\n<meta property=\"article:publisher\" content=\"https:\/\/www.facebook.com\/profile.php?id=61576678196717\" \/>\n<meta property=\"article:modified_time\" content=\"2026-02-21T16:17:02+00:00\" \/>\n<meta property=\"og:image\" content=\"https:\/\/vitablanca.ma\/wp-content\/uploads\/2026\/02\/25.jpg\" \/>\n\t<meta property=\"og:image:width\" content=\"1600\" \/>\n\t<meta property=\"og:image:height\" content=\"1600\" \/>\n\t<meta property=\"og:image:type\" content=\"image\/jpeg\" \/>\n<meta name=\"twitter:card\" content=\"summary_large_image\" \/>\n<meta name=\"twitter:label1\" content=\"Est. reading time\" \/>\n\t<meta name=\"twitter:data1\" content=\"1 minute\" \/>\n<script type=\"application\/ld+json\" class=\"yoast-schema-graph\">{\"@context\":\"https:\\\/\\\/schema.org\",\"@graph\":[{\"@type\":[\"WebPage\",\"ItemPage\"],\"@id\":\"https:\\\/\\\/vitablanca.ma\\\/produit\\\/apple-pectin-700-mg-120-veg\\\/\",\"url\":\"https:\\\/\\\/vitablanca.ma\\\/produit\\\/apple-pectin-700-mg-120-veg\\\/\",\"name\":\"Now foods Apple Pectin 700 mg 120 Veg - Maroc Prix\",\"isPartOf\":{\"@id\":\"https:\\\/\\\/vitablanca.ma\\\/#website\"},\"primaryImageOfPage\":{\"@id\":\"https:\\\/\\\/vitablanca.ma\\\/produit\\\/apple-pectin-700-mg-120-veg\\\/#primaryimage\"},\"image\":{\"@id\":\"https:\\\/\\\/vitablanca.ma\\\/produit\\\/apple-pectin-700-mg-120-veg\\\/#primaryimage\"},\"thumbnailUrl\":\"https:\\\/\\\/vitablanca.ma\\\/wp-content\\\/uploads\\\/2026\\\/02\\\/25.jpg\",\"datePublished\":\"2026-02-04T23:09:15+00:00\",\"dateModified\":\"2026-02-21T16:17:02+00:00\",\"description\":\"Now foods Apple Pectin 700 mg 120 Veg\",\"breadcrumb\":{\"@id\":\"https:\\\/\\\/vitablanca.ma\\\/produit\\\/apple-pectin-700-mg-120-veg\\\/#breadcrumb\"},\"inLanguage\":\"en-US\",\"potentialAction\":[{\"@type\":\"ReadAction\",\"target\":[\"https:\\\/\\\/vitablanca.ma\\\/produit\\\/apple-pectin-700-mg-120-veg\\\/\"]}]},{\"@type\":\"ImageObject\",\"inLanguage\":\"en-US\",\"@id\":\"https:\\\/\\\/vitablanca.ma\\\/produit\\\/apple-pectin-700-mg-120-veg\\\/#primaryimage\",\"url\":\"https:\\\/\\\/vitablanca.ma\\\/wp-content\\\/uploads\\\/2026\\\/02\\\/25.jpg\",\"contentUrl\":\"https:\\\/\\\/vitablanca.ma\\\/wp-content\\\/uploads\\\/2026\\\/02\\\/25.jpg\",\"width\":1600,\"height\":1600},{\"@type\":\"BreadcrumbList\",\"@id\":\"https:\\\/\\\/vitablanca.ma\\\/produit\\\/apple-pectin-700-mg-120-veg\\\/#breadcrumb\",\"itemListElement\":[{\"@type\":\"ListItem\",\"position\":1,\"name\":\"Home\",\"item\":\"https:\\\/\\\/vitablanca.ma\\\/\"},{\"@type\":\"ListItem\",\"position\":2,\"name\":\"Tous Les Produits\",\"item\":\"https:\\\/\\\/vitablanca.ma\\\/tous-les-produits\\\/\"},{\"@type\":\"ListItem\",\"position\":3,\"name\":\"Now foods Apple Pectin 700 mg 120 Veg\"}]},{\"@type\":\"WebSite\",\"@id\":\"https:\\\/\\\/vitablanca.ma\\\/#website\",\"url\":\"https:\\\/\\\/vitablanca.ma\\\/\",\"name\":\"VitaBlanca.ma | Compl\u00e9ments alimentaires, sant\u00e9 & beaut\u00e9 au Maroc\",\"description\":\"vendre vitamines et compl\u00e9ments premium des USA &amp; Canada, Nouvelle Z\u00e9lande,Maroc (NOW Foods, Solgar, Manuka). Livraison rapide partout au Maroc.\",\"publisher\":{\"@id\":\"https:\\\/\\\/vitablanca.ma\\\/#organization\"},\"alternateName\":\"VitaBlanca.ma\",\"potentialAction\":[{\"@type\":\"SearchAction\",\"target\":{\"@type\":\"EntryPoint\",\"urlTemplate\":\"https:\\\/\\\/vitablanca.ma\\\/?s={search_term_string}\"},\"query-input\":{\"@type\":\"PropertyValueSpecification\",\"valueRequired\":true,\"valueName\":\"search_term_string\"}}],\"inLanguage\":\"en-US\"},{\"@type\":\"Organization\",\"@id\":\"https:\\\/\\\/vitablanca.ma\\\/#organization\",\"name\":\"VitaBlanca\",\"url\":\"https:\\\/\\\/vitablanca.ma\\\/\",\"logo\":{\"@type\":\"ImageObject\",\"inLanguage\":\"en-US\",\"@id\":\"https:\\\/\\\/vitablanca.ma\\\/#\\\/schema\\\/logo\\\/image\\\/\",\"url\":\"https:\\\/\\\/vitablanca.ma\\\/wp-content\\\/uploads\\\/2025\\\/05\\\/cropped-vitablanca.png\",\"contentUrl\":\"https:\\\/\\\/vitablanca.ma\\\/wp-content\\\/uploads\\\/2025\\\/05\\\/cropped-vitablanca.png\",\"width\":360,\"height\":67,\"caption\":\"VitaBlanca\"},\"image\":{\"@id\":\"https:\\\/\\\/vitablanca.ma\\\/#\\\/schema\\\/logo\\\/image\\\/\"},\"sameAs\":[\"https:\\\/\\\/www.facebook.com\\\/profile.php?id=61576678196717\",\"https:\\\/\\\/www.tiktok.com\\\/@vitablanca.ma\",\"https:\\\/\\\/www.instagram.com\\\/vitablanca.ma\\\/\"]}]}<\/script>\n<!-- \/ Yoast SEO plugin. -->","yoast_head_json":{"title":"Now foods Apple Pectin 700 mg 120 Veg - Maroc Prix","description":"Now foods Apple Pectin 700 mg 120 Veg","robots":{"index":"index","follow":"follow","max-snippet":"max-snippet:-1","max-image-preview":"max-image-preview:large","max-video-preview":"max-video-preview:-1"},"canonical":"https:\/\/vitablanca.ma\/en\/product\/apple-pectin-700-mg-120-veg\/","og_locale":"en_US","og_type":"article","og_title":"Now foods Apple Pectin 700 mg 120 Veg - Maroc Prix","og_description":"Now foods Apple Pectin 700 mg 120 Veg","og_url":"https:\/\/vitablanca.ma\/en\/product\/apple-pectin-700-mg-120-veg\/","og_site_name":"Vitablanca.ma &ndash; Sant&eacute;, vitalit&eacute; et bien-&ecirc;tre pour tous les Marocains","article_publisher":"https:\/\/www.facebook.com\/profile.php?id=61576678196717","article_modified_time":"2026-02-21T16:17:02+00:00","og_image":[{"width":1600,"height":1600,"url":"https:\/\/vitablanca.ma\/wp-content\/uploads\/2026\/02\/25.jpg","type":"image\/jpeg"}],"twitter_card":"summary_large_image","twitter_misc":{"Est. reading time":"1 minute"},"schema":{"@context":"https:\/\/schema.org","@graph":[{"@type":["WebPage","ItemPage"],"@id":"https:\/\/vitablanca.ma\/produit\/apple-pectin-700-mg-120-veg\/","url":"https:\/\/vitablanca.ma\/produit\/apple-pectin-700-mg-120-veg\/","name":"Now foods Apple Pectin 700 mg 120 Veg - Maroc Prix","isPartOf":{"@id":"https:\/\/vitablanca.ma\/#website"},"primaryImageOfPage":{"@id":"https:\/\/vitablanca.ma\/produit\/apple-pectin-700-mg-120-veg\/#primaryimage"},"image":{"@id":"https:\/\/vitablanca.ma\/produit\/apple-pectin-700-mg-120-veg\/#primaryimage"},"thumbnailUrl":"https:\/\/vitablanca.ma\/wp-content\/uploads\/2026\/02\/25.jpg","datePublished":"2026-02-04T23:09:15+00:00","dateModified":"2026-02-21T16:17:02+00:00","description":"Now foods Apple Pectin 700 mg 120 Veg","breadcrumb":{"@id":"https:\/\/vitablanca.ma\/produit\/apple-pectin-700-mg-120-veg\/#breadcrumb"},"inLanguage":"en-US","potentialAction":[{"@type":"ReadAction","target":["https:\/\/vitablanca.ma\/produit\/apple-pectin-700-mg-120-veg\/"]}]},{"@type":"ImageObject","inLanguage":"en-US","@id":"https:\/\/vitablanca.ma\/produit\/apple-pectin-700-mg-120-veg\/#primaryimage","url":"https:\/\/vitablanca.ma\/wp-content\/uploads\/2026\/02\/25.jpg","contentUrl":"https:\/\/vitablanca.ma\/wp-content\/uploads\/2026\/02\/25.jpg","width":1600,"height":1600},{"@type":"BreadcrumbList","@id":"https:\/\/vitablanca.ma\/produit\/apple-pectin-700-mg-120-veg\/#breadcrumb","itemListElement":[{"@type":"ListItem","position":1,"name":"Home","item":"https:\/\/vitablanca.ma\/"},{"@type":"ListItem","position":2,"name":"Tous Les Produits","item":"https:\/\/vitablanca.ma\/tous-les-produits\/"},{"@type":"ListItem","position":3,"name":"Now foods Apple Pectin 700 mg 120 Veg"}]},{"@type":"WebSite","@id":"https:\/\/vitablanca.ma\/#website","url":"https:\/\/vitablanca.ma\/","name":"VitaBlanca.ma | Food supplements, health &amp; beauty in Morocco","description":"sell premium vitamins and supplements from USA &amp; Canada, New Zealand, Morocco (NOW Foods, Solgar, Manuka). Fast delivery anywhere in Morocco.","publisher":{"@id":"https:\/\/vitablanca.ma\/#organization"},"alternateName":"VitaBlanca.ma","potentialAction":[{"@type":"SearchAction","target":{"@type":"EntryPoint","urlTemplate":"https:\/\/vitablanca.ma\/?s={search_term_string}"},"query-input":{"@type":"PropertyValueSpecification","valueRequired":true,"valueName":"search_term_string"}}],"inLanguage":"en-US"},{"@type":"Organization","@id":"https:\/\/vitablanca.ma\/#organization","name":"VitaBlanca","url":"https:\/\/vitablanca.ma\/","logo":{"@type":"ImageObject","inLanguage":"en-US","@id":"https:\/\/vitablanca.ma\/#\/schema\/logo\/image\/","url":"https:\/\/vitablanca.ma\/wp-content\/uploads\/2025\/05\/cropped-vitablanca.png","contentUrl":"https:\/\/vitablanca.ma\/wp-content\/uploads\/2025\/05\/cropped-vitablanca.png","width":360,"height":67,"caption":"VitaBlanca"},"image":{"@id":"https:\/\/vitablanca.ma\/#\/schema\/logo\/image\/"},"sameAs":["https:\/\/www.facebook.com\/profile.php?id=61576678196717","https:\/\/www.tiktok.com\/@vitablanca.ma","https:\/\/www.instagram.com\/vitablanca.ma\/"]}]}},"jetpack_sharing_enabled":true,"_links":{"self":[{"href":"https:\/\/vitablanca.ma\/en\/wp-json\/wp\/v2\/product\/28714","targetHints":{"allow":["GET"]}}],"collection":[{"href":"https:\/\/vitablanca.ma\/en\/wp-json\/wp\/v2\/product"}],"about":[{"href":"https:\/\/vitablanca.ma\/en\/wp-json\/wp\/v2\/types\/product"}],"wp:featuredmedia":[{"embeddable":true,"href":"https:\/\/vitablanca.ma\/en\/wp-json\/wp\/v2\/media\/28780"}],"wp:attachment":[{"href":"https:\/\/vitablanca.ma\/en\/wp-json\/wp\/v2\/media?parent=28714"}],"wp:term":[{"taxonomy":"product_brand","embeddable":true,"href":"https:\/\/vitablanca.ma\/en\/wp-json\/wp\/v2\/product_brand?post=28714"},{"taxonomy":"product_cat","embeddable":true,"href":"https:\/\/vitablanca.ma\/en\/wp-json\/wp\/v2\/product_cat?post=28714"},{"taxonomy":"product_tag","embeddable":true,"href":"https:\/\/vitablanca.ma\/en\/wp-json\/wp\/v2\/product_tag?post=28714"}],"curies":[{"name":"wp","href":"https:\/\/api.w.org\/{rel}","templated":true}]}}