{"id":28701,"date":"2026-02-04T23:08:49","date_gmt":"2026-02-04T23:08:49","guid":{"rendered":"https:\/\/vitablanca.ma\/?post_type=product&#038;p=28701"},"modified":"2026-02-21T16:17:02","modified_gmt":"2026-02-21T16:17:02","slug":"maca-raw-750-mg-90-capsules-vegetales","status":"publish","type":"product","link":"https:\/\/vitablanca.ma\/en\/product\/maca-raw-750-mg-90-capsules-vegetales\/","title":{"rendered":"Now foods Maca raw 750\u00a0mg 90\u00a0capsules v\u00e9g\u00e9tales"},"content":{"rendered":"<p>Sant\u00e9 reproductive<br \/>\nActivit\u00e9 sexuelle saine<br \/>\nFavorise la fertilit\u00e9<br \/>\nCrue, g\u00e9latinis\u00e9e<br \/>\nFood supplement<br \/>\nVegetarian\/Vegan<br \/>\nPlants\/Herbs<br \/>\nFamily business since 1968<br \/>\nGMP quality guaranteed<\/p>\n<p>La maca est cultiv\u00e9e \u00e0 haute altitude dans la r\u00e9gion des Andes au centre du P\u00e9rou. Elle est traditionnellement utilis\u00e9e depuis des si\u00e8cles comme source de nourriture et comme tonique \u00e9nerg\u00e9tique g\u00e9n\u00e9ral. Des donn\u00e9es scientifiques r\u00e9centes sugg\u00e8rent que la Maca \u00a0\u00bbg\u00e9latinis\u00e9e\u00a0\u00bb peut aider \u00e0 favoriser une activit\u00e9 sexuelle saine et la fertilit\u00e9 chez les hommes. Les donn\u00e9es cliniques indiquent que la maca n&rsquo;exerce pas d&rsquo;effet direct sur la fonction endocrinienne.<br \/>\nSuggested Use<br \/>\nPrenez 1\u00a0capsule 1 \u00e0 2\u00a0fois par jour.<br \/>\nOther ingredients<br \/>\nCellulose (capsule), farine de riz, silice et st\u00e9arate de magn\u00e9sium (d&rsquo;origine v\u00e9g\u00e9tale).<br \/>\nProduit \u00e9labor\u00e9 sans levure, bl\u00e9, gluten, soja, lait, \u0153ufs, poisson, fruits de mer ou fruits \u00e0 coque.<br \/>\nProduit dans un \u00e9tablissement respectant les bonnes pratiques de fabrication qui traite d&rsquo;autres ingr\u00e9dients contenant ces allerg\u00e8nes.<br \/>\nUne variation naturelle de couleur peut se produire.<br \/>\nWarnings<br \/>\nConserver dans un endroit frais et sec apr\u00e8s ouverture.<br \/>\nAttention\u00a0: R\u00e9serv\u00e9 aux adultes. Consulter un m\u00e9decin si vous \u00eates enceinte, allaitez, prenez des m\u00e9dicaments ou pr\u00e9sentez une affection m\u00e9dicale.<br \/>\nKeep out of reach of children.<br \/>\nNe pas ing\u00e9rer le sachet absorbeur d&rsquo;humidit\u00e9.<br \/>\nConserver le produit dans son flacon.<\/p>","protected":false},"excerpt":{"rendered":"<p>Sant\u00e9 reproductive Activit\u00e9 sexuelle saine Favorise la fertilit\u00e9 Crue, g\u00e9latinis\u00e9e Compl\u00e9ment alimentaire V\u00e9g\u00e9tarien\/Vegan Plantes\/Herbes Entreprise familiale depuis 1968 Qualit\u00e9 BPF garantie La maca est cultiv\u00e9e \u00e0 haute altitude dans la r\u00e9gion des Andes au centre du P\u00e9rou. Elle est traditionnellement utilis\u00e9e depuis des si\u00e8cles comme source de nourriture et comme tonique \u00e9nerg\u00e9tique g\u00e9n\u00e9ral. Des donn\u00e9es [&hellip;]<\/p>\n","protected":false},"featured_media":28772,"template":"","meta":{"om_disable_all_campaigns":false},"product_brand":[83],"product_cat":[18,3366,7967],"product_tag":[],"class_list":{"0":"post-28701","1":"product","2":"type-product","3":"status-publish","4":"has-post-thumbnail","6":"product_brand-now-foods-maroc-prix","7":"product_cat-beaute-sante","8":"product_cat-complements-alimentaires-au-maroc-vitablanca","9":"product_cat-herbs","11":"first","12":"instock","13":"sale","14":"taxable","15":"shipping-taxable","16":"purchasable","17":"product-type-simple"},"yoast_head":"<!-- This site is optimized with the Yoast SEO plugin v27.3 - https:\/\/yoast.com\/product\/yoast-seo-wordpress\/ -->\n<title>Now foods Maca raw 750\u00a0mg 90\u00a0capsules v\u00e9g\u00e9tales - Maroc Prix<\/title>\n<meta name=\"description\" content=\"Now foods Maca raw 750\u00a0mg 90\u00a0capsules v\u00e9g\u00e9tales\" \/>\n<meta name=\"robots\" content=\"index, follow, max-snippet:-1, max-image-preview:large, max-video-preview:-1\" \/>\n<link rel=\"canonical\" href=\"https:\/\/vitablanca.ma\/en\/product\/maca-raw-750-mg-90-capsules-vegetales\/\" \/>\n<meta property=\"og:locale\" content=\"en_US\" \/>\n<meta property=\"og:type\" content=\"article\" \/>\n<meta property=\"og:title\" content=\"Now foods Maca raw 750\u00a0mg 90\u00a0capsules v\u00e9g\u00e9tales - Maroc Prix\" \/>\n<meta property=\"og:description\" content=\"Now foods Maca raw 750\u00a0mg 90\u00a0capsules v\u00e9g\u00e9tales\" \/>\n<meta property=\"og:url\" content=\"https:\/\/vitablanca.ma\/en\/product\/maca-raw-750-mg-90-capsules-vegetales\/\" \/>\n<meta property=\"og:site_name\" content=\"Vitablanca.ma &ndash; Sant&eacute;, vitalit&eacute; et bien-&ecirc;tre pour tous les Marocains\" \/>\n<meta property=\"article:publisher\" content=\"https:\/\/www.facebook.com\/profile.php?id=61576678196717\" \/>\n<meta property=\"article:modified_time\" content=\"2026-02-21T16:17:02+00:00\" \/>\n<meta property=\"og:image\" content=\"https:\/\/vitablanca.ma\/wp-content\/uploads\/2026\/02\/31-2.jpg\" \/>\n\t<meta property=\"og:image:width\" content=\"1600\" \/>\n\t<meta property=\"og:image:height\" content=\"1600\" \/>\n\t<meta property=\"og:image:type\" content=\"image\/jpeg\" \/>\n<meta name=\"twitter:card\" content=\"summary_large_image\" \/>\n<meta name=\"twitter:label1\" content=\"Est. reading time\" \/>\n\t<meta name=\"twitter:data1\" content=\"1 minute\" \/>\n<script type=\"application\/ld+json\" class=\"yoast-schema-graph\">{\"@context\":\"https:\\\/\\\/schema.org\",\"@graph\":[{\"@type\":[\"WebPage\",\"ItemPage\"],\"@id\":\"https:\\\/\\\/vitablanca.ma\\\/produit\\\/maca-raw-750-mg-90-capsules-vegetales\\\/\",\"url\":\"https:\\\/\\\/vitablanca.ma\\\/produit\\\/maca-raw-750-mg-90-capsules-vegetales\\\/\",\"name\":\"Now foods Maca raw 750\u00a0mg 90\u00a0capsules v\u00e9g\u00e9tales - Maroc Prix\",\"isPartOf\":{\"@id\":\"https:\\\/\\\/vitablanca.ma\\\/#website\"},\"primaryImageOfPage\":{\"@id\":\"https:\\\/\\\/vitablanca.ma\\\/produit\\\/maca-raw-750-mg-90-capsules-vegetales\\\/#primaryimage\"},\"image\":{\"@id\":\"https:\\\/\\\/vitablanca.ma\\\/produit\\\/maca-raw-750-mg-90-capsules-vegetales\\\/#primaryimage\"},\"thumbnailUrl\":\"https:\\\/\\\/vitablanca.ma\\\/wp-content\\\/uploads\\\/2026\\\/02\\\/31-2.jpg\",\"datePublished\":\"2026-02-04T23:08:49+00:00\",\"dateModified\":\"2026-02-21T16:17:02+00:00\",\"description\":\"Now foods Maca raw 750\u00a0mg 90\u00a0capsules v\u00e9g\u00e9tales\",\"breadcrumb\":{\"@id\":\"https:\\\/\\\/vitablanca.ma\\\/produit\\\/maca-raw-750-mg-90-capsules-vegetales\\\/#breadcrumb\"},\"inLanguage\":\"en-US\",\"potentialAction\":[{\"@type\":\"ReadAction\",\"target\":[\"https:\\\/\\\/vitablanca.ma\\\/produit\\\/maca-raw-750-mg-90-capsules-vegetales\\\/\"]}]},{\"@type\":\"ImageObject\",\"inLanguage\":\"en-US\",\"@id\":\"https:\\\/\\\/vitablanca.ma\\\/produit\\\/maca-raw-750-mg-90-capsules-vegetales\\\/#primaryimage\",\"url\":\"https:\\\/\\\/vitablanca.ma\\\/wp-content\\\/uploads\\\/2026\\\/02\\\/31-2.jpg\",\"contentUrl\":\"https:\\\/\\\/vitablanca.ma\\\/wp-content\\\/uploads\\\/2026\\\/02\\\/31-2.jpg\",\"width\":1600,\"height\":1600},{\"@type\":\"BreadcrumbList\",\"@id\":\"https:\\\/\\\/vitablanca.ma\\\/produit\\\/maca-raw-750-mg-90-capsules-vegetales\\\/#breadcrumb\",\"itemListElement\":[{\"@type\":\"ListItem\",\"position\":1,\"name\":\"Home\",\"item\":\"https:\\\/\\\/vitablanca.ma\\\/\"},{\"@type\":\"ListItem\",\"position\":2,\"name\":\"Tous Les Produits\",\"item\":\"https:\\\/\\\/vitablanca.ma\\\/tous-les-produits\\\/\"},{\"@type\":\"ListItem\",\"position\":3,\"name\":\"Now foods Maca raw 750\u00a0mg 90\u00a0capsules v\u00e9g\u00e9tales\"}]},{\"@type\":\"WebSite\",\"@id\":\"https:\\\/\\\/vitablanca.ma\\\/#website\",\"url\":\"https:\\\/\\\/vitablanca.ma\\\/\",\"name\":\"VitaBlanca.ma | Compl\u00e9ments alimentaires, sant\u00e9 & beaut\u00e9 au Maroc\",\"description\":\"vendre vitamines et compl\u00e9ments premium des USA &amp; Canada, Nouvelle Z\u00e9lande,Maroc (NOW Foods, Solgar, Manuka). Livraison rapide partout au Maroc.\",\"publisher\":{\"@id\":\"https:\\\/\\\/vitablanca.ma\\\/#organization\"},\"alternateName\":\"VitaBlanca.ma\",\"potentialAction\":[{\"@type\":\"SearchAction\",\"target\":{\"@type\":\"EntryPoint\",\"urlTemplate\":\"https:\\\/\\\/vitablanca.ma\\\/?s={search_term_string}\"},\"query-input\":{\"@type\":\"PropertyValueSpecification\",\"valueRequired\":true,\"valueName\":\"search_term_string\"}}],\"inLanguage\":\"en-US\"},{\"@type\":\"Organization\",\"@id\":\"https:\\\/\\\/vitablanca.ma\\\/#organization\",\"name\":\"VitaBlanca\",\"url\":\"https:\\\/\\\/vitablanca.ma\\\/\",\"logo\":{\"@type\":\"ImageObject\",\"inLanguage\":\"en-US\",\"@id\":\"https:\\\/\\\/vitablanca.ma\\\/#\\\/schema\\\/logo\\\/image\\\/\",\"url\":\"https:\\\/\\\/vitablanca.ma\\\/wp-content\\\/uploads\\\/2025\\\/05\\\/cropped-vitablanca.png\",\"contentUrl\":\"https:\\\/\\\/vitablanca.ma\\\/wp-content\\\/uploads\\\/2025\\\/05\\\/cropped-vitablanca.png\",\"width\":360,\"height\":67,\"caption\":\"VitaBlanca\"},\"image\":{\"@id\":\"https:\\\/\\\/vitablanca.ma\\\/#\\\/schema\\\/logo\\\/image\\\/\"},\"sameAs\":[\"https:\\\/\\\/www.facebook.com\\\/profile.php?id=61576678196717\",\"https:\\\/\\\/www.tiktok.com\\\/@vitablanca.ma\",\"https:\\\/\\\/www.instagram.com\\\/vitablanca.ma\\\/\"]}]}<\/script>\n<!-- \/ Yoast SEO plugin. -->","yoast_head_json":{"title":"Now foods Maca raw 750\u00a0mg 90\u00a0capsules v\u00e9g\u00e9tales - Maroc Prix","description":"Now foods Maca raw 750\u00a0mg 90\u00a0capsules v\u00e9g\u00e9tales","robots":{"index":"index","follow":"follow","max-snippet":"max-snippet:-1","max-image-preview":"max-image-preview:large","max-video-preview":"max-video-preview:-1"},"canonical":"https:\/\/vitablanca.ma\/en\/product\/maca-raw-750-mg-90-capsules-vegetales\/","og_locale":"en_US","og_type":"article","og_title":"Now foods Maca raw 750\u00a0mg 90\u00a0capsules v\u00e9g\u00e9tales - Maroc Prix","og_description":"Now foods Maca raw 750\u00a0mg 90\u00a0capsules v\u00e9g\u00e9tales","og_url":"https:\/\/vitablanca.ma\/en\/product\/maca-raw-750-mg-90-capsules-vegetales\/","og_site_name":"Vitablanca.ma &ndash; Sant&eacute;, vitalit&eacute; et bien-&ecirc;tre pour tous les Marocains","article_publisher":"https:\/\/www.facebook.com\/profile.php?id=61576678196717","article_modified_time":"2026-02-21T16:17:02+00:00","og_image":[{"width":1600,"height":1600,"url":"https:\/\/vitablanca.ma\/wp-content\/uploads\/2026\/02\/31-2.jpg","type":"image\/jpeg"}],"twitter_card":"summary_large_image","twitter_misc":{"Est. reading time":"1 minute"},"schema":{"@context":"https:\/\/schema.org","@graph":[{"@type":["WebPage","ItemPage"],"@id":"https:\/\/vitablanca.ma\/produit\/maca-raw-750-mg-90-capsules-vegetales\/","url":"https:\/\/vitablanca.ma\/produit\/maca-raw-750-mg-90-capsules-vegetales\/","name":"Now foods Maca raw 750\u00a0mg 90\u00a0capsules v\u00e9g\u00e9tales - Maroc Prix","isPartOf":{"@id":"https:\/\/vitablanca.ma\/#website"},"primaryImageOfPage":{"@id":"https:\/\/vitablanca.ma\/produit\/maca-raw-750-mg-90-capsules-vegetales\/#primaryimage"},"image":{"@id":"https:\/\/vitablanca.ma\/produit\/maca-raw-750-mg-90-capsules-vegetales\/#primaryimage"},"thumbnailUrl":"https:\/\/vitablanca.ma\/wp-content\/uploads\/2026\/02\/31-2.jpg","datePublished":"2026-02-04T23:08:49+00:00","dateModified":"2026-02-21T16:17:02+00:00","description":"Now foods Maca raw 750\u00a0mg 90\u00a0capsules v\u00e9g\u00e9tales","breadcrumb":{"@id":"https:\/\/vitablanca.ma\/produit\/maca-raw-750-mg-90-capsules-vegetales\/#breadcrumb"},"inLanguage":"en-US","potentialAction":[{"@type":"ReadAction","target":["https:\/\/vitablanca.ma\/produit\/maca-raw-750-mg-90-capsules-vegetales\/"]}]},{"@type":"ImageObject","inLanguage":"en-US","@id":"https:\/\/vitablanca.ma\/produit\/maca-raw-750-mg-90-capsules-vegetales\/#primaryimage","url":"https:\/\/vitablanca.ma\/wp-content\/uploads\/2026\/02\/31-2.jpg","contentUrl":"https:\/\/vitablanca.ma\/wp-content\/uploads\/2026\/02\/31-2.jpg","width":1600,"height":1600},{"@type":"BreadcrumbList","@id":"https:\/\/vitablanca.ma\/produit\/maca-raw-750-mg-90-capsules-vegetales\/#breadcrumb","itemListElement":[{"@type":"ListItem","position":1,"name":"Home","item":"https:\/\/vitablanca.ma\/"},{"@type":"ListItem","position":2,"name":"Tous Les Produits","item":"https:\/\/vitablanca.ma\/tous-les-produits\/"},{"@type":"ListItem","position":3,"name":"Now foods Maca raw 750\u00a0mg 90\u00a0capsules v\u00e9g\u00e9tales"}]},{"@type":"WebSite","@id":"https:\/\/vitablanca.ma\/#website","url":"https:\/\/vitablanca.ma\/","name":"VitaBlanca.ma | Food supplements, health &amp; beauty in Morocco","description":"sell premium vitamins and supplements from USA &amp; Canada, New Zealand, Morocco (NOW Foods, Solgar, Manuka). Fast delivery anywhere in Morocco.","publisher":{"@id":"https:\/\/vitablanca.ma\/#organization"},"alternateName":"VitaBlanca.ma","potentialAction":[{"@type":"SearchAction","target":{"@type":"EntryPoint","urlTemplate":"https:\/\/vitablanca.ma\/?s={search_term_string}"},"query-input":{"@type":"PropertyValueSpecification","valueRequired":true,"valueName":"search_term_string"}}],"inLanguage":"en-US"},{"@type":"Organization","@id":"https:\/\/vitablanca.ma\/#organization","name":"VitaBlanca","url":"https:\/\/vitablanca.ma\/","logo":{"@type":"ImageObject","inLanguage":"en-US","@id":"https:\/\/vitablanca.ma\/#\/schema\/logo\/image\/","url":"https:\/\/vitablanca.ma\/wp-content\/uploads\/2025\/05\/cropped-vitablanca.png","contentUrl":"https:\/\/vitablanca.ma\/wp-content\/uploads\/2025\/05\/cropped-vitablanca.png","width":360,"height":67,"caption":"VitaBlanca"},"image":{"@id":"https:\/\/vitablanca.ma\/#\/schema\/logo\/image\/"},"sameAs":["https:\/\/www.facebook.com\/profile.php?id=61576678196717","https:\/\/www.tiktok.com\/@vitablanca.ma","https:\/\/www.instagram.com\/vitablanca.ma\/"]}]}},"jetpack_sharing_enabled":true,"_links":{"self":[{"href":"https:\/\/vitablanca.ma\/en\/wp-json\/wp\/v2\/product\/28701","targetHints":{"allow":["GET"]}}],"collection":[{"href":"https:\/\/vitablanca.ma\/en\/wp-json\/wp\/v2\/product"}],"about":[{"href":"https:\/\/vitablanca.ma\/en\/wp-json\/wp\/v2\/types\/product"}],"wp:featuredmedia":[{"embeddable":true,"href":"https:\/\/vitablanca.ma\/en\/wp-json\/wp\/v2\/media\/28772"}],"wp:attachment":[{"href":"https:\/\/vitablanca.ma\/en\/wp-json\/wp\/v2\/media?parent=28701"}],"wp:term":[{"taxonomy":"product_brand","embeddable":true,"href":"https:\/\/vitablanca.ma\/en\/wp-json\/wp\/v2\/product_brand?post=28701"},{"taxonomy":"product_cat","embeddable":true,"href":"https:\/\/vitablanca.ma\/en\/wp-json\/wp\/v2\/product_cat?post=28701"},{"taxonomy":"product_tag","embeddable":true,"href":"https:\/\/vitablanca.ma\/en\/wp-json\/wp\/v2\/product_tag?post=28701"}],"curies":[{"name":"wp","href":"https:\/\/api.w.org\/{rel}","templated":true}]}}