{"id":28656,"date":"2026-02-04T23:07:41","date_gmt":"2026-02-04T23:07:41","guid":{"rendered":"https:\/\/vitablanca.ma\/?post_type=product&#038;p=28656"},"modified":"2026-02-21T16:17:03","modified_gmt":"2026-02-21T16:17:03","slug":"vitamine-d3-haute-efficacite-10-000-ui-120-capsules-a-enveloppe-molle","status":"publish","type":"product","link":"https:\/\/vitablanca.ma\/en\/product\/vitamine-d3-haute-efficacite-10-000-ui-120-capsules-a-enveloppe-molle\/","title":{"rendered":"Now foods Vitamine\u00a0D3 Haute efficacit\u00e9 10\u00a0000\u00a0UI 120\u00a0capsules \u00e0 enveloppe molle"},"content":{"rendered":"<p>Sant\u00e9 osseuse et immunitaire<br \/>\nSoutient une dentition saine<br \/>\nFavorise la sant\u00e9 musculaire<br \/>\nGMO-free<br \/>\nFood supplement<br \/>\nCasher, contient de la g\u00e9latine<br \/>\nHalal<br \/>\nVitamins<br \/>\nFamily business since 1968<br \/>\nGMP quality guaranteed<\/p>\n<p>Les capsules \u00e0 enveloppe molle de vitamine\u00a0D3 de NOW\u00ae fournissent cette vitamine essentielle sous forme de capsule \u00e0 enveloppe molle liquide hautement absorbable. La vitamine\u00a0D est normalement obtenue par l&rsquo;alimentation ou produite par la peau gr\u00e2ce \u00e0 l&rsquo;\u00e9nergie ultraviolette du soleil. Cependant, elle est peu abondante dans la nourriture. Alors que de plus en plus de personnes \u00e9vitent de s&rsquo;exposer au soleil, la consommation de compl\u00e9ments en vitamine\u00a0D est de plus en plus essentielle pour s&rsquo;assurer que l&rsquo;organisme en re\u00e7oive une quantit\u00e9 suffisante.<br \/>\nSuggested Use<br \/>\nPrenez 1\u00a0capsule \u00e0 enveloppe molle tous les 3\u00a0jours au cours d&rsquo;un repas contenant des lipides ou suivez les recommandations d&rsquo;un professionnel de la sant\u00e9.<br \/>\nOther ingredients<br \/>\nHuile d&rsquo;olive extra vierge, capsule \u00e0 enveloppe molle (g\u00e9latine bovine) (sans ESB), glyc\u00e9rol, eau] et huile de carthame.<br \/>\nConditionnement aux \u00c9tats-Unis et qualit\u00e9 test\u00e9e aux \u00c9tats-Unis.<br \/>\n\u00c9labor\u00e9 sans ingr\u00e9dients \u00e0 base de\u00a0: levure, bl\u00e9, gluten, soja, ma\u00efs, lait, \u0153ufs, poisson, fruits de mer ni s\u00e9same.<br \/>\nProduit dans un \u00e9tablissement respectant les bonnes pratiques de fabrication qui traite d&rsquo;autres ingr\u00e9dients contenant ces allerg\u00e8nes.<br \/>\nWarnings<br \/>\nR\u00e9serv\u00e9 aux adultes. Ne pas d\u00e9passer la dose recommand\u00e9e. Consulter un m\u00e9decin si vous \u00eates enceinte, allaitez, prenez des m\u00e9dicaments (en particulier des m\u00e9dicaments contre le psoriasis \u00e0 usage topique ou des diur\u00e9tiques thiazidiques) ou si vous pr\u00e9sentez une affection m\u00e9dicale (en particulier une hypercalc\u00e9mie, une maladie r\u00e9nale ou une hyperparathyro\u00efdie). Tenir hors de port\u00e9e des enfants.<br \/>\nUne variation naturelle de couleur peut se produire.<br \/>\nConserver dans un endroit frais et sec apr\u00e8s ouverture.<\/p>","protected":false},"excerpt":{"rendered":"<p>Sant\u00e9 osseuse et immunitaire Soutient une dentition saine Favorise la sant\u00e9 musculaire Sans OGM Compl\u00e9ment alimentaire Casher, contient de la g\u00e9latine Halal Vitamines Entreprise familiale depuis 1968 Qualit\u00e9 BPF garantie Les capsules \u00e0 enveloppe molle de vitamine\u00a0D3 de NOW\u00ae fournissent cette vitamine essentielle sous forme de capsule \u00e0 enveloppe molle liquide hautement absorbable. La vitamine\u00a0D [&hellip;]<\/p>\n","protected":false},"featured_media":28704,"template":"","meta":{"om_disable_all_campaigns":false},"product_brand":[83],"product_cat":[18,3366,7962,7963],"product_tag":[],"class_list":{"0":"post-28656","1":"product","2":"type-product","3":"status-publish","4":"has-post-thumbnail","6":"product_brand-now-foods-maroc-prix","7":"product_cat-beaute-sante","8":"product_cat-complements-alimentaires-au-maroc-vitablanca","9":"product_cat-vitamine-d-2","10":"product_cat-vitamines-2","12":"first","13":"instock","14":"sale","15":"taxable","16":"shipping-taxable","17":"purchasable","18":"product-type-simple"},"yoast_head":"<!-- This site is optimized with the Yoast SEO plugin v27.3 - https:\/\/yoast.com\/product\/yoast-seo-wordpress\/ -->\n<title>Now foods Vitamine\u00a0D3 Haute efficacit\u00e9 10\u00a0000\u00a0UI 120\u00a0capsules \u00e0 enveloppe molle - Maroc Prix<\/title>\n<meta name=\"description\" content=\"Now foods Vitamine\u00a0D3 Haute efficacit\u00e9 10\u00a0000\u00a0UI 120\u00a0capsules \u00e0 enveloppe molle\" \/>\n<meta name=\"robots\" content=\"index, follow, max-snippet:-1, max-image-preview:large, max-video-preview:-1\" \/>\n<link rel=\"canonical\" href=\"https:\/\/vitablanca.ma\/en\/product\/vitamine-d3-haute-efficacite-10-000-ui-120-capsules-a-enveloppe-molle\/\" \/>\n<meta property=\"og:locale\" content=\"en_US\" \/>\n<meta property=\"og:type\" content=\"article\" \/>\n<meta property=\"og:title\" content=\"Now foods Vitamine\u00a0D3 Haute efficacit\u00e9 10\u00a0000\u00a0UI 120\u00a0capsules \u00e0 enveloppe molle - Maroc Prix\" \/>\n<meta property=\"og:description\" content=\"Now foods Vitamine\u00a0D3 Haute efficacit\u00e9 10\u00a0000\u00a0UI 120\u00a0capsules \u00e0 enveloppe molle\" \/>\n<meta property=\"og:url\" content=\"https:\/\/vitablanca.ma\/en\/product\/vitamine-d3-haute-efficacite-10-000-ui-120-capsules-a-enveloppe-molle\/\" \/>\n<meta property=\"og:site_name\" content=\"Vitablanca.ma &ndash; Sant&eacute;, vitalit&eacute; et bien-&ecirc;tre pour tous les Marocains\" \/>\n<meta property=\"article:publisher\" content=\"https:\/\/www.facebook.com\/profile.php?id=61576678196717\" \/>\n<meta property=\"article:modified_time\" content=\"2026-02-21T16:17:03+00:00\" \/>\n<meta property=\"og:image\" content=\"https:\/\/vitablanca.ma\/wp-content\/uploads\/2026\/02\/79-1.jpg\" \/>\n\t<meta property=\"og:image:width\" content=\"1600\" \/>\n\t<meta property=\"og:image:height\" content=\"1600\" \/>\n\t<meta property=\"og:image:type\" content=\"image\/jpeg\" \/>\n<meta name=\"twitter:card\" content=\"summary_large_image\" \/>\n<meta name=\"twitter:label1\" content=\"Est. reading time\" \/>\n\t<meta name=\"twitter:data1\" content=\"2 minutes\" \/>\n<script type=\"application\/ld+json\" class=\"yoast-schema-graph\">{\"@context\":\"https:\\\/\\\/schema.org\",\"@graph\":[{\"@type\":[\"WebPage\",\"ItemPage\"],\"@id\":\"https:\\\/\\\/vitablanca.ma\\\/produit\\\/vitamine-d3-haute-efficacite-10-000-ui-120-capsules-a-enveloppe-molle\\\/\",\"url\":\"https:\\\/\\\/vitablanca.ma\\\/produit\\\/vitamine-d3-haute-efficacite-10-000-ui-120-capsules-a-enveloppe-molle\\\/\",\"name\":\"Now foods Vitamine\u00a0D3 Haute efficacit\u00e9 10\u00a0000\u00a0UI 120\u00a0capsules \u00e0 enveloppe molle - Maroc Prix\",\"isPartOf\":{\"@id\":\"https:\\\/\\\/vitablanca.ma\\\/#website\"},\"primaryImageOfPage\":{\"@id\":\"https:\\\/\\\/vitablanca.ma\\\/produit\\\/vitamine-d3-haute-efficacite-10-000-ui-120-capsules-a-enveloppe-molle\\\/#primaryimage\"},\"image\":{\"@id\":\"https:\\\/\\\/vitablanca.ma\\\/produit\\\/vitamine-d3-haute-efficacite-10-000-ui-120-capsules-a-enveloppe-molle\\\/#primaryimage\"},\"thumbnailUrl\":\"https:\\\/\\\/vitablanca.ma\\\/wp-content\\\/uploads\\\/2026\\\/02\\\/79-1.jpg\",\"datePublished\":\"2026-02-04T23:07:41+00:00\",\"dateModified\":\"2026-02-21T16:17:03+00:00\",\"description\":\"Now foods Vitamine\u00a0D3 Haute efficacit\u00e9 10\u00a0000\u00a0UI 120\u00a0capsules \u00e0 enveloppe molle\",\"breadcrumb\":{\"@id\":\"https:\\\/\\\/vitablanca.ma\\\/produit\\\/vitamine-d3-haute-efficacite-10-000-ui-120-capsules-a-enveloppe-molle\\\/#breadcrumb\"},\"inLanguage\":\"en-US\",\"potentialAction\":[{\"@type\":\"ReadAction\",\"target\":[\"https:\\\/\\\/vitablanca.ma\\\/produit\\\/vitamine-d3-haute-efficacite-10-000-ui-120-capsules-a-enveloppe-molle\\\/\"]}]},{\"@type\":\"ImageObject\",\"inLanguage\":\"en-US\",\"@id\":\"https:\\\/\\\/vitablanca.ma\\\/produit\\\/vitamine-d3-haute-efficacite-10-000-ui-120-capsules-a-enveloppe-molle\\\/#primaryimage\",\"url\":\"https:\\\/\\\/vitablanca.ma\\\/wp-content\\\/uploads\\\/2026\\\/02\\\/79-1.jpg\",\"contentUrl\":\"https:\\\/\\\/vitablanca.ma\\\/wp-content\\\/uploads\\\/2026\\\/02\\\/79-1.jpg\",\"width\":1600,\"height\":1600},{\"@type\":\"BreadcrumbList\",\"@id\":\"https:\\\/\\\/vitablanca.ma\\\/produit\\\/vitamine-d3-haute-efficacite-10-000-ui-120-capsules-a-enveloppe-molle\\\/#breadcrumb\",\"itemListElement\":[{\"@type\":\"ListItem\",\"position\":1,\"name\":\"Home\",\"item\":\"https:\\\/\\\/vitablanca.ma\\\/\"},{\"@type\":\"ListItem\",\"position\":2,\"name\":\"Tous Les Produits\",\"item\":\"https:\\\/\\\/vitablanca.ma\\\/tous-les-produits\\\/\"},{\"@type\":\"ListItem\",\"position\":3,\"name\":\"Now foods Vitamine\u00a0D3 Haute efficacit\u00e9 10\u00a0000\u00a0UI 120\u00a0capsules \u00e0 enveloppe molle\"}]},{\"@type\":\"WebSite\",\"@id\":\"https:\\\/\\\/vitablanca.ma\\\/#website\",\"url\":\"https:\\\/\\\/vitablanca.ma\\\/\",\"name\":\"VitaBlanca.ma | Compl\u00e9ments alimentaires, sant\u00e9 & beaut\u00e9 au Maroc\",\"description\":\"vendre vitamines et compl\u00e9ments premium des USA &amp; Canada, Nouvelle Z\u00e9lande,Maroc (NOW Foods, Solgar, Manuka). Livraison rapide partout au Maroc.\",\"publisher\":{\"@id\":\"https:\\\/\\\/vitablanca.ma\\\/#organization\"},\"alternateName\":\"VitaBlanca.ma\",\"potentialAction\":[{\"@type\":\"SearchAction\",\"target\":{\"@type\":\"EntryPoint\",\"urlTemplate\":\"https:\\\/\\\/vitablanca.ma\\\/?s={search_term_string}\"},\"query-input\":{\"@type\":\"PropertyValueSpecification\",\"valueRequired\":true,\"valueName\":\"search_term_string\"}}],\"inLanguage\":\"en-US\"},{\"@type\":\"Organization\",\"@id\":\"https:\\\/\\\/vitablanca.ma\\\/#organization\",\"name\":\"VitaBlanca\",\"url\":\"https:\\\/\\\/vitablanca.ma\\\/\",\"logo\":{\"@type\":\"ImageObject\",\"inLanguage\":\"en-US\",\"@id\":\"https:\\\/\\\/vitablanca.ma\\\/#\\\/schema\\\/logo\\\/image\\\/\",\"url\":\"https:\\\/\\\/vitablanca.ma\\\/wp-content\\\/uploads\\\/2025\\\/05\\\/cropped-vitablanca.png\",\"contentUrl\":\"https:\\\/\\\/vitablanca.ma\\\/wp-content\\\/uploads\\\/2025\\\/05\\\/cropped-vitablanca.png\",\"width\":360,\"height\":67,\"caption\":\"VitaBlanca\"},\"image\":{\"@id\":\"https:\\\/\\\/vitablanca.ma\\\/#\\\/schema\\\/logo\\\/image\\\/\"},\"sameAs\":[\"https:\\\/\\\/www.facebook.com\\\/profile.php?id=61576678196717\",\"https:\\\/\\\/www.tiktok.com\\\/@vitablanca.ma\",\"https:\\\/\\\/www.instagram.com\\\/vitablanca.ma\\\/\"]}]}<\/script>\n<!-- \/ Yoast SEO plugin. -->","yoast_head_json":{"title":"Now foods Vitamine\u00a0D3 Haute efficacit\u00e9 10\u00a0000\u00a0UI 120\u00a0capsules \u00e0 enveloppe molle - Maroc Prix","description":"Now foods Vitamine\u00a0D3 Haute efficacit\u00e9 10\u00a0000\u00a0UI 120\u00a0capsules \u00e0 enveloppe molle","robots":{"index":"index","follow":"follow","max-snippet":"max-snippet:-1","max-image-preview":"max-image-preview:large","max-video-preview":"max-video-preview:-1"},"canonical":"https:\/\/vitablanca.ma\/en\/product\/vitamine-d3-haute-efficacite-10-000-ui-120-capsules-a-enveloppe-molle\/","og_locale":"en_US","og_type":"article","og_title":"Now foods Vitamine\u00a0D3 Haute efficacit\u00e9 10\u00a0000\u00a0UI 120\u00a0capsules \u00e0 enveloppe molle - Maroc Prix","og_description":"Now foods Vitamine\u00a0D3 Haute efficacit\u00e9 10\u00a0000\u00a0UI 120\u00a0capsules \u00e0 enveloppe molle","og_url":"https:\/\/vitablanca.ma\/en\/product\/vitamine-d3-haute-efficacite-10-000-ui-120-capsules-a-enveloppe-molle\/","og_site_name":"Vitablanca.ma &ndash; Sant&eacute;, vitalit&eacute; et bien-&ecirc;tre pour tous les Marocains","article_publisher":"https:\/\/www.facebook.com\/profile.php?id=61576678196717","article_modified_time":"2026-02-21T16:17:03+00:00","og_image":[{"width":1600,"height":1600,"url":"https:\/\/vitablanca.ma\/wp-content\/uploads\/2026\/02\/79-1.jpg","type":"image\/jpeg"}],"twitter_card":"summary_large_image","twitter_misc":{"Est. reading time":"2 minutes"},"schema":{"@context":"https:\/\/schema.org","@graph":[{"@type":["WebPage","ItemPage"],"@id":"https:\/\/vitablanca.ma\/produit\/vitamine-d3-haute-efficacite-10-000-ui-120-capsules-a-enveloppe-molle\/","url":"https:\/\/vitablanca.ma\/produit\/vitamine-d3-haute-efficacite-10-000-ui-120-capsules-a-enveloppe-molle\/","name":"Now foods Vitamine\u00a0D3 Haute efficacit\u00e9 10\u00a0000\u00a0UI 120\u00a0capsules \u00e0 enveloppe molle - Maroc Prix","isPartOf":{"@id":"https:\/\/vitablanca.ma\/#website"},"primaryImageOfPage":{"@id":"https:\/\/vitablanca.ma\/produit\/vitamine-d3-haute-efficacite-10-000-ui-120-capsules-a-enveloppe-molle\/#primaryimage"},"image":{"@id":"https:\/\/vitablanca.ma\/produit\/vitamine-d3-haute-efficacite-10-000-ui-120-capsules-a-enveloppe-molle\/#primaryimage"},"thumbnailUrl":"https:\/\/vitablanca.ma\/wp-content\/uploads\/2026\/02\/79-1.jpg","datePublished":"2026-02-04T23:07:41+00:00","dateModified":"2026-02-21T16:17:03+00:00","description":"Now foods Vitamine\u00a0D3 Haute efficacit\u00e9 10\u00a0000\u00a0UI 120\u00a0capsules \u00e0 enveloppe molle","breadcrumb":{"@id":"https:\/\/vitablanca.ma\/produit\/vitamine-d3-haute-efficacite-10-000-ui-120-capsules-a-enveloppe-molle\/#breadcrumb"},"inLanguage":"en-US","potentialAction":[{"@type":"ReadAction","target":["https:\/\/vitablanca.ma\/produit\/vitamine-d3-haute-efficacite-10-000-ui-120-capsules-a-enveloppe-molle\/"]}]},{"@type":"ImageObject","inLanguage":"en-US","@id":"https:\/\/vitablanca.ma\/produit\/vitamine-d3-haute-efficacite-10-000-ui-120-capsules-a-enveloppe-molle\/#primaryimage","url":"https:\/\/vitablanca.ma\/wp-content\/uploads\/2026\/02\/79-1.jpg","contentUrl":"https:\/\/vitablanca.ma\/wp-content\/uploads\/2026\/02\/79-1.jpg","width":1600,"height":1600},{"@type":"BreadcrumbList","@id":"https:\/\/vitablanca.ma\/produit\/vitamine-d3-haute-efficacite-10-000-ui-120-capsules-a-enveloppe-molle\/#breadcrumb","itemListElement":[{"@type":"ListItem","position":1,"name":"Home","item":"https:\/\/vitablanca.ma\/"},{"@type":"ListItem","position":2,"name":"Tous Les Produits","item":"https:\/\/vitablanca.ma\/tous-les-produits\/"},{"@type":"ListItem","position":3,"name":"Now foods Vitamine\u00a0D3 Haute efficacit\u00e9 10\u00a0000\u00a0UI 120\u00a0capsules \u00e0 enveloppe molle"}]},{"@type":"WebSite","@id":"https:\/\/vitablanca.ma\/#website","url":"https:\/\/vitablanca.ma\/","name":"VitaBlanca.ma | Food supplements, health &amp; beauty in Morocco","description":"sell premium vitamins and supplements from USA &amp; Canada, New Zealand, Morocco (NOW Foods, Solgar, Manuka). Fast delivery anywhere in Morocco.","publisher":{"@id":"https:\/\/vitablanca.ma\/#organization"},"alternateName":"VitaBlanca.ma","potentialAction":[{"@type":"SearchAction","target":{"@type":"EntryPoint","urlTemplate":"https:\/\/vitablanca.ma\/?s={search_term_string}"},"query-input":{"@type":"PropertyValueSpecification","valueRequired":true,"valueName":"search_term_string"}}],"inLanguage":"en-US"},{"@type":"Organization","@id":"https:\/\/vitablanca.ma\/#organization","name":"VitaBlanca","url":"https:\/\/vitablanca.ma\/","logo":{"@type":"ImageObject","inLanguage":"en-US","@id":"https:\/\/vitablanca.ma\/#\/schema\/logo\/image\/","url":"https:\/\/vitablanca.ma\/wp-content\/uploads\/2025\/05\/cropped-vitablanca.png","contentUrl":"https:\/\/vitablanca.ma\/wp-content\/uploads\/2025\/05\/cropped-vitablanca.png","width":360,"height":67,"caption":"VitaBlanca"},"image":{"@id":"https:\/\/vitablanca.ma\/#\/schema\/logo\/image\/"},"sameAs":["https:\/\/www.facebook.com\/profile.php?id=61576678196717","https:\/\/www.tiktok.com\/@vitablanca.ma","https:\/\/www.instagram.com\/vitablanca.ma\/"]}]}},"jetpack_sharing_enabled":true,"_links":{"self":[{"href":"https:\/\/vitablanca.ma\/en\/wp-json\/wp\/v2\/product\/28656","targetHints":{"allow":["GET"]}}],"collection":[{"href":"https:\/\/vitablanca.ma\/en\/wp-json\/wp\/v2\/product"}],"about":[{"href":"https:\/\/vitablanca.ma\/en\/wp-json\/wp\/v2\/types\/product"}],"wp:featuredmedia":[{"embeddable":true,"href":"https:\/\/vitablanca.ma\/en\/wp-json\/wp\/v2\/media\/28704"}],"wp:attachment":[{"href":"https:\/\/vitablanca.ma\/en\/wp-json\/wp\/v2\/media?parent=28656"}],"wp:term":[{"taxonomy":"product_brand","embeddable":true,"href":"https:\/\/vitablanca.ma\/en\/wp-json\/wp\/v2\/product_brand?post=28656"},{"taxonomy":"product_cat","embeddable":true,"href":"https:\/\/vitablanca.ma\/en\/wp-json\/wp\/v2\/product_cat?post=28656"},{"taxonomy":"product_tag","embeddable":true,"href":"https:\/\/vitablanca.ma\/en\/wp-json\/wp\/v2\/product_tag?post=28656"}],"curies":[{"name":"wp","href":"https:\/\/api.w.org\/{rel}","templated":true}]}}