{"id":28655,"date":"2026-02-04T23:07:40","date_gmt":"2026-02-04T23:07:40","guid":{"rendered":"https:\/\/vitablanca.ma\/?post_type=product&#038;p=28655"},"modified":"2026-02-21T16:17:03","modified_gmt":"2026-02-21T16:17:03","slug":"ashwagandha-extrait-standardise-450-mg-90-capsules-vegetariennes","status":"publish","type":"product","link":"https:\/\/vitablanca.ma\/en\/product\/ashwagandha-extrait-standardise-450-mg-90-capsules-vegetariennes\/","title":{"rendered":"Now foods Ashwagandha Extrait standardis\u00e9 450\u00a0mg 90\u00a0capsules v\u00e9g\u00e9tariennes"},"content":{"rendered":"<p>Adaptog\u00e8ne ayurv\u00e9dique<br \/>\nCaptures free radicals<br \/>\nRenforcement du syst\u00e8me immunitaire<br \/>\nGMO-free<br \/>\nFood supplement<br \/>\nVegetarian\/Vegan<br \/>\nKosher<br \/>\nPlants\/Herbs<br \/>\nFamily business since 1968<br \/>\nHalal<br \/>\nGMP quality guaranteed<\/p>\n<p>L\u2019ashwagandha est une plante couramment utilis\u00e9e dans la m\u00e9decine ayurv\u00e9dique pratiqu\u00e9e en Inde, qui repose sur une utilisation traditionnelle des plantes. L\u2019ashwagandha est utilis\u00e9e comme tonique traditionnel et \u201cadaptog\u00e8ne\u201d, aidant l\u2019organisme \u00e0 s\u2019adapter \u00e0 un niveau normal de stress occasionnel. De plus, des donn\u00e9es pr\u00e9liminaires sugg\u00e8rent que l\u2019ashwagandha favorise la bonne sant\u00e9 du syst\u00e8me immunitaire.<br \/>\nSuggested Use<br \/>\nPrenez 1\u00a0capsule 2 \u00e0 3\u00a0fois par jour.<br \/>\nOther ingredients<br \/>\nHypromellose (capsule de cellulose), acide st\u00e9arique (d\u2019origine v\u00e9g\u00e9tale) et farine de riz.<br \/>\n\u00c9labor\u00e9 sans ingr\u00e9dients \u00e0 base de\u00a0: levure, bl\u00e9, gluten, soja, lait, \u0153ufs, poisson, fruits de mer, fruits \u00e0 coque ni s\u00e9same.<br \/>\nProduit dans un \u00e9tablissement respectant les bonnes pratiques de fabrication qui traite d\u2019autres ingr\u00e9dients contenant ces allerg\u00e8nes.<br \/>\nFabrication aux \u00c9tats-Unis et qualit\u00e9 test\u00e9e aux \u00c9tats-Unis avec des ingr\u00e9dients provenant du monde entier.<br \/>\nWarnings<br \/>\nR\u00e9serv\u00e9 aux adultes. D\u00e9conseill\u00e9 aux femmes enceintes \/ allaitantes. Consultez un m\u00e9decin si vous prenez des m\u00e9dicaments (en particulier des hormones thyro\u00efdiennes) ou pr\u00e9sentez une affection m\u00e9dicale (en particulier des troubles de la thyro\u00efde et affections gastro-intestinales, notamment des ulc\u00e8res). Ce produit peut provoquer des troubles digestifs chez certaines personnes sensibles. Si vous ressentez un inconfort gastro-intestinal apr\u00e8s avoir utilis\u00e9 ce produit, cessez l\u2019utilisation. Tenir hors de port\u00e9e des enfants.<br \/>\nUne variation naturelle de couleur peut se produire.<br \/>\nConserver dans un endroit frais et sec apr\u00e8s ouverture.<\/p>","protected":false},"excerpt":{"rendered":"<p>Adaptog\u00e8ne ayurv\u00e9dique Capte les radicaux libres Renforcement du syst\u00e8me immunitaire Sans OGM Compl\u00e9ment alimentaire V\u00e9g\u00e9tarien\/Vegan Casher Plantes\/Herbes Entreprise familiale depuis 1968 Halal Qualit\u00e9 BPF garantie L\u2019ashwagandha est une plante couramment utilis\u00e9e dans la m\u00e9decine ayurv\u00e9dique pratiqu\u00e9e en Inde, qui repose sur une utilisation traditionnelle des plantes. L\u2019ashwagandha est utilis\u00e9e comme tonique traditionnel et \u201cadaptog\u00e8ne\u201d, aidant [&hellip;]<\/p>\n","protected":false},"featured_media":28697,"template":"","meta":{"om_disable_all_campaigns":false},"product_brand":[83],"product_cat":[7966,18,3366,7967],"product_tag":[],"class_list":{"0":"post-28655","1":"product","2":"type-product","3":"status-publish","4":"has-post-thumbnail","6":"product_brand-now-foods-maroc-prix","7":"product_cat-ashwagandha","8":"product_cat-beaute-sante","9":"product_cat-complements-alimentaires-au-maroc-vitablanca","10":"product_cat-herbs","12":"first","13":"instock","14":"sale","15":"taxable","16":"shipping-taxable","17":"purchasable","18":"product-type-simple"},"yoast_head":"<!-- This site is optimized with the Yoast SEO plugin v27.5 - https:\/\/yoast.com\/product\/yoast-seo-wordpress\/ -->\n<title>Now foods Ashwagandha Extrait standardis\u00e9 450\u00a0mg 90\u00a0capsules v\u00e9g\u00e9tariennes - Maroc Prix<\/title>\n<meta name=\"description\" content=\"Now foods Ashwagandha Extrait standardis\u00e9 450\u00a0mg 90\u00a0capsules v\u00e9g\u00e9tariennes\" \/>\n<meta name=\"robots\" content=\"index, follow, max-snippet:-1, max-image-preview:large, max-video-preview:-1\" \/>\n<link rel=\"canonical\" href=\"https:\/\/vitablanca.ma\/en\/product\/ashwagandha-extrait-standardise-450-mg-90-capsules-vegetariennes\/\" \/>\n<meta property=\"og:locale\" content=\"en_US\" \/>\n<meta property=\"og:type\" content=\"article\" \/>\n<meta property=\"og:title\" content=\"Now foods Ashwagandha Extrait standardis\u00e9 450\u00a0mg 90\u00a0capsules v\u00e9g\u00e9tariennes - Maroc Prix\" \/>\n<meta property=\"og:description\" content=\"Now foods Ashwagandha Extrait standardis\u00e9 450\u00a0mg 90\u00a0capsules v\u00e9g\u00e9tariennes\" \/>\n<meta property=\"og:url\" content=\"https:\/\/vitablanca.ma\/en\/product\/ashwagandha-extrait-standardise-450-mg-90-capsules-vegetariennes\/\" \/>\n<meta property=\"og:site_name\" content=\"Vitablanca.ma &ndash; Sant&eacute;, vitalit&eacute; et bien-&ecirc;tre pour tous les Marocains\" \/>\n<meta property=\"article:publisher\" content=\"https:\/\/www.facebook.com\/profile.php?id=61576678196717\" \/>\n<meta property=\"article:modified_time\" content=\"2026-02-21T16:17:03+00:00\" \/>\n<meta property=\"og:image\" content=\"https:\/\/vitablanca.ma\/wp-content\/uploads\/2026\/02\/83.jpg\" \/>\n\t<meta property=\"og:image:width\" content=\"1600\" \/>\n\t<meta property=\"og:image:height\" content=\"1600\" \/>\n\t<meta property=\"og:image:type\" content=\"image\/jpeg\" \/>\n<meta name=\"twitter:card\" content=\"summary_large_image\" \/>\n<meta name=\"twitter:label1\" content=\"Est. reading time\" \/>\n\t<meta name=\"twitter:data1\" content=\"1 minute\" \/>\n<script type=\"application\/ld+json\" class=\"yoast-schema-graph\">{\"@context\":\"https:\\\/\\\/schema.org\",\"@graph\":[{\"@type\":[\"WebPage\",\"ItemPage\"],\"@id\":\"https:\\\/\\\/vitablanca.ma\\\/produit\\\/ashwagandha-extrait-standardise-450-mg-90-capsules-vegetariennes\\\/\",\"url\":\"https:\\\/\\\/vitablanca.ma\\\/produit\\\/ashwagandha-extrait-standardise-450-mg-90-capsules-vegetariennes\\\/\",\"name\":\"Now foods Ashwagandha Extrait standardis\u00e9 450\u00a0mg 90\u00a0capsules v\u00e9g\u00e9tariennes - Maroc Prix\",\"isPartOf\":{\"@id\":\"https:\\\/\\\/vitablanca.ma\\\/#website\"},\"primaryImageOfPage\":{\"@id\":\"https:\\\/\\\/vitablanca.ma\\\/produit\\\/ashwagandha-extrait-standardise-450-mg-90-capsules-vegetariennes\\\/#primaryimage\"},\"image\":{\"@id\":\"https:\\\/\\\/vitablanca.ma\\\/produit\\\/ashwagandha-extrait-standardise-450-mg-90-capsules-vegetariennes\\\/#primaryimage\"},\"thumbnailUrl\":\"https:\\\/\\\/vitablanca.ma\\\/wp-content\\\/uploads\\\/2026\\\/02\\\/83.jpg\",\"datePublished\":\"2026-02-04T23:07:40+00:00\",\"dateModified\":\"2026-02-21T16:17:03+00:00\",\"description\":\"Now foods Ashwagandha Extrait standardis\u00e9 450\u00a0mg 90\u00a0capsules v\u00e9g\u00e9tariennes\",\"breadcrumb\":{\"@id\":\"https:\\\/\\\/vitablanca.ma\\\/produit\\\/ashwagandha-extrait-standardise-450-mg-90-capsules-vegetariennes\\\/#breadcrumb\"},\"inLanguage\":\"en-US\",\"potentialAction\":[{\"@type\":\"ReadAction\",\"target\":[\"https:\\\/\\\/vitablanca.ma\\\/produit\\\/ashwagandha-extrait-standardise-450-mg-90-capsules-vegetariennes\\\/\"]}]},{\"@type\":\"ImageObject\",\"inLanguage\":\"en-US\",\"@id\":\"https:\\\/\\\/vitablanca.ma\\\/produit\\\/ashwagandha-extrait-standardise-450-mg-90-capsules-vegetariennes\\\/#primaryimage\",\"url\":\"https:\\\/\\\/vitablanca.ma\\\/wp-content\\\/uploads\\\/2026\\\/02\\\/83.jpg\",\"contentUrl\":\"https:\\\/\\\/vitablanca.ma\\\/wp-content\\\/uploads\\\/2026\\\/02\\\/83.jpg\",\"width\":1600,\"height\":1600},{\"@type\":\"BreadcrumbList\",\"@id\":\"https:\\\/\\\/vitablanca.ma\\\/produit\\\/ashwagandha-extrait-standardise-450-mg-90-capsules-vegetariennes\\\/#breadcrumb\",\"itemListElement\":[{\"@type\":\"ListItem\",\"position\":1,\"name\":\"Home\",\"item\":\"https:\\\/\\\/vitablanca.ma\\\/\"},{\"@type\":\"ListItem\",\"position\":2,\"name\":\"Tous Les Produits\",\"item\":\"https:\\\/\\\/vitablanca.ma\\\/tous-les-produits\\\/\"},{\"@type\":\"ListItem\",\"position\":3,\"name\":\"Now foods Ashwagandha Extrait standardis\u00e9 450\u00a0mg 90\u00a0capsules v\u00e9g\u00e9tariennes\"}]},{\"@type\":\"WebSite\",\"@id\":\"https:\\\/\\\/vitablanca.ma\\\/#website\",\"url\":\"https:\\\/\\\/vitablanca.ma\\\/\",\"name\":\"VitaBlanca.ma | Compl\u00e9ments alimentaires, sant\u00e9 & beaut\u00e9 au Maroc\",\"description\":\"vendre vitamines et compl\u00e9ments premium des USA &amp; Canada, Nouvelle Z\u00e9lande,Maroc (NOW Foods, Solgar, Manuka). Livraison rapide partout au Maroc.\",\"publisher\":{\"@id\":\"https:\\\/\\\/vitablanca.ma\\\/#organization\"},\"alternateName\":\"VitaBlanca.ma\",\"potentialAction\":[{\"@type\":\"SearchAction\",\"target\":{\"@type\":\"EntryPoint\",\"urlTemplate\":\"https:\\\/\\\/vitablanca.ma\\\/?s={search_term_string}\"},\"query-input\":{\"@type\":\"PropertyValueSpecification\",\"valueRequired\":true,\"valueName\":\"search_term_string\"}}],\"inLanguage\":\"en-US\"},{\"@type\":\"Organization\",\"@id\":\"https:\\\/\\\/vitablanca.ma\\\/#organization\",\"name\":\"VitaBlanca\",\"url\":\"https:\\\/\\\/vitablanca.ma\\\/\",\"logo\":{\"@type\":\"ImageObject\",\"inLanguage\":\"en-US\",\"@id\":\"https:\\\/\\\/vitablanca.ma\\\/#\\\/schema\\\/logo\\\/image\\\/\",\"url\":\"https:\\\/\\\/vitablanca.ma\\\/wp-content\\\/uploads\\\/2025\\\/05\\\/cropped-vitablanca.png\",\"contentUrl\":\"https:\\\/\\\/vitablanca.ma\\\/wp-content\\\/uploads\\\/2025\\\/05\\\/cropped-vitablanca.png\",\"width\":360,\"height\":67,\"caption\":\"VitaBlanca\"},\"image\":{\"@id\":\"https:\\\/\\\/vitablanca.ma\\\/#\\\/schema\\\/logo\\\/image\\\/\"},\"sameAs\":[\"https:\\\/\\\/www.facebook.com\\\/profile.php?id=61576678196717\",\"https:\\\/\\\/www.tiktok.com\\\/@vitablanca.ma\",\"https:\\\/\\\/www.instagram.com\\\/vitablanca.ma\\\/\"]}]}<\/script>\n<!-- \/ Yoast SEO plugin. -->","yoast_head_json":{"title":"Now foods Ashwagandha Extrait standardis\u00e9 450\u00a0mg 90\u00a0capsules v\u00e9g\u00e9tariennes - Maroc Prix","description":"Now foods Ashwagandha Extrait standardis\u00e9 450\u00a0mg 90\u00a0capsules v\u00e9g\u00e9tariennes","robots":{"index":"index","follow":"follow","max-snippet":"max-snippet:-1","max-image-preview":"max-image-preview:large","max-video-preview":"max-video-preview:-1"},"canonical":"https:\/\/vitablanca.ma\/en\/product\/ashwagandha-extrait-standardise-450-mg-90-capsules-vegetariennes\/","og_locale":"en_US","og_type":"article","og_title":"Now foods Ashwagandha Extrait standardis\u00e9 450\u00a0mg 90\u00a0capsules v\u00e9g\u00e9tariennes - Maroc Prix","og_description":"Now foods Ashwagandha Extrait standardis\u00e9 450\u00a0mg 90\u00a0capsules v\u00e9g\u00e9tariennes","og_url":"https:\/\/vitablanca.ma\/en\/product\/ashwagandha-extrait-standardise-450-mg-90-capsules-vegetariennes\/","og_site_name":"Vitablanca.ma &ndash; Sant&eacute;, vitalit&eacute; et bien-&ecirc;tre pour tous les Marocains","article_publisher":"https:\/\/www.facebook.com\/profile.php?id=61576678196717","article_modified_time":"2026-02-21T16:17:03+00:00","og_image":[{"width":1600,"height":1600,"url":"https:\/\/vitablanca.ma\/wp-content\/uploads\/2026\/02\/83.jpg","type":"image\/jpeg"}],"twitter_card":"summary_large_image","twitter_misc":{"Est. reading time":"1 minute"},"schema":{"@context":"https:\/\/schema.org","@graph":[{"@type":["WebPage","ItemPage"],"@id":"https:\/\/vitablanca.ma\/produit\/ashwagandha-extrait-standardise-450-mg-90-capsules-vegetariennes\/","url":"https:\/\/vitablanca.ma\/produit\/ashwagandha-extrait-standardise-450-mg-90-capsules-vegetariennes\/","name":"Now foods Ashwagandha Extrait standardis\u00e9 450\u00a0mg 90\u00a0capsules v\u00e9g\u00e9tariennes - Maroc Prix","isPartOf":{"@id":"https:\/\/vitablanca.ma\/#website"},"primaryImageOfPage":{"@id":"https:\/\/vitablanca.ma\/produit\/ashwagandha-extrait-standardise-450-mg-90-capsules-vegetariennes\/#primaryimage"},"image":{"@id":"https:\/\/vitablanca.ma\/produit\/ashwagandha-extrait-standardise-450-mg-90-capsules-vegetariennes\/#primaryimage"},"thumbnailUrl":"https:\/\/vitablanca.ma\/wp-content\/uploads\/2026\/02\/83.jpg","datePublished":"2026-02-04T23:07:40+00:00","dateModified":"2026-02-21T16:17:03+00:00","description":"Now foods Ashwagandha Extrait standardis\u00e9 450\u00a0mg 90\u00a0capsules v\u00e9g\u00e9tariennes","breadcrumb":{"@id":"https:\/\/vitablanca.ma\/produit\/ashwagandha-extrait-standardise-450-mg-90-capsules-vegetariennes\/#breadcrumb"},"inLanguage":"en-US","potentialAction":[{"@type":"ReadAction","target":["https:\/\/vitablanca.ma\/produit\/ashwagandha-extrait-standardise-450-mg-90-capsules-vegetariennes\/"]}]},{"@type":"ImageObject","inLanguage":"en-US","@id":"https:\/\/vitablanca.ma\/produit\/ashwagandha-extrait-standardise-450-mg-90-capsules-vegetariennes\/#primaryimage","url":"https:\/\/vitablanca.ma\/wp-content\/uploads\/2026\/02\/83.jpg","contentUrl":"https:\/\/vitablanca.ma\/wp-content\/uploads\/2026\/02\/83.jpg","width":1600,"height":1600},{"@type":"BreadcrumbList","@id":"https:\/\/vitablanca.ma\/produit\/ashwagandha-extrait-standardise-450-mg-90-capsules-vegetariennes\/#breadcrumb","itemListElement":[{"@type":"ListItem","position":1,"name":"Home","item":"https:\/\/vitablanca.ma\/"},{"@type":"ListItem","position":2,"name":"Tous Les Produits","item":"https:\/\/vitablanca.ma\/tous-les-produits\/"},{"@type":"ListItem","position":3,"name":"Now foods Ashwagandha Extrait standardis\u00e9 450\u00a0mg 90\u00a0capsules v\u00e9g\u00e9tariennes"}]},{"@type":"WebSite","@id":"https:\/\/vitablanca.ma\/#website","url":"https:\/\/vitablanca.ma\/","name":"VitaBlanca.ma | Food supplements, health &amp; beauty in Morocco","description":"sell premium vitamins and supplements from USA &amp; Canada, New Zealand, Morocco (NOW Foods, Solgar, Manuka). Fast delivery anywhere in Morocco.","publisher":{"@id":"https:\/\/vitablanca.ma\/#organization"},"alternateName":"VitaBlanca.ma","potentialAction":[{"@type":"SearchAction","target":{"@type":"EntryPoint","urlTemplate":"https:\/\/vitablanca.ma\/?s={search_term_string}"},"query-input":{"@type":"PropertyValueSpecification","valueRequired":true,"valueName":"search_term_string"}}],"inLanguage":"en-US"},{"@type":"Organization","@id":"https:\/\/vitablanca.ma\/#organization","name":"VitaBlanca","url":"https:\/\/vitablanca.ma\/","logo":{"@type":"ImageObject","inLanguage":"en-US","@id":"https:\/\/vitablanca.ma\/#\/schema\/logo\/image\/","url":"https:\/\/vitablanca.ma\/wp-content\/uploads\/2025\/05\/cropped-vitablanca.png","contentUrl":"https:\/\/vitablanca.ma\/wp-content\/uploads\/2025\/05\/cropped-vitablanca.png","width":360,"height":67,"caption":"VitaBlanca"},"image":{"@id":"https:\/\/vitablanca.ma\/#\/schema\/logo\/image\/"},"sameAs":["https:\/\/www.facebook.com\/profile.php?id=61576678196717","https:\/\/www.tiktok.com\/@vitablanca.ma","https:\/\/www.instagram.com\/vitablanca.ma\/"]}]}},"jetpack_sharing_enabled":true,"_links":{"self":[{"href":"https:\/\/vitablanca.ma\/en\/wp-json\/wp\/v2\/product\/28655","targetHints":{"allow":["GET"]}}],"collection":[{"href":"https:\/\/vitablanca.ma\/en\/wp-json\/wp\/v2\/product"}],"about":[{"href":"https:\/\/vitablanca.ma\/en\/wp-json\/wp\/v2\/types\/product"}],"wp:featuredmedia":[{"embeddable":true,"href":"https:\/\/vitablanca.ma\/en\/wp-json\/wp\/v2\/media\/28697"}],"wp:attachment":[{"href":"https:\/\/vitablanca.ma\/en\/wp-json\/wp\/v2\/media?parent=28655"}],"wp:term":[{"taxonomy":"product_brand","embeddable":true,"href":"https:\/\/vitablanca.ma\/en\/wp-json\/wp\/v2\/product_brand?post=28655"},{"taxonomy":"product_cat","embeddable":true,"href":"https:\/\/vitablanca.ma\/en\/wp-json\/wp\/v2\/product_cat?post=28655"},{"taxonomy":"product_tag","embeddable":true,"href":"https:\/\/vitablanca.ma\/en\/wp-json\/wp\/v2\/product_tag?post=28655"}],"curies":[{"name":"wp","href":"https:\/\/api.w.org\/{rel}","templated":true}]}}