{"id":28533,"date":"2026-02-02T15:06:07","date_gmt":"2026-02-02T15:06:07","guid":{"rendered":"https:\/\/vitablanca.ma\/?post_type=product&#038;p=28533"},"modified":"2026-02-02T15:06:08","modified_gmt":"2026-02-02T15:06:08","slug":"garnier-fast-clear-booster-salicylic-acid-serum-30-ml-maroc-prix","status":"publish","type":"product","link":"https:\/\/vitablanca.ma\/en\/product\/garnier-fast-clear-booster-salicylic-acid-serum-30-ml-maroc-prix\/","title":{"rendered":"Garnier Fast Clear Booster Salicylic Acid Serum 30 ml"},"content":{"rendered":"<p><strong>GARNIER S\u00e9rum Anti-Acn\u00e9 (Avec 4% De Vitamine C + Salicylique + Niacinamide + AHA Pour Combattre L\u2019acn\u00e9 Et Estomper Les Taches Brunes)<\/strong><\/p>\n<p>Nouveau Garnier Fast Clear\u00a0Anti Acne Booster Serum aliment\u00e9 avec 4% de vitamine C + Salicyclique + Niacinamide + AHA, aide \u00e0 combattre l\u2019acn\u00e9 et \u00e0 estomper les taches brunes. La peau est apais\u00e9e, visiblement plus lumineuse et plus nette.<\/p>\n<p>Garnier Fast Clear Booster est un s\u00e9rum anti-acn\u00e9, sp\u00e9cialement con\u00e7u\u00a0pour les peaux sujettes aux imperfections. Il a \u00e9t\u00e9 test\u00e9 en clinique et a d\u00e9montr\u00e9 une r\u00e9duction de 90 % des signes d&rsquo;acn\u00e9. Sa formule magique contient un m\u00e9lange de 4 % d&rsquo;acide salicylique, de vitamine C, de niacinamide et d&rsquo;AHA, qui aide \u00e0 att\u00e9nuer les boutons. C<strong>e s\u00e9rum est non com\u00e9dog\u00e8ne et a \u00e9t\u00e9 test\u00e9 dermatologiquement pour assurer une utilisation s\u00fbre.<\/strong><\/p>\n<p><strong>Comment utiliser le Serum Fast Clear Booster ?<\/strong><\/p>\n<ol>\n<li>Apr\u00e8s avoir nettoy\u00e9 votre visage, appliquez le s\u00e9rum de mani\u00e8re uniforme sur l&rsquo;ensemble de votre visage.<\/li>\n<li>Utilisez le s\u00e9rum matin et soir pour de meilleurs r\u00e9sultats. \u00c9vitez d&rsquo;appliquer le produit sur le contour des yeux.<\/li>\n<li>En cas de contact avec les yeux, rincez-les imm\u00e9diatement et abondamment pour \u00e9viter toute irritation.<\/li>\n<li>Lorsque vous utilisez le s\u00e9rum, il est important de compl\u00e9ter votre routine avec une protection solaire pour prot\u00e9ger votre peau des rayons UV.<\/li>\n<\/ol>","protected":false},"excerpt":{"rendered":"<ul>\n<li><strong>Nom de marque :<\/strong>\u00a0 GARNIER.<\/li>\n<li><strong>Skin type<\/strong>\u00a0<strong>:<\/strong>\u00a0 Tout type de peau.<\/li>\n<li><strong>Forme du produit :<\/strong>\u00a0Goutte.<\/li>\n<li><strong>Ingredients actifs :\u00a0<\/strong>Vitamine C, niacinamide, acide salicylique.<\/li>\n<li><strong>Capacit\u00e9 :<\/strong>\u00a030ml.<\/li>\n<li><strong>Formula:\u00a0<\/strong>non test\u00e9e sur les animaux et sans cruaut\u00e9.<\/li>\n<li><strong>Poids de l&rsquo;article:\u00a0<\/strong>90 grammes.<\/li>\n<\/ul>\n<p>&nbsp;<\/p>","protected":false},"featured_media":28534,"template":"","meta":{"om_disable_all_campaigns":false},"product_brand":[7146],"product_cat":[18],"product_tag":[7149,6975,7148,7147,6948,3492,6353,6976,6186,5863],"class_list":{"0":"post-28533","1":"product","2":"type-product","3":"status-publish","4":"has-post-thumbnail","6":"product_brand-garnier-fructis","7":"product_cat-beaute-sante","8":"product_tag-acide-salicylique","9":"product_tag-anti-acne","10":"product_tag-fast-clear","11":"product_tag-garnier","12":"product_tag-imperfections","13":"product_tag-maroc","14":"product_tag-peau-grasse","15":"product_tag-pores","16":"product_tag-serum-visage","17":"product_tag-soin-visage","19":"first","20":"instock","21":"sale","22":"taxable","23":"shipping-taxable","24":"purchasable","25":"product-type-simple"},"yoast_head":"<!-- This site is optimized with the Yoast SEO plugin v27.4 - https:\/\/yoast.com\/product\/yoast-seo-wordpress\/ -->\n<title>Garnier Fast Clear Booster S\u00e9rum Acid Salicylique 30 \u2013 Maroc Prix<\/title>\n<meta name=\"description\" content=\"S\u00e9rum booster Garnier Fast Clear \u00e0 l\u2019acide salicylique pour r\u00e9duire l\u2019acn\u00e9, purifier la peau et affiner les pores. Soin efficace contre les imperfections.\" \/>\n<meta name=\"robots\" content=\"index, follow, max-snippet:-1, max-image-preview:large, max-video-preview:-1\" \/>\n<link rel=\"canonical\" href=\"https:\/\/vitablanca.ma\/en\/product\/garnier-fast-clear-booster-salicylic-acid-serum-30-ml-maroc-prix\/\" \/>\n<meta property=\"og:locale\" content=\"en_US\" \/>\n<meta property=\"og:type\" content=\"article\" \/>\n<meta property=\"og:title\" content=\"Garnier Fast Clear Booster S\u00e9rum Acid Salicylique 30 \u2013 Maroc Prix\" \/>\n<meta property=\"og:description\" content=\"S\u00e9rum booster Garnier Fast Clear \u00e0 l\u2019acide salicylique pour r\u00e9duire l\u2019acn\u00e9, purifier la peau et affiner les pores. Soin efficace contre les imperfections.\" \/>\n<meta property=\"og:url\" content=\"https:\/\/vitablanca.ma\/en\/product\/garnier-fast-clear-booster-salicylic-acid-serum-30-ml-maroc-prix\/\" \/>\n<meta property=\"og:site_name\" content=\"Vitablanca.ma &ndash; Sant&eacute;, vitalit&eacute; et bien-&ecirc;tre pour tous les Marocains\" \/>\n<meta property=\"article:publisher\" content=\"https:\/\/www.facebook.com\/profile.php?id=61576678196717\" \/>\n<meta property=\"article:modified_time\" content=\"2026-02-02T15:06:08+00:00\" \/>\n<meta property=\"og:image\" content=\"https:\/\/vitablanca.ma\/wp-content\/uploads\/2026\/02\/Garnier-Fast-Clear-Booster-Salicylic-Acid-Serum-30-ml1.jpg\" \/>\n\t<meta property=\"og:image:width\" content=\"500\" \/>\n\t<meta property=\"og:image:height\" content=\"500\" \/>\n\t<meta property=\"og:image:type\" content=\"image\/jpeg\" \/>\n<meta name=\"twitter:card\" content=\"summary_large_image\" \/>\n<meta name=\"twitter:label1\" content=\"Est. reading time\" \/>\n\t<meta name=\"twitter:data1\" content=\"2 minutes\" \/>\n<script type=\"application\/ld+json\" class=\"yoast-schema-graph\">{\"@context\":\"https:\\\/\\\/schema.org\",\"@graph\":[{\"@type\":[\"WebPage\",\"ItemPage\"],\"@id\":\"https:\\\/\\\/vitablanca.ma\\\/produit\\\/garnier-fast-clear-booster-salicylic-acid-serum-30-ml-maroc-prix\\\/\",\"url\":\"https:\\\/\\\/vitablanca.ma\\\/produit\\\/garnier-fast-clear-booster-salicylic-acid-serum-30-ml-maroc-prix\\\/\",\"name\":\"Garnier Fast Clear Booster S\u00e9rum Acid Salicylique 30 \u2013 Maroc Prix\",\"isPartOf\":{\"@id\":\"https:\\\/\\\/vitablanca.ma\\\/#website\"},\"primaryImageOfPage\":{\"@id\":\"https:\\\/\\\/vitablanca.ma\\\/produit\\\/garnier-fast-clear-booster-salicylic-acid-serum-30-ml-maroc-prix\\\/#primaryimage\"},\"image\":{\"@id\":\"https:\\\/\\\/vitablanca.ma\\\/produit\\\/garnier-fast-clear-booster-salicylic-acid-serum-30-ml-maroc-prix\\\/#primaryimage\"},\"thumbnailUrl\":\"https:\\\/\\\/vitablanca.ma\\\/wp-content\\\/uploads\\\/2026\\\/02\\\/Garnier-Fast-Clear-Booster-Salicylic-Acid-Serum-30-ml1.jpg\",\"datePublished\":\"2026-02-02T15:06:07+00:00\",\"dateModified\":\"2026-02-02T15:06:08+00:00\",\"description\":\"S\u00e9rum booster Garnier Fast Clear \u00e0 l\u2019acide salicylique pour r\u00e9duire l\u2019acn\u00e9, purifier la peau et affiner les pores. Soin efficace contre les imperfections.\",\"breadcrumb\":{\"@id\":\"https:\\\/\\\/vitablanca.ma\\\/produit\\\/garnier-fast-clear-booster-salicylic-acid-serum-30-ml-maroc-prix\\\/#breadcrumb\"},\"inLanguage\":\"en-US\",\"potentialAction\":[{\"@type\":\"ReadAction\",\"target\":[\"https:\\\/\\\/vitablanca.ma\\\/produit\\\/garnier-fast-clear-booster-salicylic-acid-serum-30-ml-maroc-prix\\\/\"]}]},{\"@type\":\"ImageObject\",\"inLanguage\":\"en-US\",\"@id\":\"https:\\\/\\\/vitablanca.ma\\\/produit\\\/garnier-fast-clear-booster-salicylic-acid-serum-30-ml-maroc-prix\\\/#primaryimage\",\"url\":\"https:\\\/\\\/vitablanca.ma\\\/wp-content\\\/uploads\\\/2026\\\/02\\\/Garnier-Fast-Clear-Booster-Salicylic-Acid-Serum-30-ml1.jpg\",\"contentUrl\":\"https:\\\/\\\/vitablanca.ma\\\/wp-content\\\/uploads\\\/2026\\\/02\\\/Garnier-Fast-Clear-Booster-Salicylic-Acid-Serum-30-ml1.jpg\",\"width\":500,\"height\":500},{\"@type\":\"BreadcrumbList\",\"@id\":\"https:\\\/\\\/vitablanca.ma\\\/produit\\\/garnier-fast-clear-booster-salicylic-acid-serum-30-ml-maroc-prix\\\/#breadcrumb\",\"itemListElement\":[{\"@type\":\"ListItem\",\"position\":1,\"name\":\"Home\",\"item\":\"https:\\\/\\\/vitablanca.ma\\\/\"},{\"@type\":\"ListItem\",\"position\":2,\"name\":\"Tous Les Produits\",\"item\":\"https:\\\/\\\/vitablanca.ma\\\/tous-les-produits\\\/\"},{\"@type\":\"ListItem\",\"position\":3,\"name\":\"Garnier Fast Clear Booster Salicylic Acid Serum 30 ml\"}]},{\"@type\":\"WebSite\",\"@id\":\"https:\\\/\\\/vitablanca.ma\\\/#website\",\"url\":\"https:\\\/\\\/vitablanca.ma\\\/\",\"name\":\"VitaBlanca.ma | Compl\u00e9ments alimentaires, sant\u00e9 & beaut\u00e9 au Maroc\",\"description\":\"vendre vitamines et compl\u00e9ments premium des USA &amp; Canada, Nouvelle Z\u00e9lande,Maroc (NOW Foods, Solgar, Manuka). Livraison rapide partout au Maroc.\",\"publisher\":{\"@id\":\"https:\\\/\\\/vitablanca.ma\\\/#organization\"},\"alternateName\":\"VitaBlanca.ma\",\"potentialAction\":[{\"@type\":\"SearchAction\",\"target\":{\"@type\":\"EntryPoint\",\"urlTemplate\":\"https:\\\/\\\/vitablanca.ma\\\/?s={search_term_string}\"},\"query-input\":{\"@type\":\"PropertyValueSpecification\",\"valueRequired\":true,\"valueName\":\"search_term_string\"}}],\"inLanguage\":\"en-US\"},{\"@type\":\"Organization\",\"@id\":\"https:\\\/\\\/vitablanca.ma\\\/#organization\",\"name\":\"VitaBlanca\",\"url\":\"https:\\\/\\\/vitablanca.ma\\\/\",\"logo\":{\"@type\":\"ImageObject\",\"inLanguage\":\"en-US\",\"@id\":\"https:\\\/\\\/vitablanca.ma\\\/#\\\/schema\\\/logo\\\/image\\\/\",\"url\":\"https:\\\/\\\/vitablanca.ma\\\/wp-content\\\/uploads\\\/2025\\\/05\\\/cropped-vitablanca.png\",\"contentUrl\":\"https:\\\/\\\/vitablanca.ma\\\/wp-content\\\/uploads\\\/2025\\\/05\\\/cropped-vitablanca.png\",\"width\":360,\"height\":67,\"caption\":\"VitaBlanca\"},\"image\":{\"@id\":\"https:\\\/\\\/vitablanca.ma\\\/#\\\/schema\\\/logo\\\/image\\\/\"},\"sameAs\":[\"https:\\\/\\\/www.facebook.com\\\/profile.php?id=61576678196717\",\"https:\\\/\\\/www.tiktok.com\\\/@vitablanca.ma\",\"https:\\\/\\\/www.instagram.com\\\/vitablanca.ma\\\/\"]}]}<\/script>\n<!-- \/ Yoast SEO plugin. -->","yoast_head_json":{"title":"Garnier Fast Clear Booster S\u00e9rum Acid Salicylique 30 \u2013 Maroc Prix","description":"S\u00e9rum booster Garnier Fast Clear \u00e0 l\u2019acide salicylique pour r\u00e9duire l\u2019acn\u00e9, purifier la peau et affiner les pores. Soin efficace contre les imperfections.","robots":{"index":"index","follow":"follow","max-snippet":"max-snippet:-1","max-image-preview":"max-image-preview:large","max-video-preview":"max-video-preview:-1"},"canonical":"https:\/\/vitablanca.ma\/en\/product\/garnier-fast-clear-booster-salicylic-acid-serum-30-ml-maroc-prix\/","og_locale":"en_US","og_type":"article","og_title":"Garnier Fast Clear Booster S\u00e9rum Acid Salicylique 30 \u2013 Maroc Prix","og_description":"S\u00e9rum booster Garnier Fast Clear \u00e0 l\u2019acide salicylique pour r\u00e9duire l\u2019acn\u00e9, purifier la peau et affiner les pores. Soin efficace contre les imperfections.","og_url":"https:\/\/vitablanca.ma\/en\/product\/garnier-fast-clear-booster-salicylic-acid-serum-30-ml-maroc-prix\/","og_site_name":"Vitablanca.ma &ndash; Sant&eacute;, vitalit&eacute; et bien-&ecirc;tre pour tous les Marocains","article_publisher":"https:\/\/www.facebook.com\/profile.php?id=61576678196717","article_modified_time":"2026-02-02T15:06:08+00:00","og_image":[{"width":500,"height":500,"url":"https:\/\/vitablanca.ma\/wp-content\/uploads\/2026\/02\/Garnier-Fast-Clear-Booster-Salicylic-Acid-Serum-30-ml1.jpg","type":"image\/jpeg"}],"twitter_card":"summary_large_image","twitter_misc":{"Est. reading time":"2 minutes"},"schema":{"@context":"https:\/\/schema.org","@graph":[{"@type":["WebPage","ItemPage"],"@id":"https:\/\/vitablanca.ma\/produit\/garnier-fast-clear-booster-salicylic-acid-serum-30-ml-maroc-prix\/","url":"https:\/\/vitablanca.ma\/produit\/garnier-fast-clear-booster-salicylic-acid-serum-30-ml-maroc-prix\/","name":"Garnier Fast Clear Booster S\u00e9rum Acid Salicylique 30 \u2013 Maroc Prix","isPartOf":{"@id":"https:\/\/vitablanca.ma\/#website"},"primaryImageOfPage":{"@id":"https:\/\/vitablanca.ma\/produit\/garnier-fast-clear-booster-salicylic-acid-serum-30-ml-maroc-prix\/#primaryimage"},"image":{"@id":"https:\/\/vitablanca.ma\/produit\/garnier-fast-clear-booster-salicylic-acid-serum-30-ml-maroc-prix\/#primaryimage"},"thumbnailUrl":"https:\/\/vitablanca.ma\/wp-content\/uploads\/2026\/02\/Garnier-Fast-Clear-Booster-Salicylic-Acid-Serum-30-ml1.jpg","datePublished":"2026-02-02T15:06:07+00:00","dateModified":"2026-02-02T15:06:08+00:00","description":"S\u00e9rum booster Garnier Fast Clear \u00e0 l\u2019acide salicylique pour r\u00e9duire l\u2019acn\u00e9, purifier la peau et affiner les pores. Soin efficace contre les imperfections.","breadcrumb":{"@id":"https:\/\/vitablanca.ma\/produit\/garnier-fast-clear-booster-salicylic-acid-serum-30-ml-maroc-prix\/#breadcrumb"},"inLanguage":"en-US","potentialAction":[{"@type":"ReadAction","target":["https:\/\/vitablanca.ma\/produit\/garnier-fast-clear-booster-salicylic-acid-serum-30-ml-maroc-prix\/"]}]},{"@type":"ImageObject","inLanguage":"en-US","@id":"https:\/\/vitablanca.ma\/produit\/garnier-fast-clear-booster-salicylic-acid-serum-30-ml-maroc-prix\/#primaryimage","url":"https:\/\/vitablanca.ma\/wp-content\/uploads\/2026\/02\/Garnier-Fast-Clear-Booster-Salicylic-Acid-Serum-30-ml1.jpg","contentUrl":"https:\/\/vitablanca.ma\/wp-content\/uploads\/2026\/02\/Garnier-Fast-Clear-Booster-Salicylic-Acid-Serum-30-ml1.jpg","width":500,"height":500},{"@type":"BreadcrumbList","@id":"https:\/\/vitablanca.ma\/produit\/garnier-fast-clear-booster-salicylic-acid-serum-30-ml-maroc-prix\/#breadcrumb","itemListElement":[{"@type":"ListItem","position":1,"name":"Home","item":"https:\/\/vitablanca.ma\/"},{"@type":"ListItem","position":2,"name":"Tous Les Produits","item":"https:\/\/vitablanca.ma\/tous-les-produits\/"},{"@type":"ListItem","position":3,"name":"Garnier Fast Clear Booster Salicylic Acid Serum 30 ml"}]},{"@type":"WebSite","@id":"https:\/\/vitablanca.ma\/#website","url":"https:\/\/vitablanca.ma\/","name":"VitaBlanca.ma | Food supplements, health &amp; beauty in Morocco","description":"sell premium vitamins and supplements from USA &amp; Canada, New Zealand, Morocco (NOW Foods, Solgar, Manuka). Fast delivery anywhere in Morocco.","publisher":{"@id":"https:\/\/vitablanca.ma\/#organization"},"alternateName":"VitaBlanca.ma","potentialAction":[{"@type":"SearchAction","target":{"@type":"EntryPoint","urlTemplate":"https:\/\/vitablanca.ma\/?s={search_term_string}"},"query-input":{"@type":"PropertyValueSpecification","valueRequired":true,"valueName":"search_term_string"}}],"inLanguage":"en-US"},{"@type":"Organization","@id":"https:\/\/vitablanca.ma\/#organization","name":"VitaBlanca","url":"https:\/\/vitablanca.ma\/","logo":{"@type":"ImageObject","inLanguage":"en-US","@id":"https:\/\/vitablanca.ma\/#\/schema\/logo\/image\/","url":"https:\/\/vitablanca.ma\/wp-content\/uploads\/2025\/05\/cropped-vitablanca.png","contentUrl":"https:\/\/vitablanca.ma\/wp-content\/uploads\/2025\/05\/cropped-vitablanca.png","width":360,"height":67,"caption":"VitaBlanca"},"image":{"@id":"https:\/\/vitablanca.ma\/#\/schema\/logo\/image\/"},"sameAs":["https:\/\/www.facebook.com\/profile.php?id=61576678196717","https:\/\/www.tiktok.com\/@vitablanca.ma","https:\/\/www.instagram.com\/vitablanca.ma\/"]}]}},"jetpack_sharing_enabled":true,"_links":{"self":[{"href":"https:\/\/vitablanca.ma\/en\/wp-json\/wp\/v2\/product\/28533","targetHints":{"allow":["GET"]}}],"collection":[{"href":"https:\/\/vitablanca.ma\/en\/wp-json\/wp\/v2\/product"}],"about":[{"href":"https:\/\/vitablanca.ma\/en\/wp-json\/wp\/v2\/types\/product"}],"wp:featuredmedia":[{"embeddable":true,"href":"https:\/\/vitablanca.ma\/en\/wp-json\/wp\/v2\/media\/28534"}],"wp:attachment":[{"href":"https:\/\/vitablanca.ma\/en\/wp-json\/wp\/v2\/media?parent=28533"}],"wp:term":[{"taxonomy":"product_brand","embeddable":true,"href":"https:\/\/vitablanca.ma\/en\/wp-json\/wp\/v2\/product_brand?post=28533"},{"taxonomy":"product_cat","embeddable":true,"href":"https:\/\/vitablanca.ma\/en\/wp-json\/wp\/v2\/product_cat?post=28533"},{"taxonomy":"product_tag","embeddable":true,"href":"https:\/\/vitablanca.ma\/en\/wp-json\/wp\/v2\/product_tag?post=28533"}],"curies":[{"name":"wp","href":"https:\/\/api.w.org\/{rel}","templated":true}]}}