{"id":28517,"date":"2026-02-01T22:57:15","date_gmt":"2026-02-01T22:57:15","guid":{"rendered":"https:\/\/vitablanca.ma\/?post_type=product&#038;p=28517"},"modified":"2026-02-01T22:57:16","modified_gmt":"2026-02-01T22:57:16","slug":"la-roche-posay-retinol-b3-anti-wrinkle-serum-for-sensitive-skin-30ml-maroc-prix","status":"publish","type":"product","link":"https:\/\/vitablanca.ma\/en\/product\/la-roche-posay-retinol-b3-anti-wrinkle-serum-for-sensitive-skin-30ml-maroc-prix\/","title":{"rendered":"La Roche-Posay Retinol B3 Anti-Wrinkle Serum for Sensitive Skin &#8211; 30ml"},"content":{"rendered":"<p>Obtenez un teint plus \u00e9clatant et affin\u00e9 avec le\u00a0S\u00e9rum R\u00e9tinol 0,3\u00a0% + Vitamine\u00a0B3 Ce s\u00e9rum concentr\u00e9 est infus\u00e9 avec de la vitamine\u00a0B3 pour laisser la peau plus lisse, hydrat\u00e9e et renouvel\u00e9e pour un \u00e9clat ros\u00e9 et sain. Le r\u00e9tinol \u00e0 lib\u00e9ration pure et progressive aide \u00e0 r\u00e9duire l\u2019apparence des rides et ridules en stimulant la production de collag\u00e8ne. En combinant ces deux puissants ingr\u00e9dients, le s\u00e9rum laisse le teint plus lumineux et plus uniforme.<\/p>\n<p>Suitable for all skin types.<\/p>","protected":false},"excerpt":{"rendered":"<ul>\n<li>Con\u00e7u pour Tous types de peaux m\u00eame Sensibles et R\u00e9actives.<\/li>\n<li>D\u00e9velopp\u00e9 aussi pour les personnes intol\u00e9rantes au nickel.<\/li>\n<li>Flacon-pipette de 30ml pour un dosage pr\u00e9cis.<\/li>\n<\/ul>","protected":false},"featured_media":28519,"template":"","meta":{"om_disable_all_campaigns":false},"product_brand":[7078],"product_cat":[18],"product_tag":[6367,6941,6938,7081,3492,6176,6907,7079,7080,5863],"class_list":{"0":"post-28517","1":"product","2":"type-product","3":"status-publish","4":"has-post-thumbnail","6":"product_brand-la-roche-posay1","7":"product_cat-beaute-sante","8":"product_tag-anti-age","9":"product_tag-dermocosmetique","10":"product_tag-la-roche-posay","11":"product_tag-lissage-de-la-peau","12":"product_tag-maroc","13":"product_tag-peau-sensible","14":"product_tag-retinol","15":"product_tag-retinol-b3","16":"product_tag-serum-anti-rides","17":"product_tag-soin-visage","19":"first","20":"instock","21":"sale","22":"taxable","23":"shipping-taxable","24":"purchasable","25":"product-type-simple"},"yoast_head":"<!-- This site is optimized with the Yoast SEO plugin v27.5 - https:\/\/yoast.com\/product\/yoast-seo-wordpress\/ -->\n<title>La Roche-Posay Retinol B3 S\u00e9rum Anti-Rides 30 ml \u2013 Maroc Prix<\/title>\n<meta name=\"description\" content=\"S\u00e9rum Retinol B3 La Roche-Posay 30 ml pour r\u00e9duire les rides, lisser la peau et am\u00e9liorer l\u2019\u00e9clat. Formule adapt\u00e9e aux peaux sensibles. Disponible au Maroc.\" \/>\n<meta name=\"robots\" content=\"index, follow, max-snippet:-1, max-image-preview:large, max-video-preview:-1\" \/>\n<link rel=\"canonical\" href=\"https:\/\/vitablanca.ma\/en\/product\/la-roche-posay-retinol-b3-anti-wrinkle-serum-for-sensitive-skin-30ml-maroc-prix\/\" \/>\n<meta property=\"og:locale\" content=\"en_US\" \/>\n<meta property=\"og:type\" content=\"article\" \/>\n<meta property=\"og:title\" content=\"La Roche-Posay Retinol B3 S\u00e9rum Anti-Rides 30 ml \u2013 Maroc Prix\" \/>\n<meta property=\"og:description\" content=\"S\u00e9rum Retinol B3 La Roche-Posay 30 ml pour r\u00e9duire les rides, lisser la peau et am\u00e9liorer l\u2019\u00e9clat. Formule adapt\u00e9e aux peaux sensibles. Disponible au Maroc.\" \/>\n<meta property=\"og:url\" content=\"https:\/\/vitablanca.ma\/en\/product\/la-roche-posay-retinol-b3-anti-wrinkle-serum-for-sensitive-skin-30ml-maroc-prix\/\" \/>\n<meta property=\"og:site_name\" content=\"Vitablanca.ma &ndash; Sant&eacute;, vitalit&eacute; et bien-&ecirc;tre pour tous les Marocains\" \/>\n<meta property=\"article:publisher\" content=\"https:\/\/www.facebook.com\/profile.php?id=61576678196717\" \/>\n<meta property=\"article:modified_time\" content=\"2026-02-01T22:57:16+00:00\" \/>\n<meta property=\"og:image\" content=\"https:\/\/vitablanca.ma\/wp-content\/uploads\/2026\/02\/La-Roche-Posay-Retinol-B3-Anti-Wrinkle-Serum-for-Sensitive-Skin-30ml1.jpg\" \/>\n\t<meta property=\"og:image:width\" content=\"500\" \/>\n\t<meta property=\"og:image:height\" content=\"500\" \/>\n\t<meta property=\"og:image:type\" content=\"image\/jpeg\" \/>\n<meta name=\"twitter:card\" content=\"summary_large_image\" \/>\n<meta name=\"twitter:label1\" content=\"Est. reading time\" \/>\n\t<meta name=\"twitter:data1\" content=\"1 minute\" \/>\n<script type=\"application\/ld+json\" class=\"yoast-schema-graph\">{\"@context\":\"https:\\\/\\\/schema.org\",\"@graph\":[{\"@type\":[\"WebPage\",\"ItemPage\"],\"@id\":\"https:\\\/\\\/vitablanca.ma\\\/produit\\\/la-roche-posay-retinol-b3-anti-wrinkle-serum-for-sensitive-skin-30ml-maroc-prix\\\/\",\"url\":\"https:\\\/\\\/vitablanca.ma\\\/produit\\\/la-roche-posay-retinol-b3-anti-wrinkle-serum-for-sensitive-skin-30ml-maroc-prix\\\/\",\"name\":\"La Roche-Posay Retinol B3 S\u00e9rum Anti-Rides 30 ml \u2013 Maroc Prix\",\"isPartOf\":{\"@id\":\"https:\\\/\\\/vitablanca.ma\\\/#website\"},\"primaryImageOfPage\":{\"@id\":\"https:\\\/\\\/vitablanca.ma\\\/produit\\\/la-roche-posay-retinol-b3-anti-wrinkle-serum-for-sensitive-skin-30ml-maroc-prix\\\/#primaryimage\"},\"image\":{\"@id\":\"https:\\\/\\\/vitablanca.ma\\\/produit\\\/la-roche-posay-retinol-b3-anti-wrinkle-serum-for-sensitive-skin-30ml-maroc-prix\\\/#primaryimage\"},\"thumbnailUrl\":\"https:\\\/\\\/vitablanca.ma\\\/wp-content\\\/uploads\\\/2026\\\/02\\\/La-Roche-Posay-Retinol-B3-Anti-Wrinkle-Serum-for-Sensitive-Skin-30ml1.jpg\",\"datePublished\":\"2026-02-01T22:57:15+00:00\",\"dateModified\":\"2026-02-01T22:57:16+00:00\",\"description\":\"S\u00e9rum Retinol B3 La Roche-Posay 30 ml pour r\u00e9duire les rides, lisser la peau et am\u00e9liorer l\u2019\u00e9clat. Formule adapt\u00e9e aux peaux sensibles. Disponible au Maroc.\",\"breadcrumb\":{\"@id\":\"https:\\\/\\\/vitablanca.ma\\\/produit\\\/la-roche-posay-retinol-b3-anti-wrinkle-serum-for-sensitive-skin-30ml-maroc-prix\\\/#breadcrumb\"},\"inLanguage\":\"en-US\",\"potentialAction\":[{\"@type\":\"ReadAction\",\"target\":[\"https:\\\/\\\/vitablanca.ma\\\/produit\\\/la-roche-posay-retinol-b3-anti-wrinkle-serum-for-sensitive-skin-30ml-maroc-prix\\\/\"]}]},{\"@type\":\"ImageObject\",\"inLanguage\":\"en-US\",\"@id\":\"https:\\\/\\\/vitablanca.ma\\\/produit\\\/la-roche-posay-retinol-b3-anti-wrinkle-serum-for-sensitive-skin-30ml-maroc-prix\\\/#primaryimage\",\"url\":\"https:\\\/\\\/vitablanca.ma\\\/wp-content\\\/uploads\\\/2026\\\/02\\\/La-Roche-Posay-Retinol-B3-Anti-Wrinkle-Serum-for-Sensitive-Skin-30ml1.jpg\",\"contentUrl\":\"https:\\\/\\\/vitablanca.ma\\\/wp-content\\\/uploads\\\/2026\\\/02\\\/La-Roche-Posay-Retinol-B3-Anti-Wrinkle-Serum-for-Sensitive-Skin-30ml1.jpg\",\"width\":500,\"height\":500},{\"@type\":\"BreadcrumbList\",\"@id\":\"https:\\\/\\\/vitablanca.ma\\\/produit\\\/la-roche-posay-retinol-b3-anti-wrinkle-serum-for-sensitive-skin-30ml-maroc-prix\\\/#breadcrumb\",\"itemListElement\":[{\"@type\":\"ListItem\",\"position\":1,\"name\":\"Home\",\"item\":\"https:\\\/\\\/vitablanca.ma\\\/\"},{\"@type\":\"ListItem\",\"position\":2,\"name\":\"Tous Les Produits\",\"item\":\"https:\\\/\\\/vitablanca.ma\\\/tous-les-produits\\\/\"},{\"@type\":\"ListItem\",\"position\":3,\"name\":\"La Roche-Posay Retinol B3 Anti-Wrinkle Serum for Sensitive Skin &#8211; 30ml\"}]},{\"@type\":\"WebSite\",\"@id\":\"https:\\\/\\\/vitablanca.ma\\\/#website\",\"url\":\"https:\\\/\\\/vitablanca.ma\\\/\",\"name\":\"VitaBlanca.ma | Compl\u00e9ments alimentaires, sant\u00e9 & beaut\u00e9 au Maroc\",\"description\":\"vendre vitamines et compl\u00e9ments premium des USA &amp; Canada, Nouvelle Z\u00e9lande,Maroc (NOW Foods, Solgar, Manuka). Livraison rapide partout au Maroc.\",\"publisher\":{\"@id\":\"https:\\\/\\\/vitablanca.ma\\\/#organization\"},\"alternateName\":\"VitaBlanca.ma\",\"potentialAction\":[{\"@type\":\"SearchAction\",\"target\":{\"@type\":\"EntryPoint\",\"urlTemplate\":\"https:\\\/\\\/vitablanca.ma\\\/?s={search_term_string}\"},\"query-input\":{\"@type\":\"PropertyValueSpecification\",\"valueRequired\":true,\"valueName\":\"search_term_string\"}}],\"inLanguage\":\"en-US\"},{\"@type\":\"Organization\",\"@id\":\"https:\\\/\\\/vitablanca.ma\\\/#organization\",\"name\":\"VitaBlanca\",\"url\":\"https:\\\/\\\/vitablanca.ma\\\/\",\"logo\":{\"@type\":\"ImageObject\",\"inLanguage\":\"en-US\",\"@id\":\"https:\\\/\\\/vitablanca.ma\\\/#\\\/schema\\\/logo\\\/image\\\/\",\"url\":\"https:\\\/\\\/vitablanca.ma\\\/wp-content\\\/uploads\\\/2025\\\/05\\\/cropped-vitablanca.png\",\"contentUrl\":\"https:\\\/\\\/vitablanca.ma\\\/wp-content\\\/uploads\\\/2025\\\/05\\\/cropped-vitablanca.png\",\"width\":360,\"height\":67,\"caption\":\"VitaBlanca\"},\"image\":{\"@id\":\"https:\\\/\\\/vitablanca.ma\\\/#\\\/schema\\\/logo\\\/image\\\/\"},\"sameAs\":[\"https:\\\/\\\/www.facebook.com\\\/profile.php?id=61576678196717\",\"https:\\\/\\\/www.tiktok.com\\\/@vitablanca.ma\",\"https:\\\/\\\/www.instagram.com\\\/vitablanca.ma\\\/\"]}]}<\/script>\n<!-- \/ Yoast SEO plugin. -->","yoast_head_json":{"title":"La Roche-Posay Retinol B3 S\u00e9rum Anti-Rides 30 ml \u2013 Maroc Prix","description":"S\u00e9rum Retinol B3 La Roche-Posay 30 ml pour r\u00e9duire les rides, lisser la peau et am\u00e9liorer l\u2019\u00e9clat. Formule adapt\u00e9e aux peaux sensibles. Disponible au Maroc.","robots":{"index":"index","follow":"follow","max-snippet":"max-snippet:-1","max-image-preview":"max-image-preview:large","max-video-preview":"max-video-preview:-1"},"canonical":"https:\/\/vitablanca.ma\/en\/product\/la-roche-posay-retinol-b3-anti-wrinkle-serum-for-sensitive-skin-30ml-maroc-prix\/","og_locale":"en_US","og_type":"article","og_title":"La Roche-Posay Retinol B3 S\u00e9rum Anti-Rides 30 ml \u2013 Maroc Prix","og_description":"S\u00e9rum Retinol B3 La Roche-Posay 30 ml pour r\u00e9duire les rides, lisser la peau et am\u00e9liorer l\u2019\u00e9clat. Formule adapt\u00e9e aux peaux sensibles. Disponible au Maroc.","og_url":"https:\/\/vitablanca.ma\/en\/product\/la-roche-posay-retinol-b3-anti-wrinkle-serum-for-sensitive-skin-30ml-maroc-prix\/","og_site_name":"Vitablanca.ma &ndash; Sant&eacute;, vitalit&eacute; et bien-&ecirc;tre pour tous les Marocains","article_publisher":"https:\/\/www.facebook.com\/profile.php?id=61576678196717","article_modified_time":"2026-02-01T22:57:16+00:00","og_image":[{"width":500,"height":500,"url":"https:\/\/vitablanca.ma\/wp-content\/uploads\/2026\/02\/La-Roche-Posay-Retinol-B3-Anti-Wrinkle-Serum-for-Sensitive-Skin-30ml1.jpg","type":"image\/jpeg"}],"twitter_card":"summary_large_image","twitter_misc":{"Est. reading time":"1 minute"},"schema":{"@context":"https:\/\/schema.org","@graph":[{"@type":["WebPage","ItemPage"],"@id":"https:\/\/vitablanca.ma\/produit\/la-roche-posay-retinol-b3-anti-wrinkle-serum-for-sensitive-skin-30ml-maroc-prix\/","url":"https:\/\/vitablanca.ma\/produit\/la-roche-posay-retinol-b3-anti-wrinkle-serum-for-sensitive-skin-30ml-maroc-prix\/","name":"La Roche-Posay Retinol B3 S\u00e9rum Anti-Rides 30 ml \u2013 Maroc Prix","isPartOf":{"@id":"https:\/\/vitablanca.ma\/#website"},"primaryImageOfPage":{"@id":"https:\/\/vitablanca.ma\/produit\/la-roche-posay-retinol-b3-anti-wrinkle-serum-for-sensitive-skin-30ml-maroc-prix\/#primaryimage"},"image":{"@id":"https:\/\/vitablanca.ma\/produit\/la-roche-posay-retinol-b3-anti-wrinkle-serum-for-sensitive-skin-30ml-maroc-prix\/#primaryimage"},"thumbnailUrl":"https:\/\/vitablanca.ma\/wp-content\/uploads\/2026\/02\/La-Roche-Posay-Retinol-B3-Anti-Wrinkle-Serum-for-Sensitive-Skin-30ml1.jpg","datePublished":"2026-02-01T22:57:15+00:00","dateModified":"2026-02-01T22:57:16+00:00","description":"S\u00e9rum Retinol B3 La Roche-Posay 30 ml pour r\u00e9duire les rides, lisser la peau et am\u00e9liorer l\u2019\u00e9clat. Formule adapt\u00e9e aux peaux sensibles. Disponible au Maroc.","breadcrumb":{"@id":"https:\/\/vitablanca.ma\/produit\/la-roche-posay-retinol-b3-anti-wrinkle-serum-for-sensitive-skin-30ml-maroc-prix\/#breadcrumb"},"inLanguage":"en-US","potentialAction":[{"@type":"ReadAction","target":["https:\/\/vitablanca.ma\/produit\/la-roche-posay-retinol-b3-anti-wrinkle-serum-for-sensitive-skin-30ml-maroc-prix\/"]}]},{"@type":"ImageObject","inLanguage":"en-US","@id":"https:\/\/vitablanca.ma\/produit\/la-roche-posay-retinol-b3-anti-wrinkle-serum-for-sensitive-skin-30ml-maroc-prix\/#primaryimage","url":"https:\/\/vitablanca.ma\/wp-content\/uploads\/2026\/02\/La-Roche-Posay-Retinol-B3-Anti-Wrinkle-Serum-for-Sensitive-Skin-30ml1.jpg","contentUrl":"https:\/\/vitablanca.ma\/wp-content\/uploads\/2026\/02\/La-Roche-Posay-Retinol-B3-Anti-Wrinkle-Serum-for-Sensitive-Skin-30ml1.jpg","width":500,"height":500},{"@type":"BreadcrumbList","@id":"https:\/\/vitablanca.ma\/produit\/la-roche-posay-retinol-b3-anti-wrinkle-serum-for-sensitive-skin-30ml-maroc-prix\/#breadcrumb","itemListElement":[{"@type":"ListItem","position":1,"name":"Home","item":"https:\/\/vitablanca.ma\/"},{"@type":"ListItem","position":2,"name":"Tous Les Produits","item":"https:\/\/vitablanca.ma\/tous-les-produits\/"},{"@type":"ListItem","position":3,"name":"La Roche-Posay Retinol B3 Anti-Wrinkle Serum for Sensitive Skin &#8211; 30ml"}]},{"@type":"WebSite","@id":"https:\/\/vitablanca.ma\/#website","url":"https:\/\/vitablanca.ma\/","name":"VitaBlanca.ma | Food supplements, health &amp; beauty in Morocco","description":"sell premium vitamins and supplements from USA &amp; Canada, New Zealand, Morocco (NOW Foods, Solgar, Manuka). Fast delivery anywhere in Morocco.","publisher":{"@id":"https:\/\/vitablanca.ma\/#organization"},"alternateName":"VitaBlanca.ma","potentialAction":[{"@type":"SearchAction","target":{"@type":"EntryPoint","urlTemplate":"https:\/\/vitablanca.ma\/?s={search_term_string}"},"query-input":{"@type":"PropertyValueSpecification","valueRequired":true,"valueName":"search_term_string"}}],"inLanguage":"en-US"},{"@type":"Organization","@id":"https:\/\/vitablanca.ma\/#organization","name":"VitaBlanca","url":"https:\/\/vitablanca.ma\/","logo":{"@type":"ImageObject","inLanguage":"en-US","@id":"https:\/\/vitablanca.ma\/#\/schema\/logo\/image\/","url":"https:\/\/vitablanca.ma\/wp-content\/uploads\/2025\/05\/cropped-vitablanca.png","contentUrl":"https:\/\/vitablanca.ma\/wp-content\/uploads\/2025\/05\/cropped-vitablanca.png","width":360,"height":67,"caption":"VitaBlanca"},"image":{"@id":"https:\/\/vitablanca.ma\/#\/schema\/logo\/image\/"},"sameAs":["https:\/\/www.facebook.com\/profile.php?id=61576678196717","https:\/\/www.tiktok.com\/@vitablanca.ma","https:\/\/www.instagram.com\/vitablanca.ma\/"]}]}},"jetpack_sharing_enabled":true,"_links":{"self":[{"href":"https:\/\/vitablanca.ma\/en\/wp-json\/wp\/v2\/product\/28517","targetHints":{"allow":["GET"]}}],"collection":[{"href":"https:\/\/vitablanca.ma\/en\/wp-json\/wp\/v2\/product"}],"about":[{"href":"https:\/\/vitablanca.ma\/en\/wp-json\/wp\/v2\/types\/product"}],"wp:featuredmedia":[{"embeddable":true,"href":"https:\/\/vitablanca.ma\/en\/wp-json\/wp\/v2\/media\/28519"}],"wp:attachment":[{"href":"https:\/\/vitablanca.ma\/en\/wp-json\/wp\/v2\/media?parent=28517"}],"wp:term":[{"taxonomy":"product_brand","embeddable":true,"href":"https:\/\/vitablanca.ma\/en\/wp-json\/wp\/v2\/product_brand?post=28517"},{"taxonomy":"product_cat","embeddable":true,"href":"https:\/\/vitablanca.ma\/en\/wp-json\/wp\/v2\/product_cat?post=28517"},{"taxonomy":"product_tag","embeddable":true,"href":"https:\/\/vitablanca.ma\/en\/wp-json\/wp\/v2\/product_tag?post=28517"}],"curies":[{"name":"wp","href":"https:\/\/api.w.org\/{rel}","templated":true}]}}