{"id":28513,"date":"2026-02-01T22:42:03","date_gmt":"2026-02-01T22:42:03","guid":{"rendered":"https:\/\/vitablanca.ma\/?post_type=product&#038;p=28513"},"modified":"2026-03-15T23:58:58","modified_gmt":"2026-03-15T23:58:58","slug":"kiko-milano-intelligent-fusion-matte-lip-pencil-o-milano-01-maroc-prix","status":"publish","type":"product","link":"https:\/\/vitablanca.ma\/en\/product\/kiko-milano-intelligent-fusion-matte-lip-pencil-o-milano-01-maroc-prix\/","title":{"rendered":"Kiko Milano Intelligent Fusion Matte Lip Pencil o Milano 01"},"content":{"rendered":"<p>crayon on the go facile \u00e0 appliquer.<br \/>\nLe produit garantit la couvrance d\u2019un rouge \u00e0 l\u00e8vres allant de l\u00e9g\u00e8re \u00e0 moyenne, le confort d\u2019un gloss et la praticit\u00e9 d\u2019un crayon, gr\u00e2ce \u00e0 son application ultra-fluide sur les l\u00e8vres.<br \/>\nIl contient des ingr\u00e9dients nourrissants et des pigments purs qui offrent une brillance optimale\u00a0: ses teintes intenses habillent vos l\u00e8vres pendant des heures.<br \/>\nLa texture cr\u00e9meuse est disponible en un fini mat, parfait pour un r\u00e9sultat plus intense.<br \/>\nPratique \u00e0 utiliser, il est id\u00e9al \u00e0 transporter partout avec soi, dans la poche ou le sac.<\/p>","protected":false},"excerpt":{"rendered":"<ul>\n<li>Des l\u00e8vres nourries et color\u00e9es en un simple geste<\/li>\n<li>La texture cr\u00e9meuse<\/li>\n<li>\u00a0garantit la couvrance d\u2019un rouge \u00e0 l\u00e8vres<\/li>\n<\/ul>","protected":false},"featured_media":28514,"template":"","meta":{"om_disable_all_campaigns":false},"product_brand":[7060],"product_cat":[18],"product_tag":[6877,7065,7062,7061,7063,5911,3492,7064,7066,5944],"class_list":{"0":"post-28513","1":"product","2":"type-product","3":"status-publish","4":"has-post-thumbnail","6":"product_brand-kiko-milano","7":"product_cat-beaute-sante","8":"product_tag-cosmetique","9":"product_tag-crayon-a-levres","10":"product_tag-intelligent-fusion","11":"product_tag-kiko-milano","12":"product_tag-lip-pencil","13":"product_tag-maquillage-levres","14":"product_tag-maroc","15":"product_tag-matte","16":"product_tag-teinte-01","17":"product_tag-tenue-longue-duree","19":"first","20":"outofstock","21":"sale","22":"taxable","23":"shipping-taxable","24":"purchasable","25":"product-type-simple"},"yoast_head":"<!-- This site is optimized with the Yoast SEO plugin v27.4 - https:\/\/yoast.com\/product\/yoast-seo-wordpress\/ -->\n<title>Kiko Milano Intelligent Fusion Matte Lip Pencil 01 \u2013 Maroc Prix<\/title>\n<meta name=\"description\" content=\"Crayon \u00e0 l\u00e8vres mat Kiko Milano Intelligent Fusion teinte 01. Texture cr\u00e9meuse, couleur intense et tenue confortable Id\u00e9al pour un contour pr\u00e9cis Disponible\" \/>\n<meta name=\"robots\" content=\"index, follow, max-snippet:-1, max-image-preview:large, max-video-preview:-1\" \/>\n<link rel=\"canonical\" href=\"https:\/\/vitablanca.ma\/en\/product\/kiko-milano-intelligent-fusion-matte-lip-pencil-o-milano-01-maroc-prix\/\" \/>\n<meta property=\"og:locale\" content=\"en_US\" \/>\n<meta property=\"og:type\" content=\"article\" \/>\n<meta property=\"og:title\" content=\"Kiko Milano Intelligent Fusion Matte Lip Pencil 01 \u2013 Maroc Prix\" \/>\n<meta property=\"og:description\" content=\"Crayon \u00e0 l\u00e8vres mat Kiko Milano Intelligent Fusion teinte 01. Texture cr\u00e9meuse, couleur intense et tenue confortable Id\u00e9al pour un contour pr\u00e9cis Disponible\" \/>\n<meta property=\"og:url\" content=\"https:\/\/vitablanca.ma\/en\/product\/kiko-milano-intelligent-fusion-matte-lip-pencil-o-milano-01-maroc-prix\/\" \/>\n<meta property=\"og:site_name\" content=\"Vitablanca.ma &ndash; Sant&eacute;, vitalit&eacute; et bien-&ecirc;tre pour tous les Marocains\" \/>\n<meta property=\"article:publisher\" content=\"https:\/\/www.facebook.com\/profile.php?id=61576678196717\" \/>\n<meta property=\"article:modified_time\" content=\"2026-03-15T23:58:58+00:00\" \/>\n<meta property=\"og:image\" content=\"https:\/\/vitablanca.ma\/wp-content\/uploads\/2026\/02\/Kiko-Milano-crayon-a-levres-mat-fusion-intelligent-o-Milano-011.jpg\" \/>\n\t<meta property=\"og:image:width\" content=\"1200\" \/>\n\t<meta property=\"og:image:height\" content=\"1200\" \/>\n\t<meta property=\"og:image:type\" content=\"image\/jpeg\" \/>\n<meta name=\"twitter:card\" content=\"summary_large_image\" \/>\n<meta name=\"twitter:label1\" content=\"Est. reading time\" \/>\n\t<meta name=\"twitter:data1\" content=\"1 minute\" \/>\n<script type=\"application\/ld+json\" class=\"yoast-schema-graph\">{\"@context\":\"https:\\\/\\\/schema.org\",\"@graph\":[{\"@type\":[\"WebPage\",\"ItemPage\"],\"@id\":\"https:\\\/\\\/vitablanca.ma\\\/produit\\\/kiko-milano-intelligent-fusion-matte-lip-pencil-o-milano-01-maroc-prix\\\/\",\"url\":\"https:\\\/\\\/vitablanca.ma\\\/produit\\\/kiko-milano-intelligent-fusion-matte-lip-pencil-o-milano-01-maroc-prix\\\/\",\"name\":\"Kiko Milano Intelligent Fusion Matte Lip Pencil 01 \u2013 Maroc Prix\",\"isPartOf\":{\"@id\":\"https:\\\/\\\/vitablanca.ma\\\/#website\"},\"primaryImageOfPage\":{\"@id\":\"https:\\\/\\\/vitablanca.ma\\\/produit\\\/kiko-milano-intelligent-fusion-matte-lip-pencil-o-milano-01-maroc-prix\\\/#primaryimage\"},\"image\":{\"@id\":\"https:\\\/\\\/vitablanca.ma\\\/produit\\\/kiko-milano-intelligent-fusion-matte-lip-pencil-o-milano-01-maroc-prix\\\/#primaryimage\"},\"thumbnailUrl\":\"https:\\\/\\\/vitablanca.ma\\\/wp-content\\\/uploads\\\/2026\\\/02\\\/Kiko-Milano-crayon-a-levres-mat-fusion-intelligent-o-Milano-011.jpg\",\"datePublished\":\"2026-02-01T22:42:03+00:00\",\"dateModified\":\"2026-03-15T23:58:58+00:00\",\"description\":\"Crayon \u00e0 l\u00e8vres mat Kiko Milano Intelligent Fusion teinte 01. Texture cr\u00e9meuse, couleur intense et tenue confortable Id\u00e9al pour un contour pr\u00e9cis Disponible\",\"breadcrumb\":{\"@id\":\"https:\\\/\\\/vitablanca.ma\\\/produit\\\/kiko-milano-intelligent-fusion-matte-lip-pencil-o-milano-01-maroc-prix\\\/#breadcrumb\"},\"inLanguage\":\"en-US\",\"potentialAction\":[{\"@type\":\"ReadAction\",\"target\":[\"https:\\\/\\\/vitablanca.ma\\\/produit\\\/kiko-milano-intelligent-fusion-matte-lip-pencil-o-milano-01-maroc-prix\\\/\"]}]},{\"@type\":\"ImageObject\",\"inLanguage\":\"en-US\",\"@id\":\"https:\\\/\\\/vitablanca.ma\\\/produit\\\/kiko-milano-intelligent-fusion-matte-lip-pencil-o-milano-01-maroc-prix\\\/#primaryimage\",\"url\":\"https:\\\/\\\/vitablanca.ma\\\/wp-content\\\/uploads\\\/2026\\\/02\\\/Kiko-Milano-crayon-a-levres-mat-fusion-intelligent-o-Milano-011.jpg\",\"contentUrl\":\"https:\\\/\\\/vitablanca.ma\\\/wp-content\\\/uploads\\\/2026\\\/02\\\/Kiko-Milano-crayon-a-levres-mat-fusion-intelligent-o-Milano-011.jpg\",\"width\":1200,\"height\":1200},{\"@type\":\"BreadcrumbList\",\"@id\":\"https:\\\/\\\/vitablanca.ma\\\/produit\\\/kiko-milano-intelligent-fusion-matte-lip-pencil-o-milano-01-maroc-prix\\\/#breadcrumb\",\"itemListElement\":[{\"@type\":\"ListItem\",\"position\":1,\"name\":\"Home\",\"item\":\"https:\\\/\\\/vitablanca.ma\\\/\"},{\"@type\":\"ListItem\",\"position\":2,\"name\":\"Tous Les Produits\",\"item\":\"https:\\\/\\\/vitablanca.ma\\\/tous-les-produits\\\/\"},{\"@type\":\"ListItem\",\"position\":3,\"name\":\"Kiko Milano Intelligent Fusion Matte Lip Pencil o Milano 01\"}]},{\"@type\":\"WebSite\",\"@id\":\"https:\\\/\\\/vitablanca.ma\\\/#website\",\"url\":\"https:\\\/\\\/vitablanca.ma\\\/\",\"name\":\"VitaBlanca.ma | Compl\u00e9ments alimentaires, sant\u00e9 & beaut\u00e9 au Maroc\",\"description\":\"vendre vitamines et compl\u00e9ments premium des USA &amp; Canada, Nouvelle Z\u00e9lande,Maroc (NOW Foods, Solgar, Manuka). Livraison rapide partout au Maroc.\",\"publisher\":{\"@id\":\"https:\\\/\\\/vitablanca.ma\\\/#organization\"},\"alternateName\":\"VitaBlanca.ma\",\"potentialAction\":[{\"@type\":\"SearchAction\",\"target\":{\"@type\":\"EntryPoint\",\"urlTemplate\":\"https:\\\/\\\/vitablanca.ma\\\/?s={search_term_string}\"},\"query-input\":{\"@type\":\"PropertyValueSpecification\",\"valueRequired\":true,\"valueName\":\"search_term_string\"}}],\"inLanguage\":\"en-US\"},{\"@type\":\"Organization\",\"@id\":\"https:\\\/\\\/vitablanca.ma\\\/#organization\",\"name\":\"VitaBlanca\",\"url\":\"https:\\\/\\\/vitablanca.ma\\\/\",\"logo\":{\"@type\":\"ImageObject\",\"inLanguage\":\"en-US\",\"@id\":\"https:\\\/\\\/vitablanca.ma\\\/#\\\/schema\\\/logo\\\/image\\\/\",\"url\":\"https:\\\/\\\/vitablanca.ma\\\/wp-content\\\/uploads\\\/2025\\\/05\\\/cropped-vitablanca.png\",\"contentUrl\":\"https:\\\/\\\/vitablanca.ma\\\/wp-content\\\/uploads\\\/2025\\\/05\\\/cropped-vitablanca.png\",\"width\":360,\"height\":67,\"caption\":\"VitaBlanca\"},\"image\":{\"@id\":\"https:\\\/\\\/vitablanca.ma\\\/#\\\/schema\\\/logo\\\/image\\\/\"},\"sameAs\":[\"https:\\\/\\\/www.facebook.com\\\/profile.php?id=61576678196717\",\"https:\\\/\\\/www.tiktok.com\\\/@vitablanca.ma\",\"https:\\\/\\\/www.instagram.com\\\/vitablanca.ma\\\/\"]}]}<\/script>\n<!-- \/ Yoast SEO plugin. -->","yoast_head_json":{"title":"Kiko Milano Intelligent Fusion Matte Lip Pencil 01 \u2013 Maroc Prix","description":"Crayon \u00e0 l\u00e8vres mat Kiko Milano Intelligent Fusion teinte 01. Texture cr\u00e9meuse, couleur intense et tenue confortable Id\u00e9al pour un contour pr\u00e9cis Disponible","robots":{"index":"index","follow":"follow","max-snippet":"max-snippet:-1","max-image-preview":"max-image-preview:large","max-video-preview":"max-video-preview:-1"},"canonical":"https:\/\/vitablanca.ma\/en\/product\/kiko-milano-intelligent-fusion-matte-lip-pencil-o-milano-01-maroc-prix\/","og_locale":"en_US","og_type":"article","og_title":"Kiko Milano Intelligent Fusion Matte Lip Pencil 01 \u2013 Maroc Prix","og_description":"Crayon \u00e0 l\u00e8vres mat Kiko Milano Intelligent Fusion teinte 01. Texture cr\u00e9meuse, couleur intense et tenue confortable Id\u00e9al pour un contour pr\u00e9cis Disponible","og_url":"https:\/\/vitablanca.ma\/en\/product\/kiko-milano-intelligent-fusion-matte-lip-pencil-o-milano-01-maroc-prix\/","og_site_name":"Vitablanca.ma &ndash; Sant&eacute;, vitalit&eacute; et bien-&ecirc;tre pour tous les Marocains","article_publisher":"https:\/\/www.facebook.com\/profile.php?id=61576678196717","article_modified_time":"2026-03-15T23:58:58+00:00","og_image":[{"width":1200,"height":1200,"url":"https:\/\/vitablanca.ma\/wp-content\/uploads\/2026\/02\/Kiko-Milano-crayon-a-levres-mat-fusion-intelligent-o-Milano-011.jpg","type":"image\/jpeg"}],"twitter_card":"summary_large_image","twitter_misc":{"Est. reading time":"1 minute"},"schema":{"@context":"https:\/\/schema.org","@graph":[{"@type":["WebPage","ItemPage"],"@id":"https:\/\/vitablanca.ma\/produit\/kiko-milano-intelligent-fusion-matte-lip-pencil-o-milano-01-maroc-prix\/","url":"https:\/\/vitablanca.ma\/produit\/kiko-milano-intelligent-fusion-matte-lip-pencil-o-milano-01-maroc-prix\/","name":"Kiko Milano Intelligent Fusion Matte Lip Pencil 01 \u2013 Maroc Prix","isPartOf":{"@id":"https:\/\/vitablanca.ma\/#website"},"primaryImageOfPage":{"@id":"https:\/\/vitablanca.ma\/produit\/kiko-milano-intelligent-fusion-matte-lip-pencil-o-milano-01-maroc-prix\/#primaryimage"},"image":{"@id":"https:\/\/vitablanca.ma\/produit\/kiko-milano-intelligent-fusion-matte-lip-pencil-o-milano-01-maroc-prix\/#primaryimage"},"thumbnailUrl":"https:\/\/vitablanca.ma\/wp-content\/uploads\/2026\/02\/Kiko-Milano-crayon-a-levres-mat-fusion-intelligent-o-Milano-011.jpg","datePublished":"2026-02-01T22:42:03+00:00","dateModified":"2026-03-15T23:58:58+00:00","description":"Crayon \u00e0 l\u00e8vres mat Kiko Milano Intelligent Fusion teinte 01. Texture cr\u00e9meuse, couleur intense et tenue confortable Id\u00e9al pour un contour pr\u00e9cis Disponible","breadcrumb":{"@id":"https:\/\/vitablanca.ma\/produit\/kiko-milano-intelligent-fusion-matte-lip-pencil-o-milano-01-maroc-prix\/#breadcrumb"},"inLanguage":"en-US","potentialAction":[{"@type":"ReadAction","target":["https:\/\/vitablanca.ma\/produit\/kiko-milano-intelligent-fusion-matte-lip-pencil-o-milano-01-maroc-prix\/"]}]},{"@type":"ImageObject","inLanguage":"en-US","@id":"https:\/\/vitablanca.ma\/produit\/kiko-milano-intelligent-fusion-matte-lip-pencil-o-milano-01-maroc-prix\/#primaryimage","url":"https:\/\/vitablanca.ma\/wp-content\/uploads\/2026\/02\/Kiko-Milano-crayon-a-levres-mat-fusion-intelligent-o-Milano-011.jpg","contentUrl":"https:\/\/vitablanca.ma\/wp-content\/uploads\/2026\/02\/Kiko-Milano-crayon-a-levres-mat-fusion-intelligent-o-Milano-011.jpg","width":1200,"height":1200},{"@type":"BreadcrumbList","@id":"https:\/\/vitablanca.ma\/produit\/kiko-milano-intelligent-fusion-matte-lip-pencil-o-milano-01-maroc-prix\/#breadcrumb","itemListElement":[{"@type":"ListItem","position":1,"name":"Home","item":"https:\/\/vitablanca.ma\/"},{"@type":"ListItem","position":2,"name":"Tous Les Produits","item":"https:\/\/vitablanca.ma\/tous-les-produits\/"},{"@type":"ListItem","position":3,"name":"Kiko Milano Intelligent Fusion Matte Lip Pencil o Milano 01"}]},{"@type":"WebSite","@id":"https:\/\/vitablanca.ma\/#website","url":"https:\/\/vitablanca.ma\/","name":"VitaBlanca.ma | Food supplements, health &amp; beauty in Morocco","description":"sell premium vitamins and supplements from USA &amp; Canada, New Zealand, Morocco (NOW Foods, Solgar, Manuka). Fast delivery anywhere in Morocco.","publisher":{"@id":"https:\/\/vitablanca.ma\/#organization"},"alternateName":"VitaBlanca.ma","potentialAction":[{"@type":"SearchAction","target":{"@type":"EntryPoint","urlTemplate":"https:\/\/vitablanca.ma\/?s={search_term_string}"},"query-input":{"@type":"PropertyValueSpecification","valueRequired":true,"valueName":"search_term_string"}}],"inLanguage":"en-US"},{"@type":"Organization","@id":"https:\/\/vitablanca.ma\/#organization","name":"VitaBlanca","url":"https:\/\/vitablanca.ma\/","logo":{"@type":"ImageObject","inLanguage":"en-US","@id":"https:\/\/vitablanca.ma\/#\/schema\/logo\/image\/","url":"https:\/\/vitablanca.ma\/wp-content\/uploads\/2025\/05\/cropped-vitablanca.png","contentUrl":"https:\/\/vitablanca.ma\/wp-content\/uploads\/2025\/05\/cropped-vitablanca.png","width":360,"height":67,"caption":"VitaBlanca"},"image":{"@id":"https:\/\/vitablanca.ma\/#\/schema\/logo\/image\/"},"sameAs":["https:\/\/www.facebook.com\/profile.php?id=61576678196717","https:\/\/www.tiktok.com\/@vitablanca.ma","https:\/\/www.instagram.com\/vitablanca.ma\/"]}]}},"jetpack_sharing_enabled":true,"_links":{"self":[{"href":"https:\/\/vitablanca.ma\/en\/wp-json\/wp\/v2\/product\/28513","targetHints":{"allow":["GET"]}}],"collection":[{"href":"https:\/\/vitablanca.ma\/en\/wp-json\/wp\/v2\/product"}],"about":[{"href":"https:\/\/vitablanca.ma\/en\/wp-json\/wp\/v2\/types\/product"}],"wp:featuredmedia":[{"embeddable":true,"href":"https:\/\/vitablanca.ma\/en\/wp-json\/wp\/v2\/media\/28514"}],"wp:attachment":[{"href":"https:\/\/vitablanca.ma\/en\/wp-json\/wp\/v2\/media?parent=28513"}],"wp:term":[{"taxonomy":"product_brand","embeddable":true,"href":"https:\/\/vitablanca.ma\/en\/wp-json\/wp\/v2\/product_brand?post=28513"},{"taxonomy":"product_cat","embeddable":true,"href":"https:\/\/vitablanca.ma\/en\/wp-json\/wp\/v2\/product_cat?post=28513"},{"taxonomy":"product_tag","embeddable":true,"href":"https:\/\/vitablanca.ma\/en\/wp-json\/wp\/v2\/product_tag?post=28513"}],"curies":[{"name":"wp","href":"https:\/\/api.w.org\/{rel}","templated":true}]}}