{"id":28505,"date":"2026-02-01T18:06:16","date_gmt":"2026-02-01T18:06:16","guid":{"rendered":"https:\/\/vitablanca.ma\/?post_type=product&#038;p=28505"},"modified":"2026-03-02T02:54:38","modified_gmt":"2026-03-02T02:54:38","slug":"dr-althea-147-barrier-cream-50ml-made-in-korea-maroc-prix","status":"publish","type":"product","link":"https:\/\/vitablanca.ma\/en\/product\/dr-althea-147-barrier-cream-50ml-made-in-korea-maroc-prix\/","title":{"rendered":"Dr. Althea 147 Barrier Cream 50ml, made in Korea"},"content":{"rendered":"<p>La Cr\u00e8me Barri\u00e8re 147 est un soin de pointe con\u00e7u pour renforcer la barri\u00e8re cutan\u00e9e, nourrir la peau et l\u2019hydrater en profondeur. Elle int\u00e8gre un ingr\u00e9dient brevet\u00e9, l\u2019extrait de fleur de Paeonia Albiflora, ainsi que des composants nourrissants comme l\u2019extrait d\u2019avocat et le tocoph\u00e9rol. Sa composition en acide hyaluronique \u00e0 sept couches assure une hydratation efficace et agit en profondeur, favorisant ainsi un teint plus rebondi et des bienfaits anti-\u00e2ge potentiels.<\/p>\n<p>\u00a0<\/p>\n<p>La Cr\u00e8me Barri\u00e8re 147 renforce la barri\u00e8re cutan\u00e9e, nourrit la peau et l\u2019hydrate en profondeur. Elle y parvient gr\u00e2ce \u00e0 son ingr\u00e9dient brevet\u00e9, l\u2019extrait de fleur de Paeonia Albiflora, qui renforce la barri\u00e8re cutan\u00e9e. Elle contient \u00e9galement des \u00e9l\u00e9ments nourrissants comme l\u2019extrait d\u2019avocat. La cr\u00e8me contient \u00e9galement des concentrations importantes (10 000 ppm chacun) d\u2019extrait de feuille d\u2019Artemisia Princeps, d\u2019extrait de fruit de Persea Gratissima (avocat) et d\u2019extrait de feuille de Brassica Oleracea Acephala, offrant une approche globale des soins de la peau.<\/p>\n<p>\u00a0<\/p>\n<p>La composition en sept couches d\u2019acide hyaluronique offre non seulement une hydratation compl\u00e8te, mais contribue \u00e9galement \u00e0 un teint plus rebondi. Ces composants de la cr\u00e8me procurent une sensation soyeuse et rafra\u00eechissante sans laisser de film gras, am\u00e9liorant ainsi l\u2019exp\u00e9rience utilisateur. Si ses principaux effets se concentrent sur le renforcement de la barri\u00e8re cutan\u00e9e, la nutrition et l\u2019hydratation en profondeur, ces bienfaits suppl\u00e9mentaires contribuent \u00e0 une solution de soin compl\u00e8te.<\/p>\n<p>\u00a0<\/p>","protected":false},"excerpt":{"rendered":"<ul>\n<li>Made in KOREA<\/li>\n<li>147 Barrier Cream<\/li>\n<li>Best-seller<\/li>\n<\/ul>","protected":false},"featured_media":30648,"template":"","meta":{"om_disable_all_campaigns":false},"product_brand":[5666],"product_cat":[18],"product_tag":[6979,6773,6951,6980,6978,6276,3492,6176,6230,5863],"class_list":{"0":"post-28505","1":"product","2":"type-product","3":"status-publish","4":"has-post-thumbnail","6":"product_brand-dr-althea-maroc-prix","7":"product_cat-beaute-sante","8":"product_tag-147-barrier-cream","9":"product_tag-apaisant","10":"product_tag-cosmetique-coreenne","11":"product_tag-creme-protectrice","12":"product_tag-dr-althea","13":"product_tag-hydratation","14":"product_tag-maroc","15":"product_tag-peau-sensible","16":"product_tag-soin-quotidien","17":"product_tag-soin-visage","19":"first","20":"instock","21":"sale","22":"taxable","23":"shipping-taxable","24":"purchasable","25":"product-type-simple"},"yoast_head":"<!-- This site is optimized with the Yoast SEO plugin v27.5 - https:\/\/yoast.com\/product\/yoast-seo-wordpress\/ -->\n<title>Dr. Althea 147 Barrier Cream 50 ml \u2013 Maroc Prix<\/title>\n<meta name=\"description\" content=\"Cr\u00e8me barri\u00e8re Dr. Althea 147 50 ml pour prot\u00e9ger, apaiser et renforcer la peau sensible ou irrit\u00e9e. Soin quotidien efficace. Disponible au Maroc.\" \/>\n<meta name=\"robots\" content=\"index, follow, max-snippet:-1, max-image-preview:large, max-video-preview:-1\" \/>\n<link rel=\"canonical\" href=\"https:\/\/vitablanca.ma\/en\/product\/dr-althea-147-barrier-cream-50ml-made-in-korea-maroc-prix\/\" \/>\n<meta property=\"og:locale\" content=\"en_US\" \/>\n<meta property=\"og:type\" content=\"article\" \/>\n<meta property=\"og:title\" content=\"Dr. Althea 147 Barrier Cream 50 ml \u2013 Maroc Prix\" \/>\n<meta property=\"og:description\" content=\"Cr\u00e8me barri\u00e8re Dr. Althea 147 50 ml pour prot\u00e9ger, apaiser et renforcer la peau sensible ou irrit\u00e9e. Soin quotidien efficace. Disponible au Maroc.\" \/>\n<meta property=\"og:url\" content=\"https:\/\/vitablanca.ma\/en\/product\/dr-althea-147-barrier-cream-50ml-made-in-korea-maroc-prix\/\" \/>\n<meta property=\"og:site_name\" content=\"Vitablanca.ma &ndash; Sant&eacute;, vitalit&eacute; et bien-&ecirc;tre pour tous les Marocains\" \/>\n<meta property=\"article:publisher\" content=\"https:\/\/www.facebook.com\/profile.php?id=61576678196717\" \/>\n<meta property=\"article:modified_time\" content=\"2026-03-02T02:54:38+00:00\" \/>\n<meta property=\"og:image\" content=\"https:\/\/vitablanca.ma\/wp-content\/uploads\/2026\/02\/Dr.Althea_147_Barrier_Cream_50ml_3.webp\" \/>\n\t<meta property=\"og:image:width\" content=\"1080\" \/>\n\t<meta property=\"og:image:height\" content=\"1080\" \/>\n\t<meta property=\"og:image:type\" content=\"image\/webp\" \/>\n<meta name=\"twitter:card\" content=\"summary_large_image\" \/>\n<meta name=\"twitter:label1\" content=\"Est. reading time\" \/>\n\t<meta name=\"twitter:data1\" content=\"2 minutes\" \/>\n<script type=\"application\/ld+json\" class=\"yoast-schema-graph\">{\"@context\":\"https:\\\/\\\/schema.org\",\"@graph\":[{\"@type\":[\"WebPage\",\"ItemPage\"],\"@id\":\"https:\\\/\\\/vitablanca.ma\\\/produit\\\/dr-althea-147-barrier-cream-50ml-made-in-korea-maroc-prix\\\/\",\"url\":\"https:\\\/\\\/vitablanca.ma\\\/produit\\\/dr-althea-147-barrier-cream-50ml-made-in-korea-maroc-prix\\\/\",\"name\":\"Dr. Althea 147 Barrier Cream 50 ml \u2013 Maroc Prix\",\"isPartOf\":{\"@id\":\"https:\\\/\\\/vitablanca.ma\\\/#website\"},\"primaryImageOfPage\":{\"@id\":\"https:\\\/\\\/vitablanca.ma\\\/produit\\\/dr-althea-147-barrier-cream-50ml-made-in-korea-maroc-prix\\\/#primaryimage\"},\"image\":{\"@id\":\"https:\\\/\\\/vitablanca.ma\\\/produit\\\/dr-althea-147-barrier-cream-50ml-made-in-korea-maroc-prix\\\/#primaryimage\"},\"thumbnailUrl\":\"https:\\\/\\\/vitablanca.ma\\\/wp-content\\\/uploads\\\/2026\\\/02\\\/Dr.Althea_147_Barrier_Cream_50ml_3.webp\",\"datePublished\":\"2026-02-01T18:06:16+00:00\",\"dateModified\":\"2026-03-02T02:54:38+00:00\",\"description\":\"Cr\u00e8me barri\u00e8re Dr. Althea 147 50 ml pour prot\u00e9ger, apaiser et renforcer la peau sensible ou irrit\u00e9e. Soin quotidien efficace. Disponible au Maroc.\",\"breadcrumb\":{\"@id\":\"https:\\\/\\\/vitablanca.ma\\\/produit\\\/dr-althea-147-barrier-cream-50ml-made-in-korea-maroc-prix\\\/#breadcrumb\"},\"inLanguage\":\"en-US\",\"potentialAction\":[{\"@type\":\"ReadAction\",\"target\":[\"https:\\\/\\\/vitablanca.ma\\\/produit\\\/dr-althea-147-barrier-cream-50ml-made-in-korea-maroc-prix\\\/\"]}]},{\"@type\":\"ImageObject\",\"inLanguage\":\"en-US\",\"@id\":\"https:\\\/\\\/vitablanca.ma\\\/produit\\\/dr-althea-147-barrier-cream-50ml-made-in-korea-maroc-prix\\\/#primaryimage\",\"url\":\"https:\\\/\\\/vitablanca.ma\\\/wp-content\\\/uploads\\\/2026\\\/02\\\/Dr.Althea_147_Barrier_Cream_50ml_3.webp\",\"contentUrl\":\"https:\\\/\\\/vitablanca.ma\\\/wp-content\\\/uploads\\\/2026\\\/02\\\/Dr.Althea_147_Barrier_Cream_50ml_3.webp\",\"width\":1080,\"height\":1080},{\"@type\":\"BreadcrumbList\",\"@id\":\"https:\\\/\\\/vitablanca.ma\\\/produit\\\/dr-althea-147-barrier-cream-50ml-made-in-korea-maroc-prix\\\/#breadcrumb\",\"itemListElement\":[{\"@type\":\"ListItem\",\"position\":1,\"name\":\"Home\",\"item\":\"https:\\\/\\\/vitablanca.ma\\\/\"},{\"@type\":\"ListItem\",\"position\":2,\"name\":\"Tous Les Produits\",\"item\":\"https:\\\/\\\/vitablanca.ma\\\/tous-les-produits\\\/\"},{\"@type\":\"ListItem\",\"position\":3,\"name\":\"Dr. Althea 147 Barrier Cream 50ml, made in Korea\"}]},{\"@type\":\"WebSite\",\"@id\":\"https:\\\/\\\/vitablanca.ma\\\/#website\",\"url\":\"https:\\\/\\\/vitablanca.ma\\\/\",\"name\":\"VitaBlanca.ma | Compl\u00e9ments alimentaires, sant\u00e9 & beaut\u00e9 au Maroc\",\"description\":\"vendre vitamines et compl\u00e9ments premium des USA &amp; Canada, Nouvelle Z\u00e9lande,Maroc (NOW Foods, Solgar, Manuka). Livraison rapide partout au Maroc.\",\"publisher\":{\"@id\":\"https:\\\/\\\/vitablanca.ma\\\/#organization\"},\"alternateName\":\"VitaBlanca.ma\",\"potentialAction\":[{\"@type\":\"SearchAction\",\"target\":{\"@type\":\"EntryPoint\",\"urlTemplate\":\"https:\\\/\\\/vitablanca.ma\\\/?s={search_term_string}\"},\"query-input\":{\"@type\":\"PropertyValueSpecification\",\"valueRequired\":true,\"valueName\":\"search_term_string\"}}],\"inLanguage\":\"en-US\"},{\"@type\":\"Organization\",\"@id\":\"https:\\\/\\\/vitablanca.ma\\\/#organization\",\"name\":\"VitaBlanca\",\"url\":\"https:\\\/\\\/vitablanca.ma\\\/\",\"logo\":{\"@type\":\"ImageObject\",\"inLanguage\":\"en-US\",\"@id\":\"https:\\\/\\\/vitablanca.ma\\\/#\\\/schema\\\/logo\\\/image\\\/\",\"url\":\"https:\\\/\\\/vitablanca.ma\\\/wp-content\\\/uploads\\\/2025\\\/05\\\/cropped-vitablanca.png\",\"contentUrl\":\"https:\\\/\\\/vitablanca.ma\\\/wp-content\\\/uploads\\\/2025\\\/05\\\/cropped-vitablanca.png\",\"width\":360,\"height\":67,\"caption\":\"VitaBlanca\"},\"image\":{\"@id\":\"https:\\\/\\\/vitablanca.ma\\\/#\\\/schema\\\/logo\\\/image\\\/\"},\"sameAs\":[\"https:\\\/\\\/www.facebook.com\\\/profile.php?id=61576678196717\",\"https:\\\/\\\/www.tiktok.com\\\/@vitablanca.ma\",\"https:\\\/\\\/www.instagram.com\\\/vitablanca.ma\\\/\"]}]}<\/script>\n<!-- \/ Yoast SEO plugin. -->","yoast_head_json":{"title":"Dr. Althea 147 Barrier Cream 50 ml \u2013 Maroc Prix","description":"Cr\u00e8me barri\u00e8re Dr. Althea 147 50 ml pour prot\u00e9ger, apaiser et renforcer la peau sensible ou irrit\u00e9e. Soin quotidien efficace. Disponible au Maroc.","robots":{"index":"index","follow":"follow","max-snippet":"max-snippet:-1","max-image-preview":"max-image-preview:large","max-video-preview":"max-video-preview:-1"},"canonical":"https:\/\/vitablanca.ma\/en\/product\/dr-althea-147-barrier-cream-50ml-made-in-korea-maroc-prix\/","og_locale":"en_US","og_type":"article","og_title":"Dr. Althea 147 Barrier Cream 50 ml \u2013 Maroc Prix","og_description":"Cr\u00e8me barri\u00e8re Dr. Althea 147 50 ml pour prot\u00e9ger, apaiser et renforcer la peau sensible ou irrit\u00e9e. Soin quotidien efficace. Disponible au Maroc.","og_url":"https:\/\/vitablanca.ma\/en\/product\/dr-althea-147-barrier-cream-50ml-made-in-korea-maroc-prix\/","og_site_name":"Vitablanca.ma &ndash; Sant&eacute;, vitalit&eacute; et bien-&ecirc;tre pour tous les Marocains","article_publisher":"https:\/\/www.facebook.com\/profile.php?id=61576678196717","article_modified_time":"2026-03-02T02:54:38+00:00","og_image":[{"width":1080,"height":1080,"url":"https:\/\/vitablanca.ma\/wp-content\/uploads\/2026\/02\/Dr.Althea_147_Barrier_Cream_50ml_3.webp","type":"image\/webp"}],"twitter_card":"summary_large_image","twitter_misc":{"Est. reading time":"2 minutes"},"schema":{"@context":"https:\/\/schema.org","@graph":[{"@type":["WebPage","ItemPage"],"@id":"https:\/\/vitablanca.ma\/produit\/dr-althea-147-barrier-cream-50ml-made-in-korea-maroc-prix\/","url":"https:\/\/vitablanca.ma\/produit\/dr-althea-147-barrier-cream-50ml-made-in-korea-maroc-prix\/","name":"Dr. Althea 147 Barrier Cream 50 ml \u2013 Maroc Prix","isPartOf":{"@id":"https:\/\/vitablanca.ma\/#website"},"primaryImageOfPage":{"@id":"https:\/\/vitablanca.ma\/produit\/dr-althea-147-barrier-cream-50ml-made-in-korea-maroc-prix\/#primaryimage"},"image":{"@id":"https:\/\/vitablanca.ma\/produit\/dr-althea-147-barrier-cream-50ml-made-in-korea-maroc-prix\/#primaryimage"},"thumbnailUrl":"https:\/\/vitablanca.ma\/wp-content\/uploads\/2026\/02\/Dr.Althea_147_Barrier_Cream_50ml_3.webp","datePublished":"2026-02-01T18:06:16+00:00","dateModified":"2026-03-02T02:54:38+00:00","description":"Cr\u00e8me barri\u00e8re Dr. Althea 147 50 ml pour prot\u00e9ger, apaiser et renforcer la peau sensible ou irrit\u00e9e. Soin quotidien efficace. Disponible au Maroc.","breadcrumb":{"@id":"https:\/\/vitablanca.ma\/produit\/dr-althea-147-barrier-cream-50ml-made-in-korea-maroc-prix\/#breadcrumb"},"inLanguage":"en-US","potentialAction":[{"@type":"ReadAction","target":["https:\/\/vitablanca.ma\/produit\/dr-althea-147-barrier-cream-50ml-made-in-korea-maroc-prix\/"]}]},{"@type":"ImageObject","inLanguage":"en-US","@id":"https:\/\/vitablanca.ma\/produit\/dr-althea-147-barrier-cream-50ml-made-in-korea-maroc-prix\/#primaryimage","url":"https:\/\/vitablanca.ma\/wp-content\/uploads\/2026\/02\/Dr.Althea_147_Barrier_Cream_50ml_3.webp","contentUrl":"https:\/\/vitablanca.ma\/wp-content\/uploads\/2026\/02\/Dr.Althea_147_Barrier_Cream_50ml_3.webp","width":1080,"height":1080},{"@type":"BreadcrumbList","@id":"https:\/\/vitablanca.ma\/produit\/dr-althea-147-barrier-cream-50ml-made-in-korea-maroc-prix\/#breadcrumb","itemListElement":[{"@type":"ListItem","position":1,"name":"Home","item":"https:\/\/vitablanca.ma\/"},{"@type":"ListItem","position":2,"name":"Tous Les Produits","item":"https:\/\/vitablanca.ma\/tous-les-produits\/"},{"@type":"ListItem","position":3,"name":"Dr. Althea 147 Barrier Cream 50ml, made in Korea"}]},{"@type":"WebSite","@id":"https:\/\/vitablanca.ma\/#website","url":"https:\/\/vitablanca.ma\/","name":"VitaBlanca.ma | Food supplements, health &amp; beauty in Morocco","description":"sell premium vitamins and supplements from USA &amp; Canada, New Zealand, Morocco (NOW Foods, Solgar, Manuka). Fast delivery anywhere in Morocco.","publisher":{"@id":"https:\/\/vitablanca.ma\/#organization"},"alternateName":"VitaBlanca.ma","potentialAction":[{"@type":"SearchAction","target":{"@type":"EntryPoint","urlTemplate":"https:\/\/vitablanca.ma\/?s={search_term_string}"},"query-input":{"@type":"PropertyValueSpecification","valueRequired":true,"valueName":"search_term_string"}}],"inLanguage":"en-US"},{"@type":"Organization","@id":"https:\/\/vitablanca.ma\/#organization","name":"VitaBlanca","url":"https:\/\/vitablanca.ma\/","logo":{"@type":"ImageObject","inLanguage":"en-US","@id":"https:\/\/vitablanca.ma\/#\/schema\/logo\/image\/","url":"https:\/\/vitablanca.ma\/wp-content\/uploads\/2025\/05\/cropped-vitablanca.png","contentUrl":"https:\/\/vitablanca.ma\/wp-content\/uploads\/2025\/05\/cropped-vitablanca.png","width":360,"height":67,"caption":"VitaBlanca"},"image":{"@id":"https:\/\/vitablanca.ma\/#\/schema\/logo\/image\/"},"sameAs":["https:\/\/www.facebook.com\/profile.php?id=61576678196717","https:\/\/www.tiktok.com\/@vitablanca.ma","https:\/\/www.instagram.com\/vitablanca.ma\/"]}]}},"jetpack_sharing_enabled":true,"_links":{"self":[{"href":"https:\/\/vitablanca.ma\/en\/wp-json\/wp\/v2\/product\/28505","targetHints":{"allow":["GET"]}}],"collection":[{"href":"https:\/\/vitablanca.ma\/en\/wp-json\/wp\/v2\/product"}],"about":[{"href":"https:\/\/vitablanca.ma\/en\/wp-json\/wp\/v2\/types\/product"}],"wp:featuredmedia":[{"embeddable":true,"href":"https:\/\/vitablanca.ma\/en\/wp-json\/wp\/v2\/media\/30648"}],"wp:attachment":[{"href":"https:\/\/vitablanca.ma\/en\/wp-json\/wp\/v2\/media?parent=28505"}],"wp:term":[{"taxonomy":"product_brand","embeddable":true,"href":"https:\/\/vitablanca.ma\/en\/wp-json\/wp\/v2\/product_brand?post=28505"},{"taxonomy":"product_cat","embeddable":true,"href":"https:\/\/vitablanca.ma\/en\/wp-json\/wp\/v2\/product_cat?post=28505"},{"taxonomy":"product_tag","embeddable":true,"href":"https:\/\/vitablanca.ma\/en\/wp-json\/wp\/v2\/product_tag?post=28505"}],"curies":[{"name":"wp","href":"https:\/\/api.w.org\/{rel}","templated":true}]}}