{"id":28478,"date":"2026-02-01T14:38:25","date_gmt":"2026-02-01T14:38:25","guid":{"rendered":"https:\/\/vitablanca.ma\/?post_type=product&#038;p=28478"},"modified":"2026-02-01T14:38:25","modified_gmt":"2026-02-01T14:38:25","slug":"sdm-eyewear-skin-lightening-food-supplement-with-glutathione-in-60-capsules-maroc-prix","status":"publish","type":"product","link":"https:\/\/vitablanca.ma\/en\/product\/sdm-eyewear-skin-lightening-food-supplement-with-glutathione-in-60-capsules-maroc-prix\/","title":{"rendered":"Sdm Eyewear skin-lightening food supplement with glutathione in 60 capsules"},"content":{"rendered":"<p><strong>SDM Boost Glu White Glutathione c<\/strong>ompl\u00e9ment alimentaire \u00e9claircissant \u00e0 base de glutathione, collag\u00e8ne marin et vitamine C. Il aide \u00e0 r\u00e9duire les taches, unifier le teint et raviver l\u2019\u00e9clat naturel de la peau tout en prot\u00e9geant contre les dommages caus\u00e9s par les UV. Bo\u00eete de 60 g\u00e9lules.<\/p>","protected":false},"excerpt":{"rendered":"<ul>\n<li>R\u00e9duire les taches et unifier le teint.<\/li>\n<li>Stimuler la production de collag\u00e8ne.<\/li>\n<li>R\u00e9parer et r\u00e9g\u00e9n\u00e9rer les tissus.<\/li>\n<li>Prot\u00e9ger la peau des dommages caus\u00e9s par les rayons UV.<\/li>\n<li>Raviver l&rsquo;\u00e9clat naturel de la peau.<\/li>\n<\/ul>","protected":false},"featured_media":28479,"template":"","meta":{"om_disable_all_campaigns":false},"product_brand":[6932],"product_cat":[18],"product_tag":[],"class_list":{"0":"post-28478","1":"product","2":"type-product","3":"status-publish","4":"has-post-thumbnail","6":"product_brand-sdm-eyewear","7":"product_cat-beaute-sante","9":"first","10":"instock","11":"sale","12":"taxable","13":"shipping-taxable","14":"purchasable","15":"product-type-simple"},"yoast_head":"<!-- This site is optimized with the Yoast SEO plugin v27.4 - https:\/\/yoast.com\/product\/yoast-seo-wordpress\/ -->\n<title>SDM Eyewear Skin-Lightening Glutathione 60 Caps \u2013 Maroc Prix<\/title>\n<meta name=\"description\" content=\"Compl\u00e9ment \u00e9claircissant \u00e0 base de glutathion pour un teint plus lumineux et uniforme. 60 capsules de qualit\u00e9. Disponible au Maroc.\" \/>\n<meta name=\"robots\" content=\"index, follow, max-snippet:-1, max-image-preview:large, max-video-preview:-1\" \/>\n<link rel=\"canonical\" href=\"https:\/\/vitablanca.ma\/en\/product\/sdm-eyewear-skin-lightening-food-supplement-with-glutathione-in-60-capsules-maroc-prix\/\" \/>\n<meta property=\"og:locale\" content=\"en_US\" \/>\n<meta property=\"og:type\" content=\"article\" \/>\n<meta property=\"og:title\" content=\"SDM Eyewear Skin-Lightening Glutathione 60 Caps \u2013 Maroc Prix\" \/>\n<meta property=\"og:description\" content=\"Compl\u00e9ment \u00e9claircissant \u00e0 base de glutathion pour un teint plus lumineux et uniforme. 60 capsules de qualit\u00e9. Disponible au Maroc.\" \/>\n<meta property=\"og:url\" content=\"https:\/\/vitablanca.ma\/en\/product\/sdm-eyewear-skin-lightening-food-supplement-with-glutathione-in-60-capsules-maroc-prix\/\" \/>\n<meta property=\"og:site_name\" content=\"Vitablanca.ma &ndash; Sant&eacute;, vitalit&eacute; et bien-&ecirc;tre pour tous les Marocains\" \/>\n<meta property=\"article:publisher\" content=\"https:\/\/www.facebook.com\/profile.php?id=61576678196717\" \/>\n<meta property=\"og:image\" content=\"https:\/\/vitablanca.ma\/wp-content\/uploads\/2026\/02\/Sdm-Eyewear-skin-lightening-food-supplement-with-glutathione-in-60-capsules1.webp\" \/>\n\t<meta property=\"og:image:width\" content=\"1024\" \/>\n\t<meta property=\"og:image:height\" content=\"1024\" \/>\n\t<meta property=\"og:image:type\" content=\"image\/webp\" \/>\n<meta name=\"twitter:card\" content=\"summary_large_image\" \/>\n<meta name=\"twitter:label1\" content=\"Est. reading time\" \/>\n\t<meta name=\"twitter:data1\" content=\"1 minute\" \/>\n<script type=\"application\/ld+json\" class=\"yoast-schema-graph\">{\"@context\":\"https:\\\/\\\/schema.org\",\"@graph\":[{\"@type\":[\"WebPage\",\"ItemPage\"],\"@id\":\"https:\\\/\\\/vitablanca.ma\\\/produit\\\/sdm-eyewear-skin-lightening-food-supplement-with-glutathione-in-60-capsules-maroc-prix\\\/\",\"url\":\"https:\\\/\\\/vitablanca.ma\\\/produit\\\/sdm-eyewear-skin-lightening-food-supplement-with-glutathione-in-60-capsules-maroc-prix\\\/\",\"name\":\"SDM Eyewear Skin-Lightening Glutathione 60 Caps \u2013 Maroc Prix\",\"isPartOf\":{\"@id\":\"https:\\\/\\\/vitablanca.ma\\\/#website\"},\"primaryImageOfPage\":{\"@id\":\"https:\\\/\\\/vitablanca.ma\\\/produit\\\/sdm-eyewear-skin-lightening-food-supplement-with-glutathione-in-60-capsules-maroc-prix\\\/#primaryimage\"},\"image\":{\"@id\":\"https:\\\/\\\/vitablanca.ma\\\/produit\\\/sdm-eyewear-skin-lightening-food-supplement-with-glutathione-in-60-capsules-maroc-prix\\\/#primaryimage\"},\"thumbnailUrl\":\"https:\\\/\\\/vitablanca.ma\\\/wp-content\\\/uploads\\\/2026\\\/02\\\/Sdm-Eyewear-skin-lightening-food-supplement-with-glutathione-in-60-capsules1.webp\",\"datePublished\":\"2026-02-01T14:38:25+00:00\",\"description\":\"Compl\u00e9ment \u00e9claircissant \u00e0 base de glutathion pour un teint plus lumineux et uniforme. 60 capsules de qualit\u00e9. Disponible au Maroc.\",\"breadcrumb\":{\"@id\":\"https:\\\/\\\/vitablanca.ma\\\/produit\\\/sdm-eyewear-skin-lightening-food-supplement-with-glutathione-in-60-capsules-maroc-prix\\\/#breadcrumb\"},\"inLanguage\":\"en-US\",\"potentialAction\":[{\"@type\":\"ReadAction\",\"target\":[\"https:\\\/\\\/vitablanca.ma\\\/produit\\\/sdm-eyewear-skin-lightening-food-supplement-with-glutathione-in-60-capsules-maroc-prix\\\/\"]}]},{\"@type\":\"ImageObject\",\"inLanguage\":\"en-US\",\"@id\":\"https:\\\/\\\/vitablanca.ma\\\/produit\\\/sdm-eyewear-skin-lightening-food-supplement-with-glutathione-in-60-capsules-maroc-prix\\\/#primaryimage\",\"url\":\"https:\\\/\\\/vitablanca.ma\\\/wp-content\\\/uploads\\\/2026\\\/02\\\/Sdm-Eyewear-skin-lightening-food-supplement-with-glutathione-in-60-capsules1.webp\",\"contentUrl\":\"https:\\\/\\\/vitablanca.ma\\\/wp-content\\\/uploads\\\/2026\\\/02\\\/Sdm-Eyewear-skin-lightening-food-supplement-with-glutathione-in-60-capsules1.webp\",\"width\":1024,\"height\":1024},{\"@type\":\"BreadcrumbList\",\"@id\":\"https:\\\/\\\/vitablanca.ma\\\/produit\\\/sdm-eyewear-skin-lightening-food-supplement-with-glutathione-in-60-capsules-maroc-prix\\\/#breadcrumb\",\"itemListElement\":[{\"@type\":\"ListItem\",\"position\":1,\"name\":\"Home\",\"item\":\"https:\\\/\\\/vitablanca.ma\\\/\"},{\"@type\":\"ListItem\",\"position\":2,\"name\":\"Tous Les Produits\",\"item\":\"https:\\\/\\\/vitablanca.ma\\\/tous-les-produits\\\/\"},{\"@type\":\"ListItem\",\"position\":3,\"name\":\"Sdm Eyewear skin-lightening food supplement with glutathione in 60 capsules\"}]},{\"@type\":\"WebSite\",\"@id\":\"https:\\\/\\\/vitablanca.ma\\\/#website\",\"url\":\"https:\\\/\\\/vitablanca.ma\\\/\",\"name\":\"VitaBlanca.ma | Compl\u00e9ments alimentaires, sant\u00e9 & beaut\u00e9 au Maroc\",\"description\":\"vendre vitamines et compl\u00e9ments premium des USA &amp; Canada, Nouvelle Z\u00e9lande,Maroc (NOW Foods, Solgar, Manuka). Livraison rapide partout au Maroc.\",\"publisher\":{\"@id\":\"https:\\\/\\\/vitablanca.ma\\\/#organization\"},\"alternateName\":\"VitaBlanca.ma\",\"potentialAction\":[{\"@type\":\"SearchAction\",\"target\":{\"@type\":\"EntryPoint\",\"urlTemplate\":\"https:\\\/\\\/vitablanca.ma\\\/?s={search_term_string}\"},\"query-input\":{\"@type\":\"PropertyValueSpecification\",\"valueRequired\":true,\"valueName\":\"search_term_string\"}}],\"inLanguage\":\"en-US\"},{\"@type\":\"Organization\",\"@id\":\"https:\\\/\\\/vitablanca.ma\\\/#organization\",\"name\":\"VitaBlanca\",\"url\":\"https:\\\/\\\/vitablanca.ma\\\/\",\"logo\":{\"@type\":\"ImageObject\",\"inLanguage\":\"en-US\",\"@id\":\"https:\\\/\\\/vitablanca.ma\\\/#\\\/schema\\\/logo\\\/image\\\/\",\"url\":\"https:\\\/\\\/vitablanca.ma\\\/wp-content\\\/uploads\\\/2025\\\/05\\\/cropped-vitablanca.png\",\"contentUrl\":\"https:\\\/\\\/vitablanca.ma\\\/wp-content\\\/uploads\\\/2025\\\/05\\\/cropped-vitablanca.png\",\"width\":360,\"height\":67,\"caption\":\"VitaBlanca\"},\"image\":{\"@id\":\"https:\\\/\\\/vitablanca.ma\\\/#\\\/schema\\\/logo\\\/image\\\/\"},\"sameAs\":[\"https:\\\/\\\/www.facebook.com\\\/profile.php?id=61576678196717\",\"https:\\\/\\\/www.tiktok.com\\\/@vitablanca.ma\",\"https:\\\/\\\/www.instagram.com\\\/vitablanca.ma\\\/\"]}]}<\/script>\n<!-- \/ Yoast SEO plugin. -->","yoast_head_json":{"title":"SDM Eyewear Skin-Lightening Glutathione 60 Caps \u2013 Maroc Prix","description":"Compl\u00e9ment \u00e9claircissant \u00e0 base de glutathion pour un teint plus lumineux et uniforme. 60 capsules de qualit\u00e9. Disponible au Maroc.","robots":{"index":"index","follow":"follow","max-snippet":"max-snippet:-1","max-image-preview":"max-image-preview:large","max-video-preview":"max-video-preview:-1"},"canonical":"https:\/\/vitablanca.ma\/en\/product\/sdm-eyewear-skin-lightening-food-supplement-with-glutathione-in-60-capsules-maroc-prix\/","og_locale":"en_US","og_type":"article","og_title":"SDM Eyewear Skin-Lightening Glutathione 60 Caps \u2013 Maroc Prix","og_description":"Compl\u00e9ment \u00e9claircissant \u00e0 base de glutathion pour un teint plus lumineux et uniforme. 60 capsules de qualit\u00e9. Disponible au Maroc.","og_url":"https:\/\/vitablanca.ma\/en\/product\/sdm-eyewear-skin-lightening-food-supplement-with-glutathione-in-60-capsules-maroc-prix\/","og_site_name":"Vitablanca.ma &ndash; Sant&eacute;, vitalit&eacute; et bien-&ecirc;tre pour tous les Marocains","article_publisher":"https:\/\/www.facebook.com\/profile.php?id=61576678196717","og_image":[{"width":1024,"height":1024,"url":"https:\/\/vitablanca.ma\/wp-content\/uploads\/2026\/02\/Sdm-Eyewear-skin-lightening-food-supplement-with-glutathione-in-60-capsules1.webp","type":"image\/webp"}],"twitter_card":"summary_large_image","twitter_misc":{"Est. reading time":"1 minute"},"schema":{"@context":"https:\/\/schema.org","@graph":[{"@type":["WebPage","ItemPage"],"@id":"https:\/\/vitablanca.ma\/produit\/sdm-eyewear-skin-lightening-food-supplement-with-glutathione-in-60-capsules-maroc-prix\/","url":"https:\/\/vitablanca.ma\/produit\/sdm-eyewear-skin-lightening-food-supplement-with-glutathione-in-60-capsules-maroc-prix\/","name":"SDM Eyewear Skin-Lightening Glutathione 60 Caps \u2013 Maroc Prix","isPartOf":{"@id":"https:\/\/vitablanca.ma\/#website"},"primaryImageOfPage":{"@id":"https:\/\/vitablanca.ma\/produit\/sdm-eyewear-skin-lightening-food-supplement-with-glutathione-in-60-capsules-maroc-prix\/#primaryimage"},"image":{"@id":"https:\/\/vitablanca.ma\/produit\/sdm-eyewear-skin-lightening-food-supplement-with-glutathione-in-60-capsules-maroc-prix\/#primaryimage"},"thumbnailUrl":"https:\/\/vitablanca.ma\/wp-content\/uploads\/2026\/02\/Sdm-Eyewear-skin-lightening-food-supplement-with-glutathione-in-60-capsules1.webp","datePublished":"2026-02-01T14:38:25+00:00","description":"Compl\u00e9ment \u00e9claircissant \u00e0 base de glutathion pour un teint plus lumineux et uniforme. 60 capsules de qualit\u00e9. Disponible au Maroc.","breadcrumb":{"@id":"https:\/\/vitablanca.ma\/produit\/sdm-eyewear-skin-lightening-food-supplement-with-glutathione-in-60-capsules-maroc-prix\/#breadcrumb"},"inLanguage":"en-US","potentialAction":[{"@type":"ReadAction","target":["https:\/\/vitablanca.ma\/produit\/sdm-eyewear-skin-lightening-food-supplement-with-glutathione-in-60-capsules-maroc-prix\/"]}]},{"@type":"ImageObject","inLanguage":"en-US","@id":"https:\/\/vitablanca.ma\/produit\/sdm-eyewear-skin-lightening-food-supplement-with-glutathione-in-60-capsules-maroc-prix\/#primaryimage","url":"https:\/\/vitablanca.ma\/wp-content\/uploads\/2026\/02\/Sdm-Eyewear-skin-lightening-food-supplement-with-glutathione-in-60-capsules1.webp","contentUrl":"https:\/\/vitablanca.ma\/wp-content\/uploads\/2026\/02\/Sdm-Eyewear-skin-lightening-food-supplement-with-glutathione-in-60-capsules1.webp","width":1024,"height":1024},{"@type":"BreadcrumbList","@id":"https:\/\/vitablanca.ma\/produit\/sdm-eyewear-skin-lightening-food-supplement-with-glutathione-in-60-capsules-maroc-prix\/#breadcrumb","itemListElement":[{"@type":"ListItem","position":1,"name":"Home","item":"https:\/\/vitablanca.ma\/"},{"@type":"ListItem","position":2,"name":"Tous Les Produits","item":"https:\/\/vitablanca.ma\/tous-les-produits\/"},{"@type":"ListItem","position":3,"name":"Sdm Eyewear skin-lightening food supplement with glutathione in 60 capsules"}]},{"@type":"WebSite","@id":"https:\/\/vitablanca.ma\/#website","url":"https:\/\/vitablanca.ma\/","name":"VitaBlanca.ma | Food supplements, health &amp; beauty in Morocco","description":"sell premium vitamins and supplements from USA &amp; Canada, New Zealand, Morocco (NOW Foods, Solgar, Manuka). Fast delivery anywhere in Morocco.","publisher":{"@id":"https:\/\/vitablanca.ma\/#organization"},"alternateName":"VitaBlanca.ma","potentialAction":[{"@type":"SearchAction","target":{"@type":"EntryPoint","urlTemplate":"https:\/\/vitablanca.ma\/?s={search_term_string}"},"query-input":{"@type":"PropertyValueSpecification","valueRequired":true,"valueName":"search_term_string"}}],"inLanguage":"en-US"},{"@type":"Organization","@id":"https:\/\/vitablanca.ma\/#organization","name":"VitaBlanca","url":"https:\/\/vitablanca.ma\/","logo":{"@type":"ImageObject","inLanguage":"en-US","@id":"https:\/\/vitablanca.ma\/#\/schema\/logo\/image\/","url":"https:\/\/vitablanca.ma\/wp-content\/uploads\/2025\/05\/cropped-vitablanca.png","contentUrl":"https:\/\/vitablanca.ma\/wp-content\/uploads\/2025\/05\/cropped-vitablanca.png","width":360,"height":67,"caption":"VitaBlanca"},"image":{"@id":"https:\/\/vitablanca.ma\/#\/schema\/logo\/image\/"},"sameAs":["https:\/\/www.facebook.com\/profile.php?id=61576678196717","https:\/\/www.tiktok.com\/@vitablanca.ma","https:\/\/www.instagram.com\/vitablanca.ma\/"]}]}},"jetpack_sharing_enabled":true,"_links":{"self":[{"href":"https:\/\/vitablanca.ma\/en\/wp-json\/wp\/v2\/product\/28478","targetHints":{"allow":["GET"]}}],"collection":[{"href":"https:\/\/vitablanca.ma\/en\/wp-json\/wp\/v2\/product"}],"about":[{"href":"https:\/\/vitablanca.ma\/en\/wp-json\/wp\/v2\/types\/product"}],"wp:featuredmedia":[{"embeddable":true,"href":"https:\/\/vitablanca.ma\/en\/wp-json\/wp\/v2\/media\/28479"}],"wp:attachment":[{"href":"https:\/\/vitablanca.ma\/en\/wp-json\/wp\/v2\/media?parent=28478"}],"wp:term":[{"taxonomy":"product_brand","embeddable":true,"href":"https:\/\/vitablanca.ma\/en\/wp-json\/wp\/v2\/product_brand?post=28478"},{"taxonomy":"product_cat","embeddable":true,"href":"https:\/\/vitablanca.ma\/en\/wp-json\/wp\/v2\/product_cat?post=28478"},{"taxonomy":"product_tag","embeddable":true,"href":"https:\/\/vitablanca.ma\/en\/wp-json\/wp\/v2\/product_tag?post=28478"}],"curies":[{"name":"wp","href":"https:\/\/api.w.org\/{rel}","templated":true}]}}