{"id":28464,"date":"2026-01-31T14:35:20","date_gmt":"2026-01-31T14:35:20","guid":{"rendered":"https:\/\/vitablanca.ma\/?post_type=product&#038;p=28464"},"modified":"2026-01-31T14:35:20","modified_gmt":"2026-01-31T14:35:20","slug":"black-diamond-protein-red-smoothing-treatment-100-ml-maroc-prix","status":"publish","type":"product","link":"https:\/\/vitablanca.ma\/en\/product\/black-diamond-protein-red-smoothing-treatment-100-ml-maroc-prix\/","title":{"rendered":"Black Diamond Protein Red Smoothing Treatment 100 ml"},"content":{"rendered":"<p>Black Diamond : Traitement capillaire sans formol, riche en vitamines C E A et PROB5, huile d\u2019aloe vera, Quarana, huile de coco et d\u2019olive, extrait de peau de banane et de Mutamba, beurre de Capua\u00e7u et babassu, convient aux cheveux afro et aux cheveux indisciplin\u00e9s, r\u00e9duit le volume, hydrate, r\u00e9g\u00e9n\u00e9re la fibre capillaire et apporte de la brillance et de la souplesse aux cheveux. Sa formulation est compatible avec tous les produits chimiques.<\/p>\n<p>(FR) BLACK DIAMOND actif en une \u00e9tape. R\u00e9duit le volume pour tous les types de cheveux. R\u00e9sultats visibles d\u00e8s la premi\u00e8re application. Soin intensif en une seule \u00e9tape qui hydrate en profondeur, donne une brillance et une force \u00e9tonnantes aux cheveux, r\u00e9duit le volume et \u00e9limine les frisottis. BLACK DIAMOND en une seule \u00e9tape, est riche en vitamines C, E, A et PRO B5, k\u00e9ratine, huile d\u2019aloe vera, huile de coco, huile d\u2019olive et germe de bl\u00e9.MODE D\u2019EMPLOI<\/p>\n<p>(FR) Sur cheveux humide et bien lav\u00e9s avec un shampoing neutre, divisez les cheveux en quatre parties, appliquez le produit m\u00e8che par m\u00e8che, avec un peigne appliquez uniform\u00e9ment et brossez le produit \u00e0 partir de 5 cm des racines aux pointes des cheveux, selon chaque type de cheveux, laissez reposer 30 \u00e0 60 minutes. Rincer \u00e0 l\u2019eau ti\u00e8de, s\u00e9cher \u00e0 100%, puis utiliser le lisseur aussi souvent que n\u00e9cessaire en fonction de chaque type de cheveux.<\/p>\n<p>Temp\u00e9rature\u00a0\u00e0 respecter\u00a0:<\/p>\n<ul>\n<li>Entre\u00a0180 \u00e0 190\u00b0 degr\u00e9s pour les cheveux d\u00e9color\u00e9s et sensibilis\u00e9s.<\/li>\n<li>Entre 210 et 230\u00b0 pour les cheveux normaux, color\u00e9s m\u00e9ch\u00e9s et r\u00e9sistant.<\/li>\n<li>230\u00b0 pour les cheveux nature<\/li>\n<\/ul>","protected":false},"excerpt":{"rendered":"<ul>\n<li>Soins lissants riches en vitamine C, E, \u00c0 PROB5, la k\u00e9ratine, l\u2019huile d\u2019aloe vera, de coco et d\u2019olive, extrait de peau de banane et le germe de bl\u00e9.<\/li>\n<li>Lissage Brillant Extr\u00e8me<\/li>\n<li>Traitement capillaire sans formol,<\/li>\n<li>100ML<\/li>\n<\/ul>","protected":false},"featured_media":28465,"template":"","meta":{"om_disable_all_campaigns":false},"product_brand":[6918],"product_cat":[18],"product_tag":[6917,6919,6131,6924,6922,3492,6920,6923,6921,6162],"class_list":{"0":"post-28464","1":"product","2":"type-product","3":"status-publish","4":"has-post-thumbnail","6":"product_brand-black-diamond","7":"product_cat-beaute-sante","8":"product_tag-beaute","9":"product_tag-black-diamond","10":"product_tag-cheveux-lisses","11":"product_tag-decante","12":"product_tag-lissage-cheveux","13":"product_tag-maroc","14":"product_tag-protein-smoothing","15":"product_tag-proteine-capillaire","16":"product_tag-smoothing-treatment","17":"product_tag-soin-capillaire","19":"first","20":"instock","21":"sale","22":"taxable","23":"shipping-taxable","24":"purchasable","25":"product-type-simple"},"yoast_head":"<!-- This site is optimized with the Yoast SEO plugin v27.4 - https:\/\/yoast.com\/product\/yoast-seo-wordpress\/ -->\n<title>Black Diamond Protein Red Smoothing Treatment 100 \u2013 Maroc Prix<\/title>\n<meta name=\"description\" content=\"Traitement lissant \u00e0 la prot\u00e9ine pour des cheveux lisses, brillants et nourris. Format 100 ml d\u00e9cant\u00e9. Disponible au Maroc.\" \/>\n<meta name=\"robots\" content=\"index, follow, max-snippet:-1, max-image-preview:large, max-video-preview:-1\" \/>\n<link rel=\"canonical\" href=\"https:\/\/vitablanca.ma\/en\/product\/black-diamond-protein-red-smoothing-treatment-100-ml-maroc-prix\/\" \/>\n<meta property=\"og:locale\" content=\"en_US\" \/>\n<meta property=\"og:type\" content=\"article\" \/>\n<meta property=\"og:title\" content=\"Black Diamond Protein Red Smoothing Treatment 100 \u2013 Maroc Prix\" \/>\n<meta property=\"og:description\" content=\"Traitement lissant \u00e0 la prot\u00e9ine pour des cheveux lisses, brillants et nourris. Format 100 ml d\u00e9cant\u00e9. Disponible au Maroc.\" \/>\n<meta property=\"og:url\" content=\"https:\/\/vitablanca.ma\/en\/product\/black-diamond-protein-red-smoothing-treatment-100-ml-maroc-prix\/\" \/>\n<meta property=\"og:site_name\" content=\"Vitablanca.ma &ndash; Sant&eacute;, vitalit&eacute; et bien-&ecirc;tre pour tous les Marocains\" \/>\n<meta property=\"article:publisher\" content=\"https:\/\/www.facebook.com\/profile.php?id=61576678196717\" \/>\n<meta property=\"og:image\" content=\"https:\/\/vitablanca.ma\/wp-content\/uploads\/2026\/01\/Black-Diamond-Diamond-lissage-blackdiamond-proteine-rouge-soin-lissant-100ml-DECANTE1.webp\" \/>\n\t<meta property=\"og:image:width\" content=\"800\" \/>\n\t<meta property=\"og:image:height\" content=\"800\" \/>\n\t<meta property=\"og:image:type\" content=\"image\/webp\" \/>\n<meta name=\"twitter:card\" content=\"summary_large_image\" \/>\n<meta name=\"twitter:label1\" content=\"Est. reading time\" \/>\n\t<meta name=\"twitter:data1\" content=\"2 minutes\" \/>\n<script type=\"application\/ld+json\" class=\"yoast-schema-graph\">{\"@context\":\"https:\\\/\\\/schema.org\",\"@graph\":[{\"@type\":[\"WebPage\",\"ItemPage\"],\"@id\":\"https:\\\/\\\/vitablanca.ma\\\/produit\\\/black-diamond-protein-red-smoothing-treatment-100-ml-maroc-prix\\\/\",\"url\":\"https:\\\/\\\/vitablanca.ma\\\/produit\\\/black-diamond-protein-red-smoothing-treatment-100-ml-maroc-prix\\\/\",\"name\":\"Black Diamond Protein Red Smoothing Treatment 100 \u2013 Maroc Prix\",\"isPartOf\":{\"@id\":\"https:\\\/\\\/vitablanca.ma\\\/#website\"},\"primaryImageOfPage\":{\"@id\":\"https:\\\/\\\/vitablanca.ma\\\/produit\\\/black-diamond-protein-red-smoothing-treatment-100-ml-maroc-prix\\\/#primaryimage\"},\"image\":{\"@id\":\"https:\\\/\\\/vitablanca.ma\\\/produit\\\/black-diamond-protein-red-smoothing-treatment-100-ml-maroc-prix\\\/#primaryimage\"},\"thumbnailUrl\":\"https:\\\/\\\/vitablanca.ma\\\/wp-content\\\/uploads\\\/2026\\\/01\\\/Black-Diamond-Diamond-lissage-blackdiamond-proteine-rouge-soin-lissant-100ml-DECANTE1.webp\",\"datePublished\":\"2026-01-31T14:35:20+00:00\",\"description\":\"Traitement lissant \u00e0 la prot\u00e9ine pour des cheveux lisses, brillants et nourris. Format 100 ml d\u00e9cant\u00e9. Disponible au Maroc.\",\"breadcrumb\":{\"@id\":\"https:\\\/\\\/vitablanca.ma\\\/produit\\\/black-diamond-protein-red-smoothing-treatment-100-ml-maroc-prix\\\/#breadcrumb\"},\"inLanguage\":\"en-US\",\"potentialAction\":[{\"@type\":\"ReadAction\",\"target\":[\"https:\\\/\\\/vitablanca.ma\\\/produit\\\/black-diamond-protein-red-smoothing-treatment-100-ml-maroc-prix\\\/\"]}]},{\"@type\":\"ImageObject\",\"inLanguage\":\"en-US\",\"@id\":\"https:\\\/\\\/vitablanca.ma\\\/produit\\\/black-diamond-protein-red-smoothing-treatment-100-ml-maroc-prix\\\/#primaryimage\",\"url\":\"https:\\\/\\\/vitablanca.ma\\\/wp-content\\\/uploads\\\/2026\\\/01\\\/Black-Diamond-Diamond-lissage-blackdiamond-proteine-rouge-soin-lissant-100ml-DECANTE1.webp\",\"contentUrl\":\"https:\\\/\\\/vitablanca.ma\\\/wp-content\\\/uploads\\\/2026\\\/01\\\/Black-Diamond-Diamond-lissage-blackdiamond-proteine-rouge-soin-lissant-100ml-DECANTE1.webp\",\"width\":800,\"height\":800},{\"@type\":\"BreadcrumbList\",\"@id\":\"https:\\\/\\\/vitablanca.ma\\\/produit\\\/black-diamond-protein-red-smoothing-treatment-100-ml-maroc-prix\\\/#breadcrumb\",\"itemListElement\":[{\"@type\":\"ListItem\",\"position\":1,\"name\":\"Home\",\"item\":\"https:\\\/\\\/vitablanca.ma\\\/\"},{\"@type\":\"ListItem\",\"position\":2,\"name\":\"Tous Les Produits\",\"item\":\"https:\\\/\\\/vitablanca.ma\\\/tous-les-produits\\\/\"},{\"@type\":\"ListItem\",\"position\":3,\"name\":\"Black Diamond Protein Red Smoothing Treatment 100 ml\"}]},{\"@type\":\"WebSite\",\"@id\":\"https:\\\/\\\/vitablanca.ma\\\/#website\",\"url\":\"https:\\\/\\\/vitablanca.ma\\\/\",\"name\":\"VitaBlanca.ma | Compl\u00e9ments alimentaires, sant\u00e9 & beaut\u00e9 au Maroc\",\"description\":\"vendre vitamines et compl\u00e9ments premium des USA &amp; Canada, Nouvelle Z\u00e9lande,Maroc (NOW Foods, Solgar, Manuka). Livraison rapide partout au Maroc.\",\"publisher\":{\"@id\":\"https:\\\/\\\/vitablanca.ma\\\/#organization\"},\"alternateName\":\"VitaBlanca.ma\",\"potentialAction\":[{\"@type\":\"SearchAction\",\"target\":{\"@type\":\"EntryPoint\",\"urlTemplate\":\"https:\\\/\\\/vitablanca.ma\\\/?s={search_term_string}\"},\"query-input\":{\"@type\":\"PropertyValueSpecification\",\"valueRequired\":true,\"valueName\":\"search_term_string\"}}],\"inLanguage\":\"en-US\"},{\"@type\":\"Organization\",\"@id\":\"https:\\\/\\\/vitablanca.ma\\\/#organization\",\"name\":\"VitaBlanca\",\"url\":\"https:\\\/\\\/vitablanca.ma\\\/\",\"logo\":{\"@type\":\"ImageObject\",\"inLanguage\":\"en-US\",\"@id\":\"https:\\\/\\\/vitablanca.ma\\\/#\\\/schema\\\/logo\\\/image\\\/\",\"url\":\"https:\\\/\\\/vitablanca.ma\\\/wp-content\\\/uploads\\\/2025\\\/05\\\/cropped-vitablanca.png\",\"contentUrl\":\"https:\\\/\\\/vitablanca.ma\\\/wp-content\\\/uploads\\\/2025\\\/05\\\/cropped-vitablanca.png\",\"width\":360,\"height\":67,\"caption\":\"VitaBlanca\"},\"image\":{\"@id\":\"https:\\\/\\\/vitablanca.ma\\\/#\\\/schema\\\/logo\\\/image\\\/\"},\"sameAs\":[\"https:\\\/\\\/www.facebook.com\\\/profile.php?id=61576678196717\",\"https:\\\/\\\/www.tiktok.com\\\/@vitablanca.ma\",\"https:\\\/\\\/www.instagram.com\\\/vitablanca.ma\\\/\"]}]}<\/script>\n<!-- \/ Yoast SEO plugin. -->","yoast_head_json":{"title":"Black Diamond Protein Red Smoothing Treatment 100 \u2013 Maroc Prix","description":"Traitement lissant \u00e0 la prot\u00e9ine pour des cheveux lisses, brillants et nourris. Format 100 ml d\u00e9cant\u00e9. Disponible au Maroc.","robots":{"index":"index","follow":"follow","max-snippet":"max-snippet:-1","max-image-preview":"max-image-preview:large","max-video-preview":"max-video-preview:-1"},"canonical":"https:\/\/vitablanca.ma\/en\/product\/black-diamond-protein-red-smoothing-treatment-100-ml-maroc-prix\/","og_locale":"en_US","og_type":"article","og_title":"Black Diamond Protein Red Smoothing Treatment 100 \u2013 Maroc Prix","og_description":"Traitement lissant \u00e0 la prot\u00e9ine pour des cheveux lisses, brillants et nourris. Format 100 ml d\u00e9cant\u00e9. Disponible au Maroc.","og_url":"https:\/\/vitablanca.ma\/en\/product\/black-diamond-protein-red-smoothing-treatment-100-ml-maroc-prix\/","og_site_name":"Vitablanca.ma &ndash; Sant&eacute;, vitalit&eacute; et bien-&ecirc;tre pour tous les Marocains","article_publisher":"https:\/\/www.facebook.com\/profile.php?id=61576678196717","og_image":[{"width":800,"height":800,"url":"https:\/\/vitablanca.ma\/wp-content\/uploads\/2026\/01\/Black-Diamond-Diamond-lissage-blackdiamond-proteine-rouge-soin-lissant-100ml-DECANTE1.webp","type":"image\/webp"}],"twitter_card":"summary_large_image","twitter_misc":{"Est. reading time":"2 minutes"},"schema":{"@context":"https:\/\/schema.org","@graph":[{"@type":["WebPage","ItemPage"],"@id":"https:\/\/vitablanca.ma\/produit\/black-diamond-protein-red-smoothing-treatment-100-ml-maroc-prix\/","url":"https:\/\/vitablanca.ma\/produit\/black-diamond-protein-red-smoothing-treatment-100-ml-maroc-prix\/","name":"Black Diamond Protein Red Smoothing Treatment 100 \u2013 Maroc Prix","isPartOf":{"@id":"https:\/\/vitablanca.ma\/#website"},"primaryImageOfPage":{"@id":"https:\/\/vitablanca.ma\/produit\/black-diamond-protein-red-smoothing-treatment-100-ml-maroc-prix\/#primaryimage"},"image":{"@id":"https:\/\/vitablanca.ma\/produit\/black-diamond-protein-red-smoothing-treatment-100-ml-maroc-prix\/#primaryimage"},"thumbnailUrl":"https:\/\/vitablanca.ma\/wp-content\/uploads\/2026\/01\/Black-Diamond-Diamond-lissage-blackdiamond-proteine-rouge-soin-lissant-100ml-DECANTE1.webp","datePublished":"2026-01-31T14:35:20+00:00","description":"Traitement lissant \u00e0 la prot\u00e9ine pour des cheveux lisses, brillants et nourris. Format 100 ml d\u00e9cant\u00e9. Disponible au Maroc.","breadcrumb":{"@id":"https:\/\/vitablanca.ma\/produit\/black-diamond-protein-red-smoothing-treatment-100-ml-maroc-prix\/#breadcrumb"},"inLanguage":"en-US","potentialAction":[{"@type":"ReadAction","target":["https:\/\/vitablanca.ma\/produit\/black-diamond-protein-red-smoothing-treatment-100-ml-maroc-prix\/"]}]},{"@type":"ImageObject","inLanguage":"en-US","@id":"https:\/\/vitablanca.ma\/produit\/black-diamond-protein-red-smoothing-treatment-100-ml-maroc-prix\/#primaryimage","url":"https:\/\/vitablanca.ma\/wp-content\/uploads\/2026\/01\/Black-Diamond-Diamond-lissage-blackdiamond-proteine-rouge-soin-lissant-100ml-DECANTE1.webp","contentUrl":"https:\/\/vitablanca.ma\/wp-content\/uploads\/2026\/01\/Black-Diamond-Diamond-lissage-blackdiamond-proteine-rouge-soin-lissant-100ml-DECANTE1.webp","width":800,"height":800},{"@type":"BreadcrumbList","@id":"https:\/\/vitablanca.ma\/produit\/black-diamond-protein-red-smoothing-treatment-100-ml-maroc-prix\/#breadcrumb","itemListElement":[{"@type":"ListItem","position":1,"name":"Home","item":"https:\/\/vitablanca.ma\/"},{"@type":"ListItem","position":2,"name":"Tous Les Produits","item":"https:\/\/vitablanca.ma\/tous-les-produits\/"},{"@type":"ListItem","position":3,"name":"Black Diamond Protein Red Smoothing Treatment 100 ml"}]},{"@type":"WebSite","@id":"https:\/\/vitablanca.ma\/#website","url":"https:\/\/vitablanca.ma\/","name":"VitaBlanca.ma | Food supplements, health &amp; beauty in Morocco","description":"sell premium vitamins and supplements from USA &amp; Canada, New Zealand, Morocco (NOW Foods, Solgar, Manuka). Fast delivery anywhere in Morocco.","publisher":{"@id":"https:\/\/vitablanca.ma\/#organization"},"alternateName":"VitaBlanca.ma","potentialAction":[{"@type":"SearchAction","target":{"@type":"EntryPoint","urlTemplate":"https:\/\/vitablanca.ma\/?s={search_term_string}"},"query-input":{"@type":"PropertyValueSpecification","valueRequired":true,"valueName":"search_term_string"}}],"inLanguage":"en-US"},{"@type":"Organization","@id":"https:\/\/vitablanca.ma\/#organization","name":"VitaBlanca","url":"https:\/\/vitablanca.ma\/","logo":{"@type":"ImageObject","inLanguage":"en-US","@id":"https:\/\/vitablanca.ma\/#\/schema\/logo\/image\/","url":"https:\/\/vitablanca.ma\/wp-content\/uploads\/2025\/05\/cropped-vitablanca.png","contentUrl":"https:\/\/vitablanca.ma\/wp-content\/uploads\/2025\/05\/cropped-vitablanca.png","width":360,"height":67,"caption":"VitaBlanca"},"image":{"@id":"https:\/\/vitablanca.ma\/#\/schema\/logo\/image\/"},"sameAs":["https:\/\/www.facebook.com\/profile.php?id=61576678196717","https:\/\/www.tiktok.com\/@vitablanca.ma","https:\/\/www.instagram.com\/vitablanca.ma\/"]}]}},"jetpack_sharing_enabled":true,"_links":{"self":[{"href":"https:\/\/vitablanca.ma\/en\/wp-json\/wp\/v2\/product\/28464","targetHints":{"allow":["GET"]}}],"collection":[{"href":"https:\/\/vitablanca.ma\/en\/wp-json\/wp\/v2\/product"}],"about":[{"href":"https:\/\/vitablanca.ma\/en\/wp-json\/wp\/v2\/types\/product"}],"wp:featuredmedia":[{"embeddable":true,"href":"https:\/\/vitablanca.ma\/en\/wp-json\/wp\/v2\/media\/28465"}],"wp:attachment":[{"href":"https:\/\/vitablanca.ma\/en\/wp-json\/wp\/v2\/media?parent=28464"}],"wp:term":[{"taxonomy":"product_brand","embeddable":true,"href":"https:\/\/vitablanca.ma\/en\/wp-json\/wp\/v2\/product_brand?post=28464"},{"taxonomy":"product_cat","embeddable":true,"href":"https:\/\/vitablanca.ma\/en\/wp-json\/wp\/v2\/product_cat?post=28464"},{"taxonomy":"product_tag","embeddable":true,"href":"https:\/\/vitablanca.ma\/en\/wp-json\/wp\/v2\/product_tag?post=28464"}],"curies":[{"name":"wp","href":"https:\/\/api.w.org\/{rel}","templated":true}]}}