{"id":28461,"date":"2026-01-31T14:30:20","date_gmt":"2026-01-31T14:30:20","guid":{"rendered":"https:\/\/vitablanca.ma\/?post_type=product&#038;p=28461"},"modified":"2026-03-08T03:09:35","modified_gmt":"2026-03-08T03:09:35","slug":"black-caviar-brazilian-smoothing-protein-treatment-0-formaldehyde-135ml-intensive-care-serum-100ml-maroc-prix","status":"publish","type":"product","link":"https:\/\/vitablanca.ma\/en\/product\/black-caviar-brazilian-smoothing-protein-treatment-0-formaldehyde-135ml-intensive-care-serum-100ml-maroc-prix\/","title":{"rendered":"BLACK CAVIAR Brazilian Smoothing Protein Treatment 0% Formaldehyde \u2013 135ml"},"content":{"rendered":"<p>Le Lissage Black Caviar Protein combine la puissance du collag\u00e8ne et des prot\u00e9ines hydrolys\u00e9es pour une chevelure lisse, nourrie et \u00e9clatante. Con\u00e7u sans formald\u00e9hyde, il assure un lissage br\u00e9silien respectueux et durable, directement inspir\u00e9 des soins professionnels en salon.<\/p>\n<p>Redonnez vie \u00e0 vos cheveux avec le Lissage \u00e0 la Prot\u00e9ine Black Caviar 0% Formald\u00e9hyde !<\/p>\n<p>Ce soin capillaire professionnel hydrate, nourrit et r\u00e9pare les cheveux en profondeur d\u00e8s la premi\u00e8re utilisation. Sa formule enrichie en acides amin\u00e9s, collag\u00e8ne et prot\u00e9ines hydrolys\u00e9es lisse efficacement la fibre capillaire tout en \u00e9liminant les frisottis.<\/p>\n<p>R\u00e9sultat : des cheveux soyeux, brillants, lisses et visiblement plus sains.<\/p>\n<p>Sans formald\u00e9hyde, sans parab\u00e8ne, sans chlorure de sodium, ce traitement respecte la sant\u00e9 du cuir chevelu et peut \u00eatre utilis\u00e9 sur tous types de cheveux : secs, color\u00e9s, ab\u00eem\u00e9s ou boucl\u00e9s.<\/p>\n<p>ce soin professionnel offre un r\u00e9sultat durable jusqu\u2019\u00e0 4 mois pour un effet salon \u00e0 domicile.<\/p>\n<p>???? Id\u00e9al pour celles et ceux qui recherchent un lissage naturel, brillant et sans agressions chimiques.<\/p>\n<p>S\u00e9rum BLACK CAVIAR pr\u00e9serve la beaut\u00e9 et la douceur de vos cheveux apr\u00e8s le lissage \u00e0 la prot\u00e9ine 100 ml<\/p>","protected":false},"excerpt":{"rendered":"<ul>\n<li>Le lissage Black Caviar Protein combine la puissance du collag\u00e8ne et des prot\u00e9ines hydrolys\u00e9es pour une chevelure lisse<\/li>\n<li>nourrie et \u00e9clatante.<\/li>\n<li>Con\u00e7u sans formald\u00e9hyde<\/li>\n<li>il assure un lissage br\u00e9silien respectueux et durable, directement inspir\u00e9 des soins professionnels en salon.<\/li>\n<li>Redonnez vie \u00e0 vos cheveux avec le Lissage \u00e0 la Prot\u00e9ine Black Caviar 0% Formald\u00e9hyde !<\/li>\n<li>Ce soin capillaire professionnel hydrate, nourrit et r\u00e9pare les cheveux en profondeur d\u00e8s la premi\u00e8re utilisation.<\/li>\n<li>Sa formule enrichie en acides amin\u00e9s, collag\u00e8ne et prot\u00e9ines hydrolys\u00e9es lisse efficacement la fibre capillaire tout en \u00e9liminant les frisottis.<\/li>\n<li>R\u00e9sultat : des cheveux soyeux, brillants, lisses et visiblement plus sains.<\/li>\n<li>135 ml<\/li>\n<li>S\u00e9rum BLACK CAVIAR pr\u00e9serve la beaut\u00e9<\/li>\n<li>et la douceur de vos cheveux apr\u00e8s le lissage \u00e0 la prot\u00e9ine<\/li>\n<li>100 ml<\/li>\n<\/ul>","protected":false},"featured_media":28463,"template":"","meta":[],"product_brand":[6911],"product_cat":[18],"product_tag":[6917,6912,6913,6131,6916,3492,6914,6915,6127,6162],"class_list":{"0":"post-28461","1":"product","2":"type-product","3":"status-publish","4":"has-post-thumbnail","6":"product_brand-black-caviar","7":"product_cat-beaute-sante","8":"product_tag-beaute","9":"product_tag-black-caviar","10":"product_tag-brazilian-smoothing","11":"product_tag-cheveux-lisses","12":"product_tag-lissage-bresilien","13":"product_tag-maroc","14":"product_tag-protein-treatment","15":"product_tag-sans-formaldehyde","16":"product_tag-serum-cheveux","17":"product_tag-soin-capillaire","19":"first","20":"instock","21":"sale","22":"taxable","23":"shipping-taxable","24":"purchasable","25":"product-type-simple"},"yoast_head":"<!-- This site is optimized with the Yoast SEO plugin v27.6 - https:\/\/yoast.com\/product\/yoast-seo-wordpress\/ -->\n<title>Black Caviar Smoothing Protein 0% Formaldehyde \u2013 Maroc Prix<\/title>\n<meta name=\"description\" content=\"Traitement lissant br\u00e9silien \u00e0 la prot\u00e9ine de caviar noir, sans formald\u00e9hyde, pour des cheveux lisses, brillants et nourris. Inclut s\u00e9rum soin intensif.\" \/>\n<meta name=\"robots\" content=\"index, follow, max-snippet:-1, max-image-preview:large, max-video-preview:-1\" \/>\n<link rel=\"canonical\" href=\"https:\/\/vitablanca.ma\/en\/product\/black-caviar-brazilian-smoothing-protein-treatment-0-formaldehyde-135ml-intensive-care-serum-100ml-maroc-prix\/\" \/>\n<meta property=\"og:locale\" content=\"en_US\" \/>\n<meta property=\"og:type\" content=\"article\" \/>\n<meta property=\"og:title\" content=\"Black Caviar Smoothing Protein 0% Formaldehyde \u2013 Maroc Prix\" \/>\n<meta property=\"og:description\" content=\"Traitement lissant br\u00e9silien \u00e0 la prot\u00e9ine de caviar noir, sans formald\u00e9hyde, pour des cheveux lisses, brillants et nourris. Inclut s\u00e9rum soin intensif.\" \/>\n<meta property=\"og:url\" content=\"https:\/\/vitablanca.ma\/en\/product\/black-caviar-brazilian-smoothing-protein-treatment-0-formaldehyde-135ml-intensive-care-serum-100ml-maroc-prix\/\" \/>\n<meta property=\"og:site_name\" content=\"Vitablanca.ma &ndash; Sant&eacute;, vitalit&eacute; et bien-&ecirc;tre pour tous les Marocains\" \/>\n<meta property=\"article:publisher\" content=\"https:\/\/www.facebook.com\/profile.php?id=61576678196717\" \/>\n<meta property=\"article:modified_time\" content=\"2026-03-08T03:09:35+00:00\" \/>\n<meta property=\"og:image\" content=\"https:\/\/vitablanca.ma\/wp-content\/uploads\/2026\/01\/BLACK-CAVIAR-Lissage-Bresilien-Protein-0-Formaldehyde-\u2013-135ml-serum-soin-intensif-100-ml2.webp\" \/>\n\t<meta property=\"og:image:width\" content=\"680\" \/>\n\t<meta property=\"og:image:height\" content=\"680\" \/>\n\t<meta property=\"og:image:type\" content=\"image\/webp\" \/>\n<meta name=\"twitter:card\" content=\"summary_large_image\" \/>\n<meta name=\"twitter:label1\" content=\"Est. reading time\" \/>\n\t<meta name=\"twitter:data1\" content=\"2 minutes\" \/>\n<script type=\"application\/ld+json\" class=\"yoast-schema-graph\">{\"@context\":\"https:\\\/\\\/schema.org\",\"@graph\":[{\"@type\":[\"WebPage\",\"ItemPage\"],\"@id\":\"https:\\\/\\\/vitablanca.ma\\\/produit\\\/black-caviar-brazilian-smoothing-protein-treatment-0-formaldehyde-135ml-intensive-care-serum-100ml-maroc-prix\\\/\",\"url\":\"https:\\\/\\\/vitablanca.ma\\\/produit\\\/black-caviar-brazilian-smoothing-protein-treatment-0-formaldehyde-135ml-intensive-care-serum-100ml-maroc-prix\\\/\",\"name\":\"Black Caviar Smoothing Protein 0% Formaldehyde \u2013 Maroc Prix\",\"isPartOf\":{\"@id\":\"https:\\\/\\\/vitablanca.ma\\\/#website\"},\"primaryImageOfPage\":{\"@id\":\"https:\\\/\\\/vitablanca.ma\\\/produit\\\/black-caviar-brazilian-smoothing-protein-treatment-0-formaldehyde-135ml-intensive-care-serum-100ml-maroc-prix\\\/#primaryimage\"},\"image\":{\"@id\":\"https:\\\/\\\/vitablanca.ma\\\/produit\\\/black-caviar-brazilian-smoothing-protein-treatment-0-formaldehyde-135ml-intensive-care-serum-100ml-maroc-prix\\\/#primaryimage\"},\"thumbnailUrl\":\"https:\\\/\\\/vitablanca.ma\\\/wp-content\\\/uploads\\\/2026\\\/01\\\/BLACK-CAVIAR-Lissage-Bresilien-Protein-0-Formaldehyde-\u2013-135ml-serum-soin-intensif-100-ml2.webp\",\"datePublished\":\"2026-01-31T14:30:20+00:00\",\"dateModified\":\"2026-03-08T03:09:35+00:00\",\"description\":\"Traitement lissant br\u00e9silien \u00e0 la prot\u00e9ine de caviar noir, sans formald\u00e9hyde, pour des cheveux lisses, brillants et nourris. Inclut s\u00e9rum soin intensif.\",\"breadcrumb\":{\"@id\":\"https:\\\/\\\/vitablanca.ma\\\/produit\\\/black-caviar-brazilian-smoothing-protein-treatment-0-formaldehyde-135ml-intensive-care-serum-100ml-maroc-prix\\\/#breadcrumb\"},\"inLanguage\":\"en-US\",\"potentialAction\":[{\"@type\":\"ReadAction\",\"target\":[\"https:\\\/\\\/vitablanca.ma\\\/produit\\\/black-caviar-brazilian-smoothing-protein-treatment-0-formaldehyde-135ml-intensive-care-serum-100ml-maroc-prix\\\/\"]}]},{\"@type\":\"ImageObject\",\"inLanguage\":\"en-US\",\"@id\":\"https:\\\/\\\/vitablanca.ma\\\/produit\\\/black-caviar-brazilian-smoothing-protein-treatment-0-formaldehyde-135ml-intensive-care-serum-100ml-maroc-prix\\\/#primaryimage\",\"url\":\"https:\\\/\\\/vitablanca.ma\\\/wp-content\\\/uploads\\\/2026\\\/01\\\/BLACK-CAVIAR-Lissage-Bresilien-Protein-0-Formaldehyde-\u2013-135ml-serum-soin-intensif-100-ml2.webp\",\"contentUrl\":\"https:\\\/\\\/vitablanca.ma\\\/wp-content\\\/uploads\\\/2026\\\/01\\\/BLACK-CAVIAR-Lissage-Bresilien-Protein-0-Formaldehyde-\u2013-135ml-serum-soin-intensif-100-ml2.webp\",\"width\":680,\"height\":680},{\"@type\":\"BreadcrumbList\",\"@id\":\"https:\\\/\\\/vitablanca.ma\\\/produit\\\/black-caviar-brazilian-smoothing-protein-treatment-0-formaldehyde-135ml-intensive-care-serum-100ml-maroc-prix\\\/#breadcrumb\",\"itemListElement\":[{\"@type\":\"ListItem\",\"position\":1,\"name\":\"Home\",\"item\":\"https:\\\/\\\/vitablanca.ma\\\/\"},{\"@type\":\"ListItem\",\"position\":2,\"name\":\"Tous Les Produits\",\"item\":\"https:\\\/\\\/vitablanca.ma\\\/tous-les-produits\\\/\"},{\"@type\":\"ListItem\",\"position\":3,\"name\":\"BLACK CAVIAR Brazilian Smoothing Protein Treatment 0% Formaldehyde \u2013 135ml\"}]},{\"@type\":\"WebSite\",\"@id\":\"https:\\\/\\\/vitablanca.ma\\\/#website\",\"url\":\"https:\\\/\\\/vitablanca.ma\\\/\",\"name\":\"VitaBlanca.ma | Compl\u00e9ments alimentaires, sant\u00e9 & beaut\u00e9 au Maroc\",\"description\":\"vendre vitamines et compl\u00e9ments premium des USA &amp; Canada, Nouvelle Z\u00e9lande,Maroc (NOW Foods, Solgar, Manuka). Livraison rapide partout au Maroc.\",\"publisher\":{\"@id\":\"https:\\\/\\\/vitablanca.ma\\\/#organization\"},\"alternateName\":\"VitaBlanca.ma\",\"potentialAction\":[{\"@type\":\"SearchAction\",\"target\":{\"@type\":\"EntryPoint\",\"urlTemplate\":\"https:\\\/\\\/vitablanca.ma\\\/?s={search_term_string}\"},\"query-input\":{\"@type\":\"PropertyValueSpecification\",\"valueRequired\":true,\"valueName\":\"search_term_string\"}}],\"inLanguage\":\"en-US\"},{\"@type\":\"Organization\",\"@id\":\"https:\\\/\\\/vitablanca.ma\\\/#organization\",\"name\":\"VitaBlanca\",\"url\":\"https:\\\/\\\/vitablanca.ma\\\/\",\"logo\":{\"@type\":\"ImageObject\",\"inLanguage\":\"en-US\",\"@id\":\"https:\\\/\\\/vitablanca.ma\\\/#\\\/schema\\\/logo\\\/image\\\/\",\"url\":\"https:\\\/\\\/vitablanca.ma\\\/wp-content\\\/uploads\\\/2025\\\/05\\\/cropped-vitablanca.png\",\"contentUrl\":\"https:\\\/\\\/vitablanca.ma\\\/wp-content\\\/uploads\\\/2025\\\/05\\\/cropped-vitablanca.png\",\"width\":360,\"height\":67,\"caption\":\"VitaBlanca\"},\"image\":{\"@id\":\"https:\\\/\\\/vitablanca.ma\\\/#\\\/schema\\\/logo\\\/image\\\/\"},\"sameAs\":[\"https:\\\/\\\/www.facebook.com\\\/profile.php?id=61576678196717\",\"https:\\\/\\\/www.tiktok.com\\\/@vitablanca.ma\",\"https:\\\/\\\/www.instagram.com\\\/vitablanca.ma\\\/\"]}]}<\/script>\n<!-- \/ Yoast SEO plugin. -->","yoast_head_json":{"title":"Black Caviar Smoothing Protein 0% Formaldehyde \u2013 Maroc Prix","description":"Traitement lissant br\u00e9silien \u00e0 la prot\u00e9ine de caviar noir, sans formald\u00e9hyde, pour des cheveux lisses, brillants et nourris. Inclut s\u00e9rum soin intensif.","robots":{"index":"index","follow":"follow","max-snippet":"max-snippet:-1","max-image-preview":"max-image-preview:large","max-video-preview":"max-video-preview:-1"},"canonical":"https:\/\/vitablanca.ma\/en\/product\/black-caviar-brazilian-smoothing-protein-treatment-0-formaldehyde-135ml-intensive-care-serum-100ml-maroc-prix\/","og_locale":"en_US","og_type":"article","og_title":"Black Caviar Smoothing Protein 0% Formaldehyde \u2013 Maroc Prix","og_description":"Traitement lissant br\u00e9silien \u00e0 la prot\u00e9ine de caviar noir, sans formald\u00e9hyde, pour des cheveux lisses, brillants et nourris. Inclut s\u00e9rum soin intensif.","og_url":"https:\/\/vitablanca.ma\/en\/product\/black-caviar-brazilian-smoothing-protein-treatment-0-formaldehyde-135ml-intensive-care-serum-100ml-maroc-prix\/","og_site_name":"Vitablanca.ma &ndash; Sant&eacute;, vitalit&eacute; et bien-&ecirc;tre pour tous les Marocains","article_publisher":"https:\/\/www.facebook.com\/profile.php?id=61576678196717","article_modified_time":"2026-03-08T03:09:35+00:00","og_image":[{"width":680,"height":680,"url":"https:\/\/vitablanca.ma\/wp-content\/uploads\/2026\/01\/BLACK-CAVIAR-Lissage-Bresilien-Protein-0-Formaldehyde-\u2013-135ml-serum-soin-intensif-100-ml2.webp","type":"image\/webp"}],"twitter_card":"summary_large_image","twitter_misc":{"Est. reading time":"2 minutes"},"schema":{"@context":"https:\/\/schema.org","@graph":[{"@type":["WebPage","ItemPage"],"@id":"https:\/\/vitablanca.ma\/produit\/black-caviar-brazilian-smoothing-protein-treatment-0-formaldehyde-135ml-intensive-care-serum-100ml-maroc-prix\/","url":"https:\/\/vitablanca.ma\/produit\/black-caviar-brazilian-smoothing-protein-treatment-0-formaldehyde-135ml-intensive-care-serum-100ml-maroc-prix\/","name":"Black Caviar Smoothing Protein 0% Formaldehyde \u2013 Maroc Prix","isPartOf":{"@id":"https:\/\/vitablanca.ma\/#website"},"primaryImageOfPage":{"@id":"https:\/\/vitablanca.ma\/produit\/black-caviar-brazilian-smoothing-protein-treatment-0-formaldehyde-135ml-intensive-care-serum-100ml-maroc-prix\/#primaryimage"},"image":{"@id":"https:\/\/vitablanca.ma\/produit\/black-caviar-brazilian-smoothing-protein-treatment-0-formaldehyde-135ml-intensive-care-serum-100ml-maroc-prix\/#primaryimage"},"thumbnailUrl":"https:\/\/vitablanca.ma\/wp-content\/uploads\/2026\/01\/BLACK-CAVIAR-Lissage-Bresilien-Protein-0-Formaldehyde-\u2013-135ml-serum-soin-intensif-100-ml2.webp","datePublished":"2026-01-31T14:30:20+00:00","dateModified":"2026-03-08T03:09:35+00:00","description":"Traitement lissant br\u00e9silien \u00e0 la prot\u00e9ine de caviar noir, sans formald\u00e9hyde, pour des cheveux lisses, brillants et nourris. Inclut s\u00e9rum soin intensif.","breadcrumb":{"@id":"https:\/\/vitablanca.ma\/produit\/black-caviar-brazilian-smoothing-protein-treatment-0-formaldehyde-135ml-intensive-care-serum-100ml-maroc-prix\/#breadcrumb"},"inLanguage":"en-US","potentialAction":[{"@type":"ReadAction","target":["https:\/\/vitablanca.ma\/produit\/black-caviar-brazilian-smoothing-protein-treatment-0-formaldehyde-135ml-intensive-care-serum-100ml-maroc-prix\/"]}]},{"@type":"ImageObject","inLanguage":"en-US","@id":"https:\/\/vitablanca.ma\/produit\/black-caviar-brazilian-smoothing-protein-treatment-0-formaldehyde-135ml-intensive-care-serum-100ml-maroc-prix\/#primaryimage","url":"https:\/\/vitablanca.ma\/wp-content\/uploads\/2026\/01\/BLACK-CAVIAR-Lissage-Bresilien-Protein-0-Formaldehyde-\u2013-135ml-serum-soin-intensif-100-ml2.webp","contentUrl":"https:\/\/vitablanca.ma\/wp-content\/uploads\/2026\/01\/BLACK-CAVIAR-Lissage-Bresilien-Protein-0-Formaldehyde-\u2013-135ml-serum-soin-intensif-100-ml2.webp","width":680,"height":680},{"@type":"BreadcrumbList","@id":"https:\/\/vitablanca.ma\/produit\/black-caviar-brazilian-smoothing-protein-treatment-0-formaldehyde-135ml-intensive-care-serum-100ml-maroc-prix\/#breadcrumb","itemListElement":[{"@type":"ListItem","position":1,"name":"Home","item":"https:\/\/vitablanca.ma\/"},{"@type":"ListItem","position":2,"name":"Tous Les Produits","item":"https:\/\/vitablanca.ma\/tous-les-produits\/"},{"@type":"ListItem","position":3,"name":"BLACK CAVIAR Brazilian Smoothing Protein Treatment 0% Formaldehyde \u2013 135ml"}]},{"@type":"WebSite","@id":"https:\/\/vitablanca.ma\/#website","url":"https:\/\/vitablanca.ma\/","name":"VitaBlanca.ma | Food supplements, health &amp; beauty in Morocco","description":"sell premium vitamins and supplements from USA &amp; Canada, New Zealand, Morocco (NOW Foods, Solgar, Manuka). Fast delivery anywhere in Morocco.","publisher":{"@id":"https:\/\/vitablanca.ma\/#organization"},"alternateName":"VitaBlanca.ma","potentialAction":[{"@type":"SearchAction","target":{"@type":"EntryPoint","urlTemplate":"https:\/\/vitablanca.ma\/?s={search_term_string}"},"query-input":{"@type":"PropertyValueSpecification","valueRequired":true,"valueName":"search_term_string"}}],"inLanguage":"en-US"},{"@type":"Organization","@id":"https:\/\/vitablanca.ma\/#organization","name":"VitaBlanca","url":"https:\/\/vitablanca.ma\/","logo":{"@type":"ImageObject","inLanguage":"en-US","@id":"https:\/\/vitablanca.ma\/#\/schema\/logo\/image\/","url":"https:\/\/vitablanca.ma\/wp-content\/uploads\/2025\/05\/cropped-vitablanca.png","contentUrl":"https:\/\/vitablanca.ma\/wp-content\/uploads\/2025\/05\/cropped-vitablanca.png","width":360,"height":67,"caption":"VitaBlanca"},"image":{"@id":"https:\/\/vitablanca.ma\/#\/schema\/logo\/image\/"},"sameAs":["https:\/\/www.facebook.com\/profile.php?id=61576678196717","https:\/\/www.tiktok.com\/@vitablanca.ma","https:\/\/www.instagram.com\/vitablanca.ma\/"]}]}},"jetpack_sharing_enabled":true,"_links":{"self":[{"href":"https:\/\/vitablanca.ma\/en\/wp-json\/wp\/v2\/product\/28461","targetHints":{"allow":["GET"]}}],"collection":[{"href":"https:\/\/vitablanca.ma\/en\/wp-json\/wp\/v2\/product"}],"about":[{"href":"https:\/\/vitablanca.ma\/en\/wp-json\/wp\/v2\/types\/product"}],"wp:featuredmedia":[{"embeddable":true,"href":"https:\/\/vitablanca.ma\/en\/wp-json\/wp\/v2\/media\/28463"}],"wp:attachment":[{"href":"https:\/\/vitablanca.ma\/en\/wp-json\/wp\/v2\/media?parent=28461"}],"wp:term":[{"taxonomy":"product_brand","embeddable":true,"href":"https:\/\/vitablanca.ma\/en\/wp-json\/wp\/v2\/product_brand?post=28461"},{"taxonomy":"product_cat","embeddable":true,"href":"https:\/\/vitablanca.ma\/en\/wp-json\/wp\/v2\/product_cat?post=28461"},{"taxonomy":"product_tag","embeddable":true,"href":"https:\/\/vitablanca.ma\/en\/wp-json\/wp\/v2\/product_tag?post=28461"}],"curies":[{"name":"wp","href":"https:\/\/api.w.org\/{rel}","templated":true}]}}