{"id":28443,"date":"2026-01-30T15:03:28","date_gmt":"2026-01-30T15:03:28","guid":{"rendered":"https:\/\/vitablanca.ma\/?post_type=product&#038;p=28443"},"modified":"2026-01-30T15:03:29","modified_gmt":"2026-01-30T15:03:29","slug":"axis-dark-spot-correcting-radiance-serum-50-ml-maroc-prix","status":"publish","type":"product","link":"https:\/\/vitablanca.ma\/en\/product\/axis-dark-spot-correcting-radiance-serum-50-ml-maroc-prix\/","title":{"rendered":"Axis Dark Spot Correcting Radiance Serum, 50 ml"},"content":{"rendered":"<div class=\"row item-row\">\n<div class=\"col-xs-24\">\n<div>\n<p>La niacinamide activ\u00e9e aide \u00e0 corriger les taches brunes et \u00e0 illuminer la peau, avec du squalane d\u2019origine v\u00e9g\u00e9tale pour retenir l\u2019hydratation pour une peau \u00e9clatante toute la journ\u00e9e.<\/p>\n<p>Avec 5\u00a0% de niacinamide, \u00e9galement connu sous le nom de vitamine\u00a0B3, ce s\u00e9rum \u00e9limine les probl\u00e8mes de pigmentation courants, notamment les taches brunes et les irr\u00e9gularit\u00e9s du teint. Ce s\u00e9rum l\u00e9ger regorge d\u2019extraits v\u00e9g\u00e9taux puissants tels que\u00a0: Le fruit d\u2019hippophae rhamnoides, le son de riz et la papaye pour mieux corriger les taches pour une peau nette et \u00e9clatante. Le tout agr\u00e9ment\u00e9 de phytosqualane pour garder votre peau \u00e9clatante tout au long de la journ\u00e9e.<\/p>\n<\/div>\n<\/div>\n<\/div>\n<div class=\"row item-row\">\n<div class=\"col-xs-24\">\n<h3><strong>Suggested Use<\/strong><\/h3>\n<div class=\"prodOverviewDetail\">\n<p>Appliquez une petite quantit\u00e9 sur le visage et le cou. Pour des r\u00e9sultats optimaux, utilisez le matin et le soir. Pour les applications PM, peut \u00e9galement \u00eatre utilis\u00e9 comme masque de sommeil.<\/p>\n<\/div>\n<\/div>\n<\/div>\n<div class=\"row item-row\">\n<div class=\"col-xs-24\">\n<h3><strong>Other ingredients<\/strong><\/h3>\n<div class=\"prodOverviewIngred\">\n<p>Eau, glyc\u00e9rol, nicotinamide, hyaluronate de sodium, propanediol, \u00e9rythritol, butyl\u00e8ne glycol, squalane, extrait de son de riz, extrait de fleur de souci, extrait de papaye, extrait du fruit de l\u2019argousier, extrait de cerise des Antilles, polyglyceryl-10 laurate, chlorph\u00e9n\u00e9sine, arginine, 3-(2-\u00e9thylhexyloxy)-1,2-propanediol, glucides, glutathion, 1,2-hexanediol, hydroxypropyl, cyclodextrine, EDTA disodique, hydroxy\u00e9thylcellulose, allanto\u00efne, huile essentielle de romarin.<\/p>\n<\/div>\n<\/div>\n<\/div>\n<div class=\"row item-row\">\n<div class=\"col-xs-24\">\n<h3><strong>Warnings<\/strong><\/h3>\n<div class=\"prodOverviewDetail\">\n<p>1. Ne pas utiliser sur une peau pr\u00e9sentant des coupures, des br\u00fblures ou des irritations. 2. En cas d\u2019\u00e9ruption cutan\u00e9e, cesser l\u2019utilisation et consulter un m\u00e9decin. 3. Si le produit entre en contact avec vos yeux, rincez abondamment \u00e0 l\u2019eau courante. 4. Tenir hors de port\u00e9e des enfants. 5. Conserver le produit dans un endroit frais et sec, \u00e0 l\u2019abri de la lumi\u00e8re du soleil.<\/p>\n<p>\u00a0<\/p>\n<\/div>\n<\/div>\n<\/div>","protected":false},"excerpt":{"rendered":"<ul>\n<li>Nicotinamide 5\u00a0%<\/li>\n<li>squalane<\/li>\n<li>Extrait de fruit d&rsquo;Hippophae Rhamnoides<\/li>\n<li>Vegan\u00ae<\/li>\n<li>Formule avanc\u00e9e 6+1+1\u2122<\/li>\n<li>Solutions de soin de la peau inspir\u00e9es du climat<\/li>\n<\/ul>","protected":false},"featured_media":28446,"template":"","meta":{"om_disable_all_campaigns":false},"product_brand":[6870],"product_cat":[18],"product_tag":[6871,6877,6872,6659,6875,3492,6873,6186,6876,6874],"class_list":{"0":"post-28443","1":"product","2":"type-product","3":"status-publish","4":"has-post-thumbnail","6":"product_brand-axis","7":"product_cat-beaute-sante","8":"product_tag-axis","9":"product_tag-cosmetique","10":"product_tag-dark-spot-correcting","11":"product_tag-eclat-de-la-peau","12":"product_tag-hyperpigmentation","13":"product_tag-maroc","14":"product_tag-radiance-serum","15":"product_tag-serum-visage","16":"product_tag-soin-de-la-peau","17":"product_tag-taches-brunes","19":"first","20":"instock","21":"sale","22":"taxable","23":"shipping-taxable","24":"purchasable","25":"product-type-simple"},"yoast_head":"<!-- This site is optimized with the Yoast SEO plugin v27.5 - https:\/\/yoast.com\/product\/yoast-seo-wordpress\/ -->\n<title>Axis Dark Spot Correcting Radiance Serum 50 ml \u2013 Maroc Prix<\/title>\n<meta name=\"description\" content=\"S\u00e9rum correcteur de taches brunes pour illuminer le teint, unifier la peau et r\u00e9duire l\u2019hyperpigmentation. 50 ml. Disponible au Maroc.\" \/>\n<meta name=\"robots\" content=\"index, follow, max-snippet:-1, max-image-preview:large, max-video-preview:-1\" \/>\n<link rel=\"canonical\" href=\"https:\/\/vitablanca.ma\/en\/product\/axis-dark-spot-correcting-radiance-serum-50-ml-maroc-prix\/\" \/>\n<meta property=\"og:locale\" content=\"en_US\" \/>\n<meta property=\"og:type\" content=\"article\" \/>\n<meta property=\"og:title\" content=\"Axis Dark Spot Correcting Radiance Serum 50 ml \u2013 Maroc Prix\" \/>\n<meta property=\"og:description\" content=\"S\u00e9rum correcteur de taches brunes pour illuminer le teint, unifier la peau et r\u00e9duire l\u2019hyperpigmentation. 50 ml. Disponible au Maroc.\" \/>\n<meta property=\"og:url\" content=\"https:\/\/vitablanca.ma\/en\/product\/axis-dark-spot-correcting-radiance-serum-50-ml-maroc-prix\/\" \/>\n<meta property=\"og:site_name\" content=\"Vitablanca.ma &ndash; Sant&eacute;, vitalit&eacute; et bien-&ecirc;tre pour tous les Marocains\" \/>\n<meta property=\"article:publisher\" content=\"https:\/\/www.facebook.com\/profile.php?id=61576678196717\" \/>\n<meta property=\"article:modified_time\" content=\"2026-01-30T15:03:29+00:00\" \/>\n<meta property=\"og:image\" content=\"https:\/\/vitablanca.ma\/wp-content\/uploads\/2026\/01\/Axis-Dark-Spot-Correcting-Radiance-Serum-50-ml1.jpg\" \/>\n\t<meta property=\"og:image:width\" content=\"1600\" \/>\n\t<meta property=\"og:image:height\" content=\"1600\" \/>\n\t<meta property=\"og:image:type\" content=\"image\/jpeg\" \/>\n<meta name=\"twitter:card\" content=\"summary_large_image\" \/>\n<meta name=\"twitter:label1\" content=\"Est. reading time\" \/>\n\t<meta name=\"twitter:data1\" content=\"2 minutes\" \/>\n<script type=\"application\/ld+json\" class=\"yoast-schema-graph\">{\"@context\":\"https:\\\/\\\/schema.org\",\"@graph\":[{\"@type\":[\"WebPage\",\"ItemPage\"],\"@id\":\"https:\\\/\\\/vitablanca.ma\\\/produit\\\/axis-dark-spot-correcting-radiance-serum-50-ml-maroc-prix\\\/\",\"url\":\"https:\\\/\\\/vitablanca.ma\\\/produit\\\/axis-dark-spot-correcting-radiance-serum-50-ml-maroc-prix\\\/\",\"name\":\"Axis Dark Spot Correcting Radiance Serum 50 ml \u2013 Maroc Prix\",\"isPartOf\":{\"@id\":\"https:\\\/\\\/vitablanca.ma\\\/#website\"},\"primaryImageOfPage\":{\"@id\":\"https:\\\/\\\/vitablanca.ma\\\/produit\\\/axis-dark-spot-correcting-radiance-serum-50-ml-maroc-prix\\\/#primaryimage\"},\"image\":{\"@id\":\"https:\\\/\\\/vitablanca.ma\\\/produit\\\/axis-dark-spot-correcting-radiance-serum-50-ml-maroc-prix\\\/#primaryimage\"},\"thumbnailUrl\":\"https:\\\/\\\/vitablanca.ma\\\/wp-content\\\/uploads\\\/2026\\\/01\\\/Axis-Dark-Spot-Correcting-Radiance-Serum-50-ml1.jpg\",\"datePublished\":\"2026-01-30T15:03:28+00:00\",\"dateModified\":\"2026-01-30T15:03:29+00:00\",\"description\":\"S\u00e9rum correcteur de taches brunes pour illuminer le teint, unifier la peau et r\u00e9duire l\u2019hyperpigmentation. 50 ml. Disponible au Maroc.\",\"breadcrumb\":{\"@id\":\"https:\\\/\\\/vitablanca.ma\\\/produit\\\/axis-dark-spot-correcting-radiance-serum-50-ml-maroc-prix\\\/#breadcrumb\"},\"inLanguage\":\"en-US\",\"potentialAction\":[{\"@type\":\"ReadAction\",\"target\":[\"https:\\\/\\\/vitablanca.ma\\\/produit\\\/axis-dark-spot-correcting-radiance-serum-50-ml-maroc-prix\\\/\"]}]},{\"@type\":\"ImageObject\",\"inLanguage\":\"en-US\",\"@id\":\"https:\\\/\\\/vitablanca.ma\\\/produit\\\/axis-dark-spot-correcting-radiance-serum-50-ml-maroc-prix\\\/#primaryimage\",\"url\":\"https:\\\/\\\/vitablanca.ma\\\/wp-content\\\/uploads\\\/2026\\\/01\\\/Axis-Dark-Spot-Correcting-Radiance-Serum-50-ml1.jpg\",\"contentUrl\":\"https:\\\/\\\/vitablanca.ma\\\/wp-content\\\/uploads\\\/2026\\\/01\\\/Axis-Dark-Spot-Correcting-Radiance-Serum-50-ml1.jpg\",\"width\":1600,\"height\":1600},{\"@type\":\"BreadcrumbList\",\"@id\":\"https:\\\/\\\/vitablanca.ma\\\/produit\\\/axis-dark-spot-correcting-radiance-serum-50-ml-maroc-prix\\\/#breadcrumb\",\"itemListElement\":[{\"@type\":\"ListItem\",\"position\":1,\"name\":\"Home\",\"item\":\"https:\\\/\\\/vitablanca.ma\\\/\"},{\"@type\":\"ListItem\",\"position\":2,\"name\":\"Tous Les Produits\",\"item\":\"https:\\\/\\\/vitablanca.ma\\\/tous-les-produits\\\/\"},{\"@type\":\"ListItem\",\"position\":3,\"name\":\"Axis Dark Spot Correcting Radiance Serum, 50 ml\"}]},{\"@type\":\"WebSite\",\"@id\":\"https:\\\/\\\/vitablanca.ma\\\/#website\",\"url\":\"https:\\\/\\\/vitablanca.ma\\\/\",\"name\":\"VitaBlanca.ma | Compl\u00e9ments alimentaires, sant\u00e9 & beaut\u00e9 au Maroc\",\"description\":\"vendre vitamines et compl\u00e9ments premium des USA &amp; Canada, Nouvelle Z\u00e9lande,Maroc (NOW Foods, Solgar, Manuka). Livraison rapide partout au Maroc.\",\"publisher\":{\"@id\":\"https:\\\/\\\/vitablanca.ma\\\/#organization\"},\"alternateName\":\"VitaBlanca.ma\",\"potentialAction\":[{\"@type\":\"SearchAction\",\"target\":{\"@type\":\"EntryPoint\",\"urlTemplate\":\"https:\\\/\\\/vitablanca.ma\\\/?s={search_term_string}\"},\"query-input\":{\"@type\":\"PropertyValueSpecification\",\"valueRequired\":true,\"valueName\":\"search_term_string\"}}],\"inLanguage\":\"en-US\"},{\"@type\":\"Organization\",\"@id\":\"https:\\\/\\\/vitablanca.ma\\\/#organization\",\"name\":\"VitaBlanca\",\"url\":\"https:\\\/\\\/vitablanca.ma\\\/\",\"logo\":{\"@type\":\"ImageObject\",\"inLanguage\":\"en-US\",\"@id\":\"https:\\\/\\\/vitablanca.ma\\\/#\\\/schema\\\/logo\\\/image\\\/\",\"url\":\"https:\\\/\\\/vitablanca.ma\\\/wp-content\\\/uploads\\\/2025\\\/05\\\/cropped-vitablanca.png\",\"contentUrl\":\"https:\\\/\\\/vitablanca.ma\\\/wp-content\\\/uploads\\\/2025\\\/05\\\/cropped-vitablanca.png\",\"width\":360,\"height\":67,\"caption\":\"VitaBlanca\"},\"image\":{\"@id\":\"https:\\\/\\\/vitablanca.ma\\\/#\\\/schema\\\/logo\\\/image\\\/\"},\"sameAs\":[\"https:\\\/\\\/www.facebook.com\\\/profile.php?id=61576678196717\",\"https:\\\/\\\/www.tiktok.com\\\/@vitablanca.ma\",\"https:\\\/\\\/www.instagram.com\\\/vitablanca.ma\\\/\"]}]}<\/script>\n<!-- \/ Yoast SEO plugin. -->","yoast_head_json":{"title":"Axis Dark Spot Correcting Radiance Serum 50 ml \u2013 Maroc Prix","description":"S\u00e9rum correcteur de taches brunes pour illuminer le teint, unifier la peau et r\u00e9duire l\u2019hyperpigmentation. 50 ml. Disponible au Maroc.","robots":{"index":"index","follow":"follow","max-snippet":"max-snippet:-1","max-image-preview":"max-image-preview:large","max-video-preview":"max-video-preview:-1"},"canonical":"https:\/\/vitablanca.ma\/en\/product\/axis-dark-spot-correcting-radiance-serum-50-ml-maroc-prix\/","og_locale":"en_US","og_type":"article","og_title":"Axis Dark Spot Correcting Radiance Serum 50 ml \u2013 Maroc Prix","og_description":"S\u00e9rum correcteur de taches brunes pour illuminer le teint, unifier la peau et r\u00e9duire l\u2019hyperpigmentation. 50 ml. Disponible au Maroc.","og_url":"https:\/\/vitablanca.ma\/en\/product\/axis-dark-spot-correcting-radiance-serum-50-ml-maroc-prix\/","og_site_name":"Vitablanca.ma &ndash; Sant&eacute;, vitalit&eacute; et bien-&ecirc;tre pour tous les Marocains","article_publisher":"https:\/\/www.facebook.com\/profile.php?id=61576678196717","article_modified_time":"2026-01-30T15:03:29+00:00","og_image":[{"width":1600,"height":1600,"url":"https:\/\/vitablanca.ma\/wp-content\/uploads\/2026\/01\/Axis-Dark-Spot-Correcting-Radiance-Serum-50-ml1.jpg","type":"image\/jpeg"}],"twitter_card":"summary_large_image","twitter_misc":{"Est. reading time":"2 minutes"},"schema":{"@context":"https:\/\/schema.org","@graph":[{"@type":["WebPage","ItemPage"],"@id":"https:\/\/vitablanca.ma\/produit\/axis-dark-spot-correcting-radiance-serum-50-ml-maroc-prix\/","url":"https:\/\/vitablanca.ma\/produit\/axis-dark-spot-correcting-radiance-serum-50-ml-maroc-prix\/","name":"Axis Dark Spot Correcting Radiance Serum 50 ml \u2013 Maroc Prix","isPartOf":{"@id":"https:\/\/vitablanca.ma\/#website"},"primaryImageOfPage":{"@id":"https:\/\/vitablanca.ma\/produit\/axis-dark-spot-correcting-radiance-serum-50-ml-maroc-prix\/#primaryimage"},"image":{"@id":"https:\/\/vitablanca.ma\/produit\/axis-dark-spot-correcting-radiance-serum-50-ml-maroc-prix\/#primaryimage"},"thumbnailUrl":"https:\/\/vitablanca.ma\/wp-content\/uploads\/2026\/01\/Axis-Dark-Spot-Correcting-Radiance-Serum-50-ml1.jpg","datePublished":"2026-01-30T15:03:28+00:00","dateModified":"2026-01-30T15:03:29+00:00","description":"S\u00e9rum correcteur de taches brunes pour illuminer le teint, unifier la peau et r\u00e9duire l\u2019hyperpigmentation. 50 ml. Disponible au Maroc.","breadcrumb":{"@id":"https:\/\/vitablanca.ma\/produit\/axis-dark-spot-correcting-radiance-serum-50-ml-maroc-prix\/#breadcrumb"},"inLanguage":"en-US","potentialAction":[{"@type":"ReadAction","target":["https:\/\/vitablanca.ma\/produit\/axis-dark-spot-correcting-radiance-serum-50-ml-maroc-prix\/"]}]},{"@type":"ImageObject","inLanguage":"en-US","@id":"https:\/\/vitablanca.ma\/produit\/axis-dark-spot-correcting-radiance-serum-50-ml-maroc-prix\/#primaryimage","url":"https:\/\/vitablanca.ma\/wp-content\/uploads\/2026\/01\/Axis-Dark-Spot-Correcting-Radiance-Serum-50-ml1.jpg","contentUrl":"https:\/\/vitablanca.ma\/wp-content\/uploads\/2026\/01\/Axis-Dark-Spot-Correcting-Radiance-Serum-50-ml1.jpg","width":1600,"height":1600},{"@type":"BreadcrumbList","@id":"https:\/\/vitablanca.ma\/produit\/axis-dark-spot-correcting-radiance-serum-50-ml-maroc-prix\/#breadcrumb","itemListElement":[{"@type":"ListItem","position":1,"name":"Home","item":"https:\/\/vitablanca.ma\/"},{"@type":"ListItem","position":2,"name":"Tous Les Produits","item":"https:\/\/vitablanca.ma\/tous-les-produits\/"},{"@type":"ListItem","position":3,"name":"Axis Dark Spot Correcting Radiance Serum, 50 ml"}]},{"@type":"WebSite","@id":"https:\/\/vitablanca.ma\/#website","url":"https:\/\/vitablanca.ma\/","name":"VitaBlanca.ma | Food supplements, health &amp; beauty in Morocco","description":"sell premium vitamins and supplements from USA &amp; Canada, New Zealand, Morocco (NOW Foods, Solgar, Manuka). Fast delivery anywhere in Morocco.","publisher":{"@id":"https:\/\/vitablanca.ma\/#organization"},"alternateName":"VitaBlanca.ma","potentialAction":[{"@type":"SearchAction","target":{"@type":"EntryPoint","urlTemplate":"https:\/\/vitablanca.ma\/?s={search_term_string}"},"query-input":{"@type":"PropertyValueSpecification","valueRequired":true,"valueName":"search_term_string"}}],"inLanguage":"en-US"},{"@type":"Organization","@id":"https:\/\/vitablanca.ma\/#organization","name":"VitaBlanca","url":"https:\/\/vitablanca.ma\/","logo":{"@type":"ImageObject","inLanguage":"en-US","@id":"https:\/\/vitablanca.ma\/#\/schema\/logo\/image\/","url":"https:\/\/vitablanca.ma\/wp-content\/uploads\/2025\/05\/cropped-vitablanca.png","contentUrl":"https:\/\/vitablanca.ma\/wp-content\/uploads\/2025\/05\/cropped-vitablanca.png","width":360,"height":67,"caption":"VitaBlanca"},"image":{"@id":"https:\/\/vitablanca.ma\/#\/schema\/logo\/image\/"},"sameAs":["https:\/\/www.facebook.com\/profile.php?id=61576678196717","https:\/\/www.tiktok.com\/@vitablanca.ma","https:\/\/www.instagram.com\/vitablanca.ma\/"]}]}},"jetpack_sharing_enabled":true,"_links":{"self":[{"href":"https:\/\/vitablanca.ma\/en\/wp-json\/wp\/v2\/product\/28443","targetHints":{"allow":["GET"]}}],"collection":[{"href":"https:\/\/vitablanca.ma\/en\/wp-json\/wp\/v2\/product"}],"about":[{"href":"https:\/\/vitablanca.ma\/en\/wp-json\/wp\/v2\/types\/product"}],"wp:featuredmedia":[{"embeddable":true,"href":"https:\/\/vitablanca.ma\/en\/wp-json\/wp\/v2\/media\/28446"}],"wp:attachment":[{"href":"https:\/\/vitablanca.ma\/en\/wp-json\/wp\/v2\/media?parent=28443"}],"wp:term":[{"taxonomy":"product_brand","embeddable":true,"href":"https:\/\/vitablanca.ma\/en\/wp-json\/wp\/v2\/product_brand?post=28443"},{"taxonomy":"product_cat","embeddable":true,"href":"https:\/\/vitablanca.ma\/en\/wp-json\/wp\/v2\/product_cat?post=28443"},{"taxonomy":"product_tag","embeddable":true,"href":"https:\/\/vitablanca.ma\/en\/wp-json\/wp\/v2\/product_tag?post=28443"}],"curies":[{"name":"wp","href":"https:\/\/api.w.org\/{rel}","templated":true}]}}