{"id":28147,"date":"2026-01-15T20:03:50","date_gmt":"2026-01-15T20:03:50","guid":{"rendered":"https:\/\/vitablanca.ma\/?post_type=product&#038;p=28147"},"modified":"2026-03-19T12:55:09","modified_gmt":"2026-03-19T12:55:09","slug":"loreal-paris-lip-oil-plump-ambition-510-la-nuit-sparkle","status":"publish","type":"product","link":"https:\/\/vitablanca.ma\/en\/product\/loreal-paris-lip-oil-plump-ambition-510-la-nuit-sparkle\/","title":{"rendered":"L&rsquo;Or\u00e9al Paris LIP OIL PLUMP AMBITION 510 La Nuit Sparkle"},"content":{"rendered":"<p><strong data-start=\"362\" data-end=\"408\">L\u2019Or\u00e9al Plump Ambition 510 La Nuit Sparkle<\/strong>\u00a0est un gloss repulpant haute brillance enrichi en acide hyaluronique pour un effet volume instantan\u00e9. Sa teinte\u00a0<strong data-start=\"521\" data-end=\"540\">La Nuit Sparkle<\/strong>, un violet-prune intense parsem\u00e9 de micro-paillettes, habille les l\u00e8vres d\u2019un \u00e9clat myst\u00e9rieux et sophistiqu\u00e9, parfait pour les looks du soir. Sa texture cr\u00e9meuse et non collante assure une application agr\u00e9able et un confort durable. Id\u00e9al pour hydrater, lisser et sublimer les l\u00e8vres tout en leur donnant un effet repulp\u00e9 spectaculaire.<\/p>","protected":false},"excerpt":{"rendered":"<p>L\u2019Or\u00e9al Plump Ambition 510 La Nuit Sparkle\u00a0est un gloss repulpant haute brillance enrichi en acide hyaluronique pour un effet volume instantan\u00e9. Sa teinte\u00a0La Nuit Sparkle, un violet-prune intense parsem\u00e9 de micro-paillettes, habille les l\u00e8vres d\u2019un \u00e9clat myst\u00e9rieux et sophistiqu\u00e9, parfait pour les looks du soir. Sa texture cr\u00e9meuse et non collante assure une application agr\u00e9able [&hellip;]<\/p>\n","protected":false},"featured_media":28219,"template":"","meta":{"om_disable_all_campaigns":false},"product_brand":[5741],"product_cat":[18],"product_tag":[5905,5909,5907,5912,5906,5853,5908,5903,5792,5904,5911,5910],"class_list":{"0":"post-28147","1":"product","2":"type-product","3":"status-publish","4":"has-post-thumbnail","6":"product_brand-loreal-paris-maroc-prix","7":"product_cat-beaute-sante","8":"product_tag-ambition-510","9":"product_tag-brillance-levres","10":"product_tag-gloss-levres","11":"product_tag-gloss-non-collant","12":"product_tag-huile-levres","13":"product_tag-loreal-paris","14":"product_tag-levres-repulpees","15":"product_tag-lip-oil","16":"product_tag-lip-oil-loreal","17":"product_tag-lip-oil-plump","18":"product_tag-maquillage-levres","19":"product_tag-soin-levres","21":"first","22":"outofstock","23":"sale","24":"taxable","25":"shipping-taxable","26":"purchasable","27":"product-type-simple"},"yoast_head":"<!-- This site is optimized with the Yoast SEO plugin v27.3 - https:\/\/yoast.com\/product\/yoast-seo-wordpress\/ -->\n<title>L\u2019Or\u00e9al Paris Lip Oil Plump Ambition 510 - Maroc Prix<\/title>\n<meta name=\"description\" content=\"Lip Oil Plump Ambition 510 de L\u2019Or\u00e9al Paris hydrate intens\u00e9ment les l\u00e8vres, apporte brillance miroir et effet volume imm\u00e9diat sans sensation collante.\" \/>\n<meta name=\"robots\" content=\"index, follow, max-snippet:-1, max-image-preview:large, max-video-preview:-1\" \/>\n<link rel=\"canonical\" href=\"https:\/\/vitablanca.ma\/en\/product\/loreal-paris-lip-oil-plump-ambition-510-la-nuit-sparkle\/\" \/>\n<meta property=\"og:locale\" content=\"en_US\" \/>\n<meta property=\"og:type\" content=\"article\" \/>\n<meta property=\"og:title\" content=\"L\u2019Or\u00e9al Paris Lip Oil Plump Ambition 510 - Maroc Prix\" \/>\n<meta property=\"og:description\" content=\"Lip Oil Plump Ambition 510 de L\u2019Or\u00e9al Paris hydrate intens\u00e9ment les l\u00e8vres, apporte brillance miroir et effet volume imm\u00e9diat sans sensation collante.\" \/>\n<meta property=\"og:url\" content=\"https:\/\/vitablanca.ma\/en\/product\/loreal-paris-lip-oil-plump-ambition-510-la-nuit-sparkle\/\" \/>\n<meta property=\"og:site_name\" content=\"Vitablanca.ma &ndash; Sant&eacute;, vitalit&eacute; et bien-&ecirc;tre pour tous les Marocains\" \/>\n<meta property=\"article:publisher\" content=\"https:\/\/www.facebook.com\/profile.php?id=61576678196717\" \/>\n<meta property=\"article:modified_time\" content=\"2026-03-19T12:55:09+00:00\" \/>\n<meta property=\"og:image\" content=\"https:\/\/vitablanca.ma\/wp-content\/uploads\/2026\/01\/l_oreallp.jpg\" \/>\n\t<meta property=\"og:image:width\" content=\"745\" \/>\n\t<meta property=\"og:image:height\" content=\"785\" \/>\n\t<meta property=\"og:image:type\" content=\"image\/jpeg\" \/>\n<meta name=\"twitter:card\" content=\"summary_large_image\" \/>\n<meta name=\"twitter:label1\" content=\"Est. reading time\" \/>\n\t<meta name=\"twitter:data1\" content=\"1 minute\" \/>\n<script type=\"application\/ld+json\" class=\"yoast-schema-graph\">{\"@context\":\"https:\\\/\\\/schema.org\",\"@graph\":[{\"@type\":[\"WebPage\",\"ItemPage\"],\"@id\":\"https:\\\/\\\/vitablanca.ma\\\/produit\\\/loreal-paris-lip-oil-plump-ambition-510-la-nuit-sparkle\\\/\",\"url\":\"https:\\\/\\\/vitablanca.ma\\\/produit\\\/loreal-paris-lip-oil-plump-ambition-510-la-nuit-sparkle\\\/\",\"name\":\"L\u2019Or\u00e9al Paris Lip Oil Plump Ambition 510 - Maroc Prix\",\"isPartOf\":{\"@id\":\"https:\\\/\\\/vitablanca.ma\\\/#website\"},\"primaryImageOfPage\":{\"@id\":\"https:\\\/\\\/vitablanca.ma\\\/produit\\\/loreal-paris-lip-oil-plump-ambition-510-la-nuit-sparkle\\\/#primaryimage\"},\"image\":{\"@id\":\"https:\\\/\\\/vitablanca.ma\\\/produit\\\/loreal-paris-lip-oil-plump-ambition-510-la-nuit-sparkle\\\/#primaryimage\"},\"thumbnailUrl\":\"https:\\\/\\\/vitablanca.ma\\\/wp-content\\\/uploads\\\/2026\\\/01\\\/l_oreallp.jpg\",\"datePublished\":\"2026-01-15T20:03:50+00:00\",\"dateModified\":\"2026-03-19T12:55:09+00:00\",\"description\":\"Lip Oil Plump Ambition 510 de L\u2019Or\u00e9al Paris hydrate intens\u00e9ment les l\u00e8vres, apporte brillance miroir et effet volume imm\u00e9diat sans sensation collante.\",\"breadcrumb\":{\"@id\":\"https:\\\/\\\/vitablanca.ma\\\/produit\\\/loreal-paris-lip-oil-plump-ambition-510-la-nuit-sparkle\\\/#breadcrumb\"},\"inLanguage\":\"en-US\",\"potentialAction\":[{\"@type\":\"ReadAction\",\"target\":[\"https:\\\/\\\/vitablanca.ma\\\/produit\\\/loreal-paris-lip-oil-plump-ambition-510-la-nuit-sparkle\\\/\"]}]},{\"@type\":\"ImageObject\",\"inLanguage\":\"en-US\",\"@id\":\"https:\\\/\\\/vitablanca.ma\\\/produit\\\/loreal-paris-lip-oil-plump-ambition-510-la-nuit-sparkle\\\/#primaryimage\",\"url\":\"https:\\\/\\\/vitablanca.ma\\\/wp-content\\\/uploads\\\/2026\\\/01\\\/l_oreallp.jpg\",\"contentUrl\":\"https:\\\/\\\/vitablanca.ma\\\/wp-content\\\/uploads\\\/2026\\\/01\\\/l_oreallp.jpg\",\"width\":745,\"height\":785},{\"@type\":\"BreadcrumbList\",\"@id\":\"https:\\\/\\\/vitablanca.ma\\\/produit\\\/loreal-paris-lip-oil-plump-ambition-510-la-nuit-sparkle\\\/#breadcrumb\",\"itemListElement\":[{\"@type\":\"ListItem\",\"position\":1,\"name\":\"Home\",\"item\":\"https:\\\/\\\/vitablanca.ma\\\/\"},{\"@type\":\"ListItem\",\"position\":2,\"name\":\"Tous Les Produits\",\"item\":\"https:\\\/\\\/vitablanca.ma\\\/tous-les-produits\\\/\"},{\"@type\":\"ListItem\",\"position\":3,\"name\":\"L&#8217;Or\u00e9al Paris LIP OIL PLUMP AMBITION 510 La Nuit Sparkle\"}]},{\"@type\":\"WebSite\",\"@id\":\"https:\\\/\\\/vitablanca.ma\\\/#website\",\"url\":\"https:\\\/\\\/vitablanca.ma\\\/\",\"name\":\"VitaBlanca.ma | Compl\u00e9ments alimentaires, sant\u00e9 & beaut\u00e9 au Maroc\",\"description\":\"vendre vitamines et compl\u00e9ments premium des USA &amp; Canada, Nouvelle Z\u00e9lande,Maroc (NOW Foods, Solgar, Manuka). Livraison rapide partout au Maroc.\",\"publisher\":{\"@id\":\"https:\\\/\\\/vitablanca.ma\\\/#organization\"},\"alternateName\":\"VitaBlanca.ma\",\"potentialAction\":[{\"@type\":\"SearchAction\",\"target\":{\"@type\":\"EntryPoint\",\"urlTemplate\":\"https:\\\/\\\/vitablanca.ma\\\/?s={search_term_string}\"},\"query-input\":{\"@type\":\"PropertyValueSpecification\",\"valueRequired\":true,\"valueName\":\"search_term_string\"}}],\"inLanguage\":\"en-US\"},{\"@type\":\"Organization\",\"@id\":\"https:\\\/\\\/vitablanca.ma\\\/#organization\",\"name\":\"VitaBlanca\",\"url\":\"https:\\\/\\\/vitablanca.ma\\\/\",\"logo\":{\"@type\":\"ImageObject\",\"inLanguage\":\"en-US\",\"@id\":\"https:\\\/\\\/vitablanca.ma\\\/#\\\/schema\\\/logo\\\/image\\\/\",\"url\":\"https:\\\/\\\/vitablanca.ma\\\/wp-content\\\/uploads\\\/2025\\\/05\\\/cropped-vitablanca.png\",\"contentUrl\":\"https:\\\/\\\/vitablanca.ma\\\/wp-content\\\/uploads\\\/2025\\\/05\\\/cropped-vitablanca.png\",\"width\":360,\"height\":67,\"caption\":\"VitaBlanca\"},\"image\":{\"@id\":\"https:\\\/\\\/vitablanca.ma\\\/#\\\/schema\\\/logo\\\/image\\\/\"},\"sameAs\":[\"https:\\\/\\\/www.facebook.com\\\/profile.php?id=61576678196717\",\"https:\\\/\\\/www.tiktok.com\\\/@vitablanca.ma\",\"https:\\\/\\\/www.instagram.com\\\/vitablanca.ma\\\/\"]}]}<\/script>\n<!-- \/ Yoast SEO plugin. -->","yoast_head_json":{"title":"L\u2019Or\u00e9al Paris Lip Oil Plump Ambition 510 - Maroc Prix","description":"Lip Oil Plump Ambition 510 de L\u2019Or\u00e9al Paris hydrate intens\u00e9ment les l\u00e8vres, apporte brillance miroir et effet volume imm\u00e9diat sans sensation collante.","robots":{"index":"index","follow":"follow","max-snippet":"max-snippet:-1","max-image-preview":"max-image-preview:large","max-video-preview":"max-video-preview:-1"},"canonical":"https:\/\/vitablanca.ma\/en\/product\/loreal-paris-lip-oil-plump-ambition-510-la-nuit-sparkle\/","og_locale":"en_US","og_type":"article","og_title":"L\u2019Or\u00e9al Paris Lip Oil Plump Ambition 510 - Maroc Prix","og_description":"Lip Oil Plump Ambition 510 de L\u2019Or\u00e9al Paris hydrate intens\u00e9ment les l\u00e8vres, apporte brillance miroir et effet volume imm\u00e9diat sans sensation collante.","og_url":"https:\/\/vitablanca.ma\/en\/product\/loreal-paris-lip-oil-plump-ambition-510-la-nuit-sparkle\/","og_site_name":"Vitablanca.ma &ndash; Sant&eacute;, vitalit&eacute; et bien-&ecirc;tre pour tous les Marocains","article_publisher":"https:\/\/www.facebook.com\/profile.php?id=61576678196717","article_modified_time":"2026-03-19T12:55:09+00:00","og_image":[{"width":745,"height":785,"url":"https:\/\/vitablanca.ma\/wp-content\/uploads\/2026\/01\/l_oreallp.jpg","type":"image\/jpeg"}],"twitter_card":"summary_large_image","twitter_misc":{"Est. reading time":"1 minute"},"schema":{"@context":"https:\/\/schema.org","@graph":[{"@type":["WebPage","ItemPage"],"@id":"https:\/\/vitablanca.ma\/produit\/loreal-paris-lip-oil-plump-ambition-510-la-nuit-sparkle\/","url":"https:\/\/vitablanca.ma\/produit\/loreal-paris-lip-oil-plump-ambition-510-la-nuit-sparkle\/","name":"L\u2019Or\u00e9al Paris Lip Oil Plump Ambition 510 - Maroc Prix","isPartOf":{"@id":"https:\/\/vitablanca.ma\/#website"},"primaryImageOfPage":{"@id":"https:\/\/vitablanca.ma\/produit\/loreal-paris-lip-oil-plump-ambition-510-la-nuit-sparkle\/#primaryimage"},"image":{"@id":"https:\/\/vitablanca.ma\/produit\/loreal-paris-lip-oil-plump-ambition-510-la-nuit-sparkle\/#primaryimage"},"thumbnailUrl":"https:\/\/vitablanca.ma\/wp-content\/uploads\/2026\/01\/l_oreallp.jpg","datePublished":"2026-01-15T20:03:50+00:00","dateModified":"2026-03-19T12:55:09+00:00","description":"Lip Oil Plump Ambition 510 de L\u2019Or\u00e9al Paris hydrate intens\u00e9ment les l\u00e8vres, apporte brillance miroir et effet volume imm\u00e9diat sans sensation collante.","breadcrumb":{"@id":"https:\/\/vitablanca.ma\/produit\/loreal-paris-lip-oil-plump-ambition-510-la-nuit-sparkle\/#breadcrumb"},"inLanguage":"en-US","potentialAction":[{"@type":"ReadAction","target":["https:\/\/vitablanca.ma\/produit\/loreal-paris-lip-oil-plump-ambition-510-la-nuit-sparkle\/"]}]},{"@type":"ImageObject","inLanguage":"en-US","@id":"https:\/\/vitablanca.ma\/produit\/loreal-paris-lip-oil-plump-ambition-510-la-nuit-sparkle\/#primaryimage","url":"https:\/\/vitablanca.ma\/wp-content\/uploads\/2026\/01\/l_oreallp.jpg","contentUrl":"https:\/\/vitablanca.ma\/wp-content\/uploads\/2026\/01\/l_oreallp.jpg","width":745,"height":785},{"@type":"BreadcrumbList","@id":"https:\/\/vitablanca.ma\/produit\/loreal-paris-lip-oil-plump-ambition-510-la-nuit-sparkle\/#breadcrumb","itemListElement":[{"@type":"ListItem","position":1,"name":"Home","item":"https:\/\/vitablanca.ma\/"},{"@type":"ListItem","position":2,"name":"Tous Les Produits","item":"https:\/\/vitablanca.ma\/tous-les-produits\/"},{"@type":"ListItem","position":3,"name":"L&#8217;Or\u00e9al Paris LIP OIL PLUMP AMBITION 510 La Nuit Sparkle"}]},{"@type":"WebSite","@id":"https:\/\/vitablanca.ma\/#website","url":"https:\/\/vitablanca.ma\/","name":"VitaBlanca.ma | Food supplements, health &amp; beauty in Morocco","description":"sell premium vitamins and supplements from USA &amp; Canada, New Zealand, Morocco (NOW Foods, Solgar, Manuka). Fast delivery anywhere in Morocco.","publisher":{"@id":"https:\/\/vitablanca.ma\/#organization"},"alternateName":"VitaBlanca.ma","potentialAction":[{"@type":"SearchAction","target":{"@type":"EntryPoint","urlTemplate":"https:\/\/vitablanca.ma\/?s={search_term_string}"},"query-input":{"@type":"PropertyValueSpecification","valueRequired":true,"valueName":"search_term_string"}}],"inLanguage":"en-US"},{"@type":"Organization","@id":"https:\/\/vitablanca.ma\/#organization","name":"VitaBlanca","url":"https:\/\/vitablanca.ma\/","logo":{"@type":"ImageObject","inLanguage":"en-US","@id":"https:\/\/vitablanca.ma\/#\/schema\/logo\/image\/","url":"https:\/\/vitablanca.ma\/wp-content\/uploads\/2025\/05\/cropped-vitablanca.png","contentUrl":"https:\/\/vitablanca.ma\/wp-content\/uploads\/2025\/05\/cropped-vitablanca.png","width":360,"height":67,"caption":"VitaBlanca"},"image":{"@id":"https:\/\/vitablanca.ma\/#\/schema\/logo\/image\/"},"sameAs":["https:\/\/www.facebook.com\/profile.php?id=61576678196717","https:\/\/www.tiktok.com\/@vitablanca.ma","https:\/\/www.instagram.com\/vitablanca.ma\/"]}]}},"jetpack_sharing_enabled":true,"_links":{"self":[{"href":"https:\/\/vitablanca.ma\/en\/wp-json\/wp\/v2\/product\/28147","targetHints":{"allow":["GET"]}}],"collection":[{"href":"https:\/\/vitablanca.ma\/en\/wp-json\/wp\/v2\/product"}],"about":[{"href":"https:\/\/vitablanca.ma\/en\/wp-json\/wp\/v2\/types\/product"}],"wp:featuredmedia":[{"embeddable":true,"href":"https:\/\/vitablanca.ma\/en\/wp-json\/wp\/v2\/media\/28219"}],"wp:attachment":[{"href":"https:\/\/vitablanca.ma\/en\/wp-json\/wp\/v2\/media?parent=28147"}],"wp:term":[{"taxonomy":"product_brand","embeddable":true,"href":"https:\/\/vitablanca.ma\/en\/wp-json\/wp\/v2\/product_brand?post=28147"},{"taxonomy":"product_cat","embeddable":true,"href":"https:\/\/vitablanca.ma\/en\/wp-json\/wp\/v2\/product_cat?post=28147"},{"taxonomy":"product_tag","embeddable":true,"href":"https:\/\/vitablanca.ma\/en\/wp-json\/wp\/v2\/product_tag?post=28147"}],"curies":[{"name":"wp","href":"https:\/\/api.w.org\/{rel}","templated":true}]}}