{"id":28145,"date":"2026-01-15T20:03:50","date_gmt":"2026-01-15T20:03:50","guid":{"rendered":"https:\/\/vitablanca.ma\/?post_type=product&#038;p=28145"},"modified":"2026-03-19T12:55:09","modified_gmt":"2026-03-19T12:55:09","slug":"loreal-paris-hyaluron-expert-creme-contour-des-yeux-a-lacide-hyaluronique-15-ml","status":"publish","type":"product","link":"https:\/\/vitablanca.ma\/en\/product\/loreal-paris-hyaluron-expert-creme-contour-des-yeux-a-lacide-hyaluronique-15-ml\/","title":{"rendered":"L&rsquo;Or\u00e9al Paris Hyaluron Expert cr\u00e8me contour des yeux \u00e0 l&rsquo;acide hyaluronique 15 ml"},"content":{"rendered":"<p data-start=\"1123\" data-end=\"1461\">There <strong data-start=\"1126\" data-end=\"1191\">cr\u00e8me contour des yeux Hyaluron Expert de L\u2019Or\u00e9al Paris 15 ml<\/strong> est sp\u00e9cialement formul\u00e9e pour hydrater intens\u00e9ment la zone d\u00e9licate autour des yeux, r\u00e9duire l\u2019apparence des rides et att\u00e9nuer les cernes. Enrichie en acide hyaluronique pur, cette cr\u00e8me repulpe la peau, lisse les ridules et apporte un effet rafra\u00eechissant imm\u00e9diat.<\/p>\n<p data-start=\"1463\" data-end=\"1712\">Sa texture l\u00e9g\u00e8re p\u00e9n\u00e8tre rapidement sans laisser de film gras et convient \u00e0 tous les types de peau, y compris les peaux sensibles. Une utilisation quotidienne matin et soir permet de retrouver un regard plus jeune, lumineux et visiblement repos\u00e9.<\/p>","protected":false},"excerpt":{"rendered":"<p>La cr\u00e8me contour des yeux Hyaluron Expert de L\u2019Or\u00e9al Paris 15 ml est sp\u00e9cialement formul\u00e9e pour hydrater intens\u00e9ment la zone d\u00e9licate autour des yeux, r\u00e9duire l\u2019apparence des rides et att\u00e9nuer les cernes. Enrichie en acide hyaluronique pur, cette cr\u00e8me repulpe la peau, lisse les ridules et apporte un effet rafra\u00eechissant imm\u00e9diat. Sa texture l\u00e9g\u00e8re p\u00e9n\u00e8tre [&hellip;]<\/p>\n","protected":false},"featured_media":28217,"template":"","meta":{"om_disable_all_campaigns":false},"product_brand":[5741],"product_cat":[18],"product_tag":[5845,5839,5841,5844,5838,5847,5843,5734,5818,5846,5842,5840],"class_list":{"0":"post-28145","1":"product","2":"type-product","3":"status-publish","4":"has-post-thumbnail","6":"product_brand-loreal-paris-maroc-prix","7":"product_cat-beaute-sante","8":"product_tag-anti-rides-yeux","9":"product_tag-contour-des-yeux-hydratant","10":"product_tag-creme-anti-cernes","11":"product_tag-creme-contour-yeux","12":"product_tag-creme-yeux-anti-rides","13":"product_tag-creme-yeux-hydratante","14":"product_tag-loreal-paris-hyaluron-expert-maroc","15":"product_tag-loreal-paris-maroc","16":"product_tag-produit-beaute-original-maroc","17":"product_tag-soin-acide-hyaluronique","18":"product_tag-soin-anti-age-yeux","19":"product_tag-soin-yeux-acide-hyaluronique","21":"first","22":"outofstock","23":"sale","24":"taxable","25":"shipping-taxable","26":"purchasable","27":"product-type-simple"},"yoast_head":"<!-- This site is optimized with the Yoast SEO plugin v27.4 - https:\/\/yoast.com\/product\/yoast-seo-wordpress\/ -->\n<title>L\u2019Or\u00e9al Paris Hyaluron Expert Cr\u00e8me Contour des Yeux - Maroc Prix<\/title>\n<meta name=\"description\" content=\"Cr\u00e8me contour des yeux L\u2019Or\u00e9al Paris Hyaluron Expert \u00e0 l\u2019acide hyaluronique 15 ml pour r\u00e9duire rides et cernes. Produit original avec livraison au Maroc\" \/>\n<meta name=\"robots\" content=\"index, follow, max-snippet:-1, max-image-preview:large, max-video-preview:-1\" \/>\n<link rel=\"canonical\" href=\"https:\/\/vitablanca.ma\/en\/product\/loreal-paris-hyaluron-expert-creme-contour-des-yeux-a-lacide-hyaluronique-15-ml\/\" \/>\n<meta property=\"og:locale\" content=\"en_US\" \/>\n<meta property=\"og:type\" content=\"article\" \/>\n<meta property=\"og:title\" content=\"L\u2019Or\u00e9al Paris Hyaluron Expert Cr\u00e8me Contour des Yeux - Maroc Prix\" \/>\n<meta property=\"og:description\" content=\"Cr\u00e8me contour des yeux L\u2019Or\u00e9al Paris Hyaluron Expert \u00e0 l\u2019acide hyaluronique 15 ml pour r\u00e9duire rides et cernes. Produit original avec livraison au Maroc\" \/>\n<meta property=\"og:url\" content=\"https:\/\/vitablanca.ma\/en\/product\/loreal-paris-hyaluron-expert-creme-contour-des-yeux-a-lacide-hyaluronique-15-ml\/\" \/>\n<meta property=\"og:site_name\" content=\"Vitablanca.ma &ndash; Sant&eacute;, vitalit&eacute; et bien-&ecirc;tre pour tous les Marocains\" \/>\n<meta property=\"article:publisher\" content=\"https:\/\/www.facebook.com\/profile.php?id=61576678196717\" \/>\n<meta property=\"article:modified_time\" content=\"2026-03-19T12:55:09+00:00\" \/>\n<meta property=\"og:image\" content=\"https:\/\/vitablanca.ma\/wp-content\/uploads\/2026\/01\/l-oreal-paris-hyaluron-expert-moisturiser-and-anti-aging-eye-cream-with-hyaluronic-acid-skin-society-shop-address-country-1.jpg\" \/>\n\t<meta property=\"og:image:width\" content=\"1300\" \/>\n\t<meta property=\"og:image:height\" content=\"1300\" \/>\n\t<meta property=\"og:image:type\" content=\"image\/jpeg\" \/>\n<meta name=\"twitter:card\" content=\"summary_large_image\" \/>\n<meta name=\"twitter:label1\" content=\"Est. reading time\" \/>\n\t<meta name=\"twitter:data1\" content=\"1 minute\" \/>\n<script type=\"application\/ld+json\" class=\"yoast-schema-graph\">{\"@context\":\"https:\\\/\\\/schema.org\",\"@graph\":[{\"@type\":[\"WebPage\",\"ItemPage\"],\"@id\":\"https:\\\/\\\/vitablanca.ma\\\/produit\\\/loreal-paris-hyaluron-expert-creme-contour-des-yeux-a-lacide-hyaluronique-15-ml\\\/\",\"url\":\"https:\\\/\\\/vitablanca.ma\\\/produit\\\/loreal-paris-hyaluron-expert-creme-contour-des-yeux-a-lacide-hyaluronique-15-ml\\\/\",\"name\":\"L\u2019Or\u00e9al Paris Hyaluron Expert Cr\u00e8me Contour des Yeux - Maroc Prix\",\"isPartOf\":{\"@id\":\"https:\\\/\\\/vitablanca.ma\\\/#website\"},\"primaryImageOfPage\":{\"@id\":\"https:\\\/\\\/vitablanca.ma\\\/produit\\\/loreal-paris-hyaluron-expert-creme-contour-des-yeux-a-lacide-hyaluronique-15-ml\\\/#primaryimage\"},\"image\":{\"@id\":\"https:\\\/\\\/vitablanca.ma\\\/produit\\\/loreal-paris-hyaluron-expert-creme-contour-des-yeux-a-lacide-hyaluronique-15-ml\\\/#primaryimage\"},\"thumbnailUrl\":\"https:\\\/\\\/vitablanca.ma\\\/wp-content\\\/uploads\\\/2026\\\/01\\\/l-oreal-paris-hyaluron-expert-moisturiser-and-anti-aging-eye-cream-with-hyaluronic-acid-skin-society-shop-address-country-1.jpg\",\"datePublished\":\"2026-01-15T20:03:50+00:00\",\"dateModified\":\"2026-03-19T12:55:09+00:00\",\"description\":\"Cr\u00e8me contour des yeux L\u2019Or\u00e9al Paris Hyaluron Expert \u00e0 l\u2019acide hyaluronique 15 ml pour r\u00e9duire rides et cernes. Produit original avec livraison au Maroc\",\"breadcrumb\":{\"@id\":\"https:\\\/\\\/vitablanca.ma\\\/produit\\\/loreal-paris-hyaluron-expert-creme-contour-des-yeux-a-lacide-hyaluronique-15-ml\\\/#breadcrumb\"},\"inLanguage\":\"en-US\",\"potentialAction\":[{\"@type\":\"ReadAction\",\"target\":[\"https:\\\/\\\/vitablanca.ma\\\/produit\\\/loreal-paris-hyaluron-expert-creme-contour-des-yeux-a-lacide-hyaluronique-15-ml\\\/\"]}]},{\"@type\":\"ImageObject\",\"inLanguage\":\"en-US\",\"@id\":\"https:\\\/\\\/vitablanca.ma\\\/produit\\\/loreal-paris-hyaluron-expert-creme-contour-des-yeux-a-lacide-hyaluronique-15-ml\\\/#primaryimage\",\"url\":\"https:\\\/\\\/vitablanca.ma\\\/wp-content\\\/uploads\\\/2026\\\/01\\\/l-oreal-paris-hyaluron-expert-moisturiser-and-anti-aging-eye-cream-with-hyaluronic-acid-skin-society-shop-address-country-1.jpg\",\"contentUrl\":\"https:\\\/\\\/vitablanca.ma\\\/wp-content\\\/uploads\\\/2026\\\/01\\\/l-oreal-paris-hyaluron-expert-moisturiser-and-anti-aging-eye-cream-with-hyaluronic-acid-skin-society-shop-address-country-1.jpg\",\"width\":1300,\"height\":1300},{\"@type\":\"BreadcrumbList\",\"@id\":\"https:\\\/\\\/vitablanca.ma\\\/produit\\\/loreal-paris-hyaluron-expert-creme-contour-des-yeux-a-lacide-hyaluronique-15-ml\\\/#breadcrumb\",\"itemListElement\":[{\"@type\":\"ListItem\",\"position\":1,\"name\":\"Home\",\"item\":\"https:\\\/\\\/vitablanca.ma\\\/\"},{\"@type\":\"ListItem\",\"position\":2,\"name\":\"Tous Les Produits\",\"item\":\"https:\\\/\\\/vitablanca.ma\\\/tous-les-produits\\\/\"},{\"@type\":\"ListItem\",\"position\":3,\"name\":\"L&#8217;Or\u00e9al Paris Hyaluron Expert cr\u00e8me contour des yeux \u00e0 l&#8217;acide hyaluronique 15 ml\"}]},{\"@type\":\"WebSite\",\"@id\":\"https:\\\/\\\/vitablanca.ma\\\/#website\",\"url\":\"https:\\\/\\\/vitablanca.ma\\\/\",\"name\":\"VitaBlanca.ma | Compl\u00e9ments alimentaires, sant\u00e9 & beaut\u00e9 au Maroc\",\"description\":\"vendre vitamines et compl\u00e9ments premium des USA &amp; Canada, Nouvelle Z\u00e9lande,Maroc (NOW Foods, Solgar, Manuka). Livraison rapide partout au Maroc.\",\"publisher\":{\"@id\":\"https:\\\/\\\/vitablanca.ma\\\/#organization\"},\"alternateName\":\"VitaBlanca.ma\",\"potentialAction\":[{\"@type\":\"SearchAction\",\"target\":{\"@type\":\"EntryPoint\",\"urlTemplate\":\"https:\\\/\\\/vitablanca.ma\\\/?s={search_term_string}\"},\"query-input\":{\"@type\":\"PropertyValueSpecification\",\"valueRequired\":true,\"valueName\":\"search_term_string\"}}],\"inLanguage\":\"en-US\"},{\"@type\":\"Organization\",\"@id\":\"https:\\\/\\\/vitablanca.ma\\\/#organization\",\"name\":\"VitaBlanca\",\"url\":\"https:\\\/\\\/vitablanca.ma\\\/\",\"logo\":{\"@type\":\"ImageObject\",\"inLanguage\":\"en-US\",\"@id\":\"https:\\\/\\\/vitablanca.ma\\\/#\\\/schema\\\/logo\\\/image\\\/\",\"url\":\"https:\\\/\\\/vitablanca.ma\\\/wp-content\\\/uploads\\\/2025\\\/05\\\/cropped-vitablanca.png\",\"contentUrl\":\"https:\\\/\\\/vitablanca.ma\\\/wp-content\\\/uploads\\\/2025\\\/05\\\/cropped-vitablanca.png\",\"width\":360,\"height\":67,\"caption\":\"VitaBlanca\"},\"image\":{\"@id\":\"https:\\\/\\\/vitablanca.ma\\\/#\\\/schema\\\/logo\\\/image\\\/\"},\"sameAs\":[\"https:\\\/\\\/www.facebook.com\\\/profile.php?id=61576678196717\",\"https:\\\/\\\/www.tiktok.com\\\/@vitablanca.ma\",\"https:\\\/\\\/www.instagram.com\\\/vitablanca.ma\\\/\"]}]}<\/script>\n<!-- \/ Yoast SEO plugin. -->","yoast_head_json":{"title":"L\u2019Or\u00e9al Paris Hyaluron Expert Cr\u00e8me Contour des Yeux - Maroc Prix","description":"Cr\u00e8me contour des yeux L\u2019Or\u00e9al Paris Hyaluron Expert \u00e0 l\u2019acide hyaluronique 15 ml pour r\u00e9duire rides et cernes. Produit original avec livraison au Maroc","robots":{"index":"index","follow":"follow","max-snippet":"max-snippet:-1","max-image-preview":"max-image-preview:large","max-video-preview":"max-video-preview:-1"},"canonical":"https:\/\/vitablanca.ma\/en\/product\/loreal-paris-hyaluron-expert-creme-contour-des-yeux-a-lacide-hyaluronique-15-ml\/","og_locale":"en_US","og_type":"article","og_title":"L\u2019Or\u00e9al Paris Hyaluron Expert Cr\u00e8me Contour des Yeux - Maroc Prix","og_description":"Cr\u00e8me contour des yeux L\u2019Or\u00e9al Paris Hyaluron Expert \u00e0 l\u2019acide hyaluronique 15 ml pour r\u00e9duire rides et cernes. Produit original avec livraison au Maroc","og_url":"https:\/\/vitablanca.ma\/en\/product\/loreal-paris-hyaluron-expert-creme-contour-des-yeux-a-lacide-hyaluronique-15-ml\/","og_site_name":"Vitablanca.ma &ndash; Sant&eacute;, vitalit&eacute; et bien-&ecirc;tre pour tous les Marocains","article_publisher":"https:\/\/www.facebook.com\/profile.php?id=61576678196717","article_modified_time":"2026-03-19T12:55:09+00:00","og_image":[{"width":1300,"height":1300,"url":"https:\/\/vitablanca.ma\/wp-content\/uploads\/2026\/01\/l-oreal-paris-hyaluron-expert-moisturiser-and-anti-aging-eye-cream-with-hyaluronic-acid-skin-society-shop-address-country-1.jpg","type":"image\/jpeg"}],"twitter_card":"summary_large_image","twitter_misc":{"Est. reading time":"1 minute"},"schema":{"@context":"https:\/\/schema.org","@graph":[{"@type":["WebPage","ItemPage"],"@id":"https:\/\/vitablanca.ma\/produit\/loreal-paris-hyaluron-expert-creme-contour-des-yeux-a-lacide-hyaluronique-15-ml\/","url":"https:\/\/vitablanca.ma\/produit\/loreal-paris-hyaluron-expert-creme-contour-des-yeux-a-lacide-hyaluronique-15-ml\/","name":"L\u2019Or\u00e9al Paris Hyaluron Expert Cr\u00e8me Contour des Yeux - Maroc Prix","isPartOf":{"@id":"https:\/\/vitablanca.ma\/#website"},"primaryImageOfPage":{"@id":"https:\/\/vitablanca.ma\/produit\/loreal-paris-hyaluron-expert-creme-contour-des-yeux-a-lacide-hyaluronique-15-ml\/#primaryimage"},"image":{"@id":"https:\/\/vitablanca.ma\/produit\/loreal-paris-hyaluron-expert-creme-contour-des-yeux-a-lacide-hyaluronique-15-ml\/#primaryimage"},"thumbnailUrl":"https:\/\/vitablanca.ma\/wp-content\/uploads\/2026\/01\/l-oreal-paris-hyaluron-expert-moisturiser-and-anti-aging-eye-cream-with-hyaluronic-acid-skin-society-shop-address-country-1.jpg","datePublished":"2026-01-15T20:03:50+00:00","dateModified":"2026-03-19T12:55:09+00:00","description":"Cr\u00e8me contour des yeux L\u2019Or\u00e9al Paris Hyaluron Expert \u00e0 l\u2019acide hyaluronique 15 ml pour r\u00e9duire rides et cernes. Produit original avec livraison au Maroc","breadcrumb":{"@id":"https:\/\/vitablanca.ma\/produit\/loreal-paris-hyaluron-expert-creme-contour-des-yeux-a-lacide-hyaluronique-15-ml\/#breadcrumb"},"inLanguage":"en-US","potentialAction":[{"@type":"ReadAction","target":["https:\/\/vitablanca.ma\/produit\/loreal-paris-hyaluron-expert-creme-contour-des-yeux-a-lacide-hyaluronique-15-ml\/"]}]},{"@type":"ImageObject","inLanguage":"en-US","@id":"https:\/\/vitablanca.ma\/produit\/loreal-paris-hyaluron-expert-creme-contour-des-yeux-a-lacide-hyaluronique-15-ml\/#primaryimage","url":"https:\/\/vitablanca.ma\/wp-content\/uploads\/2026\/01\/l-oreal-paris-hyaluron-expert-moisturiser-and-anti-aging-eye-cream-with-hyaluronic-acid-skin-society-shop-address-country-1.jpg","contentUrl":"https:\/\/vitablanca.ma\/wp-content\/uploads\/2026\/01\/l-oreal-paris-hyaluron-expert-moisturiser-and-anti-aging-eye-cream-with-hyaluronic-acid-skin-society-shop-address-country-1.jpg","width":1300,"height":1300},{"@type":"BreadcrumbList","@id":"https:\/\/vitablanca.ma\/produit\/loreal-paris-hyaluron-expert-creme-contour-des-yeux-a-lacide-hyaluronique-15-ml\/#breadcrumb","itemListElement":[{"@type":"ListItem","position":1,"name":"Home","item":"https:\/\/vitablanca.ma\/"},{"@type":"ListItem","position":2,"name":"Tous Les Produits","item":"https:\/\/vitablanca.ma\/tous-les-produits\/"},{"@type":"ListItem","position":3,"name":"L&#8217;Or\u00e9al Paris Hyaluron Expert cr\u00e8me contour des yeux \u00e0 l&#8217;acide hyaluronique 15 ml"}]},{"@type":"WebSite","@id":"https:\/\/vitablanca.ma\/#website","url":"https:\/\/vitablanca.ma\/","name":"VitaBlanca.ma | Food supplements, health &amp; beauty in Morocco","description":"sell premium vitamins and supplements from USA &amp; Canada, New Zealand, Morocco (NOW Foods, Solgar, Manuka). Fast delivery anywhere in Morocco.","publisher":{"@id":"https:\/\/vitablanca.ma\/#organization"},"alternateName":"VitaBlanca.ma","potentialAction":[{"@type":"SearchAction","target":{"@type":"EntryPoint","urlTemplate":"https:\/\/vitablanca.ma\/?s={search_term_string}"},"query-input":{"@type":"PropertyValueSpecification","valueRequired":true,"valueName":"search_term_string"}}],"inLanguage":"en-US"},{"@type":"Organization","@id":"https:\/\/vitablanca.ma\/#organization","name":"VitaBlanca","url":"https:\/\/vitablanca.ma\/","logo":{"@type":"ImageObject","inLanguage":"en-US","@id":"https:\/\/vitablanca.ma\/#\/schema\/logo\/image\/","url":"https:\/\/vitablanca.ma\/wp-content\/uploads\/2025\/05\/cropped-vitablanca.png","contentUrl":"https:\/\/vitablanca.ma\/wp-content\/uploads\/2025\/05\/cropped-vitablanca.png","width":360,"height":67,"caption":"VitaBlanca"},"image":{"@id":"https:\/\/vitablanca.ma\/#\/schema\/logo\/image\/"},"sameAs":["https:\/\/www.facebook.com\/profile.php?id=61576678196717","https:\/\/www.tiktok.com\/@vitablanca.ma","https:\/\/www.instagram.com\/vitablanca.ma\/"]}]}},"jetpack_sharing_enabled":true,"_links":{"self":[{"href":"https:\/\/vitablanca.ma\/en\/wp-json\/wp\/v2\/product\/28145","targetHints":{"allow":["GET"]}}],"collection":[{"href":"https:\/\/vitablanca.ma\/en\/wp-json\/wp\/v2\/product"}],"about":[{"href":"https:\/\/vitablanca.ma\/en\/wp-json\/wp\/v2\/types\/product"}],"wp:featuredmedia":[{"embeddable":true,"href":"https:\/\/vitablanca.ma\/en\/wp-json\/wp\/v2\/media\/28217"}],"wp:attachment":[{"href":"https:\/\/vitablanca.ma\/en\/wp-json\/wp\/v2\/media?parent=28145"}],"wp:term":[{"taxonomy":"product_brand","embeddable":true,"href":"https:\/\/vitablanca.ma\/en\/wp-json\/wp\/v2\/product_brand?post=28145"},{"taxonomy":"product_cat","embeddable":true,"href":"https:\/\/vitablanca.ma\/en\/wp-json\/wp\/v2\/product_cat?post=28145"},{"taxonomy":"product_tag","embeddable":true,"href":"https:\/\/vitablanca.ma\/en\/wp-json\/wp\/v2\/product_tag?post=28145"}],"curies":[{"name":"wp","href":"https:\/\/api.w.org\/{rel}","templated":true}]}}