{"id":28139,"date":"2026-01-15T20:03:50","date_gmt":"2026-01-15T20:03:50","guid":{"rendered":"https:\/\/vitablanca.ma\/?post_type=product&#038;p=28139"},"modified":"2026-01-19T22:52:57","modified_gmt":"2026-01-19T22:52:57","slug":"elseve-glycolic-gloss-creme-200-ml","status":"publish","type":"product","link":"https:\/\/vitablanca.ma\/en\/product\/elseve-glycolic-gloss-creme-200-ml\/","title":{"rendered":"ELSEVE GLYCOLIC GLOSS CREME 200 ML"},"content":{"rendered":"<p>Le protocole : Commencer par appliquer le Shampooing Sans Sulfates* puis le D\u00e9m\u00ealant. Continuer avec le Soin Lamination, l\u2019\u00e9tape indispensable du protocole.<br \/>\nLaissez poser 5 minutes puis rincer.<br \/>\nTerminer avec le S\u00e9rum Sans Rin\u00e7age sur cheveux humides ou secs.<br \/>\n<small>*sans tensio-actif sulfat\u00e9<\/small><\/p>\n<h2>Gamme Elseve Glycolic Gloss<\/h2>\n<p><b>Le protocole pour une brillance miroir<\/b><br \/>\nDes cheveux brillants sont des cheveux en bonne sant\u00e9 : leur surface refl\u00e8te alors parfaitement la lumi\u00e8re. Des facteurs ext\u00e9rieurs peuvent ab\u00eemer les \u00e9cailles du cheveu. La fibre capillaire est alors r\u00eache, poreuse et terne, incapable de refl\u00e9ter la lumi\u00e8re.<br \/>\nNotre 1er soin Gloss enrichi en Acide Glycolique, restaure la fibre de l\u2019int\u00e9rieur pour am\u00e9liorer significativement la qualit\u00e9 du cheveu et l\u2019enrober d\u2019une brillance longue dur\u00e9e.<\/p>\n<p><b>Results :<\/b>les cheveux sont 2x plus brillants*, +88% de douceur* pour une transformation qui dure jusqu\u2019\u00e0 10 shampooings**<\/p>\n<p><small>*Test instrumental apr\u00e8s une application trin\u00f4me.<br \/>\n** Test instrumental apr\u00e8s une application du trin\u00f4me et 10 applications du shampooing<\/small><\/p>","protected":false},"excerpt":{"rendered":"<p>Le protocole : Commencer par appliquer le Shampooing Sans Sulfates* puis le D\u00e9m\u00ealant. Continuer avec le Soin Lamination, l\u2019\u00e9tape indispensable du protocole. Laissez poser 5 minutes puis rincer. Terminer avec le S\u00e9rum Sans Rin\u00e7age sur cheveux humides ou secs. *sans tensio-actif sulfat\u00e9 Gamme Elseve Glycolic Gloss Le protocole pour une brillance miroir Des cheveux brillants [&hellip;]<\/p>\n","protected":false},"featured_media":28203,"template":"","meta":[],"product_brand":[5741],"product_cat":[18],"product_tag":[5880,5883,5881,5879,5877,5878,5882],"class_list":{"0":"post-28139","1":"product","2":"type-product","3":"status-publish","4":"has-post-thumbnail","6":"product_brand-loreal-paris-maroc-prix","7":"product_cat-beaute-sante","8":"product_tag-abimes-ou-poreux","9":"product_tag-brillants-et-legers","10":"product_tag-cette-creme-facilite-le-coiffage","11":"product_tag-corriger-les-irregularites-de-la-fibre-capillaire-et-offrir-un-effet-gloss-miroir-longue-duree-ideale-pour-les-cheveux-ternes","12":"product_tag-la-creme-elseve-glycolic-gloss-200-ml-de-loreal-paris-est-un-soin-sans-rincage-enrichi-en-acide-glycolique","13":"product_tag-reconnu-pour-son-action-lissante-et-revelatrice-de-brillance-elle-aide-a-refermer-les-cuticules","14":"product_tag-reduit-les-frisottis-et-protege-les-longueurs-tout-en-laissant-les-cheveux-lisses","16":"first","17":"instock","18":"sale","19":"taxable","20":"shipping-taxable","21":"purchasable","22":"product-type-simple"},"yoast_head":"<!-- This site is optimized with the Yoast SEO plugin v27.6 - https:\/\/yoast.com\/product\/yoast-seo-wordpress\/ -->\n<title>L\u2019Or\u00e9al Elseve Glycolic Gloss Cr\u00e8me Brillance 200 ml - Maroc Prix<\/title>\n<meta name=\"description\" content=\"Elseve Glycolic Gloss Cr\u00e8me 200 ml de L\u2019Or\u00e9al Paris lisse la fibre capillaire, booste la brillance et laisse les cheveux doux, soyeux et sans frisottis.\" \/>\n<meta name=\"robots\" content=\"index, follow, max-snippet:-1, max-image-preview:large, max-video-preview:-1\" \/>\n<link rel=\"canonical\" href=\"https:\/\/vitablanca.ma\/en\/product\/elseve-glycolic-gloss-creme-200-ml\/\" \/>\n<meta property=\"og:locale\" content=\"en_US\" \/>\n<meta property=\"og:type\" content=\"article\" \/>\n<meta property=\"og:title\" content=\"L\u2019Or\u00e9al Elseve Glycolic Gloss Cr\u00e8me Brillance 200 ml - Maroc Prix\" \/>\n<meta property=\"og:description\" content=\"Elseve Glycolic Gloss Cr\u00e8me 200 ml de L\u2019Or\u00e9al Paris lisse la fibre capillaire, booste la brillance et laisse les cheveux doux, soyeux et sans frisottis.\" \/>\n<meta property=\"og:url\" content=\"https:\/\/vitablanca.ma\/en\/product\/elseve-glycolic-gloss-creme-200-ml\/\" \/>\n<meta property=\"og:site_name\" content=\"Vitablanca.ma &ndash; Sant&eacute;, vitalit&eacute; et bien-&ecirc;tre pour tous les Marocains\" \/>\n<meta property=\"article:publisher\" content=\"https:\/\/www.facebook.com\/profile.php?id=61576678196717\" \/>\n<meta property=\"article:modified_time\" content=\"2026-01-19T22:52:57+00:00\" \/>\n<meta property=\"og:image\" content=\"https:\/\/vitablanca.ma\/wp-content\/uploads\/2026\/01\/344_1.jpg\" \/>\n\t<meta property=\"og:image:width\" content=\"698\" \/>\n\t<meta property=\"og:image:height\" content=\"758\" \/>\n\t<meta property=\"og:image:type\" content=\"image\/jpeg\" \/>\n<meta name=\"twitter:card\" content=\"summary_large_image\" \/>\n<meta name=\"twitter:label1\" content=\"Est. reading time\" \/>\n\t<meta name=\"twitter:data1\" content=\"1 minute\" \/>\n<script type=\"application\/ld+json\" class=\"yoast-schema-graph\">{\"@context\":\"https:\\\/\\\/schema.org\",\"@graph\":[{\"@type\":[\"WebPage\",\"ItemPage\"],\"@id\":\"https:\\\/\\\/vitablanca.ma\\\/produit\\\/elseve-glycolic-gloss-creme-200-ml\\\/\",\"url\":\"https:\\\/\\\/vitablanca.ma\\\/produit\\\/elseve-glycolic-gloss-creme-200-ml\\\/\",\"name\":\"L\u2019Or\u00e9al Elseve Glycolic Gloss Cr\u00e8me Brillance 200 ml - Maroc Prix\",\"isPartOf\":{\"@id\":\"https:\\\/\\\/vitablanca.ma\\\/#website\"},\"primaryImageOfPage\":{\"@id\":\"https:\\\/\\\/vitablanca.ma\\\/produit\\\/elseve-glycolic-gloss-creme-200-ml\\\/#primaryimage\"},\"image\":{\"@id\":\"https:\\\/\\\/vitablanca.ma\\\/produit\\\/elseve-glycolic-gloss-creme-200-ml\\\/#primaryimage\"},\"thumbnailUrl\":\"https:\\\/\\\/vitablanca.ma\\\/wp-content\\\/uploads\\\/2026\\\/01\\\/344_1.jpg\",\"datePublished\":\"2026-01-15T20:03:50+00:00\",\"dateModified\":\"2026-01-19T22:52:57+00:00\",\"description\":\"Elseve Glycolic Gloss Cr\u00e8me 200 ml de L\u2019Or\u00e9al Paris lisse la fibre capillaire, booste la brillance et laisse les cheveux doux, soyeux et sans frisottis.\",\"breadcrumb\":{\"@id\":\"https:\\\/\\\/vitablanca.ma\\\/produit\\\/elseve-glycolic-gloss-creme-200-ml\\\/#breadcrumb\"},\"inLanguage\":\"en-US\",\"potentialAction\":[{\"@type\":\"ReadAction\",\"target\":[\"https:\\\/\\\/vitablanca.ma\\\/produit\\\/elseve-glycolic-gloss-creme-200-ml\\\/\"]}]},{\"@type\":\"ImageObject\",\"inLanguage\":\"en-US\",\"@id\":\"https:\\\/\\\/vitablanca.ma\\\/produit\\\/elseve-glycolic-gloss-creme-200-ml\\\/#primaryimage\",\"url\":\"https:\\\/\\\/vitablanca.ma\\\/wp-content\\\/uploads\\\/2026\\\/01\\\/344_1.jpg\",\"contentUrl\":\"https:\\\/\\\/vitablanca.ma\\\/wp-content\\\/uploads\\\/2026\\\/01\\\/344_1.jpg\",\"width\":698,\"height\":758},{\"@type\":\"BreadcrumbList\",\"@id\":\"https:\\\/\\\/vitablanca.ma\\\/produit\\\/elseve-glycolic-gloss-creme-200-ml\\\/#breadcrumb\",\"itemListElement\":[{\"@type\":\"ListItem\",\"position\":1,\"name\":\"Home\",\"item\":\"https:\\\/\\\/vitablanca.ma\\\/\"},{\"@type\":\"ListItem\",\"position\":2,\"name\":\"Tous Les Produits\",\"item\":\"https:\\\/\\\/vitablanca.ma\\\/tous-les-produits\\\/\"},{\"@type\":\"ListItem\",\"position\":3,\"name\":\"ELSEVE GLYCOLIC GLOSS CREME 200 ML\"}]},{\"@type\":\"WebSite\",\"@id\":\"https:\\\/\\\/vitablanca.ma\\\/#website\",\"url\":\"https:\\\/\\\/vitablanca.ma\\\/\",\"name\":\"VitaBlanca.ma | Compl\u00e9ments alimentaires, sant\u00e9 & beaut\u00e9 au Maroc\",\"description\":\"vendre vitamines et compl\u00e9ments premium des USA &amp; Canada, Nouvelle Z\u00e9lande,Maroc (NOW Foods, Solgar, Manuka). Livraison rapide partout au Maroc.\",\"publisher\":{\"@id\":\"https:\\\/\\\/vitablanca.ma\\\/#organization\"},\"alternateName\":\"VitaBlanca.ma\",\"potentialAction\":[{\"@type\":\"SearchAction\",\"target\":{\"@type\":\"EntryPoint\",\"urlTemplate\":\"https:\\\/\\\/vitablanca.ma\\\/?s={search_term_string}\"},\"query-input\":{\"@type\":\"PropertyValueSpecification\",\"valueRequired\":true,\"valueName\":\"search_term_string\"}}],\"inLanguage\":\"en-US\"},{\"@type\":\"Organization\",\"@id\":\"https:\\\/\\\/vitablanca.ma\\\/#organization\",\"name\":\"VitaBlanca\",\"url\":\"https:\\\/\\\/vitablanca.ma\\\/\",\"logo\":{\"@type\":\"ImageObject\",\"inLanguage\":\"en-US\",\"@id\":\"https:\\\/\\\/vitablanca.ma\\\/#\\\/schema\\\/logo\\\/image\\\/\",\"url\":\"https:\\\/\\\/vitablanca.ma\\\/wp-content\\\/uploads\\\/2025\\\/05\\\/cropped-vitablanca.png\",\"contentUrl\":\"https:\\\/\\\/vitablanca.ma\\\/wp-content\\\/uploads\\\/2025\\\/05\\\/cropped-vitablanca.png\",\"width\":360,\"height\":67,\"caption\":\"VitaBlanca\"},\"image\":{\"@id\":\"https:\\\/\\\/vitablanca.ma\\\/#\\\/schema\\\/logo\\\/image\\\/\"},\"sameAs\":[\"https:\\\/\\\/www.facebook.com\\\/profile.php?id=61576678196717\",\"https:\\\/\\\/www.tiktok.com\\\/@vitablanca.ma\",\"https:\\\/\\\/www.instagram.com\\\/vitablanca.ma\\\/\"]}]}<\/script>\n<!-- \/ Yoast SEO plugin. -->","yoast_head_json":{"title":"L\u2019Or\u00e9al Elseve Glycolic Gloss Cr\u00e8me Brillance 200 ml - Maroc Prix","description":"Elseve Glycolic Gloss Cr\u00e8me 200 ml de L\u2019Or\u00e9al Paris lisse la fibre capillaire, booste la brillance et laisse les cheveux doux, soyeux et sans frisottis.","robots":{"index":"index","follow":"follow","max-snippet":"max-snippet:-1","max-image-preview":"max-image-preview:large","max-video-preview":"max-video-preview:-1"},"canonical":"https:\/\/vitablanca.ma\/en\/product\/elseve-glycolic-gloss-creme-200-ml\/","og_locale":"en_US","og_type":"article","og_title":"L\u2019Or\u00e9al Elseve Glycolic Gloss Cr\u00e8me Brillance 200 ml - Maroc Prix","og_description":"Elseve Glycolic Gloss Cr\u00e8me 200 ml de L\u2019Or\u00e9al Paris lisse la fibre capillaire, booste la brillance et laisse les cheveux doux, soyeux et sans frisottis.","og_url":"https:\/\/vitablanca.ma\/en\/product\/elseve-glycolic-gloss-creme-200-ml\/","og_site_name":"Vitablanca.ma &ndash; Sant&eacute;, vitalit&eacute; et bien-&ecirc;tre pour tous les Marocains","article_publisher":"https:\/\/www.facebook.com\/profile.php?id=61576678196717","article_modified_time":"2026-01-19T22:52:57+00:00","og_image":[{"width":698,"height":758,"url":"https:\/\/vitablanca.ma\/wp-content\/uploads\/2026\/01\/344_1.jpg","type":"image\/jpeg"}],"twitter_card":"summary_large_image","twitter_misc":{"Est. reading time":"1 minute"},"schema":{"@context":"https:\/\/schema.org","@graph":[{"@type":["WebPage","ItemPage"],"@id":"https:\/\/vitablanca.ma\/produit\/elseve-glycolic-gloss-creme-200-ml\/","url":"https:\/\/vitablanca.ma\/produit\/elseve-glycolic-gloss-creme-200-ml\/","name":"L\u2019Or\u00e9al Elseve Glycolic Gloss Cr\u00e8me Brillance 200 ml - Maroc Prix","isPartOf":{"@id":"https:\/\/vitablanca.ma\/#website"},"primaryImageOfPage":{"@id":"https:\/\/vitablanca.ma\/produit\/elseve-glycolic-gloss-creme-200-ml\/#primaryimage"},"image":{"@id":"https:\/\/vitablanca.ma\/produit\/elseve-glycolic-gloss-creme-200-ml\/#primaryimage"},"thumbnailUrl":"https:\/\/vitablanca.ma\/wp-content\/uploads\/2026\/01\/344_1.jpg","datePublished":"2026-01-15T20:03:50+00:00","dateModified":"2026-01-19T22:52:57+00:00","description":"Elseve Glycolic Gloss Cr\u00e8me 200 ml de L\u2019Or\u00e9al Paris lisse la fibre capillaire, booste la brillance et laisse les cheveux doux, soyeux et sans frisottis.","breadcrumb":{"@id":"https:\/\/vitablanca.ma\/produit\/elseve-glycolic-gloss-creme-200-ml\/#breadcrumb"},"inLanguage":"en-US","potentialAction":[{"@type":"ReadAction","target":["https:\/\/vitablanca.ma\/produit\/elseve-glycolic-gloss-creme-200-ml\/"]}]},{"@type":"ImageObject","inLanguage":"en-US","@id":"https:\/\/vitablanca.ma\/produit\/elseve-glycolic-gloss-creme-200-ml\/#primaryimage","url":"https:\/\/vitablanca.ma\/wp-content\/uploads\/2026\/01\/344_1.jpg","contentUrl":"https:\/\/vitablanca.ma\/wp-content\/uploads\/2026\/01\/344_1.jpg","width":698,"height":758},{"@type":"BreadcrumbList","@id":"https:\/\/vitablanca.ma\/produit\/elseve-glycolic-gloss-creme-200-ml\/#breadcrumb","itemListElement":[{"@type":"ListItem","position":1,"name":"Home","item":"https:\/\/vitablanca.ma\/"},{"@type":"ListItem","position":2,"name":"Tous Les Produits","item":"https:\/\/vitablanca.ma\/tous-les-produits\/"},{"@type":"ListItem","position":3,"name":"ELSEVE GLYCOLIC GLOSS CREME 200 ML"}]},{"@type":"WebSite","@id":"https:\/\/vitablanca.ma\/#website","url":"https:\/\/vitablanca.ma\/","name":"VitaBlanca.ma | Food supplements, health &amp; beauty in Morocco","description":"sell premium vitamins and supplements from USA &amp; Canada, New Zealand, Morocco (NOW Foods, Solgar, Manuka). Fast delivery anywhere in Morocco.","publisher":{"@id":"https:\/\/vitablanca.ma\/#organization"},"alternateName":"VitaBlanca.ma","potentialAction":[{"@type":"SearchAction","target":{"@type":"EntryPoint","urlTemplate":"https:\/\/vitablanca.ma\/?s={search_term_string}"},"query-input":{"@type":"PropertyValueSpecification","valueRequired":true,"valueName":"search_term_string"}}],"inLanguage":"en-US"},{"@type":"Organization","@id":"https:\/\/vitablanca.ma\/#organization","name":"VitaBlanca","url":"https:\/\/vitablanca.ma\/","logo":{"@type":"ImageObject","inLanguage":"en-US","@id":"https:\/\/vitablanca.ma\/#\/schema\/logo\/image\/","url":"https:\/\/vitablanca.ma\/wp-content\/uploads\/2025\/05\/cropped-vitablanca.png","contentUrl":"https:\/\/vitablanca.ma\/wp-content\/uploads\/2025\/05\/cropped-vitablanca.png","width":360,"height":67,"caption":"VitaBlanca"},"image":{"@id":"https:\/\/vitablanca.ma\/#\/schema\/logo\/image\/"},"sameAs":["https:\/\/www.facebook.com\/profile.php?id=61576678196717","https:\/\/www.tiktok.com\/@vitablanca.ma","https:\/\/www.instagram.com\/vitablanca.ma\/"]}]}},"jetpack_sharing_enabled":true,"_links":{"self":[{"href":"https:\/\/vitablanca.ma\/en\/wp-json\/wp\/v2\/product\/28139","targetHints":{"allow":["GET"]}}],"collection":[{"href":"https:\/\/vitablanca.ma\/en\/wp-json\/wp\/v2\/product"}],"about":[{"href":"https:\/\/vitablanca.ma\/en\/wp-json\/wp\/v2\/types\/product"}],"wp:featuredmedia":[{"embeddable":true,"href":"https:\/\/vitablanca.ma\/en\/wp-json\/wp\/v2\/media\/28203"}],"wp:attachment":[{"href":"https:\/\/vitablanca.ma\/en\/wp-json\/wp\/v2\/media?parent=28139"}],"wp:term":[{"taxonomy":"product_brand","embeddable":true,"href":"https:\/\/vitablanca.ma\/en\/wp-json\/wp\/v2\/product_brand?post=28139"},{"taxonomy":"product_cat","embeddable":true,"href":"https:\/\/vitablanca.ma\/en\/wp-json\/wp\/v2\/product_cat?post=28139"},{"taxonomy":"product_tag","embeddable":true,"href":"https:\/\/vitablanca.ma\/en\/wp-json\/wp\/v2\/product_tag?post=28139"}],"curies":[{"name":"wp","href":"https:\/\/api.w.org\/{rel}","templated":true}]}}