{"id":28135,"date":"2026-01-15T20:03:49","date_gmt":"2026-01-15T20:03:49","guid":{"rendered":"https:\/\/vitablanca.ma\/?post_type=product&#038;p=28135"},"modified":"2026-03-19T12:55:10","modified_gmt":"2026-03-19T12:55:10","slug":"loreal-paris-infaillble-powder-260","status":"publish","type":"product","link":"https:\/\/vitablanca.ma\/en\/product\/loreal-paris-infaillble-powder-260\/","title":{"rendered":"L&rsquo;or\u00e9al paris -infaillble powder 260"},"content":{"rendered":"<p>L\u2019Or\u00e9al Paris vous d\u00e9voile une nouvelle g\u00e9n\u00e9ration de fond de teint. Avec son premier fond de teint longue-tenue et haute r\u00e9sistance en poudre. La couvrance et la tenue d \u2019un fond de teint associ\u00e9es \u00e0 la l\u00e9g\u00e8ret\u00e9 et la praticit\u00e9 d\u2019une poudre.<br \/>\n\u2022 Une nouvelle g\u00e9n\u00e9ration de pigments ultra fins et adh\u00e9sifs. Pour plus de tenue &amp; plus de l\u00e9g\u00e8ret\u00e9.<br \/>\n\u2022 Une texture innovante qui fusionne avec la peau. Pour une application encore plus facile, nomade et un teint frais 24h.<br \/>\n\u2022 Sa formule Infaillible est sans transfert, r\u00e9sistante \u00e0 l\u2019eau, l\u2019humidit\u00e9 et la sueur.<br \/>\n\u2022 Test\u00e9e sous contr\u00f4le dermatologique et non com\u00e9dog\u00e8ne sa formule est douce pour la peau. Son boitier nomade ultra pratique vous accompagnera tout au long de la journ\u00e9e pour un teint frais 24H. Une nouvelle g\u00e9n\u00e9ration de fond de teint Infaillible.<\/p>\n<p>Conseils d&rsquo;application:<br \/>\n1. Pour un teint naturellement mat et unifi\u00e9, appliquer le fond de teint en poudre infaillible uniform\u00e9ment sur l&rsquo;ensemble du visage \u00e0 l&rsquo;aide de l&rsquo;\u00e9ponge int\u00e9gr\u00e9e, en vous aidant du miroir.<br \/>\n2. Pour corriger l&rsquo;exc\u00e8s de brillance, insister sur la zone T d\u00e9limit\u00e9e par le front et le nez pour matifier le teint et diminuer l&rsquo;apparence des pores.<\/p>\n<p>INGREDIENTS: TALC \u2022 ZINC STEARATE \u2022 DIMETHICONE \u2022 ZEA MAYS STARCH \/ CORN STARCH \u2022 CAPRYLIC\/CAPRIC TRIGLYCERIDE \u2022 SILICA \u2022 DIMETHICONE\/VINYL DIMETHICONE CROSSPOLYMER \u2022 TRIETHOXYCAPRYLYLSILANE \u2022 CAPRYLYL GLYCOL \u2022 ETHYLHEXYLGLYCERIN \u2022 POTASSIUM SORBATE \u2022 SILICA [NANO] \/ SILICA \u2022 PARFUM \/ FRAGRANCE \u2022 ISOCETETH-10 \u2022 ALARIA ESCULENTA EXTRACT \u2022 HEXYL CINNAMAL \u2022 BENZYL SALICYLATE \u2022 LINALOOL \u2022 ALPHA-ISOMETHYL IONONE \u2022 BENZYL ALCOHOL \u2022 CITRONELLOL \u2022 TOCOPHEROL ? [+\/- MAY CONTAIN: CI 77891 \/ TITANIUM DIOXIDE \u2022 CI 77491, CI 77492, CI 77499 \/ IRON OXIDES \u2022 MICA \u2022 CI 19140 \/ YELLOW 5 LAKE \u2022 CI 77007 \/ ULTRAMARINES \u2022 CI 15850 \/ RED 7 LAKE]. (F.I.L. C260234\/1).<\/p>\n<p>Les listes d\u2019ingr\u00e9dients entrant dans la composition des produits de notre marque sont r\u00e9guli\u00e8rement mises \u00e0 jour.<br \/>\nAvant d\u2019utiliser un produit de notre marque, vous \u00eates invit\u00e9s \u00e0 lire la liste d\u2019ingr\u00e9dients figurant sur son emballage afin de vous assurer que les ingr\u00e9dients sont adapt\u00e9s \u00e0 votre utilisation personnelle.<\/p>\n","protected":false},"excerpt":{"rendered":"<p>L\u2019Or\u00e9al Paris vous d\u00e9voile une nouvelle g\u00e9n\u00e9ration de fond de teint. Avec son premier fond de teint longue-tenue et haute r\u00e9sistance en poudre. La couvrance et la tenue d \u2019un fond de teint associ\u00e9es \u00e0 la l\u00e9g\u00e8ret\u00e9 et la praticit\u00e9 d\u2019une poudre. \u2022 Une nouvelle g\u00e9n\u00e9ration de pigments ultra fins et adh\u00e9sifs. Pour plus de [&hellip;]<\/p>\n","protected":false},"featured_media":28190,"template":"","meta":{"om_disable_all_campaigns":false},"product_brand":[5741],"product_cat":[18],"product_tag":[5950,5953,5853,5933,5954,5810,5951,5948,5952,5955,5949],"class_list":{"0":"post-28135","1":"product","2":"type-product","3":"status-publish","4":"has-post-thumbnail","6":"product_brand-loreal-paris-maroc-prix","7":"product_cat-beaute-sante","8":"product_tag-all-night-black","9":"product_tag-cils-definis","10":"product_tag-loreal-paris","11":"product_tag-maquillage-yeux","12":"product_tag-mascara-loreal","13":"product_tag-mascara-longue-tenue","14":"product_tag-mascara-noir","15":"product_tag-mascara-panorama","16":"product_tag-mascara-volume-extreme","17":"product_tag-regard-intense","18":"product_tag-volume-millions-de-cils","20":"first","21":"outofstock","22":"sale","23":"taxable","24":"shipping-taxable","25":"purchasable","26":"product-type-simple"},"yoast_head":"<!-- This site is optimized with the Yoast SEO plugin v27.4 - https:\/\/yoast.com\/product\/yoast-seo-wordpress\/ -->\n<title>L\u2019Or\u00e9al Paris Infaillible Powder \u2013 260 Teinte Naturelle-Maroc Prix<\/title>\n<meta name=\"description\" content=\"Poudre compacte L\u2019Or\u00e9al Paris Infaillible Powder 260 : fini mat naturel, teint unifi\u00e9 et tenue longue dur\u00e9e pour un maquillage parfait toute la journ\u00e9e.\" \/>\n<meta name=\"robots\" content=\"index, follow, max-snippet:-1, max-image-preview:large, max-video-preview:-1\" \/>\n<link rel=\"canonical\" href=\"https:\/\/vitablanca.ma\/en\/product\/loreal-paris-infaillble-powder-260\/\" \/>\n<meta property=\"og:locale\" content=\"en_US\" \/>\n<meta property=\"og:type\" content=\"article\" \/>\n<meta property=\"og:title\" content=\"L\u2019Or\u00e9al Paris Infaillible Powder \u2013 260 Teinte Naturelle-Maroc Prix\" \/>\n<meta property=\"og:description\" content=\"Poudre compacte L\u2019Or\u00e9al Paris Infaillible Powder 260 : fini mat naturel, teint unifi\u00e9 et tenue longue dur\u00e9e pour un maquillage parfait toute la journ\u00e9e.\" \/>\n<meta property=\"og:url\" content=\"https:\/\/vitablanca.ma\/en\/product\/loreal-paris-infaillble-powder-260\/\" \/>\n<meta property=\"og:site_name\" content=\"Vitablanca.ma &ndash; Sant&eacute;, vitalit&eacute; et bien-&ecirc;tre pour tous les Marocains\" \/>\n<meta property=\"article:publisher\" content=\"https:\/\/www.facebook.com\/profile.php?id=61576678196717\" \/>\n<meta property=\"article:modified_time\" content=\"2026-03-19T12:55:10+00:00\" \/>\n<meta property=\"og:image\" content=\"https:\/\/vitablanca.ma\/wp-content\/uploads\/2026\/01\/42_bdeb3a1d-ffd4-428c-8842-b052d3230d3e.png\" \/>\n\t<meta property=\"og:image:width\" content=\"1080\" \/>\n\t<meta property=\"og:image:height\" content=\"1080\" \/>\n\t<meta property=\"og:image:type\" content=\"image\/png\" \/>\n<meta name=\"twitter:card\" content=\"summary_large_image\" \/>\n<meta name=\"twitter:label1\" content=\"Est. reading time\" \/>\n\t<meta name=\"twitter:data1\" content=\"2 minutes\" \/>\n<script type=\"application\/ld+json\" class=\"yoast-schema-graph\">{\"@context\":\"https:\\\/\\\/schema.org\",\"@graph\":[{\"@type\":[\"WebPage\",\"ItemPage\"],\"@id\":\"https:\\\/\\\/vitablanca.ma\\\/produit\\\/loreal-paris-infaillble-powder-260\\\/\",\"url\":\"https:\\\/\\\/vitablanca.ma\\\/produit\\\/loreal-paris-infaillble-powder-260\\\/\",\"name\":\"L\u2019Or\u00e9al Paris Infaillible Powder \u2013 260 Teinte Naturelle-Maroc Prix\",\"isPartOf\":{\"@id\":\"https:\\\/\\\/vitablanca.ma\\\/#website\"},\"primaryImageOfPage\":{\"@id\":\"https:\\\/\\\/vitablanca.ma\\\/produit\\\/loreal-paris-infaillble-powder-260\\\/#primaryimage\"},\"image\":{\"@id\":\"https:\\\/\\\/vitablanca.ma\\\/produit\\\/loreal-paris-infaillble-powder-260\\\/#primaryimage\"},\"thumbnailUrl\":\"https:\\\/\\\/vitablanca.ma\\\/wp-content\\\/uploads\\\/2026\\\/01\\\/42_bdeb3a1d-ffd4-428c-8842-b052d3230d3e.png\",\"datePublished\":\"2026-01-15T20:03:49+00:00\",\"dateModified\":\"2026-03-19T12:55:10+00:00\",\"description\":\"Poudre compacte L\u2019Or\u00e9al Paris Infaillible Powder 260 : fini mat naturel, teint unifi\u00e9 et tenue longue dur\u00e9e pour un maquillage parfait toute la journ\u00e9e.\",\"breadcrumb\":{\"@id\":\"https:\\\/\\\/vitablanca.ma\\\/produit\\\/loreal-paris-infaillble-powder-260\\\/#breadcrumb\"},\"inLanguage\":\"en-US\",\"potentialAction\":[{\"@type\":\"ReadAction\",\"target\":[\"https:\\\/\\\/vitablanca.ma\\\/produit\\\/loreal-paris-infaillble-powder-260\\\/\"]}]},{\"@type\":\"ImageObject\",\"inLanguage\":\"en-US\",\"@id\":\"https:\\\/\\\/vitablanca.ma\\\/produit\\\/loreal-paris-infaillble-powder-260\\\/#primaryimage\",\"url\":\"https:\\\/\\\/vitablanca.ma\\\/wp-content\\\/uploads\\\/2026\\\/01\\\/42_bdeb3a1d-ffd4-428c-8842-b052d3230d3e.png\",\"contentUrl\":\"https:\\\/\\\/vitablanca.ma\\\/wp-content\\\/uploads\\\/2026\\\/01\\\/42_bdeb3a1d-ffd4-428c-8842-b052d3230d3e.png\",\"width\":1080,\"height\":1080},{\"@type\":\"BreadcrumbList\",\"@id\":\"https:\\\/\\\/vitablanca.ma\\\/produit\\\/loreal-paris-infaillble-powder-260\\\/#breadcrumb\",\"itemListElement\":[{\"@type\":\"ListItem\",\"position\":1,\"name\":\"Home\",\"item\":\"https:\\\/\\\/vitablanca.ma\\\/\"},{\"@type\":\"ListItem\",\"position\":2,\"name\":\"Tous Les Produits\",\"item\":\"https:\\\/\\\/vitablanca.ma\\\/tous-les-produits\\\/\"},{\"@type\":\"ListItem\",\"position\":3,\"name\":\"L&#8217;or\u00e9al paris -infaillble powder 260\"}]},{\"@type\":\"WebSite\",\"@id\":\"https:\\\/\\\/vitablanca.ma\\\/#website\",\"url\":\"https:\\\/\\\/vitablanca.ma\\\/\",\"name\":\"VitaBlanca.ma | Compl\u00e9ments alimentaires, sant\u00e9 & beaut\u00e9 au Maroc\",\"description\":\"vendre vitamines et compl\u00e9ments premium des USA &amp; Canada, Nouvelle Z\u00e9lande,Maroc (NOW Foods, Solgar, Manuka). Livraison rapide partout au Maroc.\",\"publisher\":{\"@id\":\"https:\\\/\\\/vitablanca.ma\\\/#organization\"},\"alternateName\":\"VitaBlanca.ma\",\"potentialAction\":[{\"@type\":\"SearchAction\",\"target\":{\"@type\":\"EntryPoint\",\"urlTemplate\":\"https:\\\/\\\/vitablanca.ma\\\/?s={search_term_string}\"},\"query-input\":{\"@type\":\"PropertyValueSpecification\",\"valueRequired\":true,\"valueName\":\"search_term_string\"}}],\"inLanguage\":\"en-US\"},{\"@type\":\"Organization\",\"@id\":\"https:\\\/\\\/vitablanca.ma\\\/#organization\",\"name\":\"VitaBlanca\",\"url\":\"https:\\\/\\\/vitablanca.ma\\\/\",\"logo\":{\"@type\":\"ImageObject\",\"inLanguage\":\"en-US\",\"@id\":\"https:\\\/\\\/vitablanca.ma\\\/#\\\/schema\\\/logo\\\/image\\\/\",\"url\":\"https:\\\/\\\/vitablanca.ma\\\/wp-content\\\/uploads\\\/2025\\\/05\\\/cropped-vitablanca.png\",\"contentUrl\":\"https:\\\/\\\/vitablanca.ma\\\/wp-content\\\/uploads\\\/2025\\\/05\\\/cropped-vitablanca.png\",\"width\":360,\"height\":67,\"caption\":\"VitaBlanca\"},\"image\":{\"@id\":\"https:\\\/\\\/vitablanca.ma\\\/#\\\/schema\\\/logo\\\/image\\\/\"},\"sameAs\":[\"https:\\\/\\\/www.facebook.com\\\/profile.php?id=61576678196717\",\"https:\\\/\\\/www.tiktok.com\\\/@vitablanca.ma\",\"https:\\\/\\\/www.instagram.com\\\/vitablanca.ma\\\/\"]}]}<\/script>\n<!-- \/ Yoast SEO plugin. -->","yoast_head_json":{"title":"L\u2019Or\u00e9al Paris Infaillible Powder \u2013 260 Teinte Naturelle-Maroc Prix","description":"Poudre compacte L\u2019Or\u00e9al Paris Infaillible Powder 260 : fini mat naturel, teint unifi\u00e9 et tenue longue dur\u00e9e pour un maquillage parfait toute la journ\u00e9e.","robots":{"index":"index","follow":"follow","max-snippet":"max-snippet:-1","max-image-preview":"max-image-preview:large","max-video-preview":"max-video-preview:-1"},"canonical":"https:\/\/vitablanca.ma\/en\/product\/loreal-paris-infaillble-powder-260\/","og_locale":"en_US","og_type":"article","og_title":"L\u2019Or\u00e9al Paris Infaillible Powder \u2013 260 Teinte Naturelle-Maroc Prix","og_description":"Poudre compacte L\u2019Or\u00e9al Paris Infaillible Powder 260 : fini mat naturel, teint unifi\u00e9 et tenue longue dur\u00e9e pour un maquillage parfait toute la journ\u00e9e.","og_url":"https:\/\/vitablanca.ma\/en\/product\/loreal-paris-infaillble-powder-260\/","og_site_name":"Vitablanca.ma &ndash; Sant&eacute;, vitalit&eacute; et bien-&ecirc;tre pour tous les Marocains","article_publisher":"https:\/\/www.facebook.com\/profile.php?id=61576678196717","article_modified_time":"2026-03-19T12:55:10+00:00","og_image":[{"width":1080,"height":1080,"url":"https:\/\/vitablanca.ma\/wp-content\/uploads\/2026\/01\/42_bdeb3a1d-ffd4-428c-8842-b052d3230d3e.png","type":"image\/png"}],"twitter_card":"summary_large_image","twitter_misc":{"Est. reading time":"2 minutes"},"schema":{"@context":"https:\/\/schema.org","@graph":[{"@type":["WebPage","ItemPage"],"@id":"https:\/\/vitablanca.ma\/produit\/loreal-paris-infaillble-powder-260\/","url":"https:\/\/vitablanca.ma\/produit\/loreal-paris-infaillble-powder-260\/","name":"L\u2019Or\u00e9al Paris Infaillible Powder \u2013 260 Teinte Naturelle-Maroc Prix","isPartOf":{"@id":"https:\/\/vitablanca.ma\/#website"},"primaryImageOfPage":{"@id":"https:\/\/vitablanca.ma\/produit\/loreal-paris-infaillble-powder-260\/#primaryimage"},"image":{"@id":"https:\/\/vitablanca.ma\/produit\/loreal-paris-infaillble-powder-260\/#primaryimage"},"thumbnailUrl":"https:\/\/vitablanca.ma\/wp-content\/uploads\/2026\/01\/42_bdeb3a1d-ffd4-428c-8842-b052d3230d3e.png","datePublished":"2026-01-15T20:03:49+00:00","dateModified":"2026-03-19T12:55:10+00:00","description":"Poudre compacte L\u2019Or\u00e9al Paris Infaillible Powder 260 : fini mat naturel, teint unifi\u00e9 et tenue longue dur\u00e9e pour un maquillage parfait toute la journ\u00e9e.","breadcrumb":{"@id":"https:\/\/vitablanca.ma\/produit\/loreal-paris-infaillble-powder-260\/#breadcrumb"},"inLanguage":"en-US","potentialAction":[{"@type":"ReadAction","target":["https:\/\/vitablanca.ma\/produit\/loreal-paris-infaillble-powder-260\/"]}]},{"@type":"ImageObject","inLanguage":"en-US","@id":"https:\/\/vitablanca.ma\/produit\/loreal-paris-infaillble-powder-260\/#primaryimage","url":"https:\/\/vitablanca.ma\/wp-content\/uploads\/2026\/01\/42_bdeb3a1d-ffd4-428c-8842-b052d3230d3e.png","contentUrl":"https:\/\/vitablanca.ma\/wp-content\/uploads\/2026\/01\/42_bdeb3a1d-ffd4-428c-8842-b052d3230d3e.png","width":1080,"height":1080},{"@type":"BreadcrumbList","@id":"https:\/\/vitablanca.ma\/produit\/loreal-paris-infaillble-powder-260\/#breadcrumb","itemListElement":[{"@type":"ListItem","position":1,"name":"Home","item":"https:\/\/vitablanca.ma\/"},{"@type":"ListItem","position":2,"name":"Tous Les Produits","item":"https:\/\/vitablanca.ma\/tous-les-produits\/"},{"@type":"ListItem","position":3,"name":"L&#8217;or\u00e9al paris -infaillble powder 260"}]},{"@type":"WebSite","@id":"https:\/\/vitablanca.ma\/#website","url":"https:\/\/vitablanca.ma\/","name":"VitaBlanca.ma | Food supplements, health &amp; beauty in Morocco","description":"sell premium vitamins and supplements from USA &amp; Canada, New Zealand, Morocco (NOW Foods, Solgar, Manuka). Fast delivery anywhere in Morocco.","publisher":{"@id":"https:\/\/vitablanca.ma\/#organization"},"alternateName":"VitaBlanca.ma","potentialAction":[{"@type":"SearchAction","target":{"@type":"EntryPoint","urlTemplate":"https:\/\/vitablanca.ma\/?s={search_term_string}"},"query-input":{"@type":"PropertyValueSpecification","valueRequired":true,"valueName":"search_term_string"}}],"inLanguage":"en-US"},{"@type":"Organization","@id":"https:\/\/vitablanca.ma\/#organization","name":"VitaBlanca","url":"https:\/\/vitablanca.ma\/","logo":{"@type":"ImageObject","inLanguage":"en-US","@id":"https:\/\/vitablanca.ma\/#\/schema\/logo\/image\/","url":"https:\/\/vitablanca.ma\/wp-content\/uploads\/2025\/05\/cropped-vitablanca.png","contentUrl":"https:\/\/vitablanca.ma\/wp-content\/uploads\/2025\/05\/cropped-vitablanca.png","width":360,"height":67,"caption":"VitaBlanca"},"image":{"@id":"https:\/\/vitablanca.ma\/#\/schema\/logo\/image\/"},"sameAs":["https:\/\/www.facebook.com\/profile.php?id=61576678196717","https:\/\/www.tiktok.com\/@vitablanca.ma","https:\/\/www.instagram.com\/vitablanca.ma\/"]}]}},"jetpack_sharing_enabled":true,"_links":{"self":[{"href":"https:\/\/vitablanca.ma\/en\/wp-json\/wp\/v2\/product\/28135","targetHints":{"allow":["GET"]}}],"collection":[{"href":"https:\/\/vitablanca.ma\/en\/wp-json\/wp\/v2\/product"}],"about":[{"href":"https:\/\/vitablanca.ma\/en\/wp-json\/wp\/v2\/types\/product"}],"wp:featuredmedia":[{"embeddable":true,"href":"https:\/\/vitablanca.ma\/en\/wp-json\/wp\/v2\/media\/28190"}],"wp:attachment":[{"href":"https:\/\/vitablanca.ma\/en\/wp-json\/wp\/v2\/media?parent=28135"}],"wp:term":[{"taxonomy":"product_brand","embeddable":true,"href":"https:\/\/vitablanca.ma\/en\/wp-json\/wp\/v2\/product_brand?post=28135"},{"taxonomy":"product_cat","embeddable":true,"href":"https:\/\/vitablanca.ma\/en\/wp-json\/wp\/v2\/product_cat?post=28135"},{"taxonomy":"product_tag","embeddable":true,"href":"https:\/\/vitablanca.ma\/en\/wp-json\/wp\/v2\/product_tag?post=28135"}],"curies":[{"name":"wp","href":"https:\/\/api.w.org\/{rel}","templated":true}]}}