{"id":28132,"date":"2026-01-15T20:03:49","date_gmt":"2026-01-15T20:03:49","guid":{"rendered":"https:\/\/vitablanca.ma\/?post_type=product&#038;p=28132"},"modified":"2026-03-19T12:55:10","modified_gmt":"2026-03-19T12:55:10","slug":"loreal-paris-liner-perfect-slim-01-black","status":"publish","type":"product","link":"https:\/\/vitablanca.ma\/en\/product\/loreal-paris-liner-perfect-slim-01-black\/","title":{"rendered":"L&rsquo;or\u00e9al paris -liner perfect slim  01 Black"},"content":{"rendered":"<p>Avec ce liner haute pr\u00e9cision, souligner votre regard \u00e0 la perfection n\u2019a jamais \u00e9t\u00e9 aussi facile. L\u2019extr\u00eame pr\u00e9cision du Super Liner Perfect Slim permet d\u2019affiner votre trait d&rsquo;eyeliner comme vous le souhaitez. Avec le Super Liner Perfect Slim, appliquez votre trait de liner au millim\u00e8tre pr\u00eat pour une tenue longue dur\u00e9e. Un trait net et pr\u00e9cis pour un maximum d&rsquo;effet. Convient aux yeux sensibles et porteurs de lentilles.<\/p>\n<p>Eye liner trac\u00e9 ultra-fin<br \/>\nPlume finesse : trac\u00e9 ultra-fin et d\u00e9fini<br \/>\nCouleur intense longue tenue<br \/>\nWaterproof : r\u00e9sistant \u00e0 l&rsquo;humidit\u00e9<\/p>\n<p>Regard sign\u00e9 d&rsquo;un trait ultra fin.<\/p>\n<p>Conseils d&rsquo;utilisation : Pour un effet naturel, soulignez la frange sup\u00e9rieure des cils avec un trait fin. Pour un effet \u0153il de biche, intensifiez le trac\u00e9 au coin externe de l&rsquo;\u0153il.<\/p>\n<p>INGREDIENTS: AQUA \/ WATER \u2022 CI 77266 NANO \/ BLACK 2 \u2022 METHYLPROPANEDIOL \u2022 STYRENE\/ACRYLATES COPOLYMER \u2022 STYRENE\/ACRYLATES\/AMMONIUM METHACRYLATE COPOLYMER \u2022 CELLULOSE \u2022 PEG-60 HYDROGENATED CASTOR OIL \u2022 COCO-GLUCOSIDE \u2022 POLOXAMER 407 \u2022 CITRIC ACID \u2022 PHENOXYETHANOL \u2022 POTASSIUM SORBATE \u2022 PHENYLPROPANOL \u2022 SODIUM BENZOATE \u2022 CAPRYLYL GLYCOL \u2022 SODIUM DEHYDROACETATE \u2022 SODIUM LAURETH SULFATE \u2022 SODIUM LAURYL SULFATE \u2022 BHT (F.I.L. C256801\/1).<\/p>\n<p>Les listes d\u2019ingr\u00e9dients entrant dans la composition des produits de notre marque sont r\u00e9guli\u00e8rement mises \u00e0 jour.<br \/>\nAvant d\u2019utiliser un produit de notre marque, vous \u00eates invit\u00e9s \u00e0 lire la liste d\u2019ingr\u00e9dients figurant sur son emballage afin de vous assurer que les ingr\u00e9dients sont adapt\u00e9s \u00e0 votre utilisation personnelle.<\/p>","protected":false},"excerpt":{"rendered":"<p>Avec ce liner haute pr\u00e9cision, souligner votre regard \u00e0 la perfection n\u2019a jamais \u00e9t\u00e9 aussi facile. L\u2019extr\u00eame pr\u00e9cision du Super Liner Perfect Slim permet d\u2019affiner votre trait d&rsquo;eyeliner comme vous le souhaitez. Avec le Super Liner Perfect Slim, appliquez votre trait de liner au millim\u00e8tre pr\u00eat pour une tenue longue dur\u00e9e. Un trait net et [&hellip;]<\/p>\n","protected":false},"featured_media":28183,"template":"","meta":{"om_disable_all_campaigns":false},"product_brand":[5741],"product_cat":[18],"product_tag":[5938,5932,5934,5931,5936,5853,5930,5937,5933,5935],"class_list":{"0":"post-28132","1":"product","2":"type-product","3":"status-publish","4":"has-post-thumbnail","6":"product_brand-loreal-paris-maroc-prix","7":"product_cat-beaute-sante","8":"product_tag-eyeliner-facile-a-appliquer","9":"product_tag-eyeliner-liquide","10":"product_tag-eyeliner-longue-tenue","11":"product_tag-eyeliner-noir","12":"product_tag-loreal-eyeliner-01-black","13":"product_tag-loreal-paris","14":"product_tag-liner-perfect-slim","15":"product_tag-maquillage-regard","16":"product_tag-maquillage-yeux","17":"product_tag-trait-precis","19":"first","20":"outofstock","21":"sale","22":"taxable","23":"shipping-taxable","24":"purchasable","25":"product-type-simple"},"yoast_head":"<!-- This site is optimized with the Yoast SEO plugin v27.4 - https:\/\/yoast.com\/product\/yoast-seo-wordpress\/ -->\n<title>L\u2019Or\u00e9al Paris Liner Perfect Slim \u2013 01 Black - Maroc Prix<\/title>\n<meta name=\"description\" content=\"Liner Perfect Slim 01 Black de L\u2019Or\u00e9al Paris offre un trait pr\u00e9cis, longue tenue et une couleur noire intense pour un regard parfaitement d\u00e9fini.\" \/>\n<meta name=\"robots\" content=\"index, follow, max-snippet:-1, max-image-preview:large, max-video-preview:-1\" \/>\n<link rel=\"canonical\" href=\"https:\/\/vitablanca.ma\/en\/product\/loreal-paris-liner-perfect-slim-01-black\/\" \/>\n<meta property=\"og:locale\" content=\"en_US\" \/>\n<meta property=\"og:type\" content=\"article\" \/>\n<meta property=\"og:title\" content=\"L\u2019Or\u00e9al Paris Liner Perfect Slim \u2013 01 Black - Maroc Prix\" \/>\n<meta property=\"og:description\" content=\"Liner Perfect Slim 01 Black de L\u2019Or\u00e9al Paris offre un trait pr\u00e9cis, longue tenue et une couleur noire intense pour un regard parfaitement d\u00e9fini.\" \/>\n<meta property=\"og:url\" content=\"https:\/\/vitablanca.ma\/en\/product\/loreal-paris-liner-perfect-slim-01-black\/\" \/>\n<meta property=\"og:site_name\" content=\"Vitablanca.ma &ndash; Sant&eacute;, vitalit&eacute; et bien-&ecirc;tre pour tous les Marocains\" \/>\n<meta property=\"article:publisher\" content=\"https:\/\/www.facebook.com\/profile.php?id=61576678196717\" \/>\n<meta property=\"article:modified_time\" content=\"2026-03-19T12:55:10+00:00\" \/>\n<meta property=\"og:image\" content=\"https:\/\/vitablanca.ma\/wp-content\/uploads\/2026\/01\/3600523959877.jpg\" \/>\n\t<meta property=\"og:image:width\" content=\"800\" \/>\n\t<meta property=\"og:image:height\" content=\"800\" \/>\n\t<meta property=\"og:image:type\" content=\"image\/jpeg\" \/>\n<meta name=\"twitter:card\" content=\"summary_large_image\" \/>\n<meta name=\"twitter:label1\" content=\"Est. reading time\" \/>\n\t<meta name=\"twitter:data1\" content=\"2 minutes\" \/>\n<script type=\"application\/ld+json\" class=\"yoast-schema-graph\">{\"@context\":\"https:\\\/\\\/schema.org\",\"@graph\":[{\"@type\":[\"WebPage\",\"ItemPage\"],\"@id\":\"https:\\\/\\\/vitablanca.ma\\\/produit\\\/loreal-paris-liner-perfect-slim-01-black\\\/\",\"url\":\"https:\\\/\\\/vitablanca.ma\\\/produit\\\/loreal-paris-liner-perfect-slim-01-black\\\/\",\"name\":\"L\u2019Or\u00e9al Paris Liner Perfect Slim \u2013 01 Black - Maroc Prix\",\"isPartOf\":{\"@id\":\"https:\\\/\\\/vitablanca.ma\\\/#website\"},\"primaryImageOfPage\":{\"@id\":\"https:\\\/\\\/vitablanca.ma\\\/produit\\\/loreal-paris-liner-perfect-slim-01-black\\\/#primaryimage\"},\"image\":{\"@id\":\"https:\\\/\\\/vitablanca.ma\\\/produit\\\/loreal-paris-liner-perfect-slim-01-black\\\/#primaryimage\"},\"thumbnailUrl\":\"https:\\\/\\\/vitablanca.ma\\\/wp-content\\\/uploads\\\/2026\\\/01\\\/3600523959877.jpg\",\"datePublished\":\"2026-01-15T20:03:49+00:00\",\"dateModified\":\"2026-03-19T12:55:10+00:00\",\"description\":\"Liner Perfect Slim 01 Black de L\u2019Or\u00e9al Paris offre un trait pr\u00e9cis, longue tenue et une couleur noire intense pour un regard parfaitement d\u00e9fini.\",\"breadcrumb\":{\"@id\":\"https:\\\/\\\/vitablanca.ma\\\/produit\\\/loreal-paris-liner-perfect-slim-01-black\\\/#breadcrumb\"},\"inLanguage\":\"en-US\",\"potentialAction\":[{\"@type\":\"ReadAction\",\"target\":[\"https:\\\/\\\/vitablanca.ma\\\/produit\\\/loreal-paris-liner-perfect-slim-01-black\\\/\"]}]},{\"@type\":\"ImageObject\",\"inLanguage\":\"en-US\",\"@id\":\"https:\\\/\\\/vitablanca.ma\\\/produit\\\/loreal-paris-liner-perfect-slim-01-black\\\/#primaryimage\",\"url\":\"https:\\\/\\\/vitablanca.ma\\\/wp-content\\\/uploads\\\/2026\\\/01\\\/3600523959877.jpg\",\"contentUrl\":\"https:\\\/\\\/vitablanca.ma\\\/wp-content\\\/uploads\\\/2026\\\/01\\\/3600523959877.jpg\",\"width\":800,\"height\":800},{\"@type\":\"BreadcrumbList\",\"@id\":\"https:\\\/\\\/vitablanca.ma\\\/produit\\\/loreal-paris-liner-perfect-slim-01-black\\\/#breadcrumb\",\"itemListElement\":[{\"@type\":\"ListItem\",\"position\":1,\"name\":\"Home\",\"item\":\"https:\\\/\\\/vitablanca.ma\\\/\"},{\"@type\":\"ListItem\",\"position\":2,\"name\":\"Tous Les Produits\",\"item\":\"https:\\\/\\\/vitablanca.ma\\\/tous-les-produits\\\/\"},{\"@type\":\"ListItem\",\"position\":3,\"name\":\"L&#8217;or\u00e9al paris -liner perfect slim 01 Black\"}]},{\"@type\":\"WebSite\",\"@id\":\"https:\\\/\\\/vitablanca.ma\\\/#website\",\"url\":\"https:\\\/\\\/vitablanca.ma\\\/\",\"name\":\"VitaBlanca.ma | Compl\u00e9ments alimentaires, sant\u00e9 & beaut\u00e9 au Maroc\",\"description\":\"vendre vitamines et compl\u00e9ments premium des USA &amp; Canada, Nouvelle Z\u00e9lande,Maroc (NOW Foods, Solgar, Manuka). Livraison rapide partout au Maroc.\",\"publisher\":{\"@id\":\"https:\\\/\\\/vitablanca.ma\\\/#organization\"},\"alternateName\":\"VitaBlanca.ma\",\"potentialAction\":[{\"@type\":\"SearchAction\",\"target\":{\"@type\":\"EntryPoint\",\"urlTemplate\":\"https:\\\/\\\/vitablanca.ma\\\/?s={search_term_string}\"},\"query-input\":{\"@type\":\"PropertyValueSpecification\",\"valueRequired\":true,\"valueName\":\"search_term_string\"}}],\"inLanguage\":\"en-US\"},{\"@type\":\"Organization\",\"@id\":\"https:\\\/\\\/vitablanca.ma\\\/#organization\",\"name\":\"VitaBlanca\",\"url\":\"https:\\\/\\\/vitablanca.ma\\\/\",\"logo\":{\"@type\":\"ImageObject\",\"inLanguage\":\"en-US\",\"@id\":\"https:\\\/\\\/vitablanca.ma\\\/#\\\/schema\\\/logo\\\/image\\\/\",\"url\":\"https:\\\/\\\/vitablanca.ma\\\/wp-content\\\/uploads\\\/2025\\\/05\\\/cropped-vitablanca.png\",\"contentUrl\":\"https:\\\/\\\/vitablanca.ma\\\/wp-content\\\/uploads\\\/2025\\\/05\\\/cropped-vitablanca.png\",\"width\":360,\"height\":67,\"caption\":\"VitaBlanca\"},\"image\":{\"@id\":\"https:\\\/\\\/vitablanca.ma\\\/#\\\/schema\\\/logo\\\/image\\\/\"},\"sameAs\":[\"https:\\\/\\\/www.facebook.com\\\/profile.php?id=61576678196717\",\"https:\\\/\\\/www.tiktok.com\\\/@vitablanca.ma\",\"https:\\\/\\\/www.instagram.com\\\/vitablanca.ma\\\/\"]}]}<\/script>\n<!-- \/ Yoast SEO plugin. -->","yoast_head_json":{"title":"L\u2019Or\u00e9al Paris Liner Perfect Slim \u2013 01 Black - Maroc Prix","description":"Liner Perfect Slim 01 Black de L\u2019Or\u00e9al Paris offre un trait pr\u00e9cis, longue tenue et une couleur noire intense pour un regard parfaitement d\u00e9fini.","robots":{"index":"index","follow":"follow","max-snippet":"max-snippet:-1","max-image-preview":"max-image-preview:large","max-video-preview":"max-video-preview:-1"},"canonical":"https:\/\/vitablanca.ma\/en\/product\/loreal-paris-liner-perfect-slim-01-black\/","og_locale":"en_US","og_type":"article","og_title":"L\u2019Or\u00e9al Paris Liner Perfect Slim \u2013 01 Black - Maroc Prix","og_description":"Liner Perfect Slim 01 Black de L\u2019Or\u00e9al Paris offre un trait pr\u00e9cis, longue tenue et une couleur noire intense pour un regard parfaitement d\u00e9fini.","og_url":"https:\/\/vitablanca.ma\/en\/product\/loreal-paris-liner-perfect-slim-01-black\/","og_site_name":"Vitablanca.ma &ndash; Sant&eacute;, vitalit&eacute; et bien-&ecirc;tre pour tous les Marocains","article_publisher":"https:\/\/www.facebook.com\/profile.php?id=61576678196717","article_modified_time":"2026-03-19T12:55:10+00:00","og_image":[{"width":800,"height":800,"url":"https:\/\/vitablanca.ma\/wp-content\/uploads\/2026\/01\/3600523959877.jpg","type":"image\/jpeg"}],"twitter_card":"summary_large_image","twitter_misc":{"Est. reading time":"2 minutes"},"schema":{"@context":"https:\/\/schema.org","@graph":[{"@type":["WebPage","ItemPage"],"@id":"https:\/\/vitablanca.ma\/produit\/loreal-paris-liner-perfect-slim-01-black\/","url":"https:\/\/vitablanca.ma\/produit\/loreal-paris-liner-perfect-slim-01-black\/","name":"L\u2019Or\u00e9al Paris Liner Perfect Slim \u2013 01 Black - Maroc Prix","isPartOf":{"@id":"https:\/\/vitablanca.ma\/#website"},"primaryImageOfPage":{"@id":"https:\/\/vitablanca.ma\/produit\/loreal-paris-liner-perfect-slim-01-black\/#primaryimage"},"image":{"@id":"https:\/\/vitablanca.ma\/produit\/loreal-paris-liner-perfect-slim-01-black\/#primaryimage"},"thumbnailUrl":"https:\/\/vitablanca.ma\/wp-content\/uploads\/2026\/01\/3600523959877.jpg","datePublished":"2026-01-15T20:03:49+00:00","dateModified":"2026-03-19T12:55:10+00:00","description":"Liner Perfect Slim 01 Black de L\u2019Or\u00e9al Paris offre un trait pr\u00e9cis, longue tenue et une couleur noire intense pour un regard parfaitement d\u00e9fini.","breadcrumb":{"@id":"https:\/\/vitablanca.ma\/produit\/loreal-paris-liner-perfect-slim-01-black\/#breadcrumb"},"inLanguage":"en-US","potentialAction":[{"@type":"ReadAction","target":["https:\/\/vitablanca.ma\/produit\/loreal-paris-liner-perfect-slim-01-black\/"]}]},{"@type":"ImageObject","inLanguage":"en-US","@id":"https:\/\/vitablanca.ma\/produit\/loreal-paris-liner-perfect-slim-01-black\/#primaryimage","url":"https:\/\/vitablanca.ma\/wp-content\/uploads\/2026\/01\/3600523959877.jpg","contentUrl":"https:\/\/vitablanca.ma\/wp-content\/uploads\/2026\/01\/3600523959877.jpg","width":800,"height":800},{"@type":"BreadcrumbList","@id":"https:\/\/vitablanca.ma\/produit\/loreal-paris-liner-perfect-slim-01-black\/#breadcrumb","itemListElement":[{"@type":"ListItem","position":1,"name":"Home","item":"https:\/\/vitablanca.ma\/"},{"@type":"ListItem","position":2,"name":"Tous Les Produits","item":"https:\/\/vitablanca.ma\/tous-les-produits\/"},{"@type":"ListItem","position":3,"name":"L&#8217;or\u00e9al paris -liner perfect slim 01 Black"}]},{"@type":"WebSite","@id":"https:\/\/vitablanca.ma\/#website","url":"https:\/\/vitablanca.ma\/","name":"VitaBlanca.ma | Food supplements, health &amp; beauty in Morocco","description":"sell premium vitamins and supplements from USA &amp; Canada, New Zealand, Morocco (NOW Foods, Solgar, Manuka). Fast delivery anywhere in Morocco.","publisher":{"@id":"https:\/\/vitablanca.ma\/#organization"},"alternateName":"VitaBlanca.ma","potentialAction":[{"@type":"SearchAction","target":{"@type":"EntryPoint","urlTemplate":"https:\/\/vitablanca.ma\/?s={search_term_string}"},"query-input":{"@type":"PropertyValueSpecification","valueRequired":true,"valueName":"search_term_string"}}],"inLanguage":"en-US"},{"@type":"Organization","@id":"https:\/\/vitablanca.ma\/#organization","name":"VitaBlanca","url":"https:\/\/vitablanca.ma\/","logo":{"@type":"ImageObject","inLanguage":"en-US","@id":"https:\/\/vitablanca.ma\/#\/schema\/logo\/image\/","url":"https:\/\/vitablanca.ma\/wp-content\/uploads\/2025\/05\/cropped-vitablanca.png","contentUrl":"https:\/\/vitablanca.ma\/wp-content\/uploads\/2025\/05\/cropped-vitablanca.png","width":360,"height":67,"caption":"VitaBlanca"},"image":{"@id":"https:\/\/vitablanca.ma\/#\/schema\/logo\/image\/"},"sameAs":["https:\/\/www.facebook.com\/profile.php?id=61576678196717","https:\/\/www.tiktok.com\/@vitablanca.ma","https:\/\/www.instagram.com\/vitablanca.ma\/"]}]}},"jetpack_sharing_enabled":true,"_links":{"self":[{"href":"https:\/\/vitablanca.ma\/en\/wp-json\/wp\/v2\/product\/28132","targetHints":{"allow":["GET"]}}],"collection":[{"href":"https:\/\/vitablanca.ma\/en\/wp-json\/wp\/v2\/product"}],"about":[{"href":"https:\/\/vitablanca.ma\/en\/wp-json\/wp\/v2\/types\/product"}],"wp:featuredmedia":[{"embeddable":true,"href":"https:\/\/vitablanca.ma\/en\/wp-json\/wp\/v2\/media\/28183"}],"wp:attachment":[{"href":"https:\/\/vitablanca.ma\/en\/wp-json\/wp\/v2\/media?parent=28132"}],"wp:term":[{"taxonomy":"product_brand","embeddable":true,"href":"https:\/\/vitablanca.ma\/en\/wp-json\/wp\/v2\/product_brand?post=28132"},{"taxonomy":"product_cat","embeddable":true,"href":"https:\/\/vitablanca.ma\/en\/wp-json\/wp\/v2\/product_cat?post=28132"},{"taxonomy":"product_tag","embeddable":true,"href":"https:\/\/vitablanca.ma\/en\/wp-json\/wp\/v2\/product_tag?post=28132"}],"curies":[{"name":"wp","href":"https:\/\/api.w.org\/{rel}","templated":true}]}}