{"id":28116,"date":"2026-01-15T20:03:08","date_gmt":"2026-01-15T20:03:08","guid":{"rendered":"https:\/\/vitablanca.ma\/?post_type=product&#038;p=28116"},"modified":"2026-03-19T12:55:19","modified_gmt":"2026-03-19T12:55:19","slug":"loreal-paris-infaillible-fresh-wear","status":"publish","type":"product","link":"https:\/\/vitablanca.ma\/en\/product\/loreal-paris-infaillible-fresh-wear\/","title":{"rendered":"L&rsquo;or\u00e9al paris -infaillible fresh wear"},"content":{"rendered":"<p>D\u00e9couvrez la nouvelle formule du fond de teint liquide Infaillible Fresh Wear 32h* : Enrichie en Vitamine C elle offre un teint parfait comme fraichement maquill\u00e9 avec encore plus de tenue, plus de confort et une couleur plus lumineuse qui ne s\u2019oxyde pas.<br \/>\nUne couleur plus intense et plus r\u00e9sistante : Enrichie en Vitamine C pour r\u00e9veiller l\u2019\u00e9clat naturel de la peau. La nouvelle formule garantit une couleur \u00e9clatante pendant 32H et qui ne s\u2019oxyde pas. Une nouvelle texture ultra respirante et l\u00e9g\u00e8re qui laisse respirer la peau tout en offrant une haute couvrance et une tenue 32H.<br \/>\nUne nouvelle formule encore plus r\u00e9sistante : R\u00e9sistante \u00e0 la pollution, aux UV, \u00e0 l\u2019eau, l\u2019humidit\u00e9 et la chaleur. Adapt\u00e9e au port du masque, elle garantit un teint frais et \u00e9clatant pendant 32H et sans transfert.<br \/>\nAvec un FPS 25, non com\u00e9dog\u00e8ne et test\u00e9 sous contr\u00f4le dermatologique, il convient \u00e0 tous les types de peau.<br \/>\nDisponible en 29 teintes \u00e9clatantes et longue tenue.<\/p>\n<p>*Test\u00e9 sur 150 femmes<\/p>\n<p>Conseils d&rsquo;utilisation:<br \/>\nPr\u00e9lever la dose de fond de teint selon la couvrance souhait\u00e9e. Appliquer et \u00e9tirer la mati\u00e8re du centre du visage vers l\u2019ext\u00e9rieur \u00e0 l\u2019aide d\u2019un pinceau, blender ou de vos doigts. Pour un teint infaillible, corriger les cernes avec le correcteur 2 en 1 More than concealer. Pour matifier et ajouter une couvrance suppl\u00e9mentaire, appliquer le fond de teint en poudre infaillible Fresh Wear.<\/p>\n<p>INGREDIENTS: AQUA \/ WATER \u2022 DIMETHICONE \u2022 ISODODECANE \u2022 ALCOHOL DENAT. \u2022 ETHYLHEXYL METHOXYCINNAMATE \u2022 TRIMETHYLSILOXYSILICATE \u2022 BUTYLENE GLYCOL \u2022 TITANIUM DIOXIDE [NANO] \/ TITANIUM DIOXIDE \u2022 PEG-10 DIMETHICONE \u2022 PERLITE \u2022 SYNTHETIC FLUORPHLOGOPITE \u2022 NYLON-12 \u2022 ISOPROPYL LAUROYL SARCOSINATE \u2022 DIISOPROPYL SEBACATE \u2022 HDI\/TRIMETHYLOL HEXYLLACTONE CROSSPOLYMER \u2022 DISTEARDIMONIUM HECTORITE \u2022 BIS-PEG\/PPG-14\/14 DIMETHICONE \u2022 MAGNESIUM SULFATE \u2022 ALUMINUM HYDROXIDE \u2022 PHENOXYETHANOL \u2022 DISODIUM STEAROYL GLUTAMATE \u2022 HYDROGEN DIMETHICONE \u2022 CELLULOSE \u2022 DIPENTAERYTHRITYL TETRAHYDROXYSTEARATE\/TETRAISOSTEARATE \u2022 ASCORBYL GLUCOSIDE \u2022 SILICA SILYLATE \u2022 PARFUM \/ FRAGRANCE \u2022 CALCIUM ALUMINUM BOROSILICATE \u2022 TOCOPHEROL \u2022 SILICA \u2022 HEXYL CINNAMAL \u2022 BENZYL SALICYLATE \u2022 BHT \u2022 LINALOOL \u2022 ALPHA-ISOMETHYL IONONE \u2022 BENZYL ALCOHOL \u2022 CITRONELLOL ? [+\/- MAY CONTAIN: CI 77891 \/ TITANIUM DIOXIDE \u2022 CI 77491, CI 77492, CI 77499 \/ IRON OXIDES \u2022 CI 77163 \/ BISMUTH OXYCHLORIDE \u2022 MICA]. (F.I.L. Z285169\/1).<\/p>\n<p>Les listes d\u2019ingr\u00e9dients entrant dans la composition des produits de notre marque sont r\u00e9guli\u00e8rement mises \u00e0 jour.<br \/>\nAvant d\u2019utiliser un produit de notre marque, vous \u00eates invit\u00e9s \u00e0 lire la liste d\u2019ingr\u00e9dients figurant sur son emballage afin de vous assurer que les ingr\u00e9dients sont adapt\u00e9s \u00e0 votre utilisation personnelle.<\/p>\n","protected":false},"excerpt":{"rendered":"<p>D\u00e9couvrez la nouvelle formule du fond de teint liquide Infaillible Fresh Wear 32h* : Enrichie en Vitamine C elle offre un teint parfait comme fraichement maquill\u00e9 avec encore plus de tenue, plus de confort et une couleur plus lumineuse qui ne s\u2019oxyde pas. Une couleur plus intense et plus r\u00e9sistante : Enrichie en Vitamine C [&hellip;]<\/p>\n","protected":false},"featured_media":28159,"template":"","meta":{"om_disable_all_campaigns":false},"product_brand":[5741],"product_cat":[18],"product_tag":[6019,6015,6017,6016,6014,5853,5917,6018],"class_list":{"0":"post-28116","1":"product","2":"type-product","3":"status-publish","4":"has-post-thumbnail","6":"product_brand-loreal-paris-maroc-prix","7":"product_cat-beaute-sante","8":"product_tag-fond-de-teint-couvrance-modulable","9":"product_tag-fond-de-teint-loreal","10":"product_tag-fond-de-teint-leger","11":"product_tag-fond-de-teint-longue-tenue","12":"product_tag-infaillible-fresh-wear","13":"product_tag-loreal-paris","14":"product_tag-maquillage-teint","15":"product_tag-teint-naturel","17":"first","18":"outofstock","19":"sale","20":"taxable","21":"shipping-taxable","22":"purchasable","23":"product-type-variable"},"yoast_head":"<!-- This site is optimized with the Yoast SEO plugin v27.4 - https:\/\/yoast.com\/product\/yoast-seo-wordpress\/ -->\n<title>L\u2019Or\u00e9al Paris Infaillible Fresh Wear - Maroc Prix<\/title>\n<meta name=\"description\" content=\"L\u2019Or\u00e9al Paris Infaillible Fresh Wear est un fond de teint longue tenue au fini naturel. Couvrance modulable, texture l\u00e9g\u00e8re\" \/>\n<meta name=\"robots\" content=\"index, follow, max-snippet:-1, max-image-preview:large, max-video-preview:-1\" \/>\n<link rel=\"canonical\" href=\"https:\/\/vitablanca.ma\/en\/product\/loreal-paris-infaillible-fresh-wear\/\" \/>\n<meta property=\"og:locale\" content=\"en_US\" \/>\n<meta property=\"og:type\" content=\"article\" \/>\n<meta property=\"og:title\" content=\"L\u2019Or\u00e9al Paris Infaillible Fresh Wear - Maroc Prix\" \/>\n<meta property=\"og:description\" content=\"L\u2019Or\u00e9al Paris Infaillible Fresh Wear est un fond de teint longue tenue au fini naturel. Couvrance modulable, texture l\u00e9g\u00e8re\" \/>\n<meta property=\"og:url\" content=\"https:\/\/vitablanca.ma\/en\/product\/loreal-paris-infaillible-fresh-wear\/\" \/>\n<meta property=\"og:site_name\" content=\"Vitablanca.ma &ndash; Sant&eacute;, vitalit&eacute; et bien-&ecirc;tre pour tous les Marocains\" \/>\n<meta property=\"article:publisher\" content=\"https:\/\/www.facebook.com\/profile.php?id=61576678196717\" \/>\n<meta property=\"article:modified_time\" content=\"2026-03-19T12:55:19+00:00\" \/>\n<meta property=\"og:image\" content=\"https:\/\/vitablanca.ma\/wp-content\/uploads\/2026\/01\/InfallibleFW_20.png\" \/>\n\t<meta property=\"og:image:width\" content=\"595\" \/>\n\t<meta property=\"og:image:height\" content=\"655\" \/>\n\t<meta property=\"og:image:type\" content=\"image\/png\" \/>\n<meta name=\"twitter:card\" content=\"summary_large_image\" \/>\n<meta name=\"twitter:label1\" content=\"Est. reading time\" \/>\n\t<meta name=\"twitter:data1\" content=\"3 minutes\" \/>\n<script type=\"application\/ld+json\" class=\"yoast-schema-graph\">{\"@context\":\"https:\\\/\\\/schema.org\",\"@graph\":[{\"@type\":[\"WebPage\",\"ItemPage\"],\"@id\":\"https:\\\/\\\/vitablanca.ma\\\/produit\\\/loreal-paris-infaillible-fresh-wear\\\/\",\"url\":\"https:\\\/\\\/vitablanca.ma\\\/produit\\\/loreal-paris-infaillible-fresh-wear\\\/\",\"name\":\"L\u2019Or\u00e9al Paris Infaillible Fresh Wear - Maroc Prix\",\"isPartOf\":{\"@id\":\"https:\\\/\\\/vitablanca.ma\\\/#website\"},\"primaryImageOfPage\":{\"@id\":\"https:\\\/\\\/vitablanca.ma\\\/produit\\\/loreal-paris-infaillible-fresh-wear\\\/#primaryimage\"},\"image\":{\"@id\":\"https:\\\/\\\/vitablanca.ma\\\/produit\\\/loreal-paris-infaillible-fresh-wear\\\/#primaryimage\"},\"thumbnailUrl\":\"https:\\\/\\\/vitablanca.ma\\\/wp-content\\\/uploads\\\/2026\\\/01\\\/InfallibleFW_20.png\",\"datePublished\":\"2026-01-15T20:03:08+00:00\",\"dateModified\":\"2026-03-19T12:55:19+00:00\",\"description\":\"L\u2019Or\u00e9al Paris Infaillible Fresh Wear est un fond de teint longue tenue au fini naturel. Couvrance modulable, texture l\u00e9g\u00e8re\",\"breadcrumb\":{\"@id\":\"https:\\\/\\\/vitablanca.ma\\\/produit\\\/loreal-paris-infaillible-fresh-wear\\\/#breadcrumb\"},\"inLanguage\":\"en-US\",\"potentialAction\":[{\"@type\":\"ReadAction\",\"target\":[\"https:\\\/\\\/vitablanca.ma\\\/produit\\\/loreal-paris-infaillible-fresh-wear\\\/\"]}]},{\"@type\":\"ImageObject\",\"inLanguage\":\"en-US\",\"@id\":\"https:\\\/\\\/vitablanca.ma\\\/produit\\\/loreal-paris-infaillible-fresh-wear\\\/#primaryimage\",\"url\":\"https:\\\/\\\/vitablanca.ma\\\/wp-content\\\/uploads\\\/2026\\\/01\\\/InfallibleFW_20.png\",\"contentUrl\":\"https:\\\/\\\/vitablanca.ma\\\/wp-content\\\/uploads\\\/2026\\\/01\\\/InfallibleFW_20.png\",\"width\":595,\"height\":655},{\"@type\":\"BreadcrumbList\",\"@id\":\"https:\\\/\\\/vitablanca.ma\\\/produit\\\/loreal-paris-infaillible-fresh-wear\\\/#breadcrumb\",\"itemListElement\":[{\"@type\":\"ListItem\",\"position\":1,\"name\":\"Home\",\"item\":\"https:\\\/\\\/vitablanca.ma\\\/\"},{\"@type\":\"ListItem\",\"position\":2,\"name\":\"Tous Les Produits\",\"item\":\"https:\\\/\\\/vitablanca.ma\\\/tous-les-produits\\\/\"},{\"@type\":\"ListItem\",\"position\":3,\"name\":\"L&#8217;or\u00e9al paris -infaillible fresh wear\"}]},{\"@type\":\"WebSite\",\"@id\":\"https:\\\/\\\/vitablanca.ma\\\/#website\",\"url\":\"https:\\\/\\\/vitablanca.ma\\\/\",\"name\":\"VitaBlanca.ma | Compl\u00e9ments alimentaires, sant\u00e9 & beaut\u00e9 au Maroc\",\"description\":\"vendre vitamines et compl\u00e9ments premium des USA &amp; Canada, Nouvelle Z\u00e9lande,Maroc (NOW Foods, Solgar, Manuka). Livraison rapide partout au Maroc.\",\"publisher\":{\"@id\":\"https:\\\/\\\/vitablanca.ma\\\/#organization\"},\"alternateName\":\"VitaBlanca.ma\",\"potentialAction\":[{\"@type\":\"SearchAction\",\"target\":{\"@type\":\"EntryPoint\",\"urlTemplate\":\"https:\\\/\\\/vitablanca.ma\\\/?s={search_term_string}\"},\"query-input\":{\"@type\":\"PropertyValueSpecification\",\"valueRequired\":true,\"valueName\":\"search_term_string\"}}],\"inLanguage\":\"en-US\"},{\"@type\":\"Organization\",\"@id\":\"https:\\\/\\\/vitablanca.ma\\\/#organization\",\"name\":\"VitaBlanca\",\"url\":\"https:\\\/\\\/vitablanca.ma\\\/\",\"logo\":{\"@type\":\"ImageObject\",\"inLanguage\":\"en-US\",\"@id\":\"https:\\\/\\\/vitablanca.ma\\\/#\\\/schema\\\/logo\\\/image\\\/\",\"url\":\"https:\\\/\\\/vitablanca.ma\\\/wp-content\\\/uploads\\\/2025\\\/05\\\/cropped-vitablanca.png\",\"contentUrl\":\"https:\\\/\\\/vitablanca.ma\\\/wp-content\\\/uploads\\\/2025\\\/05\\\/cropped-vitablanca.png\",\"width\":360,\"height\":67,\"caption\":\"VitaBlanca\"},\"image\":{\"@id\":\"https:\\\/\\\/vitablanca.ma\\\/#\\\/schema\\\/logo\\\/image\\\/\"},\"sameAs\":[\"https:\\\/\\\/www.facebook.com\\\/profile.php?id=61576678196717\",\"https:\\\/\\\/www.tiktok.com\\\/@vitablanca.ma\",\"https:\\\/\\\/www.instagram.com\\\/vitablanca.ma\\\/\"]}]}<\/script>\n<!-- \/ Yoast SEO plugin. -->","yoast_head_json":{"title":"L\u2019Or\u00e9al Paris Infaillible Fresh Wear - Maroc Prix","description":"L\u2019Or\u00e9al Paris Infaillible Fresh Wear est un fond de teint longue tenue au fini naturel. Couvrance modulable, texture l\u00e9g\u00e8re","robots":{"index":"index","follow":"follow","max-snippet":"max-snippet:-1","max-image-preview":"max-image-preview:large","max-video-preview":"max-video-preview:-1"},"canonical":"https:\/\/vitablanca.ma\/en\/product\/loreal-paris-infaillible-fresh-wear\/","og_locale":"en_US","og_type":"article","og_title":"L\u2019Or\u00e9al Paris Infaillible Fresh Wear - Maroc Prix","og_description":"L\u2019Or\u00e9al Paris Infaillible Fresh Wear est un fond de teint longue tenue au fini naturel. Couvrance modulable, texture l\u00e9g\u00e8re","og_url":"https:\/\/vitablanca.ma\/en\/product\/loreal-paris-infaillible-fresh-wear\/","og_site_name":"Vitablanca.ma &ndash; Sant&eacute;, vitalit&eacute; et bien-&ecirc;tre pour tous les Marocains","article_publisher":"https:\/\/www.facebook.com\/profile.php?id=61576678196717","article_modified_time":"2026-03-19T12:55:19+00:00","og_image":[{"width":595,"height":655,"url":"https:\/\/vitablanca.ma\/wp-content\/uploads\/2026\/01\/InfallibleFW_20.png","type":"image\/png"}],"twitter_card":"summary_large_image","twitter_misc":{"Est. reading time":"3 minutes"},"schema":{"@context":"https:\/\/schema.org","@graph":[{"@type":["WebPage","ItemPage"],"@id":"https:\/\/vitablanca.ma\/produit\/loreal-paris-infaillible-fresh-wear\/","url":"https:\/\/vitablanca.ma\/produit\/loreal-paris-infaillible-fresh-wear\/","name":"L\u2019Or\u00e9al Paris Infaillible Fresh Wear - Maroc Prix","isPartOf":{"@id":"https:\/\/vitablanca.ma\/#website"},"primaryImageOfPage":{"@id":"https:\/\/vitablanca.ma\/produit\/loreal-paris-infaillible-fresh-wear\/#primaryimage"},"image":{"@id":"https:\/\/vitablanca.ma\/produit\/loreal-paris-infaillible-fresh-wear\/#primaryimage"},"thumbnailUrl":"https:\/\/vitablanca.ma\/wp-content\/uploads\/2026\/01\/InfallibleFW_20.png","datePublished":"2026-01-15T20:03:08+00:00","dateModified":"2026-03-19T12:55:19+00:00","description":"L\u2019Or\u00e9al Paris Infaillible Fresh Wear est un fond de teint longue tenue au fini naturel. Couvrance modulable, texture l\u00e9g\u00e8re","breadcrumb":{"@id":"https:\/\/vitablanca.ma\/produit\/loreal-paris-infaillible-fresh-wear\/#breadcrumb"},"inLanguage":"en-US","potentialAction":[{"@type":"ReadAction","target":["https:\/\/vitablanca.ma\/produit\/loreal-paris-infaillible-fresh-wear\/"]}]},{"@type":"ImageObject","inLanguage":"en-US","@id":"https:\/\/vitablanca.ma\/produit\/loreal-paris-infaillible-fresh-wear\/#primaryimage","url":"https:\/\/vitablanca.ma\/wp-content\/uploads\/2026\/01\/InfallibleFW_20.png","contentUrl":"https:\/\/vitablanca.ma\/wp-content\/uploads\/2026\/01\/InfallibleFW_20.png","width":595,"height":655},{"@type":"BreadcrumbList","@id":"https:\/\/vitablanca.ma\/produit\/loreal-paris-infaillible-fresh-wear\/#breadcrumb","itemListElement":[{"@type":"ListItem","position":1,"name":"Home","item":"https:\/\/vitablanca.ma\/"},{"@type":"ListItem","position":2,"name":"Tous Les Produits","item":"https:\/\/vitablanca.ma\/tous-les-produits\/"},{"@type":"ListItem","position":3,"name":"L&#8217;or\u00e9al paris -infaillible fresh wear"}]},{"@type":"WebSite","@id":"https:\/\/vitablanca.ma\/#website","url":"https:\/\/vitablanca.ma\/","name":"VitaBlanca.ma | Food supplements, health &amp; beauty in Morocco","description":"sell premium vitamins and supplements from USA &amp; Canada, New Zealand, Morocco (NOW Foods, Solgar, Manuka). Fast delivery anywhere in Morocco.","publisher":{"@id":"https:\/\/vitablanca.ma\/#organization"},"alternateName":"VitaBlanca.ma","potentialAction":[{"@type":"SearchAction","target":{"@type":"EntryPoint","urlTemplate":"https:\/\/vitablanca.ma\/?s={search_term_string}"},"query-input":{"@type":"PropertyValueSpecification","valueRequired":true,"valueName":"search_term_string"}}],"inLanguage":"en-US"},{"@type":"Organization","@id":"https:\/\/vitablanca.ma\/#organization","name":"VitaBlanca","url":"https:\/\/vitablanca.ma\/","logo":{"@type":"ImageObject","inLanguage":"en-US","@id":"https:\/\/vitablanca.ma\/#\/schema\/logo\/image\/","url":"https:\/\/vitablanca.ma\/wp-content\/uploads\/2025\/05\/cropped-vitablanca.png","contentUrl":"https:\/\/vitablanca.ma\/wp-content\/uploads\/2025\/05\/cropped-vitablanca.png","width":360,"height":67,"caption":"VitaBlanca"},"image":{"@id":"https:\/\/vitablanca.ma\/#\/schema\/logo\/image\/"},"sameAs":["https:\/\/www.facebook.com\/profile.php?id=61576678196717","https:\/\/www.tiktok.com\/@vitablanca.ma","https:\/\/www.instagram.com\/vitablanca.ma\/"]}]}},"jetpack_sharing_enabled":true,"_links":{"self":[{"href":"https:\/\/vitablanca.ma\/en\/wp-json\/wp\/v2\/product\/28116","targetHints":{"allow":["GET"]}}],"collection":[{"href":"https:\/\/vitablanca.ma\/en\/wp-json\/wp\/v2\/product"}],"about":[{"href":"https:\/\/vitablanca.ma\/en\/wp-json\/wp\/v2\/types\/product"}],"wp:featuredmedia":[{"embeddable":true,"href":"https:\/\/vitablanca.ma\/en\/wp-json\/wp\/v2\/media\/28159"}],"wp:attachment":[{"href":"https:\/\/vitablanca.ma\/en\/wp-json\/wp\/v2\/media?parent=28116"}],"wp:term":[{"taxonomy":"product_brand","embeddable":true,"href":"https:\/\/vitablanca.ma\/en\/wp-json\/wp\/v2\/product_brand?post=28116"},{"taxonomy":"product_cat","embeddable":true,"href":"https:\/\/vitablanca.ma\/en\/wp-json\/wp\/v2\/product_cat?post=28116"},{"taxonomy":"product_tag","embeddable":true,"href":"https:\/\/vitablanca.ma\/en\/wp-json\/wp\/v2\/product_tag?post=28116"}],"curies":[{"name":"wp","href":"https:\/\/api.w.org\/{rel}","templated":true}]}}