{"id":27972,"date":"2026-01-15T19:58:29","date_gmt":"2026-01-15T19:58:29","guid":{"rendered":"https:\/\/vitablanca.ma\/?post_type=product&#038;p=27972"},"modified":"2026-03-19T12:55:19","modified_gmt":"2026-03-19T12:55:19","slug":"loreal-paris-gloss-brilliant-signature-plump","status":"publish","type":"product","link":"https:\/\/vitablanca.ma\/en\/product\/loreal-paris-gloss-brilliant-signature-plump\/","title":{"rendered":"L&rsquo;or\u00e9al paris -gloss brilliant signature plump"},"content":{"rendered":"<p>Signez vos l\u00e8vres d&rsquo;une brillance intense avec le nouveau Plump-in-Gloss de L&rsquo;Or\u00e9al Paris, le nouveau gloss effet repulpant et hydratant imm\u00e9diat de L\u2019Or\u00e9al Paris, enrichi en acide hyaluronique. L\u2019applicateur calligraphique dessine parfaitement le contour de vos l\u00e8vres en un seul passage. Sa formule enrichie en acide hyaluronique ne colle pas et procure une sensation de confort toute la journ\u00e9e. Disponible en 8 teintes nudes lumineuses.<\/p>\n<p>D\u00e9couvrez Plump-in-gloss, le gloss effet repulpant et hydratant : Une brillance intense \u2013 un effet repulpant et hydratant d\u00e8s l\u2019application gr\u00e2ce \u00e0 sa formule enrichie en acide hyaluronique, qui ne colle pas et procure une sensation de confort toute la journ\u00e9e \u2013 un applicateur calligraphique, extr\u00eamement pr\u00e9cis et flexible, qui dessine parfaitement le contour des l\u00e8vres en un seul passage<\/p>\n<p>Brillance intense &#8211; Effet repulpant et hydratant instantan\u00e9<\/p>\n<p>Application tips:<br \/>\nCommencez par suivre le contour de vos l\u00e8vres gr\u00e2ce \u00e0 la pointe calligraphique extr\u00eamement pr\u00e9cise pour dessiner votre bouche. Puis appliquez la texture g\u00e9n\u00e9reusement au centre des l\u00e8vres.<\/p>\n<p>INGREDIENTS: C18-36 ACID TRIGLYCERIDE \u2022 POLYBUTENE \u2022 BIS-DIGLYCERYL POLYACYLADIPATE-2 \u2022 PENTAERYTHRITYL TETRAISOSTEARATE \u2022 TRIDECYL TRIMELLITATE \u2022 DIISOSTEARYL MALATE \u2022 SILICA DIMETHYL SILYLATE NANO \/ SILICA DIMETHYL SILYLATE \u2022 MENTHONE GLYCERIN ACETAL \u2022 PENTYLENE GLYCOL \u2022 CAPRYLYL GLYCOL \u2022 ETHYL MENTHANE CARBOXAMIDE \u2022 PENTAERYTHRITYL TETRA-DI-T-BUTYL HYDROXYHYDROCINNAMATE \u2022 CALCIUM ALUMINUM BOROSILICATE \u2022 ETHYLHEXYL PALMITATE \u2022 CALCIUM SODIUM BOROSILICATE \u2022 TOCOPHERYL ACETATE \u2022 ALUMINA \u2022 MENTHA PIPERITA OIL \/ PEPPERMINT OIL \u2022 SILICA \u2022 SYNTHETIC FLUORPHLOGOPITE \u2022 SODIUM SACCHARIN \u2022 TRIBEHENIN \u2022 BARIUM SULFATE \u2022 MAGNESIUM SILICATE \u2022 TIN OXIDE \u2022 SORBITAN ISOSTEARATE \u2022 BENZYL ALCOHOL \u2022 COLOPHONIUM \/ ROSIN \u2022 ALUMINUM HYDROXIDE \u2022 TRIHYDROXYSTEARIN \u2022 LIMONENE \u2022 LACTIC ACID \u2022 SODIUM HYALURONATE \u2022 PALMITOYL TRIPEPTIDE-1 \u2022 GLUCOMANNAN \u2022 PARFUM \/ FRAGRANCE ? +\/- MAY CONTAIN: CI 77891 \/ TITANIUM DIOXIDE \u2022 CI 77491, CI 77492, CI 77499 \/ IRON OXIDES \u2022 CI 15850 \/ RED 7 \u2022 CI 45410 \/ RED 28 LAKE \u2022 CI 15850 \/ RED 6 \u2022 CI 17200 \/ RED 33 LAKE \u2022 CI 45380 \/ RED 22 LAKE \u2022 CI 77742 \/ MANGANESE VIOLET \u2022 CI 15985 \/ YELLOW 6 LAKE \u2022 MICA \u2022 CI 15850 \/ RED 7 LAKE \u2022 CI 42090 \/ BLUE 1 LAKE \u2022 CI 19140 \/ YELLOW 5 LAKE \u2022 CI 75470 \/ CARMINE. (F.I.L. B268962\/1).<\/p>\n<p>Les listes d\u2019ingr\u00e9dients entrant dans la composition des produits de notre marque sont r\u00e9guli\u00e8rement mises \u00e0 jour.<br \/>\nAvant d\u2019utiliser un produit de notre marque, vous \u00eates invit\u00e9s \u00e0 lire la liste d\u2019ingr\u00e9dients figurant sur son emballage afin de vous assurer que les ingr\u00e9dients sont adapt\u00e9s \u00e0 votre utilisation personnelle.<\/p>","protected":false},"excerpt":{"rendered":"<p>Signez vos l\u00e8vres d&rsquo;une brillance intense avec le nouveau Plump-in-Gloss de L&rsquo;Or\u00e9al Paris, le nouveau gloss effet repulpant et hydratant imm\u00e9diat de L\u2019Or\u00e9al Paris, enrichi en acide hyaluronique. L\u2019applicateur calligraphique dessine parfaitement le contour de vos l\u00e8vres en un seul passage. Sa formule enrichie en acide hyaluronique ne colle pas et procure une sensation de [&hellip;]<\/p>\n","protected":false},"featured_media":28101,"template":"","meta":{"om_disable_all_campaigns":false},"product_brand":[5741],"product_cat":[18],"product_tag":[6027,6032,6030,6028,5912,6029,5853,6031,5911],"class_list":{"0":"post-27972","1":"product","2":"type-product","3":"status-publish","4":"has-post-thumbnail","6":"product_brand-loreal-paris-maroc-prix","7":"product_cat-beaute-sante","8":"product_tag-brilliant-signature-plump","9":"product_tag-effet-volume","10":"product_tag-gloss-brillant","11":"product_tag-gloss-loreal","12":"product_tag-gloss-non-collant","13":"product_tag-gloss-repulpant","14":"product_tag-loreal-paris","15":"product_tag-levres-pulpeuses","16":"product_tag-maquillage-levres","18":"first","19":"outofstock","20":"sale","21":"taxable","22":"shipping-taxable","23":"purchasable","24":"product-type-variable"},"yoast_head":"<!-- This site is optimized with the Yoast SEO plugin v27.3 - https:\/\/yoast.com\/product\/yoast-seo-wordpress\/ -->\n<title>L\u2019Or\u00e9al Paris Brilliant Signature Plump - Maroc Prix<\/title>\n<meta name=\"description\" content=\"L\u2019Or\u00e9al Paris Brilliant Signature Plump est un gloss repulpant \u00e0 brillance intense. Effet volume imm\u00e9diat\" \/>\n<meta name=\"robots\" content=\"index, follow, max-snippet:-1, max-image-preview:large, max-video-preview:-1\" \/>\n<link rel=\"canonical\" href=\"https:\/\/vitablanca.ma\/en\/product\/loreal-paris-gloss-brilliant-signature-plump\/\" \/>\n<meta property=\"og:locale\" content=\"en_US\" \/>\n<meta property=\"og:type\" content=\"article\" \/>\n<meta property=\"og:title\" content=\"L\u2019Or\u00e9al Paris Brilliant Signature Plump - Maroc Prix\" \/>\n<meta property=\"og:description\" content=\"L\u2019Or\u00e9al Paris Brilliant Signature Plump est un gloss repulpant \u00e0 brillance intense. Effet volume imm\u00e9diat\" \/>\n<meta property=\"og:url\" content=\"https:\/\/vitablanca.ma\/en\/product\/loreal-paris-gloss-brilliant-signature-plump\/\" \/>\n<meta property=\"og:site_name\" content=\"Vitablanca.ma &ndash; Sant&eacute;, vitalit&eacute; et bien-&ecirc;tre pour tous les Marocains\" \/>\n<meta property=\"article:publisher\" content=\"https:\/\/www.facebook.com\/profile.php?id=61576678196717\" \/>\n<meta property=\"article:modified_time\" content=\"2026-03-19T12:55:19+00:00\" \/>\n<meta property=\"og:image\" content=\"https:\/\/vitablanca.ma\/wp-content\/uploads\/2026\/01\/1_8_c86d39a5-038a-4540-9328-c369077bef10.png\" \/>\n\t<meta property=\"og:image:width\" content=\"595\" \/>\n\t<meta property=\"og:image:height\" content=\"655\" \/>\n\t<meta property=\"og:image:type\" content=\"image\/png\" \/>\n<meta name=\"twitter:card\" content=\"summary_large_image\" \/>\n<meta name=\"twitter:label1\" content=\"Est. reading time\" \/>\n\t<meta name=\"twitter:data1\" content=\"3 minutes\" \/>\n<script type=\"application\/ld+json\" class=\"yoast-schema-graph\">{\"@context\":\"https:\\\/\\\/schema.org\",\"@graph\":[{\"@type\":[\"WebPage\",\"ItemPage\"],\"@id\":\"https:\\\/\\\/vitablanca.ma\\\/produit\\\/loreal-paris-gloss-brilliant-signature-plump\\\/\",\"url\":\"https:\\\/\\\/vitablanca.ma\\\/produit\\\/loreal-paris-gloss-brilliant-signature-plump\\\/\",\"name\":\"L\u2019Or\u00e9al Paris Brilliant Signature Plump - Maroc Prix\",\"isPartOf\":{\"@id\":\"https:\\\/\\\/vitablanca.ma\\\/#website\"},\"primaryImageOfPage\":{\"@id\":\"https:\\\/\\\/vitablanca.ma\\\/produit\\\/loreal-paris-gloss-brilliant-signature-plump\\\/#primaryimage\"},\"image\":{\"@id\":\"https:\\\/\\\/vitablanca.ma\\\/produit\\\/loreal-paris-gloss-brilliant-signature-plump\\\/#primaryimage\"},\"thumbnailUrl\":\"https:\\\/\\\/vitablanca.ma\\\/wp-content\\\/uploads\\\/2026\\\/01\\\/1_8_c86d39a5-038a-4540-9328-c369077bef10.png\",\"datePublished\":\"2026-01-15T19:58:29+00:00\",\"dateModified\":\"2026-03-19T12:55:19+00:00\",\"description\":\"L\u2019Or\u00e9al Paris Brilliant Signature Plump est un gloss repulpant \u00e0 brillance intense. Effet volume imm\u00e9diat\",\"breadcrumb\":{\"@id\":\"https:\\\/\\\/vitablanca.ma\\\/produit\\\/loreal-paris-gloss-brilliant-signature-plump\\\/#breadcrumb\"},\"inLanguage\":\"en-US\",\"potentialAction\":[{\"@type\":\"ReadAction\",\"target\":[\"https:\\\/\\\/vitablanca.ma\\\/produit\\\/loreal-paris-gloss-brilliant-signature-plump\\\/\"]}]},{\"@type\":\"ImageObject\",\"inLanguage\":\"en-US\",\"@id\":\"https:\\\/\\\/vitablanca.ma\\\/produit\\\/loreal-paris-gloss-brilliant-signature-plump\\\/#primaryimage\",\"url\":\"https:\\\/\\\/vitablanca.ma\\\/wp-content\\\/uploads\\\/2026\\\/01\\\/1_8_c86d39a5-038a-4540-9328-c369077bef10.png\",\"contentUrl\":\"https:\\\/\\\/vitablanca.ma\\\/wp-content\\\/uploads\\\/2026\\\/01\\\/1_8_c86d39a5-038a-4540-9328-c369077bef10.png\",\"width\":595,\"height\":655},{\"@type\":\"BreadcrumbList\",\"@id\":\"https:\\\/\\\/vitablanca.ma\\\/produit\\\/loreal-paris-gloss-brilliant-signature-plump\\\/#breadcrumb\",\"itemListElement\":[{\"@type\":\"ListItem\",\"position\":1,\"name\":\"Home\",\"item\":\"https:\\\/\\\/vitablanca.ma\\\/\"},{\"@type\":\"ListItem\",\"position\":2,\"name\":\"Tous Les Produits\",\"item\":\"https:\\\/\\\/vitablanca.ma\\\/tous-les-produits\\\/\"},{\"@type\":\"ListItem\",\"position\":3,\"name\":\"L&#8217;or\u00e9al paris -gloss brilliant signature plump\"}]},{\"@type\":\"WebSite\",\"@id\":\"https:\\\/\\\/vitablanca.ma\\\/#website\",\"url\":\"https:\\\/\\\/vitablanca.ma\\\/\",\"name\":\"VitaBlanca.ma | Compl\u00e9ments alimentaires, sant\u00e9 & beaut\u00e9 au Maroc\",\"description\":\"vendre vitamines et compl\u00e9ments premium des USA &amp; Canada, Nouvelle Z\u00e9lande,Maroc (NOW Foods, Solgar, Manuka). Livraison rapide partout au Maroc.\",\"publisher\":{\"@id\":\"https:\\\/\\\/vitablanca.ma\\\/#organization\"},\"alternateName\":\"VitaBlanca.ma\",\"potentialAction\":[{\"@type\":\"SearchAction\",\"target\":{\"@type\":\"EntryPoint\",\"urlTemplate\":\"https:\\\/\\\/vitablanca.ma\\\/?s={search_term_string}\"},\"query-input\":{\"@type\":\"PropertyValueSpecification\",\"valueRequired\":true,\"valueName\":\"search_term_string\"}}],\"inLanguage\":\"en-US\"},{\"@type\":\"Organization\",\"@id\":\"https:\\\/\\\/vitablanca.ma\\\/#organization\",\"name\":\"VitaBlanca\",\"url\":\"https:\\\/\\\/vitablanca.ma\\\/\",\"logo\":{\"@type\":\"ImageObject\",\"inLanguage\":\"en-US\",\"@id\":\"https:\\\/\\\/vitablanca.ma\\\/#\\\/schema\\\/logo\\\/image\\\/\",\"url\":\"https:\\\/\\\/vitablanca.ma\\\/wp-content\\\/uploads\\\/2025\\\/05\\\/cropped-vitablanca.png\",\"contentUrl\":\"https:\\\/\\\/vitablanca.ma\\\/wp-content\\\/uploads\\\/2025\\\/05\\\/cropped-vitablanca.png\",\"width\":360,\"height\":67,\"caption\":\"VitaBlanca\"},\"image\":{\"@id\":\"https:\\\/\\\/vitablanca.ma\\\/#\\\/schema\\\/logo\\\/image\\\/\"},\"sameAs\":[\"https:\\\/\\\/www.facebook.com\\\/profile.php?id=61576678196717\",\"https:\\\/\\\/www.tiktok.com\\\/@vitablanca.ma\",\"https:\\\/\\\/www.instagram.com\\\/vitablanca.ma\\\/\"]}]}<\/script>\n<!-- \/ Yoast SEO plugin. -->","yoast_head_json":{"title":"L\u2019Or\u00e9al Paris Brilliant Signature Plump - Maroc Prix","description":"L\u2019Or\u00e9al Paris Brilliant Signature Plump est un gloss repulpant \u00e0 brillance intense. Effet volume imm\u00e9diat","robots":{"index":"index","follow":"follow","max-snippet":"max-snippet:-1","max-image-preview":"max-image-preview:large","max-video-preview":"max-video-preview:-1"},"canonical":"https:\/\/vitablanca.ma\/en\/product\/loreal-paris-gloss-brilliant-signature-plump\/","og_locale":"en_US","og_type":"article","og_title":"L\u2019Or\u00e9al Paris Brilliant Signature Plump - Maroc Prix","og_description":"L\u2019Or\u00e9al Paris Brilliant Signature Plump est un gloss repulpant \u00e0 brillance intense. Effet volume imm\u00e9diat","og_url":"https:\/\/vitablanca.ma\/en\/product\/loreal-paris-gloss-brilliant-signature-plump\/","og_site_name":"Vitablanca.ma &ndash; Sant&eacute;, vitalit&eacute; et bien-&ecirc;tre pour tous les Marocains","article_publisher":"https:\/\/www.facebook.com\/profile.php?id=61576678196717","article_modified_time":"2026-03-19T12:55:19+00:00","og_image":[{"width":595,"height":655,"url":"https:\/\/vitablanca.ma\/wp-content\/uploads\/2026\/01\/1_8_c86d39a5-038a-4540-9328-c369077bef10.png","type":"image\/png"}],"twitter_card":"summary_large_image","twitter_misc":{"Est. reading time":"3 minutes"},"schema":{"@context":"https:\/\/schema.org","@graph":[{"@type":["WebPage","ItemPage"],"@id":"https:\/\/vitablanca.ma\/produit\/loreal-paris-gloss-brilliant-signature-plump\/","url":"https:\/\/vitablanca.ma\/produit\/loreal-paris-gloss-brilliant-signature-plump\/","name":"L\u2019Or\u00e9al Paris Brilliant Signature Plump - Maroc Prix","isPartOf":{"@id":"https:\/\/vitablanca.ma\/#website"},"primaryImageOfPage":{"@id":"https:\/\/vitablanca.ma\/produit\/loreal-paris-gloss-brilliant-signature-plump\/#primaryimage"},"image":{"@id":"https:\/\/vitablanca.ma\/produit\/loreal-paris-gloss-brilliant-signature-plump\/#primaryimage"},"thumbnailUrl":"https:\/\/vitablanca.ma\/wp-content\/uploads\/2026\/01\/1_8_c86d39a5-038a-4540-9328-c369077bef10.png","datePublished":"2026-01-15T19:58:29+00:00","dateModified":"2026-03-19T12:55:19+00:00","description":"L\u2019Or\u00e9al Paris Brilliant Signature Plump est un gloss repulpant \u00e0 brillance intense. Effet volume imm\u00e9diat","breadcrumb":{"@id":"https:\/\/vitablanca.ma\/produit\/loreal-paris-gloss-brilliant-signature-plump\/#breadcrumb"},"inLanguage":"en-US","potentialAction":[{"@type":"ReadAction","target":["https:\/\/vitablanca.ma\/produit\/loreal-paris-gloss-brilliant-signature-plump\/"]}]},{"@type":"ImageObject","inLanguage":"en-US","@id":"https:\/\/vitablanca.ma\/produit\/loreal-paris-gloss-brilliant-signature-plump\/#primaryimage","url":"https:\/\/vitablanca.ma\/wp-content\/uploads\/2026\/01\/1_8_c86d39a5-038a-4540-9328-c369077bef10.png","contentUrl":"https:\/\/vitablanca.ma\/wp-content\/uploads\/2026\/01\/1_8_c86d39a5-038a-4540-9328-c369077bef10.png","width":595,"height":655},{"@type":"BreadcrumbList","@id":"https:\/\/vitablanca.ma\/produit\/loreal-paris-gloss-brilliant-signature-plump\/#breadcrumb","itemListElement":[{"@type":"ListItem","position":1,"name":"Home","item":"https:\/\/vitablanca.ma\/"},{"@type":"ListItem","position":2,"name":"Tous Les Produits","item":"https:\/\/vitablanca.ma\/tous-les-produits\/"},{"@type":"ListItem","position":3,"name":"L&#8217;or\u00e9al paris -gloss brilliant signature plump"}]},{"@type":"WebSite","@id":"https:\/\/vitablanca.ma\/#website","url":"https:\/\/vitablanca.ma\/","name":"VitaBlanca.ma | Food supplements, health &amp; beauty in Morocco","description":"sell premium vitamins and supplements from USA &amp; Canada, New Zealand, Morocco (NOW Foods, Solgar, Manuka). Fast delivery anywhere in Morocco.","publisher":{"@id":"https:\/\/vitablanca.ma\/#organization"},"alternateName":"VitaBlanca.ma","potentialAction":[{"@type":"SearchAction","target":{"@type":"EntryPoint","urlTemplate":"https:\/\/vitablanca.ma\/?s={search_term_string}"},"query-input":{"@type":"PropertyValueSpecification","valueRequired":true,"valueName":"search_term_string"}}],"inLanguage":"en-US"},{"@type":"Organization","@id":"https:\/\/vitablanca.ma\/#organization","name":"VitaBlanca","url":"https:\/\/vitablanca.ma\/","logo":{"@type":"ImageObject","inLanguage":"en-US","@id":"https:\/\/vitablanca.ma\/#\/schema\/logo\/image\/","url":"https:\/\/vitablanca.ma\/wp-content\/uploads\/2025\/05\/cropped-vitablanca.png","contentUrl":"https:\/\/vitablanca.ma\/wp-content\/uploads\/2025\/05\/cropped-vitablanca.png","width":360,"height":67,"caption":"VitaBlanca"},"image":{"@id":"https:\/\/vitablanca.ma\/#\/schema\/logo\/image\/"},"sameAs":["https:\/\/www.facebook.com\/profile.php?id=61576678196717","https:\/\/www.tiktok.com\/@vitablanca.ma","https:\/\/www.instagram.com\/vitablanca.ma\/"]}]}},"jetpack_sharing_enabled":true,"_links":{"self":[{"href":"https:\/\/vitablanca.ma\/en\/wp-json\/wp\/v2\/product\/27972","targetHints":{"allow":["GET"]}}],"collection":[{"href":"https:\/\/vitablanca.ma\/en\/wp-json\/wp\/v2\/product"}],"about":[{"href":"https:\/\/vitablanca.ma\/en\/wp-json\/wp\/v2\/types\/product"}],"wp:featuredmedia":[{"embeddable":true,"href":"https:\/\/vitablanca.ma\/en\/wp-json\/wp\/v2\/media\/28101"}],"wp:attachment":[{"href":"https:\/\/vitablanca.ma\/en\/wp-json\/wp\/v2\/media?parent=27972"}],"wp:term":[{"taxonomy":"product_brand","embeddable":true,"href":"https:\/\/vitablanca.ma\/en\/wp-json\/wp\/v2\/product_brand?post=27972"},{"taxonomy":"product_cat","embeddable":true,"href":"https:\/\/vitablanca.ma\/en\/wp-json\/wp\/v2\/product_cat?post=27972"},{"taxonomy":"product_tag","embeddable":true,"href":"https:\/\/vitablanca.ma\/en\/wp-json\/wp\/v2\/product_tag?post=27972"}],"curies":[{"name":"wp","href":"https:\/\/api.w.org\/{rel}","templated":true}]}}