{"id":27953,"date":"2026-01-15T19:57:47","date_gmt":"2026-01-15T19:57:47","guid":{"rendered":"https:\/\/vitablanca.ma\/?post_type=product&#038;p=27953"},"modified":"2026-03-19T12:55:19","modified_gmt":"2026-03-19T12:55:19","slug":"loreal-paris-infaillible-wear-concealer","status":"publish","type":"product","link":"https:\/\/vitablanca.ma\/en\/product\/loreal-paris-infaillible-wear-concealer\/","title":{"rendered":"L&rsquo;or\u00e9al paris -infaillible wear concealer"},"content":{"rendered":"<p>D\u00e9couvrez le nouveau correcteur et fond de teint 2 en 1 de L&rsquo;Or\u00e9al Paris ! UNE FORMULE 2 EN 1 : \u00c0 la fois correcteur et fond de teint, sa formule couvre les cernes et les imperfections (rougeurs, cicatrices\u2026) et unifie votre teint. Sa texture fluide et l\u00e9g\u00e8re glisse sur la peau et se fond avec celle-ci.<br \/>\nUN R\u00c9SULTAT INFAILLIBLE 24H*: Sa formule couvrante mais modulable offre un r\u00e9sultat naturel et longue tenue.<br \/>\nAPPLICATEUR MULTI-USAGE FACILE :<br \/>\n&#8211; Utilisez la pointe arrondie pour une application cibl\u00e9e (ailes du nez, coin interne des yeux, imperfections)<br \/>\n&#8211; Utilisez la partie plate pour \u00e9tirer le fond de teint<br \/>\nConvient \u00e0 tous les types de peau. Existe en 25 teintes. Non com\u00e9dog\u00e8ne, test\u00e9 sous contr\u00f4le dermatologique et ophtalmologique.<br \/>\n* Test consommateur sur 135 femmes<\/p>\n<p>APPLICATEUR MULTI-USAGE FACILE :<br \/>\n&#8211; Utilisez la pointe arrondie pour une application cibl\u00e9e (ailes du nez, coin interne des yeux, imperfections)<br \/>\n&#8211; Utilisez la partie plate pour \u00e9tirer le fond de teint<\/p>\n<p>INGREDIENTS: AQUA \/ WATER UNDECANE GLYCERIN DIMETHICONE POLYGLYCERYL-4 ISOSTEARATE SYNTHETIC FLUORPHLOGOPITE PENTYLENE GLYCOL BUTYLENE GLYCOL TRIDECANE CETYL PEG\/PPG-10\/1 DIMETHICONE HEXYL LAURATE ISONONYL ISONONANOATE MAGNESIUM SULFATE POLYHYDROXYSTEARIC ACID OCTYLDODECANOL DISTEARDIMONIUM HECTORITE DISODIUM STEAROYL GLUTAMATE SILICA SILYLATE CELLULOSE GUM ETHYLHEXYLGLYCERIN PHENOXYETHANOL PARFUM \/ FRAGRANCE TRIHYDROXYSTEARIN ALUMINUM HYDROXIDE ACETYLATED GLYCOL STEARATE HEXYL CINNAMAL BENZYL SALICYLATE SILICA LINALOOL ALPHA-ISOMETHYL IONONE BENZYL ALCOHOL TOCOPHEROL CITRONELLOL HELIANTHUS ANNUUS SEED OIL \/ SUNFLOWER SEED OIL PENTAERYTHRITYL TETRA-DI-T-BUTYL HYDROXYHYDROCINNAMATE ? [+\/- MAY CONTAIN: CI 77891 \/ TITANIUM DIOXIDE CI 77491, CI 77492, CI 77499 \/ IRON OXIDES CI 77007 \/ ULTRAMARINES. (F.I.L. Z285309\/1).<\/p>\n<p>Les listes d\u2019ingr\u00e9dients entrant dans la composition des produits de notre marque sont r\u00e9guli\u00e8rement mises \u00e0 jour.<br \/>\nAvant d\u2019utiliser un produit de notre marque, vous \u00eates invit\u00e9s \u00e0 lire la liste d\u2019ingr\u00e9dients figurant sur son emballage afin de vous assurer que les ingr\u00e9dients sont adapt\u00e9s \u00e0 votre utilisation personnelle.<\/p>","protected":false},"excerpt":{"rendered":"<p>D\u00e9couvrez le nouveau correcteur et fond de teint 2 en 1 de L&rsquo;Or\u00e9al Paris ! UNE FORMULE 2 EN 1 : \u00c0 la fois correcteur et fond de teint, sa formule couvre les cernes et les imperfections (rougeurs, cicatrices\u2026) et unifie votre teint. Sa texture fluide et l\u00e9g\u00e8re glisse sur la peau et se fond [&hellip;]<\/p>\n","protected":false},"featured_media":28056,"template":"","meta":{"om_disable_all_campaigns":false},"product_brand":[5741],"product_cat":[18],"product_tag":[5728,6047,6046,6045,6042,6044,6041,5853,6048,6043],"class_list":{"0":"post-27953","1":"product","2":"type-product","3":"status-publish","4":"has-post-thumbnail","6":"product_brand-loreal-paris-maroc-prix","7":"product_cat-beaute-sante","8":"product_tag-anti-cernes-loreal","9":"product_tag-anti-cernes-naturel","10":"product_tag-cernes-camoufles","11":"product_tag-concealer-longue-tenue","12":"product_tag-correcteur-teint","13":"product_tag-couvrance-longue-duree","14":"product_tag-infaillible-wear-concealer","15":"product_tag-loreal-paris","16":"product_tag-maquillage-professionnel","17":"product_tag-maquillage-visage","19":"first","20":"outofstock","21":"sale","22":"taxable","23":"shipping-taxable","24":"purchasable","25":"product-type-variable"},"yoast_head":"<!-- This site is optimized with the Yoast SEO plugin v27.4 - https:\/\/yoast.com\/product\/yoast-seo-wordpress\/ -->\n<title>L\u2019Or\u00e9al Paris Infaillible Wear Concealer - Maroc Prix<\/title>\n<meta name=\"description\" content=\"L\u2019Or\u00e9al Paris Infaillible Wear Concealer est un anti-cernes haute couvrance \u00e0 tenue longue dur\u00e9e. Camoufle imperfections,\" \/>\n<meta name=\"robots\" content=\"index, follow, max-snippet:-1, max-image-preview:large, max-video-preview:-1\" \/>\n<link rel=\"canonical\" href=\"https:\/\/vitablanca.ma\/en\/product\/loreal-paris-infaillible-wear-concealer\/\" \/>\n<meta property=\"og:locale\" content=\"en_US\" \/>\n<meta property=\"og:type\" content=\"article\" \/>\n<meta property=\"og:title\" content=\"L\u2019Or\u00e9al Paris Infaillible Wear Concealer - Maroc Prix\" \/>\n<meta property=\"og:description\" content=\"L\u2019Or\u00e9al Paris Infaillible Wear Concealer est un anti-cernes haute couvrance \u00e0 tenue longue dur\u00e9e. Camoufle imperfections,\" \/>\n<meta property=\"og:url\" content=\"https:\/\/vitablanca.ma\/en\/product\/loreal-paris-infaillible-wear-concealer\/\" \/>\n<meta property=\"og:site_name\" content=\"Vitablanca.ma &ndash; Sant&eacute;, vitalit&eacute; et bien-&ecirc;tre pour tous les Marocains\" \/>\n<meta property=\"article:publisher\" content=\"https:\/\/www.facebook.com\/profile.php?id=61576678196717\" \/>\n<meta property=\"article:modified_time\" content=\"2026-03-19T12:55:19+00:00\" \/>\n<meta property=\"og:image\" content=\"https:\/\/vitablanca.ma\/wp-content\/uploads\/2026\/01\/CopyoftrousseETOFFERTE-Copie-2.jpg\" \/>\n\t<meta property=\"og:image:width\" content=\"1080\" \/>\n\t<meta property=\"og:image:height\" content=\"1080\" \/>\n\t<meta property=\"og:image:type\" content=\"image\/jpeg\" \/>\n<meta name=\"twitter:card\" content=\"summary_large_image\" \/>\n<meta name=\"twitter:label1\" content=\"Est. reading time\" \/>\n\t<meta name=\"twitter:data1\" content=\"2 minutes\" \/>\n<script type=\"application\/ld+json\" class=\"yoast-schema-graph\">{\"@context\":\"https:\\\/\\\/schema.org\",\"@graph\":[{\"@type\":[\"WebPage\",\"ItemPage\"],\"@id\":\"https:\\\/\\\/vitablanca.ma\\\/produit\\\/loreal-paris-infaillible-wear-concealer\\\/\",\"url\":\"https:\\\/\\\/vitablanca.ma\\\/produit\\\/loreal-paris-infaillible-wear-concealer\\\/\",\"name\":\"L\u2019Or\u00e9al Paris Infaillible Wear Concealer - Maroc Prix\",\"isPartOf\":{\"@id\":\"https:\\\/\\\/vitablanca.ma\\\/#website\"},\"primaryImageOfPage\":{\"@id\":\"https:\\\/\\\/vitablanca.ma\\\/produit\\\/loreal-paris-infaillible-wear-concealer\\\/#primaryimage\"},\"image\":{\"@id\":\"https:\\\/\\\/vitablanca.ma\\\/produit\\\/loreal-paris-infaillible-wear-concealer\\\/#primaryimage\"},\"thumbnailUrl\":\"https:\\\/\\\/vitablanca.ma\\\/wp-content\\\/uploads\\\/2026\\\/01\\\/CopyoftrousseETOFFERTE-Copie-2.jpg\",\"datePublished\":\"2026-01-15T19:57:47+00:00\",\"dateModified\":\"2026-03-19T12:55:19+00:00\",\"description\":\"L\u2019Or\u00e9al Paris Infaillible Wear Concealer est un anti-cernes haute couvrance \u00e0 tenue longue dur\u00e9e. Camoufle imperfections,\",\"breadcrumb\":{\"@id\":\"https:\\\/\\\/vitablanca.ma\\\/produit\\\/loreal-paris-infaillible-wear-concealer\\\/#breadcrumb\"},\"inLanguage\":\"en-US\",\"potentialAction\":[{\"@type\":\"ReadAction\",\"target\":[\"https:\\\/\\\/vitablanca.ma\\\/produit\\\/loreal-paris-infaillible-wear-concealer\\\/\"]}]},{\"@type\":\"ImageObject\",\"inLanguage\":\"en-US\",\"@id\":\"https:\\\/\\\/vitablanca.ma\\\/produit\\\/loreal-paris-infaillible-wear-concealer\\\/#primaryimage\",\"url\":\"https:\\\/\\\/vitablanca.ma\\\/wp-content\\\/uploads\\\/2026\\\/01\\\/CopyoftrousseETOFFERTE-Copie-2.jpg\",\"contentUrl\":\"https:\\\/\\\/vitablanca.ma\\\/wp-content\\\/uploads\\\/2026\\\/01\\\/CopyoftrousseETOFFERTE-Copie-2.jpg\",\"width\":1080,\"height\":1080},{\"@type\":\"BreadcrumbList\",\"@id\":\"https:\\\/\\\/vitablanca.ma\\\/produit\\\/loreal-paris-infaillible-wear-concealer\\\/#breadcrumb\",\"itemListElement\":[{\"@type\":\"ListItem\",\"position\":1,\"name\":\"Home\",\"item\":\"https:\\\/\\\/vitablanca.ma\\\/\"},{\"@type\":\"ListItem\",\"position\":2,\"name\":\"Tous Les Produits\",\"item\":\"https:\\\/\\\/vitablanca.ma\\\/tous-les-produits\\\/\"},{\"@type\":\"ListItem\",\"position\":3,\"name\":\"L&#8217;or\u00e9al paris -infaillible wear concealer\"}]},{\"@type\":\"WebSite\",\"@id\":\"https:\\\/\\\/vitablanca.ma\\\/#website\",\"url\":\"https:\\\/\\\/vitablanca.ma\\\/\",\"name\":\"VitaBlanca.ma | Compl\u00e9ments alimentaires, sant\u00e9 & beaut\u00e9 au Maroc\",\"description\":\"vendre vitamines et compl\u00e9ments premium des USA &amp; Canada, Nouvelle Z\u00e9lande,Maroc (NOW Foods, Solgar, Manuka). Livraison rapide partout au Maroc.\",\"publisher\":{\"@id\":\"https:\\\/\\\/vitablanca.ma\\\/#organization\"},\"alternateName\":\"VitaBlanca.ma\",\"potentialAction\":[{\"@type\":\"SearchAction\",\"target\":{\"@type\":\"EntryPoint\",\"urlTemplate\":\"https:\\\/\\\/vitablanca.ma\\\/?s={search_term_string}\"},\"query-input\":{\"@type\":\"PropertyValueSpecification\",\"valueRequired\":true,\"valueName\":\"search_term_string\"}}],\"inLanguage\":\"en-US\"},{\"@type\":\"Organization\",\"@id\":\"https:\\\/\\\/vitablanca.ma\\\/#organization\",\"name\":\"VitaBlanca\",\"url\":\"https:\\\/\\\/vitablanca.ma\\\/\",\"logo\":{\"@type\":\"ImageObject\",\"inLanguage\":\"en-US\",\"@id\":\"https:\\\/\\\/vitablanca.ma\\\/#\\\/schema\\\/logo\\\/image\\\/\",\"url\":\"https:\\\/\\\/vitablanca.ma\\\/wp-content\\\/uploads\\\/2025\\\/05\\\/cropped-vitablanca.png\",\"contentUrl\":\"https:\\\/\\\/vitablanca.ma\\\/wp-content\\\/uploads\\\/2025\\\/05\\\/cropped-vitablanca.png\",\"width\":360,\"height\":67,\"caption\":\"VitaBlanca\"},\"image\":{\"@id\":\"https:\\\/\\\/vitablanca.ma\\\/#\\\/schema\\\/logo\\\/image\\\/\"},\"sameAs\":[\"https:\\\/\\\/www.facebook.com\\\/profile.php?id=61576678196717\",\"https:\\\/\\\/www.tiktok.com\\\/@vitablanca.ma\",\"https:\\\/\\\/www.instagram.com\\\/vitablanca.ma\\\/\"]}]}<\/script>\n<!-- \/ Yoast SEO plugin. -->","yoast_head_json":{"title":"L\u2019Or\u00e9al Paris Infaillible Wear Concealer - Maroc Prix","description":"L\u2019Or\u00e9al Paris Infaillible Wear Concealer est un anti-cernes haute couvrance \u00e0 tenue longue dur\u00e9e. Camoufle imperfections,","robots":{"index":"index","follow":"follow","max-snippet":"max-snippet:-1","max-image-preview":"max-image-preview:large","max-video-preview":"max-video-preview:-1"},"canonical":"https:\/\/vitablanca.ma\/en\/product\/loreal-paris-infaillible-wear-concealer\/","og_locale":"en_US","og_type":"article","og_title":"L\u2019Or\u00e9al Paris Infaillible Wear Concealer - Maroc Prix","og_description":"L\u2019Or\u00e9al Paris Infaillible Wear Concealer est un anti-cernes haute couvrance \u00e0 tenue longue dur\u00e9e. Camoufle imperfections,","og_url":"https:\/\/vitablanca.ma\/en\/product\/loreal-paris-infaillible-wear-concealer\/","og_site_name":"Vitablanca.ma &ndash; Sant&eacute;, vitalit&eacute; et bien-&ecirc;tre pour tous les Marocains","article_publisher":"https:\/\/www.facebook.com\/profile.php?id=61576678196717","article_modified_time":"2026-03-19T12:55:19+00:00","og_image":[{"width":1080,"height":1080,"url":"https:\/\/vitablanca.ma\/wp-content\/uploads\/2026\/01\/CopyoftrousseETOFFERTE-Copie-2.jpg","type":"image\/jpeg"}],"twitter_card":"summary_large_image","twitter_misc":{"Est. reading time":"2 minutes"},"schema":{"@context":"https:\/\/schema.org","@graph":[{"@type":["WebPage","ItemPage"],"@id":"https:\/\/vitablanca.ma\/produit\/loreal-paris-infaillible-wear-concealer\/","url":"https:\/\/vitablanca.ma\/produit\/loreal-paris-infaillible-wear-concealer\/","name":"L\u2019Or\u00e9al Paris Infaillible Wear Concealer - Maroc Prix","isPartOf":{"@id":"https:\/\/vitablanca.ma\/#website"},"primaryImageOfPage":{"@id":"https:\/\/vitablanca.ma\/produit\/loreal-paris-infaillible-wear-concealer\/#primaryimage"},"image":{"@id":"https:\/\/vitablanca.ma\/produit\/loreal-paris-infaillible-wear-concealer\/#primaryimage"},"thumbnailUrl":"https:\/\/vitablanca.ma\/wp-content\/uploads\/2026\/01\/CopyoftrousseETOFFERTE-Copie-2.jpg","datePublished":"2026-01-15T19:57:47+00:00","dateModified":"2026-03-19T12:55:19+00:00","description":"L\u2019Or\u00e9al Paris Infaillible Wear Concealer est un anti-cernes haute couvrance \u00e0 tenue longue dur\u00e9e. Camoufle imperfections,","breadcrumb":{"@id":"https:\/\/vitablanca.ma\/produit\/loreal-paris-infaillible-wear-concealer\/#breadcrumb"},"inLanguage":"en-US","potentialAction":[{"@type":"ReadAction","target":["https:\/\/vitablanca.ma\/produit\/loreal-paris-infaillible-wear-concealer\/"]}]},{"@type":"ImageObject","inLanguage":"en-US","@id":"https:\/\/vitablanca.ma\/produit\/loreal-paris-infaillible-wear-concealer\/#primaryimage","url":"https:\/\/vitablanca.ma\/wp-content\/uploads\/2026\/01\/CopyoftrousseETOFFERTE-Copie-2.jpg","contentUrl":"https:\/\/vitablanca.ma\/wp-content\/uploads\/2026\/01\/CopyoftrousseETOFFERTE-Copie-2.jpg","width":1080,"height":1080},{"@type":"BreadcrumbList","@id":"https:\/\/vitablanca.ma\/produit\/loreal-paris-infaillible-wear-concealer\/#breadcrumb","itemListElement":[{"@type":"ListItem","position":1,"name":"Home","item":"https:\/\/vitablanca.ma\/"},{"@type":"ListItem","position":2,"name":"Tous Les Produits","item":"https:\/\/vitablanca.ma\/tous-les-produits\/"},{"@type":"ListItem","position":3,"name":"L&#8217;or\u00e9al paris -infaillible wear concealer"}]},{"@type":"WebSite","@id":"https:\/\/vitablanca.ma\/#website","url":"https:\/\/vitablanca.ma\/","name":"VitaBlanca.ma | Food supplements, health &amp; beauty in Morocco","description":"sell premium vitamins and supplements from USA &amp; Canada, New Zealand, Morocco (NOW Foods, Solgar, Manuka). Fast delivery anywhere in Morocco.","publisher":{"@id":"https:\/\/vitablanca.ma\/#organization"},"alternateName":"VitaBlanca.ma","potentialAction":[{"@type":"SearchAction","target":{"@type":"EntryPoint","urlTemplate":"https:\/\/vitablanca.ma\/?s={search_term_string}"},"query-input":{"@type":"PropertyValueSpecification","valueRequired":true,"valueName":"search_term_string"}}],"inLanguage":"en-US"},{"@type":"Organization","@id":"https:\/\/vitablanca.ma\/#organization","name":"VitaBlanca","url":"https:\/\/vitablanca.ma\/","logo":{"@type":"ImageObject","inLanguage":"en-US","@id":"https:\/\/vitablanca.ma\/#\/schema\/logo\/image\/","url":"https:\/\/vitablanca.ma\/wp-content\/uploads\/2025\/05\/cropped-vitablanca.png","contentUrl":"https:\/\/vitablanca.ma\/wp-content\/uploads\/2025\/05\/cropped-vitablanca.png","width":360,"height":67,"caption":"VitaBlanca"},"image":{"@id":"https:\/\/vitablanca.ma\/#\/schema\/logo\/image\/"},"sameAs":["https:\/\/www.facebook.com\/profile.php?id=61576678196717","https:\/\/www.tiktok.com\/@vitablanca.ma","https:\/\/www.instagram.com\/vitablanca.ma\/"]}]}},"jetpack_sharing_enabled":true,"_links":{"self":[{"href":"https:\/\/vitablanca.ma\/en\/wp-json\/wp\/v2\/product\/27953","targetHints":{"allow":["GET"]}}],"collection":[{"href":"https:\/\/vitablanca.ma\/en\/wp-json\/wp\/v2\/product"}],"about":[{"href":"https:\/\/vitablanca.ma\/en\/wp-json\/wp\/v2\/types\/product"}],"wp:featuredmedia":[{"embeddable":true,"href":"https:\/\/vitablanca.ma\/en\/wp-json\/wp\/v2\/media\/28056"}],"wp:attachment":[{"href":"https:\/\/vitablanca.ma\/en\/wp-json\/wp\/v2\/media?parent=27953"}],"wp:term":[{"taxonomy":"product_brand","embeddable":true,"href":"https:\/\/vitablanca.ma\/en\/wp-json\/wp\/v2\/product_brand?post=27953"},{"taxonomy":"product_cat","embeddable":true,"href":"https:\/\/vitablanca.ma\/en\/wp-json\/wp\/v2\/product_cat?post=27953"},{"taxonomy":"product_tag","embeddable":true,"href":"https:\/\/vitablanca.ma\/en\/wp-json\/wp\/v2\/product_tag?post=27953"}],"curies":[{"name":"wp","href":"https:\/\/api.w.org\/{rel}","templated":true}]}}