{"id":27915,"date":"2026-01-15T19:56:43","date_gmt":"2026-01-15T19:56:43","guid":{"rendered":"https:\/\/vitablanca.ma\/?post_type=product&#038;p=27915"},"modified":"2026-03-19T12:55:14","modified_gmt":"2026-03-19T12:55:14","slug":"loreal-paris-lumi-le-glass-highlighter-stick-610-pearl-eclat","status":"publish","type":"product","link":"https:\/\/vitablanca.ma\/en\/product\/loreal-paris-lumi-le-glass-highlighter-stick-610-pearl-eclat\/","title":{"rendered":"L&rsquo;or\u00e9al paris lumi le glass highlighter stick 610 pearl eclat"},"content":{"rendered":"<div class=\"rich-text\">DISPONIBLE en 2 teintes transparentes et 2 teintes brillantes<br \/>\nID\u00c9AL pour accentuer diff\u00e9rents traits du visage et du corps<br \/>\nFORMULE FRA\u00ceCHE ET SOYEUSE tenue longue dur\u00e9e<br \/>\nCONVIENT \u00e0 tous les types de peau<br \/>\nFORMAT DE VOYAGE COMPACT, pratique pour les d\u00e9placements<\/p>\n<\/div>\n<div class=\"oap-collapsible__content\">\n<div class=\"rich-text\">\n<div class=\"component-content\">\n<div class=\"field-text\">L\u2019Or\u00e9al Paris Lumi Le Glass Highlighter Stick est un illuminateur polyvalent, parfait pour accentuer diff\u00e9rents traits du visage ainsi que le corps. Sa texture douce fond instantan\u00e9ment sur la peau, garantissant un \u00e9clat frais. Des teintes transparentes aux nuances satin\u00e9es, sa formule l\u00e9g\u00e8re et agr\u00e9able convient \u00e0 tous les types de peau et tient toute la journ\u00e9e, pour un look frais et rayonnant. Emportez facilement le L\u2019Or\u00e9al Paris Lumi Le Glass Highlighter Stick partout gr\u00e2ce \u00e0 son format compact !<\/div>\n<\/div>\n<\/div>\n<\/div>","protected":false},"excerpt":{"rendered":"<p>DISPONIBLE en 2 teintes transparentes et 2 teintes brillantes ID\u00c9AL pour accentuer diff\u00e9rents traits du visage et du corps FORMULE FRA\u00ceCHE ET SOYEUSE tenue longue dur\u00e9e CONVIENT \u00e0 tous les types de peau FORMAT DE VOYAGE COMPACT, pratique pour les d\u00e9placements L\u2019Or\u00e9al Paris Lumi Le Glass Highlighter Stick est un illuminateur polyvalent, parfait pour accentuer [&hellip;]<\/p>\n","protected":false},"featured_media":27995,"template":"","meta":{"om_disable_all_campaigns":false},"product_brand":[5741],"product_cat":[18],"product_tag":[6079,6075,6078,6076,6074,6077],"class_list":{"0":"post-27915","1":"product","2":"type-product","3":"status-publish","4":"has-post-thumbnail","6":"product_brand-loreal-paris-maroc-prix","7":"product_cat-beaute-sante","8":"product_tag-effet-glow-naturel","9":"product_tag-enlumineur-stick-loreal","10":"product_tag-highlighter-modulable","11":"product_tag-highlighter-visage-creme","12":"product_tag-loreal-paris-lumi-le-glass-highlighter-stick-610-pearl-eclat","13":"product_tag-maquillage-lumineux","15":"first","16":"outofstock","17":"sale","18":"taxable","19":"shipping-taxable","20":"purchasable","21":"product-type-simple"},"yoast_head":"<!-- This site is optimized with the Yoast SEO plugin v27.3 - https:\/\/yoast.com\/product\/yoast-seo-wordpress\/ -->\n<title>L\u2019Or\u00e9al Paris Lumi Le Glass Highlighter Stick 610 - Maroc Prix<\/title>\n<meta name=\"description\" content=\"L\u2019Or\u00e9al Paris Lumi Le Glass Highlighter Stick 610 Pearl \u00c9clat apporte un \u00e9clat lumineux imm\u00e9diat. Stick cr\u00e8me facile \u00e0 appliquer pour un fini brillant\" \/>\n<meta name=\"robots\" content=\"index, follow, max-snippet:-1, max-image-preview:large, max-video-preview:-1\" \/>\n<link rel=\"canonical\" href=\"https:\/\/vitablanca.ma\/en\/product\/loreal-paris-lumi-le-glass-highlighter-stick-610-pearl-eclat\/\" \/>\n<meta property=\"og:locale\" content=\"en_US\" \/>\n<meta property=\"og:type\" content=\"article\" \/>\n<meta property=\"og:title\" content=\"L\u2019Or\u00e9al Paris Lumi Le Glass Highlighter Stick 610 - Maroc Prix\" \/>\n<meta property=\"og:description\" content=\"L\u2019Or\u00e9al Paris Lumi Le Glass Highlighter Stick 610 Pearl \u00c9clat apporte un \u00e9clat lumineux imm\u00e9diat. Stick cr\u00e8me facile \u00e0 appliquer pour un fini brillant\" \/>\n<meta property=\"og:url\" content=\"https:\/\/vitablanca.ma\/en\/product\/loreal-paris-lumi-le-glass-highlighter-stick-610-pearl-eclat\/\" \/>\n<meta property=\"og:site_name\" content=\"Vitablanca.ma &ndash; Sant&eacute;, vitalit&eacute; et bien-&ecirc;tre pour tous les Marocains\" \/>\n<meta property=\"article:publisher\" content=\"https:\/\/www.facebook.com\/profile.php?id=61576678196717\" \/>\n<meta property=\"article:modified_time\" content=\"2026-03-19T12:55:14+00:00\" \/>\n<meta property=\"og:image\" content=\"https:\/\/vitablanca.ma\/wp-content\/uploads\/2026\/01\/610LUMIII-1.png\" \/>\n\t<meta property=\"og:image:width\" content=\"595\" \/>\n\t<meta property=\"og:image:height\" content=\"655\" \/>\n\t<meta property=\"og:image:type\" content=\"image\/png\" \/>\n<meta name=\"twitter:card\" content=\"summary_large_image\" \/>\n<meta name=\"twitter:label1\" content=\"Est. reading time\" \/>\n\t<meta name=\"twitter:data1\" content=\"1 minute\" \/>\n<script type=\"application\/ld+json\" class=\"yoast-schema-graph\">{\"@context\":\"https:\\\/\\\/schema.org\",\"@graph\":[{\"@type\":[\"WebPage\",\"ItemPage\"],\"@id\":\"https:\\\/\\\/vitablanca.ma\\\/produit\\\/loreal-paris-lumi-le-glass-highlighter-stick-610-pearl-eclat\\\/\",\"url\":\"https:\\\/\\\/vitablanca.ma\\\/produit\\\/loreal-paris-lumi-le-glass-highlighter-stick-610-pearl-eclat\\\/\",\"name\":\"L\u2019Or\u00e9al Paris Lumi Le Glass Highlighter Stick 610 - Maroc Prix\",\"isPartOf\":{\"@id\":\"https:\\\/\\\/vitablanca.ma\\\/#website\"},\"primaryImageOfPage\":{\"@id\":\"https:\\\/\\\/vitablanca.ma\\\/produit\\\/loreal-paris-lumi-le-glass-highlighter-stick-610-pearl-eclat\\\/#primaryimage\"},\"image\":{\"@id\":\"https:\\\/\\\/vitablanca.ma\\\/produit\\\/loreal-paris-lumi-le-glass-highlighter-stick-610-pearl-eclat\\\/#primaryimage\"},\"thumbnailUrl\":\"https:\\\/\\\/vitablanca.ma\\\/wp-content\\\/uploads\\\/2026\\\/01\\\/610LUMIII-1.png\",\"datePublished\":\"2026-01-15T19:56:43+00:00\",\"dateModified\":\"2026-03-19T12:55:14+00:00\",\"description\":\"L\u2019Or\u00e9al Paris Lumi Le Glass Highlighter Stick 610 Pearl \u00c9clat apporte un \u00e9clat lumineux imm\u00e9diat. Stick cr\u00e8me facile \u00e0 appliquer pour un fini brillant\",\"breadcrumb\":{\"@id\":\"https:\\\/\\\/vitablanca.ma\\\/produit\\\/loreal-paris-lumi-le-glass-highlighter-stick-610-pearl-eclat\\\/#breadcrumb\"},\"inLanguage\":\"en-US\",\"potentialAction\":[{\"@type\":\"ReadAction\",\"target\":[\"https:\\\/\\\/vitablanca.ma\\\/produit\\\/loreal-paris-lumi-le-glass-highlighter-stick-610-pearl-eclat\\\/\"]}]},{\"@type\":\"ImageObject\",\"inLanguage\":\"en-US\",\"@id\":\"https:\\\/\\\/vitablanca.ma\\\/produit\\\/loreal-paris-lumi-le-glass-highlighter-stick-610-pearl-eclat\\\/#primaryimage\",\"url\":\"https:\\\/\\\/vitablanca.ma\\\/wp-content\\\/uploads\\\/2026\\\/01\\\/610LUMIII-1.png\",\"contentUrl\":\"https:\\\/\\\/vitablanca.ma\\\/wp-content\\\/uploads\\\/2026\\\/01\\\/610LUMIII-1.png\",\"width\":595,\"height\":655},{\"@type\":\"BreadcrumbList\",\"@id\":\"https:\\\/\\\/vitablanca.ma\\\/produit\\\/loreal-paris-lumi-le-glass-highlighter-stick-610-pearl-eclat\\\/#breadcrumb\",\"itemListElement\":[{\"@type\":\"ListItem\",\"position\":1,\"name\":\"Home\",\"item\":\"https:\\\/\\\/vitablanca.ma\\\/\"},{\"@type\":\"ListItem\",\"position\":2,\"name\":\"Tous Les Produits\",\"item\":\"https:\\\/\\\/vitablanca.ma\\\/tous-les-produits\\\/\"},{\"@type\":\"ListItem\",\"position\":3,\"name\":\"L&#8217;or\u00e9al paris lumi le glass highlighter stick 610 pearl eclat\"}]},{\"@type\":\"WebSite\",\"@id\":\"https:\\\/\\\/vitablanca.ma\\\/#website\",\"url\":\"https:\\\/\\\/vitablanca.ma\\\/\",\"name\":\"VitaBlanca.ma | Compl\u00e9ments alimentaires, sant\u00e9 & beaut\u00e9 au Maroc\",\"description\":\"vendre vitamines et compl\u00e9ments premium des USA &amp; Canada, Nouvelle Z\u00e9lande,Maroc (NOW Foods, Solgar, Manuka). Livraison rapide partout au Maroc.\",\"publisher\":{\"@id\":\"https:\\\/\\\/vitablanca.ma\\\/#organization\"},\"alternateName\":\"VitaBlanca.ma\",\"potentialAction\":[{\"@type\":\"SearchAction\",\"target\":{\"@type\":\"EntryPoint\",\"urlTemplate\":\"https:\\\/\\\/vitablanca.ma\\\/?s={search_term_string}\"},\"query-input\":{\"@type\":\"PropertyValueSpecification\",\"valueRequired\":true,\"valueName\":\"search_term_string\"}}],\"inLanguage\":\"en-US\"},{\"@type\":\"Organization\",\"@id\":\"https:\\\/\\\/vitablanca.ma\\\/#organization\",\"name\":\"VitaBlanca\",\"url\":\"https:\\\/\\\/vitablanca.ma\\\/\",\"logo\":{\"@type\":\"ImageObject\",\"inLanguage\":\"en-US\",\"@id\":\"https:\\\/\\\/vitablanca.ma\\\/#\\\/schema\\\/logo\\\/image\\\/\",\"url\":\"https:\\\/\\\/vitablanca.ma\\\/wp-content\\\/uploads\\\/2025\\\/05\\\/cropped-vitablanca.png\",\"contentUrl\":\"https:\\\/\\\/vitablanca.ma\\\/wp-content\\\/uploads\\\/2025\\\/05\\\/cropped-vitablanca.png\",\"width\":360,\"height\":67,\"caption\":\"VitaBlanca\"},\"image\":{\"@id\":\"https:\\\/\\\/vitablanca.ma\\\/#\\\/schema\\\/logo\\\/image\\\/\"},\"sameAs\":[\"https:\\\/\\\/www.facebook.com\\\/profile.php?id=61576678196717\",\"https:\\\/\\\/www.tiktok.com\\\/@vitablanca.ma\",\"https:\\\/\\\/www.instagram.com\\\/vitablanca.ma\\\/\"]}]}<\/script>\n<!-- \/ Yoast SEO plugin. -->","yoast_head_json":{"title":"L\u2019Or\u00e9al Paris Lumi Le Glass Highlighter Stick 610 - Maroc Prix","description":"L\u2019Or\u00e9al Paris Lumi Le Glass Highlighter Stick 610 Pearl \u00c9clat apporte un \u00e9clat lumineux imm\u00e9diat. Stick cr\u00e8me facile \u00e0 appliquer pour un fini brillant","robots":{"index":"index","follow":"follow","max-snippet":"max-snippet:-1","max-image-preview":"max-image-preview:large","max-video-preview":"max-video-preview:-1"},"canonical":"https:\/\/vitablanca.ma\/en\/product\/loreal-paris-lumi-le-glass-highlighter-stick-610-pearl-eclat\/","og_locale":"en_US","og_type":"article","og_title":"L\u2019Or\u00e9al Paris Lumi Le Glass Highlighter Stick 610 - Maroc Prix","og_description":"L\u2019Or\u00e9al Paris Lumi Le Glass Highlighter Stick 610 Pearl \u00c9clat apporte un \u00e9clat lumineux imm\u00e9diat. Stick cr\u00e8me facile \u00e0 appliquer pour un fini brillant","og_url":"https:\/\/vitablanca.ma\/en\/product\/loreal-paris-lumi-le-glass-highlighter-stick-610-pearl-eclat\/","og_site_name":"Vitablanca.ma &ndash; Sant&eacute;, vitalit&eacute; et bien-&ecirc;tre pour tous les Marocains","article_publisher":"https:\/\/www.facebook.com\/profile.php?id=61576678196717","article_modified_time":"2026-03-19T12:55:14+00:00","og_image":[{"width":595,"height":655,"url":"https:\/\/vitablanca.ma\/wp-content\/uploads\/2026\/01\/610LUMIII-1.png","type":"image\/png"}],"twitter_card":"summary_large_image","twitter_misc":{"Est. reading time":"1 minute"},"schema":{"@context":"https:\/\/schema.org","@graph":[{"@type":["WebPage","ItemPage"],"@id":"https:\/\/vitablanca.ma\/produit\/loreal-paris-lumi-le-glass-highlighter-stick-610-pearl-eclat\/","url":"https:\/\/vitablanca.ma\/produit\/loreal-paris-lumi-le-glass-highlighter-stick-610-pearl-eclat\/","name":"L\u2019Or\u00e9al Paris Lumi Le Glass Highlighter Stick 610 - Maroc Prix","isPartOf":{"@id":"https:\/\/vitablanca.ma\/#website"},"primaryImageOfPage":{"@id":"https:\/\/vitablanca.ma\/produit\/loreal-paris-lumi-le-glass-highlighter-stick-610-pearl-eclat\/#primaryimage"},"image":{"@id":"https:\/\/vitablanca.ma\/produit\/loreal-paris-lumi-le-glass-highlighter-stick-610-pearl-eclat\/#primaryimage"},"thumbnailUrl":"https:\/\/vitablanca.ma\/wp-content\/uploads\/2026\/01\/610LUMIII-1.png","datePublished":"2026-01-15T19:56:43+00:00","dateModified":"2026-03-19T12:55:14+00:00","description":"L\u2019Or\u00e9al Paris Lumi Le Glass Highlighter Stick 610 Pearl \u00c9clat apporte un \u00e9clat lumineux imm\u00e9diat. Stick cr\u00e8me facile \u00e0 appliquer pour un fini brillant","breadcrumb":{"@id":"https:\/\/vitablanca.ma\/produit\/loreal-paris-lumi-le-glass-highlighter-stick-610-pearl-eclat\/#breadcrumb"},"inLanguage":"en-US","potentialAction":[{"@type":"ReadAction","target":["https:\/\/vitablanca.ma\/produit\/loreal-paris-lumi-le-glass-highlighter-stick-610-pearl-eclat\/"]}]},{"@type":"ImageObject","inLanguage":"en-US","@id":"https:\/\/vitablanca.ma\/produit\/loreal-paris-lumi-le-glass-highlighter-stick-610-pearl-eclat\/#primaryimage","url":"https:\/\/vitablanca.ma\/wp-content\/uploads\/2026\/01\/610LUMIII-1.png","contentUrl":"https:\/\/vitablanca.ma\/wp-content\/uploads\/2026\/01\/610LUMIII-1.png","width":595,"height":655},{"@type":"BreadcrumbList","@id":"https:\/\/vitablanca.ma\/produit\/loreal-paris-lumi-le-glass-highlighter-stick-610-pearl-eclat\/#breadcrumb","itemListElement":[{"@type":"ListItem","position":1,"name":"Home","item":"https:\/\/vitablanca.ma\/"},{"@type":"ListItem","position":2,"name":"Tous Les Produits","item":"https:\/\/vitablanca.ma\/tous-les-produits\/"},{"@type":"ListItem","position":3,"name":"L&#8217;or\u00e9al paris lumi le glass highlighter stick 610 pearl eclat"}]},{"@type":"WebSite","@id":"https:\/\/vitablanca.ma\/#website","url":"https:\/\/vitablanca.ma\/","name":"VitaBlanca.ma | Food supplements, health &amp; beauty in Morocco","description":"sell premium vitamins and supplements from USA &amp; Canada, New Zealand, Morocco (NOW Foods, Solgar, Manuka). Fast delivery anywhere in Morocco.","publisher":{"@id":"https:\/\/vitablanca.ma\/#organization"},"alternateName":"VitaBlanca.ma","potentialAction":[{"@type":"SearchAction","target":{"@type":"EntryPoint","urlTemplate":"https:\/\/vitablanca.ma\/?s={search_term_string}"},"query-input":{"@type":"PropertyValueSpecification","valueRequired":true,"valueName":"search_term_string"}}],"inLanguage":"en-US"},{"@type":"Organization","@id":"https:\/\/vitablanca.ma\/#organization","name":"VitaBlanca","url":"https:\/\/vitablanca.ma\/","logo":{"@type":"ImageObject","inLanguage":"en-US","@id":"https:\/\/vitablanca.ma\/#\/schema\/logo\/image\/","url":"https:\/\/vitablanca.ma\/wp-content\/uploads\/2025\/05\/cropped-vitablanca.png","contentUrl":"https:\/\/vitablanca.ma\/wp-content\/uploads\/2025\/05\/cropped-vitablanca.png","width":360,"height":67,"caption":"VitaBlanca"},"image":{"@id":"https:\/\/vitablanca.ma\/#\/schema\/logo\/image\/"},"sameAs":["https:\/\/www.facebook.com\/profile.php?id=61576678196717","https:\/\/www.tiktok.com\/@vitablanca.ma","https:\/\/www.instagram.com\/vitablanca.ma\/"]}]}},"jetpack_sharing_enabled":true,"_links":{"self":[{"href":"https:\/\/vitablanca.ma\/en\/wp-json\/wp\/v2\/product\/27915","targetHints":{"allow":["GET"]}}],"collection":[{"href":"https:\/\/vitablanca.ma\/en\/wp-json\/wp\/v2\/product"}],"about":[{"href":"https:\/\/vitablanca.ma\/en\/wp-json\/wp\/v2\/types\/product"}],"wp:featuredmedia":[{"embeddable":true,"href":"https:\/\/vitablanca.ma\/en\/wp-json\/wp\/v2\/media\/27995"}],"wp:attachment":[{"href":"https:\/\/vitablanca.ma\/en\/wp-json\/wp\/v2\/media?parent=27915"}],"wp:term":[{"taxonomy":"product_brand","embeddable":true,"href":"https:\/\/vitablanca.ma\/en\/wp-json\/wp\/v2\/product_brand?post=27915"},{"taxonomy":"product_cat","embeddable":true,"href":"https:\/\/vitablanca.ma\/en\/wp-json\/wp\/v2\/product_cat?post=27915"},{"taxonomy":"product_tag","embeddable":true,"href":"https:\/\/vitablanca.ma\/en\/wp-json\/wp\/v2\/product_tag?post=27915"}],"curies":[{"name":"wp","href":"https:\/\/api.w.org\/{rel}","templated":true}]}}