{"id":279,"date":"2025-04-19T18:12:59","date_gmt":"2025-04-19T18:12:59","guid":{"rendered":"https:\/\/vitablanca.ma\/?post_type=product&#038;p=279"},"modified":"2025-11-29T01:07:59","modified_gmt":"2025-11-29T01:07:59","slug":"now-foods-biocell-collagen-collagene-hydrolyse-de-type-ii-120-capsules-vegetariennes","status":"publish","type":"product","link":"https:\/\/vitablanca.ma\/en\/product\/now-foods-biocell-collagen-collagene-hydrolyse-de-type-ii-120-capsules-vegetariennes\/","title":{"rendered":"Now Foods BioCell Collagen, Hydrolyzed Collagen Type II, 120 vegetarian capsules"},"content":{"rendered":"<p>BioCell Collagen est un compl\u00e9ment nutritionnel polyvalent qui soutient \u00e0 la fois la sant\u00e9 des articulations et la r\u00e9tention de l\u2019humidit\u00e9 chez les peaux matures. Ce complexe brevet\u00e9 et pr\u00e9dig\u00e9r\u00e9 issu de cartilage sternal de poulet contient du collag\u00e8ne hydrolys\u00e9 naturel ainsi d\u2019autres \u00e9l\u00e9ments naturellement pr\u00e9sents dans des tissus conjonctifs sains, comme la chondro\u00eftine et l\u2019acide hyaluronique. Gr\u00e2ce \u00e0 BioCell Collagen, vous favorisez la sant\u00e9 de vos fonctions articulaires, le confort de vos mouvements et la force de vos tissus conjonctifs. De plus, il maintient un taux d\u2019hydratation normal chez les peaux matures.<\/p>\n<p>Suggested Use<\/p>\n<p>Take 2 capsules twice a day.<\/p>","protected":false},"excerpt":{"rendered":"<ul>\n<li>Joint support<\/li>\n<li>Joint mobility and comfort<\/li>\n<li>Promotes skin health<\/li>\n<li>Clinically validated<\/li>\n<li>Made with BioCell Collagen<\/li>\n<li>Food supplement<\/li>\n<li>GMO-free<\/li>\n<li>General health<\/li>\n<\/ul>","protected":false},"featured_media":280,"template":"","meta":{"om_disable_all_campaigns":false},"product_brand":[83],"product_cat":[18,164,3366,163,19],"product_tag":[287,288,181,289,88,129,93,91,388,726],"class_list":{"0":"post-279","1":"product","2":"type-product","3":"status-publish","4":"has-post-thumbnail","6":"product_brand-now-foods-maroc-prix","7":"product_cat-beaute-sante","8":"product_cat-collagene","9":"product_cat-complements-alimentaires-au-maroc-vitablanca","10":"product_cat-mineraux","11":"product_cat-vitamines-supplements-dietetiques","12":"product_tag-biocell-collagen","13":"product_tag-collagene-hydrolyse","14":"product_tag-complement-alimentaire","15":"product_tag-complement-nutritionnel","16":"product_tag-now-foods","17":"product_tag-now-foods-casa","18":"product_tag-now-foods-jumia","19":"product_tag-now-foods-maroc","20":"product_tag-now-foods-maroc-avis","21":"product_tag-now-foods-maroc-prix","23":"first","24":"instock","25":"sale","26":"taxable","27":"shipping-taxable","28":"purchasable","29":"product-type-simple"},"yoast_head":"<!-- This site is optimized with the Yoast SEO plugin v27.5 - https:\/\/yoast.com\/product\/yoast-seo-wordpress\/ -->\n<title>Now Foods BioCell Collagen Collag\u00e8ne hydrolys\u00e9 de type II- Maroc<\/title>\n<meta name=\"description\" content=\"Achetez Now Foods BioCell Collag\u00e8ne hydrolys\u00e9 de Type II au Maroc. 120 capsules v\u00e9g\u00e9tariennes pour un soutien avanc\u00e9 des articulations, du cartilage et de la peau. Livraison chez vous en 24\/48h!\" \/>\n<meta name=\"robots\" content=\"index, follow, max-snippet:-1, max-image-preview:large, max-video-preview:-1\" \/>\n<link rel=\"canonical\" href=\"https:\/\/vitablanca.ma\/en\/product\/now-foods-biocell-collagen-collagene-hydrolyse-de-type-ii-120-capsules-vegetariennes\/\" \/>\n<meta property=\"og:locale\" content=\"en_US\" \/>\n<meta property=\"og:type\" content=\"article\" \/>\n<meta property=\"og:title\" content=\"Now Foods BioCell Collagen Collag\u00e8ne hydrolys\u00e9 de type II- Maroc\" \/>\n<meta property=\"og:description\" content=\"Achetez Now Foods BioCell Collag\u00e8ne hydrolys\u00e9 de Type II au Maroc. 120 capsules v\u00e9g\u00e9tariennes pour un soutien avanc\u00e9 des articulations, du cartilage et de la peau. Livraison chez vous en 24\/48h!\" \/>\n<meta property=\"og:url\" content=\"https:\/\/vitablanca.ma\/en\/product\/now-foods-biocell-collagen-collagene-hydrolyse-de-type-ii-120-capsules-vegetariennes\/\" \/>\n<meta property=\"og:site_name\" content=\"Vitablanca.ma &ndash; Sant&eacute;, vitalit&eacute; et bien-&ecirc;tre pour tous les Marocains\" \/>\n<meta property=\"article:publisher\" content=\"https:\/\/www.facebook.com\/profile.php?id=61576678196717\" \/>\n<meta property=\"article:modified_time\" content=\"2025-11-29T01:07:59+00:00\" \/>\n<meta property=\"og:image\" content=\"https:\/\/vitablanca.ma\/wp-content\/uploads\/2025\/04\/now-foods-biocell-collagen-collagene-hydrolyse-de-type-ii-120-.jpg\" \/>\n\t<meta property=\"og:image:width\" content=\"680\" \/>\n\t<meta property=\"og:image:height\" content=\"680\" \/>\n\t<meta property=\"og:image:type\" content=\"image\/jpeg\" \/>\n<meta name=\"twitter:card\" content=\"summary_large_image\" \/>\n<meta name=\"twitter:label1\" content=\"Est. reading time\" \/>\n\t<meta name=\"twitter:data1\" content=\"1 minute\" \/>\n<script type=\"application\/ld+json\" class=\"yoast-schema-graph\">{\"@context\":\"https:\\\/\\\/schema.org\",\"@graph\":[{\"@type\":[\"WebPage\",\"ItemPage\"],\"@id\":\"https:\\\/\\\/vitablanca.ma\\\/produit\\\/now-foods-biocell-collagen-collagene-hydrolyse-de-type-ii-120-capsules-vegetariennes\\\/\",\"url\":\"https:\\\/\\\/vitablanca.ma\\\/produit\\\/now-foods-biocell-collagen-collagene-hydrolyse-de-type-ii-120-capsules-vegetariennes\\\/\",\"name\":\"Now Foods BioCell Collagen Collag\u00e8ne hydrolys\u00e9 de type II- Maroc\",\"isPartOf\":{\"@id\":\"https:\\\/\\\/vitablanca.ma\\\/#website\"},\"primaryImageOfPage\":{\"@id\":\"https:\\\/\\\/vitablanca.ma\\\/produit\\\/now-foods-biocell-collagen-collagene-hydrolyse-de-type-ii-120-capsules-vegetariennes\\\/#primaryimage\"},\"image\":{\"@id\":\"https:\\\/\\\/vitablanca.ma\\\/produit\\\/now-foods-biocell-collagen-collagene-hydrolyse-de-type-ii-120-capsules-vegetariennes\\\/#primaryimage\"},\"thumbnailUrl\":\"https:\\\/\\\/vitablanca.ma\\\/wp-content\\\/uploads\\\/2025\\\/04\\\/now-foods-biocell-collagen-collagene-hydrolyse-de-type-ii-120-.jpg\",\"datePublished\":\"2025-04-19T18:12:59+00:00\",\"dateModified\":\"2025-11-29T01:07:59+00:00\",\"description\":\"Achetez Now Foods BioCell Collag\u00e8ne hydrolys\u00e9 de Type II au Maroc. 120 capsules v\u00e9g\u00e9tariennes pour un soutien avanc\u00e9 des articulations, du cartilage et de la peau. Livraison chez vous en 24\\\/48h!\",\"breadcrumb\":{\"@id\":\"https:\\\/\\\/vitablanca.ma\\\/produit\\\/now-foods-biocell-collagen-collagene-hydrolyse-de-type-ii-120-capsules-vegetariennes\\\/#breadcrumb\"},\"inLanguage\":\"en-US\",\"potentialAction\":[{\"@type\":\"ReadAction\",\"target\":[\"https:\\\/\\\/vitablanca.ma\\\/produit\\\/now-foods-biocell-collagen-collagene-hydrolyse-de-type-ii-120-capsules-vegetariennes\\\/\"]}]},{\"@type\":\"ImageObject\",\"inLanguage\":\"en-US\",\"@id\":\"https:\\\/\\\/vitablanca.ma\\\/produit\\\/now-foods-biocell-collagen-collagene-hydrolyse-de-type-ii-120-capsules-vegetariennes\\\/#primaryimage\",\"url\":\"https:\\\/\\\/vitablanca.ma\\\/wp-content\\\/uploads\\\/2025\\\/04\\\/now-foods-biocell-collagen-collagene-hydrolyse-de-type-ii-120-.jpg\",\"contentUrl\":\"https:\\\/\\\/vitablanca.ma\\\/wp-content\\\/uploads\\\/2025\\\/04\\\/now-foods-biocell-collagen-collagene-hydrolyse-de-type-ii-120-.jpg\",\"width\":680,\"height\":680},{\"@type\":\"BreadcrumbList\",\"@id\":\"https:\\\/\\\/vitablanca.ma\\\/produit\\\/now-foods-biocell-collagen-collagene-hydrolyse-de-type-ii-120-capsules-vegetariennes\\\/#breadcrumb\",\"itemListElement\":[{\"@type\":\"ListItem\",\"position\":1,\"name\":\"Home\",\"item\":\"https:\\\/\\\/vitablanca.ma\\\/\"},{\"@type\":\"ListItem\",\"position\":2,\"name\":\"Tous Les Produits\",\"item\":\"https:\\\/\\\/vitablanca.ma\\\/tous-les-produits\\\/\"},{\"@type\":\"ListItem\",\"position\":3,\"name\":\"Now Foods BioCell Collagen, Collag\u00e8ne hydrolys\u00e9 de type II, 120 capsules v\u00e9g\u00e9tariennes\"}]},{\"@type\":\"WebSite\",\"@id\":\"https:\\\/\\\/vitablanca.ma\\\/#website\",\"url\":\"https:\\\/\\\/vitablanca.ma\\\/\",\"name\":\"VitaBlanca.ma | Compl\u00e9ments alimentaires, sant\u00e9 & beaut\u00e9 au Maroc\",\"description\":\"vendre vitamines et compl\u00e9ments premium des USA &amp; Canada, Nouvelle Z\u00e9lande,Maroc (NOW Foods, Solgar, Manuka). Livraison rapide partout au Maroc.\",\"publisher\":{\"@id\":\"https:\\\/\\\/vitablanca.ma\\\/#organization\"},\"alternateName\":\"VitaBlanca.ma\",\"potentialAction\":[{\"@type\":\"SearchAction\",\"target\":{\"@type\":\"EntryPoint\",\"urlTemplate\":\"https:\\\/\\\/vitablanca.ma\\\/?s={search_term_string}\"},\"query-input\":{\"@type\":\"PropertyValueSpecification\",\"valueRequired\":true,\"valueName\":\"search_term_string\"}}],\"inLanguage\":\"en-US\"},{\"@type\":\"Organization\",\"@id\":\"https:\\\/\\\/vitablanca.ma\\\/#organization\",\"name\":\"VitaBlanca\",\"url\":\"https:\\\/\\\/vitablanca.ma\\\/\",\"logo\":{\"@type\":\"ImageObject\",\"inLanguage\":\"en-US\",\"@id\":\"https:\\\/\\\/vitablanca.ma\\\/#\\\/schema\\\/logo\\\/image\\\/\",\"url\":\"https:\\\/\\\/vitablanca.ma\\\/wp-content\\\/uploads\\\/2025\\\/05\\\/cropped-vitablanca.png\",\"contentUrl\":\"https:\\\/\\\/vitablanca.ma\\\/wp-content\\\/uploads\\\/2025\\\/05\\\/cropped-vitablanca.png\",\"width\":360,\"height\":67,\"caption\":\"VitaBlanca\"},\"image\":{\"@id\":\"https:\\\/\\\/vitablanca.ma\\\/#\\\/schema\\\/logo\\\/image\\\/\"},\"sameAs\":[\"https:\\\/\\\/www.facebook.com\\\/profile.php?id=61576678196717\",\"https:\\\/\\\/www.tiktok.com\\\/@vitablanca.ma\",\"https:\\\/\\\/www.instagram.com\\\/vitablanca.ma\\\/\"]}]}<\/script>\n<!-- \/ Yoast SEO plugin. -->","yoast_head_json":{"title":"Now Foods BioCell Collagen Hydrolyzed Collagen Type II - Morocco","description":"Buy Now Foods BioCell Hydrolyzed Collagen Type II in Morocco. 120 vegetarian capsules for advanced joint, cartilage, and skin support. 24\/48 hour home delivery!","robots":{"index":"index","follow":"follow","max-snippet":"max-snippet:-1","max-image-preview":"max-image-preview:large","max-video-preview":"max-video-preview:-1"},"canonical":"https:\/\/vitablanca.ma\/en\/product\/now-foods-biocell-collagen-collagene-hydrolyse-de-type-ii-120-capsules-vegetariennes\/","og_locale":"en_US","og_type":"article","og_title":"Now Foods BioCell Collagen Collag\u00e8ne hydrolys\u00e9 de type II- Maroc","og_description":"Achetez Now Foods BioCell Collag\u00e8ne hydrolys\u00e9 de Type II au Maroc. 120 capsules v\u00e9g\u00e9tariennes pour un soutien avanc\u00e9 des articulations, du cartilage et de la peau. Livraison chez vous en 24\/48h!","og_url":"https:\/\/vitablanca.ma\/en\/product\/now-foods-biocell-collagen-collagene-hydrolyse-de-type-ii-120-capsules-vegetariennes\/","og_site_name":"Vitablanca.ma &ndash; Sant&eacute;, vitalit&eacute; et bien-&ecirc;tre pour tous les Marocains","article_publisher":"https:\/\/www.facebook.com\/profile.php?id=61576678196717","article_modified_time":"2025-11-29T01:07:59+00:00","og_image":[{"width":680,"height":680,"url":"https:\/\/vitablanca.ma\/wp-content\/uploads\/2025\/04\/now-foods-biocell-collagen-collagene-hydrolyse-de-type-ii-120-.jpg","type":"image\/jpeg"}],"twitter_card":"summary_large_image","twitter_misc":{"Est. reading time":"1 minute"},"schema":{"@context":"https:\/\/schema.org","@graph":[{"@type":["WebPage","ItemPage"],"@id":"https:\/\/vitablanca.ma\/produit\/now-foods-biocell-collagen-collagene-hydrolyse-de-type-ii-120-capsules-vegetariennes\/","url":"https:\/\/vitablanca.ma\/produit\/now-foods-biocell-collagen-collagene-hydrolyse-de-type-ii-120-capsules-vegetariennes\/","name":"Now Foods BioCell Collagen Hydrolyzed Collagen Type II - Morocco","isPartOf":{"@id":"https:\/\/vitablanca.ma\/#website"},"primaryImageOfPage":{"@id":"https:\/\/vitablanca.ma\/produit\/now-foods-biocell-collagen-collagene-hydrolyse-de-type-ii-120-capsules-vegetariennes\/#primaryimage"},"image":{"@id":"https:\/\/vitablanca.ma\/produit\/now-foods-biocell-collagen-collagene-hydrolyse-de-type-ii-120-capsules-vegetariennes\/#primaryimage"},"thumbnailUrl":"https:\/\/vitablanca.ma\/wp-content\/uploads\/2025\/04\/now-foods-biocell-collagen-collagene-hydrolyse-de-type-ii-120-.jpg","datePublished":"2025-04-19T18:12:59+00:00","dateModified":"2025-11-29T01:07:59+00:00","description":"Buy Now Foods BioCell Hydrolyzed Collagen Type II in Morocco. 120 vegetarian capsules for advanced joint, cartilage, and skin support. 24\/48 hour home delivery!","breadcrumb":{"@id":"https:\/\/vitablanca.ma\/produit\/now-foods-biocell-collagen-collagene-hydrolyse-de-type-ii-120-capsules-vegetariennes\/#breadcrumb"},"inLanguage":"en-US","potentialAction":[{"@type":"ReadAction","target":["https:\/\/vitablanca.ma\/produit\/now-foods-biocell-collagen-collagene-hydrolyse-de-type-ii-120-capsules-vegetariennes\/"]}]},{"@type":"ImageObject","inLanguage":"en-US","@id":"https:\/\/vitablanca.ma\/produit\/now-foods-biocell-collagen-collagene-hydrolyse-de-type-ii-120-capsules-vegetariennes\/#primaryimage","url":"https:\/\/vitablanca.ma\/wp-content\/uploads\/2025\/04\/now-foods-biocell-collagen-collagene-hydrolyse-de-type-ii-120-.jpg","contentUrl":"https:\/\/vitablanca.ma\/wp-content\/uploads\/2025\/04\/now-foods-biocell-collagen-collagene-hydrolyse-de-type-ii-120-.jpg","width":680,"height":680},{"@type":"BreadcrumbList","@id":"https:\/\/vitablanca.ma\/produit\/now-foods-biocell-collagen-collagene-hydrolyse-de-type-ii-120-capsules-vegetariennes\/#breadcrumb","itemListElement":[{"@type":"ListItem","position":1,"name":"Home","item":"https:\/\/vitablanca.ma\/"},{"@type":"ListItem","position":2,"name":"Tous Les Produits","item":"https:\/\/vitablanca.ma\/tous-les-produits\/"},{"@type":"ListItem","position":3,"name":"Now Foods BioCell Collagen, Collag\u00e8ne hydrolys\u00e9 de type II, 120 capsules v\u00e9g\u00e9tariennes"}]},{"@type":"WebSite","@id":"https:\/\/vitablanca.ma\/#website","url":"https:\/\/vitablanca.ma\/","name":"VitaBlanca.ma | Food supplements, health &amp; beauty in Morocco","description":"sell premium vitamins and supplements from USA &amp; Canada, New Zealand, Morocco (NOW Foods, Solgar, Manuka). Fast delivery anywhere in Morocco.","publisher":{"@id":"https:\/\/vitablanca.ma\/#organization"},"alternateName":"VitaBlanca.ma","potentialAction":[{"@type":"SearchAction","target":{"@type":"EntryPoint","urlTemplate":"https:\/\/vitablanca.ma\/?s={search_term_string}"},"query-input":{"@type":"PropertyValueSpecification","valueRequired":true,"valueName":"search_term_string"}}],"inLanguage":"en-US"},{"@type":"Organization","@id":"https:\/\/vitablanca.ma\/#organization","name":"VitaBlanca","url":"https:\/\/vitablanca.ma\/","logo":{"@type":"ImageObject","inLanguage":"en-US","@id":"https:\/\/vitablanca.ma\/#\/schema\/logo\/image\/","url":"https:\/\/vitablanca.ma\/wp-content\/uploads\/2025\/05\/cropped-vitablanca.png","contentUrl":"https:\/\/vitablanca.ma\/wp-content\/uploads\/2025\/05\/cropped-vitablanca.png","width":360,"height":67,"caption":"VitaBlanca"},"image":{"@id":"https:\/\/vitablanca.ma\/#\/schema\/logo\/image\/"},"sameAs":["https:\/\/www.facebook.com\/profile.php?id=61576678196717","https:\/\/www.tiktok.com\/@vitablanca.ma","https:\/\/www.instagram.com\/vitablanca.ma\/"]}]}},"jetpack_sharing_enabled":true,"_links":{"self":[{"href":"https:\/\/vitablanca.ma\/en\/wp-json\/wp\/v2\/product\/279","targetHints":{"allow":["GET"]}}],"collection":[{"href":"https:\/\/vitablanca.ma\/en\/wp-json\/wp\/v2\/product"}],"about":[{"href":"https:\/\/vitablanca.ma\/en\/wp-json\/wp\/v2\/types\/product"}],"wp:featuredmedia":[{"embeddable":true,"href":"https:\/\/vitablanca.ma\/en\/wp-json\/wp\/v2\/media\/280"}],"wp:attachment":[{"href":"https:\/\/vitablanca.ma\/en\/wp-json\/wp\/v2\/media?parent=279"}],"wp:term":[{"taxonomy":"product_brand","embeddable":true,"href":"https:\/\/vitablanca.ma\/en\/wp-json\/wp\/v2\/product_brand?post=279"},{"taxonomy":"product_cat","embeddable":true,"href":"https:\/\/vitablanca.ma\/en\/wp-json\/wp\/v2\/product_cat?post=279"},{"taxonomy":"product_tag","embeddable":true,"href":"https:\/\/vitablanca.ma\/en\/wp-json\/wp\/v2\/product_tag?post=279"}],"curies":[{"name":"wp","href":"https:\/\/api.w.org\/{rel}","templated":true}]}}