{"id":27899,"date":"2026-01-15T19:56:20","date_gmt":"2026-01-15T19:56:20","guid":{"rendered":"https:\/\/vitablanca.ma\/?post_type=product&#038;p=27899"},"modified":"2026-03-19T12:55:15","modified_gmt":"2026-03-19T12:55:15","slug":"loreal-paris-infaillible-24h-serum-teintee-light-medium-3-4-30-ml","status":"publish","type":"product","link":"https:\/\/vitablanca.ma\/en\/product\/loreal-paris-infaillible-24h-serum-teintee-light-medium-3-4-30-ml\/","title":{"rendered":"L&rsquo;or\u00e9al paris infaillible 24h serum teintee light medium 3-4 30 ml"},"content":{"rendered":"<p data-start=\"108\" data-end=\"539\">Ce fond de teint nouvelle g\u00e9n\u00e9ration marie les\u00a0<strong data-start=\"257\" data-end=\"287\">b\u00e9n\u00e9fices d\u2019un soin visage<\/strong>\u00a0\u00e0 ceux d\u2019un maquillage haute performance. Gr\u00e2ce \u00e0 sa\u00a0<strong data-start=\"341\" data-end=\"371\">formule s\u00e9rum ultra-l\u00e9g\u00e8re<\/strong>, il glisse sur la peau et y d\u00e9pose un voile de\u00a0<strong data-start=\"419\" data-end=\"441\">couvrance parfaite<\/strong>, sans effet masque, pour un teint\u00a0<strong data-start=\"476\" data-end=\"507\">unifi\u00e9, naturel et lumineux<\/strong>\u00a0qui dure jusqu\u2019\u00e0\u00a0<strong data-start=\"525\" data-end=\"538\">24 heures<\/strong>.<\/p>\n<p data-start=\"541\" data-end=\"901\">Enrichi en ingr\u00e9dients hydratants et nourrissants, ce s\u00e9rum teint\u00e9 convient \u00e0 tous les types de peau, m\u00eame les plus sensibles. Il\u00a0<strong data-start=\"671\" data-end=\"701\">camouflages imperfections<\/strong>, lisse le grain de peau et corrige les rougeurs tout en laissant respirer l\u2019\u00e9piderme. Sa\u00a0<strong data-start=\"791\" data-end=\"824\">texture fluide et sensorielle<\/strong>\u00a0fusionne imm\u00e9diatement avec la peau pour un confort total, du matin au soir.<\/p>\n<p data-start=\"903\" data-end=\"1112\">Offrant le parfait \u00e9quilibre entre maquillage et soin, ce fond de teint-s\u00e9rum est l\u2019alli\u00e9 id\u00e9al pour celles et ceux qui recherchent une\u00a0<strong data-start=\"1039\" data-end=\"1074\">peau sublim\u00e9e sans sur\u00e9paisseur<\/strong>, avec un fini soyeux et longue tenue.<\/p>\n<p data-start=\"903\" data-end=\"1112\">THE\u00a0<strong>S\u00e9rum Teint\u00e9 Infaillible 24H<\/strong>\u00a0va au-del\u00e0 d&rsquo;un simple embellissement instantan\u00e9. Gr\u00e2ce \u00e0 sa concentration exceptionnelle en acide hyaluronique, il agit comme un v\u00e9ritable soin hydratant au quotidien. Cet actif puissant repulpe la peau de l&rsquo;int\u00e9rieur, lissant les ridules de d\u00e9shydratation et am\u00e9liorant l&rsquo;\u00e9lasticit\u00e9 pour un teint visiblement plus jeune et frais jour apr\u00e8s jour. Votre peau est non seulement belle \u00e0 l&rsquo;ext\u00e9rieur, mais aussi nourrie et hydrat\u00e9e en profondeur.<\/p>\n<p data-start=\"903\" data-end=\"1112\">Le S\u00e9rum\u00a0<strong>Teint\u00e9 Infaillible 24H<\/strong>\u00a0est le premier s\u00e9rum teint\u00e9 longue tenue infus\u00e9 \u00e0\u00a0<strong>1% d&rsquo;acide hyaluronique<\/strong>. D\u00e8s l&rsquo;application, le teint est plus lumineux, uniforme et la peau hydrat\u00e9e pour un fini naturel et \u00e9clatant de sant\u00e9. Les pigments min\u00e9raux lumineux offrent une couvrance l\u00e9g\u00e8re et transparente pour un teint sublim\u00e9, tandis que l&rsquo;acide hyaluronique hydrate et lisse la peau jour apr\u00e8s jour.<\/p>\n<p data-start=\"903\" data-end=\"1112\"><strong data-start=\"1125\" data-end=\"1151\">Directions for use<\/strong><\/p>\n<ol data-start=\"1152\" data-end=\"1431\">\n<li data-start=\"1152\" data-end=\"1201\">\n<p data-start=\"1155\" data-end=\"1201\">Appliquez 2 \u00e0 3 gouttes sur le dos de la main.<\/p>\n<\/li>\n<li data-start=\"1202\" data-end=\"1267\">\n<p data-start=\"1205\" data-end=\"1267\">Pr\u00e9levez la mati\u00e8re avec un pinceau, une \u00e9ponge ou vos doigts.<\/p>\n<\/li>\n<li data-start=\"1268\" data-end=\"1315\">\n<p data-start=\"1271\" data-end=\"1315\">\u00c9talez du centre du visage vers l\u2019ext\u00e9rieur.<\/p>\n<\/li>\n<li data-start=\"1316\" data-end=\"1373\">\n<p data-start=\"1319\" data-end=\"1373\">Ajoutez une couche sur les zones \u00e0 corriger si besoin.<\/p>\n<\/li>\n<li data-start=\"1374\" data-end=\"1431\">\n<p data-start=\"1377\" data-end=\"1431\">Fixez avec une poudre l\u00e9g\u00e8re pour une tenue optimis\u00e9e.<\/p>\n<\/li>\n<\/ol>","protected":false},"excerpt":{"rendered":"<p>Ce fond de teint nouvelle g\u00e9n\u00e9ration marie les\u00a0b\u00e9n\u00e9fices d\u2019un soin visage\u00a0\u00e0 ceux d\u2019un maquillage haute performance. Gr\u00e2ce \u00e0 sa\u00a0formule s\u00e9rum ultra-l\u00e9g\u00e8re, il glisse sur la peau et y d\u00e9pose un voile de\u00a0couvrance parfaite, sans effet masque, pour un teint\u00a0unifi\u00e9, naturel et lumineux\u00a0qui dure jusqu\u2019\u00e0\u00a024 heures. Enrichi en ingr\u00e9dients hydratants et nourrissants, ce s\u00e9rum teint\u00e9 convient [&hellip;]<\/p>\n","protected":false},"featured_media":27980,"template":"","meta":{"om_disable_all_campaigns":false},"product_brand":[5741],"product_cat":[18],"product_tag":[6016,6093,6089,5853,6121,5917,6094,6090,5753,6092],"class_list":{"0":"post-27899","1":"product","2":"type-product","3":"status-publish","4":"has-post-thumbnail","6":"product_brand-loreal-paris-maroc-prix","7":"product_cat-beaute-sante","8":"product_tag-fond-de-teint-longue-tenue","9":"product_tag-fond-de-teint-modulable","10":"product_tag-infaillible-24h","11":"product_tag-loreal-paris","12":"product_tag-light-medium-3-4","13":"product_tag-maquillage-teint","14":"product_tag-peau-lumineuse","15":"product_tag-serum-teinte","16":"product_tag-serum-teinte-loreal","17":"product_tag-teint-hydrate","19":"first","20":"outofstock","21":"sale","22":"taxable","23":"shipping-taxable","24":"purchasable","25":"product-type-simple"},"yoast_head":"<!-- This site is optimized with the Yoast SEO plugin v27.4 - https:\/\/yoast.com\/product\/yoast-seo-wordpress\/ -->\n<title>L\u2019Or\u00e9al Paris Infaillible 24H S\u00e9rum Teint\u00e9 Light - Maroc Prix<\/title>\n<meta name=\"description\" content=\"L\u2019Or\u00e9al Paris Infaillible 24H S\u00e9rum Teint\u00e9 Light Medium 3\u20114 hydrate, unifie et couvre le teint toute la journ\u00e9e. Fini naturel et lumin\" \/>\n<meta name=\"robots\" content=\"index, follow, max-snippet:-1, max-image-preview:large, max-video-preview:-1\" \/>\n<link rel=\"canonical\" href=\"https:\/\/vitablanca.ma\/en\/product\/loreal-paris-infaillible-24h-serum-teintee-light-medium-3-4-30-ml\/\" \/>\n<meta property=\"og:locale\" content=\"en_US\" \/>\n<meta property=\"og:type\" content=\"article\" \/>\n<meta property=\"og:title\" content=\"L\u2019Or\u00e9al Paris Infaillible 24H S\u00e9rum Teint\u00e9 Light - Maroc Prix\" \/>\n<meta property=\"og:description\" content=\"L\u2019Or\u00e9al Paris Infaillible 24H S\u00e9rum Teint\u00e9 Light Medium 3\u20114 hydrate, unifie et couvre le teint toute la journ\u00e9e. Fini naturel et lumin\" \/>\n<meta property=\"og:url\" content=\"https:\/\/vitablanca.ma\/en\/product\/loreal-paris-infaillible-24h-serum-teintee-light-medium-3-4-30-ml\/\" \/>\n<meta property=\"og:site_name\" content=\"Vitablanca.ma &ndash; Sant&eacute;, vitalit&eacute; et bien-&ecirc;tre pour tous les Marocains\" \/>\n<meta property=\"article:publisher\" content=\"https:\/\/www.facebook.com\/profile.php?id=61576678196717\" \/>\n<meta property=\"article:modified_time\" content=\"2026-03-19T12:55:15+00:00\" \/>\n<meta property=\"og:image\" content=\"https:\/\/vitablanca.ma\/wp-content\/uploads\/2026\/01\/3T4-1.png\" \/>\n\t<meta property=\"og:image:width\" content=\"880\" \/>\n\t<meta property=\"og:image:height\" content=\"880\" \/>\n\t<meta property=\"og:image:type\" content=\"image\/png\" \/>\n<meta name=\"twitter:card\" content=\"summary_large_image\" \/>\n<meta name=\"twitter:label1\" content=\"Est. reading time\" \/>\n\t<meta name=\"twitter:data1\" content=\"2 minutes\" \/>\n<script type=\"application\/ld+json\" class=\"yoast-schema-graph\">{\"@context\":\"https:\\\/\\\/schema.org\",\"@graph\":[{\"@type\":[\"WebPage\",\"ItemPage\"],\"@id\":\"https:\\\/\\\/vitablanca.ma\\\/produit\\\/loreal-paris-infaillible-24h-serum-teintee-light-medium-3-4-30-ml\\\/\",\"url\":\"https:\\\/\\\/vitablanca.ma\\\/produit\\\/loreal-paris-infaillible-24h-serum-teintee-light-medium-3-4-30-ml\\\/\",\"name\":\"L\u2019Or\u00e9al Paris Infaillible 24H S\u00e9rum Teint\u00e9 Light - Maroc Prix\",\"isPartOf\":{\"@id\":\"https:\\\/\\\/vitablanca.ma\\\/#website\"},\"primaryImageOfPage\":{\"@id\":\"https:\\\/\\\/vitablanca.ma\\\/produit\\\/loreal-paris-infaillible-24h-serum-teintee-light-medium-3-4-30-ml\\\/#primaryimage\"},\"image\":{\"@id\":\"https:\\\/\\\/vitablanca.ma\\\/produit\\\/loreal-paris-infaillible-24h-serum-teintee-light-medium-3-4-30-ml\\\/#primaryimage\"},\"thumbnailUrl\":\"https:\\\/\\\/vitablanca.ma\\\/wp-content\\\/uploads\\\/2026\\\/01\\\/3T4-1.png\",\"datePublished\":\"2026-01-15T19:56:20+00:00\",\"dateModified\":\"2026-03-19T12:55:15+00:00\",\"description\":\"L\u2019Or\u00e9al Paris Infaillible 24H S\u00e9rum Teint\u00e9 Light Medium 3\u20114 hydrate, unifie et couvre le teint toute la journ\u00e9e. Fini naturel et lumin\",\"breadcrumb\":{\"@id\":\"https:\\\/\\\/vitablanca.ma\\\/produit\\\/loreal-paris-infaillible-24h-serum-teintee-light-medium-3-4-30-ml\\\/#breadcrumb\"},\"inLanguage\":\"en-US\",\"potentialAction\":[{\"@type\":\"ReadAction\",\"target\":[\"https:\\\/\\\/vitablanca.ma\\\/produit\\\/loreal-paris-infaillible-24h-serum-teintee-light-medium-3-4-30-ml\\\/\"]}]},{\"@type\":\"ImageObject\",\"inLanguage\":\"en-US\",\"@id\":\"https:\\\/\\\/vitablanca.ma\\\/produit\\\/loreal-paris-infaillible-24h-serum-teintee-light-medium-3-4-30-ml\\\/#primaryimage\",\"url\":\"https:\\\/\\\/vitablanca.ma\\\/wp-content\\\/uploads\\\/2026\\\/01\\\/3T4-1.png\",\"contentUrl\":\"https:\\\/\\\/vitablanca.ma\\\/wp-content\\\/uploads\\\/2026\\\/01\\\/3T4-1.png\",\"width\":880,\"height\":880},{\"@type\":\"BreadcrumbList\",\"@id\":\"https:\\\/\\\/vitablanca.ma\\\/produit\\\/loreal-paris-infaillible-24h-serum-teintee-light-medium-3-4-30-ml\\\/#breadcrumb\",\"itemListElement\":[{\"@type\":\"ListItem\",\"position\":1,\"name\":\"Home\",\"item\":\"https:\\\/\\\/vitablanca.ma\\\/\"},{\"@type\":\"ListItem\",\"position\":2,\"name\":\"Tous Les Produits\",\"item\":\"https:\\\/\\\/vitablanca.ma\\\/tous-les-produits\\\/\"},{\"@type\":\"ListItem\",\"position\":3,\"name\":\"L&#8217;or\u00e9al paris infaillible 24h serum teintee light medium 3-4 30 ml\"}]},{\"@type\":\"WebSite\",\"@id\":\"https:\\\/\\\/vitablanca.ma\\\/#website\",\"url\":\"https:\\\/\\\/vitablanca.ma\\\/\",\"name\":\"VitaBlanca.ma | Compl\u00e9ments alimentaires, sant\u00e9 & beaut\u00e9 au Maroc\",\"description\":\"vendre vitamines et compl\u00e9ments premium des USA &amp; Canada, Nouvelle Z\u00e9lande,Maroc (NOW Foods, Solgar, Manuka). Livraison rapide partout au Maroc.\",\"publisher\":{\"@id\":\"https:\\\/\\\/vitablanca.ma\\\/#organization\"},\"alternateName\":\"VitaBlanca.ma\",\"potentialAction\":[{\"@type\":\"SearchAction\",\"target\":{\"@type\":\"EntryPoint\",\"urlTemplate\":\"https:\\\/\\\/vitablanca.ma\\\/?s={search_term_string}\"},\"query-input\":{\"@type\":\"PropertyValueSpecification\",\"valueRequired\":true,\"valueName\":\"search_term_string\"}}],\"inLanguage\":\"en-US\"},{\"@type\":\"Organization\",\"@id\":\"https:\\\/\\\/vitablanca.ma\\\/#organization\",\"name\":\"VitaBlanca\",\"url\":\"https:\\\/\\\/vitablanca.ma\\\/\",\"logo\":{\"@type\":\"ImageObject\",\"inLanguage\":\"en-US\",\"@id\":\"https:\\\/\\\/vitablanca.ma\\\/#\\\/schema\\\/logo\\\/image\\\/\",\"url\":\"https:\\\/\\\/vitablanca.ma\\\/wp-content\\\/uploads\\\/2025\\\/05\\\/cropped-vitablanca.png\",\"contentUrl\":\"https:\\\/\\\/vitablanca.ma\\\/wp-content\\\/uploads\\\/2025\\\/05\\\/cropped-vitablanca.png\",\"width\":360,\"height\":67,\"caption\":\"VitaBlanca\"},\"image\":{\"@id\":\"https:\\\/\\\/vitablanca.ma\\\/#\\\/schema\\\/logo\\\/image\\\/\"},\"sameAs\":[\"https:\\\/\\\/www.facebook.com\\\/profile.php?id=61576678196717\",\"https:\\\/\\\/www.tiktok.com\\\/@vitablanca.ma\",\"https:\\\/\\\/www.instagram.com\\\/vitablanca.ma\\\/\"]}]}<\/script>\n<!-- \/ Yoast SEO plugin. -->","yoast_head_json":{"title":"L\u2019Or\u00e9al Paris Infaillible 24H S\u00e9rum Teint\u00e9 Light - Maroc Prix","description":"L\u2019Or\u00e9al Paris Infaillible 24H S\u00e9rum Teint\u00e9 Light Medium 3\u20114 hydrate, unifie et couvre le teint toute la journ\u00e9e. Fini naturel et lumin","robots":{"index":"index","follow":"follow","max-snippet":"max-snippet:-1","max-image-preview":"max-image-preview:large","max-video-preview":"max-video-preview:-1"},"canonical":"https:\/\/vitablanca.ma\/en\/product\/loreal-paris-infaillible-24h-serum-teintee-light-medium-3-4-30-ml\/","og_locale":"en_US","og_type":"article","og_title":"L\u2019Or\u00e9al Paris Infaillible 24H S\u00e9rum Teint\u00e9 Light - Maroc Prix","og_description":"L\u2019Or\u00e9al Paris Infaillible 24H S\u00e9rum Teint\u00e9 Light Medium 3\u20114 hydrate, unifie et couvre le teint toute la journ\u00e9e. Fini naturel et lumin","og_url":"https:\/\/vitablanca.ma\/en\/product\/loreal-paris-infaillible-24h-serum-teintee-light-medium-3-4-30-ml\/","og_site_name":"Vitablanca.ma &ndash; Sant&eacute;, vitalit&eacute; et bien-&ecirc;tre pour tous les Marocains","article_publisher":"https:\/\/www.facebook.com\/profile.php?id=61576678196717","article_modified_time":"2026-03-19T12:55:15+00:00","og_image":[{"width":880,"height":880,"url":"https:\/\/vitablanca.ma\/wp-content\/uploads\/2026\/01\/3T4-1.png","type":"image\/png"}],"twitter_card":"summary_large_image","twitter_misc":{"Est. reading time":"2 minutes"},"schema":{"@context":"https:\/\/schema.org","@graph":[{"@type":["WebPage","ItemPage"],"@id":"https:\/\/vitablanca.ma\/produit\/loreal-paris-infaillible-24h-serum-teintee-light-medium-3-4-30-ml\/","url":"https:\/\/vitablanca.ma\/produit\/loreal-paris-infaillible-24h-serum-teintee-light-medium-3-4-30-ml\/","name":"L\u2019Or\u00e9al Paris Infaillible 24H S\u00e9rum Teint\u00e9 Light - Maroc Prix","isPartOf":{"@id":"https:\/\/vitablanca.ma\/#website"},"primaryImageOfPage":{"@id":"https:\/\/vitablanca.ma\/produit\/loreal-paris-infaillible-24h-serum-teintee-light-medium-3-4-30-ml\/#primaryimage"},"image":{"@id":"https:\/\/vitablanca.ma\/produit\/loreal-paris-infaillible-24h-serum-teintee-light-medium-3-4-30-ml\/#primaryimage"},"thumbnailUrl":"https:\/\/vitablanca.ma\/wp-content\/uploads\/2026\/01\/3T4-1.png","datePublished":"2026-01-15T19:56:20+00:00","dateModified":"2026-03-19T12:55:15+00:00","description":"L\u2019Or\u00e9al Paris Infaillible 24H S\u00e9rum Teint\u00e9 Light Medium 3\u20114 hydrate, unifie et couvre le teint toute la journ\u00e9e. Fini naturel et lumin","breadcrumb":{"@id":"https:\/\/vitablanca.ma\/produit\/loreal-paris-infaillible-24h-serum-teintee-light-medium-3-4-30-ml\/#breadcrumb"},"inLanguage":"en-US","potentialAction":[{"@type":"ReadAction","target":["https:\/\/vitablanca.ma\/produit\/loreal-paris-infaillible-24h-serum-teintee-light-medium-3-4-30-ml\/"]}]},{"@type":"ImageObject","inLanguage":"en-US","@id":"https:\/\/vitablanca.ma\/produit\/loreal-paris-infaillible-24h-serum-teintee-light-medium-3-4-30-ml\/#primaryimage","url":"https:\/\/vitablanca.ma\/wp-content\/uploads\/2026\/01\/3T4-1.png","contentUrl":"https:\/\/vitablanca.ma\/wp-content\/uploads\/2026\/01\/3T4-1.png","width":880,"height":880},{"@type":"BreadcrumbList","@id":"https:\/\/vitablanca.ma\/produit\/loreal-paris-infaillible-24h-serum-teintee-light-medium-3-4-30-ml\/#breadcrumb","itemListElement":[{"@type":"ListItem","position":1,"name":"Home","item":"https:\/\/vitablanca.ma\/"},{"@type":"ListItem","position":2,"name":"Tous Les Produits","item":"https:\/\/vitablanca.ma\/tous-les-produits\/"},{"@type":"ListItem","position":3,"name":"L&#8217;or\u00e9al paris infaillible 24h serum teintee light medium 3-4 30 ml"}]},{"@type":"WebSite","@id":"https:\/\/vitablanca.ma\/#website","url":"https:\/\/vitablanca.ma\/","name":"VitaBlanca.ma | Food supplements, health &amp; beauty in Morocco","description":"sell premium vitamins and supplements from USA &amp; Canada, New Zealand, Morocco (NOW Foods, Solgar, Manuka). Fast delivery anywhere in Morocco.","publisher":{"@id":"https:\/\/vitablanca.ma\/#organization"},"alternateName":"VitaBlanca.ma","potentialAction":[{"@type":"SearchAction","target":{"@type":"EntryPoint","urlTemplate":"https:\/\/vitablanca.ma\/?s={search_term_string}"},"query-input":{"@type":"PropertyValueSpecification","valueRequired":true,"valueName":"search_term_string"}}],"inLanguage":"en-US"},{"@type":"Organization","@id":"https:\/\/vitablanca.ma\/#organization","name":"VitaBlanca","url":"https:\/\/vitablanca.ma\/","logo":{"@type":"ImageObject","inLanguage":"en-US","@id":"https:\/\/vitablanca.ma\/#\/schema\/logo\/image\/","url":"https:\/\/vitablanca.ma\/wp-content\/uploads\/2025\/05\/cropped-vitablanca.png","contentUrl":"https:\/\/vitablanca.ma\/wp-content\/uploads\/2025\/05\/cropped-vitablanca.png","width":360,"height":67,"caption":"VitaBlanca"},"image":{"@id":"https:\/\/vitablanca.ma\/#\/schema\/logo\/image\/"},"sameAs":["https:\/\/www.facebook.com\/profile.php?id=61576678196717","https:\/\/www.tiktok.com\/@vitablanca.ma","https:\/\/www.instagram.com\/vitablanca.ma\/"]}]}},"jetpack_sharing_enabled":true,"_links":{"self":[{"href":"https:\/\/vitablanca.ma\/en\/wp-json\/wp\/v2\/product\/27899","targetHints":{"allow":["GET"]}}],"collection":[{"href":"https:\/\/vitablanca.ma\/en\/wp-json\/wp\/v2\/product"}],"about":[{"href":"https:\/\/vitablanca.ma\/en\/wp-json\/wp\/v2\/types\/product"}],"wp:featuredmedia":[{"embeddable":true,"href":"https:\/\/vitablanca.ma\/en\/wp-json\/wp\/v2\/media\/27980"}],"wp:attachment":[{"href":"https:\/\/vitablanca.ma\/en\/wp-json\/wp\/v2\/media?parent=27899"}],"wp:term":[{"taxonomy":"product_brand","embeddable":true,"href":"https:\/\/vitablanca.ma\/en\/wp-json\/wp\/v2\/product_brand?post=27899"},{"taxonomy":"product_cat","embeddable":true,"href":"https:\/\/vitablanca.ma\/en\/wp-json\/wp\/v2\/product_cat?post=27899"},{"taxonomy":"product_tag","embeddable":true,"href":"https:\/\/vitablanca.ma\/en\/wp-json\/wp\/v2\/product_tag?post=27899"}],"curies":[{"name":"wp","href":"https:\/\/api.w.org\/{rel}","templated":true}]}}