{"id":27893,"date":"2026-01-15T19:56:19","date_gmt":"2026-01-15T19:56:19","guid":{"rendered":"https:\/\/vitablanca.ma\/?post_type=product&#038;p=27893"},"modified":"2026-03-19T12:55:16","modified_gmt":"2026-03-19T12:55:16","slug":"elseve-hyaluron-repulp-masque-hydra-regenerant-310ml","status":"publish","type":"product","link":"https:\/\/vitablanca.ma\/en\/product\/elseve-hyaluron-repulp-masque-hydra-regenerant-310ml\/","title":{"rendered":"Elseve hyaluron repulp masque hydra-regenerant 310ml"},"content":{"rendered":"<p class=\"\" data-start=\"185\" data-end=\"613\">THE\u00a0<strong data-start=\"188\" data-end=\"245\">Masque Hydra-R\u00e9g\u00e9n\u00e9rant Elseve Hyaluron Repulp 310 ml<\/strong>\u00a0of\u00a0<strong data-start=\"249\" data-end=\"266\">L\u2019Or\u00e9al Paris<\/strong>\u00a0est un soin profond con\u00e7u pour revitaliser les cheveux\u00a0<strong data-start=\"322\" data-end=\"357\">d\u00e9shydrat\u00e9s, ternes et fatigu\u00e9s<\/strong>. Gr\u00e2ce \u00e0 sa formule enrichie en\u00a0<strong data-start=\"390\" data-end=\"412\">hyaluronic acid<\/strong>, un actif dermatologique reconnu pour sa capacit\u00e9 \u00e0 retenir jusqu\u2019\u00e0 1000 fois son poids en eau, ce masque\u00a0<strong data-start=\"519\" data-end=\"550\">repulpe la fibre capillaire<\/strong>, la gorge d\u2019hydratation et renforce les cheveux en profondeur.<\/p>\n<p class=\"\" data-start=\"615\" data-end=\"787\">D\u00e8s la premi\u00e8re application, les cheveux sont\u00a0<strong data-start=\"661\" data-end=\"690\">visiblement plus hydrat\u00e9s<\/strong>, souples, brillants, et faciles \u00e0 coiffer. Sa texture fondante p\u00e9n\u00e8tre rapidement sans alourdir.<\/p>\n<p class=\"\" data-start=\"789\" data-end=\"804\"><strong data-start=\"789\" data-end=\"802\">Results<\/strong>\u00a0:<\/p>\n<ul data-start=\"805\" data-end=\"925\">\n<li class=\"\" data-start=\"805\" data-end=\"848\">\n<p class=\"\" data-start=\"807\" data-end=\"848\">Hydratation intense pendant\u00a0<strong data-start=\"835\" data-end=\"848\">72 heures<\/strong><\/p>\n<\/li>\n<li class=\"\" data-start=\"849\" data-end=\"877\">\n<p class=\"\" data-start=\"851\" data-end=\"877\">Cheveux 10x plus hydrat\u00e9s*<\/p>\n<\/li>\n<li class=\"\" data-start=\"878\" data-end=\"925\">\n<p class=\"\" data-start=\"880\" data-end=\"925\">Chevelure souple, douce et \u00e9clatante de sant\u00e9<\/p>\n<\/li>\n<\/ul>\n<p class=\"\" data-start=\"927\" data-end=\"1141\"><strong data-start=\"927\" data-end=\"955\">Directions for use:<\/strong><br data-start=\"955\" data-end=\"958\" \/>Appliquer g\u00e9n\u00e9reusement sur cheveux lav\u00e9s et essor\u00e9s, des longueurs jusqu\u2019aux pointes. Laisser poser\u00a0<strong data-start=\"1059\" data-end=\"1076\">2 \u00e0 3 minutes<\/strong>, puis rincer abondamment. \u00c0 utiliser\u00a0<strong data-start=\"1114\" data-end=\"1140\">2 to 3 times a week<\/strong>.<\/p>","protected":false},"excerpt":{"rendered":"<p>Le\u00a0Masque Hydra-R\u00e9g\u00e9n\u00e9rant Elseve Hyaluron Repulp 310 ml\u00a0de\u00a0L\u2019Or\u00e9al Paris\u00a0est un soin profond con\u00e7u pour revitaliser les cheveux\u00a0d\u00e9shydrat\u00e9s, ternes et fatigu\u00e9s. Gr\u00e2ce \u00e0 sa formule enrichie en\u00a0acide hyaluronique, un actif dermatologique reconnu pour sa capacit\u00e9 \u00e0 retenir jusqu\u2019\u00e0 1000 fois son poids en eau, ce masque\u00a0repulpe la fibre capillaire, la gorge d\u2019hydratation et renforce les cheveux en [&hellip;]<\/p>\n","protected":false},"featured_media":27960,"template":"","meta":{"om_disable_all_campaigns":false},"product_brand":[5741],"product_cat":[18],"product_tag":[6135,6119,6053,6054,5884,6117,6040,6134,6136,6034],"class_list":{"0":"post-27893","1":"product","2":"type-product","3":"status-publish","4":"has-post-thumbnail","6":"product_brand-loreal-paris-maroc-prix","7":"product_cat-beaute-sante","8":"product_tag-310-ml","9":"product_tag-cheveux-hydrates","10":"product_tag-cheveux-repulpes","11":"product_tag-cheveux-secs","12":"product_tag-elseve","13":"product_tag-hyaluron-repulp","14":"product_tag-loreal-elseve","15":"product_tag-masque-hydra-regenerant","16":"product_tag-masque-nourrissant","17":"product_tag-soin-cheveux","19":"first","20":"outofstock","21":"sale","22":"taxable","23":"shipping-taxable","24":"purchasable","25":"product-type-simple"},"yoast_head":"<!-- This site is optimized with the Yoast SEO plugin v27.3 - https:\/\/yoast.com\/product\/yoast-seo-wordpress\/ -->\n<title>Elseve Hyaluron Repulp Masque Hydra-310\u202fml - Maroc Prix<\/title>\n<meta name=\"description\" content=\"Elseve Hyaluron Repulp Masque Hydra-R\u00e9g\u00e9n\u00e9rant 310\u202fml nourrit, hydrate et repulpe les cheveux secs et ab\u00eem\u00e9s. Cheveux doux,\" \/>\n<meta name=\"robots\" content=\"index, follow, max-snippet:-1, max-image-preview:large, max-video-preview:-1\" \/>\n<link rel=\"canonical\" href=\"https:\/\/vitablanca.ma\/en\/product\/elseve-hyaluron-repulp-masque-hydra-regenerant-310ml\/\" \/>\n<meta property=\"og:locale\" content=\"en_US\" \/>\n<meta property=\"og:type\" content=\"article\" \/>\n<meta property=\"og:title\" content=\"Elseve Hyaluron Repulp Masque Hydra-310\u202fml - Maroc Prix\" \/>\n<meta property=\"og:description\" content=\"Elseve Hyaluron Repulp Masque Hydra-R\u00e9g\u00e9n\u00e9rant 310\u202fml nourrit, hydrate et repulpe les cheveux secs et ab\u00eem\u00e9s. Cheveux doux,\" \/>\n<meta property=\"og:url\" content=\"https:\/\/vitablanca.ma\/en\/product\/elseve-hyaluron-repulp-masque-hydra-regenerant-310ml\/\" \/>\n<meta property=\"og:site_name\" content=\"Vitablanca.ma &ndash; Sant&eacute;, vitalit&eacute; et bien-&ecirc;tre pour tous les Marocains\" \/>\n<meta property=\"article:publisher\" content=\"https:\/\/www.facebook.com\/profile.php?id=61576678196717\" \/>\n<meta property=\"article:modified_time\" content=\"2026-03-19T12:55:16+00:00\" \/>\n<meta property=\"og:image\" content=\"https:\/\/vitablanca.ma\/wp-content\/uploads\/2026\/01\/Elseve-Hyaluron-repulp-Masque-Hydra-regenerant-310ml_1-1.png\" \/>\n\t<meta property=\"og:image:width\" content=\"1080\" \/>\n\t<meta property=\"og:image:height\" content=\"1080\" \/>\n\t<meta property=\"og:image:type\" content=\"image\/png\" \/>\n<meta name=\"twitter:card\" content=\"summary_large_image\" \/>\n<meta name=\"twitter:label1\" content=\"Est. reading time\" \/>\n\t<meta name=\"twitter:data1\" content=\"1 minute\" \/>\n<script type=\"application\/ld+json\" class=\"yoast-schema-graph\">{\"@context\":\"https:\\\/\\\/schema.org\",\"@graph\":[{\"@type\":[\"WebPage\",\"ItemPage\"],\"@id\":\"https:\\\/\\\/vitablanca.ma\\\/produit\\\/elseve-hyaluron-repulp-masque-hydra-regenerant-310ml\\\/\",\"url\":\"https:\\\/\\\/vitablanca.ma\\\/produit\\\/elseve-hyaluron-repulp-masque-hydra-regenerant-310ml\\\/\",\"name\":\"Elseve Hyaluron Repulp Masque Hydra-310\u202fml - Maroc Prix\",\"isPartOf\":{\"@id\":\"https:\\\/\\\/vitablanca.ma\\\/#website\"},\"primaryImageOfPage\":{\"@id\":\"https:\\\/\\\/vitablanca.ma\\\/produit\\\/elseve-hyaluron-repulp-masque-hydra-regenerant-310ml\\\/#primaryimage\"},\"image\":{\"@id\":\"https:\\\/\\\/vitablanca.ma\\\/produit\\\/elseve-hyaluron-repulp-masque-hydra-regenerant-310ml\\\/#primaryimage\"},\"thumbnailUrl\":\"https:\\\/\\\/vitablanca.ma\\\/wp-content\\\/uploads\\\/2026\\\/01\\\/Elseve-Hyaluron-repulp-Masque-Hydra-regenerant-310ml_1-1.png\",\"datePublished\":\"2026-01-15T19:56:19+00:00\",\"dateModified\":\"2026-03-19T12:55:16+00:00\",\"description\":\"Elseve Hyaluron Repulp Masque Hydra-R\u00e9g\u00e9n\u00e9rant 310\u202fml nourrit, hydrate et repulpe les cheveux secs et ab\u00eem\u00e9s. Cheveux doux,\",\"breadcrumb\":{\"@id\":\"https:\\\/\\\/vitablanca.ma\\\/produit\\\/elseve-hyaluron-repulp-masque-hydra-regenerant-310ml\\\/#breadcrumb\"},\"inLanguage\":\"en-US\",\"potentialAction\":[{\"@type\":\"ReadAction\",\"target\":[\"https:\\\/\\\/vitablanca.ma\\\/produit\\\/elseve-hyaluron-repulp-masque-hydra-regenerant-310ml\\\/\"]}]},{\"@type\":\"ImageObject\",\"inLanguage\":\"en-US\",\"@id\":\"https:\\\/\\\/vitablanca.ma\\\/produit\\\/elseve-hyaluron-repulp-masque-hydra-regenerant-310ml\\\/#primaryimage\",\"url\":\"https:\\\/\\\/vitablanca.ma\\\/wp-content\\\/uploads\\\/2026\\\/01\\\/Elseve-Hyaluron-repulp-Masque-Hydra-regenerant-310ml_1-1.png\",\"contentUrl\":\"https:\\\/\\\/vitablanca.ma\\\/wp-content\\\/uploads\\\/2026\\\/01\\\/Elseve-Hyaluron-repulp-Masque-Hydra-regenerant-310ml_1-1.png\",\"width\":1080,\"height\":1080},{\"@type\":\"BreadcrumbList\",\"@id\":\"https:\\\/\\\/vitablanca.ma\\\/produit\\\/elseve-hyaluron-repulp-masque-hydra-regenerant-310ml\\\/#breadcrumb\",\"itemListElement\":[{\"@type\":\"ListItem\",\"position\":1,\"name\":\"Home\",\"item\":\"https:\\\/\\\/vitablanca.ma\\\/\"},{\"@type\":\"ListItem\",\"position\":2,\"name\":\"Tous Les Produits\",\"item\":\"https:\\\/\\\/vitablanca.ma\\\/tous-les-produits\\\/\"},{\"@type\":\"ListItem\",\"position\":3,\"name\":\"Elseve hyaluron repulp masque hydra-regenerant 310ml\"}]},{\"@type\":\"WebSite\",\"@id\":\"https:\\\/\\\/vitablanca.ma\\\/#website\",\"url\":\"https:\\\/\\\/vitablanca.ma\\\/\",\"name\":\"VitaBlanca.ma | Compl\u00e9ments alimentaires, sant\u00e9 & beaut\u00e9 au Maroc\",\"description\":\"vendre vitamines et compl\u00e9ments premium des USA &amp; Canada, Nouvelle Z\u00e9lande,Maroc (NOW Foods, Solgar, Manuka). Livraison rapide partout au Maroc.\",\"publisher\":{\"@id\":\"https:\\\/\\\/vitablanca.ma\\\/#organization\"},\"alternateName\":\"VitaBlanca.ma\",\"potentialAction\":[{\"@type\":\"SearchAction\",\"target\":{\"@type\":\"EntryPoint\",\"urlTemplate\":\"https:\\\/\\\/vitablanca.ma\\\/?s={search_term_string}\"},\"query-input\":{\"@type\":\"PropertyValueSpecification\",\"valueRequired\":true,\"valueName\":\"search_term_string\"}}],\"inLanguage\":\"en-US\"},{\"@type\":\"Organization\",\"@id\":\"https:\\\/\\\/vitablanca.ma\\\/#organization\",\"name\":\"VitaBlanca\",\"url\":\"https:\\\/\\\/vitablanca.ma\\\/\",\"logo\":{\"@type\":\"ImageObject\",\"inLanguage\":\"en-US\",\"@id\":\"https:\\\/\\\/vitablanca.ma\\\/#\\\/schema\\\/logo\\\/image\\\/\",\"url\":\"https:\\\/\\\/vitablanca.ma\\\/wp-content\\\/uploads\\\/2025\\\/05\\\/cropped-vitablanca.png\",\"contentUrl\":\"https:\\\/\\\/vitablanca.ma\\\/wp-content\\\/uploads\\\/2025\\\/05\\\/cropped-vitablanca.png\",\"width\":360,\"height\":67,\"caption\":\"VitaBlanca\"},\"image\":{\"@id\":\"https:\\\/\\\/vitablanca.ma\\\/#\\\/schema\\\/logo\\\/image\\\/\"},\"sameAs\":[\"https:\\\/\\\/www.facebook.com\\\/profile.php?id=61576678196717\",\"https:\\\/\\\/www.tiktok.com\\\/@vitablanca.ma\",\"https:\\\/\\\/www.instagram.com\\\/vitablanca.ma\\\/\"]}]}<\/script>\n<!-- \/ Yoast SEO plugin. -->","yoast_head_json":{"title":"Elseve Hyaluron Repulp Masque Hydra-310\u202fml - Maroc Prix","description":"Elseve Hyaluron Repulp Masque Hydra-R\u00e9g\u00e9n\u00e9rant 310\u202fml nourrit, hydrate et repulpe les cheveux secs et ab\u00eem\u00e9s. Cheveux doux,","robots":{"index":"index","follow":"follow","max-snippet":"max-snippet:-1","max-image-preview":"max-image-preview:large","max-video-preview":"max-video-preview:-1"},"canonical":"https:\/\/vitablanca.ma\/en\/product\/elseve-hyaluron-repulp-masque-hydra-regenerant-310ml\/","og_locale":"en_US","og_type":"article","og_title":"Elseve Hyaluron Repulp Masque Hydra-310\u202fml - Maroc Prix","og_description":"Elseve Hyaluron Repulp Masque Hydra-R\u00e9g\u00e9n\u00e9rant 310\u202fml nourrit, hydrate et repulpe les cheveux secs et ab\u00eem\u00e9s. Cheveux doux,","og_url":"https:\/\/vitablanca.ma\/en\/product\/elseve-hyaluron-repulp-masque-hydra-regenerant-310ml\/","og_site_name":"Vitablanca.ma &ndash; Sant&eacute;, vitalit&eacute; et bien-&ecirc;tre pour tous les Marocains","article_publisher":"https:\/\/www.facebook.com\/profile.php?id=61576678196717","article_modified_time":"2026-03-19T12:55:16+00:00","og_image":[{"width":1080,"height":1080,"url":"https:\/\/vitablanca.ma\/wp-content\/uploads\/2026\/01\/Elseve-Hyaluron-repulp-Masque-Hydra-regenerant-310ml_1-1.png","type":"image\/png"}],"twitter_card":"summary_large_image","twitter_misc":{"Est. reading time":"1 minute"},"schema":{"@context":"https:\/\/schema.org","@graph":[{"@type":["WebPage","ItemPage"],"@id":"https:\/\/vitablanca.ma\/produit\/elseve-hyaluron-repulp-masque-hydra-regenerant-310ml\/","url":"https:\/\/vitablanca.ma\/produit\/elseve-hyaluron-repulp-masque-hydra-regenerant-310ml\/","name":"Elseve Hyaluron Repulp Masque Hydra-310\u202fml - Maroc Prix","isPartOf":{"@id":"https:\/\/vitablanca.ma\/#website"},"primaryImageOfPage":{"@id":"https:\/\/vitablanca.ma\/produit\/elseve-hyaluron-repulp-masque-hydra-regenerant-310ml\/#primaryimage"},"image":{"@id":"https:\/\/vitablanca.ma\/produit\/elseve-hyaluron-repulp-masque-hydra-regenerant-310ml\/#primaryimage"},"thumbnailUrl":"https:\/\/vitablanca.ma\/wp-content\/uploads\/2026\/01\/Elseve-Hyaluron-repulp-Masque-Hydra-regenerant-310ml_1-1.png","datePublished":"2026-01-15T19:56:19+00:00","dateModified":"2026-03-19T12:55:16+00:00","description":"Elseve Hyaluron Repulp Masque Hydra-R\u00e9g\u00e9n\u00e9rant 310\u202fml nourrit, hydrate et repulpe les cheveux secs et ab\u00eem\u00e9s. Cheveux doux,","breadcrumb":{"@id":"https:\/\/vitablanca.ma\/produit\/elseve-hyaluron-repulp-masque-hydra-regenerant-310ml\/#breadcrumb"},"inLanguage":"en-US","potentialAction":[{"@type":"ReadAction","target":["https:\/\/vitablanca.ma\/produit\/elseve-hyaluron-repulp-masque-hydra-regenerant-310ml\/"]}]},{"@type":"ImageObject","inLanguage":"en-US","@id":"https:\/\/vitablanca.ma\/produit\/elseve-hyaluron-repulp-masque-hydra-regenerant-310ml\/#primaryimage","url":"https:\/\/vitablanca.ma\/wp-content\/uploads\/2026\/01\/Elseve-Hyaluron-repulp-Masque-Hydra-regenerant-310ml_1-1.png","contentUrl":"https:\/\/vitablanca.ma\/wp-content\/uploads\/2026\/01\/Elseve-Hyaluron-repulp-Masque-Hydra-regenerant-310ml_1-1.png","width":1080,"height":1080},{"@type":"BreadcrumbList","@id":"https:\/\/vitablanca.ma\/produit\/elseve-hyaluron-repulp-masque-hydra-regenerant-310ml\/#breadcrumb","itemListElement":[{"@type":"ListItem","position":1,"name":"Home","item":"https:\/\/vitablanca.ma\/"},{"@type":"ListItem","position":2,"name":"Tous Les Produits","item":"https:\/\/vitablanca.ma\/tous-les-produits\/"},{"@type":"ListItem","position":3,"name":"Elseve hyaluron repulp masque hydra-regenerant 310ml"}]},{"@type":"WebSite","@id":"https:\/\/vitablanca.ma\/#website","url":"https:\/\/vitablanca.ma\/","name":"VitaBlanca.ma | Food supplements, health &amp; beauty in Morocco","description":"sell premium vitamins and supplements from USA &amp; Canada, New Zealand, Morocco (NOW Foods, Solgar, Manuka). Fast delivery anywhere in Morocco.","publisher":{"@id":"https:\/\/vitablanca.ma\/#organization"},"alternateName":"VitaBlanca.ma","potentialAction":[{"@type":"SearchAction","target":{"@type":"EntryPoint","urlTemplate":"https:\/\/vitablanca.ma\/?s={search_term_string}"},"query-input":{"@type":"PropertyValueSpecification","valueRequired":true,"valueName":"search_term_string"}}],"inLanguage":"en-US"},{"@type":"Organization","@id":"https:\/\/vitablanca.ma\/#organization","name":"VitaBlanca","url":"https:\/\/vitablanca.ma\/","logo":{"@type":"ImageObject","inLanguage":"en-US","@id":"https:\/\/vitablanca.ma\/#\/schema\/logo\/image\/","url":"https:\/\/vitablanca.ma\/wp-content\/uploads\/2025\/05\/cropped-vitablanca.png","contentUrl":"https:\/\/vitablanca.ma\/wp-content\/uploads\/2025\/05\/cropped-vitablanca.png","width":360,"height":67,"caption":"VitaBlanca"},"image":{"@id":"https:\/\/vitablanca.ma\/#\/schema\/logo\/image\/"},"sameAs":["https:\/\/www.facebook.com\/profile.php?id=61576678196717","https:\/\/www.tiktok.com\/@vitablanca.ma","https:\/\/www.instagram.com\/vitablanca.ma\/"]}]}},"jetpack_sharing_enabled":true,"_links":{"self":[{"href":"https:\/\/vitablanca.ma\/en\/wp-json\/wp\/v2\/product\/27893","targetHints":{"allow":["GET"]}}],"collection":[{"href":"https:\/\/vitablanca.ma\/en\/wp-json\/wp\/v2\/product"}],"about":[{"href":"https:\/\/vitablanca.ma\/en\/wp-json\/wp\/v2\/types\/product"}],"wp:featuredmedia":[{"embeddable":true,"href":"https:\/\/vitablanca.ma\/en\/wp-json\/wp\/v2\/media\/27960"}],"wp:attachment":[{"href":"https:\/\/vitablanca.ma\/en\/wp-json\/wp\/v2\/media?parent=27893"}],"wp:term":[{"taxonomy":"product_brand","embeddable":true,"href":"https:\/\/vitablanca.ma\/en\/wp-json\/wp\/v2\/product_brand?post=27893"},{"taxonomy":"product_cat","embeddable":true,"href":"https:\/\/vitablanca.ma\/en\/wp-json\/wp\/v2\/product_cat?post=27893"},{"taxonomy":"product_tag","embeddable":true,"href":"https:\/\/vitablanca.ma\/en\/wp-json\/wp\/v2\/product_tag?post=27893"}],"curies":[{"name":"wp","href":"https:\/\/api.w.org\/{rel}","templated":true}]}}