{"id":27877,"date":"2026-01-15T19:56:18","date_gmt":"2026-01-15T19:56:18","guid":{"rendered":"https:\/\/vitablanca.ma\/?post_type=product&#038;p=27877"},"modified":"2026-03-19T12:55:16","modified_gmt":"2026-03-19T12:55:16","slug":"loreal-paris-infaillible-liquide-resistance-rouge-a-levres-420-true-romance-mini-mascara-trousse-offertes","status":"publish","type":"product","link":"https:\/\/vitablanca.ma\/en\/product\/loreal-paris-infaillible-liquide-resistance-rouge-a-levres-420-true-romance-mini-mascara-trousse-offertes\/","title":{"rendered":"L&rsquo;or\u00e9al paris-infaillible Liquide resistance &#8211; rouge \u00e0 l\u00e8vres 420 TRUE ROMANCE = Mini mascara + Trousse OFFERTES"},"content":{"rendered":"<div class=\"\">\n<div class=\"\"><span class=\"sDq_FX lystZ1 FxZV-M HlZ_Tf\">Rouge \u00e0 l\u00e8vres Liquide 420 nourrissant qui r\u00e9siste \u00e0 tout : Infaillible Matte Resistance de L\u2019Or\u00e9al Paris donne aux l\u00e8vres une couleur \u00e9clatante et un fini Liquide intense pour une tenue jusqu\u2019\u00e0 16 heures.<\/span><\/div>\n<\/div>\n<div class=\"Ymx2h-\">\n<div class=\"_2ZBgf\">\n<h5 class=\"sDq_FX EKH5rj FxZV-M HlZ_Tf\">Usage conseill\u00e9<\/h5>\n<\/div>\n<div class=\"\"><span class=\"sDq_FX lystZ1 FxZV-M HlZ_Tf\">Appliquez le rouge \u00e0 l\u00e8vres Infaillible Liquide Resistance de L\u2019Or\u00e9al Paris sur les l\u00e8vres \u00e0 l\u2019aide de l\u2019applicateur. Commencez au c\u0153ur de la l\u00e8vre, puis colorez la l\u00e8vre inf\u00e9rieure. Puis pressez doucement les l\u00e8vres l&rsquo;une contre l&rsquo;autre.<\/span><\/div>\n<\/div>","protected":false},"excerpt":{"rendered":"<p>Rouge \u00e0 l\u00e8vres Liquide 420 nourrissant qui r\u00e9siste \u00e0 tout : Infaillible Matte Resistance de L\u2019Or\u00e9al Paris donne aux l\u00e8vres une couleur \u00e9clatante et un fini Liquide intense pour une tenue jusqu\u2019\u00e0 16 heures. Usage conseill\u00e9 Appliquez le rouge \u00e0 l\u00e8vres Infaillible Liquide Resistance de L\u2019Or\u00e9al Paris sur les l\u00e8vres \u00e0 l\u2019aide de l\u2019applicateur. Commencez [&hellip;]<\/p>\n","protected":false},"featured_media":27912,"template":"","meta":{"om_disable_all_campaigns":false},"product_brand":[5741],"product_cat":[18],"product_tag":[6148,6016,6093,6144,6149,5853,6145,5917,6147,6146],"class_list":{"0":"post-27877","1":"product","2":"type-product","3":"status-publish","4":"has-post-thumbnail","6":"product_brand-loreal-paris-maroc-prix","7":"product_cat-beaute-sante","8":"product_tag-fond-de-teint-liquide","9":"product_tag-fond-de-teint-longue-tenue","10":"product_tag-fond-de-teint-modulable","11":"product_tag-infaillible","12":"product_tag-loreal","13":"product_tag-loreal-paris","14":"product_tag-liquide-resistance","15":"product_tag-maquillage-teint","16":"product_tag-teint-uniforme","17":"product_tag-tenue-24h","19":"first","20":"outofstock","21":"sale","22":"taxable","23":"shipping-taxable","24":"purchasable","25":"product-type-simple"},"yoast_head":"<!-- This site is optimized with the Yoast SEO plugin v27.4 - https:\/\/yoast.com\/product\/yoast-seo-wordpress\/ -->\n<title>L\u2019Or\u00e9al Paris Infaillible Liquide R\u00e9sistance - Maroc Prix<\/title>\n<meta name=\"description\" content=\"L\u2019Or\u00e9al Paris Infaillible Liquide R\u00e9sistance offre une couvrance modulable et une tenue longue dur\u00e9e. Fond de teint liquide pour un teint uniforme,\" \/>\n<meta name=\"robots\" content=\"index, follow, max-snippet:-1, max-image-preview:large, max-video-preview:-1\" \/>\n<link rel=\"canonical\" href=\"https:\/\/vitablanca.ma\/en\/product\/loreal-paris-infaillible-liquide-resistance-rouge-a-levres-420-true-romance-mini-mascara-trousse-offertes\/\" \/>\n<meta property=\"og:locale\" content=\"en_US\" \/>\n<meta property=\"og:type\" content=\"article\" \/>\n<meta property=\"og:title\" content=\"L\u2019Or\u00e9al Paris Infaillible Liquide R\u00e9sistance - Maroc Prix\" \/>\n<meta property=\"og:description\" content=\"L\u2019Or\u00e9al Paris Infaillible Liquide R\u00e9sistance offre une couvrance modulable et une tenue longue dur\u00e9e. Fond de teint liquide pour un teint uniforme,\" \/>\n<meta property=\"og:url\" content=\"https:\/\/vitablanca.ma\/en\/product\/loreal-paris-infaillible-liquide-resistance-rouge-a-levres-420-true-romance-mini-mascara-trousse-offertes\/\" \/>\n<meta property=\"og:site_name\" content=\"Vitablanca.ma &ndash; Sant&eacute;, vitalit&eacute; et bien-&ecirc;tre pour tous les Marocains\" \/>\n<meta property=\"article:publisher\" content=\"https:\/\/www.facebook.com\/profile.php?id=61576678196717\" \/>\n<meta property=\"article:modified_time\" content=\"2026-03-19T12:55:16+00:00\" \/>\n<meta property=\"og:image\" content=\"https:\/\/vitablanca.ma\/wp-content\/uploads\/2026\/01\/6111041191047_1-1.png\" \/>\n\t<meta property=\"og:image:width\" content=\"700\" \/>\n\t<meta property=\"og:image:height\" content=\"700\" \/>\n\t<meta property=\"og:image:type\" content=\"image\/png\" \/>\n<meta name=\"twitter:card\" content=\"summary_large_image\" \/>\n<meta name=\"twitter:label1\" content=\"Est. reading time\" \/>\n\t<meta name=\"twitter:data1\" content=\"1 minute\" \/>\n<script type=\"application\/ld+json\" class=\"yoast-schema-graph\">{\"@context\":\"https:\\\/\\\/schema.org\",\"@graph\":[{\"@type\":[\"WebPage\",\"ItemPage\"],\"@id\":\"https:\\\/\\\/vitablanca.ma\\\/produit\\\/loreal-paris-infaillible-liquide-resistance-rouge-a-levres-420-true-romance-mini-mascara-trousse-offertes\\\/\",\"url\":\"https:\\\/\\\/vitablanca.ma\\\/produit\\\/loreal-paris-infaillible-liquide-resistance-rouge-a-levres-420-true-romance-mini-mascara-trousse-offertes\\\/\",\"name\":\"L\u2019Or\u00e9al Paris Infaillible Liquide R\u00e9sistance - Maroc Prix\",\"isPartOf\":{\"@id\":\"https:\\\/\\\/vitablanca.ma\\\/#website\"},\"primaryImageOfPage\":{\"@id\":\"https:\\\/\\\/vitablanca.ma\\\/produit\\\/loreal-paris-infaillible-liquide-resistance-rouge-a-levres-420-true-romance-mini-mascara-trousse-offertes\\\/#primaryimage\"},\"image\":{\"@id\":\"https:\\\/\\\/vitablanca.ma\\\/produit\\\/loreal-paris-infaillible-liquide-resistance-rouge-a-levres-420-true-romance-mini-mascara-trousse-offertes\\\/#primaryimage\"},\"thumbnailUrl\":\"https:\\\/\\\/vitablanca.ma\\\/wp-content\\\/uploads\\\/2026\\\/01\\\/6111041191047_1-1.png\",\"datePublished\":\"2026-01-15T19:56:18+00:00\",\"dateModified\":\"2026-03-19T12:55:16+00:00\",\"description\":\"L\u2019Or\u00e9al Paris Infaillible Liquide R\u00e9sistance offre une couvrance modulable et une tenue longue dur\u00e9e. Fond de teint liquide pour un teint uniforme,\",\"breadcrumb\":{\"@id\":\"https:\\\/\\\/vitablanca.ma\\\/produit\\\/loreal-paris-infaillible-liquide-resistance-rouge-a-levres-420-true-romance-mini-mascara-trousse-offertes\\\/#breadcrumb\"},\"inLanguage\":\"en-US\",\"potentialAction\":[{\"@type\":\"ReadAction\",\"target\":[\"https:\\\/\\\/vitablanca.ma\\\/produit\\\/loreal-paris-infaillible-liquide-resistance-rouge-a-levres-420-true-romance-mini-mascara-trousse-offertes\\\/\"]}]},{\"@type\":\"ImageObject\",\"inLanguage\":\"en-US\",\"@id\":\"https:\\\/\\\/vitablanca.ma\\\/produit\\\/loreal-paris-infaillible-liquide-resistance-rouge-a-levres-420-true-romance-mini-mascara-trousse-offertes\\\/#primaryimage\",\"url\":\"https:\\\/\\\/vitablanca.ma\\\/wp-content\\\/uploads\\\/2026\\\/01\\\/6111041191047_1-1.png\",\"contentUrl\":\"https:\\\/\\\/vitablanca.ma\\\/wp-content\\\/uploads\\\/2026\\\/01\\\/6111041191047_1-1.png\",\"width\":700,\"height\":700},{\"@type\":\"BreadcrumbList\",\"@id\":\"https:\\\/\\\/vitablanca.ma\\\/produit\\\/loreal-paris-infaillible-liquide-resistance-rouge-a-levres-420-true-romance-mini-mascara-trousse-offertes\\\/#breadcrumb\",\"itemListElement\":[{\"@type\":\"ListItem\",\"position\":1,\"name\":\"Home\",\"item\":\"https:\\\/\\\/vitablanca.ma\\\/\"},{\"@type\":\"ListItem\",\"position\":2,\"name\":\"Tous Les Produits\",\"item\":\"https:\\\/\\\/vitablanca.ma\\\/tous-les-produits\\\/\"},{\"@type\":\"ListItem\",\"position\":3,\"name\":\"L&#8217;or\u00e9al paris-infaillible Liquide resistance &#8211; rouge \u00e0 l\u00e8vres 420 TRUE ROMANCE = Mini mascara + Trousse OFFERTES\"}]},{\"@type\":\"WebSite\",\"@id\":\"https:\\\/\\\/vitablanca.ma\\\/#website\",\"url\":\"https:\\\/\\\/vitablanca.ma\\\/\",\"name\":\"VitaBlanca.ma | Compl\u00e9ments alimentaires, sant\u00e9 & beaut\u00e9 au Maroc\",\"description\":\"vendre vitamines et compl\u00e9ments premium des USA &amp; Canada, Nouvelle Z\u00e9lande,Maroc (NOW Foods, Solgar, Manuka). Livraison rapide partout au Maroc.\",\"publisher\":{\"@id\":\"https:\\\/\\\/vitablanca.ma\\\/#organization\"},\"alternateName\":\"VitaBlanca.ma\",\"potentialAction\":[{\"@type\":\"SearchAction\",\"target\":{\"@type\":\"EntryPoint\",\"urlTemplate\":\"https:\\\/\\\/vitablanca.ma\\\/?s={search_term_string}\"},\"query-input\":{\"@type\":\"PropertyValueSpecification\",\"valueRequired\":true,\"valueName\":\"search_term_string\"}}],\"inLanguage\":\"en-US\"},{\"@type\":\"Organization\",\"@id\":\"https:\\\/\\\/vitablanca.ma\\\/#organization\",\"name\":\"VitaBlanca\",\"url\":\"https:\\\/\\\/vitablanca.ma\\\/\",\"logo\":{\"@type\":\"ImageObject\",\"inLanguage\":\"en-US\",\"@id\":\"https:\\\/\\\/vitablanca.ma\\\/#\\\/schema\\\/logo\\\/image\\\/\",\"url\":\"https:\\\/\\\/vitablanca.ma\\\/wp-content\\\/uploads\\\/2025\\\/05\\\/cropped-vitablanca.png\",\"contentUrl\":\"https:\\\/\\\/vitablanca.ma\\\/wp-content\\\/uploads\\\/2025\\\/05\\\/cropped-vitablanca.png\",\"width\":360,\"height\":67,\"caption\":\"VitaBlanca\"},\"image\":{\"@id\":\"https:\\\/\\\/vitablanca.ma\\\/#\\\/schema\\\/logo\\\/image\\\/\"},\"sameAs\":[\"https:\\\/\\\/www.facebook.com\\\/profile.php?id=61576678196717\",\"https:\\\/\\\/www.tiktok.com\\\/@vitablanca.ma\",\"https:\\\/\\\/www.instagram.com\\\/vitablanca.ma\\\/\"]}]}<\/script>\n<!-- \/ Yoast SEO plugin. -->","yoast_head_json":{"title":"L\u2019Or\u00e9al Paris Infaillible Liquide R\u00e9sistance - Maroc Prix","description":"L\u2019Or\u00e9al Paris Infaillible Liquide R\u00e9sistance offre une couvrance modulable et une tenue longue dur\u00e9e. Fond de teint liquide pour un teint uniforme,","robots":{"index":"index","follow":"follow","max-snippet":"max-snippet:-1","max-image-preview":"max-image-preview:large","max-video-preview":"max-video-preview:-1"},"canonical":"https:\/\/vitablanca.ma\/en\/product\/loreal-paris-infaillible-liquide-resistance-rouge-a-levres-420-true-romance-mini-mascara-trousse-offertes\/","og_locale":"en_US","og_type":"article","og_title":"L\u2019Or\u00e9al Paris Infaillible Liquide R\u00e9sistance - Maroc Prix","og_description":"L\u2019Or\u00e9al Paris Infaillible Liquide R\u00e9sistance offre une couvrance modulable et une tenue longue dur\u00e9e. Fond de teint liquide pour un teint uniforme,","og_url":"https:\/\/vitablanca.ma\/en\/product\/loreal-paris-infaillible-liquide-resistance-rouge-a-levres-420-true-romance-mini-mascara-trousse-offertes\/","og_site_name":"Vitablanca.ma &ndash; Sant&eacute;, vitalit&eacute; et bien-&ecirc;tre pour tous les Marocains","article_publisher":"https:\/\/www.facebook.com\/profile.php?id=61576678196717","article_modified_time":"2026-03-19T12:55:16+00:00","og_image":[{"width":700,"height":700,"url":"https:\/\/vitablanca.ma\/wp-content\/uploads\/2026\/01\/6111041191047_1-1.png","type":"image\/png"}],"twitter_card":"summary_large_image","twitter_misc":{"Est. reading time":"1 minute"},"schema":{"@context":"https:\/\/schema.org","@graph":[{"@type":["WebPage","ItemPage"],"@id":"https:\/\/vitablanca.ma\/produit\/loreal-paris-infaillible-liquide-resistance-rouge-a-levres-420-true-romance-mini-mascara-trousse-offertes\/","url":"https:\/\/vitablanca.ma\/produit\/loreal-paris-infaillible-liquide-resistance-rouge-a-levres-420-true-romance-mini-mascara-trousse-offertes\/","name":"L\u2019Or\u00e9al Paris Infaillible Liquide R\u00e9sistance - Maroc Prix","isPartOf":{"@id":"https:\/\/vitablanca.ma\/#website"},"primaryImageOfPage":{"@id":"https:\/\/vitablanca.ma\/produit\/loreal-paris-infaillible-liquide-resistance-rouge-a-levres-420-true-romance-mini-mascara-trousse-offertes\/#primaryimage"},"image":{"@id":"https:\/\/vitablanca.ma\/produit\/loreal-paris-infaillible-liquide-resistance-rouge-a-levres-420-true-romance-mini-mascara-trousse-offertes\/#primaryimage"},"thumbnailUrl":"https:\/\/vitablanca.ma\/wp-content\/uploads\/2026\/01\/6111041191047_1-1.png","datePublished":"2026-01-15T19:56:18+00:00","dateModified":"2026-03-19T12:55:16+00:00","description":"L\u2019Or\u00e9al Paris Infaillible Liquide R\u00e9sistance offre une couvrance modulable et une tenue longue dur\u00e9e. Fond de teint liquide pour un teint uniforme,","breadcrumb":{"@id":"https:\/\/vitablanca.ma\/produit\/loreal-paris-infaillible-liquide-resistance-rouge-a-levres-420-true-romance-mini-mascara-trousse-offertes\/#breadcrumb"},"inLanguage":"en-US","potentialAction":[{"@type":"ReadAction","target":["https:\/\/vitablanca.ma\/produit\/loreal-paris-infaillible-liquide-resistance-rouge-a-levres-420-true-romance-mini-mascara-trousse-offertes\/"]}]},{"@type":"ImageObject","inLanguage":"en-US","@id":"https:\/\/vitablanca.ma\/produit\/loreal-paris-infaillible-liquide-resistance-rouge-a-levres-420-true-romance-mini-mascara-trousse-offertes\/#primaryimage","url":"https:\/\/vitablanca.ma\/wp-content\/uploads\/2026\/01\/6111041191047_1-1.png","contentUrl":"https:\/\/vitablanca.ma\/wp-content\/uploads\/2026\/01\/6111041191047_1-1.png","width":700,"height":700},{"@type":"BreadcrumbList","@id":"https:\/\/vitablanca.ma\/produit\/loreal-paris-infaillible-liquide-resistance-rouge-a-levres-420-true-romance-mini-mascara-trousse-offertes\/#breadcrumb","itemListElement":[{"@type":"ListItem","position":1,"name":"Home","item":"https:\/\/vitablanca.ma\/"},{"@type":"ListItem","position":2,"name":"Tous Les Produits","item":"https:\/\/vitablanca.ma\/tous-les-produits\/"},{"@type":"ListItem","position":3,"name":"L&#8217;or\u00e9al paris-infaillible Liquide resistance &#8211; rouge \u00e0 l\u00e8vres 420 TRUE ROMANCE = Mini mascara + Trousse OFFERTES"}]},{"@type":"WebSite","@id":"https:\/\/vitablanca.ma\/#website","url":"https:\/\/vitablanca.ma\/","name":"VitaBlanca.ma | Food supplements, health &amp; beauty in Morocco","description":"sell premium vitamins and supplements from USA &amp; Canada, New Zealand, Morocco (NOW Foods, Solgar, Manuka). Fast delivery anywhere in Morocco.","publisher":{"@id":"https:\/\/vitablanca.ma\/#organization"},"alternateName":"VitaBlanca.ma","potentialAction":[{"@type":"SearchAction","target":{"@type":"EntryPoint","urlTemplate":"https:\/\/vitablanca.ma\/?s={search_term_string}"},"query-input":{"@type":"PropertyValueSpecification","valueRequired":true,"valueName":"search_term_string"}}],"inLanguage":"en-US"},{"@type":"Organization","@id":"https:\/\/vitablanca.ma\/#organization","name":"VitaBlanca","url":"https:\/\/vitablanca.ma\/","logo":{"@type":"ImageObject","inLanguage":"en-US","@id":"https:\/\/vitablanca.ma\/#\/schema\/logo\/image\/","url":"https:\/\/vitablanca.ma\/wp-content\/uploads\/2025\/05\/cropped-vitablanca.png","contentUrl":"https:\/\/vitablanca.ma\/wp-content\/uploads\/2025\/05\/cropped-vitablanca.png","width":360,"height":67,"caption":"VitaBlanca"},"image":{"@id":"https:\/\/vitablanca.ma\/#\/schema\/logo\/image\/"},"sameAs":["https:\/\/www.facebook.com\/profile.php?id=61576678196717","https:\/\/www.tiktok.com\/@vitablanca.ma","https:\/\/www.instagram.com\/vitablanca.ma\/"]}]}},"jetpack_sharing_enabled":true,"_links":{"self":[{"href":"https:\/\/vitablanca.ma\/en\/wp-json\/wp\/v2\/product\/27877","targetHints":{"allow":["GET"]}}],"collection":[{"href":"https:\/\/vitablanca.ma\/en\/wp-json\/wp\/v2\/product"}],"about":[{"href":"https:\/\/vitablanca.ma\/en\/wp-json\/wp\/v2\/types\/product"}],"wp:featuredmedia":[{"embeddable":true,"href":"https:\/\/vitablanca.ma\/en\/wp-json\/wp\/v2\/media\/27912"}],"wp:attachment":[{"href":"https:\/\/vitablanca.ma\/en\/wp-json\/wp\/v2\/media?parent=27877"}],"wp:term":[{"taxonomy":"product_brand","embeddable":true,"href":"https:\/\/vitablanca.ma\/en\/wp-json\/wp\/v2\/product_brand?post=27877"},{"taxonomy":"product_cat","embeddable":true,"href":"https:\/\/vitablanca.ma\/en\/wp-json\/wp\/v2\/product_cat?post=27877"},{"taxonomy":"product_tag","embeddable":true,"href":"https:\/\/vitablanca.ma\/en\/wp-json\/wp\/v2\/product_tag?post=27877"}],"curies":[{"name":"wp","href":"https:\/\/api.w.org\/{rel}","templated":true}]}}