{"id":27873,"date":"2026-01-15T19:56:17","date_gmt":"2026-01-15T19:56:17","guid":{"rendered":"https:\/\/vitablanca.ma\/?post_type=product&#038;p=27873"},"modified":"2026-03-19T12:55:17","modified_gmt":"2026-03-19T12:55:17","slug":"loreal-paris-glycolic-bright-melasyl-serum-30ml-glowing-cleanser-glyco-bright-coffret-guasha","status":"publish","type":"product","link":"https:\/\/vitablanca.ma\/en\/product\/loreal-paris-glycolic-bright-melasyl-serum-30ml-glowing-cleanser-glyco-bright-coffret-guasha\/","title":{"rendered":"L&rsquo;Or\u00e9al Paris GLYCOLIC BRIGHT MELASYL SERUM 30ML = Glowing Cleanser GLYCO BRIGHT + Coffret Guasha"},"content":{"rendered":"<p>Ce s\u00e9rum lumineux combine <strong data-end=\"258\" data-start=\"242\">8 % d\u2019actifs<\/strong> puissants (Melasyl\u2122, acide glycolique et niacinamide) pour cibler les taches pigmentaires \u2014 taches de soleil, taches de vieillesse, marques d\u2019acn\u00e9 \u2014 et unifier le teint.<\/p>\n<p>Gr\u00e2ce au Melasyl\u2122, mol\u00e9cule brevet\u00e9e de L\u2019Or\u00e9al, il agit en profondeur pour inhiber la production excessive de m\u00e9lanine avant que les taches ne deviennent visibles.<\/p>\n<p data-end=\"695\" data-start=\"676\">Il promet aussi :<\/p>\n<ul data-end=\"912\" data-start=\"696\">\n<li data-end=\"785\" data-start=\"696\">\n<p data-end=\"785\" data-start=\"698\">une r\u00e9duction visible des taches (jusqu\u2019\u00e0 86 %)<\/p>\n<\/li>\n<li data-end=\"838\" data-start=\"786\">\n<p data-end=\"838\" data-start=\"788\">une exfoliation douce gr\u00e2ce \u00e0 l\u2019acide glycolique<\/p>\n<\/li>\n<li data-end=\"877\" data-start=\"839\">\n<p data-end=\"877\" data-start=\"841\">un teint plus lumineux et homog\u00e8ne<\/p>\n<\/li>\n<li data-end=\"912\" data-start=\"878\">\n<p data-end=\"912\" data-start=\"880\">une peau plus nette et unifi\u00e9e<\/p>\n<\/li>\n<\/ul>\n<p data-end=\"912\" data-start=\"880\"><strong data-end=\"1655\" data-start=\"1638\">Instructions for use<\/strong><\/p>\n<ol data-end=\"2025\" data-start=\"1658\">\n<li data-end=\"1716\" data-start=\"1658\">\n<p data-end=\"1716\" data-start=\"1661\">Apply morning and evening <strong data-end=\"1694\" data-start=\"1685\">Before<\/strong> la cr\u00e8me hydratante<\/p>\n<\/li>\n<li data-end=\"1904\" data-start=\"1717\">\n<p data-end=\"1904\" data-start=\"1720\">Le matin : utiliser imp\u00e9rativement un \u00e9cran solaire (SPF 30 minimum) apr\u00e8s le s\u00e9rum, car l\u2019acide glycolique rend la peau plus sensible au soleil\u00c9viter le contour des yeux<\/p>\n<\/li>\n<li data-end=\"2025\" data-start=\"1937\">\n<p data-end=\"2025\" data-start=\"1940\">Commencer par l\u2019utiliser un jour sur deux si c\u2019est la premi\u00e8re fois avec des acides<\/p>\n<\/li>\n<\/ol>","protected":false},"excerpt":{"rendered":"<p>Ce s\u00e9rum lumineux combine 8 % d\u2019actifs puissants (Melasyl\u2122, acide glycolique et niacinamide) pour cibler les taches pigmentaires \u2014 taches de soleil, taches de vieillesse, marques d\u2019acn\u00e9 \u2014 et unifier le teint. Gr\u00e2ce au Melasyl\u2122, mol\u00e9cule brevet\u00e9e de L\u2019Or\u00e9al, il agit en profondeur pour inhiber la production excessive de m\u00e9lanine avant que les taches ne [&hellip;]<\/p>\n","protected":false},"featured_media":27903,"template":"","meta":[],"product_brand":[5741],"product_cat":[18],"product_tag":[6187,6106,6188,6189,6101,5853,6190,6185,6186,5863],"class_list":{"0":"post-27873","1":"product","2":"type-product","3":"status-publish","4":"has-post-thumbnail","6":"product_brand-loreal-paris-maroc-prix","7":"product_cat-beaute-sante","8":"product_tag-30-ml","9":"product_tag-acide-glycolique","10":"product_tag-anti-taches","11":"product_tag-eclat-du-teint","12":"product_tag-glycolic-bright","13":"product_tag-loreal-paris","14":"product_tag-loreal-skincare","15":"product_tag-melasyl","16":"product_tag-serum-visage","17":"product_tag-soin-visage","19":"first","20":"outofstock","21":"sale","22":"taxable","23":"shipping-taxable","24":"purchasable","25":"product-type-simple"},"yoast_head":"<!-- This site is optimized with the Yoast SEO plugin v27.6 - https:\/\/yoast.com\/product\/yoast-seo-wordpress\/ -->\n<title>L\u2019Or\u00e9al Paris Glycolic Bright Melasyl S\u00e9rum 30 ml - Maroc Prix<\/title>\n<meta name=\"description\" content=\"L\u2019Or\u00e9al Paris Glycolic Bright Melasyl S\u00e9rum 30 ml corrige les taches pigmentaires, unifie le teint et booste l\u2019\u00e9clat. S\u00e9rum visage \u00e0 l\u2019acide glycolique\" \/>\n<meta name=\"robots\" content=\"index, follow, max-snippet:-1, max-image-preview:large, max-video-preview:-1\" \/>\n<link rel=\"canonical\" href=\"https:\/\/vitablanca.ma\/en\/product\/loreal-paris-glycolic-bright-melasyl-serum-30ml-glowing-cleanser-glyco-bright-coffret-guasha\/\" \/>\n<meta property=\"og:locale\" content=\"en_US\" \/>\n<meta property=\"og:type\" content=\"article\" \/>\n<meta property=\"og:title\" content=\"L\u2019Or\u00e9al Paris Glycolic Bright Melasyl S\u00e9rum 30 ml - Maroc Prix\" \/>\n<meta property=\"og:description\" content=\"L\u2019Or\u00e9al Paris Glycolic Bright Melasyl S\u00e9rum 30 ml corrige les taches pigmentaires, unifie le teint et booste l\u2019\u00e9clat. S\u00e9rum visage \u00e0 l\u2019acide glycolique\" \/>\n<meta property=\"og:url\" content=\"https:\/\/vitablanca.ma\/en\/product\/loreal-paris-glycolic-bright-melasyl-serum-30ml-glowing-cleanser-glyco-bright-coffret-guasha\/\" \/>\n<meta property=\"og:site_name\" content=\"Vitablanca.ma &ndash; Sant&eacute;, vitalit&eacute; et bien-&ecirc;tre pour tous les Marocains\" \/>\n<meta property=\"article:publisher\" content=\"https:\/\/www.facebook.com\/profile.php?id=61576678196717\" \/>\n<meta property=\"article:modified_time\" content=\"2026-03-19T12:55:17+00:00\" \/>\n<meta property=\"og:image\" content=\"https:\/\/vitablanca.ma\/wp-content\/uploads\/2026\/01\/6111041182496_1-2.png\" \/>\n\t<meta property=\"og:image:width\" content=\"700\" \/>\n\t<meta property=\"og:image:height\" content=\"700\" \/>\n\t<meta property=\"og:image:type\" content=\"image\/png\" \/>\n<meta name=\"twitter:card\" content=\"summary_large_image\" \/>\n<meta name=\"twitter:label1\" content=\"Est. reading time\" \/>\n\t<meta name=\"twitter:data1\" content=\"1 minute\" \/>\n<script type=\"application\/ld+json\" class=\"yoast-schema-graph\">{\"@context\":\"https:\\\/\\\/schema.org\",\"@graph\":[{\"@type\":[\"WebPage\",\"ItemPage\"],\"@id\":\"https:\\\/\\\/vitablanca.ma\\\/produit\\\/loreal-paris-glycolic-bright-melasyl-serum-30ml-glowing-cleanser-glyco-bright-coffret-guasha\\\/\",\"url\":\"https:\\\/\\\/vitablanca.ma\\\/produit\\\/loreal-paris-glycolic-bright-melasyl-serum-30ml-glowing-cleanser-glyco-bright-coffret-guasha\\\/\",\"name\":\"L\u2019Or\u00e9al Paris Glycolic Bright Melasyl S\u00e9rum 30 ml - Maroc Prix\",\"isPartOf\":{\"@id\":\"https:\\\/\\\/vitablanca.ma\\\/#website\"},\"primaryImageOfPage\":{\"@id\":\"https:\\\/\\\/vitablanca.ma\\\/produit\\\/loreal-paris-glycolic-bright-melasyl-serum-30ml-glowing-cleanser-glyco-bright-coffret-guasha\\\/#primaryimage\"},\"image\":{\"@id\":\"https:\\\/\\\/vitablanca.ma\\\/produit\\\/loreal-paris-glycolic-bright-melasyl-serum-30ml-glowing-cleanser-glyco-bright-coffret-guasha\\\/#primaryimage\"},\"thumbnailUrl\":\"https:\\\/\\\/vitablanca.ma\\\/wp-content\\\/uploads\\\/2026\\\/01\\\/6111041182496_1-2.png\",\"datePublished\":\"2026-01-15T19:56:17+00:00\",\"dateModified\":\"2026-03-19T12:55:17+00:00\",\"description\":\"L\u2019Or\u00e9al Paris Glycolic Bright Melasyl S\u00e9rum 30 ml corrige les taches pigmentaires, unifie le teint et booste l\u2019\u00e9clat. S\u00e9rum visage \u00e0 l\u2019acide glycolique\",\"breadcrumb\":{\"@id\":\"https:\\\/\\\/vitablanca.ma\\\/produit\\\/loreal-paris-glycolic-bright-melasyl-serum-30ml-glowing-cleanser-glyco-bright-coffret-guasha\\\/#breadcrumb\"},\"inLanguage\":\"en-US\",\"potentialAction\":[{\"@type\":\"ReadAction\",\"target\":[\"https:\\\/\\\/vitablanca.ma\\\/produit\\\/loreal-paris-glycolic-bright-melasyl-serum-30ml-glowing-cleanser-glyco-bright-coffret-guasha\\\/\"]}]},{\"@type\":\"ImageObject\",\"inLanguage\":\"en-US\",\"@id\":\"https:\\\/\\\/vitablanca.ma\\\/produit\\\/loreal-paris-glycolic-bright-melasyl-serum-30ml-glowing-cleanser-glyco-bright-coffret-guasha\\\/#primaryimage\",\"url\":\"https:\\\/\\\/vitablanca.ma\\\/wp-content\\\/uploads\\\/2026\\\/01\\\/6111041182496_1-2.png\",\"contentUrl\":\"https:\\\/\\\/vitablanca.ma\\\/wp-content\\\/uploads\\\/2026\\\/01\\\/6111041182496_1-2.png\",\"width\":700,\"height\":700},{\"@type\":\"BreadcrumbList\",\"@id\":\"https:\\\/\\\/vitablanca.ma\\\/produit\\\/loreal-paris-glycolic-bright-melasyl-serum-30ml-glowing-cleanser-glyco-bright-coffret-guasha\\\/#breadcrumb\",\"itemListElement\":[{\"@type\":\"ListItem\",\"position\":1,\"name\":\"Home\",\"item\":\"https:\\\/\\\/vitablanca.ma\\\/\"},{\"@type\":\"ListItem\",\"position\":2,\"name\":\"Tous Les Produits\",\"item\":\"https:\\\/\\\/vitablanca.ma\\\/tous-les-produits\\\/\"},{\"@type\":\"ListItem\",\"position\":3,\"name\":\"L&#8217;Or\u00e9al Paris GLYCOLIC BRIGHT MELASYL SERUM 30ML = Glowing Cleanser GLYCO BRIGHT + Coffret Guasha\"}]},{\"@type\":\"WebSite\",\"@id\":\"https:\\\/\\\/vitablanca.ma\\\/#website\",\"url\":\"https:\\\/\\\/vitablanca.ma\\\/\",\"name\":\"VitaBlanca.ma | Compl\u00e9ments alimentaires, sant\u00e9 & beaut\u00e9 au Maroc\",\"description\":\"vendre vitamines et compl\u00e9ments premium des USA &amp; Canada, Nouvelle Z\u00e9lande,Maroc (NOW Foods, Solgar, Manuka). Livraison rapide partout au Maroc.\",\"publisher\":{\"@id\":\"https:\\\/\\\/vitablanca.ma\\\/#organization\"},\"alternateName\":\"VitaBlanca.ma\",\"potentialAction\":[{\"@type\":\"SearchAction\",\"target\":{\"@type\":\"EntryPoint\",\"urlTemplate\":\"https:\\\/\\\/vitablanca.ma\\\/?s={search_term_string}\"},\"query-input\":{\"@type\":\"PropertyValueSpecification\",\"valueRequired\":true,\"valueName\":\"search_term_string\"}}],\"inLanguage\":\"en-US\"},{\"@type\":\"Organization\",\"@id\":\"https:\\\/\\\/vitablanca.ma\\\/#organization\",\"name\":\"VitaBlanca\",\"url\":\"https:\\\/\\\/vitablanca.ma\\\/\",\"logo\":{\"@type\":\"ImageObject\",\"inLanguage\":\"en-US\",\"@id\":\"https:\\\/\\\/vitablanca.ma\\\/#\\\/schema\\\/logo\\\/image\\\/\",\"url\":\"https:\\\/\\\/vitablanca.ma\\\/wp-content\\\/uploads\\\/2025\\\/05\\\/cropped-vitablanca.png\",\"contentUrl\":\"https:\\\/\\\/vitablanca.ma\\\/wp-content\\\/uploads\\\/2025\\\/05\\\/cropped-vitablanca.png\",\"width\":360,\"height\":67,\"caption\":\"VitaBlanca\"},\"image\":{\"@id\":\"https:\\\/\\\/vitablanca.ma\\\/#\\\/schema\\\/logo\\\/image\\\/\"},\"sameAs\":[\"https:\\\/\\\/www.facebook.com\\\/profile.php?id=61576678196717\",\"https:\\\/\\\/www.tiktok.com\\\/@vitablanca.ma\",\"https:\\\/\\\/www.instagram.com\\\/vitablanca.ma\\\/\"]}]}<\/script>\n<!-- \/ Yoast SEO plugin. -->","yoast_head_json":{"title":"L\u2019Or\u00e9al Paris Glycolic Bright Melasyl S\u00e9rum 30 ml - Maroc Prix","description":"L\u2019Or\u00e9al Paris Glycolic Bright Melasyl S\u00e9rum 30 ml corrige les taches pigmentaires, unifie le teint et booste l\u2019\u00e9clat. S\u00e9rum visage \u00e0 l\u2019acide glycolique","robots":{"index":"index","follow":"follow","max-snippet":"max-snippet:-1","max-image-preview":"max-image-preview:large","max-video-preview":"max-video-preview:-1"},"canonical":"https:\/\/vitablanca.ma\/en\/product\/loreal-paris-glycolic-bright-melasyl-serum-30ml-glowing-cleanser-glyco-bright-coffret-guasha\/","og_locale":"en_US","og_type":"article","og_title":"L\u2019Or\u00e9al Paris Glycolic Bright Melasyl S\u00e9rum 30 ml - Maroc Prix","og_description":"L\u2019Or\u00e9al Paris Glycolic Bright Melasyl S\u00e9rum 30 ml corrige les taches pigmentaires, unifie le teint et booste l\u2019\u00e9clat. S\u00e9rum visage \u00e0 l\u2019acide glycolique","og_url":"https:\/\/vitablanca.ma\/en\/product\/loreal-paris-glycolic-bright-melasyl-serum-30ml-glowing-cleanser-glyco-bright-coffret-guasha\/","og_site_name":"Vitablanca.ma &ndash; Sant&eacute;, vitalit&eacute; et bien-&ecirc;tre pour tous les Marocains","article_publisher":"https:\/\/www.facebook.com\/profile.php?id=61576678196717","article_modified_time":"2026-03-19T12:55:17+00:00","og_image":[{"width":700,"height":700,"url":"https:\/\/vitablanca.ma\/wp-content\/uploads\/2026\/01\/6111041182496_1-2.png","type":"image\/png"}],"twitter_card":"summary_large_image","twitter_misc":{"Est. reading time":"1 minute"},"schema":{"@context":"https:\/\/schema.org","@graph":[{"@type":["WebPage","ItemPage"],"@id":"https:\/\/vitablanca.ma\/produit\/loreal-paris-glycolic-bright-melasyl-serum-30ml-glowing-cleanser-glyco-bright-coffret-guasha\/","url":"https:\/\/vitablanca.ma\/produit\/loreal-paris-glycolic-bright-melasyl-serum-30ml-glowing-cleanser-glyco-bright-coffret-guasha\/","name":"L\u2019Or\u00e9al Paris Glycolic Bright Melasyl S\u00e9rum 30 ml - Maroc Prix","isPartOf":{"@id":"https:\/\/vitablanca.ma\/#website"},"primaryImageOfPage":{"@id":"https:\/\/vitablanca.ma\/produit\/loreal-paris-glycolic-bright-melasyl-serum-30ml-glowing-cleanser-glyco-bright-coffret-guasha\/#primaryimage"},"image":{"@id":"https:\/\/vitablanca.ma\/produit\/loreal-paris-glycolic-bright-melasyl-serum-30ml-glowing-cleanser-glyco-bright-coffret-guasha\/#primaryimage"},"thumbnailUrl":"https:\/\/vitablanca.ma\/wp-content\/uploads\/2026\/01\/6111041182496_1-2.png","datePublished":"2026-01-15T19:56:17+00:00","dateModified":"2026-03-19T12:55:17+00:00","description":"L\u2019Or\u00e9al Paris Glycolic Bright Melasyl S\u00e9rum 30 ml corrige les taches pigmentaires, unifie le teint et booste l\u2019\u00e9clat. S\u00e9rum visage \u00e0 l\u2019acide glycolique","breadcrumb":{"@id":"https:\/\/vitablanca.ma\/produit\/loreal-paris-glycolic-bright-melasyl-serum-30ml-glowing-cleanser-glyco-bright-coffret-guasha\/#breadcrumb"},"inLanguage":"en-US","potentialAction":[{"@type":"ReadAction","target":["https:\/\/vitablanca.ma\/produit\/loreal-paris-glycolic-bright-melasyl-serum-30ml-glowing-cleanser-glyco-bright-coffret-guasha\/"]}]},{"@type":"ImageObject","inLanguage":"en-US","@id":"https:\/\/vitablanca.ma\/produit\/loreal-paris-glycolic-bright-melasyl-serum-30ml-glowing-cleanser-glyco-bright-coffret-guasha\/#primaryimage","url":"https:\/\/vitablanca.ma\/wp-content\/uploads\/2026\/01\/6111041182496_1-2.png","contentUrl":"https:\/\/vitablanca.ma\/wp-content\/uploads\/2026\/01\/6111041182496_1-2.png","width":700,"height":700},{"@type":"BreadcrumbList","@id":"https:\/\/vitablanca.ma\/produit\/loreal-paris-glycolic-bright-melasyl-serum-30ml-glowing-cleanser-glyco-bright-coffret-guasha\/#breadcrumb","itemListElement":[{"@type":"ListItem","position":1,"name":"Home","item":"https:\/\/vitablanca.ma\/"},{"@type":"ListItem","position":2,"name":"Tous Les Produits","item":"https:\/\/vitablanca.ma\/tous-les-produits\/"},{"@type":"ListItem","position":3,"name":"L&#8217;Or\u00e9al Paris GLYCOLIC BRIGHT MELASYL SERUM 30ML = Glowing Cleanser GLYCO BRIGHT + Coffret Guasha"}]},{"@type":"WebSite","@id":"https:\/\/vitablanca.ma\/#website","url":"https:\/\/vitablanca.ma\/","name":"VitaBlanca.ma | Food supplements, health &amp; beauty in Morocco","description":"sell premium vitamins and supplements from USA &amp; Canada, New Zealand, Morocco (NOW Foods, Solgar, Manuka). Fast delivery anywhere in Morocco.","publisher":{"@id":"https:\/\/vitablanca.ma\/#organization"},"alternateName":"VitaBlanca.ma","potentialAction":[{"@type":"SearchAction","target":{"@type":"EntryPoint","urlTemplate":"https:\/\/vitablanca.ma\/?s={search_term_string}"},"query-input":{"@type":"PropertyValueSpecification","valueRequired":true,"valueName":"search_term_string"}}],"inLanguage":"en-US"},{"@type":"Organization","@id":"https:\/\/vitablanca.ma\/#organization","name":"VitaBlanca","url":"https:\/\/vitablanca.ma\/","logo":{"@type":"ImageObject","inLanguage":"en-US","@id":"https:\/\/vitablanca.ma\/#\/schema\/logo\/image\/","url":"https:\/\/vitablanca.ma\/wp-content\/uploads\/2025\/05\/cropped-vitablanca.png","contentUrl":"https:\/\/vitablanca.ma\/wp-content\/uploads\/2025\/05\/cropped-vitablanca.png","width":360,"height":67,"caption":"VitaBlanca"},"image":{"@id":"https:\/\/vitablanca.ma\/#\/schema\/logo\/image\/"},"sameAs":["https:\/\/www.facebook.com\/profile.php?id=61576678196717","https:\/\/www.tiktok.com\/@vitablanca.ma","https:\/\/www.instagram.com\/vitablanca.ma\/"]}]}},"jetpack_sharing_enabled":true,"_links":{"self":[{"href":"https:\/\/vitablanca.ma\/en\/wp-json\/wp\/v2\/product\/27873","targetHints":{"allow":["GET"]}}],"collection":[{"href":"https:\/\/vitablanca.ma\/en\/wp-json\/wp\/v2\/product"}],"about":[{"href":"https:\/\/vitablanca.ma\/en\/wp-json\/wp\/v2\/types\/product"}],"wp:featuredmedia":[{"embeddable":true,"href":"https:\/\/vitablanca.ma\/en\/wp-json\/wp\/v2\/media\/27903"}],"wp:attachment":[{"href":"https:\/\/vitablanca.ma\/en\/wp-json\/wp\/v2\/media?parent=27873"}],"wp:term":[{"taxonomy":"product_brand","embeddable":true,"href":"https:\/\/vitablanca.ma\/en\/wp-json\/wp\/v2\/product_brand?post=27873"},{"taxonomy":"product_cat","embeddable":true,"href":"https:\/\/vitablanca.ma\/en\/wp-json\/wp\/v2\/product_cat?post=27873"},{"taxonomy":"product_tag","embeddable":true,"href":"https:\/\/vitablanca.ma\/en\/wp-json\/wp\/v2\/product_tag?post=27873"}],"curies":[{"name":"wp","href":"https:\/\/api.w.org\/{rel}","templated":true}]}}