{"id":27872,"date":"2026-01-15T19:56:17","date_gmt":"2026-01-15T19:56:17","guid":{"rendered":"https:\/\/vitablanca.ma\/?post_type=product&#038;p=27872"},"modified":"2026-03-19T12:55:17","modified_gmt":"2026-03-19T12:55:17","slug":"loreal-paris-men-expert-routine-barber-gel-wash-creme-coiffante-gel-douche-deo-ro-tondeuse-offerte","status":"publish","type":"product","link":"https:\/\/vitablanca.ma\/en\/product\/loreal-paris-men-expert-routine-barber-gel-wash-creme-coiffante-gel-douche-deo-ro-tondeuse-offerte\/","title":{"rendered":"L&rsquo;OR\u00c9AL PARIS MEN EXPERT ROUTINE BARBER (GEL WASH + CREME COIFFANTE +GEL DOUCHE + DEO RO) = TONDEUSE OFFERTE"},"content":{"rendered":"<h5 class=\"page-title\"><span class=\"base\" data-ui-id=\"page-title-wrapper\">\u00a0L&rsquo;OFFRE HYGI\u00c8NE avec la Trousse Routine Deo Roll-On Barber + Shower Barber r\u00e9unit deux indispensables pour une routine de soin compl\u00e8te. Le d\u00e9odorant roll-on Barber assure une protection durable contre les odeurs tout en respectant la peau, tandis que le gel douche Barber nettoie en profondeur et laisse un parfum rafra\u00eechissant. Ensemble, ces produits garantissent une hygi\u00e8ne impeccable et une sensation de fra\u00eecheur tout au long de la journ\u00e9e, parfaits pour ceux qui recherchent efficacit\u00e9 et soin dans leur routine quotidienne.<\/span><\/h5>","protected":false},"excerpt":{"rendered":"<p>\u00a0L&rsquo;OFFRE HYGI\u00c8NE avec la Trousse Routine Deo Roll-On Barber + Shower Barber r\u00e9unit deux indispensables pour une routine de soin compl\u00e8te. Le d\u00e9odorant roll-on Barber assure une protection durable contre les odeurs tout en respectant la peau, tandis que le gel douche Barber nettoie en profondeur et laisse un parfum rafra\u00eechissant. Ensemble, ces produits garantissent [&hellip;]<\/p>\n","protected":false},"featured_media":27902,"template":"","meta":{"om_disable_all_campaigns":false},"product_brand":[5741],"product_cat":[18],"product_tag":[6183,6182,6181,6184,6173,5853,6165,6171,6180,6172],"class_list":{"0":"post-27872","1":"product","2":"type-product","3":"status-publish","4":"has-post-thumbnail","6":"product_brand-loreal-paris-maroc-prix","7":"product_cat-beaute-sante","8":"product_tag-barbe-et-corps","9":"product_tag-barber-shop","10":"product_tag-coffret-homme","11":"product_tag-hygiene-homme","12":"product_tag-loreal-men-expert","13":"product_tag-loreal-paris","14":"product_tag-men-expert","15":"product_tag-parfum-masculin","16":"product_tag-routine-barber","17":"product_tag-soin-homme","19":"first","20":"outofstock","21":"sale","22":"taxable","23":"shipping-taxable","24":"purchasable","25":"product-type-simple"},"yoast_head":"<!-- This site is optimized with the Yoast SEO plugin v27.3 - https:\/\/yoast.com\/product\/yoast-seo-wordpress\/ -->\n<title>L&#039;OR\u00c9AL PARIS MEN EXPERT ROUTINE BARBER - Maroc Prix<\/title>\n<meta name=\"description\" content=\"L\u2019Or\u00e9al Paris Men Expert Routine Barber offre un soin complet inspir\u00e9 du barber shop : fra\u00eecheur, propret\u00e9 et protection pour la barbe,\" \/>\n<meta name=\"robots\" content=\"index, follow, max-snippet:-1, max-image-preview:large, max-video-preview:-1\" \/>\n<link rel=\"canonical\" href=\"https:\/\/vitablanca.ma\/en\/product\/loreal-paris-men-expert-routine-barber-gel-wash-creme-coiffante-gel-douche-deo-ro-tondeuse-offerte\/\" \/>\n<meta property=\"og:locale\" content=\"en_US\" \/>\n<meta property=\"og:type\" content=\"article\" \/>\n<meta property=\"og:title\" content=\"L&#039;OR\u00c9AL PARIS MEN EXPERT ROUTINE BARBER - Maroc Prix\" \/>\n<meta property=\"og:description\" content=\"L\u2019Or\u00e9al Paris Men Expert Routine Barber offre un soin complet inspir\u00e9 du barber shop : fra\u00eecheur, propret\u00e9 et protection pour la barbe,\" \/>\n<meta property=\"og:url\" content=\"https:\/\/vitablanca.ma\/en\/product\/loreal-paris-men-expert-routine-barber-gel-wash-creme-coiffante-gel-douche-deo-ro-tondeuse-offerte\/\" \/>\n<meta property=\"og:site_name\" content=\"Vitablanca.ma &ndash; Sant&eacute;, vitalit&eacute; et bien-&ecirc;tre pour tous les Marocains\" \/>\n<meta property=\"article:publisher\" content=\"https:\/\/www.facebook.com\/profile.php?id=61576678196717\" \/>\n<meta property=\"article:modified_time\" content=\"2026-03-19T12:55:17+00:00\" \/>\n<meta property=\"og:image\" content=\"https:\/\/vitablanca.ma\/wp-content\/uploads\/2026\/01\/6111041181857_1-1.png\" \/>\n\t<meta property=\"og:image:width\" content=\"700\" \/>\n\t<meta property=\"og:image:height\" content=\"700\" \/>\n\t<meta property=\"og:image:type\" content=\"image\/png\" \/>\n<meta name=\"twitter:card\" content=\"summary_large_image\" \/>\n<meta name=\"twitter:label1\" content=\"Est. reading time\" \/>\n\t<meta name=\"twitter:data1\" content=\"1 minute\" \/>\n<script type=\"application\/ld+json\" class=\"yoast-schema-graph\">{\"@context\":\"https:\\\/\\\/schema.org\",\"@graph\":[{\"@type\":[\"WebPage\",\"ItemPage\"],\"@id\":\"https:\\\/\\\/vitablanca.ma\\\/produit\\\/loreal-paris-men-expert-routine-barber-gel-wash-creme-coiffante-gel-douche-deo-ro-tondeuse-offerte\\\/\",\"url\":\"https:\\\/\\\/vitablanca.ma\\\/produit\\\/loreal-paris-men-expert-routine-barber-gel-wash-creme-coiffante-gel-douche-deo-ro-tondeuse-offerte\\\/\",\"name\":\"L'OR\u00c9AL PARIS MEN EXPERT ROUTINE BARBER - Maroc Prix\",\"isPartOf\":{\"@id\":\"https:\\\/\\\/vitablanca.ma\\\/#website\"},\"primaryImageOfPage\":{\"@id\":\"https:\\\/\\\/vitablanca.ma\\\/produit\\\/loreal-paris-men-expert-routine-barber-gel-wash-creme-coiffante-gel-douche-deo-ro-tondeuse-offerte\\\/#primaryimage\"},\"image\":{\"@id\":\"https:\\\/\\\/vitablanca.ma\\\/produit\\\/loreal-paris-men-expert-routine-barber-gel-wash-creme-coiffante-gel-douche-deo-ro-tondeuse-offerte\\\/#primaryimage\"},\"thumbnailUrl\":\"https:\\\/\\\/vitablanca.ma\\\/wp-content\\\/uploads\\\/2026\\\/01\\\/6111041181857_1-1.png\",\"datePublished\":\"2026-01-15T19:56:17+00:00\",\"dateModified\":\"2026-03-19T12:55:17+00:00\",\"description\":\"L\u2019Or\u00e9al Paris Men Expert Routine Barber offre un soin complet inspir\u00e9 du barber shop : fra\u00eecheur, propret\u00e9 et protection pour la barbe,\",\"breadcrumb\":{\"@id\":\"https:\\\/\\\/vitablanca.ma\\\/produit\\\/loreal-paris-men-expert-routine-barber-gel-wash-creme-coiffante-gel-douche-deo-ro-tondeuse-offerte\\\/#breadcrumb\"},\"inLanguage\":\"en-US\",\"potentialAction\":[{\"@type\":\"ReadAction\",\"target\":[\"https:\\\/\\\/vitablanca.ma\\\/produit\\\/loreal-paris-men-expert-routine-barber-gel-wash-creme-coiffante-gel-douche-deo-ro-tondeuse-offerte\\\/\"]}]},{\"@type\":\"ImageObject\",\"inLanguage\":\"en-US\",\"@id\":\"https:\\\/\\\/vitablanca.ma\\\/produit\\\/loreal-paris-men-expert-routine-barber-gel-wash-creme-coiffante-gel-douche-deo-ro-tondeuse-offerte\\\/#primaryimage\",\"url\":\"https:\\\/\\\/vitablanca.ma\\\/wp-content\\\/uploads\\\/2026\\\/01\\\/6111041181857_1-1.png\",\"contentUrl\":\"https:\\\/\\\/vitablanca.ma\\\/wp-content\\\/uploads\\\/2026\\\/01\\\/6111041181857_1-1.png\",\"width\":700,\"height\":700},{\"@type\":\"BreadcrumbList\",\"@id\":\"https:\\\/\\\/vitablanca.ma\\\/produit\\\/loreal-paris-men-expert-routine-barber-gel-wash-creme-coiffante-gel-douche-deo-ro-tondeuse-offerte\\\/#breadcrumb\",\"itemListElement\":[{\"@type\":\"ListItem\",\"position\":1,\"name\":\"Home\",\"item\":\"https:\\\/\\\/vitablanca.ma\\\/\"},{\"@type\":\"ListItem\",\"position\":2,\"name\":\"Tous Les Produits\",\"item\":\"https:\\\/\\\/vitablanca.ma\\\/tous-les-produits\\\/\"},{\"@type\":\"ListItem\",\"position\":3,\"name\":\"L&#8217;OR\u00c9AL PARIS MEN EXPERT ROUTINE BARBER (GEL WASH + CREME COIFFANTE +GEL DOUCHE + DEO RO) = TONDEUSE OFFERTE\"}]},{\"@type\":\"WebSite\",\"@id\":\"https:\\\/\\\/vitablanca.ma\\\/#website\",\"url\":\"https:\\\/\\\/vitablanca.ma\\\/\",\"name\":\"VitaBlanca.ma | Compl\u00e9ments alimentaires, sant\u00e9 & beaut\u00e9 au Maroc\",\"description\":\"vendre vitamines et compl\u00e9ments premium des USA &amp; Canada, Nouvelle Z\u00e9lande,Maroc (NOW Foods, Solgar, Manuka). Livraison rapide partout au Maroc.\",\"publisher\":{\"@id\":\"https:\\\/\\\/vitablanca.ma\\\/#organization\"},\"alternateName\":\"VitaBlanca.ma\",\"potentialAction\":[{\"@type\":\"SearchAction\",\"target\":{\"@type\":\"EntryPoint\",\"urlTemplate\":\"https:\\\/\\\/vitablanca.ma\\\/?s={search_term_string}\"},\"query-input\":{\"@type\":\"PropertyValueSpecification\",\"valueRequired\":true,\"valueName\":\"search_term_string\"}}],\"inLanguage\":\"en-US\"},{\"@type\":\"Organization\",\"@id\":\"https:\\\/\\\/vitablanca.ma\\\/#organization\",\"name\":\"VitaBlanca\",\"url\":\"https:\\\/\\\/vitablanca.ma\\\/\",\"logo\":{\"@type\":\"ImageObject\",\"inLanguage\":\"en-US\",\"@id\":\"https:\\\/\\\/vitablanca.ma\\\/#\\\/schema\\\/logo\\\/image\\\/\",\"url\":\"https:\\\/\\\/vitablanca.ma\\\/wp-content\\\/uploads\\\/2025\\\/05\\\/cropped-vitablanca.png\",\"contentUrl\":\"https:\\\/\\\/vitablanca.ma\\\/wp-content\\\/uploads\\\/2025\\\/05\\\/cropped-vitablanca.png\",\"width\":360,\"height\":67,\"caption\":\"VitaBlanca\"},\"image\":{\"@id\":\"https:\\\/\\\/vitablanca.ma\\\/#\\\/schema\\\/logo\\\/image\\\/\"},\"sameAs\":[\"https:\\\/\\\/www.facebook.com\\\/profile.php?id=61576678196717\",\"https:\\\/\\\/www.tiktok.com\\\/@vitablanca.ma\",\"https:\\\/\\\/www.instagram.com\\\/vitablanca.ma\\\/\"]}]}<\/script>\n<!-- \/ Yoast SEO plugin. -->","yoast_head_json":{"title":"L'OR\u00c9AL PARIS MEN EXPERT ROUTINE BARBER - Maroc Prix","description":"L\u2019Or\u00e9al Paris Men Expert Routine Barber offre un soin complet inspir\u00e9 du barber shop : fra\u00eecheur, propret\u00e9 et protection pour la barbe,","robots":{"index":"index","follow":"follow","max-snippet":"max-snippet:-1","max-image-preview":"max-image-preview:large","max-video-preview":"max-video-preview:-1"},"canonical":"https:\/\/vitablanca.ma\/en\/product\/loreal-paris-men-expert-routine-barber-gel-wash-creme-coiffante-gel-douche-deo-ro-tondeuse-offerte\/","og_locale":"en_US","og_type":"article","og_title":"L'OR\u00c9AL PARIS MEN EXPERT ROUTINE BARBER - Maroc Prix","og_description":"L\u2019Or\u00e9al Paris Men Expert Routine Barber offre un soin complet inspir\u00e9 du barber shop : fra\u00eecheur, propret\u00e9 et protection pour la barbe,","og_url":"https:\/\/vitablanca.ma\/en\/product\/loreal-paris-men-expert-routine-barber-gel-wash-creme-coiffante-gel-douche-deo-ro-tondeuse-offerte\/","og_site_name":"Vitablanca.ma &ndash; Sant&eacute;, vitalit&eacute; et bien-&ecirc;tre pour tous les Marocains","article_publisher":"https:\/\/www.facebook.com\/profile.php?id=61576678196717","article_modified_time":"2026-03-19T12:55:17+00:00","og_image":[{"width":700,"height":700,"url":"https:\/\/vitablanca.ma\/wp-content\/uploads\/2026\/01\/6111041181857_1-1.png","type":"image\/png"}],"twitter_card":"summary_large_image","twitter_misc":{"Est. reading time":"1 minute"},"schema":{"@context":"https:\/\/schema.org","@graph":[{"@type":["WebPage","ItemPage"],"@id":"https:\/\/vitablanca.ma\/produit\/loreal-paris-men-expert-routine-barber-gel-wash-creme-coiffante-gel-douche-deo-ro-tondeuse-offerte\/","url":"https:\/\/vitablanca.ma\/produit\/loreal-paris-men-expert-routine-barber-gel-wash-creme-coiffante-gel-douche-deo-ro-tondeuse-offerte\/","name":"L'OR\u00c9AL PARIS MEN EXPERT ROUTINE BARBER - Maroc Prix","isPartOf":{"@id":"https:\/\/vitablanca.ma\/#website"},"primaryImageOfPage":{"@id":"https:\/\/vitablanca.ma\/produit\/loreal-paris-men-expert-routine-barber-gel-wash-creme-coiffante-gel-douche-deo-ro-tondeuse-offerte\/#primaryimage"},"image":{"@id":"https:\/\/vitablanca.ma\/produit\/loreal-paris-men-expert-routine-barber-gel-wash-creme-coiffante-gel-douche-deo-ro-tondeuse-offerte\/#primaryimage"},"thumbnailUrl":"https:\/\/vitablanca.ma\/wp-content\/uploads\/2026\/01\/6111041181857_1-1.png","datePublished":"2026-01-15T19:56:17+00:00","dateModified":"2026-03-19T12:55:17+00:00","description":"L\u2019Or\u00e9al Paris Men Expert Routine Barber offre un soin complet inspir\u00e9 du barber shop : fra\u00eecheur, propret\u00e9 et protection pour la barbe,","breadcrumb":{"@id":"https:\/\/vitablanca.ma\/produit\/loreal-paris-men-expert-routine-barber-gel-wash-creme-coiffante-gel-douche-deo-ro-tondeuse-offerte\/#breadcrumb"},"inLanguage":"en-US","potentialAction":[{"@type":"ReadAction","target":["https:\/\/vitablanca.ma\/produit\/loreal-paris-men-expert-routine-barber-gel-wash-creme-coiffante-gel-douche-deo-ro-tondeuse-offerte\/"]}]},{"@type":"ImageObject","inLanguage":"en-US","@id":"https:\/\/vitablanca.ma\/produit\/loreal-paris-men-expert-routine-barber-gel-wash-creme-coiffante-gel-douche-deo-ro-tondeuse-offerte\/#primaryimage","url":"https:\/\/vitablanca.ma\/wp-content\/uploads\/2026\/01\/6111041181857_1-1.png","contentUrl":"https:\/\/vitablanca.ma\/wp-content\/uploads\/2026\/01\/6111041181857_1-1.png","width":700,"height":700},{"@type":"BreadcrumbList","@id":"https:\/\/vitablanca.ma\/produit\/loreal-paris-men-expert-routine-barber-gel-wash-creme-coiffante-gel-douche-deo-ro-tondeuse-offerte\/#breadcrumb","itemListElement":[{"@type":"ListItem","position":1,"name":"Home","item":"https:\/\/vitablanca.ma\/"},{"@type":"ListItem","position":2,"name":"Tous Les Produits","item":"https:\/\/vitablanca.ma\/tous-les-produits\/"},{"@type":"ListItem","position":3,"name":"L&#8217;OR\u00c9AL PARIS MEN EXPERT ROUTINE BARBER (GEL WASH + CREME COIFFANTE +GEL DOUCHE + DEO RO) = TONDEUSE OFFERTE"}]},{"@type":"WebSite","@id":"https:\/\/vitablanca.ma\/#website","url":"https:\/\/vitablanca.ma\/","name":"VitaBlanca.ma | Food supplements, health &amp; beauty in Morocco","description":"sell premium vitamins and supplements from USA &amp; Canada, New Zealand, Morocco (NOW Foods, Solgar, Manuka). Fast delivery anywhere in Morocco.","publisher":{"@id":"https:\/\/vitablanca.ma\/#organization"},"alternateName":"VitaBlanca.ma","potentialAction":[{"@type":"SearchAction","target":{"@type":"EntryPoint","urlTemplate":"https:\/\/vitablanca.ma\/?s={search_term_string}"},"query-input":{"@type":"PropertyValueSpecification","valueRequired":true,"valueName":"search_term_string"}}],"inLanguage":"en-US"},{"@type":"Organization","@id":"https:\/\/vitablanca.ma\/#organization","name":"VitaBlanca","url":"https:\/\/vitablanca.ma\/","logo":{"@type":"ImageObject","inLanguage":"en-US","@id":"https:\/\/vitablanca.ma\/#\/schema\/logo\/image\/","url":"https:\/\/vitablanca.ma\/wp-content\/uploads\/2025\/05\/cropped-vitablanca.png","contentUrl":"https:\/\/vitablanca.ma\/wp-content\/uploads\/2025\/05\/cropped-vitablanca.png","width":360,"height":67,"caption":"VitaBlanca"},"image":{"@id":"https:\/\/vitablanca.ma\/#\/schema\/logo\/image\/"},"sameAs":["https:\/\/www.facebook.com\/profile.php?id=61576678196717","https:\/\/www.tiktok.com\/@vitablanca.ma","https:\/\/www.instagram.com\/vitablanca.ma\/"]}]}},"jetpack_sharing_enabled":true,"_links":{"self":[{"href":"https:\/\/vitablanca.ma\/en\/wp-json\/wp\/v2\/product\/27872","targetHints":{"allow":["GET"]}}],"collection":[{"href":"https:\/\/vitablanca.ma\/en\/wp-json\/wp\/v2\/product"}],"about":[{"href":"https:\/\/vitablanca.ma\/en\/wp-json\/wp\/v2\/types\/product"}],"wp:featuredmedia":[{"embeddable":true,"href":"https:\/\/vitablanca.ma\/en\/wp-json\/wp\/v2\/media\/27902"}],"wp:attachment":[{"href":"https:\/\/vitablanca.ma\/en\/wp-json\/wp\/v2\/media?parent=27872"}],"wp:term":[{"taxonomy":"product_brand","embeddable":true,"href":"https:\/\/vitablanca.ma\/en\/wp-json\/wp\/v2\/product_brand?post=27872"},{"taxonomy":"product_cat","embeddable":true,"href":"https:\/\/vitablanca.ma\/en\/wp-json\/wp\/v2\/product_cat?post=27872"},{"taxonomy":"product_tag","embeddable":true,"href":"https:\/\/vitablanca.ma\/en\/wp-json\/wp\/v2\/product_tag?post=27872"}],"curies":[{"name":"wp","href":"https:\/\/api.w.org\/{rel}","templated":true}]}}