{"id":27421,"date":"2025-12-23T11:12:12","date_gmt":"2025-12-23T11:12:12","guid":{"rendered":"https:\/\/vitablanca.ma\/?post_type=product&#038;p=27421"},"modified":"2025-12-24T17:06:29","modified_gmt":"2025-12-24T17:06:29","slug":"doctors-best-astaxanthine-6-mg-90-capsules-a-enveloppe-molle-vegetales-maroc-prix","status":"publish","type":"product","link":"https:\/\/vitablanca.ma\/en\/product\/doctors-best-astaxanthine-6-mg-90-capsules-a-enveloppe-molle-vegetales-maroc-prix\/","title":{"rendered":"Doctor&rsquo;s BEST Astaxanthine, 6 mg, 90 capsules \u00e0 enveloppe molle v\u00e9g\u00e9tales"},"content":{"rendered":"<p data-start=\"1024\" data-end=\"1322\"><strong data-start=\"1024\" data-end=\"1059\">Doctor\u2019s Best Astaxanthine 6 mg<\/strong> est un compl\u00e9ment alimentaire premium formul\u00e9 \u00e0 partir d\u2019astaxanthine naturelle, l\u2019un des antioxydants les plus puissants connus. Extraite de microalgues de haute qualit\u00e9, cette formule prot\u00e8ge les cellules contre le stress oxydatif et soutient la sant\u00e9 globale.<\/p>\n<p data-start=\"1324\" data-end=\"1475\">L\u2019astaxanthine est particuli\u00e8rement appr\u00e9ci\u00e9e pour ses effets b\u00e9n\u00e9fiques sur la peau, les yeux, le syst\u00e8me cardiovasculaire et la performance physique.<\/p>\n<h4 data-start=\"1477\" data-end=\"1508\"><strong data-start=\"1482\" data-end=\"1508\">Bienfaits principaux :<\/strong><\/h4>\n<ul data-start=\"1509\" data-end=\"1850\">\n<li data-start=\"1509\" data-end=\"1573\">\n<p data-start=\"1511\" data-end=\"1573\">Soutient la protection cellulaire contre les radicaux libres<\/p>\n<\/li>\n<li data-start=\"1574\" data-end=\"1657\">\n<p data-start=\"1576\" data-end=\"1657\">Contribue \u00e0 une peau plus saine, plus lumineuse et r\u00e9sistante au vieillissement<\/p>\n<\/li>\n<li data-start=\"1658\" data-end=\"1732\">\n<p data-start=\"1660\" data-end=\"1732\">Favorise la sant\u00e9 des yeux et la protection contre la fatigue visuelle<\/p>\n<\/li>\n<li data-start=\"1733\" data-end=\"1780\">\n<p data-start=\"1735\" data-end=\"1780\">Soutient le c\u0153ur et la circulation sanguine<\/p>\n<\/li>\n<li data-start=\"1781\" data-end=\"1850\">\n<p data-start=\"1783\" data-end=\"1850\">Aide \u00e0 am\u00e9liorer l\u2019\u00e9nergie cellulaire et la r\u00e9cup\u00e9ration physique<\/p>\n<\/li>\n<\/ul>\n<h4 data-start=\"1852\" data-end=\"1890\"><strong data-start=\"1857\" data-end=\"1890\">Product Features:<\/strong><\/h4>\n<ul data-start=\"1891\" data-end=\"2100\">\n<li data-start=\"1891\" data-end=\"1936\">\n<p data-start=\"1893\" data-end=\"1936\">6 mg d\u2019astaxanthine naturelle par capsule<\/p>\n<\/li>\n<li data-start=\"1937\" data-end=\"1969\">\n<p data-start=\"1939\" data-end=\"1969\">90 capsules molles v\u00e9g\u00e9tales<\/p>\n<\/li>\n<li data-start=\"1970\" data-end=\"2026\">\n<p data-start=\"1972\" data-end=\"2026\">Antioxydant \u00e0 large spectre, hautement biodisponible<\/p>\n<\/li>\n<li data-start=\"2027\" data-end=\"2063\">\n<p data-start=\"2029\" data-end=\"2063\">Sans OGM, sans gluten, sans soja<\/p>\n<\/li>\n<li data-start=\"2064\" data-end=\"2100\">\n<p data-start=\"2066\" data-end=\"2100\">Suitable for vegetarian diets<\/p>\n<\/li>\n<\/ul>\n<h4 data-start=\"2102\" data-end=\"2156\"><strong data-start=\"2107\" data-end=\"2156\">Pourquoi choisir Doctor\u2019s Best Astaxanthine ?<\/strong><\/h4>\n<ul data-start=\"2157\" data-end=\"2362\">\n<li data-start=\"2157\" data-end=\"2216\">\n<p data-start=\"2159\" data-end=\"2216\">Astaxanthine issue de microalgues de qualit\u00e9 sup\u00e9rieure<\/p>\n<\/li>\n<li data-start=\"2217\" data-end=\"2262\">\n<p data-start=\"2219\" data-end=\"2262\">Formule test\u00e9e et soutenue par la science<\/p>\n<\/li>\n<li data-start=\"2263\" data-end=\"2311\">\n<p data-start=\"2265\" data-end=\"2311\">Absorption optimale gr\u00e2ce \u00e0 la forme softgel<\/p>\n<\/li>\n<li data-start=\"2312\" data-end=\"2362\">\n<p data-start=\"2314\" data-end=\"2362\">Marque reconnue mondialement pour sa fiabilit\u00e9<\/p>\n<\/li>\n<\/ul>\n<h4 data-start=\"2364\" data-end=\"2397\"><strong data-start=\"2369\" data-end=\"2397\">Directions for use:<\/strong><\/h4>\n<p data-start=\"2398\" data-end=\"2499\">Prendre une capsule par jour avec un repas, ou selon les recommandations d\u2019un professionnel de sant\u00e9.<\/p>","protected":false},"excerpt":{"rendered":"<p>Doctor\u2019s Best Astaxanthine 6 mg est un compl\u00e9ment alimentaire premium formul\u00e9 \u00e0 partir d\u2019astaxanthine naturelle, l\u2019un des antioxydants les plus puissants connus. Extraite de microalgues de haute qualit\u00e9, cette formule prot\u00e8ge les cellules contre le stress oxydatif et soutient la sant\u00e9 globale. L\u2019astaxanthine est particuli\u00e8rement appr\u00e9ci\u00e9e pour ses effets b\u00e9n\u00e9fiques sur la peau, les yeux, [&hellip;]<\/p>\n","protected":false},"featured_media":27427,"template":"","meta":{"om_disable_all_campaigns":false},"product_brand":[1982],"product_cat":[95,4996,18,3366,20,19],"product_tag":[5511,5505,5506,4999,5510,5507,1817,5504,5509,5508],"class_list":{"0":"post-27421","1":"product","2":"type-product","3":"status-publish","4":"has-post-thumbnail","6":"product_brand-doctors-best-maroc-prix","7":"product_cat-antioxydants","8":"product_cat-astaxanthine","9":"product_cat-beaute-sante","10":"product_cat-complements-alimentaires-au-maroc-vitablanca","11":"product_cat-supplements","12":"product_cat-vitamines-supplements-dietetiques","13":"product_tag-acheter-astaxanthine-maroc","14":"product_tag-antioxydant-puissant-maroc","15":"product_tag-astaxanthine-6-mg-maroc","16":"product_tag-astaxanthine-maroc","17":"product_tag-capsules-astaxanthine-maroc","18":"product_tag-complement-anti-age-maroc","19":"product_tag-doctors-best-maroc","20":"product_tag-doctors-best-astaxanthine-maroc","21":"product_tag-protection-cellulaire-maroc","22":"product_tag-sante-peau-maroc","24":"first","25":"instock","26":"sale","27":"taxable","28":"shipping-taxable","29":"purchasable","30":"product-type-simple"},"yoast_head":"<!-- This site is optimized with the Yoast SEO plugin v27.4 - https:\/\/yoast.com\/product\/yoast-seo-wordpress\/ -->\n<title>Doctor&#039;s BEST Astaxanthine, 6 mg, 90 capsules - Maroc Prix<\/title>\n<meta name=\"description\" content=\"Doctor\u2019s Best Astaxanthine 6 mg est un antioxydant naturel puissant pour la peau, les yeux, le c\u0153ur et l\u2019\u00e9nergie cellulaire. Capsules v\u00e9g\u00e9tales, haute absorption.\" \/>\n<meta name=\"robots\" content=\"index, follow, max-snippet:-1, max-image-preview:large, max-video-preview:-1\" \/>\n<link rel=\"canonical\" href=\"https:\/\/vitablanca.ma\/en\/product\/doctors-best-astaxanthine-6-mg-90-capsules-a-enveloppe-molle-vegetales-maroc-prix\/\" \/>\n<meta property=\"og:locale\" content=\"en_US\" \/>\n<meta property=\"og:type\" content=\"article\" \/>\n<meta property=\"og:title\" content=\"Doctor&#039;s BEST Astaxanthine, 6 mg, 90 capsules - Maroc Prix\" \/>\n<meta property=\"og:description\" content=\"Doctor\u2019s Best Astaxanthine 6 mg est un antioxydant naturel puissant pour la peau, les yeux, le c\u0153ur et l\u2019\u00e9nergie cellulaire. Capsules v\u00e9g\u00e9tales, haute absorption.\" \/>\n<meta property=\"og:url\" content=\"https:\/\/vitablanca.ma\/en\/product\/doctors-best-astaxanthine-6-mg-90-capsules-a-enveloppe-molle-vegetales-maroc-prix\/\" \/>\n<meta property=\"og:site_name\" content=\"Vitablanca.ma &ndash; Sant&eacute;, vitalit&eacute; et bien-&ecirc;tre pour tous les Marocains\" \/>\n<meta property=\"article:publisher\" content=\"https:\/\/www.facebook.com\/profile.php?id=61576678196717\" \/>\n<meta property=\"article:modified_time\" content=\"2025-12-24T17:06:29+00:00\" \/>\n<meta property=\"og:image\" content=\"https:\/\/vitablanca.ma\/wp-content\/uploads\/2025\/12\/1-1.jpg\" \/>\n\t<meta property=\"og:image:width\" content=\"680\" \/>\n\t<meta property=\"og:image:height\" content=\"680\" \/>\n\t<meta property=\"og:image:type\" content=\"image\/jpeg\" \/>\n<meta name=\"twitter:card\" content=\"summary_large_image\" \/>\n<meta name=\"twitter:label1\" content=\"Est. reading time\" \/>\n\t<meta name=\"twitter:data1\" content=\"2 minutes\" \/>\n<script type=\"application\/ld+json\" class=\"yoast-schema-graph\">{\"@context\":\"https:\\\/\\\/schema.org\",\"@graph\":[{\"@type\":[\"WebPage\",\"ItemPage\"],\"@id\":\"https:\\\/\\\/vitablanca.ma\\\/produit\\\/doctors-best-astaxanthine-6-mg-90-capsules-a-enveloppe-molle-vegetales-maroc-prix\\\/\",\"url\":\"https:\\\/\\\/vitablanca.ma\\\/produit\\\/doctors-best-astaxanthine-6-mg-90-capsules-a-enveloppe-molle-vegetales-maroc-prix\\\/\",\"name\":\"Doctor's BEST Astaxanthine, 6 mg, 90 capsules - Maroc Prix\",\"isPartOf\":{\"@id\":\"https:\\\/\\\/vitablanca.ma\\\/#website\"},\"primaryImageOfPage\":{\"@id\":\"https:\\\/\\\/vitablanca.ma\\\/produit\\\/doctors-best-astaxanthine-6-mg-90-capsules-a-enveloppe-molle-vegetales-maroc-prix\\\/#primaryimage\"},\"image\":{\"@id\":\"https:\\\/\\\/vitablanca.ma\\\/produit\\\/doctors-best-astaxanthine-6-mg-90-capsules-a-enveloppe-molle-vegetales-maroc-prix\\\/#primaryimage\"},\"thumbnailUrl\":\"https:\\\/\\\/vitablanca.ma\\\/wp-content\\\/uploads\\\/2025\\\/12\\\/1-1.jpg\",\"datePublished\":\"2025-12-23T11:12:12+00:00\",\"dateModified\":\"2025-12-24T17:06:29+00:00\",\"description\":\"Doctor\u2019s Best Astaxanthine 6 mg est un antioxydant naturel puissant pour la peau, les yeux, le c\u0153ur et l\u2019\u00e9nergie cellulaire. Capsules v\u00e9g\u00e9tales, haute absorption.\",\"breadcrumb\":{\"@id\":\"https:\\\/\\\/vitablanca.ma\\\/produit\\\/doctors-best-astaxanthine-6-mg-90-capsules-a-enveloppe-molle-vegetales-maroc-prix\\\/#breadcrumb\"},\"inLanguage\":\"en-US\",\"potentialAction\":[{\"@type\":\"ReadAction\",\"target\":[\"https:\\\/\\\/vitablanca.ma\\\/produit\\\/doctors-best-astaxanthine-6-mg-90-capsules-a-enveloppe-molle-vegetales-maroc-prix\\\/\"]}]},{\"@type\":\"ImageObject\",\"inLanguage\":\"en-US\",\"@id\":\"https:\\\/\\\/vitablanca.ma\\\/produit\\\/doctors-best-astaxanthine-6-mg-90-capsules-a-enveloppe-molle-vegetales-maroc-prix\\\/#primaryimage\",\"url\":\"https:\\\/\\\/vitablanca.ma\\\/wp-content\\\/uploads\\\/2025\\\/12\\\/1-1.jpg\",\"contentUrl\":\"https:\\\/\\\/vitablanca.ma\\\/wp-content\\\/uploads\\\/2025\\\/12\\\/1-1.jpg\",\"width\":680,\"height\":680,\"caption\":\"doctors-best-astaxanthine-6-mg-90-capsules-a-enveloppe-molle-vegetales\"},{\"@type\":\"BreadcrumbList\",\"@id\":\"https:\\\/\\\/vitablanca.ma\\\/produit\\\/doctors-best-astaxanthine-6-mg-90-capsules-a-enveloppe-molle-vegetales-maroc-prix\\\/#breadcrumb\",\"itemListElement\":[{\"@type\":\"ListItem\",\"position\":1,\"name\":\"Home\",\"item\":\"https:\\\/\\\/vitablanca.ma\\\/\"},{\"@type\":\"ListItem\",\"position\":2,\"name\":\"Tous Les Produits\",\"item\":\"https:\\\/\\\/vitablanca.ma\\\/tous-les-produits\\\/\"},{\"@type\":\"ListItem\",\"position\":3,\"name\":\"Doctor&#8217;s BEST Astaxanthine, 6 mg, 90 capsules \u00e0 enveloppe molle v\u00e9g\u00e9tales\"}]},{\"@type\":\"WebSite\",\"@id\":\"https:\\\/\\\/vitablanca.ma\\\/#website\",\"url\":\"https:\\\/\\\/vitablanca.ma\\\/\",\"name\":\"VitaBlanca.ma | Compl\u00e9ments alimentaires, sant\u00e9 & beaut\u00e9 au Maroc\",\"description\":\"vendre vitamines et compl\u00e9ments premium des USA &amp; Canada, Nouvelle Z\u00e9lande,Maroc (NOW Foods, Solgar, Manuka). Livraison rapide partout au Maroc.\",\"publisher\":{\"@id\":\"https:\\\/\\\/vitablanca.ma\\\/#organization\"},\"alternateName\":\"VitaBlanca.ma\",\"potentialAction\":[{\"@type\":\"SearchAction\",\"target\":{\"@type\":\"EntryPoint\",\"urlTemplate\":\"https:\\\/\\\/vitablanca.ma\\\/?s={search_term_string}\"},\"query-input\":{\"@type\":\"PropertyValueSpecification\",\"valueRequired\":true,\"valueName\":\"search_term_string\"}}],\"inLanguage\":\"en-US\"},{\"@type\":\"Organization\",\"@id\":\"https:\\\/\\\/vitablanca.ma\\\/#organization\",\"name\":\"VitaBlanca\",\"url\":\"https:\\\/\\\/vitablanca.ma\\\/\",\"logo\":{\"@type\":\"ImageObject\",\"inLanguage\":\"en-US\",\"@id\":\"https:\\\/\\\/vitablanca.ma\\\/#\\\/schema\\\/logo\\\/image\\\/\",\"url\":\"https:\\\/\\\/vitablanca.ma\\\/wp-content\\\/uploads\\\/2025\\\/05\\\/cropped-vitablanca.png\",\"contentUrl\":\"https:\\\/\\\/vitablanca.ma\\\/wp-content\\\/uploads\\\/2025\\\/05\\\/cropped-vitablanca.png\",\"width\":360,\"height\":67,\"caption\":\"VitaBlanca\"},\"image\":{\"@id\":\"https:\\\/\\\/vitablanca.ma\\\/#\\\/schema\\\/logo\\\/image\\\/\"},\"sameAs\":[\"https:\\\/\\\/www.facebook.com\\\/profile.php?id=61576678196717\",\"https:\\\/\\\/www.tiktok.com\\\/@vitablanca.ma\",\"https:\\\/\\\/www.instagram.com\\\/vitablanca.ma\\\/\"]}]}<\/script>\n<!-- \/ Yoast SEO plugin. -->","yoast_head_json":{"title":"Doctor's BEST Astaxanthine, 6 mg, 90 capsules - Maroc Prix","description":"Doctor\u2019s Best Astaxanthine 6 mg est un antioxydant naturel puissant pour la peau, les yeux, le c\u0153ur et l\u2019\u00e9nergie cellulaire. Capsules v\u00e9g\u00e9tales, haute absorption.","robots":{"index":"index","follow":"follow","max-snippet":"max-snippet:-1","max-image-preview":"max-image-preview:large","max-video-preview":"max-video-preview:-1"},"canonical":"https:\/\/vitablanca.ma\/en\/product\/doctors-best-astaxanthine-6-mg-90-capsules-a-enveloppe-molle-vegetales-maroc-prix\/","og_locale":"en_US","og_type":"article","og_title":"Doctor's BEST Astaxanthine, 6 mg, 90 capsules - Maroc Prix","og_description":"Doctor\u2019s Best Astaxanthine 6 mg est un antioxydant naturel puissant pour la peau, les yeux, le c\u0153ur et l\u2019\u00e9nergie cellulaire. Capsules v\u00e9g\u00e9tales, haute absorption.","og_url":"https:\/\/vitablanca.ma\/en\/product\/doctors-best-astaxanthine-6-mg-90-capsules-a-enveloppe-molle-vegetales-maroc-prix\/","og_site_name":"Vitablanca.ma &ndash; Sant&eacute;, vitalit&eacute; et bien-&ecirc;tre pour tous les Marocains","article_publisher":"https:\/\/www.facebook.com\/profile.php?id=61576678196717","article_modified_time":"2025-12-24T17:06:29+00:00","og_image":[{"width":680,"height":680,"url":"https:\/\/vitablanca.ma\/wp-content\/uploads\/2025\/12\/1-1.jpg","type":"image\/jpeg"}],"twitter_card":"summary_large_image","twitter_misc":{"Est. reading time":"2 minutes"},"schema":{"@context":"https:\/\/schema.org","@graph":[{"@type":["WebPage","ItemPage"],"@id":"https:\/\/vitablanca.ma\/produit\/doctors-best-astaxanthine-6-mg-90-capsules-a-enveloppe-molle-vegetales-maroc-prix\/","url":"https:\/\/vitablanca.ma\/produit\/doctors-best-astaxanthine-6-mg-90-capsules-a-enveloppe-molle-vegetales-maroc-prix\/","name":"Doctor's BEST Astaxanthine, 6 mg, 90 capsules - Maroc Prix","isPartOf":{"@id":"https:\/\/vitablanca.ma\/#website"},"primaryImageOfPage":{"@id":"https:\/\/vitablanca.ma\/produit\/doctors-best-astaxanthine-6-mg-90-capsules-a-enveloppe-molle-vegetales-maroc-prix\/#primaryimage"},"image":{"@id":"https:\/\/vitablanca.ma\/produit\/doctors-best-astaxanthine-6-mg-90-capsules-a-enveloppe-molle-vegetales-maroc-prix\/#primaryimage"},"thumbnailUrl":"https:\/\/vitablanca.ma\/wp-content\/uploads\/2025\/12\/1-1.jpg","datePublished":"2025-12-23T11:12:12+00:00","dateModified":"2025-12-24T17:06:29+00:00","description":"Doctor\u2019s Best Astaxanthine 6 mg est un antioxydant naturel puissant pour la peau, les yeux, le c\u0153ur et l\u2019\u00e9nergie cellulaire. Capsules v\u00e9g\u00e9tales, haute absorption.","breadcrumb":{"@id":"https:\/\/vitablanca.ma\/produit\/doctors-best-astaxanthine-6-mg-90-capsules-a-enveloppe-molle-vegetales-maroc-prix\/#breadcrumb"},"inLanguage":"en-US","potentialAction":[{"@type":"ReadAction","target":["https:\/\/vitablanca.ma\/produit\/doctors-best-astaxanthine-6-mg-90-capsules-a-enveloppe-molle-vegetales-maroc-prix\/"]}]},{"@type":"ImageObject","inLanguage":"en-US","@id":"https:\/\/vitablanca.ma\/produit\/doctors-best-astaxanthine-6-mg-90-capsules-a-enveloppe-molle-vegetales-maroc-prix\/#primaryimage","url":"https:\/\/vitablanca.ma\/wp-content\/uploads\/2025\/12\/1-1.jpg","contentUrl":"https:\/\/vitablanca.ma\/wp-content\/uploads\/2025\/12\/1-1.jpg","width":680,"height":680,"caption":"doctors-best-astaxanthine-6-mg-90-capsules-a-enveloppe-molle-vegetales"},{"@type":"BreadcrumbList","@id":"https:\/\/vitablanca.ma\/produit\/doctors-best-astaxanthine-6-mg-90-capsules-a-enveloppe-molle-vegetales-maroc-prix\/#breadcrumb","itemListElement":[{"@type":"ListItem","position":1,"name":"Home","item":"https:\/\/vitablanca.ma\/"},{"@type":"ListItem","position":2,"name":"Tous Les Produits","item":"https:\/\/vitablanca.ma\/tous-les-produits\/"},{"@type":"ListItem","position":3,"name":"Doctor&#8217;s BEST Astaxanthine, 6 mg, 90 capsules \u00e0 enveloppe molle v\u00e9g\u00e9tales"}]},{"@type":"WebSite","@id":"https:\/\/vitablanca.ma\/#website","url":"https:\/\/vitablanca.ma\/","name":"VitaBlanca.ma | Food supplements, health &amp; beauty in Morocco","description":"sell premium vitamins and supplements from USA &amp; Canada, New Zealand, Morocco (NOW Foods, Solgar, Manuka). Fast delivery anywhere in Morocco.","publisher":{"@id":"https:\/\/vitablanca.ma\/#organization"},"alternateName":"VitaBlanca.ma","potentialAction":[{"@type":"SearchAction","target":{"@type":"EntryPoint","urlTemplate":"https:\/\/vitablanca.ma\/?s={search_term_string}"},"query-input":{"@type":"PropertyValueSpecification","valueRequired":true,"valueName":"search_term_string"}}],"inLanguage":"en-US"},{"@type":"Organization","@id":"https:\/\/vitablanca.ma\/#organization","name":"VitaBlanca","url":"https:\/\/vitablanca.ma\/","logo":{"@type":"ImageObject","inLanguage":"en-US","@id":"https:\/\/vitablanca.ma\/#\/schema\/logo\/image\/","url":"https:\/\/vitablanca.ma\/wp-content\/uploads\/2025\/05\/cropped-vitablanca.png","contentUrl":"https:\/\/vitablanca.ma\/wp-content\/uploads\/2025\/05\/cropped-vitablanca.png","width":360,"height":67,"caption":"VitaBlanca"},"image":{"@id":"https:\/\/vitablanca.ma\/#\/schema\/logo\/image\/"},"sameAs":["https:\/\/www.facebook.com\/profile.php?id=61576678196717","https:\/\/www.tiktok.com\/@vitablanca.ma","https:\/\/www.instagram.com\/vitablanca.ma\/"]}]}},"jetpack_sharing_enabled":true,"_links":{"self":[{"href":"https:\/\/vitablanca.ma\/en\/wp-json\/wp\/v2\/product\/27421","targetHints":{"allow":["GET"]}}],"collection":[{"href":"https:\/\/vitablanca.ma\/en\/wp-json\/wp\/v2\/product"}],"about":[{"href":"https:\/\/vitablanca.ma\/en\/wp-json\/wp\/v2\/types\/product"}],"wp:featuredmedia":[{"embeddable":true,"href":"https:\/\/vitablanca.ma\/en\/wp-json\/wp\/v2\/media\/27427"}],"wp:attachment":[{"href":"https:\/\/vitablanca.ma\/en\/wp-json\/wp\/v2\/media?parent=27421"}],"wp:term":[{"taxonomy":"product_brand","embeddable":true,"href":"https:\/\/vitablanca.ma\/en\/wp-json\/wp\/v2\/product_brand?post=27421"},{"taxonomy":"product_cat","embeddable":true,"href":"https:\/\/vitablanca.ma\/en\/wp-json\/wp\/v2\/product_cat?post=27421"},{"taxonomy":"product_tag","embeddable":true,"href":"https:\/\/vitablanca.ma\/en\/wp-json\/wp\/v2\/product_tag?post=27421"}],"curies":[{"name":"wp","href":"https:\/\/api.w.org\/{rel}","templated":true}]}}