{"id":27123,"date":"2025-12-03T01:13:25","date_gmt":"2025-12-03T01:13:25","guid":{"rendered":"https:\/\/vitablanca.ma\/?post_type=product&#038;p=27123"},"modified":"2025-12-16T19:28:36","modified_gmt":"2025-12-16T19:28:36","slug":"now-foods-magteine-magnesium-l-threonate-90-gelules-vegetales-maroc-prix","status":"publish","type":"product","link":"https:\/\/vitablanca.ma\/en\/product\/now-foods-magteine-magnesium-l-threonate-90-gelules-vegetales-maroc-prix\/","title":{"rendered":"Now Foods Magt\u00e9ine, magn\u00e9sium L-thr\u00e9onate, 90 g\u00e9lules v\u00e9g\u00e9tales"},"content":{"rendered":"<p>Le magn\u00e9sium (Mg) est un min\u00e9ral essentiel connu pour son r\u00f4le dans la fonction des os et du syst\u00e8me nerveux. Une recherche r\u00e9cente a d\u00e9montr\u00e9 qu\u2019il est aussi critique pour la sant\u00e9 normale du cerveau et le fonctionnement cognitif normal en conservant la densit\u00e9 et la stabilit\u00e9 des synapses neuronaux. Cependant, la plupart des formes de Mg ne sont pas facilement absorb\u00e9es dans le syst\u00e8me nerveux. Magtein est une forme brevet\u00e9e de Mg qui franchit facilement la barri\u00e8re h\u00e9mato-enc\u00e9phalique pour \u00eatre utilis\u00e9e dans le cerveau. Des \u00e9tudes de laboratoire indiquent que Magtein soutient la sant\u00e9 c\u00e9r\u00e9brale et peut faciliter l\u2019apprentissage et la m\u00e9moire ainsi qu\u2019une humeur d\u00e9tendue.<\/p>","protected":false},"excerpt":{"rendered":"<ul>\n<li>Cognitive support<\/li>\n<li>Soutient la m\u00e9moire et l&rsquo;apprentissage<\/li>\n<li>Favorise la sant\u00e9 c\u00e9r\u00e9brale<\/li>\n<li>GMO-free<\/li>\n<li>Food supplement<\/li>\n<li>Vegetarian \/ Vegan<\/li>\n<li>General health<\/li>\n<li>Quality assured by compliance with GMP<\/li>\n<li>Le magn\u00e9sium (Mg) est un min\u00e9ral essentiel connu pour son r\u00f4le dans la fonction des os et du syst\u00e8me nerveux.<\/li>\n<\/ul>","protected":false},"featured_media":27125,"template":"","meta":{"om_disable_all_campaigns":false},"product_brand":[83],"product_cat":[18,176,163,19],"product_tag":[4205,1699,181,5211,1738,4309,5265,4961,180,88,1742,1740,5267,5268],"class_list":{"0":"post-27123","1":"product","2":"type-product","3":"status-publish","4":"has-post-thumbnail","6":"product_brand-now-foods-maroc-prix","7":"product_cat-beaute-sante","8":"product_cat-magnesium","9":"product_cat-mineraux","10":"product_cat-vitamines-supplements-dietetiques","11":"product_tag-90-capsules","12":"product_tag-bien-etre","13":"product_tag-complement-alimentaire","14":"product_tag-formule-premium","15":"product_tag-gelules-vegetales","16":"product_tag-magnesium-l-threonate","17":"product_tag-magteine","18":"product_tag-memoire-concentration","19":"product_tag-mineral-essentiel","20":"product_tag-now-foods","21":"product_tag-relaxation","22":"product_tag-sante-mentale","23":"product_tag-sommeil","24":"product_tag-support-cognitif","26":"first","27":"instock","28":"taxable","29":"shipping-taxable","30":"purchasable","31":"product-type-simple"},"yoast_head":"<!-- This site is optimized with the Yoast SEO plugin v27.5 - https:\/\/yoast.com\/product\/yoast-seo-wordpress\/ -->\n<title>Now Foods Magt\u00e9ine \u2013 Magn\u00e9sium L-Thr\u00e9onate - Maroc Prix<\/title>\n<meta name=\"description\" content=\"Now Foods Magt\u00e9ine, magn\u00e9sium L-thr\u00e9onate \u2013 90 g\u00e9lules v\u00e9g\u00e9tales. Soutien m\u00e9moire, concentration, relaxation et sommeil. Compl\u00e9ment cognitif premium.\" \/>\n<meta name=\"robots\" content=\"index, follow, max-snippet:-1, max-image-preview:large, max-video-preview:-1\" \/>\n<link rel=\"canonical\" href=\"https:\/\/vitablanca.ma\/en\/product\/now-foods-magteine-magnesium-l-threonate-90-gelules-vegetales-maroc-prix\/\" \/>\n<meta property=\"og:locale\" content=\"en_US\" \/>\n<meta property=\"og:type\" content=\"article\" \/>\n<meta property=\"og:title\" content=\"Now Foods Magt\u00e9ine \u2013 Magn\u00e9sium L-Thr\u00e9onate - Maroc Prix\" \/>\n<meta property=\"og:description\" content=\"Now Foods Magt\u00e9ine, magn\u00e9sium L-thr\u00e9onate \u2013 90 g\u00e9lules v\u00e9g\u00e9tales. Soutien m\u00e9moire, concentration, relaxation et sommeil. Compl\u00e9ment cognitif premium.\" \/>\n<meta property=\"og:url\" content=\"https:\/\/vitablanca.ma\/en\/product\/now-foods-magteine-magnesium-l-threonate-90-gelules-vegetales-maroc-prix\/\" \/>\n<meta property=\"og:site_name\" content=\"Vitablanca.ma &ndash; Sant&eacute;, vitalit&eacute; et bien-&ecirc;tre pour tous les Marocains\" \/>\n<meta property=\"article:publisher\" content=\"https:\/\/www.facebook.com\/profile.php?id=61576678196717\" \/>\n<meta property=\"article:modified_time\" content=\"2025-12-16T19:28:36+00:00\" \/>\n<meta property=\"og:image\" content=\"https:\/\/vitablanca.ma\/wp-content\/uploads\/2025\/12\/magteine-magnesium-l-threonate-90-gelules-vegetales-now-foods-.jpg\" \/>\n\t<meta property=\"og:image:width\" content=\"680\" \/>\n\t<meta property=\"og:image:height\" content=\"680\" \/>\n\t<meta property=\"og:image:type\" content=\"image\/jpeg\" \/>\n<meta name=\"twitter:card\" content=\"summary_large_image\" \/>\n<meta name=\"twitter:label1\" content=\"Est. reading time\" \/>\n\t<meta name=\"twitter:data1\" content=\"1 minute\" \/>\n<script type=\"application\/ld+json\" class=\"yoast-schema-graph\">{\"@context\":\"https:\\\/\\\/schema.org\",\"@graph\":[{\"@type\":[\"WebPage\",\"ItemPage\"],\"@id\":\"https:\\\/\\\/vitablanca.ma\\\/produit\\\/now-foods-magteine-magnesium-l-threonate-90-gelules-vegetales-maroc-prix\\\/\",\"url\":\"https:\\\/\\\/vitablanca.ma\\\/produit\\\/now-foods-magteine-magnesium-l-threonate-90-gelules-vegetales-maroc-prix\\\/\",\"name\":\"Now Foods Magt\u00e9ine \u2013 Magn\u00e9sium L-Thr\u00e9onate - Maroc Prix\",\"isPartOf\":{\"@id\":\"https:\\\/\\\/vitablanca.ma\\\/#website\"},\"primaryImageOfPage\":{\"@id\":\"https:\\\/\\\/vitablanca.ma\\\/produit\\\/now-foods-magteine-magnesium-l-threonate-90-gelules-vegetales-maroc-prix\\\/#primaryimage\"},\"image\":{\"@id\":\"https:\\\/\\\/vitablanca.ma\\\/produit\\\/now-foods-magteine-magnesium-l-threonate-90-gelules-vegetales-maroc-prix\\\/#primaryimage\"},\"thumbnailUrl\":\"https:\\\/\\\/vitablanca.ma\\\/wp-content\\\/uploads\\\/2025\\\/12\\\/magteine-magnesium-l-threonate-90-gelules-vegetales-now-foods-.jpg\",\"datePublished\":\"2025-12-03T01:13:25+00:00\",\"dateModified\":\"2025-12-16T19:28:36+00:00\",\"description\":\"Now Foods Magt\u00e9ine, magn\u00e9sium L-thr\u00e9onate \u2013 90 g\u00e9lules v\u00e9g\u00e9tales. Soutien m\u00e9moire, concentration, relaxation et sommeil. Compl\u00e9ment cognitif premium.\",\"breadcrumb\":{\"@id\":\"https:\\\/\\\/vitablanca.ma\\\/produit\\\/now-foods-magteine-magnesium-l-threonate-90-gelules-vegetales-maroc-prix\\\/#breadcrumb\"},\"inLanguage\":\"en-US\",\"potentialAction\":[{\"@type\":\"ReadAction\",\"target\":[\"https:\\\/\\\/vitablanca.ma\\\/produit\\\/now-foods-magteine-magnesium-l-threonate-90-gelules-vegetales-maroc-prix\\\/\"]}]},{\"@type\":\"ImageObject\",\"inLanguage\":\"en-US\",\"@id\":\"https:\\\/\\\/vitablanca.ma\\\/produit\\\/now-foods-magteine-magnesium-l-threonate-90-gelules-vegetales-maroc-prix\\\/#primaryimage\",\"url\":\"https:\\\/\\\/vitablanca.ma\\\/wp-content\\\/uploads\\\/2025\\\/12\\\/magteine-magnesium-l-threonate-90-gelules-vegetales-now-foods-.jpg\",\"contentUrl\":\"https:\\\/\\\/vitablanca.ma\\\/wp-content\\\/uploads\\\/2025\\\/12\\\/magteine-magnesium-l-threonate-90-gelules-vegetales-now-foods-.jpg\",\"width\":680,\"height\":680},{\"@type\":\"BreadcrumbList\",\"@id\":\"https:\\\/\\\/vitablanca.ma\\\/produit\\\/now-foods-magteine-magnesium-l-threonate-90-gelules-vegetales-maroc-prix\\\/#breadcrumb\",\"itemListElement\":[{\"@type\":\"ListItem\",\"position\":1,\"name\":\"Home\",\"item\":\"https:\\\/\\\/vitablanca.ma\\\/\"},{\"@type\":\"ListItem\",\"position\":2,\"name\":\"Tous Les Produits\",\"item\":\"https:\\\/\\\/vitablanca.ma\\\/tous-les-produits\\\/\"},{\"@type\":\"ListItem\",\"position\":3,\"name\":\"Now Foods Magt\u00e9ine, magn\u00e9sium L-thr\u00e9onate, 90 g\u00e9lules v\u00e9g\u00e9tales\"}]},{\"@type\":\"WebSite\",\"@id\":\"https:\\\/\\\/vitablanca.ma\\\/#website\",\"url\":\"https:\\\/\\\/vitablanca.ma\\\/\",\"name\":\"VitaBlanca.ma | Compl\u00e9ments alimentaires, sant\u00e9 & beaut\u00e9 au Maroc\",\"description\":\"vendre vitamines et compl\u00e9ments premium des USA &amp; Canada, Nouvelle Z\u00e9lande,Maroc (NOW Foods, Solgar, Manuka). Livraison rapide partout au Maroc.\",\"publisher\":{\"@id\":\"https:\\\/\\\/vitablanca.ma\\\/#organization\"},\"alternateName\":\"VitaBlanca.ma\",\"potentialAction\":[{\"@type\":\"SearchAction\",\"target\":{\"@type\":\"EntryPoint\",\"urlTemplate\":\"https:\\\/\\\/vitablanca.ma\\\/?s={search_term_string}\"},\"query-input\":{\"@type\":\"PropertyValueSpecification\",\"valueRequired\":true,\"valueName\":\"search_term_string\"}}],\"inLanguage\":\"en-US\"},{\"@type\":\"Organization\",\"@id\":\"https:\\\/\\\/vitablanca.ma\\\/#organization\",\"name\":\"VitaBlanca\",\"url\":\"https:\\\/\\\/vitablanca.ma\\\/\",\"logo\":{\"@type\":\"ImageObject\",\"inLanguage\":\"en-US\",\"@id\":\"https:\\\/\\\/vitablanca.ma\\\/#\\\/schema\\\/logo\\\/image\\\/\",\"url\":\"https:\\\/\\\/vitablanca.ma\\\/wp-content\\\/uploads\\\/2025\\\/05\\\/cropped-vitablanca.png\",\"contentUrl\":\"https:\\\/\\\/vitablanca.ma\\\/wp-content\\\/uploads\\\/2025\\\/05\\\/cropped-vitablanca.png\",\"width\":360,\"height\":67,\"caption\":\"VitaBlanca\"},\"image\":{\"@id\":\"https:\\\/\\\/vitablanca.ma\\\/#\\\/schema\\\/logo\\\/image\\\/\"},\"sameAs\":[\"https:\\\/\\\/www.facebook.com\\\/profile.php?id=61576678196717\",\"https:\\\/\\\/www.tiktok.com\\\/@vitablanca.ma\",\"https:\\\/\\\/www.instagram.com\\\/vitablanca.ma\\\/\"]}]}<\/script>\n<!-- \/ Yoast SEO plugin. -->","yoast_head_json":{"title":"Now Foods Magt\u00e9ine \u2013 Magn\u00e9sium L-Thr\u00e9onate - Maroc Prix","description":"Now Foods Magt\u00e9ine, magn\u00e9sium L-thr\u00e9onate \u2013 90 g\u00e9lules v\u00e9g\u00e9tales. Soutien m\u00e9moire, concentration, relaxation et sommeil. Compl\u00e9ment cognitif premium.","robots":{"index":"index","follow":"follow","max-snippet":"max-snippet:-1","max-image-preview":"max-image-preview:large","max-video-preview":"max-video-preview:-1"},"canonical":"https:\/\/vitablanca.ma\/en\/product\/now-foods-magteine-magnesium-l-threonate-90-gelules-vegetales-maroc-prix\/","og_locale":"en_US","og_type":"article","og_title":"Now Foods Magt\u00e9ine \u2013 Magn\u00e9sium L-Thr\u00e9onate - Maroc Prix","og_description":"Now Foods Magt\u00e9ine, magn\u00e9sium L-thr\u00e9onate \u2013 90 g\u00e9lules v\u00e9g\u00e9tales. Soutien m\u00e9moire, concentration, relaxation et sommeil. Compl\u00e9ment cognitif premium.","og_url":"https:\/\/vitablanca.ma\/en\/product\/now-foods-magteine-magnesium-l-threonate-90-gelules-vegetales-maroc-prix\/","og_site_name":"Vitablanca.ma &ndash; Sant&eacute;, vitalit&eacute; et bien-&ecirc;tre pour tous les Marocains","article_publisher":"https:\/\/www.facebook.com\/profile.php?id=61576678196717","article_modified_time":"2025-12-16T19:28:36+00:00","og_image":[{"width":680,"height":680,"url":"https:\/\/vitablanca.ma\/wp-content\/uploads\/2025\/12\/magteine-magnesium-l-threonate-90-gelules-vegetales-now-foods-.jpg","type":"image\/jpeg"}],"twitter_card":"summary_large_image","twitter_misc":{"Est. reading time":"1 minute"},"schema":{"@context":"https:\/\/schema.org","@graph":[{"@type":["WebPage","ItemPage"],"@id":"https:\/\/vitablanca.ma\/produit\/now-foods-magteine-magnesium-l-threonate-90-gelules-vegetales-maroc-prix\/","url":"https:\/\/vitablanca.ma\/produit\/now-foods-magteine-magnesium-l-threonate-90-gelules-vegetales-maroc-prix\/","name":"Now Foods Magt\u00e9ine \u2013 Magn\u00e9sium L-Thr\u00e9onate - Maroc Prix","isPartOf":{"@id":"https:\/\/vitablanca.ma\/#website"},"primaryImageOfPage":{"@id":"https:\/\/vitablanca.ma\/produit\/now-foods-magteine-magnesium-l-threonate-90-gelules-vegetales-maroc-prix\/#primaryimage"},"image":{"@id":"https:\/\/vitablanca.ma\/produit\/now-foods-magteine-magnesium-l-threonate-90-gelules-vegetales-maroc-prix\/#primaryimage"},"thumbnailUrl":"https:\/\/vitablanca.ma\/wp-content\/uploads\/2025\/12\/magteine-magnesium-l-threonate-90-gelules-vegetales-now-foods-.jpg","datePublished":"2025-12-03T01:13:25+00:00","dateModified":"2025-12-16T19:28:36+00:00","description":"Now Foods Magt\u00e9ine, magn\u00e9sium L-thr\u00e9onate \u2013 90 g\u00e9lules v\u00e9g\u00e9tales. Soutien m\u00e9moire, concentration, relaxation et sommeil. Compl\u00e9ment cognitif premium.","breadcrumb":{"@id":"https:\/\/vitablanca.ma\/produit\/now-foods-magteine-magnesium-l-threonate-90-gelules-vegetales-maroc-prix\/#breadcrumb"},"inLanguage":"en-US","potentialAction":[{"@type":"ReadAction","target":["https:\/\/vitablanca.ma\/produit\/now-foods-magteine-magnesium-l-threonate-90-gelules-vegetales-maroc-prix\/"]}]},{"@type":"ImageObject","inLanguage":"en-US","@id":"https:\/\/vitablanca.ma\/produit\/now-foods-magteine-magnesium-l-threonate-90-gelules-vegetales-maroc-prix\/#primaryimage","url":"https:\/\/vitablanca.ma\/wp-content\/uploads\/2025\/12\/magteine-magnesium-l-threonate-90-gelules-vegetales-now-foods-.jpg","contentUrl":"https:\/\/vitablanca.ma\/wp-content\/uploads\/2025\/12\/magteine-magnesium-l-threonate-90-gelules-vegetales-now-foods-.jpg","width":680,"height":680},{"@type":"BreadcrumbList","@id":"https:\/\/vitablanca.ma\/produit\/now-foods-magteine-magnesium-l-threonate-90-gelules-vegetales-maroc-prix\/#breadcrumb","itemListElement":[{"@type":"ListItem","position":1,"name":"Home","item":"https:\/\/vitablanca.ma\/"},{"@type":"ListItem","position":2,"name":"Tous Les Produits","item":"https:\/\/vitablanca.ma\/tous-les-produits\/"},{"@type":"ListItem","position":3,"name":"Now Foods Magt\u00e9ine, magn\u00e9sium L-thr\u00e9onate, 90 g\u00e9lules v\u00e9g\u00e9tales"}]},{"@type":"WebSite","@id":"https:\/\/vitablanca.ma\/#website","url":"https:\/\/vitablanca.ma\/","name":"VitaBlanca.ma | Food supplements, health &amp; beauty in Morocco","description":"sell premium vitamins and supplements from USA &amp; Canada, New Zealand, Morocco (NOW Foods, Solgar, Manuka). Fast delivery anywhere in Morocco.","publisher":{"@id":"https:\/\/vitablanca.ma\/#organization"},"alternateName":"VitaBlanca.ma","potentialAction":[{"@type":"SearchAction","target":{"@type":"EntryPoint","urlTemplate":"https:\/\/vitablanca.ma\/?s={search_term_string}"},"query-input":{"@type":"PropertyValueSpecification","valueRequired":true,"valueName":"search_term_string"}}],"inLanguage":"en-US"},{"@type":"Organization","@id":"https:\/\/vitablanca.ma\/#organization","name":"VitaBlanca","url":"https:\/\/vitablanca.ma\/","logo":{"@type":"ImageObject","inLanguage":"en-US","@id":"https:\/\/vitablanca.ma\/#\/schema\/logo\/image\/","url":"https:\/\/vitablanca.ma\/wp-content\/uploads\/2025\/05\/cropped-vitablanca.png","contentUrl":"https:\/\/vitablanca.ma\/wp-content\/uploads\/2025\/05\/cropped-vitablanca.png","width":360,"height":67,"caption":"VitaBlanca"},"image":{"@id":"https:\/\/vitablanca.ma\/#\/schema\/logo\/image\/"},"sameAs":["https:\/\/www.facebook.com\/profile.php?id=61576678196717","https:\/\/www.tiktok.com\/@vitablanca.ma","https:\/\/www.instagram.com\/vitablanca.ma\/"]}]}},"jetpack_sharing_enabled":true,"_links":{"self":[{"href":"https:\/\/vitablanca.ma\/en\/wp-json\/wp\/v2\/product\/27123","targetHints":{"allow":["GET"]}}],"collection":[{"href":"https:\/\/vitablanca.ma\/en\/wp-json\/wp\/v2\/product"}],"about":[{"href":"https:\/\/vitablanca.ma\/en\/wp-json\/wp\/v2\/types\/product"}],"wp:featuredmedia":[{"embeddable":true,"href":"https:\/\/vitablanca.ma\/en\/wp-json\/wp\/v2\/media\/27125"}],"wp:attachment":[{"href":"https:\/\/vitablanca.ma\/en\/wp-json\/wp\/v2\/media?parent=27123"}],"wp:term":[{"taxonomy":"product_brand","embeddable":true,"href":"https:\/\/vitablanca.ma\/en\/wp-json\/wp\/v2\/product_brand?post=27123"},{"taxonomy":"product_cat","embeddable":true,"href":"https:\/\/vitablanca.ma\/en\/wp-json\/wp\/v2\/product_cat?post=27123"},{"taxonomy":"product_tag","embeddable":true,"href":"https:\/\/vitablanca.ma\/en\/wp-json\/wp\/v2\/product_tag?post=27123"}],"curies":[{"name":"wp","href":"https:\/\/api.w.org\/{rel}","templated":true}]}}