{"id":27118,"date":"2025-12-03T00:57:56","date_gmt":"2025-12-03T00:57:56","guid":{"rendered":"https:\/\/vitablanca.ma\/?post_type=product&#038;p=27118"},"modified":"2025-12-16T19:28:37","modified_gmt":"2025-12-16T19:28:37","slug":"now-foods-vitamine-b-6-100-mg-250-gelules-vegetales-maroc-prix","status":"publish","type":"product","link":"https:\/\/vitablanca.ma\/en\/product\/now-foods-vitamine-b-6-100-mg-250-gelules-vegetales-maroc-prix\/","title":{"rendered":"Now Foods Vitamine B-6, 100 mg, 250 g\u00e9lules v\u00e9g\u00e9tales"},"content":{"rendered":"<p>La vitamine B-6 est un cofacteur dans de nombreuses r\u00e9actions enzymatiques et est n\u00e9cessaire au m\u00e9tabolisme des graisses, des glucides et des prot\u00e9ines.\u00a0Il facilite la conversion des acides amin\u00e9s de l\u2019un \u00e0 l\u2019autre selon les besoins et est n\u00e9cessaire \u00e0 la synth\u00e8se normale de l\u2019h\u00e9moglobine, ainsi qu\u2019au fonctionnement normal et \u00e0 la production de globules rouges.\u00a0B-6 joue un r\u00f4le important dans la r\u00e9gulation du m\u00e9tabolisme de l\u2019homocyst\u00e9ine dans le corps.\u00a0L\u2019homocyst\u00e9ine, un sous-produit du cycle de la m\u00e9thionine, est connue pour \u00eatre destructrice des tissus corporels, en particulier des structures vasculaires.\u00a0B-6 est \u00e9galement essentiel pour le maintien d\u2019un syst\u00e8me nerveux sain.\u00a0<\/p>\n\n\n\n<p>Suggested Use\u00a0<\/p>\n\n\n\n<p>Prendre 1 capsule par jour avec un repas.\u00a0<\/p>","protected":false},"excerpt":{"rendered":"<ul>\n<li>Cardiovascular health\u00a0<\/li>\n<li>Soutient le m\u00e9tabolisme sain de l&rsquo;homocyst\u00e9ine\u00a0<\/li>\n<li>Important pour le fonctionnement du syst\u00e8me nerveux\u00a0<\/li>\n<li>Non-GMO\u00a0<\/li>\n<li>A dietary supplement\u00a0<\/li>\n<li>Vegetarian\/Vegan\u00a0<\/li>\n<li>Vitamins\u00a0<\/li>\n<li>GMP quality assured\u00a0<\/li>\n<\/ul>","protected":false},"featured_media":27120,"template":"","meta":{"om_disable_all_campaigns":false},"product_brand":[42],"product_cat":[284,18,131,130,19],"product_tag":[327,5262,1699,181,398,1738,1704,88,91,869,5264,324,1733],"class_list":{"0":"post-27118","1":"product","2":"type-product","3":"status-publish","4":"has-post-thumbnail","6":"product_brand-solgar-prix-maroc","7":"product_cat-b6","8":"product_cat-beaute-sante","9":"product_cat-vitamine-b","10":"product_cat-vitamines","11":"product_cat-vitamines-supplements-dietetiques","12":"product_tag-100-mg","13":"product_tag-250-capsules","14":"product_tag-bien-etre","15":"product_tag-complement-alimentaire","16":"product_tag-energie","17":"product_tag-gelules-vegetales","18":"product_tag-metabolisme","19":"product_tag-now-foods","20":"product_tag-now-foods-maroc","21":"product_tag-sante-nerveuse","22":"product_tag-supplement-premium","23":"product_tag-vitamine-b6","24":"product_tag-vitamines-b","26":"first","27":"instock","28":"taxable","29":"shipping-taxable","30":"purchasable","31":"product-type-simple"},"yoast_head":"<!-- This site is optimized with the Yoast SEO plugin v27.5 - https:\/\/yoast.com\/product\/yoast-seo-wordpress\/ -->\n<title>Now Foods Vitamine B6 100\u202fmg \u2013 250 G\u00e9lules - Maroc Prix<\/title>\n<meta name=\"description\" content=\"Now Foods Vitamine B6 100\u202fmg \u2013 250 g\u00e9lules v\u00e9g\u00e9tales. Soutien m\u00e9tabolisme, \u00e9nergie, humeur et sant\u00e9 nerveuse. Compl\u00e9ment premium pour usage quotidien.\" \/>\n<meta name=\"robots\" content=\"index, follow, max-snippet:-1, max-image-preview:large, max-video-preview:-1\" \/>\n<link rel=\"canonical\" href=\"https:\/\/vitablanca.ma\/en\/product\/now-foods-vitamine-b-6-100-mg-250-gelules-vegetales-maroc-prix\/\" \/>\n<meta property=\"og:locale\" content=\"en_US\" \/>\n<meta property=\"og:type\" content=\"article\" \/>\n<meta property=\"og:title\" content=\"Now Foods Vitamine B6 100\u202fmg \u2013 250 G\u00e9lules - Maroc Prix\" \/>\n<meta property=\"og:description\" content=\"Now Foods Vitamine B6 100\u202fmg \u2013 250 g\u00e9lules v\u00e9g\u00e9tales. Soutien m\u00e9tabolisme, \u00e9nergie, humeur et sant\u00e9 nerveuse. Compl\u00e9ment premium pour usage quotidien.\" \/>\n<meta property=\"og:url\" content=\"https:\/\/vitablanca.ma\/en\/product\/now-foods-vitamine-b-6-100-mg-250-gelules-vegetales-maroc-prix\/\" \/>\n<meta property=\"og:site_name\" content=\"Vitablanca.ma &ndash; Sant&eacute;, vitalit&eacute; et bien-&ecirc;tre pour tous les Marocains\" \/>\n<meta property=\"article:publisher\" content=\"https:\/\/www.facebook.com\/profile.php?id=61576678196717\" \/>\n<meta property=\"article:modified_time\" content=\"2025-12-16T19:28:37+00:00\" \/>\n<meta property=\"og:image\" content=\"https:\/\/vitablanca.ma\/wp-content\/uploads\/2025\/12\/now-foods-vitamine-b-6-100-mg-250-gelules-vegetales.jpg\" \/>\n\t<meta property=\"og:image:width\" content=\"680\" \/>\n\t<meta property=\"og:image:height\" content=\"680\" \/>\n\t<meta property=\"og:image:type\" content=\"image\/jpeg\" \/>\n<meta name=\"twitter:card\" content=\"summary_large_image\" \/>\n<meta name=\"twitter:label1\" content=\"Est. reading time\" \/>\n\t<meta name=\"twitter:data1\" content=\"1 minute\" \/>\n<script type=\"application\/ld+json\" class=\"yoast-schema-graph\">{\"@context\":\"https:\\\/\\\/schema.org\",\"@graph\":[{\"@type\":[\"WebPage\",\"ItemPage\"],\"@id\":\"https:\\\/\\\/vitablanca.ma\\\/produit\\\/now-foods-vitamine-b-6-100-mg-250-gelules-vegetales-maroc-prix\\\/\",\"url\":\"https:\\\/\\\/vitablanca.ma\\\/produit\\\/now-foods-vitamine-b-6-100-mg-250-gelules-vegetales-maroc-prix\\\/\",\"name\":\"Now Foods Vitamine B6 100\u202fmg \u2013 250 G\u00e9lules - Maroc Prix\",\"isPartOf\":{\"@id\":\"https:\\\/\\\/vitablanca.ma\\\/#website\"},\"primaryImageOfPage\":{\"@id\":\"https:\\\/\\\/vitablanca.ma\\\/produit\\\/now-foods-vitamine-b-6-100-mg-250-gelules-vegetales-maroc-prix\\\/#primaryimage\"},\"image\":{\"@id\":\"https:\\\/\\\/vitablanca.ma\\\/produit\\\/now-foods-vitamine-b-6-100-mg-250-gelules-vegetales-maroc-prix\\\/#primaryimage\"},\"thumbnailUrl\":\"https:\\\/\\\/vitablanca.ma\\\/wp-content\\\/uploads\\\/2025\\\/12\\\/now-foods-vitamine-b-6-100-mg-250-gelules-vegetales.jpg\",\"datePublished\":\"2025-12-03T00:57:56+00:00\",\"dateModified\":\"2025-12-16T19:28:37+00:00\",\"description\":\"Now Foods Vitamine B6 100\u202fmg \u2013 250 g\u00e9lules v\u00e9g\u00e9tales. Soutien m\u00e9tabolisme, \u00e9nergie, humeur et sant\u00e9 nerveuse. Compl\u00e9ment premium pour usage quotidien.\",\"breadcrumb\":{\"@id\":\"https:\\\/\\\/vitablanca.ma\\\/produit\\\/now-foods-vitamine-b-6-100-mg-250-gelules-vegetales-maroc-prix\\\/#breadcrumb\"},\"inLanguage\":\"en-US\",\"potentialAction\":[{\"@type\":\"ReadAction\",\"target\":[\"https:\\\/\\\/vitablanca.ma\\\/produit\\\/now-foods-vitamine-b-6-100-mg-250-gelules-vegetales-maroc-prix\\\/\"]}]},{\"@type\":\"ImageObject\",\"inLanguage\":\"en-US\",\"@id\":\"https:\\\/\\\/vitablanca.ma\\\/produit\\\/now-foods-vitamine-b-6-100-mg-250-gelules-vegetales-maroc-prix\\\/#primaryimage\",\"url\":\"https:\\\/\\\/vitablanca.ma\\\/wp-content\\\/uploads\\\/2025\\\/12\\\/now-foods-vitamine-b-6-100-mg-250-gelules-vegetales.jpg\",\"contentUrl\":\"https:\\\/\\\/vitablanca.ma\\\/wp-content\\\/uploads\\\/2025\\\/12\\\/now-foods-vitamine-b-6-100-mg-250-gelules-vegetales.jpg\",\"width\":680,\"height\":680},{\"@type\":\"BreadcrumbList\",\"@id\":\"https:\\\/\\\/vitablanca.ma\\\/produit\\\/now-foods-vitamine-b-6-100-mg-250-gelules-vegetales-maroc-prix\\\/#breadcrumb\",\"itemListElement\":[{\"@type\":\"ListItem\",\"position\":1,\"name\":\"Home\",\"item\":\"https:\\\/\\\/vitablanca.ma\\\/\"},{\"@type\":\"ListItem\",\"position\":2,\"name\":\"Tous Les Produits\",\"item\":\"https:\\\/\\\/vitablanca.ma\\\/tous-les-produits\\\/\"},{\"@type\":\"ListItem\",\"position\":3,\"name\":\"Now Foods Vitamine B-6, 100 mg, 250 g\u00e9lules v\u00e9g\u00e9tales\"}]},{\"@type\":\"WebSite\",\"@id\":\"https:\\\/\\\/vitablanca.ma\\\/#website\",\"url\":\"https:\\\/\\\/vitablanca.ma\\\/\",\"name\":\"VitaBlanca.ma | Compl\u00e9ments alimentaires, sant\u00e9 & beaut\u00e9 au Maroc\",\"description\":\"vendre vitamines et compl\u00e9ments premium des USA &amp; Canada, Nouvelle Z\u00e9lande,Maroc (NOW Foods, Solgar, Manuka). Livraison rapide partout au Maroc.\",\"publisher\":{\"@id\":\"https:\\\/\\\/vitablanca.ma\\\/#organization\"},\"alternateName\":\"VitaBlanca.ma\",\"potentialAction\":[{\"@type\":\"SearchAction\",\"target\":{\"@type\":\"EntryPoint\",\"urlTemplate\":\"https:\\\/\\\/vitablanca.ma\\\/?s={search_term_string}\"},\"query-input\":{\"@type\":\"PropertyValueSpecification\",\"valueRequired\":true,\"valueName\":\"search_term_string\"}}],\"inLanguage\":\"en-US\"},{\"@type\":\"Organization\",\"@id\":\"https:\\\/\\\/vitablanca.ma\\\/#organization\",\"name\":\"VitaBlanca\",\"url\":\"https:\\\/\\\/vitablanca.ma\\\/\",\"logo\":{\"@type\":\"ImageObject\",\"inLanguage\":\"en-US\",\"@id\":\"https:\\\/\\\/vitablanca.ma\\\/#\\\/schema\\\/logo\\\/image\\\/\",\"url\":\"https:\\\/\\\/vitablanca.ma\\\/wp-content\\\/uploads\\\/2025\\\/05\\\/cropped-vitablanca.png\",\"contentUrl\":\"https:\\\/\\\/vitablanca.ma\\\/wp-content\\\/uploads\\\/2025\\\/05\\\/cropped-vitablanca.png\",\"width\":360,\"height\":67,\"caption\":\"VitaBlanca\"},\"image\":{\"@id\":\"https:\\\/\\\/vitablanca.ma\\\/#\\\/schema\\\/logo\\\/image\\\/\"},\"sameAs\":[\"https:\\\/\\\/www.facebook.com\\\/profile.php?id=61576678196717\",\"https:\\\/\\\/www.tiktok.com\\\/@vitablanca.ma\",\"https:\\\/\\\/www.instagram.com\\\/vitablanca.ma\\\/\"]}]}<\/script>\n<!-- \/ Yoast SEO plugin. -->","yoast_head_json":{"title":"Now Foods Vitamine B6 100\u202fmg \u2013 250 G\u00e9lules - Maroc Prix","description":"Now Foods Vitamine B6 100\u202fmg \u2013 250 g\u00e9lules v\u00e9g\u00e9tales. Soutien m\u00e9tabolisme, \u00e9nergie, humeur et sant\u00e9 nerveuse. Compl\u00e9ment premium pour usage quotidien.","robots":{"index":"index","follow":"follow","max-snippet":"max-snippet:-1","max-image-preview":"max-image-preview:large","max-video-preview":"max-video-preview:-1"},"canonical":"https:\/\/vitablanca.ma\/en\/product\/now-foods-vitamine-b-6-100-mg-250-gelules-vegetales-maroc-prix\/","og_locale":"en_US","og_type":"article","og_title":"Now Foods Vitamine B6 100\u202fmg \u2013 250 G\u00e9lules - Maroc Prix","og_description":"Now Foods Vitamine B6 100\u202fmg \u2013 250 g\u00e9lules v\u00e9g\u00e9tales. Soutien m\u00e9tabolisme, \u00e9nergie, humeur et sant\u00e9 nerveuse. Compl\u00e9ment premium pour usage quotidien.","og_url":"https:\/\/vitablanca.ma\/en\/product\/now-foods-vitamine-b-6-100-mg-250-gelules-vegetales-maroc-prix\/","og_site_name":"Vitablanca.ma &ndash; Sant&eacute;, vitalit&eacute; et bien-&ecirc;tre pour tous les Marocains","article_publisher":"https:\/\/www.facebook.com\/profile.php?id=61576678196717","article_modified_time":"2025-12-16T19:28:37+00:00","og_image":[{"width":680,"height":680,"url":"https:\/\/vitablanca.ma\/wp-content\/uploads\/2025\/12\/now-foods-vitamine-b-6-100-mg-250-gelules-vegetales.jpg","type":"image\/jpeg"}],"twitter_card":"summary_large_image","twitter_misc":{"Est. reading time":"1 minute"},"schema":{"@context":"https:\/\/schema.org","@graph":[{"@type":["WebPage","ItemPage"],"@id":"https:\/\/vitablanca.ma\/produit\/now-foods-vitamine-b-6-100-mg-250-gelules-vegetales-maroc-prix\/","url":"https:\/\/vitablanca.ma\/produit\/now-foods-vitamine-b-6-100-mg-250-gelules-vegetales-maroc-prix\/","name":"Now Foods Vitamine B6 100\u202fmg \u2013 250 G\u00e9lules - Maroc Prix","isPartOf":{"@id":"https:\/\/vitablanca.ma\/#website"},"primaryImageOfPage":{"@id":"https:\/\/vitablanca.ma\/produit\/now-foods-vitamine-b-6-100-mg-250-gelules-vegetales-maroc-prix\/#primaryimage"},"image":{"@id":"https:\/\/vitablanca.ma\/produit\/now-foods-vitamine-b-6-100-mg-250-gelules-vegetales-maroc-prix\/#primaryimage"},"thumbnailUrl":"https:\/\/vitablanca.ma\/wp-content\/uploads\/2025\/12\/now-foods-vitamine-b-6-100-mg-250-gelules-vegetales.jpg","datePublished":"2025-12-03T00:57:56+00:00","dateModified":"2025-12-16T19:28:37+00:00","description":"Now Foods Vitamine B6 100\u202fmg \u2013 250 g\u00e9lules v\u00e9g\u00e9tales. Soutien m\u00e9tabolisme, \u00e9nergie, humeur et sant\u00e9 nerveuse. Compl\u00e9ment premium pour usage quotidien.","breadcrumb":{"@id":"https:\/\/vitablanca.ma\/produit\/now-foods-vitamine-b-6-100-mg-250-gelules-vegetales-maroc-prix\/#breadcrumb"},"inLanguage":"en-US","potentialAction":[{"@type":"ReadAction","target":["https:\/\/vitablanca.ma\/produit\/now-foods-vitamine-b-6-100-mg-250-gelules-vegetales-maroc-prix\/"]}]},{"@type":"ImageObject","inLanguage":"en-US","@id":"https:\/\/vitablanca.ma\/produit\/now-foods-vitamine-b-6-100-mg-250-gelules-vegetales-maroc-prix\/#primaryimage","url":"https:\/\/vitablanca.ma\/wp-content\/uploads\/2025\/12\/now-foods-vitamine-b-6-100-mg-250-gelules-vegetales.jpg","contentUrl":"https:\/\/vitablanca.ma\/wp-content\/uploads\/2025\/12\/now-foods-vitamine-b-6-100-mg-250-gelules-vegetales.jpg","width":680,"height":680},{"@type":"BreadcrumbList","@id":"https:\/\/vitablanca.ma\/produit\/now-foods-vitamine-b-6-100-mg-250-gelules-vegetales-maroc-prix\/#breadcrumb","itemListElement":[{"@type":"ListItem","position":1,"name":"Home","item":"https:\/\/vitablanca.ma\/"},{"@type":"ListItem","position":2,"name":"Tous Les Produits","item":"https:\/\/vitablanca.ma\/tous-les-produits\/"},{"@type":"ListItem","position":3,"name":"Now Foods Vitamine B-6, 100 mg, 250 g\u00e9lules v\u00e9g\u00e9tales"}]},{"@type":"WebSite","@id":"https:\/\/vitablanca.ma\/#website","url":"https:\/\/vitablanca.ma\/","name":"VitaBlanca.ma | Food supplements, health &amp; beauty in Morocco","description":"sell premium vitamins and supplements from USA &amp; Canada, New Zealand, Morocco (NOW Foods, Solgar, Manuka). Fast delivery anywhere in Morocco.","publisher":{"@id":"https:\/\/vitablanca.ma\/#organization"},"alternateName":"VitaBlanca.ma","potentialAction":[{"@type":"SearchAction","target":{"@type":"EntryPoint","urlTemplate":"https:\/\/vitablanca.ma\/?s={search_term_string}"},"query-input":{"@type":"PropertyValueSpecification","valueRequired":true,"valueName":"search_term_string"}}],"inLanguage":"en-US"},{"@type":"Organization","@id":"https:\/\/vitablanca.ma\/#organization","name":"VitaBlanca","url":"https:\/\/vitablanca.ma\/","logo":{"@type":"ImageObject","inLanguage":"en-US","@id":"https:\/\/vitablanca.ma\/#\/schema\/logo\/image\/","url":"https:\/\/vitablanca.ma\/wp-content\/uploads\/2025\/05\/cropped-vitablanca.png","contentUrl":"https:\/\/vitablanca.ma\/wp-content\/uploads\/2025\/05\/cropped-vitablanca.png","width":360,"height":67,"caption":"VitaBlanca"},"image":{"@id":"https:\/\/vitablanca.ma\/#\/schema\/logo\/image\/"},"sameAs":["https:\/\/www.facebook.com\/profile.php?id=61576678196717","https:\/\/www.tiktok.com\/@vitablanca.ma","https:\/\/www.instagram.com\/vitablanca.ma\/"]}]}},"jetpack_sharing_enabled":true,"_links":{"self":[{"href":"https:\/\/vitablanca.ma\/en\/wp-json\/wp\/v2\/product\/27118","targetHints":{"allow":["GET"]}}],"collection":[{"href":"https:\/\/vitablanca.ma\/en\/wp-json\/wp\/v2\/product"}],"about":[{"href":"https:\/\/vitablanca.ma\/en\/wp-json\/wp\/v2\/types\/product"}],"wp:featuredmedia":[{"embeddable":true,"href":"https:\/\/vitablanca.ma\/en\/wp-json\/wp\/v2\/media\/27120"}],"wp:attachment":[{"href":"https:\/\/vitablanca.ma\/en\/wp-json\/wp\/v2\/media?parent=27118"}],"wp:term":[{"taxonomy":"product_brand","embeddable":true,"href":"https:\/\/vitablanca.ma\/en\/wp-json\/wp\/v2\/product_brand?post=27118"},{"taxonomy":"product_cat","embeddable":true,"href":"https:\/\/vitablanca.ma\/en\/wp-json\/wp\/v2\/product_cat?post=27118"},{"taxonomy":"product_tag","embeddable":true,"href":"https:\/\/vitablanca.ma\/en\/wp-json\/wp\/v2\/product_tag?post=27118"}],"curies":[{"name":"wp","href":"https:\/\/api.w.org\/{rel}","templated":true}]}}